{"id":10205,"date":"2024-04-14T13:00:42","date_gmt":"2024-04-14T11:00:42","guid":{"rendered":"https:\/\/snowwhitemuseum.com\/?page_id=10205"},"modified":"2025-02-17T19:36:20","modified_gmt":"2025-02-17T18:36:20","slug":"ben-sharpsteen","status":"publish","type":"page","link":"https:\/\/snowwhitemuseum.com\/fr\/about-the-film\/main-titles\/ben-sharpsteen\/","title":{"rendered":"Ben Sharpsteen"},"content":{"rendered":"<style>.wp-block-kadence-column.kb-section-dir-horizontal > .kt-inside-inner-col > .kt-info-box10205_e0e162-4e .kt-blocks-info-box-link-wrap{max-width:unset;}.kt-info-box10205_e0e162-4e .kt-blocks-info-box-link-wrap{padding-top:var(--global-kb-spacing-xs, 1rem);padding-right:var(--global-kb-spacing-xs, 1rem);padding-bottom:var(--global-kb-spacing-xs, 1rem);padding-left:var(--global-kb-spacing-xs, 1rem);}.kt-info-box10205_e0e162-4e .kadence-info-box-icon-container .kt-info-svg-icon, .kt-info-box10205_e0e162-4e .kt-info-svg-icon-flip, .kt-info-box10205_e0e162-4e .kt-blocks-info-box-number{font-size:50px;}.kt-info-box10205_e0e162-4e .kt-blocks-info-box-media{border-top-width:0px;border-right-width:0px;border-bottom-width:0px;border-left-width:0px;padding-top:10px;padding-right:10px;padding-bottom:10px;padding-left:10px;}.kt-info-box10205_e0e162-4e .kt-blocks-info-box-media-container{margin-top:0px;margin-right:15px;margin-bottom:0px;margin-left:15px;}.kt-info-box10205_e0e162-4e .kt-blocks-info-box-learnmore{background:transparent;border-width:0px 0px 0px 0px;padding-top:4px;padding-right:8px;padding-bottom:4px;padding-left:8px;margin-top:10px;margin-right:0px;margin-bottom:10px;margin-left:0px;}<\/style>\n<div class=\"wp-block-kadence-infobox kt-info-box10205_e0e162-4e\"><div class=\"kt-blocks-info-box-link-wrap kt-blocks-info-box-media-align-top kt-info-halign-center\"><div class=\"kt-blocks-info-box-media-container\"><div class=\"kt-blocks-info-box-media kt-info-media-animate-none\"><div class=\"kadence-info-box-icon-container kt-info-icon-animate-none\"><div class=\"kadence-info-box-icon-inner-container\"><span class=\"kb-svg-icon-wrap kb-svg-icon-fe_clipboard kt-info-svg-icon\"><svg viewbox=\"0 0 24 24\"  fill=\"none\" stroke=\"currentColor\" stroke-width=\"2\" stroke-linecap=\"round\" stroke-linejoin=\"round\" xmlns=\"http:\/\/www.w3.org\/2000\/svg\"  aria-hidden=\"true\"><path d=\"M16 4h2a2 2 0 0 1 2 2v14a2 2 0 0 1-2 2H6a2 2 0 0 1-2-2V6a2 2 0 0 1 2-2h2\"\/><rect x=\"8\" y=\"2\" width=\"8\" height=\"4\" rx=\"1\" ry=\"1\"\/><\/svg><\/span><\/div><\/div><\/div><\/div><div class=\"kt-infobox-textcontent\"><h2 class=\"kt-blocks-info-box-title\">Information<\/h2><p class=\"kt-blocks-info-box-text\"><strong>Nom complet :<\/strong> Benjamin Luther Sharpsteen<br><strong>Naissance :<\/strong> 4 novembre 1985 \u00e0 Tacoma, Washington<br><strong>Mort :<\/strong> 20 d\u00e9cembre 1980 \u00e0 Calistoga, Californie<br><br>A travaill\u00e9 au studio Disney entre :<br>March 1929 &#8211; 1959<br><br><strong>Travail sur <em>Blanche Neige :<\/em><\/strong><br>R\u00e9alisation des s\u00e9quences <a href=\"https:\/\/snowwhitemuseum.com\/fr\/images\/production-art\/sequence-4b-dwarfs-march-home-from-the-mine\/\" title=\"Sequence 4B \u2013 Dwarfs March Home From the Mine\">4B<\/a>, <a href=\"https:\/\/snowwhitemuseum.com\/fr\/images\/production-art\/sequence-10b-queen-on-way-to-dwarfs-house\/\" title=\"Sequence 10B \u2013 Queen on Way to Dwarfs\u2019 House\">10B<\/a>, <a href=\"https:\/\/snowwhitemuseum.com\/fr\/images\/production-art\/sequence-11a-lodge-meeting\/\" title=\"Sequence 11A \u2013 Lodge Meeting\">11A<\/a>, <a href=\"https:\/\/snowwhitemuseum.com\/fr\/images\/production-art\/sequence-11b-bed-building\/\" title=\"S\u00e9quence 11B - Construction du lit\">11B<\/a>, <a href=\"https:\/\/snowwhitemuseum.com\/fr\/images\/production-art\/sequence-14b-dwarfs-at-mine-animals-warn-them\/\" title=\"Sequence 14B \u2013 Dwarfs at Mine \u2013 Animals Warn Them\">14B<\/a>, <a href=\"https:\/\/snowwhitemuseum.com\/fr\/images\/production-art\/sequence-14e-dwarfs-start-for-house-to-rescue-snow-white-meet-turtle\/\" title=\"Sequence 14E \u2013 Dwarfs Start for House to Rescue  Snow White \u2013 Meet Turtle\">14E<\/a>, <a href=\"https:\/\/snowwhitemuseum.com\/fr\/images\/production-art\/sequence-14g-dwarfs-on-way-to-house\/\" title=\"Sequence 14G \u2013 Dwarfs on Way to House\">14G<\/a>, <a href=\"https:\/\/snowwhitemuseum.com\/fr\/images\/production-art\/sequence-14j-dwarfs-chase-the-queen\/\" title=\"Sequence 14J \u2013 Dwarfs Chase the Queen\">14J<\/a>.<br><br><a href=\"https:\/\/snowwhitemuseum.com\/fr\/about-the-film\/main-titles\/\">Retour au G\u00e9n\u00e9rique<\/a><\/p><\/div><\/div><\/div>\n\n\n<style>.kb-row-layout-id10205_93bb66-8f > .kt-row-column-wrap{align-content:start;}:where(.kb-row-layout-id10205_93bb66-8f > .kt-row-column-wrap) > .wp-block-kadence-column{justify-content:start;}.kb-row-layout-id10205_93bb66-8f > .kt-row-column-wrap{column-gap:var(--global-kb-gap-md, 2rem);row-gap:var(--global-kb-gap-md, 2rem);padding-top:var(--global-kb-spacing-sm, 1.5rem);padding-bottom:var(--global-kb-spacing-sm, 1.5rem);grid-template-columns:minmax(0, 1fr) minmax(0, 2fr);}.kb-row-layout-id10205_93bb66-8f > .kt-row-layout-overlay{opacity:0.30;}@media all and (max-width: 1024px){.kb-row-layout-id10205_93bb66-8f > .kt-row-column-wrap{grid-template-columns:minmax(0, 1fr) minmax(0, 2fr);}}@media all and (max-width: 767px){.kb-row-layout-id10205_93bb66-8f > .kt-row-column-wrap{grid-template-columns:minmax(0, 1fr);}}<\/style><div class=\"kb-row-layout-wrap kb-row-layout-id10205_93bb66-8f alignnone wp-block-kadence-rowlayout\"><div class=\"kt-row-column-wrap kt-has-2-columns kt-row-layout-right-golden kt-tab-layout-inherit kt-mobile-layout-row kt-row-valign-top\">\n<style>.kadence-column10205_3c60c9-34 > .kt-inside-inner-col,.kadence-column10205_3c60c9-34 > .kt-inside-inner-col:before{border-top-left-radius:0px;border-top-right-radius:0px;border-bottom-right-radius:0px;border-bottom-left-radius:0px;}.kadence-column10205_3c60c9-34 > .kt-inside-inner-col{column-gap:var(--global-kb-gap-sm, 1rem);}.kadence-column10205_3c60c9-34 > .kt-inside-inner-col{flex-direction:column;}.kadence-column10205_3c60c9-34 > .kt-inside-inner-col > .aligncenter{width:100%;}.kadence-column10205_3c60c9-34 > .kt-inside-inner-col:before{opacity:0.3;}.kadence-column10205_3c60c9-34{position:relative;}@media all and (max-width: 1024px){.kadence-column10205_3c60c9-34 > .kt-inside-inner-col{flex-direction:column;justify-content:center;}}@media all and (max-width: 767px){.kadence-column10205_3c60c9-34 > .kt-inside-inner-col{flex-direction:column;justify-content:center;}}<\/style>\n<div class=\"wp-block-kadence-column kadence-column10205_3c60c9-34\"><div class=\"kt-inside-inner-col\">\n<figure class=\"wp-block-image size-full\"><img loading=\"lazy\" decoding=\"async\" width=\"480\" height=\"570\" src=\"https:\/\/snowwhitemuseum.com\/wp-content\/uploads\/2024\/04\/Ben-Sharpsteen-Portrait.jpg\" alt=\"\" class=\"wp-image-10231\" srcset=\"https:\/\/snowwhitemuseum.com\/wp-content\/uploads\/2024\/04\/Ben-Sharpsteen-Portrait.jpg 480w, https:\/\/snowwhitemuseum.com\/wp-content\/uploads\/2024\/04\/Ben-Sharpsteen-Portrait-253x300.jpg 253w, https:\/\/snowwhitemuseum.com\/wp-content\/uploads\/2024\/04\/Ben-Sharpsteen-Portrait-10x12.jpg 10w\" sizes=\"auto, (max-width: 480px) 100vw, 480px\" \/><\/figure>\n<\/div><\/div>\n\n\n<style>.kadence-column10205_2d561f-3b > .kt-inside-inner-col,.kadence-column10205_2d561f-3b > .kt-inside-inner-col:before{border-top-left-radius:0px;border-top-right-radius:0px;border-bottom-right-radius:0px;border-bottom-left-radius:0px;}.kadence-column10205_2d561f-3b > .kt-inside-inner-col{column-gap:var(--global-kb-gap-sm, 1rem);}.kadence-column10205_2d561f-3b > .kt-inside-inner-col{flex-direction:column;}.kadence-column10205_2d561f-3b > .kt-inside-inner-col > .aligncenter{width:100%;}.kadence-column10205_2d561f-3b > .kt-inside-inner-col:before{opacity:0.3;}.kadence-column10205_2d561f-3b{position:relative;}@media all and (max-width: 1024px){.kadence-column10205_2d561f-3b > .kt-inside-inner-col{flex-direction:column;justify-content:center;}}@media all and (max-width: 767px){.kadence-column10205_2d561f-3b > .kt-inside-inner-col{flex-direction:column;justify-content:center;}}<\/style>\n<div class=\"wp-block-kadence-column kadence-column10205_2d561f-3b\"><div class=\"kt-inside-inner-col\">\n<p>Ben Sharpsteen sort dipl\u00f4m\u00e9 du lyc\u00e9e d\u2019Alameda en 1914, puis il passe deux ans \u00e0 l'universit\u00e9 de Californie, o\u00f9 il se sp\u00e9cialise dans l'agriculture. Apr\u00e8s l'arm\u00e9e, il travaille comme animateur \u00e0 New York de 1919 \u00e0 1922 pour Hearst International Film Service, puis comme artiste pour l'Oakland Tribune, avant de revenir \u00e0 l'animation pour Max Fleischer en 1926.<\/p>\n\n\n\n<p>Il d\u00e9bute au studio Disney comme animateur de 1929 \u00e0 1934. Il passe ensuite \u00e0 la r\u00e9alisation de courts m\u00e9trages, puis devient chef de s\u00e9quence sur <em>Blanche Neige et les sept nains<\/em> et superviseur sur <em>Pinocchio<\/em>. Ses fonctions de r\u00e9alisateur se doublent de celles de producteur, \u00e0 partir de <em>Fantasia<\/em>. Dans les ann\u00e9es 1950, il r\u00e9alise et produit des documentaires et <em>Portugal<\/em> est m\u00eame nomm\u00e9 aux Oscars.<\/p>\n\n\n\n<p>Pour <em>Blanche Neige<\/em>, il r\u00e9alise 8 s\u00e9quences, dont deux sont \u00e9cart\u00e9es. Toutes impliquent les nains, \u00e0 commencer par la l\u00e9gendaire s\u00e9quence o\u00f9 les petits hommes chantent Heigh Ho, jusqu'\u00e0 la construction du lit et la poursuite de la Reine.<\/p>\n\n\n\n<p>Lors d'une interview, Ben a r\u00e9v\u00e9l\u00e9 qu'il avait \u00e9t\u00e9 question d'utiliser Simplet dans la s\u00e9quence de l'Apprenti sorcier de <em>Fantasia<\/em>, mais que Walt ne voulait pas utiliser les personnages de <em>Blanche Neige<\/em> \u00e0 l'\u00e9poque.<\/p>\n\n\n\n<p>Une salle est sp\u00e9cialement consacr\u00e9e \u00e0 sa collaboration avec Walt Disney au <a href=\"https:\/\/www.sharpsteenmuseum.org\/\" target=\"_blank\" rel=\"noopener nofollow\" title=\"\">mus\u00e9e Sharpsteen<\/a> de Calistoga, dans la vall\u00e9e de Napa.<\/p>\n<\/div><\/div>\n\n<\/div><\/div>\n\n\n<figure class=\"wp-block-pullquote\"><blockquote><p>Nous avons entendu dire que de <em>vrais<\/em> animateurs allaient venir de New York, et nous avons r\u00e9fl\u00e9chi \u00e0 la question. Le premier \u00e0 arriver \u00e9tait Ben Sharpsteen.<\/p><cite>Wilfred Jackson<\/cite><\/blockquote><\/figure>","protected":false},"excerpt":{"rendered":"<p>Ben Sharpsteen graduated from Alameda High School in 1914, then spent two years at the University of California with a major in agriculture. Yet, after the army, he worked as an animator in New York City from 1919 to 1922 for Hearst International Film Service, and then as an artist for the Oakland Tribune, and&#8230;<\/p>","protected":false},"author":1,"featured_media":10230,"parent":1655,"menu_order":0,"comment_status":"closed","ping_status":"closed","template":"","meta":{"_kadence_starter_templates_imported_post":false,"_kad_post_transparent":"","_kad_post_title":"","_kad_post_layout":"","_kad_post_sidebar_id":"","_kad_post_content_style":"","_kad_post_vertical_padding":"","_kad_post_feature":"","_kad_post_feature_position":"","_kad_post_header":false,"_kad_post_footer":false,"_kad_post_classname":"","footnotes":""},"class_list":["post-10205","page","type-page","status-publish","has-post-thumbnail","hentry"],"aioseo_notices":[],"_links":{"self":[{"href":"https:\/\/snowwhitemuseum.com\/fr\/wp-json\/wp\/v2\/pages\/10205","targetHints":{"allow":["GET"]}}],"collection":[{"href":"https:\/\/snowwhitemuseum.com\/fr\/wp-json\/wp\/v2\/pages"}],"about":[{"href":"https:\/\/snowwhitemuseum.com\/fr\/wp-json\/wp\/v2\/types\/page"}],"author":[{"embeddable":true,"href":"https:\/\/snowwhitemuseum.com\/fr\/wp-json\/wp\/v2\/users\/1"}],"replies":[{"embeddable":true,"href":"https:\/\/snowwhitemuseum.com\/fr\/wp-json\/wp\/v2\/comments?post=10205"}],"version-history":[{"count":15,"href":"https:\/\/snowwhitemuseum.com\/fr\/wp-json\/wp\/v2\/pages\/10205\/revisions"}],"predecessor-version":[{"id":14356,"href":"https:\/\/snowwhitemuseum.com\/fr\/wp-json\/wp\/v2\/pages\/10205\/revisions\/14356"}],"up":[{"embeddable":true,"href":"https:\/\/snowwhitemuseum.com\/fr\/wp-json\/wp\/v2\/pages\/1655"}],"wp:featuredmedia":[{"embeddable":true,"href":"https:\/\/snowwhitemuseum.com\/fr\/wp-json\/wp\/v2\/media\/10230"}],"wp:attachment":[{"href":"https:\/\/snowwhitemuseum.com\/fr\/wp-json\/wp\/v2\/media?parent=10205"}],"curies":[{"name":"wp","href":"https:\/\/api.w.org\/{rel}","templated":true}]}}