{"id":10668,"date":"2024-05-27T22:03:29","date_gmt":"2024-05-27T20:03:29","guid":{"rendered":"https:\/\/snowwhitemuseum.com\/?page_id=10668"},"modified":"2025-07-15T08:48:20","modified_gmt":"2025-07-15T06:48:20","slug":"british-sheet-music-heigh-ho","status":"publish","type":"page","link":"https:\/\/snowwhitemuseum.com\/fr\/merchandising\/sheet-music\/british-sheet-music\/british-sheet-music-heigh-ho\/","title":{"rendered":"Partitions britanniques \"Heigh-Ho\""},"content":{"rendered":"<style>.wp-block-kadence-advancedbtn.kb-btns10668_a04d48-dd{gap:var(--global-kb-gap-xs, 0.5rem );justify-content:center;align-items:center;}.kt-btns10668_a04d48-dd .kt-button{font-weight:normal;font-style:normal;}.kt-btns10668_a04d48-dd .kt-btn-wrap-0{margin-right:5px;}.wp-block-kadence-advancedbtn.kt-btns10668_a04d48-dd .kt-btn-wrap-0 .kt-button{color:#555555;border-color:#555555;}.wp-block-kadence-advancedbtn.kt-btns10668_a04d48-dd .kt-btn-wrap-0 .kt-button:hover, .wp-block-kadence-advancedbtn.kt-btns10668_a04d48-dd .kt-btn-wrap-0 .kt-button:focus{color:#ffffff;border-color:#444444;}.wp-block-kadence-advancedbtn.kt-btns10668_a04d48-dd .kt-btn-wrap-0 .kt-button::before{display:none;}.wp-block-kadence-advancedbtn.kt-btns10668_a04d48-dd .kt-btn-wrap-0 .kt-button:hover, .wp-block-kadence-advancedbtn.kt-btns10668_a04d48-dd .kt-btn-wrap-0 .kt-button:focus{background:#444444;}<\/style>\n<div class=\"wp-block-kadence-advancedbtn kb-buttons-wrap kb-btns10668_a04d48-dd\"><style>ul.menu .wp-block-kadence-advancedbtn .kb-btn10668_7be76b-3b.kb-button{width:initial;}<\/style><a class=\"kb-button kt-button button kb-btn10668_7be76b-3b kt-btn-size-standard kt-btn-width-type-auto kb-btn-global-fill  kt-btn-has-text-true kt-btn-has-svg-false  wp-block-kadence-singlebtn\" href=\"https:\/\/snowwhitemuseum.com\/fr\/merchandising\/sheet-music\/british-sheet-music\/\"><span class=\"kt-btn-inner-text\">Retour aux partitions britanniques<\/span><\/a><\/div>\n\n\n<style>.kb-row-layout-id10668_a2465b-db > .kt-row-column-wrap{align-content:start;}:where(.kb-row-layout-id10668_a2465b-db > .kt-row-column-wrap) > .wp-block-kadence-column{justify-content:start;}.kb-row-layout-id10668_a2465b-db > .kt-row-column-wrap{column-gap:var(--global-kb-gap-md, 2rem);row-gap:var(--global-kb-gap-md, 2rem);padding-top:var(--global-kb-spacing-sm, 1.5rem);padding-bottom:var(--global-kb-spacing-sm, 1.5rem);grid-template-columns:minmax(0, 1fr) minmax(0, 2fr);}.kb-row-layout-id10668_a2465b-db > .kt-row-layout-overlay{opacity:0.30;}@media all and (max-width: 1024px){.kb-row-layout-id10668_a2465b-db > .kt-row-column-wrap{grid-template-columns:minmax(0, 1fr) minmax(0, 2fr);}}@media all and (max-width: 767px){.kb-row-layout-id10668_a2465b-db > .kt-row-column-wrap{grid-template-columns:minmax(0, 1fr);}}<\/style><div class=\"kb-row-layout-wrap kb-row-layout-id10668_a2465b-db alignnone wp-block-kadence-rowlayout\"><div class=\"kt-row-column-wrap kt-has-2-columns kt-row-layout-right-golden kt-tab-layout-inherit kt-mobile-layout-row kt-row-valign-top\">\n<style>.kadence-column10668_82535f-26 > .kt-inside-inner-col,.kadence-column10668_82535f-26 > .kt-inside-inner-col:before{border-top-left-radius:0px;border-top-right-radius:0px;border-bottom-right-radius:0px;border-bottom-left-radius:0px;}.kadence-column10668_82535f-26 > .kt-inside-inner-col{column-gap:var(--global-kb-gap-sm, 1rem);}.kadence-column10668_82535f-26 > .kt-inside-inner-col{flex-direction:column;}.kadence-column10668_82535f-26 > .kt-inside-inner-col > .aligncenter{width:100%;}.kadence-column10668_82535f-26 > .kt-inside-inner-col:before{opacity:0.3;}.kadence-column10668_82535f-26{position:relative;}@media all and (max-width: 1024px){.kadence-column10668_82535f-26 > .kt-inside-inner-col{flex-direction:column;justify-content:center;}}@media all and (max-width: 767px){.kadence-column10668_82535f-26 > .kt-inside-inner-col{flex-direction:column;justify-content:center;}}<\/style>\n<div class=\"wp-block-kadence-column kadence-column10668_82535f-26\"><div class=\"kt-inside-inner-col\">\n<figure class=\"wp-block-image size-full\"><img loading=\"lazy\" decoding=\"async\" width=\"594\" height=\"753\" src=\"https:\/\/snowwhitemuseum.com\/wp-content\/uploads\/2024\/05\/1938-UK-sheet-music-heigh-ho-01.jpg\" alt=\"\" class=\"wp-image-10669\" srcset=\"https:\/\/snowwhitemuseum.com\/wp-content\/uploads\/2024\/05\/1938-UK-sheet-music-heigh-ho-01.jpg 594w, https:\/\/snowwhitemuseum.com\/wp-content\/uploads\/2024\/05\/1938-UK-sheet-music-heigh-ho-01-237x300.jpg 237w, https:\/\/snowwhitemuseum.com\/wp-content\/uploads\/2024\/05\/1938-UK-sheet-music-heigh-ho-01-9x12.jpg 9w\" sizes=\"auto, (max-width: 594px) 100vw, 594px\" \/><\/figure>\n<\/div><\/div>\n\n\n<style>.kadence-column10668_e022e5-6c > .kt-inside-inner-col,.kadence-column10668_e022e5-6c > .kt-inside-inner-col:before{border-top-left-radius:0px;border-top-right-radius:0px;border-bottom-right-radius:0px;border-bottom-left-radius:0px;}.kadence-column10668_e022e5-6c > .kt-inside-inner-col{column-gap:var(--global-kb-gap-sm, 1rem);}.kadence-column10668_e022e5-6c > .kt-inside-inner-col{flex-direction:column;}.kadence-column10668_e022e5-6c > .kt-inside-inner-col > .aligncenter{width:100%;}.kadence-column10668_e022e5-6c > .kt-inside-inner-col:before{opacity:0.3;}.kadence-column10668_e022e5-6c{position:relative;}@media all and (max-width: 1024px){.kadence-column10668_e022e5-6c > .kt-inside-inner-col{flex-direction:column;justify-content:center;}}@media all and (max-width: 767px){.kadence-column10668_e022e5-6c > .kt-inside-inner-col{flex-direction:column;justify-content:center;}}<\/style>\n<div class=\"wp-block-kadence-column kadence-column10668_e022e5-6c\"><div class=\"kt-inside-inner-col\">\n<p>Ce feuillet est l'\u00e9dition britannique de la partition de la chanson \"Heigh Ho\" publi\u00e9 par Chappell &amp; Co LTD, division d'Irving Berlin Inc. en 1937 et compos\u00e9 par <a href=\"https:\/\/snowwhitemuseum.com\/fr\/about-the-film\/main-titles\/frank-churchill\/\" title=\"Frank Churchill\">Frank Churchill<\/a> pour la musique et <a href=\"https:\/\/snowwhitemuseum.com\/fr\/about-the-film\/main-titles\/larry-morey\/\" title=\"Larry Morey\">Larry Morey<\/a> pour les paroles.<\/p>\n\n\n\n<p>Contrairement \u00e0 la version am\u00e9ricaine, la couverture reprend l'illustration d'une affiche du film par <a href=\"https:\/\/snowwhitemuseum.com\/fr\/about-the-film\/main-titles\/gustaf-tenggren\/\" title=\"Gustaf Tenggren\">Gustaf Tenggren<\/a>. Il s'agit de la deuxi\u00e8me chanson du film apr\u00e8s One Song dans la num\u00e9rotation des partitions dont on trouve une liste sur la couverture : chaque feuillet co\u00fbte une livre et le recueil co\u00fbte 2.6 livres. Le tampon sur mon exemplaire atteste d'une distribution en Irlande. Sur la quatri\u00e8me de couverture, on incite \u00e0 acheter des partitions des chansons des Silly Symphonies.<\/p>\n<\/div><\/div>\n\n<\/div><\/div>\n\n<style>.kb-row-layout-id10668_c7dfaf-b8 > .kt-row-column-wrap{align-content:start;}:where(.kb-row-layout-id10668_c7dfaf-b8 > .kt-row-column-wrap) > .wp-block-kadence-column{justify-content:start;}.kb-row-layout-id10668_c7dfaf-b8 > .kt-row-column-wrap{column-gap:var(--global-kb-gap-md, 2rem);row-gap:var(--global-kb-gap-md, 2rem);padding-top:var(--global-kb-spacing-sm, 1.5rem);padding-bottom:var(--global-kb-spacing-sm, 1.5rem);}.kb-row-layout-id10668_c7dfaf-b8 > .kt-row-column-wrap > div:not(.added-for-specificity){grid-column:initial;}.kb-row-layout-id10668_c7dfaf-b8 > .kt-row-column-wrap{grid-template-columns:minmax(0, 1fr) minmax(0, 3fr) minmax(0, 1fr);}.kb-row-layout-id10668_c7dfaf-b8 > .kt-row-layout-overlay{opacity:0.30;}@media all and (max-width: 1024px){.kb-row-layout-id10668_c7dfaf-b8 > .kt-row-column-wrap > div:not(.added-for-specificity){grid-column:initial;}}@media all and (max-width: 1024px){.kb-row-layout-id10668_c7dfaf-b8 > .kt-row-column-wrap{grid-template-columns:minmax(0, 1fr) minmax(0, 3fr) minmax(0, 1fr);}}@media all and (max-width: 767px){.kb-row-layout-id10668_c7dfaf-b8 > .kt-row-column-wrap > div:not(.added-for-specificity){grid-column:initial;}.kb-row-layout-id10668_c7dfaf-b8 > .kt-row-column-wrap{grid-template-columns:minmax(0, 1fr);}}<\/style><div class=\"kb-row-layout-wrap kb-row-layout-id10668_c7dfaf-b8 alignnone wp-block-kadence-rowlayout\"><div class=\"kt-row-column-wrap kt-has-3-columns kt-row-layout-center-wide kt-tab-layout-inherit kt-mobile-layout-row kt-row-valign-top\">\n<style>.kadence-column10668_f32efe-b2 > .kt-inside-inner-col,.kadence-column10668_f32efe-b2 > .kt-inside-inner-col:before{border-top-left-radius:0px;border-top-right-radius:0px;border-bottom-right-radius:0px;border-bottom-left-radius:0px;}.kadence-column10668_f32efe-b2 > .kt-inside-inner-col{column-gap:var(--global-kb-gap-sm, 1rem);}.kadence-column10668_f32efe-b2 > .kt-inside-inner-col{flex-direction:column;}.kadence-column10668_f32efe-b2 > .kt-inside-inner-col > .aligncenter{width:100%;}.kadence-column10668_f32efe-b2 > .kt-inside-inner-col:before{opacity:0.3;}.kadence-column10668_f32efe-b2{position:relative;}@media all and (max-width: 1024px){.kadence-column10668_f32efe-b2 > .kt-inside-inner-col{flex-direction:column;justify-content:center;}}@media all and (max-width: 767px){.kadence-column10668_f32efe-b2 > .kt-inside-inner-col{flex-direction:column;justify-content:center;}}<\/style>\n<div class=\"wp-block-kadence-column kadence-column10668_f32efe-b2\"><div class=\"kt-inside-inner-col\"><\/div><\/div>\n\n\n<style>.kadence-column10668_fc4fa9-2d > .kt-inside-inner-col,.kadence-column10668_fc4fa9-2d > .kt-inside-inner-col:before{border-top-left-radius:0px;border-top-right-radius:0px;border-bottom-right-radius:0px;border-bottom-left-radius:0px;}.kadence-column10668_fc4fa9-2d > .kt-inside-inner-col{column-gap:var(--global-kb-gap-sm, 1rem);}.kadence-column10668_fc4fa9-2d > .kt-inside-inner-col{flex-direction:column;}.kadence-column10668_fc4fa9-2d > .kt-inside-inner-col > .aligncenter{width:100%;}.kadence-column10668_fc4fa9-2d > .kt-inside-inner-col:before{opacity:0.3;}.kadence-column10668_fc4fa9-2d{position:relative;}@media all and (max-width: 1024px){.kadence-column10668_fc4fa9-2d > .kt-inside-inner-col{flex-direction:column;justify-content:center;}}@media all and (max-width: 767px){.kadence-column10668_fc4fa9-2d > .kt-inside-inner-col{flex-direction:column;justify-content:center;}}<\/style>\n<div class=\"wp-block-kadence-column kadence-column10668_fc4fa9-2d\"><div class=\"kt-inside-inner-col\"><style>.kb-gallery-id-10668_fd9c8f-ba .kadence-blocks-gallery-item .kb-gal-image-radius, .kb-gallery-id-10668_fd9c8f-ba .kb-slide-item .kb-gal-image-radius img{border-radius:0px 0px 0px 0px;;}.kb-gallery-wrap-id-10668_fd9c8f-ba.wp-block-kadence-advancedgallery{overflow:visible;}.kb-gallery-wrap-id-10668_fd9c8f-ba.wp-block-kadence-advancedgallery .kt-blocks-carousel{overflow:visible;}.kb-gallery-id-10668_fd9c8f-ba .splide.kt-carousel-dotstyle-light .splide__pagination__page, .kb-gallery-id-10668_fd9c8f-ba .splide.kt-carousel-dotstyle-light .splide__pagination__page.is-active{background-color:#fff;}<\/style><div class=\"kb-gallery-wrap-id-10668_fd9c8f-ba alignnone wp-block-kadence-advancedgallery\"><div class=\"kb-gallery-ul kb-gallery-non-static kb-gallery-type-slider kb-gallery-id-10668_fd9c8f-ba kb-gallery-caption-style-bottom-hover kb-gallery-filter-none kb-gallery-magnific-init\" data-image-filter=\"none\" data-lightbox-caption=\"true\"><div class=\"kt-blocks-carousel splide kt-carousel-container-dotstyle-light kt-carousel-arrowstyle-whiteondark kt-carousel-dotstyle-light kb-slider-group-arrow kb-slider-arrow-position-center\" data-slider-anim-speed=\"400\" data-slider-scroll=\"1\" data-slider-arrows=\"true\" data-slider-fade=\"true\" data-slider-dots=\"true\" data-slider-type=\"slider\" data-slider-hover-pause=\"false\" data-slider-auto=\"1\" data-slider-speed=\"7000\" data-show-pause-button=\"false\"><div class=\"splide__track\"><ul class=\"kt-blocks-carousel-init kb-blocks-slider splide__list\"><li class=\"kb-slide-item kb-gallery-slide-item splide__slide\"><div class=\"kadence-blocks-gallery-item\"><div class=\"kadence-blocks-gallery-item-inner\"><figure class=\"kb-gallery-figure kb-gallery-item-has-link kadence-blocks-gallery-item-hide-caption\"><a href=\"https:\/\/snowwhitemuseum.com\/wp-content\/uploads\/2024\/05\/1938-UK-sheet-music-heigh-ho-01.jpg\" class=\"kb-gallery-item-link\"   role=\"button\" aria-haspopup=\"dialog\"><div class=\"kb-gal-image-radius\"><div class=\"kb-gallery-image-contain kadence-blocks-gallery-intrinsic kb-gallery-image-ratio-inherit kb-has-image-ratio-inherit\" ><img loading=\"lazy\" decoding=\"async\" src=\"http:\/\/snowwhitemuseum.com\/wp-content\/uploads\/2023\/05\/page1-fr.png\"  data-splide-lazy=\"https:\/\/snowwhitemuseum.com\/wp-content\/uploads\/2024\/05\/1938-UK-sheet-music-heigh-ho-01.jpg\" width=\"594\" height=\"753\" alt=\"\" data-full-image=\"https:\/\/snowwhitemuseum.com\/wp-content\/uploads\/2024\/05\/1938-UK-sheet-music-heigh-ho-01.jpg\" data-light-image=\"https:\/\/snowwhitemuseum.com\/wp-content\/uploads\/2024\/05\/1938-UK-sheet-music-heigh-ho-01.jpg\" data-splide-lazy-srcset=\"https:\/\/snowwhitemuseum.com\/wp-content\/uploads\/2024\/05\/1938-UK-sheet-music-heigh-ho-01.jpg 594w, https:\/\/snowwhitemuseum.com\/wp-content\/uploads\/2024\/05\/1938-UK-sheet-music-heigh-ho-01-237x300.jpg 237w, https:\/\/snowwhitemuseum.com\/wp-content\/uploads\/2024\/05\/1938-UK-sheet-music-heigh-ho-01-9x12.jpg 9w\" sizes=\"auto, (max-width: 594px) 100vw, 594px\"data-id=\"10669\" class=\"wp-image-10669 skip-lazy\"\/><\/div><\/div><\/a><\/figure><\/div><\/div><\/li><li class=\"kb-slide-item kb-gallery-slide-item splide__slide\"><div class=\"kadence-blocks-gallery-item\"><div class=\"kadence-blocks-gallery-item-inner\"><figure class=\"kb-gallery-figure kb-gallery-item-has-link kadence-blocks-gallery-item-hide-caption\"><a href=\"https:\/\/snowwhitemuseum.com\/wp-content\/uploads\/2024\/05\/1938-UK-sheet-music-heigh-ho-02.jpg\" class=\"kb-gallery-item-link\"   role=\"button\" aria-haspopup=\"dialog\"><div class=\"kb-gal-image-radius\"><div class=\"kb-gallery-image-contain kadence-blocks-gallery-intrinsic kb-gallery-image-ratio-inherit kb-has-image-ratio-inherit\" ><img loading=\"lazy\" decoding=\"async\" src=\"http:\/\/snowwhitemuseum.com\/wp-content\/uploads\/2023\/05\/page1-fr.png\"  data-splide-lazy=\"https:\/\/snowwhitemuseum.com\/wp-content\/uploads\/2024\/05\/1938-UK-sheet-music-heigh-ho-02-1024x647.jpg\" width=\"1024\" height=\"647\" alt=\"\" data-full-image=\"https:\/\/snowwhitemuseum.com\/wp-content\/uploads\/2024\/05\/1938-UK-sheet-music-heigh-ho-02.jpg\" data-light-image=\"https:\/\/snowwhitemuseum.com\/wp-content\/uploads\/2024\/05\/1938-UK-sheet-music-heigh-ho-02.jpg\" data-splide-lazy-srcset=\"https:\/\/snowwhitemuseum.com\/wp-content\/uploads\/2024\/05\/1938-UK-sheet-music-heigh-ho-02-1024x647.jpg 1024w, https:\/\/snowwhitemuseum.com\/wp-content\/uploads\/2024\/05\/1938-UK-sheet-music-heigh-ho-02-300x190.jpg 300w, https:\/\/snowwhitemuseum.com\/wp-content\/uploads\/2024\/05\/1938-UK-sheet-music-heigh-ho-02-768x486.jpg 768w, https:\/\/snowwhitemuseum.com\/wp-content\/uploads\/2024\/05\/1938-UK-sheet-music-heigh-ho-02-18x12.jpg 18w, https:\/\/snowwhitemuseum.com\/wp-content\/uploads\/2024\/05\/1938-UK-sheet-music-heigh-ho-02.jpg 1191w\" sizes=\"auto, (max-width: 1024px) 100vw, 1024px\"data-id=\"10670\" class=\"wp-image-10670 skip-lazy\"\/><\/div><\/div><\/a><\/figure><\/div><\/div><\/li><li class=\"kb-slide-item kb-gallery-slide-item splide__slide\"><div class=\"kadence-blocks-gallery-item\"><div class=\"kadence-blocks-gallery-item-inner\"><figure class=\"kb-gallery-figure kb-gallery-item-has-link kadence-blocks-gallery-item-hide-caption\"><a href=\"https:\/\/snowwhitemuseum.com\/wp-content\/uploads\/2024\/05\/1938-UK-sheet-music-heigh-ho-03.jpg\" class=\"kb-gallery-item-link\"   role=\"button\" aria-haspopup=\"dialog\"><div class=\"kb-gal-image-radius\"><div class=\"kb-gallery-image-contain kadence-blocks-gallery-intrinsic kb-gallery-image-ratio-inherit kb-has-image-ratio-inherit\" ><img loading=\"lazy\" decoding=\"async\" src=\"http:\/\/snowwhitemuseum.com\/wp-content\/uploads\/2023\/05\/page1-fr.png\"  data-splide-lazy=\"https:\/\/snowwhitemuseum.com\/wp-content\/uploads\/2024\/05\/1938-UK-sheet-music-heigh-ho-03.jpg\" width=\"593\" height=\"753\" alt=\"\" data-full-image=\"https:\/\/snowwhitemuseum.com\/wp-content\/uploads\/2024\/05\/1938-UK-sheet-music-heigh-ho-03.jpg\" data-light-image=\"https:\/\/snowwhitemuseum.com\/wp-content\/uploads\/2024\/05\/1938-UK-sheet-music-heigh-ho-03.jpg\" data-splide-lazy-srcset=\"https:\/\/snowwhitemuseum.com\/wp-content\/uploads\/2024\/05\/1938-UK-sheet-music-heigh-ho-03.jpg 593w, https:\/\/snowwhitemuseum.com\/wp-content\/uploads\/2024\/05\/1938-UK-sheet-music-heigh-ho-03-236x300.jpg 236w, https:\/\/snowwhitemuseum.com\/wp-content\/uploads\/2024\/05\/1938-UK-sheet-music-heigh-ho-03-9x12.jpg 9w\" sizes=\"auto, (max-width: 593px) 100vw, 593px\"data-id=\"10671\" class=\"wp-image-10671 skip-lazy\"\/><\/div><\/div><\/a><\/figure><\/div><\/div><\/li><\/ul><\/div><\/div><\/div><\/div><\/div><\/div>\n\n\n<style>.kadence-column10668_63e3f0-e4 > .kt-inside-inner-col,.kadence-column10668_63e3f0-e4 > .kt-inside-inner-col:before{border-top-left-radius:0px;border-top-right-radius:0px;border-bottom-right-radius:0px;border-bottom-left-radius:0px;}.kadence-column10668_63e3f0-e4 > .kt-inside-inner-col{column-gap:var(--global-kb-gap-sm, 1rem);}.kadence-column10668_63e3f0-e4 > .kt-inside-inner-col{flex-direction:column;}.kadence-column10668_63e3f0-e4 > .kt-inside-inner-col > .aligncenter{width:100%;}.kadence-column10668_63e3f0-e4 > .kt-inside-inner-col:before{opacity:0.3;}.kadence-column10668_63e3f0-e4{position:relative;}@media all and (max-width: 1024px){.kadence-column10668_63e3f0-e4 > .kt-inside-inner-col{flex-direction:column;justify-content:center;}}@media all and (max-width: 767px){.kadence-column10668_63e3f0-e4 > .kt-inside-inner-col{flex-direction:column;justify-content:center;}}<\/style>\n<div class=\"wp-block-kadence-column kadence-column10668_63e3f0-e4\"><div class=\"kt-inside-inner-col\"><\/div><\/div>\n\n<\/div><\/div>","protected":false},"excerpt":{"rendered":"<p>This leaflet is the British edition of the sheet music for the song &#8220;Heigh Ho,&#8221; published by Chappell &amp; Co LTD, a division of Irving Berlin Inc. in 1937, composed by Frank Churchill for the music and Larry Morey for the lyrics. Unlike the American version, the cover features the illustration from a film poster&#8230;<\/p>","protected":false},"author":1,"featured_media":10669,"parent":8259,"menu_order":0,"comment_status":"closed","ping_status":"closed","template":"","meta":{"_kadence_starter_templates_imported_post":false,"_kad_post_transparent":"","_kad_post_title":"","_kad_post_layout":"","_kad_post_sidebar_id":"","_kad_post_content_style":"","_kad_post_vertical_padding":"","_kad_post_feature":"","_kad_post_feature_position":"","_kad_post_header":false,"_kad_post_footer":false,"_kad_post_classname":"","footnotes":""},"class_list":["post-10668","page","type-page","status-publish","has-post-thumbnail","hentry"],"aioseo_notices":[],"_links":{"self":[{"href":"https:\/\/snowwhitemuseum.com\/fr\/wp-json\/wp\/v2\/pages\/10668","targetHints":{"allow":["GET"]}}],"collection":[{"href":"https:\/\/snowwhitemuseum.com\/fr\/wp-json\/wp\/v2\/pages"}],"about":[{"href":"https:\/\/snowwhitemuseum.com\/fr\/wp-json\/wp\/v2\/types\/page"}],"author":[{"embeddable":true,"href":"https:\/\/snowwhitemuseum.com\/fr\/wp-json\/wp\/v2\/users\/1"}],"replies":[{"embeddable":true,"href":"https:\/\/snowwhitemuseum.com\/fr\/wp-json\/wp\/v2\/comments?post=10668"}],"version-history":[{"count":5,"href":"https:\/\/snowwhitemuseum.com\/fr\/wp-json\/wp\/v2\/pages\/10668\/revisions"}],"predecessor-version":[{"id":15852,"href":"https:\/\/snowwhitemuseum.com\/fr\/wp-json\/wp\/v2\/pages\/10668\/revisions\/15852"}],"up":[{"embeddable":true,"href":"https:\/\/snowwhitemuseum.com\/fr\/wp-json\/wp\/v2\/pages\/8259"}],"wp:featuredmedia":[{"embeddable":true,"href":"https:\/\/snowwhitemuseum.com\/fr\/wp-json\/wp\/v2\/media\/10669"}],"wp:attachment":[{"href":"https:\/\/snowwhitemuseum.com\/fr\/wp-json\/wp\/v2\/media?parent=10668"}],"curies":[{"name":"wp","href":"https:\/\/api.w.org\/{rel}","templated":true}]}}