{"id":11093,"date":"2024-06-14T13:52:37","date_gmt":"2024-06-14T11:52:37","guid":{"rendered":"https:\/\/snowwhitemuseum.com\/?page_id=11093"},"modified":"2024-06-14T14:01:16","modified_gmt":"2024-06-14T12:01:16","slug":"german-sheet-music-mein-herz-schlagt-so-wie-dein-herz","status":"publish","type":"page","link":"https:\/\/snowwhitemuseum.com\/fr\/merchandising\/sheet-music\/german-sheet-music\/german-sheet-music-mein-herz-schlagt-so-wie-dein-herz\/","title":{"rendered":"Partition allemande \u201cMein Herz schl\u00e4gt so wie dein Herz\u201d"},"content":{"rendered":"<style>.wp-block-kadence-advancedbtn.kb-btns11093_9a40c8-87{gap:var(--global-kb-gap-xs, 0.5rem );justify-content:center;align-items:center;}.kt-btns11093_9a40c8-87 .kt-button{font-weight:normal;font-style:normal;}.kt-btns11093_9a40c8-87 .kt-btn-wrap-0{margin-right:5px;}.wp-block-kadence-advancedbtn.kt-btns11093_9a40c8-87 .kt-btn-wrap-0 .kt-button{color:#555555;border-color:#555555;}.wp-block-kadence-advancedbtn.kt-btns11093_9a40c8-87 .kt-btn-wrap-0 .kt-button:hover, .wp-block-kadence-advancedbtn.kt-btns11093_9a40c8-87 .kt-btn-wrap-0 .kt-button:focus{color:#ffffff;border-color:#444444;}.wp-block-kadence-advancedbtn.kt-btns11093_9a40c8-87 .kt-btn-wrap-0 .kt-button::before{display:none;}.wp-block-kadence-advancedbtn.kt-btns11093_9a40c8-87 .kt-btn-wrap-0 .kt-button:hover, .wp-block-kadence-advancedbtn.kt-btns11093_9a40c8-87 .kt-btn-wrap-0 .kt-button:focus{background:#444444;}<\/style>\n<div class=\"wp-block-kadence-advancedbtn kb-buttons-wrap kb-btns11093_9a40c8-87\"><style>ul.menu .wp-block-kadence-advancedbtn .kb-btn11093_1d3f5f-e3.kb-button{width:initial;}<\/style><a class=\"kb-button kt-button button kb-btn11093_1d3f5f-e3 kt-btn-size-standard kt-btn-width-type-auto kb-btn-global-fill  kt-btn-has-text-true kt-btn-has-svg-false  wp-block-kadence-singlebtn\" href=\"https:\/\/snowwhitemuseum.com\/merchandising\/sheet-music\/german-sheet-music\/\"><span class=\"kt-btn-inner-text\">Back to German sheet music<\/span><\/a><\/div>\n\n\n<style>.kb-row-layout-id11093_c7e701-1e > .kt-row-column-wrap{align-content:start;}:where(.kb-row-layout-id11093_c7e701-1e > .kt-row-column-wrap) > .wp-block-kadence-column{justify-content:start;}.kb-row-layout-id11093_c7e701-1e > .kt-row-column-wrap{column-gap:var(--global-kb-gap-md, 2rem);row-gap:var(--global-kb-gap-md, 2rem);padding-top:var(--global-kb-spacing-sm, 1.5rem);padding-bottom:var(--global-kb-spacing-sm, 1.5rem);grid-template-columns:minmax(0, 1fr) minmax(0, 2fr);}.kb-row-layout-id11093_c7e701-1e > .kt-row-layout-overlay{opacity:0.30;}@media all and (max-width: 1024px){.kb-row-layout-id11093_c7e701-1e > .kt-row-column-wrap{grid-template-columns:minmax(0, 1fr) minmax(0, 2fr);}}@media all and (max-width: 767px){.kb-row-layout-id11093_c7e701-1e > .kt-row-column-wrap{grid-template-columns:minmax(0, 1fr);}}<\/style><div class=\"kb-row-layout-wrap kb-row-layout-id11093_c7e701-1e alignnone wp-block-kadence-rowlayout\"><div class=\"kt-row-column-wrap kt-has-2-columns kt-row-layout-right-golden kt-tab-layout-inherit kt-mobile-layout-row kt-row-valign-top\">\n<style>.kadence-column11093_a321d5-2b > .kt-inside-inner-col,.kadence-column11093_a321d5-2b > .kt-inside-inner-col:before{border-top-left-radius:0px;border-top-right-radius:0px;border-bottom-right-radius:0px;border-bottom-left-radius:0px;}.kadence-column11093_a321d5-2b > .kt-inside-inner-col{column-gap:var(--global-kb-gap-sm, 1rem);}.kadence-column11093_a321d5-2b > .kt-inside-inner-col{flex-direction:column;}.kadence-column11093_a321d5-2b > .kt-inside-inner-col > .aligncenter{width:100%;}.kadence-column11093_a321d5-2b > .kt-inside-inner-col:before{opacity:0.3;}.kadence-column11093_a321d5-2b{position:relative;}@media all and (max-width: 1024px){.kadence-column11093_a321d5-2b > .kt-inside-inner-col{flex-direction:column;justify-content:center;}}@media all and (max-width: 767px){.kadence-column11093_a321d5-2b > .kt-inside-inner-col{flex-direction:column;justify-content:center;}}<\/style>\n<div class=\"wp-block-kadence-column kadence-column11093_a321d5-2b\"><div class=\"kt-inside-inner-col\">\n<figure class=\"wp-block-image size-full\"><img loading=\"lazy\" decoding=\"async\" width=\"569\" height=\"753\" src=\"https:\/\/snowwhitemuseum.com\/wp-content\/uploads\/2024\/06\/Mein-Herz-schlagt-so-wie-dein-Herz-01.jpg\" alt=\"\" class=\"wp-image-11094\" srcset=\"https:\/\/snowwhitemuseum.com\/wp-content\/uploads\/2024\/06\/Mein-Herz-schlagt-so-wie-dein-Herz-01.jpg 569w, https:\/\/snowwhitemuseum.com\/wp-content\/uploads\/2024\/06\/Mein-Herz-schlagt-so-wie-dein-Herz-01-227x300.jpg 227w, https:\/\/snowwhitemuseum.com\/wp-content\/uploads\/2024\/06\/Mein-Herz-schlagt-so-wie-dein-Herz-01-9x12.jpg 9w\" sizes=\"auto, (max-width: 569px) 100vw, 569px\" \/><figcaption class=\"wp-element-caption\">&#8220;Mein Herz schl\u00e4gt so wie dein Herz&#8221; sheet music<\/figcaption><\/figure>\n<\/div><\/div>\n\n\n<style>.kadence-column11093_ed3da7-2d > .kt-inside-inner-col,.kadence-column11093_ed3da7-2d > .kt-inside-inner-col:before{border-top-left-radius:0px;border-top-right-radius:0px;border-bottom-right-radius:0px;border-bottom-left-radius:0px;}.kadence-column11093_ed3da7-2d > .kt-inside-inner-col{column-gap:var(--global-kb-gap-sm, 1rem);}.kadence-column11093_ed3da7-2d > .kt-inside-inner-col{flex-direction:column;}.kadence-column11093_ed3da7-2d > .kt-inside-inner-col > .aligncenter{width:100%;}.kadence-column11093_ed3da7-2d > .kt-inside-inner-col:before{opacity:0.3;}.kadence-column11093_ed3da7-2d{position:relative;}@media all and (max-width: 1024px){.kadence-column11093_ed3da7-2d > .kt-inside-inner-col{flex-direction:column;justify-content:center;}}@media all and (max-width: 767px){.kadence-column11093_ed3da7-2d > .kt-inside-inner-col{flex-direction:column;justify-content:center;}}<\/style>\n<div class=\"wp-block-kadence-column kadence-column11093_ed3da7-2d\"><div class=\"kt-inside-inner-col\"><style>.wp-block-kadence-advancedheading.kt-adv-heading11093_6da93f-f6, .wp-block-kadence-advancedheading.kt-adv-heading11093_6da93f-f6[data-kb-block=\"kb-adv-heading11093_6da93f-f6\"]{font-style:normal;}.wp-block-kadence-advancedheading.kt-adv-heading11093_6da93f-f6 mark.kt-highlight, .wp-block-kadence-advancedheading.kt-adv-heading11093_6da93f-f6[data-kb-block=\"kb-adv-heading11093_6da93f-f6\"] mark.kt-highlight{font-style:normal;color:#f76a0c;-webkit-box-decoration-break:clone;box-decoration-break:clone;padding-top:0px;padding-right:0px;padding-bottom:0px;padding-left:0px;}.wp-block-kadence-advancedheading.kt-adv-heading11093_6da93f-f6 img.kb-inline-image, .wp-block-kadence-advancedheading.kt-adv-heading11093_6da93f-f6[data-kb-block=\"kb-adv-heading11093_6da93f-f6\"] img.kb-inline-image{width:150px;vertical-align:baseline;}<\/style>\n<h2 class=\"kt-adv-heading11093_6da93f-f6 wp-block-kadence-advancedheading\" data-kb-block=\"kb-adv-heading11093_6da93f-f6\">My Heart Beats Like Your Heart<\/h2>\n\n\n\n<p>This German sheet music is a version published by Sidemton Verlag GmbH of Cologne for the song &#8220;One Song&#8221; under the title &#8220;Mein Herz schl\u00e4gt so wie dein Herz,&#8221; which means &#8220;My Heart Beats Like Your Heart.&#8221; It is a much freer adaptation by Kurt Feltz compared to the one used in <a href=\"https:\/\/snowwhitemuseum.com\/about-the-film\/foreign-adaptations-of-snow-white\/the-first-german-dubbing-of-snow-white\/\" title=\"The first German dubbing of Snow White\">the German version of the film<\/a> at the time, which was titled &#8220;Singen immer nur singen,&#8221; meaning &#8220;Singing, Only Always Singing.&#8221; Here, neither the text nor the title resembles the original English text, except perhaps the last stanza, which indeed talks about a song.<\/p>\n\n\n\n<p>Sidemton Verlag operated from 1949 to 1991, which is consistent with the first release of <em>Snow White and the Seven Dwarfs<\/em> in Germany in 1950, which is most likely the date this score was originally published.<\/p>\n\n\n\n<p>The copy reproduced here includes two stamps: the first appears to specify its origin, a propaganda service &#8220;Propaganda Auslieferung, Tauentzien Musikverlag, Berlin-Halensee, Nestorsr. 22&#8221; (Propaganda Delivery, Tauentzien Music Publishing House, 22 Nestor Street in Berlin-Halensee), and the second confirms that this sheet music was not for sale: &#8220;Unverk\u00e4ufliches Belegexemplar&#8221; (Reference copy not for sale).<\/p>\n\n\n\n<p>The lyrics are as follows:<\/p>\n\n\n\n<p>Alle Geigen singen s\u00fc\u00df dieses kleine Lied, und ich glaube ganz gewi\u00df, da\u00df etwas geschieht. Du denkst genau, wie ich an eines dabei, und da\u00df ist ab heute das Sch\u00f6nste f\u00fcr uns zwei. Dein Herz schl\u00e4gt so wie mein Herz, mein Herz schl\u00e4gt so wie deins. Dein Ku\u00df brennt so wie kein Ku\u00df, drum sagt dir mein Ku\u00df: wir werden eins. Dein Weg ist nun auch mein Weg, kein Weg f\u00fchrt mehr zur\u00fcck. Dein Lied das ist nun mein Lied und kein Lied singt so vom Gl\u00fcck.<\/p>\n\n\n\n<p>Which can be translated as follows:<\/p>\n\n\n\n<p>All the violins sweetly sing this little song, and I certainly believe that something is happening. You think of one thing, just like me, and it is the best thing for the two of us from today onwards.<\/p>\n\n\n\n<p>Your heart beats like my heart, my heart beats like yours.<\/p>\n\n\n\n<p>Your kiss burns like no kiss, so my kiss tells you: we become one.<\/p>\n\n\n\n<p>Your path is now also my path, no path leads back. Your song is now my song, and no song sings of happiness like this.<\/p>\n<\/div><\/div>\n\n<\/div><\/div>\n\n<style>.kb-row-layout-id11093_0e0a13-04 > .kt-row-column-wrap{align-content:start;}:where(.kb-row-layout-id11093_0e0a13-04 > .kt-row-column-wrap) > .wp-block-kadence-column{justify-content:start;}.kb-row-layout-id11093_0e0a13-04 > .kt-row-column-wrap{column-gap:var(--global-kb-gap-md, 2rem);row-gap:var(--global-kb-gap-md, 2rem);padding-top:var(--global-kb-spacing-sm, 1.5rem);padding-bottom:var(--global-kb-spacing-sm, 1.5rem);}.kb-row-layout-id11093_0e0a13-04 > .kt-row-column-wrap > div:not(.added-for-specificity){grid-column:initial;}.kb-row-layout-id11093_0e0a13-04 > .kt-row-column-wrap{grid-template-columns:minmax(0, 1fr) minmax(0, 6fr) minmax(0, 1fr);}.kb-row-layout-id11093_0e0a13-04 > .kt-row-layout-overlay{opacity:0.30;}@media all and (max-width: 1024px){.kb-row-layout-id11093_0e0a13-04 > .kt-row-column-wrap > div:not(.added-for-specificity){grid-column:initial;}}@media all and (max-width: 1024px){.kb-row-layout-id11093_0e0a13-04 > .kt-row-column-wrap{grid-template-columns:minmax(0, 1fr) minmax(0, 6fr) minmax(0, 1fr);}}@media all and (max-width: 767px){.kb-row-layout-id11093_0e0a13-04 > .kt-row-column-wrap > div:not(.added-for-specificity){grid-column:initial;}.kb-row-layout-id11093_0e0a13-04 > .kt-row-column-wrap{grid-template-columns:minmax(0, 1fr);}}<\/style><div class=\"kb-row-layout-wrap kb-row-layout-id11093_0e0a13-04 alignnone wp-block-kadence-rowlayout\"><div class=\"kt-row-column-wrap kt-has-3-columns kt-row-layout-center-exwide kt-tab-layout-inherit kt-mobile-layout-row kt-row-valign-top\">\n<style>.kadence-column11093_c3af98-70 > .kt-inside-inner-col,.kadence-column11093_c3af98-70 > .kt-inside-inner-col:before{border-top-left-radius:0px;border-top-right-radius:0px;border-bottom-right-radius:0px;border-bottom-left-radius:0px;}.kadence-column11093_c3af98-70 > .kt-inside-inner-col{column-gap:var(--global-kb-gap-sm, 1rem);}.kadence-column11093_c3af98-70 > .kt-inside-inner-col{flex-direction:column;}.kadence-column11093_c3af98-70 > .kt-inside-inner-col > .aligncenter{width:100%;}.kadence-column11093_c3af98-70 > .kt-inside-inner-col:before{opacity:0.3;}.kadence-column11093_c3af98-70{position:relative;}@media all and (max-width: 1024px){.kadence-column11093_c3af98-70 > .kt-inside-inner-col{flex-direction:column;justify-content:center;}}@media all and (max-width: 767px){.kadence-column11093_c3af98-70 > .kt-inside-inner-col{flex-direction:column;justify-content:center;}}<\/style>\n<div class=\"wp-block-kadence-column kadence-column11093_c3af98-70\"><div class=\"kt-inside-inner-col\"><\/div><\/div>\n\n\n<style>.kadence-column11093_52a3a5-f1 > .kt-inside-inner-col,.kadence-column11093_52a3a5-f1 > .kt-inside-inner-col:before{border-top-left-radius:0px;border-top-right-radius:0px;border-bottom-right-radius:0px;border-bottom-left-radius:0px;}.kadence-column11093_52a3a5-f1 > .kt-inside-inner-col{column-gap:var(--global-kb-gap-sm, 1rem);}.kadence-column11093_52a3a5-f1 > .kt-inside-inner-col{flex-direction:column;}.kadence-column11093_52a3a5-f1 > .kt-inside-inner-col > .aligncenter{width:100%;}.kadence-column11093_52a3a5-f1 > .kt-inside-inner-col:before{opacity:0.3;}.kadence-column11093_52a3a5-f1{position:relative;}@media all and (max-width: 1024px){.kadence-column11093_52a3a5-f1 > .kt-inside-inner-col{flex-direction:column;justify-content:center;}}@media all and (max-width: 767px){.kadence-column11093_52a3a5-f1 > .kt-inside-inner-col{flex-direction:column;justify-content:center;}}<\/style>\n<div class=\"wp-block-kadence-column kadence-column11093_52a3a5-f1\"><div class=\"kt-inside-inner-col\"><style>.kb-gallery-id-11093_ebe3e0-2d .kadence-blocks-gallery-item .kb-gal-image-radius, .kb-gallery-id-11093_ebe3e0-2d .kb-slide-item .kb-gal-image-radius img{border-radius:0px 0px 0px 0px;;}.kb-gallery-wrap-id-11093_ebe3e0-2d.wp-block-kadence-advancedgallery{overflow:visible;}.kb-gallery-wrap-id-11093_ebe3e0-2d.wp-block-kadence-advancedgallery .kt-blocks-carousel{overflow:visible;}<\/style><div class=\"kb-gallery-wrap-id-11093_ebe3e0-2d alignnone wp-block-kadence-advancedgallery\"><div class=\"kb-gallery-ul kb-gallery-non-static kb-gallery-type-slider kb-gallery-id-11093_ebe3e0-2d kb-gallery-caption-style-bottom-hover kb-gallery-filter-none kb-gallery-magnific-init\" data-image-filter=\"none\" data-lightbox-caption=\"false\"><div class=\"kt-blocks-carousel splide kt-carousel-container-dotstyle-dark kt-carousel-arrowstyle-whiteondark kt-carousel-dotstyle-dark kb-slider-group-arrow kb-slider-arrow-position-center\" data-slider-anim-speed=\"400\" data-slider-scroll=\"1\" data-slider-arrows=\"true\" data-slider-fade=\"true\" data-slider-dots=\"true\" data-slider-type=\"slider\" data-slider-hover-pause=\"false\" data-slider-auto=\"1\" data-slider-speed=\"7000\" data-show-pause-button=\"false\"><div class=\"splide__track\"><ul class=\"kt-blocks-carousel-init kb-blocks-slider splide__list\"><li class=\"kb-slide-item kb-gallery-slide-item splide__slide\"><div class=\"kadence-blocks-gallery-item\"><div class=\"kadence-blocks-gallery-item-inner\"><figure class=\"kb-gallery-figure kb-gallery-item-has-link kadence-blocks-gallery-item-hide-caption\"><a href=\"https:\/\/snowwhitemuseum.com\/wp-content\/uploads\/2024\/06\/Mein-Herz-schlagt-so-wie-dein-Herz-01.jpg\" class=\"kb-gallery-item-link\"   role=\"button\" aria-haspopup=\"dialog\"><div class=\"kb-gal-image-radius\"><div class=\"kb-gallery-image-contain kadence-blocks-gallery-intrinsic kb-gallery-image-ratio-inherit kb-has-image-ratio-inherit\" ><img loading=\"lazy\" decoding=\"async\" src=\"data:image\/svg+xml,%3Csvg%20xmlns='http:\/\/www.w3.org\/2000\/svg'%20viewBox='0%200%201000%20667'%3E%3C\/svg%3E\"  data-splide-lazy=\"https:\/\/snowwhitemuseum.com\/wp-content\/uploads\/2024\/06\/Mein-Herz-schlagt-so-wie-dein-Herz-01.jpg\" width=\"569\" height=\"753\" alt=\"\" data-full-image=\"https:\/\/snowwhitemuseum.com\/wp-content\/uploads\/2024\/06\/Mein-Herz-schlagt-so-wie-dein-Herz-01.jpg\" data-light-image=\"https:\/\/snowwhitemuseum.com\/wp-content\/uploads\/2024\/06\/Mein-Herz-schlagt-so-wie-dein-Herz-01.jpg\" data-splide-lazy-srcset=\"https:\/\/snowwhitemuseum.com\/wp-content\/uploads\/2024\/06\/Mein-Herz-schlagt-so-wie-dein-Herz-01.jpg 569w, https:\/\/snowwhitemuseum.com\/wp-content\/uploads\/2024\/06\/Mein-Herz-schlagt-so-wie-dein-Herz-01-227x300.jpg 227w, https:\/\/snowwhitemuseum.com\/wp-content\/uploads\/2024\/06\/Mein-Herz-schlagt-so-wie-dein-Herz-01-9x12.jpg 9w\" sizes=\"auto, (max-width: 569px) 100vw, 569px\"data-id=\"11094\" class=\"wp-image-11094 skip-lazy\"\/><\/div><\/div><\/a><\/figure><\/div><\/div><\/li><li class=\"kb-slide-item kb-gallery-slide-item splide__slide\"><div class=\"kadence-blocks-gallery-item\"><div class=\"kadence-blocks-gallery-item-inner\"><figure class=\"kb-gallery-figure kb-gallery-item-has-link kadence-blocks-gallery-item-hide-caption\"><a href=\"https:\/\/snowwhitemuseum.com\/wp-content\/uploads\/2024\/06\/Mein-Herz-schlagt-so-wie-dein-Herz-02.jpg\" class=\"kb-gallery-item-link\"   role=\"button\" aria-haspopup=\"dialog\"><div class=\"kb-gal-image-radius\"><div class=\"kb-gallery-image-contain kadence-blocks-gallery-intrinsic kb-gallery-image-ratio-inherit kb-has-image-ratio-inherit\" ><img loading=\"lazy\" decoding=\"async\" src=\"data:image\/svg+xml,%3Csvg%20xmlns='http:\/\/www.w3.org\/2000\/svg'%20viewBox='0%200%201000%20667'%3E%3C\/svg%3E\"  data-splide-lazy=\"https:\/\/snowwhitemuseum.com\/wp-content\/uploads\/2024\/06\/Mein-Herz-schlagt-so-wie-dein-Herz-02.jpg\" width=\"1132\" height=\"753\" alt=\"\" data-full-image=\"https:\/\/snowwhitemuseum.com\/wp-content\/uploads\/2024\/06\/Mein-Herz-schlagt-so-wie-dein-Herz-02.jpg\" data-light-image=\"https:\/\/snowwhitemuseum.com\/wp-content\/uploads\/2024\/06\/Mein-Herz-schlagt-so-wie-dein-Herz-02.jpg\" data-splide-lazy-srcset=\"https:\/\/snowwhitemuseum.com\/wp-content\/uploads\/2024\/06\/Mein-Herz-schlagt-so-wie-dein-Herz-02.jpg 1132w, https:\/\/snowwhitemuseum.com\/wp-content\/uploads\/2024\/06\/Mein-Herz-schlagt-so-wie-dein-Herz-02-300x200.jpg 300w, https:\/\/snowwhitemuseum.com\/wp-content\/uploads\/2024\/06\/Mein-Herz-schlagt-so-wie-dein-Herz-02-1024x681.jpg 1024w, https:\/\/snowwhitemuseum.com\/wp-content\/uploads\/2024\/06\/Mein-Herz-schlagt-so-wie-dein-Herz-02-768x511.jpg 768w, https:\/\/snowwhitemuseum.com\/wp-content\/uploads\/2024\/06\/Mein-Herz-schlagt-so-wie-dein-Herz-02-18x12.jpg 18w\" sizes=\"auto, (max-width: 1132px) 100vw, 1132px\"data-id=\"11098\" class=\"wp-image-11098 skip-lazy\"\/><\/div><\/div><\/a><\/figure><\/div><\/div><\/li><li class=\"kb-slide-item kb-gallery-slide-item splide__slide\"><div class=\"kadence-blocks-gallery-item\"><div class=\"kadence-blocks-gallery-item-inner\"><figure class=\"kb-gallery-figure kb-gallery-item-has-link kadence-blocks-gallery-item-hide-caption\"><a href=\"https:\/\/snowwhitemuseum.com\/wp-content\/uploads\/2024\/06\/Mein-Herz-schlagt-so-wie-dein-Herz-03.jpg\" class=\"kb-gallery-item-link\"   role=\"button\" aria-haspopup=\"dialog\"><div class=\"kb-gal-image-radius\"><div class=\"kb-gallery-image-contain kadence-blocks-gallery-intrinsic kb-gallery-image-ratio-inherit kb-has-image-ratio-inherit\" ><img loading=\"lazy\" decoding=\"async\" src=\"data:image\/svg+xml,%3Csvg%20xmlns='http:\/\/www.w3.org\/2000\/svg'%20viewBox='0%200%201000%20667'%3E%3C\/svg%3E\"  data-splide-lazy=\"https:\/\/snowwhitemuseum.com\/wp-content\/uploads\/2024\/06\/Mein-Herz-schlagt-so-wie-dein-Herz-03.jpg\" width=\"567\" height=\"753\" alt=\"\" data-full-image=\"https:\/\/snowwhitemuseum.com\/wp-content\/uploads\/2024\/06\/Mein-Herz-schlagt-so-wie-dein-Herz-03.jpg\" data-light-image=\"https:\/\/snowwhitemuseum.com\/wp-content\/uploads\/2024\/06\/Mein-Herz-schlagt-so-wie-dein-Herz-03.jpg\" data-splide-lazy-srcset=\"https:\/\/snowwhitemuseum.com\/wp-content\/uploads\/2024\/06\/Mein-Herz-schlagt-so-wie-dein-Herz-03.jpg 567w, https:\/\/snowwhitemuseum.com\/wp-content\/uploads\/2024\/06\/Mein-Herz-schlagt-so-wie-dein-Herz-03-226x300.jpg 226w, https:\/\/snowwhitemuseum.com\/wp-content\/uploads\/2024\/06\/Mein-Herz-schlagt-so-wie-dein-Herz-03-9x12.jpg 9w\" sizes=\"auto, (max-width: 567px) 100vw, 567px\"data-id=\"11097\" class=\"wp-image-11097 skip-lazy\"\/><\/div><\/div><\/a><\/figure><\/div><\/div><\/li><\/ul><\/div><\/div><\/div><\/div><\/div><\/div>\n\n\n<style>.kadence-column11093_877a65-9b > .kt-inside-inner-col,.kadence-column11093_877a65-9b > .kt-inside-inner-col:before{border-top-left-radius:0px;border-top-right-radius:0px;border-bottom-right-radius:0px;border-bottom-left-radius:0px;}.kadence-column11093_877a65-9b > .kt-inside-inner-col{column-gap:var(--global-kb-gap-sm, 1rem);}.kadence-column11093_877a65-9b > .kt-inside-inner-col{flex-direction:column;}.kadence-column11093_877a65-9b > .kt-inside-inner-col > .aligncenter{width:100%;}.kadence-column11093_877a65-9b > .kt-inside-inner-col:before{opacity:0.3;}.kadence-column11093_877a65-9b{position:relative;}@media all and (max-width: 1024px){.kadence-column11093_877a65-9b > .kt-inside-inner-col{flex-direction:column;justify-content:center;}}@media all and (max-width: 767px){.kadence-column11093_877a65-9b > .kt-inside-inner-col{flex-direction:column;justify-content:center;}}<\/style>\n<div class=\"wp-block-kadence-column kadence-column11093_877a65-9b\"><div class=\"kt-inside-inner-col\"><\/div><\/div>\n\n<\/div><\/div>","protected":false},"excerpt":{"rendered":"<p>My Heart Beats Like Your Heart This German sheet music is a version published by Sidemton Verlag GmbH of Cologne for the song &#8220;One Song&#8221; under the title &#8220;Mein Herz schl\u00e4gt so wie dein Herz,&#8221; which means &#8220;My Heart Beats Like Your Heart.&#8221; It is a much freer adaptation by Kurt Feltz compared to the&#8230;<\/p>","protected":false},"author":1,"featured_media":11094,"parent":11095,"menu_order":0,"comment_status":"closed","ping_status":"closed","template":"","meta":{"_kadence_starter_templates_imported_post":false,"_kad_post_transparent":"","_kad_post_title":"","_kad_post_layout":"","_kad_post_sidebar_id":"","_kad_post_content_style":"","_kad_post_vertical_padding":"","_kad_post_feature":"","_kad_post_feature_position":"","_kad_post_header":false,"_kad_post_footer":false,"_kad_post_classname":"","footnotes":""},"class_list":["post-11093","page","type-page","status-publish","has-post-thumbnail","hentry"],"aioseo_notices":[],"_links":{"self":[{"href":"https:\/\/snowwhitemuseum.com\/fr\/wp-json\/wp\/v2\/pages\/11093","targetHints":{"allow":["GET"]}}],"collection":[{"href":"https:\/\/snowwhitemuseum.com\/fr\/wp-json\/wp\/v2\/pages"}],"about":[{"href":"https:\/\/snowwhitemuseum.com\/fr\/wp-json\/wp\/v2\/types\/page"}],"author":[{"embeddable":true,"href":"https:\/\/snowwhitemuseum.com\/fr\/wp-json\/wp\/v2\/users\/1"}],"replies":[{"embeddable":true,"href":"https:\/\/snowwhitemuseum.com\/fr\/wp-json\/wp\/v2\/comments?post=11093"}],"version-history":[{"count":4,"href":"https:\/\/snowwhitemuseum.com\/fr\/wp-json\/wp\/v2\/pages\/11093\/revisions"}],"predecessor-version":[{"id":11106,"href":"https:\/\/snowwhitemuseum.com\/fr\/wp-json\/wp\/v2\/pages\/11093\/revisions\/11106"}],"up":[{"embeddable":true,"href":"https:\/\/snowwhitemuseum.com\/fr\/wp-json\/wp\/v2\/pages\/11095"}],"wp:featuredmedia":[{"embeddable":true,"href":"https:\/\/snowwhitemuseum.com\/fr\/wp-json\/wp\/v2\/media\/11094"}],"wp:attachment":[{"href":"https:\/\/snowwhitemuseum.com\/fr\/wp-json\/wp\/v2\/media?parent=11093"}],"curies":[{"name":"wp","href":"https:\/\/api.w.org\/{rel}","templated":true}]}}