{"id":12488,"date":"2024-10-20T14:12:00","date_gmt":"2024-10-20T12:12:00","guid":{"rendered":"https:\/\/snowwhitemuseum.com\/?page_id=12488"},"modified":"2025-03-01T19:42:36","modified_gmt":"2025-03-01T18:42:36","slug":"story-conference-of-10-03-1934-suggestions-and-notes-on-snow-white","status":"publish","type":"page","link":"https:\/\/snowwhitemuseum.com\/fr\/about-the-film\/the-story\/production-documents\/story-conference-of-10-03-1934-suggestions-and-notes-on-snow-white\/","title":{"rendered":"R\u00e9union de sc\u00e9narisation du 03\/10\/1934 : Suggestions et notes sur Blanche Neige"},"content":{"rendered":"<style>.wp-block-kadence-advancedbtn.kb-btns12488_73e41e-7e{gap:var(--global-kb-gap-xs, 0.5rem );justify-content:center;align-items:center;}.kt-btns12488_73e41e-7e .kt-button{font-weight:normal;font-style:normal;}.kt-btns12488_73e41e-7e .kt-btn-wrap-0{margin-right:5px;}.wp-block-kadence-advancedbtn.kt-btns12488_73e41e-7e .kt-btn-wrap-0 .kt-button{color:#555555;border-color:#555555;}.wp-block-kadence-advancedbtn.kt-btns12488_73e41e-7e .kt-btn-wrap-0 .kt-button:hover, .wp-block-kadence-advancedbtn.kt-btns12488_73e41e-7e .kt-btn-wrap-0 .kt-button:focus{color:#ffffff;border-color:#444444;}.wp-block-kadence-advancedbtn.kt-btns12488_73e41e-7e .kt-btn-wrap-0 .kt-button::before{display:none;}.wp-block-kadence-advancedbtn.kt-btns12488_73e41e-7e .kt-btn-wrap-0 .kt-button:hover, .wp-block-kadence-advancedbtn.kt-btns12488_73e41e-7e .kt-btn-wrap-0 .kt-button:focus{background:#444444;}<\/style>\n<div class=\"wp-block-kadence-advancedbtn kb-buttons-wrap kb-btns12488_73e41e-7e\"><style>ul.menu .wp-block-kadence-advancedbtn .kb-btn12488_5a30ad-03.kb-button{width:initial;}<\/style><a class=\"kb-button kt-button button kb-btn12488_5a30ad-03 kt-btn-size-standard kt-btn-width-type-auto kb-btn-global-fill  kt-btn-has-text-true kt-btn-has-svg-false  wp-block-kadence-singlebtn\" href=\"https:\/\/snowwhitemuseum.com\/fr\/about-the-film\/the-story\/production-documents\/\"><span class=\"kt-btn-inner-text\">Retour aux Documents de production<\/span><\/a><\/div>\n\n\n<style>.wp-block-kadence-column.kb-section-dir-horizontal > .kt-inside-inner-col > .kt-info-box12488_e9b01f-e9 .kt-blocks-info-box-link-wrap{max-width:unset;}.kt-info-box12488_e9b01f-e9 .kt-blocks-info-box-link-wrap{border-top:0px solid transparent;border-right:0px solid transparent;border-bottom:0px solid transparent;border-left:0px solid transparent;padding-top:var(--global-kb-spacing-xs, 1rem);padding-right:var(--global-kb-spacing-xs, 1rem);padding-bottom:var(--global-kb-spacing-xs, 1rem);padding-left:var(--global-kb-spacing-xs, 1rem);}.kt-info-box12488_e9b01f-e9 .kadence-info-box-icon-container .kt-info-svg-icon, .kt-info-box12488_e9b01f-e9 .kt-info-svg-icon-flip, .kt-info-box12488_e9b01f-e9 .kt-blocks-info-box-number{font-size:50px;}.kt-info-box12488_e9b01f-e9 .kt-blocks-info-box-media{border-color:var(--global-palette7, #eeeeee);border-top-width:0px;border-right-width:0px;border-bottom-width:0px;border-left-width:0px;padding-top:10px;padding-right:10px;padding-bottom:10px;padding-left:10px;}.kt-info-box12488_e9b01f-e9 .kt-blocks-info-box-media-container{margin-top:0px;margin-right:15px;margin-bottom:0px;margin-left:15px;}.kt-info-box12488_e9b01f-e9 .kt-infobox-textcontent h2.kt-blocks-info-box-title{padding-top:0px;padding-right:0px;padding-bottom:0px;padding-left:0px;margin-top:5px;margin-right:0px;margin-bottom:10px;margin-left:0px;}.kt-info-box12488_e9b01f-e9 .kt-blocks-info-box-learnmore{background:transparent;border-width:0px 0px 0px 0px;padding-top:4px;padding-right:8px;padding-bottom:4px;padding-left:8px;margin-top:10px;margin-right:0px;margin-bottom:10px;margin-left:0px;}@media all and (max-width: 1024px){.kt-info-box12488_e9b01f-e9 .kt-blocks-info-box-link-wrap{border-top:0px solid transparent;border-right:0px solid transparent;border-bottom:0px solid transparent;border-left:0px solid transparent;}}@media all and (max-width: 767px){.kt-info-box12488_e9b01f-e9 .kt-blocks-info-box-link-wrap{border-top:0px solid transparent;border-right:0px solid transparent;border-bottom:0px solid transparent;border-left:0px solid transparent;}}<\/style>\n<div class=\"wp-block-kadence-infobox kt-info-box12488_e9b01f-e9\"><div class=\"kt-blocks-info-box-link-wrap kt-blocks-info-box-media-align-top kt-info-halign-center\"><div class=\"kt-blocks-info-box-media-container\"><div class=\"kt-blocks-info-box-media kt-info-media-animate-none\"><div class=\"kadence-info-box-icon-container kt-info-icon-animate-none\"><div class=\"kadence-info-box-icon-inner-container\"><span class=\"kb-svg-icon-wrap kb-svg-icon-fe_fileText kt-info-svg-icon\"><svg viewbox=\"0 0 24 24\"  fill=\"none\" stroke=\"currentColor\" stroke-width=\"2\" stroke-linecap=\"round\" stroke-linejoin=\"round\" xmlns=\"http:\/\/www.w3.org\/2000\/svg\"  aria-hidden=\"true\"><path d=\"M14 2H6a2 2 0 0 0-2 2v16a2 2 0 0 0 2 2h12a2 2 0 0 0 2-2V8z\"\/><polyline points=\"14 2 14 8 20 8\"\/><line x1=\"16\" y1=\"13\" x2=\"8\" y2=\"13\"\/><line x1=\"16\" y1=\"17\" x2=\"8\" y2=\"17\"\/><polyline points=\"10 9 9 9 8 9\"\/><\/svg><\/span><\/div><\/div><\/div><\/div><div class=\"kt-infobox-textcontent\"><h2 class=\"kt-blocks-info-box-title\">Information<\/h2><p class=\"kt-blocks-info-box-text\"><strong>Num\u00e9ro de s\u00e9quence :<\/strong> presque toutes les s\u00e9quences<br><strong>Date du document :<\/strong> 3 octobre 1934<br><strong>Sujets abord\u00e9s :<\/strong> Blanche Neige, construction du lit, Prince dans le donjon, pri\u00e8re, poursuite, mort de la Reine, Dormeur dans le cercueil<br><strong>Participants \u00e0 la r\u00e9union :<\/strong> Walt Disney, <a href=\"https:\/\/snowwhitemuseum.com\/fr\/about-the-film\/main-titles\/richard-creedon\/\" title=\"Richard Creedon\">Richard Creedon<\/a>, <a href=\"https:\/\/snowwhitemuseum.com\/fr\/about-the-film\/main-titles\/larry-morey\/\" title=\"Larry Morey\">Larry Morey<\/a>, Harry Bailey<br><strong>R\u00e9daction du compte-rendu :<\/strong> Harry Bailey<br><br>Dans ce bref compte-rendu de trois pages de la r\u00e9union, plusieurs aspects sont int\u00e9ressants. Tout d'abord, l'ordre tr\u00e8s important que les nains soient appel\u00e9s \u00ab hommes \u00bb, ce qui est presque toujours le cas dans le film final. Le mot \u00ab nains \u00bb n'est prononc\u00e9 qu'une seule fois, par l'esclave du miroir magique. Le Prince, qui \u00e0 ce stade est cens\u00e9 \u00eatre enferm\u00e9 dans le donjon par la Reine, doit avoir un anneau ou un \u00e9cusson sur sa chemise qui r\u00e9v\u00e9lerait son identit\u00e9. Pendant la s\u00e9quence de poursuite, trois nains sont cens\u00e9s veiller sur Blanche Neige, tandis que quatre autres poursuivent la Reine. Finalement, tous se lancent \u00e0 sa poursuite. Mais la mani\u00e8re dont la Reine sera tu\u00e9e a d\u00e9j\u00e0 \u00e9t\u00e9 d\u00e9cid\u00e9e. Le gag dans lequel Dormeur \u00e9chappe \u00e0 la mouche en se glissant dans le cercueil \u00e0 la fin \u00e9tait encore \u00e0 l'\u00e9tude.<br>On remarque une r\u00e9f\u00e9rence au film <em>Tarzan, l\u2019homme singe<\/em> lorsqu'il est mentionn\u00e9 que les nains pourraient se balancer d'une liane \u00e0 l'autre pour rentrer plus vite \u00e0 travers la for\u00eat.<\/p><\/div><\/div><\/div>\n\n\n<style>.kb-row-layout-id12488_8d79d8-a0 > .kt-row-column-wrap{align-content:start;}:where(.kb-row-layout-id12488_8d79d8-a0 > .kt-row-column-wrap) > .wp-block-kadence-column{justify-content:start;}.kb-row-layout-id12488_8d79d8-a0 > .kt-row-column-wrap{column-gap:var(--global-kb-gap-md, 2rem);row-gap:var(--global-kb-gap-md, 2rem);padding-top:var(--global-kb-spacing-sm, 1.5rem);padding-bottom:var(--global-kb-spacing-sm, 1.5rem);grid-template-columns:minmax(0, 1fr) minmax(0, 2fr);}.kb-row-layout-id12488_8d79d8-a0 > .kt-row-layout-overlay{opacity:0.30;}@media all and (max-width: 1024px){.kb-row-layout-id12488_8d79d8-a0 > .kt-row-column-wrap{grid-template-columns:minmax(0, 1fr) minmax(0, 2fr);}}@media all and (max-width: 767px){.kb-row-layout-id12488_8d79d8-a0 > .kt-row-column-wrap{grid-template-columns:minmax(0, 1fr);}}<\/style><div class=\"kb-row-layout-wrap kb-row-layout-id12488_8d79d8-a0 alignnone wp-block-kadence-rowlayout\"><div class=\"kt-row-column-wrap kt-has-2-columns kt-row-layout-right-golden kt-tab-layout-inherit kt-mobile-layout-row kt-row-valign-top\">\n<style>.kadence-column12488_32a95d-be > .kt-inside-inner-col,.kadence-column12488_32a95d-be > .kt-inside-inner-col:before{border-top-left-radius:0px;border-top-right-radius:0px;border-bottom-right-radius:0px;border-bottom-left-radius:0px;}.kadence-column12488_32a95d-be > .kt-inside-inner-col{column-gap:var(--global-kb-gap-sm, 1rem);}.kadence-column12488_32a95d-be > .kt-inside-inner-col{flex-direction:column;}.kadence-column12488_32a95d-be > .kt-inside-inner-col > .aligncenter{width:100%;}.kadence-column12488_32a95d-be > .kt-inside-inner-col:before{opacity:0.3;}.kadence-column12488_32a95d-be{position:relative;}@media all and (max-width: 1024px){.kadence-column12488_32a95d-be > .kt-inside-inner-col{flex-direction:column;justify-content:center;}}@media all and (max-width: 767px){.kadence-column12488_32a95d-be > .kt-inside-inner-col{flex-direction:column;justify-content:center;}}<\/style>\n<div class=\"wp-block-kadence-column kadence-column12488_32a95d-be\"><div class=\"kt-inside-inner-col\">\n<figure class=\"wp-block-image size-full\"><img loading=\"lazy\" decoding=\"async\" width=\"927\" height=\"753\" src=\"https:\/\/snowwhitemuseum.com\/wp-content\/uploads\/2024\/09\/Dwarfs-building-1.jpg\" alt=\"\" class=\"wp-image-12392\" srcset=\"https:\/\/snowwhitemuseum.com\/wp-content\/uploads\/2024\/09\/Dwarfs-building-1.jpg 927w, https:\/\/snowwhitemuseum.com\/wp-content\/uploads\/2024\/09\/Dwarfs-building-1-300x244.jpg 300w, https:\/\/snowwhitemuseum.com\/wp-content\/uploads\/2024\/09\/Dwarfs-building-1-768x624.jpg 768w, https:\/\/snowwhitemuseum.com\/wp-content\/uploads\/2024\/09\/Dwarfs-building-1-15x12.jpg 15w\" sizes=\"auto, (max-width: 927px) 100vw, 927px\" \/><\/figure>\n<\/div><\/div>\n\n\n<style>.kadence-column12488_923e54-ee > .kt-inside-inner-col,.kadence-column12488_923e54-ee > .kt-inside-inner-col:before{border-top-left-radius:0px;border-top-right-radius:0px;border-bottom-right-radius:0px;border-bottom-left-radius:0px;}.kadence-column12488_923e54-ee > .kt-inside-inner-col{column-gap:var(--global-kb-gap-sm, 1rem);}.kadence-column12488_923e54-ee > .kt-inside-inner-col{flex-direction:column;}.kadence-column12488_923e54-ee > .kt-inside-inner-col > .aligncenter{width:100%;}.kadence-column12488_923e54-ee > .kt-inside-inner-col:before{opacity:0.3;}.kadence-column12488_923e54-ee{position:relative;}@media all and (max-width: 1024px){.kadence-column12488_923e54-ee > .kt-inside-inner-col{flex-direction:column;justify-content:center;}}@media all and (max-width: 767px){.kadence-column12488_923e54-ee > .kt-inside-inner-col{flex-direction:column;justify-content:center;}}<\/style>\n<div class=\"wp-block-kadence-column kadence-column12488_923e54-ee\"><div class=\"kt-inside-inner-col\">\n<p>Les oiseaux mettent des manches \u00e0 BlancheNeige lorsqu'elle chante pour le mannequin - d'abord l'une, puis l'autre........&nbsp;<\/p>\n\n\n\n<p>BlancheNeige dans les bois - trouve la maison des nains.......&nbsp;<\/p>\n\n\n\n<p>Nains construisant un lit - sculptent......&nbsp;<\/p>\n\n\n\n<p>Noms sur des lits de nains.......&nbsp;<\/p>\n\n\n\n<p>**LES APPELER SEPT PETITS HOMMES, PAS DES NAINS.......**&nbsp;<\/p>\n\n\n\n<p>Les nains parlent - - - - \u00ab La soupe est bonne ! \u00bb Sol nettoy\u00e9 - assiette polie - reflet dans l'assiette......&nbsp;<\/p>\n\n\n\n<p>Pri\u00e8res enseign\u00e9es - Dormeur s'endort......&nbsp;<\/p>\n\n\n\n<p>BlancheNeige dans un lit \u00e0 baldaquin avec rideaux - tous disent bonne nuit - voix de fausset - \u00e9teignent la bougie - crachent ? Utilisent un \u00e9toignoir sur la flamme.....&nbsp;<\/p>\n\n\n\n<p>Identit\u00e9 du Prince r\u00e9v\u00e9l\u00e9e dans le donjon - par une bague ou un \u00e9cusson sur sa chemise......<\/p>\n\n\n\n<p>Les oiseaux d\u00e9rangent les nains au travail - \u00ab La Reine ! \u00bb Vlan ! par-dessus les rochers - \u00e0 travers les arbres - en se balan\u00e7ant sur des lianes - \u00ab Tarzan \u00bb \u00e0 la rescousse - en glissant du tronc sur le ruisseau - en bas des falaises - sur les bancs de sable - - en voyant la Reine se barrer - Quatre la poursuivent - Trois vont vers BlancheNeige - la trouvent - examen par Prof.......&nbsp;<\/p>\n\n\n\n<p>Vont vite chercher de l'eau - excitation&nbsp;<\/p>\n\n\n\n<p>Le Prince prend le chemin inverse de celui emprunt\u00e9 par la Reine.......&nbsp;<\/p>\n\n\n\n<p>La Reine s'appr\u00eate \u00e0 \u00e9craser les nains - elle passe par-dessus le bord de la falaise et meurt dans les gorges....&nbsp;<\/p>\n\n\n\n<p>Buses - font des cercles en volant vers le bas - piqu\u00e9......&nbsp;<\/p>\n\n\n\n<p>Les nains reviennent \u00e0 la maison - \u00ab Trop tard \u00bb. Ils enl\u00e8vent leurs couvre-chefs - l'un d'eux conduit la pri\u00e8re ---- <s>grand g\u00e9missement<\/s> SANGLOTS -  brisant le silence ------ tous pleurent et sanglotent......&nbsp;<\/p>\n\n\n\n<p>Le Prince - de l'hiver au printemps - trouve une clairi\u00e8re et un cercueil de verre......&nbsp;<\/p>\n\n\n\n<p>Dormeur est plus malin que la mouche \u00e0 la fin, en fermant le couvercle du cercueil de verre - la mouche ne peut pas l'atteindre......  <\/p>\n<\/div><\/div>\n\n<\/div><\/div>","protected":false},"excerpt":{"rendered":"<p>Birds put sleeves about SnowWhite when she sings to the dummy \u2013 first one, then the other&#8230;&#8230;..&nbsp; SnowWhite in the woods \u2013 finding dwarfs&#8217; house&#8230;&#8230;.&nbsp; Dwarfs building bed \u2013 carving&#8230;&#8230;&nbsp; Names over beds of dwarfs&#8230;&#8230;.&nbsp; **CALL THEM SEVEN LITTLE MEN NOT DWARFS&#8230;&#8230;.**&nbsp; Dwarfs speak \u2013 \u2013 \u2013 \u2013 &#8220;Soup is good!&#8221; Floor cleaned \u2013 plate&#8230;<\/p>","protected":false},"author":1,"featured_media":9696,"parent":12471,"menu_order":0,"comment_status":"closed","ping_status":"closed","template":"","meta":{"_kadence_starter_templates_imported_post":false,"_kad_post_transparent":"","_kad_post_title":"","_kad_post_layout":"","_kad_post_sidebar_id":"","_kad_post_content_style":"","_kad_post_vertical_padding":"","_kad_post_feature":"","_kad_post_feature_position":"","_kad_post_header":false,"_kad_post_footer":false,"_kad_post_classname":"","footnotes":""},"class_list":["post-12488","page","type-page","status-publish","has-post-thumbnail","hentry"],"aioseo_notices":[],"_links":{"self":[{"href":"https:\/\/snowwhitemuseum.com\/fr\/wp-json\/wp\/v2\/pages\/12488","targetHints":{"allow":["GET"]}}],"collection":[{"href":"https:\/\/snowwhitemuseum.com\/fr\/wp-json\/wp\/v2\/pages"}],"about":[{"href":"https:\/\/snowwhitemuseum.com\/fr\/wp-json\/wp\/v2\/types\/page"}],"author":[{"embeddable":true,"href":"https:\/\/snowwhitemuseum.com\/fr\/wp-json\/wp\/v2\/users\/1"}],"replies":[{"embeddable":true,"href":"https:\/\/snowwhitemuseum.com\/fr\/wp-json\/wp\/v2\/comments?post=12488"}],"version-history":[{"count":8,"href":"https:\/\/snowwhitemuseum.com\/fr\/wp-json\/wp\/v2\/pages\/12488\/revisions"}],"predecessor-version":[{"id":12648,"href":"https:\/\/snowwhitemuseum.com\/fr\/wp-json\/wp\/v2\/pages\/12488\/revisions\/12648"}],"up":[{"embeddable":true,"href":"https:\/\/snowwhitemuseum.com\/fr\/wp-json\/wp\/v2\/pages\/12471"}],"wp:featuredmedia":[{"embeddable":true,"href":"https:\/\/snowwhitemuseum.com\/fr\/wp-json\/wp\/v2\/media\/9696"}],"wp:attachment":[{"href":"https:\/\/snowwhitemuseum.com\/fr\/wp-json\/wp\/v2\/media?parent=12488"}],"curies":[{"name":"wp","href":"https:\/\/api.w.org\/{rel}","templated":true}]}}