{"id":12565,"date":"2024-10-31T21:09:26","date_gmt":"2024-10-31T20:09:26","guid":{"rendered":"https:\/\/snowwhitemuseum.com\/?page_id=12565"},"modified":"2025-10-29T14:01:41","modified_gmt":"2025-10-29T13:01:41","slug":"richard-creedon","status":"publish","type":"page","link":"https:\/\/snowwhitemuseum.com\/fr\/about-the-film\/main-titles\/richard-creedon\/","title":{"rendered":"Richard Creedon"},"content":{"rendered":"<style>.wp-block-kadence-column.kb-section-dir-horizontal > .kt-inside-inner-col > .kt-info-box12565_0d47cf-fb .kt-blocks-info-box-link-wrap{max-width:unset;}.kt-info-box12565_0d47cf-fb .kt-blocks-info-box-link-wrap{padding-top:var(--global-kb-spacing-xs, 1rem);padding-right:var(--global-kb-spacing-xs, 1rem);padding-bottom:var(--global-kb-spacing-xs, 1rem);padding-left:var(--global-kb-spacing-xs, 1rem);}.kt-info-box12565_0d47cf-fb .kadence-info-box-icon-container .kt-info-svg-icon, .kt-info-box12565_0d47cf-fb .kt-info-svg-icon-flip, .kt-info-box12565_0d47cf-fb .kt-blocks-info-box-number{font-size:50px;}.kt-info-box12565_0d47cf-fb .kt-blocks-info-box-media{border-top-width:0px;border-right-width:0px;border-bottom-width:0px;border-left-width:0px;padding-top:10px;padding-right:10px;padding-bottom:10px;padding-left:10px;}.kt-info-box12565_0d47cf-fb .kt-blocks-info-box-media-container{margin-top:0px;margin-right:15px;margin-bottom:0px;margin-left:15px;}.kt-info-box12565_0d47cf-fb .kt-blocks-info-box-learnmore{background:transparent;border-width:0px 0px 0px 0px;padding-top:4px;padding-right:8px;padding-bottom:4px;padding-left:8px;margin-top:10px;margin-right:0px;margin-bottom:10px;margin-left:0px;}<\/style>\n<div class=\"wp-block-kadence-infobox kt-info-box12565_0d47cf-fb\"><div class=\"kt-blocks-info-box-link-wrap kt-blocks-info-box-media-align-top kt-info-halign-center\"><div class=\"kt-blocks-info-box-media-container\"><div class=\"kt-blocks-info-box-media kt-info-media-animate-none\"><div class=\"kadence-info-box-icon-container kt-info-icon-animate-none\"><div class=\"kadence-info-box-icon-inner-container\"><span class=\"kb-svg-icon-wrap kb-svg-icon-fe_clipboard kt-info-svg-icon\"><svg viewbox=\"0 0 24 24\"  fill=\"none\" stroke=\"currentColor\" stroke-width=\"2\" stroke-linecap=\"round\" stroke-linejoin=\"round\" xmlns=\"http:\/\/www.w3.org\/2000\/svg\"  aria-hidden=\"true\"><path d=\"M16 4h2a2 2 0 0 1 2 2v14a2 2 0 0 1-2 2H6a2 2 0 0 1-2-2V6a2 2 0 0 1 2-2h2\"\/><rect x=\"8\" y=\"2\" width=\"8\" height=\"4\" rx=\"1\" ry=\"1\"\/><\/svg><\/span><\/div><\/div><\/div><\/div><div class=\"kt-infobox-textcontent\"><h2 class=\"kt-blocks-info-box-title\">Information<\/h2><p class=\"kt-blocks-info-box-text\"><strong>Nom complet :<\/strong> Richard Granville Creedon<br><strong>Naissance :<\/strong> 10 avril 1896 \u00e0 Chicago, Cook, Illinois<br><strong>Mort :<\/strong> 6 mai 1964 \u00e0 Lutherville-Timonium, Baltimore, Maryland<br><br><strong>A travaill\u00e9 au studio Disney entre :<\/strong><br>? &#8211; ?<br><br><strong>Documents de production le mentionnant :<\/strong><br><a href=\"https:\/\/snowwhitemuseum.com\/fr\/about-the-film\/the-story\/production-documents\/story-conference-of-10-03-1934-suggestions-and-notes-on-snow-white\/\" title=\"R\u00e9union de sc\u00e9narisation du 03\/10\/1934 : Suggestions et notes sur Blanche Neige\">R\u00e9union de sc\u00e9narisation du 03\/10\/1934 : Suggestions et notes sur Blanche Neige<\/a><br><a href=\"https:\/\/snowwhitemuseum.com\/fr\/about-the-film\/the-story\/production-documents\/story-conference-of-10-09-1934-suggestions-and-notes-on-snow-white\/\" title=\"R\u00e9union de sc\u00e9narisation du 09\/10\/1934 : Suggestions et notes sur Blanche Neige\">R\u00e9union de sc\u00e9narisation du 09\/10\/1934 : Suggestions et notes sur Blanche Neige<\/a><br><a href=\"https:\/\/snowwhitemuseum.com\/fr\/about-the-film\/the-story\/production-documents\/story-conference-of-10-15-1934-suggestions-and-notes-on-snow-white\/\" title=\"R\u00e9union de sc\u00e9narisation du 15\/10\/1934 : Suggestions et notes sur Blanche Neige\">R\u00e9union de sc\u00e9narisation du 15\/10\/1934 : Suggestions et notes sur Blanche Neige<\/a><br><a href=\"https:\/\/snowwhitemuseum.com\/fr\/about-the-film\/the-story\/production-documents\/production-notes-on-snow-white-11-25-1935\/\" title=\"Notes de production sur Blanche Neige (25\/11\/1935)\">Notes de production sur Blanche Neige (25\/11\/1935)<\/a><br><br><strong>Travail sur <em>Blanche Neige :<\/em><\/strong><br>Sc\u00e9nariste<br>A travaill\u00e9 sur toutes les s\u00e9quences<br><br><a href=\"https:\/\/snowwhitemuseum.com\/fr\/about-the-film\/main-titles\/\">Retour au G\u00e9n\u00e9rique<\/a><\/p><\/div><\/div><\/div>\n\n\n<style>.kb-row-layout-id12565_8951e9-76 > .kt-row-column-wrap{align-content:start;}:where(.kb-row-layout-id12565_8951e9-76 > .kt-row-column-wrap) > .wp-block-kadence-column{justify-content:start;}.kb-row-layout-id12565_8951e9-76 > .kt-row-column-wrap{column-gap:var(--global-kb-gap-md, 2rem);row-gap:var(--global-kb-gap-md, 2rem);padding-top:var(--global-kb-spacing-sm, 1.5rem);padding-bottom:var(--global-kb-spacing-sm, 1.5rem);grid-template-columns:minmax(0, 1fr) minmax(0, 2fr);}.kb-row-layout-id12565_8951e9-76 > .kt-row-layout-overlay{opacity:0.30;}@media all and (max-width: 1024px){.kb-row-layout-id12565_8951e9-76 > .kt-row-column-wrap{grid-template-columns:minmax(0, 1fr) minmax(0, 2fr);}}@media all and (max-width: 767px){.kb-row-layout-id12565_8951e9-76 > .kt-row-column-wrap{grid-template-columns:minmax(0, 1fr);}}<\/style><div class=\"kb-row-layout-wrap kb-row-layout-id12565_8951e9-76 alignnone wp-block-kadence-rowlayout\"><div class=\"kt-row-column-wrap kt-has-2-columns kt-row-layout-right-golden kt-tab-layout-inherit kt-mobile-layout-row kt-row-valign-top\">\n<style>.kadence-column12565_660aa7-b8 > .kt-inside-inner-col,.kadence-column12565_660aa7-b8 > .kt-inside-inner-col:before{border-top-left-radius:0px;border-top-right-radius:0px;border-bottom-right-radius:0px;border-bottom-left-radius:0px;}.kadence-column12565_660aa7-b8 > .kt-inside-inner-col{column-gap:var(--global-kb-gap-sm, 1rem);}.kadence-column12565_660aa7-b8 > .kt-inside-inner-col{flex-direction:column;}.kadence-column12565_660aa7-b8 > .kt-inside-inner-col > .aligncenter{width:100%;}.kadence-column12565_660aa7-b8 > .kt-inside-inner-col:before{opacity:0.3;}.kadence-column12565_660aa7-b8{position:relative;}@media all and (max-width: 1024px){.kadence-column12565_660aa7-b8 > .kt-inside-inner-col{flex-direction:column;justify-content:center;}}@media all and (max-width: 767px){.kadence-column12565_660aa7-b8 > .kt-inside-inner-col{flex-direction:column;justify-content:center;}}<\/style>\n<div class=\"wp-block-kadence-column kadence-column12565_660aa7-b8\"><div class=\"kt-inside-inner-col\"><\/div><\/div>\n\n\n<style>.kadence-column12565_f43115-ee > .kt-inside-inner-col,.kadence-column12565_f43115-ee > .kt-inside-inner-col:before{border-top-left-radius:0px;border-top-right-radius:0px;border-bottom-right-radius:0px;border-bottom-left-radius:0px;}.kadence-column12565_f43115-ee > .kt-inside-inner-col{column-gap:var(--global-kb-gap-sm, 1rem);}.kadence-column12565_f43115-ee > .kt-inside-inner-col{flex-direction:column;}.kadence-column12565_f43115-ee > .kt-inside-inner-col > .aligncenter{width:100%;}.kadence-column12565_f43115-ee > .kt-inside-inner-col:before{opacity:0.3;}.kadence-column12565_f43115-ee{position:relative;}@media all and (max-width: 1024px){.kadence-column12565_f43115-ee > .kt-inside-inner-col{flex-direction:column;justify-content:center;}}@media all and (max-width: 767px){.kadence-column12565_f43115-ee > .kt-inside-inner-col{flex-direction:column;justify-content:center;}}<\/style>\n<div class=\"wp-block-kadence-column kadence-column12565_f43115-ee\"><div class=\"kt-inside-inner-col\">\n<p>Richard Creedon \u00e9tait sc\u00e9nariste pour la radio KHJ. Walt Disney l'engage, avec Ted Osborne, pour travailler sur une \u00e9mission de radio consacr\u00e9e \u00e0 Mickey, qui \u00e9choue apr\u00e8s quelques \u00e9pisodes. Creedon est alors transf\u00e9r\u00e9 au d\u00e9partement publicit\u00e9 sous la direction de Tom Wood et Ted Osborne part \u00e9crire pour le d\u00e9partement bande dessin\u00e9e avec Floyd Gottfredson.<\/p>\n\n\n\n<p>Creedon a jou\u00e9 un r\u00f4le d\u00e9terminant dans l'embauche de l'animateur <a href=\"https:\/\/snowwhitemuseum.com\/fr\/about-the-film\/main-titles\/eric-larson\/\">Eric Larson<\/a> en 1933.<\/p>\n\n\n\n<p>Il a r\u00e9dig\u00e9 une \u00e9bauche d'histoire pour <em>Blanche Neige<\/em> d\u00e8s le mois d'octobre 1934.<\/p>\n<\/div><\/div>\n\n<\/div><\/div>","protected":false},"excerpt":{"rendered":"<p>Richard Creedon worked as a scriptwriter for KHJ radio. Walt Disney hired him, along with Ted Osborne, to work on a Mickey Mouse radio show which failed after a few episodes. Creedon was then transferred to the publicity department under Tom Wood and Ted Osborne went to write for the comic strip department with Floyd&#8230;<\/p>","protected":false},"author":1,"featured_media":0,"parent":1655,"menu_order":0,"comment_status":"closed","ping_status":"closed","template":"","meta":{"_kadence_starter_templates_imported_post":false,"_kad_post_transparent":"","_kad_post_title":"","_kad_post_layout":"","_kad_post_sidebar_id":"","_kad_post_content_style":"","_kad_post_vertical_padding":"","_kad_post_feature":"","_kad_post_feature_position":"","_kad_post_header":false,"_kad_post_footer":false,"_kad_post_classname":"","footnotes":""},"class_list":["post-12565","page","type-page","status-publish","hentry"],"aioseo_notices":[],"_links":{"self":[{"href":"https:\/\/snowwhitemuseum.com\/fr\/wp-json\/wp\/v2\/pages\/12565","targetHints":{"allow":["GET"]}}],"collection":[{"href":"https:\/\/snowwhitemuseum.com\/fr\/wp-json\/wp\/v2\/pages"}],"about":[{"href":"https:\/\/snowwhitemuseum.com\/fr\/wp-json\/wp\/v2\/types\/page"}],"author":[{"embeddable":true,"href":"https:\/\/snowwhitemuseum.com\/fr\/wp-json\/wp\/v2\/users\/1"}],"replies":[{"embeddable":true,"href":"https:\/\/snowwhitemuseum.com\/fr\/wp-json\/wp\/v2\/comments?post=12565"}],"version-history":[{"count":9,"href":"https:\/\/snowwhitemuseum.com\/fr\/wp-json\/wp\/v2\/pages\/12565\/revisions"}],"predecessor-version":[{"id":17064,"href":"https:\/\/snowwhitemuseum.com\/fr\/wp-json\/wp\/v2\/pages\/12565\/revisions\/17064"}],"up":[{"embeddable":true,"href":"https:\/\/snowwhitemuseum.com\/fr\/wp-json\/wp\/v2\/pages\/1655"}],"wp:attachment":[{"href":"https:\/\/snowwhitemuseum.com\/fr\/wp-json\/wp\/v2\/media?parent=12565"}],"curies":[{"name":"wp","href":"https:\/\/api.w.org\/{rel}","templated":true}]}}