{"id":12567,"date":"2024-11-01T11:42:21","date_gmt":"2024-11-01T10:42:21","guid":{"rendered":"https:\/\/snowwhitemuseum.com\/?page_id=12567"},"modified":"2024-11-01T11:42:21","modified_gmt":"2024-11-01T10:42:21","slug":"otto-englander","status":"publish","type":"page","link":"https:\/\/snowwhitemuseum.com\/fr\/about-the-film\/main-titles\/otto-englander\/","title":{"rendered":"Otto Englander"},"content":{"rendered":"<style>.wp-block-kadence-column.kb-section-dir-horizontal > .kt-inside-inner-col > .kt-info-box12567_94de88-71 .kt-blocks-info-box-link-wrap{max-width:unset;}.kt-info-box12567_94de88-71 .kt-blocks-info-box-link-wrap{padding-top:var(--global-kb-spacing-xs, 1rem);padding-right:var(--global-kb-spacing-xs, 1rem);padding-bottom:var(--global-kb-spacing-xs, 1rem);padding-left:var(--global-kb-spacing-xs, 1rem);}.kt-info-box12567_94de88-71 .kadence-info-box-icon-container .kt-info-svg-icon, .kt-info-box12567_94de88-71 .kt-info-svg-icon-flip, .kt-info-box12567_94de88-71 .kt-blocks-info-box-number{font-size:50px;}.kt-info-box12567_94de88-71 .kt-blocks-info-box-media{border-top-width:0px;border-right-width:0px;border-bottom-width:0px;border-left-width:0px;padding-top:10px;padding-right:10px;padding-bottom:10px;padding-left:10px;}.kt-info-box12567_94de88-71 .kt-blocks-info-box-media-container{margin-top:0px;margin-right:15px;margin-bottom:0px;margin-left:15px;}.kt-info-box12567_94de88-71 .kt-blocks-info-box-learnmore{background:transparent;border-width:0px 0px 0px 0px;padding-top:4px;padding-right:8px;padding-bottom:4px;padding-left:8px;margin-top:10px;margin-right:0px;margin-bottom:10px;margin-left:0px;}<\/style>\n<div class=\"wp-block-kadence-infobox kt-info-box12567_94de88-71\"><div class=\"kt-blocks-info-box-link-wrap kt-blocks-info-box-media-align-top kt-info-halign-center\"><div class=\"kt-blocks-info-box-media-container\"><div class=\"kt-blocks-info-box-media kt-info-media-animate-none\"><div class=\"kadence-info-box-icon-container kt-info-icon-animate-none\"><div class=\"kadence-info-box-icon-inner-container\"><span class=\"kb-svg-icon-wrap kb-svg-icon-fe_clipboard kt-info-svg-icon\"><svg viewbox=\"0 0 24 24\"  fill=\"none\" stroke=\"currentColor\" stroke-width=\"2\" stroke-linecap=\"round\" stroke-linejoin=\"round\" xmlns=\"http:\/\/www.w3.org\/2000\/svg\"  aria-hidden=\"true\"><path d=\"M16 4h2a2 2 0 0 1 2 2v14a2 2 0 0 1-2 2H6a2 2 0 0 1-2-2V6a2 2 0 0 1 2-2h2\"\/><rect x=\"8\" y=\"2\" width=\"8\" height=\"4\" rx=\"1\" ry=\"1\"\/><\/svg><\/span><\/div><\/div><\/div><\/div><div class=\"kt-infobox-textcontent\"><h2 class=\"kt-blocks-info-box-title\">Information<\/h2><p class=\"kt-blocks-info-box-text\"><strong>Nom complet :<\/strong> Otto Englander<br><strong>Naissance :<\/strong> 17 f\u00e9vrier 1906 \u00e0 Tuzla, Bosnie<br><strong>Mort :<\/strong> 13 octobre 1969 \u00e0 Los Angeles, Californie<br><br><strong>Mariage :<\/strong><br>Ester Erna Pinto (24 f\u00e9vrier 1909 - 4 novembre 2008)<br><br><strong>Travail sur <em>Blanche Neige :<\/em><\/strong><br>Sc\u00e9nariste<br>A travaill\u00e9 sur toutes les s\u00e9quences<br><br><a href=\"https:\/\/snowwhitemuseum.com\/fr\/about-the-film\/main-titles\/\">Retour au G\u00e9n\u00e9rique<\/a><\/p><\/div><\/div><\/div>\n\n\n<style>.kb-row-layout-id12567_35c38f-d9 > .kt-row-column-wrap{align-content:start;}:where(.kb-row-layout-id12567_35c38f-d9 > .kt-row-column-wrap) > .wp-block-kadence-column{justify-content:start;}.kb-row-layout-id12567_35c38f-d9 > .kt-row-column-wrap{column-gap:var(--global-kb-gap-md, 2rem);row-gap:var(--global-kb-gap-md, 2rem);padding-top:var(--global-kb-spacing-sm, 1.5rem);padding-bottom:var(--global-kb-spacing-sm, 1.5rem);grid-template-columns:minmax(0, 1fr) minmax(0, 2fr);}.kb-row-layout-id12567_35c38f-d9 > .kt-row-layout-overlay{opacity:0.30;}@media all and (max-width: 1024px){.kb-row-layout-id12567_35c38f-d9 > .kt-row-column-wrap{grid-template-columns:minmax(0, 1fr) minmax(0, 2fr);}}@media all and (max-width: 767px){.kb-row-layout-id12567_35c38f-d9 > .kt-row-column-wrap{grid-template-columns:minmax(0, 1fr);}}<\/style><div class=\"kb-row-layout-wrap kb-row-layout-id12567_35c38f-d9 alignnone wp-block-kadence-rowlayout\"><div class=\"kt-row-column-wrap kt-has-2-columns kt-row-layout-right-golden kt-tab-layout-inherit kt-mobile-layout-row kt-row-valign-top\">\n<style>.kadence-column12567_70ea3d-63 > .kt-inside-inner-col,.kadence-column12567_70ea3d-63 > .kt-inside-inner-col:before{border-top-left-radius:0px;border-top-right-radius:0px;border-bottom-right-radius:0px;border-bottom-left-radius:0px;}.kadence-column12567_70ea3d-63 > .kt-inside-inner-col{column-gap:var(--global-kb-gap-sm, 1rem);}.kadence-column12567_70ea3d-63 > .kt-inside-inner-col{flex-direction:column;}.kadence-column12567_70ea3d-63 > .kt-inside-inner-col > .aligncenter{width:100%;}.kadence-column12567_70ea3d-63 > .kt-inside-inner-col:before{opacity:0.3;}.kadence-column12567_70ea3d-63{position:relative;}@media all and (max-width: 1024px){.kadence-column12567_70ea3d-63 > .kt-inside-inner-col{flex-direction:column;justify-content:center;}}@media all and (max-width: 767px){.kadence-column12567_70ea3d-63 > .kt-inside-inner-col{flex-direction:column;justify-content:center;}}<\/style>\n<div class=\"wp-block-kadence-column kadence-column12567_70ea3d-63\"><div class=\"kt-inside-inner-col\">\n<figure class=\"wp-block-image size-full\"><img loading=\"lazy\" decoding=\"async\" width=\"530\" height=\"753\" src=\"https:\/\/snowwhitemuseum.com\/wp-content\/uploads\/2024\/11\/Otto-Eglander-portrait.jpg\" alt=\"\" class=\"wp-image-12662\" srcset=\"https:\/\/snowwhitemuseum.com\/wp-content\/uploads\/2024\/11\/Otto-Eglander-portrait.jpg 530w, https:\/\/snowwhitemuseum.com\/wp-content\/uploads\/2024\/11\/Otto-Eglander-portrait-211x300.jpg 211w, https:\/\/snowwhitemuseum.com\/wp-content\/uploads\/2024\/11\/Otto-Eglander-portrait-8x12.jpg 8w\" sizes=\"auto, (max-width: 530px) 100vw, 530px\" \/><\/figure>\n<\/div><\/div>\n\n\n<style>.kadence-column12567_e2683b-34 > .kt-inside-inner-col,.kadence-column12567_e2683b-34 > .kt-inside-inner-col:before{border-top-left-radius:0px;border-top-right-radius:0px;border-bottom-right-radius:0px;border-bottom-left-radius:0px;}.kadence-column12567_e2683b-34 > .kt-inside-inner-col{column-gap:var(--global-kb-gap-sm, 1rem);}.kadence-column12567_e2683b-34 > .kt-inside-inner-col{flex-direction:column;}.kadence-column12567_e2683b-34 > .kt-inside-inner-col > .aligncenter{width:100%;}.kadence-column12567_e2683b-34 > .kt-inside-inner-col:before{opacity:0.3;}.kadence-column12567_e2683b-34{position:relative;}@media all and (max-width: 1024px){.kadence-column12567_e2683b-34 > .kt-inside-inner-col{flex-direction:column;justify-content:center;}}@media all and (max-width: 767px){.kadence-column12567_e2683b-34 > .kt-inside-inner-col{flex-direction:column;justify-content:center;}}<\/style>\n<div class=\"wp-block-kadence-column kadence-column12567_e2683b-34\"><div class=\"kt-inside-inner-col\">\n<p>Otto Englander a \u00e9t\u00e9 l'un des premiers collaborateurs de Walt Disney. Il a \u00e9galement travaill\u00e9 pour Ub Iwerks lorsque ce dernier avait son propre studio. \u00c0 partir des ann\u00e9es 1940, il \u00e9crit des sc\u00e9narios pour des films en prises de vues r\u00e9elles chez Warner Bros, des soci\u00e9t\u00e9s ind\u00e9pendantes et pour la t\u00e9l\u00e9vision. <\/p>\n<\/div><\/div>\n\n<\/div><\/div>","protected":false},"excerpt":{"rendered":"<p>Otto Englander a \u00e9t\u00e9 l'un des premiers collaborateurs de Walt Disney. Il a \u00e9galement travaill\u00e9 pour Ub Iwerks lorsque ce dernier avait son propre studio. \u00c0 partir des ann\u00e9es 1940, il \u00e9crit des sc\u00e9narios pour des films en prises de vues r\u00e9elles chez Warner Bros, des soci\u00e9t\u00e9s ind\u00e9pendantes et pour la t\u00e9l\u00e9vision.<\/p>","protected":false},"author":1,"featured_media":12661,"parent":1655,"menu_order":0,"comment_status":"closed","ping_status":"closed","template":"","meta":{"_kadence_starter_templates_imported_post":false,"_kad_post_transparent":"","_kad_post_title":"","_kad_post_layout":"","_kad_post_sidebar_id":"","_kad_post_content_style":"","_kad_post_vertical_padding":"","_kad_post_feature":"","_kad_post_feature_position":"","_kad_post_header":false,"_kad_post_footer":false,"_kad_post_classname":"","footnotes":""},"class_list":["post-12567","page","type-page","status-publish","has-post-thumbnail","hentry"],"aioseo_notices":[],"_links":{"self":[{"href":"https:\/\/snowwhitemuseum.com\/fr\/wp-json\/wp\/v2\/pages\/12567","targetHints":{"allow":["GET"]}}],"collection":[{"href":"https:\/\/snowwhitemuseum.com\/fr\/wp-json\/wp\/v2\/pages"}],"about":[{"href":"https:\/\/snowwhitemuseum.com\/fr\/wp-json\/wp\/v2\/types\/page"}],"author":[{"embeddable":true,"href":"https:\/\/snowwhitemuseum.com\/fr\/wp-json\/wp\/v2\/users\/1"}],"replies":[{"embeddable":true,"href":"https:\/\/snowwhitemuseum.com\/fr\/wp-json\/wp\/v2\/comments?post=12567"}],"version-history":[{"count":5,"href":"https:\/\/snowwhitemuseum.com\/fr\/wp-json\/wp\/v2\/pages\/12567\/revisions"}],"predecessor-version":[{"id":12665,"href":"https:\/\/snowwhitemuseum.com\/fr\/wp-json\/wp\/v2\/pages\/12567\/revisions\/12665"}],"up":[{"embeddable":true,"href":"https:\/\/snowwhitemuseum.com\/fr\/wp-json\/wp\/v2\/pages\/1655"}],"wp:featuredmedia":[{"embeddable":true,"href":"https:\/\/snowwhitemuseum.com\/fr\/wp-json\/wp\/v2\/media\/12661"}],"wp:attachment":[{"href":"https:\/\/snowwhitemuseum.com\/fr\/wp-json\/wp\/v2\/media?parent=12567"}],"curies":[{"name":"wp","href":"https:\/\/api.w.org\/{rel}","templated":true}]}}