{"id":12573,"date":"2024-11-02T14:46:38","date_gmt":"2024-11-02T13:46:38","guid":{"rendered":"https:\/\/snowwhitemuseum.com\/?page_id=12573"},"modified":"2025-08-05T08:58:57","modified_gmt":"2025-08-05T06:58:57","slug":"merrill-de-maris","status":"publish","type":"page","link":"https:\/\/snowwhitemuseum.com\/fr\/about-the-film\/main-titles\/merrill-de-maris\/","title":{"rendered":"Merrill De Maris"},"content":{"rendered":"<style>.wp-block-kadence-column.kb-section-dir-horizontal > .kt-inside-inner-col > .kt-info-box12573_43d00d-5e .kt-blocks-info-box-link-wrap{max-width:unset;}.kt-info-box12573_43d00d-5e .kt-blocks-info-box-link-wrap{padding-top:var(--global-kb-spacing-xs, 1rem);padding-right:var(--global-kb-spacing-xs, 1rem);padding-bottom:var(--global-kb-spacing-xs, 1rem);padding-left:var(--global-kb-spacing-xs, 1rem);}.kt-info-box12573_43d00d-5e .kadence-info-box-icon-container .kt-info-svg-icon, .kt-info-box12573_43d00d-5e .kt-info-svg-icon-flip, .kt-info-box12573_43d00d-5e .kt-blocks-info-box-number{font-size:50px;}.kt-info-box12573_43d00d-5e .kt-blocks-info-box-media{border-top-width:0px;border-right-width:0px;border-bottom-width:0px;border-left-width:0px;padding-top:10px;padding-right:10px;padding-bottom:10px;padding-left:10px;}.kt-info-box12573_43d00d-5e .kt-blocks-info-box-media-container{margin-top:0px;margin-right:15px;margin-bottom:0px;margin-left:15px;}.kt-info-box12573_43d00d-5e .kt-blocks-info-box-learnmore{background:transparent;border-width:0px 0px 0px 0px;padding-top:4px;padding-right:8px;padding-bottom:4px;padding-left:8px;margin-top:10px;margin-right:0px;margin-bottom:10px;margin-left:0px;}<\/style>\n<div class=\"wp-block-kadence-infobox kt-info-box12573_43d00d-5e\"><div class=\"kt-blocks-info-box-link-wrap kt-blocks-info-box-media-align-top kt-info-halign-center\"><div class=\"kt-blocks-info-box-media-container\"><div class=\"kt-blocks-info-box-media kt-info-media-animate-none\"><div class=\"kadence-info-box-icon-container kt-info-icon-animate-none\"><div class=\"kadence-info-box-icon-inner-container\"><span class=\"kb-svg-icon-wrap kb-svg-icon-fe_clipboard kt-info-svg-icon\"><svg viewbox=\"0 0 24 24\"  fill=\"none\" stroke=\"currentColor\" stroke-width=\"2\" stroke-linecap=\"round\" stroke-linejoin=\"round\" xmlns=\"http:\/\/www.w3.org\/2000\/svg\"  aria-hidden=\"true\"><path d=\"M16 4h2a2 2 0 0 1 2 2v14a2 2 0 0 1-2 2H6a2 2 0 0 1-2-2V6a2 2 0 0 1 2-2h2\"\/><rect x=\"8\" y=\"2\" width=\"8\" height=\"4\" rx=\"1\" ry=\"1\"\/><\/svg><\/span><\/div><\/div><\/div><\/div><div class=\"kt-infobox-textcontent\"><h2 class=\"kt-blocks-info-box-title\">Information<\/h2><p class=\"kt-blocks-info-box-text\"><strong>Nom complet :<\/strong> Merrill De Maris<br><strong>Naissance :<\/strong> 26 f\u00e9vrier 1898 dans le New Jersey<br><strong>Mort :<\/strong> 31 d\u00e9cembre 1948 \u00e0 Escondido, Californie<br><br><strong>A travaill\u00e9 au studio Disney entre :<\/strong><br>28 novembre 1932 - 1942<br><br><strong>Travail sur <em>Blanche Neige :<\/em><\/strong><br>Sc\u00e9nariste<br>A travaill\u00e9 sur toutes les s\u00e9quences<br>Auteur de <a href=\"https:\/\/snowwhitemuseum.com\/fr\/merchandising\/books\/american-books\/snow-white-and-the-seven-dwarfs-comic-strip-king-features-syndicate-1937\/\" title=\"Bande dessin\u00e9e Blanche Neige et les sept nains (King Features Syndicate) 1937\">l'adaptation en bande dessin\u00e9e de 1937<\/a><br><br><a href=\"https:\/\/snowwhitemuseum.com\/fr\/about-the-film\/main-titles\/\">Retour au G\u00e9n\u00e9rique<\/a><\/p><\/div><\/div><\/div>\n\n\n<style>.kb-row-layout-id12573_b875f2-9a > .kt-row-column-wrap{align-content:start;}:where(.kb-row-layout-id12573_b875f2-9a > .kt-row-column-wrap) > .wp-block-kadence-column{justify-content:start;}.kb-row-layout-id12573_b875f2-9a > .kt-row-column-wrap{column-gap:var(--global-kb-gap-md, 2rem);row-gap:var(--global-kb-gap-md, 2rem);padding-top:var(--global-kb-spacing-sm, 1.5rem);padding-bottom:var(--global-kb-spacing-sm, 1.5rem);grid-template-columns:minmax(0, 1fr) minmax(0, 2fr);}.kb-row-layout-id12573_b875f2-9a > .kt-row-layout-overlay{opacity:0.30;}@media all and (max-width: 1024px){.kb-row-layout-id12573_b875f2-9a > .kt-row-column-wrap{grid-template-columns:minmax(0, 1fr) minmax(0, 2fr);}}@media all and (max-width: 767px){.kb-row-layout-id12573_b875f2-9a > .kt-row-column-wrap{grid-template-columns:minmax(0, 1fr);}}<\/style><div class=\"kb-row-layout-wrap kb-row-layout-id12573_b875f2-9a alignnone wp-block-kadence-rowlayout\"><div class=\"kt-row-column-wrap kt-has-2-columns kt-row-layout-right-golden kt-tab-layout-inherit kt-mobile-layout-row kt-row-valign-top\">\n<style>.kadence-column12573_8240fb-31 > .kt-inside-inner-col,.kadence-column12573_8240fb-31 > .kt-inside-inner-col:before{border-top-left-radius:0px;border-top-right-radius:0px;border-bottom-right-radius:0px;border-bottom-left-radius:0px;}.kadence-column12573_8240fb-31 > .kt-inside-inner-col{column-gap:var(--global-kb-gap-sm, 1rem);}.kadence-column12573_8240fb-31 > .kt-inside-inner-col{flex-direction:column;}.kadence-column12573_8240fb-31 > .kt-inside-inner-col > .aligncenter{width:100%;}.kadence-column12573_8240fb-31 > .kt-inside-inner-col:before{opacity:0.3;}.kadence-column12573_8240fb-31{position:relative;}@media all and (max-width: 1024px){.kadence-column12573_8240fb-31 > .kt-inside-inner-col{flex-direction:column;justify-content:center;}}@media all and (max-width: 767px){.kadence-column12573_8240fb-31 > .kt-inside-inner-col{flex-direction:column;justify-content:center;}}<\/style>\n<div class=\"wp-block-kadence-column kadence-column12573_8240fb-31\"><div class=\"kt-inside-inner-col\">\n<figure class=\"wp-block-image size-full\"><img loading=\"lazy\" decoding=\"async\" width=\"298\" height=\"352\" src=\"https:\/\/snowwhitemuseum.com\/wp-content\/uploads\/2024\/11\/Merril-de-Maris-portrait.jpg\" alt=\"\" class=\"wp-image-12683\" srcset=\"https:\/\/snowwhitemuseum.com\/wp-content\/uploads\/2024\/11\/Merril-de-Maris-portrait.jpg 298w, https:\/\/snowwhitemuseum.com\/wp-content\/uploads\/2024\/11\/Merril-de-Maris-portrait-254x300.jpg 254w, https:\/\/snowwhitemuseum.com\/wp-content\/uploads\/2024\/11\/Merril-de-Maris-portrait-10x12.jpg 10w\" sizes=\"auto, (max-width: 298px) 100vw, 298px\" \/><\/figure>\n<\/div><\/div>\n\n\n<style>.kadence-column12573_9b8aba-61 > .kt-inside-inner-col,.kadence-column12573_9b8aba-61 > .kt-inside-inner-col:before{border-top-left-radius:0px;border-top-right-radius:0px;border-bottom-right-radius:0px;border-bottom-left-radius:0px;}.kadence-column12573_9b8aba-61 > .kt-inside-inner-col{column-gap:var(--global-kb-gap-sm, 1rem);}.kadence-column12573_9b8aba-61 > .kt-inside-inner-col{flex-direction:column;}.kadence-column12573_9b8aba-61 > .kt-inside-inner-col > .aligncenter{width:100%;}.kadence-column12573_9b8aba-61 > .kt-inside-inner-col:before{opacity:0.3;}.kadence-column12573_9b8aba-61{position:relative;}@media all and (max-width: 1024px){.kadence-column12573_9b8aba-61 > .kt-inside-inner-col{flex-direction:column;justify-content:center;}}@media all and (max-width: 767px){.kadence-column12573_9b8aba-61 > .kt-inside-inner-col{flex-direction:column;justify-content:center;}}<\/style>\n<div class=\"wp-block-kadence-column kadence-column12573_9b8aba-61\"><div class=\"kt-inside-inner-col\">\n<p>Merrill De Maris a travaill\u00e9 sur le sc\u00e9nario de <em>Blanche Neige et les sept nains<\/em> , mais il est surtout connu pour sa contribution aux bandes dessin\u00e9es de Walt Disney. Il est possible qu\u2019il ait attir\u00e9 l\u2019attention du studio car il savait apparemment aussi dessiner : dans le num\u00e9ro de janvier du magazine The American Girl, l\u2019histoire \"The Nerve Trainers\" d\u2019E.K. Ensdale est illustr\u00e9e par Merrill De Maris.<\/p>\n\n\n\n<p>Il a travaill\u00e9 sur des histoires de Mickey Mouse et sur des adaptations des Silly Symphonies, comme <em>Le pauvre petit abandonn\u00e9<\/em>. Ces histoires \u00e9taient g\u00e9n\u00e9ralement dessin\u00e9es par Floyd Gottfredson. Walt Disney avait parfois besoin de lui pour les dessins anim\u00e9s, si bien que lui et Ted Osborne \u00e9changeaient leurs r\u00f4les entre l\u2019\u00e9criture pour les films d'animation et les bandes dessin\u00e9es. Finalement, Floyd Gottfredson a estim\u00e9 que De Maris \u00e9tait meilleur, et Osborne a \u00e9t\u00e9 \u00e9cart\u00e9.<\/p>\n\n\n\n<p>Lorsque les longs-m\u00e9trages sont apparus, il a \u00e9t\u00e9 charg\u00e9 de les adapter en bandes dessin\u00e9es. Ses adaptations de <em><a href=\"https:\/\/snowwhitemuseum.com\/fr\/merchandising\/books\/american-books\/snow-white-and-the-seven-dwarfs-comic-strip-king-features-syndicate-1937\/\" title=\"Bande dessin\u00e9e Blanche Neige et les sept nains (King Features Syndicate) 1937\">Blanche Neige<\/a><\/em>, <em>Pinocchio<\/em>, et <em>Bambi<\/em> ont \u00e9t\u00e9 illustr\u00e9es par Hank Porter et encr\u00e9es par Bob Grant.<\/p>\n\n\n\n<p>En 1942, Dick Shaw a remplac\u00e9 Merrill De Maris chez King Features lorsque les p\u00e9nuries li\u00e9es \u00e0 la Seconde Guerre mondiale ont r\u00e9duit la taille et la fr\u00e9quence des journaux. Merrill a souffert de probl\u00e8mes de sant\u00e9 et est devenu jardinier.<\/p>\n<\/div><\/div>\n\n<\/div><\/div>","protected":false},"excerpt":{"rendered":"<p>Merrill De Maris worked on the script of Snow White and the Seven Dwarfs but he remains most known for his contribution to Walt Disney comic strips. It is possible that he caught the eye of the studio because he could apparently also draw: in the January issue of the magazine The American Girl, the&#8230;<\/p>","protected":false},"author":1,"featured_media":12684,"parent":1655,"menu_order":0,"comment_status":"closed","ping_status":"closed","template":"","meta":{"_kadence_starter_templates_imported_post":false,"_kad_post_transparent":"","_kad_post_title":"","_kad_post_layout":"","_kad_post_sidebar_id":"","_kad_post_content_style":"","_kad_post_vertical_padding":"","_kad_post_feature":"","_kad_post_feature_position":"","_kad_post_header":false,"_kad_post_footer":false,"_kad_post_classname":"","footnotes":""},"class_list":["post-12573","page","type-page","status-publish","has-post-thumbnail","hentry"],"aioseo_notices":[],"_links":{"self":[{"href":"https:\/\/snowwhitemuseum.com\/fr\/wp-json\/wp\/v2\/pages\/12573","targetHints":{"allow":["GET"]}}],"collection":[{"href":"https:\/\/snowwhitemuseum.com\/fr\/wp-json\/wp\/v2\/pages"}],"about":[{"href":"https:\/\/snowwhitemuseum.com\/fr\/wp-json\/wp\/v2\/types\/page"}],"author":[{"embeddable":true,"href":"https:\/\/snowwhitemuseum.com\/fr\/wp-json\/wp\/v2\/users\/1"}],"replies":[{"embeddable":true,"href":"https:\/\/snowwhitemuseum.com\/fr\/wp-json\/wp\/v2\/comments?post=12573"}],"version-history":[{"count":7,"href":"https:\/\/snowwhitemuseum.com\/fr\/wp-json\/wp\/v2\/pages\/12573\/revisions"}],"predecessor-version":[{"id":16511,"href":"https:\/\/snowwhitemuseum.com\/fr\/wp-json\/wp\/v2\/pages\/12573\/revisions\/16511"}],"up":[{"embeddable":true,"href":"https:\/\/snowwhitemuseum.com\/fr\/wp-json\/wp\/v2\/pages\/1655"}],"wp:featuredmedia":[{"embeddable":true,"href":"https:\/\/snowwhitemuseum.com\/fr\/wp-json\/wp\/v2\/media\/12684"}],"wp:attachment":[{"href":"https:\/\/snowwhitemuseum.com\/fr\/wp-json\/wp\/v2\/media?parent=12573"}],"curies":[{"name":"wp","href":"https:\/\/api.w.org\/{rel}","templated":true}]}}