{"id":12690,"date":"2024-11-02T15:54:14","date_gmt":"2024-11-02T14:54:14","guid":{"rendered":"https:\/\/snowwhitemuseum.com\/?page_id=12690"},"modified":"2025-02-15T11:37:52","modified_gmt":"2025-02-15T10:37:52","slug":"hal-adelquist","status":"publish","type":"page","link":"https:\/\/snowwhitemuseum.com\/fr\/about-the-film\/main-titles\/hal-adelquist\/","title":{"rendered":"Hal Adelquist"},"content":{"rendered":"<style>.wp-block-kadence-column.kb-section-dir-horizontal > .kt-inside-inner-col > .kt-info-box12690_430ea8-cd .kt-blocks-info-box-link-wrap{max-width:unset;}.kt-info-box12690_430ea8-cd .kt-blocks-info-box-link-wrap{padding-top:var(--global-kb-spacing-xs, 1rem);padding-right:var(--global-kb-spacing-xs, 1rem);padding-bottom:var(--global-kb-spacing-xs, 1rem);padding-left:var(--global-kb-spacing-xs, 1rem);}.kt-info-box12690_430ea8-cd .kadence-info-box-icon-container .kt-info-svg-icon, .kt-info-box12690_430ea8-cd .kt-info-svg-icon-flip, .kt-info-box12690_430ea8-cd .kt-blocks-info-box-number{font-size:50px;}.kt-info-box12690_430ea8-cd .kt-blocks-info-box-media{border-top-width:0px;border-right-width:0px;border-bottom-width:0px;border-left-width:0px;padding-top:10px;padding-right:10px;padding-bottom:10px;padding-left:10px;}.kt-info-box12690_430ea8-cd .kt-blocks-info-box-media-container{margin-top:0px;margin-right:15px;margin-bottom:0px;margin-left:15px;}.kt-info-box12690_430ea8-cd .kt-blocks-info-box-learnmore{background:transparent;border-width:0px 0px 0px 0px;padding-top:4px;padding-right:8px;padding-bottom:4px;padding-left:8px;margin-top:10px;margin-right:0px;margin-bottom:10px;margin-left:0px;}<\/style>\n<div class=\"wp-block-kadence-infobox kt-info-box12690_430ea8-cd\"><div class=\"kt-blocks-info-box-link-wrap kt-blocks-info-box-media-align-top kt-info-halign-center\"><div class=\"kt-blocks-info-box-media-container\"><div class=\"kt-blocks-info-box-media kt-info-media-animate-none\"><div class=\"kadence-info-box-icon-container kt-info-icon-animate-none\"><div class=\"kadence-info-box-icon-inner-container\"><span class=\"kb-svg-icon-wrap kb-svg-icon-fe_clipboard kt-info-svg-icon\"><svg viewbox=\"0 0 24 24\"  fill=\"none\" stroke=\"currentColor\" stroke-width=\"2\" stroke-linecap=\"round\" stroke-linejoin=\"round\" xmlns=\"http:\/\/www.w3.org\/2000\/svg\"  aria-hidden=\"true\"><path d=\"M16 4h2a2 2 0 0 1 2 2v14a2 2 0 0 1-2 2H6a2 2 0 0 1-2-2V6a2 2 0 0 1 2-2h2\"\/><rect x=\"8\" y=\"2\" width=\"8\" height=\"4\" rx=\"1\" ry=\"1\"\/><\/svg><\/span><\/div><\/div><\/div><\/div><div class=\"kt-infobox-textcontent\"><h2 class=\"kt-blocks-info-box-title\">Information<\/h2><p class=\"kt-blocks-info-box-text\"><strong>Nom complet :<\/strong> Harold Lennis Adelquist Jr.<br><strong>Naissance :<\/strong> 11 juillet 1914 \u00e0 Salt Lake City, Utah<br><strong>Mort :<\/strong> 26 mars 1981 \u00e0 Long Beach, Californie<br><br><strong>Mariage :<\/strong><br>Viva Jeanetta Harris (24 d\u00e9cembre 1935 - janvier 1966)<br><br><strong>A travaill\u00e9 au studio Disney entre :<\/strong><br>1932 &#8211; 1956<br><br><strong>Travail sur <em>Blanche Neige :<\/em><\/strong><br>Assistant r\u00e9alisateur de <a href=\"https:\/\/snowwhitemuseum.com\/fr\/about-the-film\/main-titles\/william-cottrell\/\" title=\"William Cottrell\">William Cottrell<\/a> sur les s\u00e9quences <a href=\"https:\/\/snowwhitemuseum.com\/fr\/images\/production-art\/sequence-1b-first-queen-and-mirror-sequence\/\" title=\"Sequence 1B \u2013 First Queen and Mirror Sequence\">1B<\/a>, <a href=\"https:\/\/snowwhitemuseum.com\/fr\/images\/production-art\/sequence-2b-queen-orders-snow-whites-death\/\" title=\"Sequence 2B \u2013 Queen Orders Snow White\u2019s Death\">2B<\/a>, <a href=\"https:\/\/snowwhitemuseum.com\/fr\/images\/production-art\/sequence-3a-snow-white-and-huntsman-snow-white-into-woods\/\" title=\"Sequence 3A \u2013 Snow White and Huntsman \u2013 Snow White into Woods\">3A<\/a>, <a href=\"https:\/\/snowwhitemuseum.com\/fr\/images\/production-art\/sequence-7a-queen-leaves-mirror-prepares-disguise\/\" title=\"Sequence 7A \u2013 Queen Leaves Mirror \u2013 Prepares Disguise\">7A<\/a>, <a href=\"https:\/\/snowwhitemuseum.com\/fr\/images\/production-art\/sequence-9a-witch-at-cauldron-prepares-apple\/\" title=\"Sequence 9A \u2013 Witch at Cauldron \u2013 Prepares Apple\">9A<\/a>, <a href=\"https:\/\/snowwhitemuseum.com\/fr\/images\/production-art\/sequence-13a-snow-white-making-pies-witch-enters-house\/\" title=\"S\u00e9quence 13A - Blanche Neige fait des tartes - La sorci\u00e8re entre dans la maison\">13A<\/a>, <a href=\"https:\/\/snowwhitemuseum.com\/fr\/images\/production-art\/sequence-14c-witch-urges-snow-white-to-make-wish\/\" title=\"Sequence 14C \u2013 Witch Urges Snow White to Make Wish\">14C<\/a>, <a href=\"https:\/\/snowwhitemuseum.com\/fr\/images\/production-art\/sequence-14f-snow-white-starts-wish\/\" title=\"Sequence 14F \u2013 Snow White Starts Wish\">14F<\/a>, <a href=\"https:\/\/snowwhitemuseum.com\/fr\/images\/production-art\/sequence-14h-snow-white-dies\/\" title=\"Sequence 14H \u2013 Snow White Dies\">14H<\/a><br>Assistant r\u00e9alisateur de <a href=\"https:\/\/snowwhitemuseum.com\/fr\/about-the-film\/main-titles\/perce-pearce\/\">Perce Pearce<\/a> &amp; <a href=\"https:\/\/snowwhitemuseum.com\/fr\/about-the-film\/main-titles\/hamilton-luske\/\">Hamilton Luske<\/a> sur les s\u00e9quences <a href=\"https:\/\/snowwhitemuseum.com\/fr\/images\/production-art\/sequence-3b-snow-white-meets-animals\/\" title=\"S\u00e9quence 3B - Blanche-Neige rencontre les animaux\">3B<\/a>, <a href=\"https:\/\/snowwhitemuseum.com\/fr\/images\/production-art\/sequence-3c-snow-white-discovers-dwarfs-house\/\" title=\"Sequence 3C \u2013 Snow White Discovers Dwarfs\u2019 House\">3C<\/a>, <a href=\"https:\/\/snowwhitemuseum.com\/fr\/images\/production-art\/sequence-3d-snow-white-and-animals-clean-house\/\" title=\"Sequence 3D \u2013 Snow White and Animals Clean House\">3D<\/a>, <a href=\"https:\/\/snowwhitemuseum.com\/fr\/images\/production-art\/sequence-4c-snow-white-discovers-bedroom\/\" title=\"Sequence 4C \u2013 Snow White Discovers Bedroom\">4C<\/a>.<br>Assistant r\u00e9alisateur de <a href=\"https:\/\/snowwhitemuseum.com\/fr\/about-the-film\/main-titles\/perce-pearce\/\">Perce Pearce<\/a> sur les s\u00e9quences <a href=\"https:\/\/snowwhitemuseum.com\/fr\/images\/production-art\/sequence-5a-bedroom\/\" title=\"la s\u00e9quence 5A\">5A<\/a>, <a href=\"https:\/\/snowwhitemuseum.com\/fr\/images\/production-art\/sequence-6a-dwarfs-at-tub-washing\/\" title=\"Sequence 6A \u2013 Dwarfs at Tub Washing\">6A<\/a>, <a href=\"https:\/\/snowwhitemuseum.com\/fr\/images\/production-art\/sequence-6b-soup-sequence\/\" title=\"Sequence 6B \u2013 Soup Sequence\">6B<\/a>. <br><br><a href=\"https:\/\/snowwhitemuseum.com\/fr\/about-the-film\/main-titles\/\">Retour au G\u00e9n\u00e9rique<\/a><\/p><\/div><\/div><\/div>\n\n\n<style>.kb-row-layout-id12690_70cb9b-d7 > .kt-row-column-wrap{align-content:start;}:where(.kb-row-layout-id12690_70cb9b-d7 > .kt-row-column-wrap) > .wp-block-kadence-column{justify-content:start;}.kb-row-layout-id12690_70cb9b-d7 > .kt-row-column-wrap{column-gap:var(--global-kb-gap-md, 2rem);row-gap:var(--global-kb-gap-md, 2rem);padding-top:var(--global-kb-spacing-sm, 1.5rem);padding-bottom:var(--global-kb-spacing-sm, 1.5rem);grid-template-columns:minmax(0, 1fr) minmax(0, 2fr);}.kb-row-layout-id12690_70cb9b-d7 > .kt-row-layout-overlay{opacity:0.30;}@media all and (max-width: 1024px){.kb-row-layout-id12690_70cb9b-d7 > .kt-row-column-wrap{grid-template-columns:minmax(0, 1fr) minmax(0, 2fr);}}@media all and (max-width: 767px){.kb-row-layout-id12690_70cb9b-d7 > .kt-row-column-wrap{grid-template-columns:minmax(0, 1fr);}}<\/style><div class=\"kb-row-layout-wrap kb-row-layout-id12690_70cb9b-d7 alignnone wp-block-kadence-rowlayout\"><div class=\"kt-row-column-wrap kt-has-2-columns kt-row-layout-right-golden kt-tab-layout-inherit kt-mobile-layout-row kt-row-valign-top\">\n<style>.kadence-column12690_94ac8e-b6 > .kt-inside-inner-col,.kadence-column12690_94ac8e-b6 > .kt-inside-inner-col:before{border-top-left-radius:0px;border-top-right-radius:0px;border-bottom-right-radius:0px;border-bottom-left-radius:0px;}.kadence-column12690_94ac8e-b6 > .kt-inside-inner-col{column-gap:var(--global-kb-gap-sm, 1rem);}.kadence-column12690_94ac8e-b6 > .kt-inside-inner-col{flex-direction:column;}.kadence-column12690_94ac8e-b6 > .kt-inside-inner-col > .aligncenter{width:100%;}.kadence-column12690_94ac8e-b6 > .kt-inside-inner-col:before{opacity:0.3;}.kadence-column12690_94ac8e-b6{position:relative;}@media all and (max-width: 1024px){.kadence-column12690_94ac8e-b6 > .kt-inside-inner-col{flex-direction:column;justify-content:center;}}@media all and (max-width: 767px){.kadence-column12690_94ac8e-b6 > .kt-inside-inner-col{flex-direction:column;justify-content:center;}}<\/style>\n<div class=\"wp-block-kadence-column kadence-column12690_94ac8e-b6\"><div class=\"kt-inside-inner-col\">\n<figure class=\"wp-block-image size-full\"><img loading=\"lazy\" decoding=\"async\" width=\"753\" height=\"753\" src=\"https:\/\/snowwhitemuseum.com\/wp-content\/uploads\/2024\/11\/Hal-Adelquist-portrait.jpg\" alt=\"\" class=\"wp-image-12692\" srcset=\"https:\/\/snowwhitemuseum.com\/wp-content\/uploads\/2024\/11\/Hal-Adelquist-portrait.jpg 753w, https:\/\/snowwhitemuseum.com\/wp-content\/uploads\/2024\/11\/Hal-Adelquist-portrait-300x300.jpg 300w, https:\/\/snowwhitemuseum.com\/wp-content\/uploads\/2024\/11\/Hal-Adelquist-portrait-150x150.jpg 150w, https:\/\/snowwhitemuseum.com\/wp-content\/uploads\/2024\/11\/Hal-Adelquist-portrait-12x12.jpg 12w\" sizes=\"auto, (max-width: 753px) 100vw, 753px\" \/><\/figure>\n<\/div><\/div>\n\n\n<style>.kadence-column12690_73c3d3-bc > .kt-inside-inner-col,.kadence-column12690_73c3d3-bc > .kt-inside-inner-col:before{border-top-left-radius:0px;border-top-right-radius:0px;border-bottom-right-radius:0px;border-bottom-left-radius:0px;}.kadence-column12690_73c3d3-bc > .kt-inside-inner-col{column-gap:var(--global-kb-gap-sm, 1rem);}.kadence-column12690_73c3d3-bc > .kt-inside-inner-col{flex-direction:column;}.kadence-column12690_73c3d3-bc > .kt-inside-inner-col > .aligncenter{width:100%;}.kadence-column12690_73c3d3-bc > .kt-inside-inner-col:before{opacity:0.3;}.kadence-column12690_73c3d3-bc{position:relative;}@media all and (max-width: 1024px){.kadence-column12690_73c3d3-bc > .kt-inside-inner-col{flex-direction:column;justify-content:center;}}@media all and (max-width: 767px){.kadence-column12690_73c3d3-bc > .kt-inside-inner-col{flex-direction:column;justify-content:center;}}<\/style>\n<div class=\"wp-block-kadence-column kadence-column12690_73c3d3-bc\"><div class=\"kt-inside-inner-col\">\n<p>Floyd Gottfredson se souvient de Hal Adelquist comme d'une sorte d'agent personnel de Walt Disney. Hal a attir\u00e9 son attention sur un article du Liberty Magazine pr\u00e9tendument \u00e9crit par Gracie Allen, en r\u00e9alit\u00e9 r\u00e9dig\u00e9 par Bill Walsh, et c'est ainsi que le futur producteur de <em>Mary Poppins<\/em> a \u00e9t\u00e9 engag\u00e9 pour travailler au d\u00e9partement des bandes dessin\u00e9es.<\/p>\n\n\n\n<p>Hal devient producteur associ\u00e9 de l'\u00e9mission t\u00e9l\u00e9vis\u00e9e le Mickey Mouse Club.<\/p>\n<\/div><\/div>\n\n<\/div><\/div>","protected":false},"excerpt":{"rendered":"<p>Floyd Gottfredson remembered Hal Adelquist as a sort of personal agent for Walt Disney. Hal brought to his attention a piece from Liberty Magazine supposedly written by Gracie Allen, actually ghost-written by Bill Walsh and that\u2019s how the future producer of Mary Poppins was hired to work for the comic strip department. Hal became associate&#8230;<\/p>","protected":false},"author":1,"featured_media":12691,"parent":1655,"menu_order":0,"comment_status":"closed","ping_status":"closed","template":"","meta":{"_kadence_starter_templates_imported_post":false,"_kad_post_transparent":"","_kad_post_title":"","_kad_post_layout":"","_kad_post_sidebar_id":"","_kad_post_content_style":"","_kad_post_vertical_padding":"","_kad_post_feature":"","_kad_post_feature_position":"","_kad_post_header":false,"_kad_post_footer":false,"_kad_post_classname":"","footnotes":""},"class_list":["post-12690","page","type-page","status-publish","has-post-thumbnail","hentry"],"aioseo_notices":[],"_links":{"self":[{"href":"https:\/\/snowwhitemuseum.com\/fr\/wp-json\/wp\/v2\/pages\/12690","targetHints":{"allow":["GET"]}}],"collection":[{"href":"https:\/\/snowwhitemuseum.com\/fr\/wp-json\/wp\/v2\/pages"}],"about":[{"href":"https:\/\/snowwhitemuseum.com\/fr\/wp-json\/wp\/v2\/types\/page"}],"author":[{"embeddable":true,"href":"https:\/\/snowwhitemuseum.com\/fr\/wp-json\/wp\/v2\/users\/1"}],"replies":[{"embeddable":true,"href":"https:\/\/snowwhitemuseum.com\/fr\/wp-json\/wp\/v2\/comments?post=12690"}],"version-history":[{"count":5,"href":"https:\/\/snowwhitemuseum.com\/fr\/wp-json\/wp\/v2\/pages\/12690\/revisions"}],"predecessor-version":[{"id":14231,"href":"https:\/\/snowwhitemuseum.com\/fr\/wp-json\/wp\/v2\/pages\/12690\/revisions\/14231"}],"up":[{"embeddable":true,"href":"https:\/\/snowwhitemuseum.com\/fr\/wp-json\/wp\/v2\/pages\/1655"}],"wp:featuredmedia":[{"embeddable":true,"href":"https:\/\/snowwhitemuseum.com\/fr\/wp-json\/wp\/v2\/media\/12691"}],"wp:attachment":[{"href":"https:\/\/snowwhitemuseum.com\/fr\/wp-json\/wp\/v2\/media?parent=12690"}],"curies":[{"name":"wp","href":"https:\/\/api.w.org\/{rel}","templated":true}]}}