{"id":12978,"date":"2024-11-18T13:10:32","date_gmt":"2024-11-18T12:10:32","guid":{"rendered":"https:\/\/snowwhitemuseum.com\/?page_id=12978"},"modified":"2024-11-18T13:19:39","modified_gmt":"2024-11-18T12:19:39","slug":"valeurs-actuelles-magazine","status":"publish","type":"page","link":"https:\/\/snowwhitemuseum.com\/fr\/merchandising\/press\/french-press\/valeurs-actuelles-magazine\/","title":{"rendered":"Valeurs Actuelles"},"content":{"rendered":"<style>.wp-block-kadence-advancedbtn.kb-btns12978_784070-16{gap:var(--global-kb-gap-xs, 0.5rem );justify-content:center;align-items:center;}.kt-btns12978_784070-16 .kt-button{font-weight:normal;font-style:normal;}.kt-btns12978_784070-16 .kt-btn-wrap-0{margin-right:5px;}.wp-block-kadence-advancedbtn.kt-btns12978_784070-16 .kt-btn-wrap-0 .kt-button{color:#555555;border-color:#555555;}.wp-block-kadence-advancedbtn.kt-btns12978_784070-16 .kt-btn-wrap-0 .kt-button:hover, .wp-block-kadence-advancedbtn.kt-btns12978_784070-16 .kt-btn-wrap-0 .kt-button:focus{color:#ffffff;border-color:#444444;}.wp-block-kadence-advancedbtn.kt-btns12978_784070-16 .kt-btn-wrap-0 .kt-button::before{display:none;}.wp-block-kadence-advancedbtn.kt-btns12978_784070-16 .kt-btn-wrap-0 .kt-button:hover, .wp-block-kadence-advancedbtn.kt-btns12978_784070-16 .kt-btn-wrap-0 .kt-button:focus{background:#444444;}<\/style>\n<div class=\"wp-block-kadence-advancedbtn kb-buttons-wrap kb-btns12978_784070-16\"><style>ul.menu .wp-block-kadence-advancedbtn .kb-btn12978_8d832b-0b.kb-button{width:initial;}<\/style><a class=\"kb-button kt-button button kb-btn12978_8d832b-0b kt-btn-size-standard kt-btn-width-type-auto kb-btn-global-fill  kt-btn-has-text-true kt-btn-has-svg-false  wp-block-kadence-singlebtn\" href=\"https:\/\/snowwhitemuseum.com\/fr\/merchandising\/press\/french-press\/\"><span class=\"kt-btn-inner-text\">Retour \u00e0 Presse fran\u00e7aise<\/span><\/a><\/div>\n\n\n<style>.kb-row-layout-id12978_e7a04f-17 > .kt-row-column-wrap{align-content:start;}:where(.kb-row-layout-id12978_e7a04f-17 > .kt-row-column-wrap) > .wp-block-kadence-column{justify-content:start;}.kb-row-layout-id12978_e7a04f-17 > .kt-row-column-wrap{column-gap:var(--global-kb-gap-md, 2rem);row-gap:var(--global-kb-gap-md, 2rem);padding-top:var(--global-kb-spacing-sm, 1.5rem);padding-bottom:var(--global-kb-spacing-sm, 1.5rem);grid-template-columns:minmax(0, 1fr) minmax(0, 2fr);}.kb-row-layout-id12978_e7a04f-17 > .kt-row-layout-overlay{opacity:0.30;}@media all and (max-width: 1024px){.kb-row-layout-id12978_e7a04f-17 > .kt-row-column-wrap{grid-template-columns:minmax(0, 1fr) minmax(0, 2fr);}}@media all and (max-width: 767px){.kb-row-layout-id12978_e7a04f-17 > .kt-row-column-wrap{grid-template-columns:minmax(0, 1fr);}}<\/style><div class=\"kb-row-layout-wrap kb-row-layout-id12978_e7a04f-17 alignnone wp-block-kadence-rowlayout\"><div class=\"kt-row-column-wrap kt-has-2-columns kt-row-layout-right-golden kt-tab-layout-inherit kt-mobile-layout-row kt-row-valign-top\">\n<style>.kadence-column12978_416878-46 > .kt-inside-inner-col,.kadence-column12978_416878-46 > .kt-inside-inner-col:before{border-top-left-radius:0px;border-top-right-radius:0px;border-bottom-right-radius:0px;border-bottom-left-radius:0px;}.kadence-column12978_416878-46 > .kt-inside-inner-col{column-gap:var(--global-kb-gap-sm, 1rem);}.kadence-column12978_416878-46 > .kt-inside-inner-col{flex-direction:column;}.kadence-column12978_416878-46 > .kt-inside-inner-col > .aligncenter{width:100%;}.kadence-column12978_416878-46 > .kt-inside-inner-col:before{opacity:0.3;}.kadence-column12978_416878-46{position:relative;}@media all and (max-width: 1024px){.kadence-column12978_416878-46 > .kt-inside-inner-col{flex-direction:column;justify-content:center;}}@media all and (max-width: 767px){.kadence-column12978_416878-46 > .kt-inside-inner-col{flex-direction:column;justify-content:center;}}<\/style>\n<div class=\"wp-block-kadence-column kadence-column12978_416878-46\"><div class=\"kt-inside-inner-col\">\n<figure class=\"wp-block-image size-large\"><img loading=\"lazy\" decoding=\"async\" width=\"1024\" height=\"576\" src=\"https:\/\/snowwhitemuseum.com\/wp-content\/uploads\/2024\/11\/valeurs-actuelles-1024x576.png\" alt=\"\" class=\"wp-image-12979\" srcset=\"https:\/\/snowwhitemuseum.com\/wp-content\/uploads\/2024\/11\/valeurs-actuelles-1024x576.png 1024w, https:\/\/snowwhitemuseum.com\/wp-content\/uploads\/2024\/11\/valeurs-actuelles-300x169.png 300w, https:\/\/snowwhitemuseum.com\/wp-content\/uploads\/2024\/11\/valeurs-actuelles-768x432.png 768w, https:\/\/snowwhitemuseum.com\/wp-content\/uploads\/2024\/11\/valeurs-actuelles-18x10.png 18w, https:\/\/snowwhitemuseum.com\/wp-content\/uploads\/2024\/11\/valeurs-actuelles.png 1500w\" sizes=\"auto, (max-width: 1024px) 100vw, 1024px\" \/><figcaption class=\"wp-element-caption\">Valeurs Actuelles<\/figcaption><\/figure>\n<\/div><\/div>\n\n\n<style>.kadence-column12978_83248f-84 > .kt-inside-inner-col,.kadence-column12978_83248f-84 > .kt-inside-inner-col:before{border-top-left-radius:0px;border-top-right-radius:0px;border-bottom-right-radius:0px;border-bottom-left-radius:0px;}.kadence-column12978_83248f-84 > .kt-inside-inner-col{column-gap:var(--global-kb-gap-sm, 1rem);}.kadence-column12978_83248f-84 > .kt-inside-inner-col{flex-direction:column;}.kadence-column12978_83248f-84 > .kt-inside-inner-col > .aligncenter{width:100%;}.kadence-column12978_83248f-84 > .kt-inside-inner-col:before{opacity:0.3;}.kadence-column12978_83248f-84{position:relative;}@media all and (max-width: 1024px){.kadence-column12978_83248f-84 > .kt-inside-inner-col{flex-direction:column;justify-content:center;}}@media all and (max-width: 767px){.kadence-column12978_83248f-84 > .kt-inside-inner-col{flex-direction:column;justify-content:center;}}<\/style>\n<div class=\"wp-block-kadence-column kadence-column12978_83248f-84\"><div class=\"kt-inside-inner-col\">\n<p>Fond\u00e9 en 1966 par Raymond Bourgine, Valeurs Actuelles \u00e9tait un magazine fran\u00e7ais d\u2019information boursi\u00e8re, puis est devenu un journal d\u2019opinion d\u2019extr\u00eame droite g\u00e9n\u00e9raliste encore publi\u00e9 de nos jours. La critique cin\u00e9matographique est assur\u00e9e de 1966 \u00e0 1972 par l\u2019\u00e9crivain antis\u00e9mite Lucien Rebatet sous son pseudonyme habituel de Fran\u00e7ois Vinneuil. Mais c\u2019est son successeur Michel Marmin qui publie donc la critique de <em>Blanche Neige et les sept nains<\/em> lors de la ressortie du film en France en 1973. Il occupe le poste jusqu\u2019en 1978, date \u00e0 laquelle il va remplir la m\u00eame fonction au Figaro.<\/p>\n<\/div><\/div>\n\n<\/div><\/div>\n\n<style>.kb-row-layout-id12978_eaf24e-03 > .kt-row-column-wrap{align-content:start;}:where(.kb-row-layout-id12978_eaf24e-03 > .kt-row-column-wrap) > .wp-block-kadence-column{justify-content:start;}.kb-row-layout-id12978_eaf24e-03 > .kt-row-column-wrap{column-gap:var(--global-kb-gap-md, 2rem);row-gap:var(--global-kb-gap-md, 2rem);padding-top:var(--global-kb-spacing-sm, 1.5rem);padding-bottom:var(--global-kb-spacing-sm, 1.5rem);grid-template-columns:minmax(0, 2fr) minmax(0, 1fr);}.kb-row-layout-id12978_eaf24e-03 > .kt-row-layout-overlay{opacity:0.30;}@media all and (max-width: 1024px){.kb-row-layout-id12978_eaf24e-03 > .kt-row-column-wrap{grid-template-columns:minmax(0, 2fr) minmax(0, 1fr);}}@media all and (max-width: 767px){.kb-row-layout-id12978_eaf24e-03 > .kt-row-column-wrap{grid-template-columns:minmax(0, 1fr);}.kb-row-layout-id12978_eaf24e-03 > .kt-row-column-wrap > .wp-block-kadence-column:nth-child(1 of *:not(style)){order:2;}.kb-row-layout-id12978_eaf24e-03 > .kt-row-column-wrap > .wp-block-kadence-column:nth-child(2 of *:not(style)){order:1;}.kb-row-layout-id12978_eaf24e-03 > .kt-row-column-wrap > .wp-block-kadence-column:nth-child(3 of *:not(style)){order:12;}.kb-row-layout-id12978_eaf24e-03 > .kt-row-column-wrap > .wp-block-kadence-column:nth-child(4 of *:not(style)){order:11;}.kb-row-layout-id12978_eaf24e-03 > .kt-row-column-wrap > .wp-block-kadence-column:nth-child(5 of *:not(style)){order:22;}.kb-row-layout-id12978_eaf24e-03 > .kt-row-column-wrap > .wp-block-kadence-column:nth-child(6 of *:not(style)){order:21;}.kb-row-layout-id12978_eaf24e-03 > .kt-row-column-wrap > .wp-block-kadence-column:nth-child(7 of *:not(style)){order:32;}.kb-row-layout-id12978_eaf24e-03 > .kt-row-column-wrap > .wp-block-kadence-column:nth-child(8 of *:not(style)){order:31;}}<\/style><div class=\"kb-row-layout-wrap kb-row-layout-id12978_eaf24e-03 alignnone wp-block-kadence-rowlayout\"><div class=\"kt-row-column-wrap kt-has-2-columns kt-row-layout-left-golden kt-tab-layout-inherit kt-mobile-layout-row kt-row-valign-top\">\n<style>.kadence-column12978_a83487-bb > .kt-inside-inner-col,.kadence-column12978_a83487-bb > .kt-inside-inner-col:before{border-top-left-radius:0px;border-top-right-radius:0px;border-bottom-right-radius:0px;border-bottom-left-radius:0px;}.kadence-column12978_a83487-bb > .kt-inside-inner-col{column-gap:var(--global-kb-gap-sm, 1rem);}.kadence-column12978_a83487-bb > .kt-inside-inner-col{flex-direction:column;}.kadence-column12978_a83487-bb > .kt-inside-inner-col > .aligncenter{width:100%;}.kadence-column12978_a83487-bb > .kt-inside-inner-col:before{opacity:0.3;}.kadence-column12978_a83487-bb{position:relative;}@media all and (max-width: 1024px){.kadence-column12978_a83487-bb > .kt-inside-inner-col{flex-direction:column;justify-content:center;}}@media all and (max-width: 767px){.kadence-column12978_a83487-bb > .kt-inside-inner-col{flex-direction:column;justify-content:center;}}<\/style>\n<div class=\"wp-block-kadence-column kadence-column12978_a83487-bb\"><div class=\"kt-inside-inner-col\">\n<p><strong>Article sans titre<\/strong><\/p>\n\n\n\n<p>par Michel Marmin (3 d\u00e9cembre 1973)<\/p>\n\n\n\n<hr class=\"wp-block-separator has-alpha-channel-opacity\"\/>\n\n\n\n<p><br>Burbank, California, 1934. &nbsp;For more than ten years, Walt Disney&#8217;s studios have been producing animated short films, the &#8220;Silly Symphonies,&#8221; which have proven unprofitable. Despite the reluctance of those around him, the creator of Mickey and Donald decides to produce his first full-length animated film: <em>Blanche Neige et les sept nains<\/em>.<\/p>\n\n\n\n<p>\u2014 Vous auriez d\u00fb entendre les hurlements et les concerts d\u2019avertissements, racontera plus tard Disney. On nous pr\u00e9disait que personne ne resterait \u00e0 une projection d\u2019une heure et demie de dessins anim\u00e9s. Mais nous avions d\u00e9cid\u00e9 qu\u2019il n\u2019y avait qu\u2019une seule fa\u00e7on de faire <em>Blanche Neige<\/em>, et nous nous sommes mis au travail \u00e0 corps perdu. Il n\u2019\u00e9tait absolument pas question d\u2019accepter des compromis.<\/p>\n\n\n\n<p>Pendant trois ans, une \u00e9quipe de sept cent cinquante dessinateurs, animateurs et techniciens travaille sous la direction de Walt Disney. Le film d\u00e9passe largement le devis initial et co\u00fbte deux millions de dollars. Mais Disney a gagn\u00e9 son pari. <em>Blanche Neige<\/em> marque une date dans l\u2019histoire du cin\u00e9ma et reste, en 1973, un sommet du genre.<\/p>\n\n\n\n<p>Doubl\u00e9 en plus de dix langues, ce film, qui a d\u00e9j\u00e0 \u00e9t\u00e9 vu par pr\u00e8s de deux cents millions de spectateurs, entame une nouvelle carri\u00e8re pour le cinquanti\u00e8me anniversaire de la soci\u00e9t\u00e9 Disney, qui le lui doit bien.<\/p>\n\n\n\n<p>La r\u00e9ussite de <em>Blanche Neige<\/em> tient essentiellement \u00e0 deux choses : la qualit\u00e9 du sc\u00e9nario et du d\u00e9coupage dramatique ; l\u2019imagination graphique d\u2019un Disney au plus fort de son talent.<\/p>\n\n\n\n<p>Dans un entretien publi\u00e9 dans le \u00ab New York Times Magazine \u00bb, en 1934, pendant le tournage de <em>Blanche Neige<\/em>, Walt Disney a longuement d\u00e9velopp\u00e9 les probl\u00e8mes que posait, selon lui, la cr\u00e9ation des dessins anim\u00e9s. Notamment ceux qu'il tirait de la litt\u00e9rature f\u00e9erique.<\/p>\n\n\n\n<p>\u2014 Nos adaptations de huit minutes doivent \u00eatre tr\u00e8s diff\u00e9rentes de l\u2019original parce qu\u2019il est impossible de raconter ces histoires en huit minutes sans une r\u00e9vision et une condensation rigoureuse, disait-il. M\u00eame dans notre premier grand film, <em>Blanche Neige et les sept nains<\/em>, la version des fr\u00e8res Grimm dut \u00eatre consid\u00e9rablement coup\u00e9e, bien qu\u2019elle f\u00fbt de la longueur d\u2019une nouvelle et que notre film dut durer plus d\u2019une heure. Mais sans de telles coupures il n\u2019y aurait pas de place pour notre propre fantaisie, notre sens comique et la cr\u00e9ation de nos personnages.<\/p>\n\n\n\n<p>Recueilli par les fr\u00e8res Jacob et Wilhelm Grimm au d\u00e9but du XIXe si\u00e8cle, le conte de \u00ab Blanche Neige \u00bb est issu d\u2019un folklore germanique nourri d\u2019angoisses m\u00e9di\u00e9vales.<\/p>\n\n\n\n<p>Dans son adaptation, Disney a supprim\u00e9 deux d\u00e9tails r\u00e9v\u00e9lateurs de l\u2019ancienne mentalit\u00e9 populaire europ\u00e9enne mais, \u00e0 ce titre, incompr\u00e9hensibles dans la soci\u00e9t\u00e9 d\u2019abondance que repr\u00e9sentait l\u2019Am\u00e9rique en 1934 : l\u2019anthropophagie de la reine, qui traduit cette v\u00e9ritable obsession de la faim commune \u00e0 tant de l\u00e9gendes rurales (\u00ab Le petit poucet \u00bb), et le supplice effroyable de celui qui lui met les mains rouges au feu, fouett\u00e9e, la reine meurt \u00ab \u00e9puis\u00e9e d\u2019atroces douleurs \u00bb.<\/p>\n\n\n\n<p>D\u2019autre part, Walt Disney a raccourci le d\u00e9but de l\u2019histoire et n\u00e9glig\u00e9 les deux premi\u00e8res tentatives de la reine, transform\u00e9e en vieille femme, pour tuer Blanche Neige, ne gardant que l\u2019\u00e9pisode de la pomme empoisonn\u00e9e.<\/p>\n\n\n\n<p>Non moins r\u00e9v\u00e9latrices, mais de la mentalit\u00e9 am\u00e9ricaine cette fois, sont les modifications positives apport\u00e9es par Disney au r\u00e9cit original. Qu\u2019il ait passablement vieilli Blanche Neige (la princesse \u00e0 sept ans dans le conte des Grimm) proc\u00e8de d\u2019un simple ajustement \u00e0 l\u2019\u00e9volution des m\u0153urs. Si bien que dans le film, ce ne sont plus les nains qui effraient Blanche Neige, mais le contraire.<\/p>\n\n\n\n<p>Enfin, et surtout, Disney a fait des sept nains une cr\u00e9ation personnelle. Simplement indiqu\u00e9s chez les fr\u00e8res Grimm, ils prennent une existence individuelle tr\u00e8s pouss\u00e9e et constituent \u00e0 eux seuls un petit univers burlesque dont la verve populaire \u00e9voque moins la for\u00eat allemande que Mark Twain ou John Ford.<\/p>\n\n\n\n<p>Trente-six ans apr\u00e8s sa premi\u00e8re sortie, il est loisible de constater \u00e0 quel point <em>Blanche Neige<\/em> appartient au cin\u00e9ma am\u00e9ricain de l\u2019\u00e9poque et \u00e0 ses diff\u00e9rents genres, auxquels Disney a fait de savoureux emprunts : com\u00e9die musicale (la danse tyrolienne des sept nains), \u00e9pouvante (la fuite de Blanche Neige dans la for\u00eat et, surtout, la transformation de la reine, digne de <em>Docteur Jekyll et M. Hyde<\/em>).<\/p>\n\n\n\n<p>Combinant l\u2019\u00e9pouvante, le rire et l\u2019\u00e9motion, Walt Disney a con\u00e7u son premier dessin anim\u00e9 de long m\u00e9trage selon les r\u00e8gles dramatiques du cin\u00e9ma traditionnel, et l\u2019animation est soumise aux lois rigoureuses de l\u2019\u00e9criture filmique la plus subtile : d\u00e9coupage des s\u00e9quences, multiplication des plans (le film comporte quelque deux cent cinquante mille dessins), variation des cadrages, mouvements de cam\u00e9ra.<\/p>\n\n\n\n<p>Quant \u00e0 l\u2019animation elle-m\u00eame, elle est d'une richesse et d\u2019une pr\u00e9cision confondantes. Rehauss\u00e9e par l\u2019\u00e9clat des couleurs, les jeux \u00e9tranges des ombres et des lumi\u00e8res et une partition musicale vou\u00e9e \u00e0 un succ\u00e8s prodigieux, le g\u00e9nie graphique de Disney s\u2019y d\u00e9ploie dans une cascade de trouvailles visuelles. Fourmillante de d\u00e9tails loufoques, fantastiques ou po\u00e9tiques, cette enluminure anim\u00e9e ne sera sans doute jamais \u00e9gal\u00e9e, m\u00eame par le <em>Pinocchio<\/em> que Disney r\u00e9alisera en 1940. Apr\u00e8s <em>Blanche Neige<\/em>, le cin\u00e9ma d\u2019animation ne cessera gu\u00e8re de r\u00e9gresser, vaincu par sa technique co\u00fbteuse et les modes calamiteuses venues des pays de l\u2019Est.<\/p>\n<\/div><\/div>\n\n\n<style>.kadence-column12978_d30c97-48 > .kt-inside-inner-col,.kadence-column12978_d30c97-48 > .kt-inside-inner-col:before{border-top-left-radius:0px;border-top-right-radius:0px;border-bottom-right-radius:0px;border-bottom-left-radius:0px;}.kadence-column12978_d30c97-48 > .kt-inside-inner-col{column-gap:var(--global-kb-gap-sm, 1rem);}.kadence-column12978_d30c97-48 > .kt-inside-inner-col{flex-direction:column;}.kadence-column12978_d30c97-48 > .kt-inside-inner-col > .aligncenter{width:100%;}.kadence-column12978_d30c97-48 > .kt-inside-inner-col:before{opacity:0.3;}.kadence-column12978_d30c97-48{position:relative;}@media all and (max-width: 1024px){.kadence-column12978_d30c97-48 > .kt-inside-inner-col{flex-direction:column;justify-content:center;}}@media all and (max-width: 767px){.kadence-column12978_d30c97-48 > .kt-inside-inner-col{flex-direction:column;justify-content:center;}}<\/style>\n<div class=\"wp-block-kadence-column kadence-column12978_d30c97-48\"><div class=\"kt-inside-inner-col\">\n<figure class=\"wp-block-image size-full\"><img loading=\"lazy\" decoding=\"async\" width=\"337\" height=\"753\" src=\"https:\/\/snowwhitemuseum.com\/wp-content\/uploads\/2024\/11\/1973-12-03-Valeurs-actuelles.jpg\" alt=\"\" class=\"wp-image-12981\" srcset=\"https:\/\/snowwhitemuseum.com\/wp-content\/uploads\/2024\/11\/1973-12-03-Valeurs-actuelles.jpg 337w, https:\/\/snowwhitemuseum.com\/wp-content\/uploads\/2024\/11\/1973-12-03-Valeurs-actuelles-134x300.jpg 134w, https:\/\/snowwhitemuseum.com\/wp-content\/uploads\/2024\/11\/1973-12-03-Valeurs-actuelles-5x12.jpg 5w\" sizes=\"auto, (max-width: 337px) 100vw, 337px\" \/><\/figure>\n<\/div><\/div>\n\n<\/div><\/div>","protected":false},"excerpt":{"rendered":"<p>Founded in 1966 by Raymond Bourgine, Valeurs Actuelles was a French magazine focused on stock market information before becoming a far-right opinion newspaper, which is still published today. From 1966 to 1972, film criticism was provided by the anti-Semitic writer Lucien Rebatet under his usual pseudonym, Fran\u00e7ois Vinneuil. However, it was his successor, Michel Marmin,&#8230;<\/p>","protected":false},"author":1,"featured_media":12979,"parent":6917,"menu_order":0,"comment_status":"closed","ping_status":"closed","template":"","meta":{"_kadence_starter_templates_imported_post":false,"_kad_post_transparent":"","_kad_post_title":"","_kad_post_layout":"","_kad_post_sidebar_id":"","_kad_post_content_style":"","_kad_post_vertical_padding":"","_kad_post_feature":"","_kad_post_feature_position":"","_kad_post_header":false,"_kad_post_footer":false,"_kad_post_classname":"","footnotes":""},"class_list":["post-12978","page","type-page","status-publish","has-post-thumbnail","hentry"],"aioseo_notices":[],"_links":{"self":[{"href":"https:\/\/snowwhitemuseum.com\/fr\/wp-json\/wp\/v2\/pages\/12978","targetHints":{"allow":["GET"]}}],"collection":[{"href":"https:\/\/snowwhitemuseum.com\/fr\/wp-json\/wp\/v2\/pages"}],"about":[{"href":"https:\/\/snowwhitemuseum.com\/fr\/wp-json\/wp\/v2\/types\/page"}],"author":[{"embeddable":true,"href":"https:\/\/snowwhitemuseum.com\/fr\/wp-json\/wp\/v2\/users\/1"}],"replies":[{"embeddable":true,"href":"https:\/\/snowwhitemuseum.com\/fr\/wp-json\/wp\/v2\/comments?post=12978"}],"version-history":[{"count":4,"href":"https:\/\/snowwhitemuseum.com\/fr\/wp-json\/wp\/v2\/pages\/12978\/revisions"}],"predecessor-version":[{"id":12986,"href":"https:\/\/snowwhitemuseum.com\/fr\/wp-json\/wp\/v2\/pages\/12978\/revisions\/12986"}],"up":[{"embeddable":true,"href":"https:\/\/snowwhitemuseum.com\/fr\/wp-json\/wp\/v2\/pages\/6917"}],"wp:featuredmedia":[{"embeddable":true,"href":"https:\/\/snowwhitemuseum.com\/fr\/wp-json\/wp\/v2\/media\/12979"}],"wp:attachment":[{"href":"https:\/\/snowwhitemuseum.com\/fr\/wp-json\/wp\/v2\/media?parent=12978"}],"curies":[{"name":"wp","href":"https:\/\/api.w.org\/{rel}","templated":true}]}}