{"id":12999,"date":"2024-11-21T13:31:40","date_gmt":"2024-11-21T12:31:40","guid":{"rendered":"https:\/\/snowwhitemuseum.com\/?page_id=12999"},"modified":"2024-11-21T13:33:51","modified_gmt":"2024-11-21T12:33:51","slug":"le-point-magazine","status":"publish","type":"page","link":"https:\/\/snowwhitemuseum.com\/fr\/merchandising\/press\/french-press\/le-point-magazine\/","title":{"rendered":"Le Point"},"content":{"rendered":"<style>.wp-block-kadence-advancedbtn.kb-btns12999_ff111f-a7{gap:var(--global-kb-gap-xs, 0.5rem );justify-content:center;align-items:center;}.kt-btns12999_ff111f-a7 .kt-button{font-weight:normal;font-style:normal;}.kt-btns12999_ff111f-a7 .kt-btn-wrap-0{margin-right:5px;}.wp-block-kadence-advancedbtn.kt-btns12999_ff111f-a7 .kt-btn-wrap-0 .kt-button{color:#555555;border-color:#555555;}.wp-block-kadence-advancedbtn.kt-btns12999_ff111f-a7 .kt-btn-wrap-0 .kt-button:hover, .wp-block-kadence-advancedbtn.kt-btns12999_ff111f-a7 .kt-btn-wrap-0 .kt-button:focus{color:#ffffff;border-color:#444444;}.wp-block-kadence-advancedbtn.kt-btns12999_ff111f-a7 .kt-btn-wrap-0 .kt-button::before{display:none;}.wp-block-kadence-advancedbtn.kt-btns12999_ff111f-a7 .kt-btn-wrap-0 .kt-button:hover, .wp-block-kadence-advancedbtn.kt-btns12999_ff111f-a7 .kt-btn-wrap-0 .kt-button:focus{background:#444444;}<\/style>\n<div class=\"wp-block-kadence-advancedbtn kb-buttons-wrap kb-btns12999_ff111f-a7\"><style>ul.menu .wp-block-kadence-advancedbtn .kb-btn12999_670033-a4.kb-button{width:initial;}<\/style><a class=\"kb-button kt-button button kb-btn12999_670033-a4 kt-btn-size-standard kt-btn-width-type-auto kb-btn-global-fill  kt-btn-has-text-true kt-btn-has-svg-false  wp-block-kadence-singlebtn\" href=\"https:\/\/snowwhitemuseum.com\/fr\/merchandising\/press\/french-press\/\"><span class=\"kt-btn-inner-text\">Retour \u00e0 Presse fran\u00e7aise<\/span><\/a><\/div>\n\n\n<style>.kb-row-layout-id12999_c7d53e-cb > .kt-row-column-wrap{align-content:start;}:where(.kb-row-layout-id12999_c7d53e-cb > .kt-row-column-wrap) > .wp-block-kadence-column{justify-content:start;}.kb-row-layout-id12999_c7d53e-cb > .kt-row-column-wrap{column-gap:var(--global-kb-gap-md, 2rem);row-gap:var(--global-kb-gap-md, 2rem);padding-top:var(--global-kb-spacing-sm, 1.5rem);padding-bottom:var(--global-kb-spacing-sm, 1.5rem);grid-template-columns:minmax(0, 1fr) minmax(0, 2fr);}.kb-row-layout-id12999_c7d53e-cb > .kt-row-layout-overlay{opacity:0.30;}@media all and (max-width: 1024px){.kb-row-layout-id12999_c7d53e-cb > .kt-row-column-wrap{grid-template-columns:minmax(0, 1fr) minmax(0, 2fr);}}@media all and (max-width: 767px){.kb-row-layout-id12999_c7d53e-cb > .kt-row-column-wrap{grid-template-columns:minmax(0, 1fr);}}<\/style><div class=\"kb-row-layout-wrap kb-row-layout-id12999_c7d53e-cb alignnone wp-block-kadence-rowlayout\"><div class=\"kt-row-column-wrap kt-has-2-columns kt-row-layout-right-golden kt-tab-layout-inherit kt-mobile-layout-row kt-row-valign-top\">\n<style>.kadence-column12999_4aeb18-04 > .kt-inside-inner-col,.kadence-column12999_4aeb18-04 > .kt-inside-inner-col:before{border-top-left-radius:0px;border-top-right-radius:0px;border-bottom-right-radius:0px;border-bottom-left-radius:0px;}.kadence-column12999_4aeb18-04 > .kt-inside-inner-col{column-gap:var(--global-kb-gap-sm, 1rem);}.kadence-column12999_4aeb18-04 > .kt-inside-inner-col{flex-direction:column;}.kadence-column12999_4aeb18-04 > .kt-inside-inner-col > .aligncenter{width:100%;}.kadence-column12999_4aeb18-04 > .kt-inside-inner-col:before{opacity:0.3;}.kadence-column12999_4aeb18-04{position:relative;}@media all and (max-width: 1024px){.kadence-column12999_4aeb18-04 > .kt-inside-inner-col{flex-direction:column;justify-content:center;}}@media all and (max-width: 767px){.kadence-column12999_4aeb18-04 > .kt-inside-inner-col{flex-direction:column;justify-content:center;}}<\/style>\n<div class=\"wp-block-kadence-column kadence-column12999_4aeb18-04\"><div class=\"kt-inside-inner-col\">\n<figure class=\"wp-block-image size-large\"><img loading=\"lazy\" decoding=\"async\" width=\"1024\" height=\"244\" src=\"https:\/\/snowwhitemuseum.com\/wp-content\/uploads\/2024\/11\/Le-Point-logo-1024x244.png\" alt=\"\" class=\"wp-image-13000\" srcset=\"https:\/\/snowwhitemuseum.com\/wp-content\/uploads\/2024\/11\/Le-Point-logo-1024x244.png 1024w, https:\/\/snowwhitemuseum.com\/wp-content\/uploads\/2024\/11\/Le-Point-logo-300x71.png 300w, https:\/\/snowwhitemuseum.com\/wp-content\/uploads\/2024\/11\/Le-Point-logo-768x183.png 768w, https:\/\/snowwhitemuseum.com\/wp-content\/uploads\/2024\/11\/Le-Point-logo-1536x366.png 1536w, https:\/\/snowwhitemuseum.com\/wp-content\/uploads\/2024\/11\/Le-Point-logo-18x4.png 18w, https:\/\/snowwhitemuseum.com\/wp-content\/uploads\/2024\/11\/Le-Point-logo.png 1920w\" sizes=\"auto, (max-width: 1024px) 100vw, 1024px\" \/><\/figure>\n<\/div><\/div>\n\n\n<style>.kadence-column12999_d26719-22 > .kt-inside-inner-col,.kadence-column12999_d26719-22 > .kt-inside-inner-col:before{border-top-left-radius:0px;border-top-right-radius:0px;border-bottom-right-radius:0px;border-bottom-left-radius:0px;}.kadence-column12999_d26719-22 > .kt-inside-inner-col{column-gap:var(--global-kb-gap-sm, 1rem);}.kadence-column12999_d26719-22 > .kt-inside-inner-col{flex-direction:column;}.kadence-column12999_d26719-22 > .kt-inside-inner-col > .aligncenter{width:100%;}.kadence-column12999_d26719-22 > .kt-inside-inner-col:before{opacity:0.3;}.kadence-column12999_d26719-22{position:relative;}@media all and (max-width: 1024px){.kadence-column12999_d26719-22 > .kt-inside-inner-col{flex-direction:column;justify-content:center;}}@media all and (max-width: 767px){.kadence-column12999_d26719-22 > .kt-inside-inner-col{flex-direction:column;justify-content:center;}}<\/style>\n<div class=\"wp-block-kadence-column kadence-column12999_d26719-22\"><div class=\"kt-inside-inner-col\">\n<p>Le Point est un magazine d'actualit\u00e9 hebdomadaire fran\u00e7ais, cr\u00e9\u00e9 en 1972 et dont la ligne \u00e9ditoriale est class\u00e9e \u00e0 droite. Il est toujours publi\u00e9 \u00e0 ce jour. Lors de la ressortie fran\u00e7aise de 1973 en France de <em>Blanche Neige et les sept nains<\/em> on y trouve une br\u00e8ve mais laudative critique du film.<\/p>\n<\/div><\/div>\n\n<\/div><\/div>\n\n<style>.kb-row-layout-id12999_f88fa4-03 > .kt-row-column-wrap{align-content:start;}:where(.kb-row-layout-id12999_f88fa4-03 > .kt-row-column-wrap) > .wp-block-kadence-column{justify-content:start;}.kb-row-layout-id12999_f88fa4-03 > .kt-row-column-wrap{column-gap:var(--global-kb-gap-md, 2rem);row-gap:var(--global-kb-gap-md, 2rem);padding-top:var(--global-kb-spacing-sm, 1.5rem);padding-bottom:var(--global-kb-spacing-sm, 1.5rem);grid-template-columns:minmax(0, 2fr) minmax(0, 1fr);}.kb-row-layout-id12999_f88fa4-03 > .kt-row-layout-overlay{opacity:0.30;}@media all and (max-width: 1024px){.kb-row-layout-id12999_f88fa4-03 > .kt-row-column-wrap{grid-template-columns:minmax(0, 2fr) minmax(0, 1fr);}}@media all and (max-width: 767px){.kb-row-layout-id12999_f88fa4-03 > .kt-row-column-wrap{grid-template-columns:minmax(0, 1fr);}.kb-row-layout-id12999_f88fa4-03 > .kt-row-column-wrap > .wp-block-kadence-column:nth-child(1 of *:not(style)){order:2;}.kb-row-layout-id12999_f88fa4-03 > .kt-row-column-wrap > .wp-block-kadence-column:nth-child(2 of *:not(style)){order:1;}.kb-row-layout-id12999_f88fa4-03 > .kt-row-column-wrap > .wp-block-kadence-column:nth-child(3 of *:not(style)){order:12;}.kb-row-layout-id12999_f88fa4-03 > .kt-row-column-wrap > .wp-block-kadence-column:nth-child(4 of *:not(style)){order:11;}.kb-row-layout-id12999_f88fa4-03 > .kt-row-column-wrap > .wp-block-kadence-column:nth-child(5 of *:not(style)){order:22;}.kb-row-layout-id12999_f88fa4-03 > .kt-row-column-wrap > .wp-block-kadence-column:nth-child(6 of *:not(style)){order:21;}.kb-row-layout-id12999_f88fa4-03 > .kt-row-column-wrap > .wp-block-kadence-column:nth-child(7 of *:not(style)){order:32;}.kb-row-layout-id12999_f88fa4-03 > .kt-row-column-wrap > .wp-block-kadence-column:nth-child(8 of *:not(style)){order:31;}}<\/style><div class=\"kb-row-layout-wrap kb-row-layout-id12999_f88fa4-03 alignnone wp-block-kadence-rowlayout\"><div class=\"kt-row-column-wrap kt-has-2-columns kt-row-layout-left-golden kt-tab-layout-inherit kt-mobile-layout-row kt-row-valign-top\">\n<style>.kadence-column12999_98d1a5-09 > .kt-inside-inner-col,.kadence-column12999_98d1a5-09 > .kt-inside-inner-col:before{border-top-left-radius:0px;border-top-right-radius:0px;border-bottom-right-radius:0px;border-bottom-left-radius:0px;}.kadence-column12999_98d1a5-09 > .kt-inside-inner-col{column-gap:var(--global-kb-gap-sm, 1rem);}.kadence-column12999_98d1a5-09 > .kt-inside-inner-col{flex-direction:column;}.kadence-column12999_98d1a5-09 > .kt-inside-inner-col > .aligncenter{width:100%;}.kadence-column12999_98d1a5-09 > .kt-inside-inner-col:before{opacity:0.3;}.kadence-column12999_98d1a5-09{position:relative;}@media all and (max-width: 1024px){.kadence-column12999_98d1a5-09 > .kt-inside-inner-col{flex-direction:column;justify-content:center;}}@media all and (max-width: 767px){.kadence-column12999_98d1a5-09 > .kt-inside-inner-col{flex-direction:column;justify-content:center;}}<\/style>\n<div class=\"wp-block-kadence-column kadence-column12999_98d1a5-09\"><div class=\"kt-inside-inner-col\">\n<h3 class=\"wp-block-heading\"><strong>Blanche-Neige et les sept nains : 1938, am\u00e9ricain, reprise, de Walt Disney<\/strong><\/h3>\n\n\n\n<p>par R.B. (10 d\u00e9cembre 1973)<\/p>\n\n\n\n<hr class=\"wp-block-separator has-alpha-channel-opacity\"\/>\n\n\n\n<p>Sans cesse rajeuni et refourbi, le grand classique de Walt Disney demeure insurpass\u00e9 : perfection de l'animation, efficacit\u00e9 d\u2019une imagerie arch\u00e9type qui plonge au fond de l'inconscient. Disney r\u00e9ussit encore mieux ses personnages effrayants que les vedettes de charme : la sorci\u00e8re \u00e9clipse presque Blanche-Neige, mais sa d\u00e9faite consomme la fable comme l\u2019aurore succ\u00e8de \u00e0 la nuit. \u00c0 voir tous les dix ans et \u00e0 perp\u00e9tuit\u00e9.&nbsp;<\/p>\n<\/div><\/div>\n\n\n<style>.kadence-column12999_925963-cb > .kt-inside-inner-col,.kadence-column12999_925963-cb > .kt-inside-inner-col:before{border-top-left-radius:0px;border-top-right-radius:0px;border-bottom-right-radius:0px;border-bottom-left-radius:0px;}.kadence-column12999_925963-cb > .kt-inside-inner-col{column-gap:var(--global-kb-gap-sm, 1rem);}.kadence-column12999_925963-cb > .kt-inside-inner-col{flex-direction:column;}.kadence-column12999_925963-cb > .kt-inside-inner-col > .aligncenter{width:100%;}.kadence-column12999_925963-cb > .kt-inside-inner-col:before{opacity:0.3;}.kadence-column12999_925963-cb{position:relative;}@media all and (max-width: 1024px){.kadence-column12999_925963-cb > .kt-inside-inner-col{flex-direction:column;justify-content:center;}}@media all and (max-width: 767px){.kadence-column12999_925963-cb > .kt-inside-inner-col{flex-direction:column;justify-content:center;}}<\/style>\n<div class=\"wp-block-kadence-column kadence-column12999_925963-cb\"><div class=\"kt-inside-inner-col\">\n<figure class=\"wp-block-image size-full\"><img loading=\"lazy\" decoding=\"async\" width=\"554\" height=\"753\" src=\"https:\/\/snowwhitemuseum.com\/wp-content\/uploads\/2024\/11\/1973-12-10-Le-Point.jpg\" alt=\"\" class=\"wp-image-13001\" srcset=\"https:\/\/snowwhitemuseum.com\/wp-content\/uploads\/2024\/11\/1973-12-10-Le-Point.jpg 554w, https:\/\/snowwhitemuseum.com\/wp-content\/uploads\/2024\/11\/1973-12-10-Le-Point-221x300.jpg 221w, https:\/\/snowwhitemuseum.com\/wp-content\/uploads\/2024\/11\/1973-12-10-Le-Point-9x12.jpg 9w\" sizes=\"auto, (max-width: 554px) 100vw, 554px\" \/><\/figure>\n<\/div><\/div>\n\n<\/div><\/div>","protected":false},"excerpt":{"rendered":"<p>Le Point is a French weekly news magazine, founded in 1972, with a right-wing editorial line. It is still published today. When Snow White and the Seven Dwarfs was re-released in France in 1973, it published a brief but laudatory review of the film. Snow White and the Seven Dwarfs: 1938, American re-release, by Walt&#8230;<\/p>","protected":false},"author":1,"featured_media":13000,"parent":6917,"menu_order":0,"comment_status":"closed","ping_status":"closed","template":"","meta":{"_kadence_starter_templates_imported_post":false,"_kad_post_transparent":"","_kad_post_title":"","_kad_post_layout":"","_kad_post_sidebar_id":"","_kad_post_content_style":"","_kad_post_vertical_padding":"","_kad_post_feature":"","_kad_post_feature_position":"","_kad_post_header":false,"_kad_post_footer":false,"_kad_post_classname":"","footnotes":""},"class_list":["post-12999","page","type-page","status-publish","has-post-thumbnail","hentry"],"aioseo_notices":[],"_links":{"self":[{"href":"https:\/\/snowwhitemuseum.com\/fr\/wp-json\/wp\/v2\/pages\/12999","targetHints":{"allow":["GET"]}}],"collection":[{"href":"https:\/\/snowwhitemuseum.com\/fr\/wp-json\/wp\/v2\/pages"}],"about":[{"href":"https:\/\/snowwhitemuseum.com\/fr\/wp-json\/wp\/v2\/types\/page"}],"author":[{"embeddable":true,"href":"https:\/\/snowwhitemuseum.com\/fr\/wp-json\/wp\/v2\/users\/1"}],"replies":[{"embeddable":true,"href":"https:\/\/snowwhitemuseum.com\/fr\/wp-json\/wp\/v2\/comments?post=12999"}],"version-history":[{"count":3,"href":"https:\/\/snowwhitemuseum.com\/fr\/wp-json\/wp\/v2\/pages\/12999\/revisions"}],"predecessor-version":[{"id":13004,"href":"https:\/\/snowwhitemuseum.com\/fr\/wp-json\/wp\/v2\/pages\/12999\/revisions\/13004"}],"up":[{"embeddable":true,"href":"https:\/\/snowwhitemuseum.com\/fr\/wp-json\/wp\/v2\/pages\/6917"}],"wp:featuredmedia":[{"embeddable":true,"href":"https:\/\/snowwhitemuseum.com\/fr\/wp-json\/wp\/v2\/media\/13000"}],"wp:attachment":[{"href":"https:\/\/snowwhitemuseum.com\/fr\/wp-json\/wp\/v2\/media?parent=12999"}],"curies":[{"name":"wp","href":"https:\/\/api.w.org\/{rel}","templated":true}]}}