{"id":13026,"date":"2024-11-22T23:10:59","date_gmt":"2024-11-22T22:10:59","guid":{"rendered":"https:\/\/snowwhitemuseum.com\/?page_id=13026"},"modified":"2024-11-22T23:11:42","modified_gmt":"2024-11-22T22:11:42","slug":"she-sees-dwarfs-everywhere","status":"publish","type":"page","link":"https:\/\/snowwhitemuseum.com\/fr\/about-the-film\/sequels\/references-to-snow-white-from-other-studios\/she-sees-dwarfs-everywhere\/","title":{"rendered":"Elle voit des nains partout !"},"content":{"rendered":"<style>.wp-block-kadence-column.kb-section-dir-horizontal > .kt-inside-inner-col > .kt-info-box13026_0febe3-e0 .kt-blocks-info-box-link-wrap{max-width:unset;}.kt-info-box13026_0febe3-e0 .kt-blocks-info-box-link-wrap{border-top:0px solid transparent;border-right:0px solid transparent;border-bottom:0px solid transparent;border-left:0px solid transparent;padding-top:var(--global-kb-spacing-xs, 1rem);padding-right:var(--global-kb-spacing-xs, 1rem);padding-bottom:var(--global-kb-spacing-xs, 1rem);padding-left:var(--global-kb-spacing-xs, 1rem);}.kt-info-box13026_0febe3-e0 .kadence-info-box-icon-container .kt-info-svg-icon, .kt-info-box13026_0febe3-e0 .kt-info-svg-icon-flip, .kt-info-box13026_0febe3-e0 .kt-blocks-info-box-number{font-size:50px;}.kt-info-box13026_0febe3-e0 .kt-blocks-info-box-media{border-color:var(--global-palette7, #eeeeee);border-top-width:0px;border-right-width:0px;border-bottom-width:0px;border-left-width:0px;padding-top:10px;padding-right:10px;padding-bottom:10px;padding-left:10px;}.kt-info-box13026_0febe3-e0 .kt-blocks-info-box-media-container{margin-top:0px;margin-right:15px;margin-bottom:0px;margin-left:15px;}.kt-info-box13026_0febe3-e0 .kt-infobox-textcontent h2.kt-blocks-info-box-title{padding-top:0px;padding-right:0px;padding-bottom:0px;padding-left:0px;margin-top:5px;margin-right:0px;margin-bottom:10px;margin-left:0px;}.kt-info-box13026_0febe3-e0 .kt-blocks-info-box-learnmore{background:transparent;border-width:0px 0px 0px 0px;padding-top:4px;padding-right:8px;padding-bottom:4px;padding-left:8px;margin-top:10px;margin-right:0px;margin-bottom:10px;margin-left:0px;}@media all and (max-width: 1024px){.kt-info-box13026_0febe3-e0 .kt-blocks-info-box-link-wrap{border-top:0px solid transparent;border-right:0px solid transparent;border-bottom:0px solid transparent;border-left:0px solid transparent;}}@media all and (max-width: 767px){.kt-info-box13026_0febe3-e0 .kt-blocks-info-box-link-wrap{border-top:0px solid transparent;border-right:0px solid transparent;border-bottom:0px solid transparent;border-left:0px solid transparent;}}<\/style>\n<div class=\"wp-block-kadence-infobox kt-info-box13026_0febe3-e0\"><div class=\"kt-blocks-info-box-link-wrap kt-blocks-info-box-media-align-top kt-info-halign-center\"><div class=\"kt-blocks-info-box-media-container\"><div class=\"kt-blocks-info-box-media kt-info-media-animate-none\"><div class=\"kadence-info-box-icon-container kt-info-icon-animate-none\"><div class=\"kadence-info-box-icon-inner-container\"><span class=\"kb-svg-icon-wrap kb-svg-icon-fe_film kt-info-svg-icon\"><svg viewBox=\"0 0 24 24\"  fill=\"none\" stroke=\"currentColor\" stroke-width=\"2\" stroke-linecap=\"round\" stroke-linejoin=\"round\" xmlns=\"http:\/\/www.w3.org\/2000\/svg\"  aria-hidden=\"true\"><rect x=\"2\" y=\"2\" width=\"20\" height=\"20\" rx=\"2.18\" ry=\"2.18\"\/><line x1=\"7\" y1=\"2\" x2=\"7\" y2=\"22\"\/><line x1=\"17\" y1=\"2\" x2=\"17\" y2=\"22\"\/><line x1=\"2\" y1=\"12\" x2=\"22\" y2=\"12\"\/><line x1=\"2\" y1=\"7\" x2=\"7\" y2=\"7\"\/><line x1=\"2\" y1=\"17\" x2=\"7\" y2=\"17\"\/><line x1=\"17\" y1=\"17\" x2=\"22\" y2=\"17\"\/><line x1=\"17\" y1=\"7\" x2=\"22\" y2=\"7\"\/><\/svg><\/span><\/div><\/div><\/div><\/div><div class=\"kt-infobox-textcontent\"><h2 class=\"kt-blocks-info-box-title\">Production information<\/h2><p class=\"kt-blocks-info-box-text\"><strong>Release dates:<\/strong> April 7, 1982 (France)<br><strong>Studios:<\/strong> Chlo\u00eb Productions, Foch Production, Sphinx Films<br><strong>Director:<\/strong> Jean-Claude Sussfeld<br><strong>Writers:<\/strong> Philippe Bruneau &amp; Jean Claude Sussfeld<br><strong>Executive producer:<\/strong> Jean-Pierre Fougea<br><strong>Composers:<\/strong> Jean-Philippe Goude &amp; Ramon Pipi<br><strong>Cinematography:<\/strong> Henri Clairon<br><strong>Editor:<\/strong> Catherine Kelber<br><br><strong>Main Cast<\/strong><br><strong>Snow White:<\/strong> Zabou<br><strong>The traveling Prince:<\/strong> Thierry Lhermitte<br><strong>Prince Charming:<\/strong> Martin Lamotte<br><strong>The Queen:<\/strong> Claire Magnin<br><strong>The cunning huntsman:<\/strong> Christian Clavier<br><strong>The King of France:<\/strong> Jean-Paul Muel<br><strong>The King of England:<\/strong> Jacques Monnet<br><strong>Albert the Counstable:<\/strong> Philippe Bruneau<br><strong>Little Red Riding Hood:<\/strong> Marilyn Canto<br><br><a href=\"https:\/\/snowwhitemuseum.com\/about-the-film\/sequels\/references-to-snow-white-from-other-studios\/\" title=\"References to Snow White from other studios\">Back to References to Snow White from other studios<\/a><\/p><\/div><\/div><\/div>\n\n\n<style>.kb-row-layout-id13026_82e67c-d0 > .kt-row-column-wrap{align-content:start;}:where(.kb-row-layout-id13026_82e67c-d0 > .kt-row-column-wrap) > .wp-block-kadence-column{justify-content:start;}.kb-row-layout-id13026_82e67c-d0 > .kt-row-column-wrap{column-gap:var(--global-kb-gap-md, 2rem);row-gap:var(--global-kb-gap-md, 2rem);padding-top:var(--global-kb-spacing-sm, 1.5rem);padding-bottom:var(--global-kb-spacing-sm, 1.5rem);grid-template-columns:minmax(0, 1fr) minmax(0, 2fr);}.kb-row-layout-id13026_82e67c-d0 > .kt-row-layout-overlay{opacity:0.30;}@media all and (max-width: 1024px){.kb-row-layout-id13026_82e67c-d0 > .kt-row-column-wrap{grid-template-columns:minmax(0, 1fr) minmax(0, 2fr);}}@media all and (max-width: 767px){.kb-row-layout-id13026_82e67c-d0 > .kt-row-column-wrap{grid-template-columns:minmax(0, 1fr);}}<\/style><div class=\"kb-row-layout-wrap kb-row-layout-id13026_82e67c-d0 alignnone wp-block-kadence-rowlayout\"><div class=\"kt-row-column-wrap kt-has-2-columns kt-row-layout-right-golden kt-tab-layout-inherit kt-mobile-layout-row kt-row-valign-top\">\n<style>.kadence-column13026_f3e242-7b > .kt-inside-inner-col,.kadence-column13026_f3e242-7b > .kt-inside-inner-col:before{border-top-left-radius:0px;border-top-right-radius:0px;border-bottom-right-radius:0px;border-bottom-left-radius:0px;}.kadence-column13026_f3e242-7b > .kt-inside-inner-col{column-gap:var(--global-kb-gap-sm, 1rem);}.kadence-column13026_f3e242-7b > .kt-inside-inner-col{flex-direction:column;}.kadence-column13026_f3e242-7b > .kt-inside-inner-col > .aligncenter{width:100%;}.kadence-column13026_f3e242-7b > .kt-inside-inner-col:before{opacity:0.3;}.kadence-column13026_f3e242-7b{position:relative;}@media all and (max-width: 1024px){.kadence-column13026_f3e242-7b > .kt-inside-inner-col{flex-direction:column;justify-content:center;}}@media all and (max-width: 767px){.kadence-column13026_f3e242-7b > .kt-inside-inner-col{flex-direction:column;justify-content:center;}}<\/style>\n<div class=\"wp-block-kadence-column kadence-column13026_f3e242-7b\"><div class=\"kt-inside-inner-col\">\n<figure class=\"wp-block-image size-full\"><img loading=\"lazy\" decoding=\"async\" width=\"504\" height=\"753\" src=\"https:\/\/snowwhitemuseum.com\/wp-content\/uploads\/2024\/11\/Elle-voit-des-nains-partout-01.jpg\" alt=\"\" class=\"wp-image-13030\" srcset=\"https:\/\/snowwhitemuseum.com\/wp-content\/uploads\/2024\/11\/Elle-voit-des-nains-partout-01.jpg 504w, https:\/\/snowwhitemuseum.com\/wp-content\/uploads\/2024\/11\/Elle-voit-des-nains-partout-01-201x300.jpg 201w, https:\/\/snowwhitemuseum.com\/wp-content\/uploads\/2024\/11\/Elle-voit-des-nains-partout-01-8x12.jpg 8w\" sizes=\"auto, (max-width: 504px) 100vw, 504px\" \/><figcaption class=\"wp-element-caption\">French Poster of She Sees Dwarfs Everywhere!<\/figcaption><\/figure>\n\n\n\n<figure class=\"wp-block-image size-large\"><img loading=\"lazy\" decoding=\"async\" width=\"1024\" height=\"797\" src=\"https:\/\/snowwhitemuseum.com\/wp-content\/uploads\/2024\/11\/Zabou-1024x797.jpg\" alt=\"\" class=\"wp-image-13028\" srcset=\"https:\/\/snowwhitemuseum.com\/wp-content\/uploads\/2024\/11\/Zabou-1024x797.jpg 1024w, https:\/\/snowwhitemuseum.com\/wp-content\/uploads\/2024\/11\/Zabou-300x234.jpg 300w, https:\/\/snowwhitemuseum.com\/wp-content\/uploads\/2024\/11\/Zabou-768x598.jpg 768w, https:\/\/snowwhitemuseum.com\/wp-content\/uploads\/2024\/11\/Zabou-15x12.jpg 15w, https:\/\/snowwhitemuseum.com\/wp-content\/uploads\/2024\/11\/Zabou.jpg 1161w\" sizes=\"auto, (max-width: 1024px) 100vw, 1024px\" \/><figcaption class=\"wp-element-caption\">Zabou as Snow White<\/figcaption><\/figure>\n<\/div><\/div>\n\n\n<style>.kadence-column13026_17fa14-95 > .kt-inside-inner-col,.kadence-column13026_17fa14-95 > .kt-inside-inner-col:before{border-top-left-radius:0px;border-top-right-radius:0px;border-bottom-right-radius:0px;border-bottom-left-radius:0px;}.kadence-column13026_17fa14-95 > .kt-inside-inner-col{column-gap:var(--global-kb-gap-sm, 1rem);}.kadence-column13026_17fa14-95 > .kt-inside-inner-col{flex-direction:column;}.kadence-column13026_17fa14-95 > .kt-inside-inner-col > .aligncenter{width:100%;}.kadence-column13026_17fa14-95 > .kt-inside-inner-col:before{opacity:0.3;}.kadence-column13026_17fa14-95{position:relative;}@media all and (max-width: 1024px){.kadence-column13026_17fa14-95 > .kt-inside-inner-col{flex-direction:column;justify-content:center;}}@media all and (max-width: 767px){.kadence-column13026_17fa14-95 > .kt-inside-inner-col{flex-direction:column;justify-content:center;}}<\/style>\n<div class=\"wp-block-kadence-column kadence-column13026_17fa14-95\"><div class=\"kt-inside-inner-col\"><style>.wp-block-kadence-advancedheading.kt-adv-heading13026_7595b3-34, .wp-block-kadence-advancedheading.kt-adv-heading13026_7595b3-34[data-kb-block=\"kb-adv-heading13026_7595b3-34\"]{font-style:normal;}.wp-block-kadence-advancedheading.kt-adv-heading13026_7595b3-34 mark.kt-highlight, .wp-block-kadence-advancedheading.kt-adv-heading13026_7595b3-34[data-kb-block=\"kb-adv-heading13026_7595b3-34\"] mark.kt-highlight{font-style:normal;color:#f76a0c;-webkit-box-decoration-break:clone;box-decoration-break:clone;padding-top:0px;padding-right:0px;padding-bottom:0px;padding-left:0px;}.wp-block-kadence-advancedheading.kt-adv-heading13026_7595b3-34 img.kb-inline-image, .wp-block-kadence-advancedheading.kt-adv-heading13026_7595b3-34[data-kb-block=\"kb-adv-heading13026_7595b3-34\"] img.kb-inline-image{width:150px;vertical-align:baseline;}<\/style>\n<h2 class=\"kt-adv-heading13026_7595b3-34 wp-block-kadence-advancedheading\" data-kb-block=\"kb-adv-heading13026_7595b3-34\">A French Snow White parody<\/h2>\n\n\n\n<p>Mixing elements from Snow White, Little Red Riding Hood and Victor Hugo&#8217;s Les Mis\u00e9rables, this 85 minute French comedy is not for the squeamish. Nudity and coarseness abound. The film is typically French and of its time and some jokes are probably difficult to understand for foreigners or even contemporary French. For instance, the King mentions a then-famous slogan of a commercial for mineral water, which would fly by most people nowadays. The characters of Snow White and the Queen are very obvious caricatures of the Walt Disney characters.<\/p>\n\n\n\n<p>As for the story, the press kit reads: Fairies who govern the world like the Pentagon with the help of computers and control screens; a charming traveling prince who lingers in taverns and fondles the maids instead of searching for his princess; a little wild child raised at an orphanage in the forest by the cruel and torturous sisters of Perpetual Help, who make the children eat from pig troughs; a little red riding hood who delivers bottles for her father&#8217;s wine business in Pr\u00e9fontaines, and whose grandmother feeds into the erotic fantasy of dressing her husband up as a wolf; Eponine, Azelma, Cosette, caked in mud and dressed in rags, the wicked Th\u00e9nardier, Jean Valjean, are also in the story.<\/p>\n\n\n\n<p>A brief incursion also from Tarzan, who crosses paths with Robin Hood on his way to search for King Arthur, and D&#8217;Artagnan en route to England in search of precious ferrets.<\/p>\n\n\n\n<p>All this little world, escaped from the tales and legends of our childhood, brings arms full of gifts to the wedding of Snow White. Gathered in the Romanesque chapel of the 12th century, peasants and knights attend the celebration of the hymn. Snow White, whom Huguette, the intern fairy, clumsily and ineptly made into a nymphomaniac, marries a little Puss, a macho devil turned Prince Charming in place of M\u00e9lusine&#8217;s wand. As for the real prince, who arrives late, he will marry Cosette in a proper ceremony. And as in the tales, they will live happily ever after and have many children&#8230;<\/p>\n<\/div><\/div>\n\n<\/div><\/div>\n\n<style>.kb-row-layout-id13026_6bfaa8-f2 > .kt-row-column-wrap{align-content:start;}:where(.kb-row-layout-id13026_6bfaa8-f2 > .kt-row-column-wrap) > .wp-block-kadence-column{justify-content:start;}.kb-row-layout-id13026_6bfaa8-f2 > .kt-row-column-wrap{column-gap:var(--global-kb-gap-md, 2rem);row-gap:var(--global-kb-gap-md, 2rem);padding-top:var(--global-kb-spacing-sm, 1.5rem);padding-bottom:var(--global-kb-spacing-sm, 1.5rem);grid-template-columns:minmax(0, 2fr) minmax(0, 1fr);}.kb-row-layout-id13026_6bfaa8-f2 > .kt-row-layout-overlay{opacity:0.30;}@media all and (max-width: 1024px){.kb-row-layout-id13026_6bfaa8-f2 > .kt-row-column-wrap{grid-template-columns:minmax(0, 2fr) minmax(0, 1fr);}}@media all and (max-width: 767px){.kb-row-layout-id13026_6bfaa8-f2 > .kt-row-column-wrap{grid-template-columns:minmax(0, 1fr);}.kb-row-layout-id13026_6bfaa8-f2 > .kt-row-column-wrap > .wp-block-kadence-column:nth-child(1 of *:not(style)){order:2;}.kb-row-layout-id13026_6bfaa8-f2 > .kt-row-column-wrap > .wp-block-kadence-column:nth-child(2 of *:not(style)){order:1;}.kb-row-layout-id13026_6bfaa8-f2 > .kt-row-column-wrap > .wp-block-kadence-column:nth-child(3 of *:not(style)){order:12;}.kb-row-layout-id13026_6bfaa8-f2 > .kt-row-column-wrap > .wp-block-kadence-column:nth-child(4 of *:not(style)){order:11;}.kb-row-layout-id13026_6bfaa8-f2 > .kt-row-column-wrap > .wp-block-kadence-column:nth-child(5 of *:not(style)){order:22;}.kb-row-layout-id13026_6bfaa8-f2 > .kt-row-column-wrap > .wp-block-kadence-column:nth-child(6 of *:not(style)){order:21;}.kb-row-layout-id13026_6bfaa8-f2 > .kt-row-column-wrap > .wp-block-kadence-column:nth-child(7 of *:not(style)){order:32;}.kb-row-layout-id13026_6bfaa8-f2 > .kt-row-column-wrap > .wp-block-kadence-column:nth-child(8 of *:not(style)){order:31;}}<\/style><div class=\"kb-row-layout-wrap kb-row-layout-id13026_6bfaa8-f2 alignnone wp-block-kadence-rowlayout\"><div class=\"kt-row-column-wrap kt-has-2-columns kt-row-layout-left-golden kt-tab-layout-inherit kt-mobile-layout-row kt-row-valign-top\">\n<style>.kadence-column13026_69d655-b3 > .kt-inside-inner-col,.kadence-column13026_69d655-b3 > .kt-inside-inner-col:before{border-top-left-radius:0px;border-top-right-radius:0px;border-bottom-right-radius:0px;border-bottom-left-radius:0px;}.kadence-column13026_69d655-b3 > .kt-inside-inner-col{column-gap:var(--global-kb-gap-sm, 1rem);}.kadence-column13026_69d655-b3 > .kt-inside-inner-col{flex-direction:column;}.kadence-column13026_69d655-b3 > .kt-inside-inner-col > .aligncenter{width:100%;}.kadence-column13026_69d655-b3 > .kt-inside-inner-col:before{opacity:0.3;}.kadence-column13026_69d655-b3{position:relative;}@media all and (max-width: 1024px){.kadence-column13026_69d655-b3 > .kt-inside-inner-col{flex-direction:column;justify-content:center;}}@media all and (max-width: 767px){.kadence-column13026_69d655-b3 > .kt-inside-inner-col{flex-direction:column;justify-content:center;}}<\/style>\n<div class=\"wp-block-kadence-column kadence-column13026_69d655-b3\"><div class=\"kt-inside-inner-col\"><style>.wp-block-kadence-advancedheading.kt-adv-heading13026_cf3787-48, .wp-block-kadence-advancedheading.kt-adv-heading13026_cf3787-48[data-kb-block=\"kb-adv-heading13026_cf3787-48\"]{font-style:normal;}.wp-block-kadence-advancedheading.kt-adv-heading13026_cf3787-48 mark.kt-highlight, .wp-block-kadence-advancedheading.kt-adv-heading13026_cf3787-48[data-kb-block=\"kb-adv-heading13026_cf3787-48\"] mark.kt-highlight{font-style:normal;color:#f76a0c;-webkit-box-decoration-break:clone;box-decoration-break:clone;padding-top:0px;padding-right:0px;padding-bottom:0px;padding-left:0px;}.wp-block-kadence-advancedheading.kt-adv-heading13026_cf3787-48 img.kb-inline-image, .wp-block-kadence-advancedheading.kt-adv-heading13026_cf3787-48[data-kb-block=\"kb-adv-heading13026_cf3787-48\"] img.kb-inline-image{width:150px;vertical-align:baseline;}<\/style>\n<h2 class=\"kt-adv-heading13026_cf3787-48 wp-block-kadence-advancedheading\" data-kb-block=\"kb-adv-heading13026_cf3787-48\">From Play to Film<\/h2>\n\n\n\n<p>Philippe Bruneau wrote the play in 1979 for his wife Claire Nadeau to play the part of Snow White at the Caf\u00e9 Th\u00e9\u00e2tre. He wrote the play in trashy verse, an idea mostly abandonned in the film, although it was the funniest part of it. A group of 6 actors played all the characters. Among them, the young G\u00e9rard Lanvin had left his job as a market salesman to become an actor. He became a movie star a few years after that.<\/p>\n<\/div><\/div>\n\n\n<style>.kadence-column13026_482c88-db > .kt-inside-inner-col,.kadence-column13026_482c88-db > .kt-inside-inner-col:before{border-top-left-radius:0px;border-top-right-radius:0px;border-bottom-right-radius:0px;border-bottom-left-radius:0px;}.kadence-column13026_482c88-db > .kt-inside-inner-col{column-gap:var(--global-kb-gap-sm, 1rem);}.kadence-column13026_482c88-db > .kt-inside-inner-col{flex-direction:column;}.kadence-column13026_482c88-db > .kt-inside-inner-col > .aligncenter{width:100%;}.kadence-column13026_482c88-db > .kt-inside-inner-col:before{opacity:0.3;}.kadence-column13026_482c88-db{position:relative;}@media all and (max-width: 1024px){.kadence-column13026_482c88-db > .kt-inside-inner-col{flex-direction:column;justify-content:center;}}@media all and (max-width: 767px){.kadence-column13026_482c88-db > .kt-inside-inner-col{flex-direction:column;justify-content:center;}}<\/style>\n<div class=\"wp-block-kadence-column kadence-column13026_482c88-db\"><div class=\"kt-inside-inner-col\">\n<figure class=\"wp-block-image size-full\"><img loading=\"lazy\" decoding=\"async\" width=\"509\" height=\"380\" src=\"https:\/\/snowwhitemuseum.com\/wp-content\/uploads\/2024\/11\/Gerard-Lanvin.jpg\" alt=\"\" class=\"wp-image-13027\" srcset=\"https:\/\/snowwhitemuseum.com\/wp-content\/uploads\/2024\/11\/Gerard-Lanvin.jpg 509w, https:\/\/snowwhitemuseum.com\/wp-content\/uploads\/2024\/11\/Gerard-Lanvin-300x224.jpg 300w, https:\/\/snowwhitemuseum.com\/wp-content\/uploads\/2024\/11\/Gerard-Lanvin-16x12.jpg 16w\" sizes=\"auto, (max-width: 509px) 100vw, 509px\" \/><figcaption class=\"wp-element-caption\">G\u00e9rard Lanvin in the play<\/figcaption><\/figure>\n<\/div><\/div>\n\n<\/div><\/div>","protected":false},"excerpt":{"rendered":"<p>A French Snow White parody Mixing elements from Snow White, Little Red Riding Hood and Victor Hugo&#8217;s Les Mis\u00e9rables, this 85 minute French comedy is not for the squeamish. Nudity and coarseness abound. The film is typically French and of its time and some jokes are probably difficult to understand for foreigners or even contemporary&#8230;<\/p>","protected":false},"author":1,"featured_media":7454,"parent":7450,"menu_order":0,"comment_status":"closed","ping_status":"closed","template":"","meta":{"_kadence_starter_templates_imported_post":false,"_kad_post_transparent":"","_kad_post_title":"","_kad_post_layout":"","_kad_post_sidebar_id":"","_kad_post_content_style":"","_kad_post_vertical_padding":"","_kad_post_feature":"","_kad_post_feature_position":"","_kad_post_header":false,"_kad_post_footer":false,"_kad_post_classname":"","footnotes":""},"class_list":["post-13026","page","type-page","status-publish","has-post-thumbnail","hentry"],"aioseo_notices":[],"_links":{"self":[{"href":"https:\/\/snowwhitemuseum.com\/fr\/wp-json\/wp\/v2\/pages\/13026","targetHints":{"allow":["GET"]}}],"collection":[{"href":"https:\/\/snowwhitemuseum.com\/fr\/wp-json\/wp\/v2\/pages"}],"about":[{"href":"https:\/\/snowwhitemuseum.com\/fr\/wp-json\/wp\/v2\/types\/page"}],"author":[{"embeddable":true,"href":"https:\/\/snowwhitemuseum.com\/fr\/wp-json\/wp\/v2\/users\/1"}],"replies":[{"embeddable":true,"href":"https:\/\/snowwhitemuseum.com\/fr\/wp-json\/wp\/v2\/comments?post=13026"}],"version-history":[{"count":2,"href":"https:\/\/snowwhitemuseum.com\/fr\/wp-json\/wp\/v2\/pages\/13026\/revisions"}],"predecessor-version":[{"id":13032,"href":"https:\/\/snowwhitemuseum.com\/fr\/wp-json\/wp\/v2\/pages\/13026\/revisions\/13032"}],"up":[{"embeddable":true,"href":"https:\/\/snowwhitemuseum.com\/fr\/wp-json\/wp\/v2\/pages\/7450"}],"wp:featuredmedia":[{"embeddable":true,"href":"https:\/\/snowwhitemuseum.com\/fr\/wp-json\/wp\/v2\/media\/7454"}],"wp:attachment":[{"href":"https:\/\/snowwhitemuseum.com\/fr\/wp-json\/wp\/v2\/media?parent=13026"}],"curies":[{"name":"wp","href":"https:\/\/api.w.org\/{rel}","templated":true}]}}