{"id":13086,"date":"2024-11-26T13:37:55","date_gmt":"2024-11-26T12:37:55","guid":{"rendered":"https:\/\/snowwhitemuseum.com\/?page_id=13086"},"modified":"2024-11-26T13:37:55","modified_gmt":"2024-11-26T12:37:55","slug":"lexpress-magazine","status":"publish","type":"page","link":"https:\/\/snowwhitemuseum.com\/fr\/merchandising\/press\/french-press\/lexpress-magazine\/","title":{"rendered":"L\u2019Express"},"content":{"rendered":"<style>.wp-block-kadence-advancedbtn.kb-btns13086_20e55a-6d{gap:var(--global-kb-gap-xs, 0.5rem );justify-content:center;align-items:center;}.kt-btns13086_20e55a-6d .kt-button{font-weight:normal;font-style:normal;}.kt-btns13086_20e55a-6d .kt-btn-wrap-0{margin-right:5px;}.wp-block-kadence-advancedbtn.kt-btns13086_20e55a-6d .kt-btn-wrap-0 .kt-button{color:#555555;border-color:#555555;}.wp-block-kadence-advancedbtn.kt-btns13086_20e55a-6d .kt-btn-wrap-0 .kt-button:hover, .wp-block-kadence-advancedbtn.kt-btns13086_20e55a-6d .kt-btn-wrap-0 .kt-button:focus{color:#ffffff;border-color:#444444;}.wp-block-kadence-advancedbtn.kt-btns13086_20e55a-6d .kt-btn-wrap-0 .kt-button::before{display:none;}.wp-block-kadence-advancedbtn.kt-btns13086_20e55a-6d .kt-btn-wrap-0 .kt-button:hover, .wp-block-kadence-advancedbtn.kt-btns13086_20e55a-6d .kt-btn-wrap-0 .kt-button:focus{background:#444444;}<\/style>\n<div class=\"wp-block-kadence-advancedbtn kb-buttons-wrap kb-btns13086_20e55a-6d\"><style>ul.menu .wp-block-kadence-advancedbtn .kb-btn13086_c45b62-5d.kb-button{width:initial;}<\/style><a class=\"kb-button kt-button button kb-btn13086_c45b62-5d kt-btn-size-standard kt-btn-width-type-auto kb-btn-global-fill  kt-btn-has-text-true kt-btn-has-svg-false  wp-block-kadence-singlebtn\" href=\"https:\/\/snowwhitemuseum.com\/fr\/merchandising\/press\/french-press\/\"><span class=\"kt-btn-inner-text\">Retour \u00e0 Presse fran\u00e7aise<\/span><\/a><\/div>\n\n\n\n<p>L'Express est un magazine d'actualit\u00e9 hebdomadaire fran\u00e7ais cr\u00e9\u00e9 en 1953 par Jean-Jacques Servan-Schreiber et Fran\u00e7oise Giroud.<\/p>\n\n\n<style>.kb-row-layout-id13086_fd7947-f1 > .kt-row-column-wrap{align-content:start;}:where(.kb-row-layout-id13086_fd7947-f1 > .kt-row-column-wrap) > .wp-block-kadence-column{justify-content:start;}.kb-row-layout-id13086_fd7947-f1 > .kt-row-column-wrap{column-gap:var(--global-kb-gap-md, 2rem);row-gap:var(--global-kb-gap-md, 2rem);padding-top:var(--global-kb-spacing-sm, 1.5rem);padding-bottom:var(--global-kb-spacing-sm, 1.5rem);grid-template-columns:minmax(0, 1fr) minmax(0, 2fr);}.kb-row-layout-id13086_fd7947-f1 > .kt-row-layout-overlay{opacity:0.30;}@media all and (max-width: 1024px){.kb-row-layout-id13086_fd7947-f1 > .kt-row-column-wrap{grid-template-columns:minmax(0, 1fr) minmax(0, 2fr);}}@media all and (max-width: 767px){.kb-row-layout-id13086_fd7947-f1 > .kt-row-column-wrap{grid-template-columns:minmax(0, 1fr);}}<\/style><div class=\"kb-row-layout-wrap kb-row-layout-id13086_fd7947-f1 alignnone wp-block-kadence-rowlayout\"><div class=\"kt-row-column-wrap kt-has-2-columns kt-row-layout-right-golden kt-tab-layout-inherit kt-mobile-layout-row kt-row-valign-top\">\n<style>.kadence-column13086_5983e7-0a > .kt-inside-inner-col,.kadence-column13086_5983e7-0a > .kt-inside-inner-col:before{border-top-left-radius:0px;border-top-right-radius:0px;border-bottom-right-radius:0px;border-bottom-left-radius:0px;}.kadence-column13086_5983e7-0a > .kt-inside-inner-col{column-gap:var(--global-kb-gap-sm, 1rem);}.kadence-column13086_5983e7-0a > .kt-inside-inner-col{flex-direction:column;}.kadence-column13086_5983e7-0a > .kt-inside-inner-col > .aligncenter{width:100%;}.kadence-column13086_5983e7-0a > .kt-inside-inner-col:before{opacity:0.3;}.kadence-column13086_5983e7-0a{position:relative;}@media all and (max-width: 1024px){.kadence-column13086_5983e7-0a > .kt-inside-inner-col{flex-direction:column;justify-content:center;}}@media all and (max-width: 767px){.kadence-column13086_5983e7-0a > .kt-inside-inner-col{flex-direction:column;justify-content:center;}}<\/style>\n<div class=\"wp-block-kadence-column kadence-column13086_5983e7-0a\"><div class=\"kt-inside-inner-col\">\n<figure class=\"wp-block-image size-large\"><img loading=\"lazy\" decoding=\"async\" width=\"1024\" height=\"575\" src=\"https:\/\/snowwhitemuseum.com\/wp-content\/uploads\/2024\/11\/LExpress-logo-1024x575.png\" alt=\"\" class=\"wp-image-13087\" srcset=\"https:\/\/snowwhitemuseum.com\/wp-content\/uploads\/2024\/11\/LExpress-logo-1024x575.png 1024w, https:\/\/snowwhitemuseum.com\/wp-content\/uploads\/2024\/11\/LExpress-logo-300x169.png 300w, https:\/\/snowwhitemuseum.com\/wp-content\/uploads\/2024\/11\/LExpress-logo-768x432.png 768w, https:\/\/snowwhitemuseum.com\/wp-content\/uploads\/2024\/11\/LExpress-logo-18x10.png 18w, https:\/\/snowwhitemuseum.com\/wp-content\/uploads\/2024\/11\/LExpress-logo.png 1500w\" sizes=\"auto, (max-width: 1024px) 100vw, 1024px\" \/><figcaption class=\"wp-element-caption\">L\u2019Express<\/figcaption><\/figure>\n<\/div><\/div>\n\n\n<style>.kadence-column13086_3f3bd5-a0 > .kt-inside-inner-col,.kadence-column13086_3f3bd5-a0 > .kt-inside-inner-col:before{border-top-left-radius:0px;border-top-right-radius:0px;border-bottom-right-radius:0px;border-bottom-left-radius:0px;}.kadence-column13086_3f3bd5-a0 > .kt-inside-inner-col{column-gap:var(--global-kb-gap-sm, 1rem);}.kadence-column13086_3f3bd5-a0 > .kt-inside-inner-col{flex-direction:column;}.kadence-column13086_3f3bd5-a0 > .kt-inside-inner-col > .aligncenter{width:100%;}.kadence-column13086_3f3bd5-a0 > .kt-inside-inner-col:before{opacity:0.3;}.kadence-column13086_3f3bd5-a0{position:relative;}@media all and (max-width: 1024px){.kadence-column13086_3f3bd5-a0 > .kt-inside-inner-col{flex-direction:column;justify-content:center;}}@media all and (max-width: 767px){.kadence-column13086_3f3bd5-a0 > .kt-inside-inner-col{flex-direction:column;justify-content:center;}}<\/style>\n<div class=\"wp-block-kadence-column kadence-column13086_3f3bd5-a0\"><div class=\"kt-inside-inner-col\">\n<p>Tout le monde n'aime pas <em>Blanche Neige<\/em>. Dani\u00e8le Heymann (1933 \u2013 2019), qui a \u00e9crit cet article pour la ressortie du film en 1973 en France, n'est pas impressionn\u00e9e. Ou plut\u00f4t, elle estime que le film, sous un vernis de guimauve, est trop macabre pour les enfants, tout comme les s\u00e9ries polici\u00e8res t\u00e9l\u00e9vis\u00e9es telles que <em>Mannix<\/em> les habituent \u00e0 accepter la violence dans leur quotidien. C'est pourquoi elle met des guillemets autour du mot \"chef-d'\u0153uvre\" afin de mieux souligner son d\u00e9saccord avec ce terme pour ce film.<\/p>\n<\/div><\/div>\n\n<\/div><\/div>\n\n<style>.kb-row-layout-id13086_7492d4-53 > .kt-row-column-wrap{align-content:start;}:where(.kb-row-layout-id13086_7492d4-53 > .kt-row-column-wrap) > .wp-block-kadence-column{justify-content:start;}.kb-row-layout-id13086_7492d4-53 > .kt-row-column-wrap{column-gap:var(--global-kb-gap-md, 2rem);row-gap:var(--global-kb-gap-md, 2rem);padding-top:var(--global-kb-spacing-sm, 1.5rem);padding-bottom:var(--global-kb-spacing-sm, 1.5rem);grid-template-columns:minmax(0, 2fr) minmax(0, 1fr);}.kb-row-layout-id13086_7492d4-53 > .kt-row-layout-overlay{opacity:0.30;}@media all and (max-width: 1024px){.kb-row-layout-id13086_7492d4-53 > .kt-row-column-wrap{grid-template-columns:minmax(0, 2fr) minmax(0, 1fr);}}@media all and (max-width: 767px){.kb-row-layout-id13086_7492d4-53 > .kt-row-column-wrap{grid-template-columns:minmax(0, 1fr);}}<\/style><div class=\"kb-row-layout-wrap kb-row-layout-id13086_7492d4-53 alignnone wp-block-kadence-rowlayout\"><div class=\"kt-row-column-wrap kt-has-2-columns kt-row-layout-left-golden kt-tab-layout-inherit kt-mobile-layout-row kt-row-valign-top\">\n<style>.kadence-column13086_09cb88-70 > .kt-inside-inner-col,.kadence-column13086_09cb88-70 > .kt-inside-inner-col:before{border-top-left-radius:0px;border-top-right-radius:0px;border-bottom-right-radius:0px;border-bottom-left-radius:0px;}.kadence-column13086_09cb88-70 > .kt-inside-inner-col{column-gap:var(--global-kb-gap-sm, 1rem);}.kadence-column13086_09cb88-70 > .kt-inside-inner-col{flex-direction:column;}.kadence-column13086_09cb88-70 > .kt-inside-inner-col > .aligncenter{width:100%;}.kadence-column13086_09cb88-70 > .kt-inside-inner-col:before{opacity:0.3;}.kadence-column13086_09cb88-70{position:relative;}@media all and (max-width: 1024px){.kadence-column13086_09cb88-70 > .kt-inside-inner-col{flex-direction:column;justify-content:center;}}@media all and (max-width: 767px){.kadence-column13086_09cb88-70 > .kt-inside-inner-col{flex-direction:column;justify-content:center;}}<\/style>\n<div class=\"wp-block-kadence-column kadence-column13086_09cb88-70\"><div class=\"kt-inside-inner-col\">\n<h3 class=\"wp-block-heading\"><strong>Blanche Neige en appel<\/strong><\/h3>\n\n\n\n<p>par Dani\u00e8le Heymann (3 d\u00e9cembre 1973)<\/p>\n\n\n\n<hr class=\"wp-block-separator has-alpha-channel-opacity\"\/>\n\n\n\n<p><em>Blanche Neige<\/em> ressort dans cent salles... Dani\u00e8le Heymann l'a revue. Avec indignation.<\/p>\n\n\n\n<p>Elle a pr\u00e8s de 40 ans. D'accord, elle ne les para\u00eet pas. <em>Blanche Neige<\/em>, sortie des studios de Walt Disney en 1936, revient en force dans cent salles fran\u00e7aises, le 5 d\u00e9cembre. Ce film, la premi\u00e8re com\u00e9die musicale de l'histoire du dessin anim\u00e9, a \u00e9t\u00e9 vu par 200 millions de spectateurs \u00e0 travers le monde. Soit. Mais tous ceux qui ont aujourd\u2019hui 40 ans (m\u00eame s\u2019ils ne les paraissent pas) risquent, en retrouvant ce \u00ab chef-d'\u0153uvre \u00bb avec leurs yeux d\u2019adultes, de voir s\u2019\u00e9crouler leurs souvenirs d\u2019enfants.<\/p>\n\n\n\n<p>Blanche Neige ? Une idiote. Le Prince ? Un ben\u00eat. Les animaux ? De petits esclaves serviles. Les sept nains ? D'affreux vieillards, sales et vicieux. Simplet, surtout, qui porte les stigmates d'un grave d\u00e9r\u00e8glement glandulaire, imberbe, \u00e9dent\u00e9, vouant \u00e0 la Princesse une fid\u00e9lit\u00e9 libidineuse. Et, planant sur le tout, une terreur de bazar, un sadisme primaire. La for\u00eat, au d\u00e9but z\u00e9br\u00e9e d'orage, lan\u00e7ant de tous c\u00f4t\u00e9s ses branches crochues comme des griffes, la Reine exigeant qu\u2019on lui rapporte le c\u0153ur encore chaud de sa rivale, puis se transformant en sorci\u00e8re, tandis qu\u2019un corbeau affol\u00e9 se r\u00e9fugie dans un cr\u00e2ne ricanant. La descente de l'effroyable femme dans les oubliettes o\u00f9 l'attend le squelette d'un prisonnier suppliant. La pomme empoisonn\u00e9e, les vautours guettant leur proie...<\/p>\n\n\n\n<p>Sous la guimauve. Qu'importe, sans doute, que les m\u00e8res aient d\u00e9sormais les dents agac\u00e9es, puisque leurs filles se r\u00e9galent de ce spectacle comme elles s'en sont jadis r\u00e9gal\u00e9es (voir les \u00ab critiques \u00bb de St\u00e9phanie, 11 ans, et d'Agn\u00e8s, 7 ans).<\/p>\n\n\n\n<p>Qu'importe \u00e9galement qu'un sp\u00e9cialiste, le Dr Pierre Debray-Ritzen, p\u00e9dopsychiatre, qui vient de publier <em>\u00ab Les Troubles du comportement de l\u2019enfant \u00bb<\/em>, d\u00e9nonce le mauvais go\u00fbt chez Walt Disney. \u00ab Il a, dit-il, impos\u00e9 une mani\u00e8re graphique \u00e0 plusieurs g\u00e9n\u00e9rations, mani\u00e8re gravement envahissante, insupportable \u00bb du jeune Bambi (auquel, bien s\u00fbr, il s\u2019identifie) pleurant des larmes trop humaines sur le cadavre de sa biche de maman.<\/p>\n\n\n\n<p>Il est de bon ton d\u2019approuver. D\u2019affirmer, s\u2019abritant derri\u00e8re le fant\u00f4me de la comtesse de S\u00e9gur, et rappelant la cruaut\u00e9 tut\u00e9laire de Hans Christian Andersen ou de Jacob et Wilhelm Grimm, que les contes, les r\u00e9cits, les romans \u00e0 l'usage des petits sont toujours m\u00e9chants, et que c\u2019est fort bien ainsi. Que la vie, n\u2019est-ce pas, n\u2019est pas gentille, et qu'il est pr\u00e9f\u00e9rable qu'ils apprennent \u00e0 en accepter le pire, en plongeant leur regard dans le miroir troublant de l\u2019imaginaire.<\/p>\n\n\n\n<p>Exact. Mais, chez les petits enfants de l'abondance menac\u00e9e, o\u00f9 passe d\u00e9sormais la fronti\u00e8re entre le r\u00e9el et l\u2019imaginaire ? Elle est de plus en plus vague, artificielle.<\/p>\n\n\n\n<p>Pour de vrai. Gav\u00e9s de t\u00e9l\u00e9vision, avalant avec le m\u00eame plaisir passif les spots publicitaires et les feuilletons am\u00e9ricains, les bulletins d\u2019informations et les play-back des chanteurs \u00e0 la mode, ils mettent tout dans le m\u00eame panier de la fiction r\u00e9elle ou de la r\u00e9alit\u00e9 fictive. Mannix abat un gangster ? Ils rient : \u00ab On sait bien que le gangster va se relever, \u00e7a co\u00fbterait trop cher de tuer les acteurs. \u00bb On projette un reportage sur la guerre du Kippour ? Ils interrogent : \u00ab Et ceux-l\u00e0, ils sont morts pour de vrai ? \u00bb<\/p>\n\n\n\n<p>La question : \u00ab Ce spectacle est-il pour eux ? \u00bb ne semble-t-elle pas alors d\u00e9mod\u00e9e ? La trag\u00e9die chez les biches : pour eux. La trag\u00e9die du Sina\u00ef : pas pour eux. La mort en dessin anim\u00e9 : pour eux. La mort \u00e0 la une des journaux : pas pour eux.<\/p>\n\n\n\n<p>Il serait peut-\u00eatre temps de sortir les enfants du ghetto des loisirs r\u00e9serv\u00e9s. N\u2019ont-ils pas acquis \u2014 peut-\u00eatre trop vite, peut-\u00eatre trop t\u00f4t \u2014 le droit de (presque) tout voir, comprendre, savoir ? Qu\u2019on le leur reconnaisse donc. Il est trop tard pour ne leur montrer la v\u00e9rit\u00e9 qu\u2019\u00e0 travers le filtre hypocrite de l\u2019\u00ab imaginaire \u00bb. Ils m\u00e9ritent mieux. Mieux que <em>Blanche Neige<\/em>.<br><\/p>\n<\/div><\/div>\n\n\n<style>.kadence-column13086_28e365-80 > .kt-inside-inner-col,.kadence-column13086_28e365-80 > .kt-inside-inner-col:before{border-top-left-radius:0px;border-top-right-radius:0px;border-bottom-right-radius:0px;border-bottom-left-radius:0px;}.kadence-column13086_28e365-80 > .kt-inside-inner-col{column-gap:var(--global-kb-gap-sm, 1rem);}.kadence-column13086_28e365-80 > .kt-inside-inner-col{flex-direction:column;}.kadence-column13086_28e365-80 > .kt-inside-inner-col > .aligncenter{width:100%;}.kadence-column13086_28e365-80 > .kt-inside-inner-col:before{opacity:0.3;}.kadence-column13086_28e365-80{position:relative;}@media all and (max-width: 1024px){.kadence-column13086_28e365-80 > .kt-inside-inner-col{flex-direction:column;justify-content:center;}}@media all and (max-width: 767px){.kadence-column13086_28e365-80 > .kt-inside-inner-col{flex-direction:column;justify-content:center;}}<\/style>\n<div class=\"wp-block-kadence-column kadence-column13086_28e365-80\"><div class=\"kt-inside-inner-col\">\n<figure class=\"wp-block-image size-full\"><img loading=\"lazy\" decoding=\"async\" width=\"382\" height=\"753\" src=\"https:\/\/snowwhitemuseum.com\/wp-content\/uploads\/2024\/11\/1973-12-13-Blanche-Neige-en-appel.jpg\" alt=\"\" class=\"wp-image-13088\" srcset=\"https:\/\/snowwhitemuseum.com\/wp-content\/uploads\/2024\/11\/1973-12-13-Blanche-Neige-en-appel.jpg 382w, https:\/\/snowwhitemuseum.com\/wp-content\/uploads\/2024\/11\/1973-12-13-Blanche-Neige-en-appel-152x300.jpg 152w, https:\/\/snowwhitemuseum.com\/wp-content\/uploads\/2024\/11\/1973-12-13-Blanche-Neige-en-appel-6x12.jpg 6w\" sizes=\"auto, (max-width: 382px) 100vw, 382px\" \/><\/figure>\n<\/div><\/div>\n\n<\/div><\/div>","protected":false},"excerpt":{"rendered":"<p>L&#8217;Express is a French weekly news magazine founded in 1953 by Jean-Jacques Servan-Schreiber and Fran\u00e7oise Giroud. Not everyone likes Snow White. Dani\u00e8le Heymann (1933 \u2013 2019), who wrote this article for the 1973 rerelease of the film in France, is far from impressed. Or rather, she argues that the film, underneath a schmaltzy veneer, is&#8230;<\/p>","protected":false},"author":1,"featured_media":13087,"parent":6917,"menu_order":0,"comment_status":"closed","ping_status":"closed","template":"","meta":{"_kadence_starter_templates_imported_post":false,"_kad_post_transparent":"","_kad_post_title":"","_kad_post_layout":"","_kad_post_sidebar_id":"","_kad_post_content_style":"","_kad_post_vertical_padding":"","_kad_post_feature":"","_kad_post_feature_position":"","_kad_post_header":false,"_kad_post_footer":false,"_kad_post_classname":"","footnotes":""},"class_list":["post-13086","page","type-page","status-publish","has-post-thumbnail","hentry"],"aioseo_notices":[],"_links":{"self":[{"href":"https:\/\/snowwhitemuseum.com\/fr\/wp-json\/wp\/v2\/pages\/13086","targetHints":{"allow":["GET"]}}],"collection":[{"href":"https:\/\/snowwhitemuseum.com\/fr\/wp-json\/wp\/v2\/pages"}],"about":[{"href":"https:\/\/snowwhitemuseum.com\/fr\/wp-json\/wp\/v2\/types\/page"}],"author":[{"embeddable":true,"href":"https:\/\/snowwhitemuseum.com\/fr\/wp-json\/wp\/v2\/users\/1"}],"replies":[{"embeddable":true,"href":"https:\/\/snowwhitemuseum.com\/fr\/wp-json\/wp\/v2\/comments?post=13086"}],"version-history":[{"count":2,"href":"https:\/\/snowwhitemuseum.com\/fr\/wp-json\/wp\/v2\/pages\/13086\/revisions"}],"predecessor-version":[{"id":13090,"href":"https:\/\/snowwhitemuseum.com\/fr\/wp-json\/wp\/v2\/pages\/13086\/revisions\/13090"}],"up":[{"embeddable":true,"href":"https:\/\/snowwhitemuseum.com\/fr\/wp-json\/wp\/v2\/pages\/6917"}],"wp:featuredmedia":[{"embeddable":true,"href":"https:\/\/snowwhitemuseum.com\/fr\/wp-json\/wp\/v2\/media\/13087"}],"wp:attachment":[{"href":"https:\/\/snowwhitemuseum.com\/fr\/wp-json\/wp\/v2\/media?parent=13086"}],"curies":[{"name":"wp","href":"https:\/\/api.w.org\/{rel}","templated":true}]}}