{"id":13398,"date":"2024-12-14T16:44:19","date_gmt":"2024-12-14T15:44:19","guid":{"rendered":"https:\/\/snowwhitemuseum.com\/?page_id=13398"},"modified":"2025-08-16T17:46:15","modified_gmt":"2025-08-16T15:46:15","slug":"the-coronation-of-snow-white-les-albums-roses-1968","status":"publish","type":"page","link":"https:\/\/snowwhitemuseum.com\/fr\/merchandising\/books\/french-books\/the-coronation-of-snow-white-les-albums-roses-1968\/","title":{"rendered":"Le couronnement de Blanche Neige (Les albums roses) 1968"},"content":{"rendered":"<style>.wp-block-kadence-column.kb-section-dir-horizontal > .kt-inside-inner-col > .kt-info-box13398_2770e2-a0 .kt-blocks-info-box-link-wrap{max-width:unset;}.kt-info-box13398_2770e2-a0 .kt-blocks-info-box-link-wrap{padding-top:var(--global-kb-spacing-xs, 1rem);padding-right:var(--global-kb-spacing-xs, 1rem);padding-bottom:var(--global-kb-spacing-xs, 1rem);padding-left:var(--global-kb-spacing-xs, 1rem);}.kt-info-box13398_2770e2-a0 .kadence-info-box-icon-container .kt-info-svg-icon, .kt-info-box13398_2770e2-a0 .kt-info-svg-icon-flip, .kt-info-box13398_2770e2-a0 .kt-blocks-info-box-number{font-size:50px;}.kt-info-box13398_2770e2-a0 .kt-blocks-info-box-media{border-top-width:0px;border-right-width:0px;border-bottom-width:0px;border-left-width:0px;padding-top:10px;padding-right:10px;padding-bottom:10px;padding-left:10px;}.kt-info-box13398_2770e2-a0 .kt-blocks-info-box-media-container{margin-top:0px;margin-right:15px;margin-bottom:0px;margin-left:15px;}.kt-info-box13398_2770e2-a0 .kt-blocks-info-box-learnmore{background:transparent;border-width:0px 0px 0px 0px;padding-top:4px;padding-right:8px;padding-bottom:4px;padding-left:8px;margin-top:10px;margin-right:0px;margin-bottom:10px;margin-left:0px;}<\/style>\n<div class=\"wp-block-kadence-infobox kt-info-box13398_2770e2-a0\"><div class=\"kt-blocks-info-box-link-wrap kt-blocks-info-box-media-align-top kt-info-halign-center\"><div class=\"kt-blocks-info-box-media-container\"><div class=\"kt-blocks-info-box-media kt-info-media-animate-none\"><div class=\"kadence-info-box-icon-container kt-info-icon-animate-none\"><div class=\"kadence-info-box-icon-inner-container\"><span class=\"kb-svg-icon-wrap kb-svg-icon-fe_book kt-info-svg-icon\"><svg viewbox=\"0 0 24 24\"  fill=\"none\" stroke=\"currentColor\" stroke-width=\"2\" stroke-linecap=\"round\" stroke-linejoin=\"round\" xmlns=\"http:\/\/www.w3.org\/2000\/svg\"  aria-hidden=\"true\"><path d=\"M4 19.5A2.5 2.5 0 0 1 6.5 17H20\"\/><path d=\"M6.5 2H20v20H6.5A2.5 2.5 0 0 1 4 19.5v-15A2.5 2.5 0 0 1 6.5 2z\"\/><\/svg><\/span><\/div><\/div><\/div><\/div><div class=\"kt-infobox-textcontent\"><h2 class=\"kt-blocks-info-box-title\">Information<\/h2><p class=\"kt-blocks-info-box-text\"><strong>Titre complet :<\/strong> Le couronnement de Blanche Neige<br><strong>Auteur :<\/strong> inconnu<br><strong>Illustrations :<\/strong> Al Dempster (non cr\u00e9dit\u00e9)<br><strong>Date de publication :<\/strong> 1968<br><strong>\u00c9diteurs :<\/strong> Hachette<br><strong>Pays :<\/strong> France<br><strong>Prix de vente :<\/strong> ? FF<br><strong>Dimensions :<\/strong> 16 x 19,5 cm<br><strong>Nombre de pages :<\/strong> 20<br><br><a href=\"https:\/\/snowwhitemuseum.com\/fr\/merchandising\/books\/french-books\/\" title=\"Livres fran\u00e7ais\">Retour aux livres fran\u00e7ais<\/a><\/p><\/div><\/div><\/div>\n\n\n<style>.kb-row-layout-id13398_cb01a9-20 > .kt-row-column-wrap{align-content:start;}:where(.kb-row-layout-id13398_cb01a9-20 > .kt-row-column-wrap) > .wp-block-kadence-column{justify-content:start;}.kb-row-layout-id13398_cb01a9-20 > .kt-row-column-wrap{column-gap:var(--global-kb-gap-md, 2rem);row-gap:var(--global-kb-gap-md, 2rem);padding-top:var(--global-kb-spacing-sm, 1.5rem);padding-bottom:var(--global-kb-spacing-sm, 1.5rem);grid-template-columns:minmax(0, 1fr) minmax(0, 2fr);}.kb-row-layout-id13398_cb01a9-20 > .kt-row-layout-overlay{opacity:0.30;}@media all and (max-width: 1024px){.kb-row-layout-id13398_cb01a9-20 > .kt-row-column-wrap{grid-template-columns:minmax(0, 1fr) minmax(0, 2fr);}}@media all and (max-width: 767px){.kb-row-layout-id13398_cb01a9-20 > .kt-row-column-wrap{grid-template-columns:minmax(0, 1fr);}}<\/style><div class=\"kb-row-layout-wrap kb-row-layout-id13398_cb01a9-20 alignnone wp-block-kadence-rowlayout\"><div class=\"kt-row-column-wrap kt-has-2-columns kt-row-layout-right-golden kt-tab-layout-inherit kt-mobile-layout-row kt-row-valign-top\">\n<style>.kadence-column13398_0f5c69-d2 > .kt-inside-inner-col,.kadence-column13398_0f5c69-d2 > .kt-inside-inner-col:before{border-top-left-radius:0px;border-top-right-radius:0px;border-bottom-right-radius:0px;border-bottom-left-radius:0px;}.kadence-column13398_0f5c69-d2 > .kt-inside-inner-col{column-gap:var(--global-kb-gap-sm, 1rem);}.kadence-column13398_0f5c69-d2 > .kt-inside-inner-col{flex-direction:column;}.kadence-column13398_0f5c69-d2 > .kt-inside-inner-col > .aligncenter{width:100%;}.kadence-column13398_0f5c69-d2 > .kt-inside-inner-col:before{opacity:0.3;}.kadence-column13398_0f5c69-d2{position:relative;}@media all and (max-width: 1024px){.kadence-column13398_0f5c69-d2 > .kt-inside-inner-col{flex-direction:column;justify-content:center;}}@media all and (max-width: 767px){.kadence-column13398_0f5c69-d2 > .kt-inside-inner-col{flex-direction:column;justify-content:center;}}<\/style>\n<div class=\"wp-block-kadence-column kadence-column13398_0f5c69-d2\"><div class=\"kt-inside-inner-col\">\n<figure class=\"wp-block-image size-full\"><img loading=\"lazy\" decoding=\"async\" width=\"634\" height=\"753\" src=\"https:\/\/snowwhitemuseum.com\/wp-content\/uploads\/2024\/12\/1968-Le-couronnement-de-Blanche-neige.jpg\" alt=\"\" class=\"wp-image-13399\" srcset=\"https:\/\/snowwhitemuseum.com\/wp-content\/uploads\/2024\/12\/1968-Le-couronnement-de-Blanche-neige.jpg 634w, https:\/\/snowwhitemuseum.com\/wp-content\/uploads\/2024\/12\/1968-Le-couronnement-de-Blanche-neige-253x300.jpg 253w, https:\/\/snowwhitemuseum.com\/wp-content\/uploads\/2024\/12\/1968-Le-couronnement-de-Blanche-neige-10x12.jpg 10w\" sizes=\"auto, (max-width: 634px) 100vw, 634px\" \/><figcaption class=\"wp-element-caption\">Le couronnement de Blanche Neige (Les albums roses) 1968<\/figcaption><\/figure>\n<\/div><\/div>\n\n\n<style>.kadence-column13398_1675d4-d7 > .kt-inside-inner-col,.kadence-column13398_1675d4-d7 > .kt-inside-inner-col:before{border-top-left-radius:0px;border-top-right-radius:0px;border-bottom-right-radius:0px;border-bottom-left-radius:0px;}.kadence-column13398_1675d4-d7 > .kt-inside-inner-col{column-gap:var(--global-kb-gap-sm, 1rem);}.kadence-column13398_1675d4-d7 > .kt-inside-inner-col{flex-direction:column;}.kadence-column13398_1675d4-d7 > .kt-inside-inner-col > .aligncenter{width:100%;}.kadence-column13398_1675d4-d7 > .kt-inside-inner-col:before{opacity:0.3;}.kadence-column13398_1675d4-d7{position:relative;}@media all and (max-width: 1024px){.kadence-column13398_1675d4-d7 > .kt-inside-inner-col{flex-direction:column;justify-content:center;}}@media all and (max-width: 767px){.kadence-column13398_1675d4-d7 > .kt-inside-inner-col{flex-direction:column;justify-content:center;}}<\/style>\n<div class=\"wp-block-kadence-column kadence-column13398_1675d4-d7\"><div class=\"kt-inside-inner-col\">\n<p>Cette r\u00e9impression de 1968 <a href=\"https:\/\/snowwhitemuseum.com\/fr\/merchandising\/books\/french-books\/the-coronation-of-snow-white-les-albums-roses-1955\/\" title=\"Le couronnement de Blanche Neige (Les albums roses) 1955\">du livre original de 1955<\/a> a \u00e9t\u00e9 amput\u00e9e des pages 10 \u00e0 15 et 26 \u00e0 27, de sorte qu'elle compte 8 pages de moins que l'\u00e9dition originale. Cela incluait l'anoblissement des nains par Blanche Neige, l\u2019int\u00e9gration des nains dans la vie du palais, et la bataille de Grincheux contre le g\u00e9ant. Enfin, la f\u00eate se termine par le feu d'artifice et non plus par l'histoire cont\u00e9e par Blanche Neige.<\/p>\n<\/div><\/div>\n\n<\/div><\/div>","protected":false},"excerpt":{"rendered":"<p>This 1968 reprint of the original 1955 book has pages 10 to 15 and 26 to 27 removed so that it is 8 pages shorter than the original edition. It featured Snow White&#8217;s ennoblement of the dwarfs, the dwarfs&#8217; integration into palace life, and Grumpy&#8217;s battle with the giant. Finally, the party ends with a&#8230;<\/p>","protected":false},"author":1,"featured_media":13399,"parent":4093,"menu_order":0,"comment_status":"closed","ping_status":"closed","template":"","meta":{"_kadence_starter_templates_imported_post":false,"_kad_post_transparent":"","_kad_post_title":"","_kad_post_layout":"","_kad_post_sidebar_id":"","_kad_post_content_style":"","_kad_post_vertical_padding":"","_kad_post_feature":"","_kad_post_feature_position":"","_kad_post_header":false,"_kad_post_footer":false,"_kad_post_classname":"","footnotes":""},"class_list":["post-13398","page","type-page","status-publish","has-post-thumbnail","hentry"],"aioseo_notices":[],"_links":{"self":[{"href":"https:\/\/snowwhitemuseum.com\/fr\/wp-json\/wp\/v2\/pages\/13398","targetHints":{"allow":["GET"]}}],"collection":[{"href":"https:\/\/snowwhitemuseum.com\/fr\/wp-json\/wp\/v2\/pages"}],"about":[{"href":"https:\/\/snowwhitemuseum.com\/fr\/wp-json\/wp\/v2\/types\/page"}],"author":[{"embeddable":true,"href":"https:\/\/snowwhitemuseum.com\/fr\/wp-json\/wp\/v2\/users\/1"}],"replies":[{"embeddable":true,"href":"https:\/\/snowwhitemuseum.com\/fr\/wp-json\/wp\/v2\/comments?post=13398"}],"version-history":[{"count":3,"href":"https:\/\/snowwhitemuseum.com\/fr\/wp-json\/wp\/v2\/pages\/13398\/revisions"}],"predecessor-version":[{"id":16646,"href":"https:\/\/snowwhitemuseum.com\/fr\/wp-json\/wp\/v2\/pages\/13398\/revisions\/16646"}],"up":[{"embeddable":true,"href":"https:\/\/snowwhitemuseum.com\/fr\/wp-json\/wp\/v2\/pages\/4093"}],"wp:featuredmedia":[{"embeddable":true,"href":"https:\/\/snowwhitemuseum.com\/fr\/wp-json\/wp\/v2\/media\/13399"}],"wp:attachment":[{"href":"https:\/\/snowwhitemuseum.com\/fr\/wp-json\/wp\/v2\/media?parent=13398"}],"curies":[{"name":"wp","href":"https:\/\/api.w.org\/{rel}","templated":true}]}}