{"id":13418,"date":"2024-12-30T10:56:06","date_gmt":"2024-12-30T09:56:06","guid":{"rendered":"https:\/\/snowwhitemuseum.com\/?page_id=13418"},"modified":"2026-03-01T13:58:52","modified_gmt":"2026-03-01T12:58:52","slug":"frank-churchill","status":"publish","type":"page","link":"https:\/\/snowwhitemuseum.com\/fr\/about-the-film\/main-titles\/frank-churchill\/","title":{"rendered":"Frank Churchill"},"content":{"rendered":"<style>.wp-block-kadence-column.kb-section-dir-horizontal > .kt-inside-inner-col > .kt-info-box13418_604f0b-a0 .kt-blocks-info-box-link-wrap{max-width:unset;}.kt-info-box13418_604f0b-a0 .kt-blocks-info-box-link-wrap{padding-top:var(--global-kb-spacing-xs, 1rem);padding-right:var(--global-kb-spacing-xs, 1rem);padding-bottom:var(--global-kb-spacing-xs, 1rem);padding-left:var(--global-kb-spacing-xs, 1rem);}.kt-info-box13418_604f0b-a0 .kadence-info-box-icon-container .kt-info-svg-icon, .kt-info-box13418_604f0b-a0 .kt-info-svg-icon-flip, .kt-info-box13418_604f0b-a0 .kt-blocks-info-box-number{font-size:50px;}.kt-info-box13418_604f0b-a0 .kt-blocks-info-box-media{border-top-width:0px;border-right-width:0px;border-bottom-width:0px;border-left-width:0px;padding-top:10px;padding-right:10px;padding-bottom:10px;padding-left:10px;}.kt-info-box13418_604f0b-a0 .kt-blocks-info-box-media-container{margin-top:0px;margin-right:15px;margin-bottom:0px;margin-left:15px;}.kt-info-box13418_604f0b-a0 .kt-blocks-info-box-learnmore{background:transparent;border-width:0px 0px 0px 0px;padding-top:4px;padding-right:8px;padding-bottom:4px;padding-left:8px;margin-top:10px;margin-right:0px;margin-bottom:10px;margin-left:0px;}<\/style>\n<div class=\"wp-block-kadence-infobox kt-info-box13418_604f0b-a0\"><div class=\"kt-blocks-info-box-link-wrap kt-blocks-info-box-media-align-top kt-info-halign-center\"><div class=\"kt-blocks-info-box-media-container\"><div class=\"kt-blocks-info-box-media kt-info-media-animate-none\"><div class=\"kadence-info-box-icon-container kt-info-icon-animate-none\"><div class=\"kadence-info-box-icon-inner-container\"><span class=\"kb-svg-icon-wrap kb-svg-icon-fe_clipboard kt-info-svg-icon\"><svg viewbox=\"0 0 24 24\"  fill=\"none\" stroke=\"currentColor\" stroke-width=\"2\" stroke-linecap=\"round\" stroke-linejoin=\"round\" xmlns=\"http:\/\/www.w3.org\/2000\/svg\"  aria-hidden=\"true\"><path d=\"M16 4h2a2 2 0 0 1 2 2v14a2 2 0 0 1-2 2H6a2 2 0 0 1-2-2V6a2 2 0 0 1 2-2h2\"\/><rect x=\"8\" y=\"2\" width=\"8\" height=\"4\" rx=\"1\" ry=\"1\"\/><\/svg><\/span><\/div><\/div><\/div><\/div><div class=\"kt-infobox-textcontent\"><h2 class=\"kt-blocks-info-box-title\">Information<\/h2><p class=\"kt-blocks-info-box-text\"><strong>Nom complet :<\/strong> Frank Edwin Churchill<br><strong>Naissance :<\/strong> 20 octobre 1901 \u00e0 Rumford, Maine<br><strong>Mort :<\/strong> 14 mai 1942 \u00e0 Castaic, Californie<br><br><strong>Mariages :<\/strong><br>Premi\u00e8re \u00e9pouse inconnue<br>Carolyn Kay Shaefer (10 juin 1933 - 4 mai 1942)<br><br><strong>A travaill\u00e9 au studio Disney entre :<\/strong><br>1930 &#8211; 1942<br><br><strong>Documents de production le mentionnant :<\/strong><br><a href=\"https:\/\/snowwhitemuseum.com\/fr\/about-the-film\/the-story\/production-documents\/production-notes-on-snow-white-11-25-1935\/\" title=\"Notes de production sur Blanche Neige (25\/11\/1935)\">Notes de production sur Blanche Neige (25\/11\/1935)<\/a><br><a href=\"https:\/\/snowwhitemuseum.com\/fr\/about-the-film\/the-story\/production-documents\/story-notes-of-12-15-1935-dwarfs-entertaining-snowwhite-sequence\/\" title=\"Notes sur sc\u00e9nario du 15\/12\/1935 : s\u00e9quence des nains divertissant Blanche Neige\">Notes sur sc\u00e9nario du 15\/12\/1935 : s\u00e9quence des nains divertissant Blanche Neige<\/a><br><br><strong>Travail sur <em>Blanche Neige :<\/em><\/strong><br>Compositeur<br><br><a href=\"https:\/\/snowwhitemuseum.com\/fr\/about-the-film\/main-titles\/\">Retour au G\u00e9n\u00e9rique<\/a><\/p><\/div><\/div><\/div>\n\n\n<style>.kb-row-layout-id13418_b02834-4b > .kt-row-column-wrap{align-content:start;}:where(.kb-row-layout-id13418_b02834-4b > .kt-row-column-wrap) > .wp-block-kadence-column{justify-content:start;}.kb-row-layout-id13418_b02834-4b > .kt-row-column-wrap{column-gap:var(--global-kb-gap-md, 2rem);row-gap:var(--global-kb-gap-md, 2rem);padding-top:var(--global-kb-spacing-sm, 1.5rem);padding-bottom:var(--global-kb-spacing-sm, 1.5rem);grid-template-columns:minmax(0, 1fr) minmax(0, 2fr);}.kb-row-layout-id13418_b02834-4b > .kt-row-layout-overlay{opacity:0.30;}@media all and (max-width: 1024px){.kb-row-layout-id13418_b02834-4b > .kt-row-column-wrap{grid-template-columns:minmax(0, 1fr) minmax(0, 2fr);}}@media all and (max-width: 767px){.kb-row-layout-id13418_b02834-4b > .kt-row-column-wrap{grid-template-columns:minmax(0, 1fr);}}<\/style><div class=\"kb-row-layout-wrap kb-row-layout-id13418_b02834-4b alignnone wp-block-kadence-rowlayout\"><div class=\"kt-row-column-wrap kt-has-2-columns kt-row-layout-right-golden kt-tab-layout-inherit kt-mobile-layout-row kt-row-valign-top\">\n<style>.kadence-column13418_d542d4-6b > .kt-inside-inner-col,.kadence-column13418_d542d4-6b > .kt-inside-inner-col:before{border-top-left-radius:0px;border-top-right-radius:0px;border-bottom-right-radius:0px;border-bottom-left-radius:0px;}.kadence-column13418_d542d4-6b > .kt-inside-inner-col{column-gap:var(--global-kb-gap-sm, 1rem);}.kadence-column13418_d542d4-6b > .kt-inside-inner-col{flex-direction:column;}.kadence-column13418_d542d4-6b > .kt-inside-inner-col > .aligncenter{width:100%;}.kadence-column13418_d542d4-6b > .kt-inside-inner-col:before{opacity:0.3;}.kadence-column13418_d542d4-6b{position:relative;}@media all and (max-width: 1024px){.kadence-column13418_d542d4-6b > .kt-inside-inner-col{flex-direction:column;justify-content:center;}}@media all and (max-width: 767px){.kadence-column13418_d542d4-6b > .kt-inside-inner-col{flex-direction:column;justify-content:center;}}<\/style>\n<div class=\"wp-block-kadence-column kadence-column13418_d542d4-6b\"><div class=\"kt-inside-inner-col\">\n<figure class=\"wp-block-image size-full\"><img loading=\"lazy\" decoding=\"async\" width=\"1018\" height=\"753\" src=\"https:\/\/snowwhitemuseum.com\/wp-content\/uploads\/2024\/12\/Frank-Churchill-portrait.jpg\" alt=\"\" class=\"wp-image-13739\" srcset=\"https:\/\/snowwhitemuseum.com\/wp-content\/uploads\/2024\/12\/Frank-Churchill-portrait.jpg 1018w, https:\/\/snowwhitemuseum.com\/wp-content\/uploads\/2024\/12\/Frank-Churchill-portrait-300x222.jpg 300w, https:\/\/snowwhitemuseum.com\/wp-content\/uploads\/2024\/12\/Frank-Churchill-portrait-768x568.jpg 768w, https:\/\/snowwhitemuseum.com\/wp-content\/uploads\/2024\/12\/Frank-Churchill-portrait-16x12.jpg 16w\" sizes=\"auto, (max-width: 1018px) 100vw, 1018px\" \/><figcaption class=\"wp-element-caption\">Frank Churchill<\/figcaption><\/figure>\n<\/div><\/div>\n\n\n<style>.kadence-column13418_03dc6a-de > .kt-inside-inner-col,.kadence-column13418_03dc6a-de > .kt-inside-inner-col:before{border-top-left-radius:0px;border-top-right-radius:0px;border-bottom-right-radius:0px;border-bottom-left-radius:0px;}.kadence-column13418_03dc6a-de > .kt-inside-inner-col{column-gap:var(--global-kb-gap-sm, 1rem);}.kadence-column13418_03dc6a-de > .kt-inside-inner-col{flex-direction:column;}.kadence-column13418_03dc6a-de > .kt-inside-inner-col > .aligncenter{width:100%;}.kadence-column13418_03dc6a-de > .kt-inside-inner-col:before{opacity:0.3;}.kadence-column13418_03dc6a-de{position:relative;}@media all and (max-width: 1024px){.kadence-column13418_03dc6a-de > .kt-inside-inner-col{flex-direction:column;justify-content:center;}}@media all and (max-width: 767px){.kadence-column13418_03dc6a-de > .kt-inside-inner-col{flex-direction:column;justify-content:center;}}<\/style>\n<div class=\"wp-block-kadence-column kadence-column13418_03dc6a-de\"><div class=\"kt-inside-inner-col\">\n<p>Dans son livre Disney tout l\u2019univers de A \u00e0 Z, l'archiviste Dave Smith r\u00e9sume la vie de Frank Churchill en quelques lignes consacr\u00e9es \u00e0 son travail sur les <em>Trois petits cochons<\/em>, <em>Blanche Neige et les sept nains<\/em> et <em>Bambi<\/em>. Pourtant, sa vie et sa contribution \u00e0 ces classiques de Walt Disney sont infiniment plus complexes.<\/p>\n\n\n\n<p>Frank Churchill n'\u00e9tait pas un compositeur de formation, contrairement \u00e0 ses coll\u00e8gues sur <em>Blanche Neige<\/em>, pourtant <a href=\"https:\/\/snowwhitemuseum.com\/fr\/about-the-film\/main-titles\/wilfred-jackson\/\" title=\"Wilfred Jackson\">Wilfred Jackson<\/a> se souvient : \u00ab Quand il s'asseyait au piano et jouait la musique que vous \u00e9laboriez pour le film, la partition finale n'\u00e9tait jamais aussi bonne que lorsque Frank la jouait au piano. (...) Il faisait tout cela avec une facilit\u00e9 apparente et il \u00e9tait toujours pr\u00eat \u00e0 adapter sa musique, \u00e0 la modifier selon vos besoins. Il semblait capable de retirer ou d'ajouter des notes tout en conservant une harmonie parfaite. Si vous aviez un peu de mal \u00e0 synchroniser vos actions avec la musique, il avait un grand talent pour ajuster la musique tout en la rendant impeccable. \u00bb<\/p>\n<\/div><\/div>\n\n<\/div><\/div>\n\n<style>.kb-row-layout-id13418_9b994d-86 > .kt-row-column-wrap{align-content:start;}:where(.kb-row-layout-id13418_9b994d-86 > .kt-row-column-wrap) > .wp-block-kadence-column{justify-content:start;}.kb-row-layout-id13418_9b994d-86 > .kt-row-column-wrap{column-gap:var(--global-kb-gap-md, 2rem);row-gap:var(--global-kb-gap-md, 2rem);padding-top:var(--global-kb-spacing-sm, 1.5rem);padding-bottom:var(--global-kb-spacing-sm, 1.5rem);grid-template-columns:minmax(0, 2fr) minmax(0, 1fr);}.kb-row-layout-id13418_9b994d-86 > .kt-row-layout-overlay{opacity:0.30;}@media all and (max-width: 1024px){.kb-row-layout-id13418_9b994d-86 > .kt-row-column-wrap{grid-template-columns:minmax(0, 2fr) minmax(0, 1fr);}}@media all and (max-width: 767px){.kb-row-layout-id13418_9b994d-86 > .kt-row-column-wrap{grid-template-columns:minmax(0, 1fr);}.kb-row-layout-id13418_9b994d-86 > .kt-row-column-wrap > .wp-block-kadence-column:nth-child(1 of *:not(style)){order:2;}.kb-row-layout-id13418_9b994d-86 > .kt-row-column-wrap > .wp-block-kadence-column:nth-child(2 of *:not(style)){order:1;}.kb-row-layout-id13418_9b994d-86 > .kt-row-column-wrap > .wp-block-kadence-column:nth-child(3 of *:not(style)){order:12;}.kb-row-layout-id13418_9b994d-86 > .kt-row-column-wrap > .wp-block-kadence-column:nth-child(4 of *:not(style)){order:11;}.kb-row-layout-id13418_9b994d-86 > .kt-row-column-wrap > .wp-block-kadence-column:nth-child(5 of *:not(style)){order:22;}.kb-row-layout-id13418_9b994d-86 > .kt-row-column-wrap > .wp-block-kadence-column:nth-child(6 of *:not(style)){order:21;}.kb-row-layout-id13418_9b994d-86 > .kt-row-column-wrap > .wp-block-kadence-column:nth-child(7 of *:not(style)){order:32;}.kb-row-layout-id13418_9b994d-86 > .kt-row-column-wrap > .wp-block-kadence-column:nth-child(8 of *:not(style)){order:31;}}<\/style><div class=\"kb-row-layout-wrap kb-row-layout-id13418_9b994d-86 alignnone wp-block-kadence-rowlayout\"><div class=\"kt-row-column-wrap kt-has-2-columns kt-row-layout-left-golden kt-tab-layout-inherit kt-mobile-layout-row kt-row-valign-top\">\n<style>.kadence-column13418_3502c1-be > .kt-inside-inner-col,.kadence-column13418_3502c1-be > .kt-inside-inner-col:before{border-top-left-radius:0px;border-top-right-radius:0px;border-bottom-right-radius:0px;border-bottom-left-radius:0px;}.kadence-column13418_3502c1-be > .kt-inside-inner-col{column-gap:var(--global-kb-gap-sm, 1rem);}.kadence-column13418_3502c1-be > .kt-inside-inner-col{flex-direction:column;}.kadence-column13418_3502c1-be > .kt-inside-inner-col > .aligncenter{width:100%;}.kadence-column13418_3502c1-be > .kt-inside-inner-col:before{opacity:0.3;}.kadence-column13418_3502c1-be{position:relative;}@media all and (max-width: 1024px){.kadence-column13418_3502c1-be > .kt-inside-inner-col{flex-direction:column;justify-content:center;}}@media all and (max-width: 767px){.kadence-column13418_3502c1-be > .kt-inside-inner-col{flex-direction:column;justify-content:center;}}<\/style>\n<div class=\"wp-block-kadence-column kadence-column13418_3502c1-be\"><div class=\"kt-inside-inner-col\">\n<p>N\u00e9 dans le Maine en 1901, Frank Churchill aimait la musique, particuli\u00e8rement celle de Franz Schubert. Sa famille a d\u00e9m\u00e9nag\u00e9 en Californie quand il avait 4 ans, et \u00e0 15 ans, il gagnait d\u00e9j\u00e0 de l'argent en jouant du piano dans les cin\u00e9mas. Sous la pression de ses parents, il entreprit des \u00e9tudes de m\u00e9decine, mais il s\u2019enfuit \u00e0 Tijuana, au Mexique, o\u00f9 il gagna sa vie en jouant du piano dans des bars. Plus tard, il rejoignit un orchestre \u00e0 Tucson, en Arizona, avant de s\u2019installer \u00e0 Hollywood en 1924.<\/p>\n\n\n\n<p>Il travailla d'abord comme pianiste et soliste \u00e0 la radio KNX, o\u00f9 il fit la connaissance de Bob Cook, qui devint plus tard technicien du son chez Disney. Avec l\u2019av\u00e8nement du cin\u00e9ma parlant, il fut embauch\u00e9 par la RKO, qu\u2019il quitta rapidement pour rejoindre Walt Disney. Ce dernier cherchait un nouveau compositeur apr\u00e8s le d\u00e9part de Carl Stalling, au moment o\u00f9 il lan\u00e7ait sa nouvelle s\u00e9rie des Silly Symphonies, bas\u00e9e sur la musique. La capacit\u00e9 de Churchill \u00e0 cr\u00e9er des m\u00e9lodies m\u00e9morables lui permit de composer la c\u00e9l\u00e8bre chanson \"Qui a peur du grand m\u00e9chant loup ?\" dans les <em>Trois petits cochons<\/em>, ainsi que d'autres succ\u00e8s.<\/p>\n\n\n\n<p>Il devint naturellement le principal compositeur de <em>Blanche Neige et les sept nains<\/em>, composant notamment toutes les chansons c\u00e9l\u00e8bres.<\/p>\n\n\n\n<p><a href=\"https:\/\/snowwhitemuseum.com\/fr\/about-the-film\/the-cast\/adriana-caselotti\/\" title=\"Adriana Caselotti\">Adriana Caselotti<\/a> aimait raconter l'histoire de son audition, o\u00f9 elle avait surpris Frank en montrant qu'elle savait lire la musique.<\/p>\n\n\n\n<p>Frank travailla ensuite sur <em>Dumbo, l\u2019\u00e9l\u00e9phant volant<\/em> , pour lequel il remporta un Oscar, puis sur <em>Bambi<\/em>.<\/p>\n\n\n\n<p>Un tel succ\u00e8s pourrait laisser penser qu'il menait une vie heureuse, mais sa biographie ne serait pas compl\u00e8te sans mentionner sa lutte constante contre l'alcoolisme et la d\u00e9pression.<\/p>\n\n\n\n<p><a href=\"https:\/\/snowwhitemuseum.com\/fr\/about-the-film\/main-titles\/arthur-babbitt\/\" title=\"Arthur Babbitt\">Art Babbitt<\/a> se souvient : \u00ab Par exemple, Frank arrivait au studio le vendredi avec un sac rempli de bouteilles de gin, et le lundi matin, toutes les bouteilles \u00e9taient vides et cinq ou six chansons en ressortaient. Nous avons fait une croisi\u00e8re avec Grace Line \u2013 un groupe de Disney : Les Clark, <a href=\"https:\/\/snowwhitemuseum.com\/fr\/about-the-film\/main-titles\/dick-lundy\/\" title=\"Dick Lundy\">Dick Lundy<\/a>, etc. \u2013 et Frank \u00e9tait ivre en permanence. Frank, Les et moi partagions une cabine, et une fois, Frank \u00e9tait tellement ivre qu'il ne bougeait absolument plus. J'ai appel\u00e9 le m\u00e9decin pour v\u00e9rifier s'il \u00e9tait mort ou non. Frank essayait toujours de se suicider. Nous avons pass\u00e9 dix-sept jours ensemble sur ce bateau, et j'ai tout fait pour l'emp\u00eacher de sauter par-dessus bord. C'\u00e9tait une bataille constante. \u00bb<\/p>\n\n\n\n<p>Paradoxalement, Wilfred Jackson le d\u00e9crit comme \u00ab une personne agr\u00e9able \u00e0 vivre \u00bb et se rappelle l\u2019une de ses nombreuses farces, lorsqu\u2019il a essay\u00e9 d\u2019allumer un pet en pr\u00e9sence d\u2019Earl Duvall, un intervalliste, et fut surpris par Carolyn Schaefer, la secr\u00e9taire de Walt, qu\u2019il \u00e9pousa plus tard.<\/p>\n\n\n\n<p>Surmen\u00e9, Churchill dut quitter le studio en 1937, laissant \u00e0 d'autres compositeurs la t\u00e2che de terminer le travail sur <em>Blanche Neige<\/em>. Ses d\u00e9mons l\u2019emport\u00e8rent finalement lorsqu\u2019il se suicida en 1942, laissant cette note \u00e0 son \u00e9pouse : <em>\u00ab Ch\u00e8re Carolyn \u2013 Je suis \u00e0 bout. Pardonne-moi pour cet acte cruel. Cela semble \u00eatre le seul moyen de me gu\u00e9rir. Frank. \u00bb<\/em><\/p>\n\n\n\n<p>Il avait divorc\u00e9 t\u00f4t de sa premi\u00e8re femme et ne fut jamais certain que la fille du couple \u00e9tait r\u00e9ellement la sienne. Toutes deux contest\u00e8rent son testament. Son h\u00e9ritage, cependant, perdure, et <a href=\"https:\/\/snowwhitemuseum.com\/fr\/about-the-film\/the-music\/\" title=\"La musique\">sa musique pour Blanche Neige<\/a> est r\u00e9guli\u00e8rement r\u00e9utilis\u00e9e dans de nouvelles productions.<\/p>\n<\/div><\/div>\n\n\n<style>.kadence-column13418_084066-e6 > .kt-inside-inner-col,.kadence-column13418_084066-e6 > .kt-inside-inner-col:before{border-top-left-radius:0px;border-top-right-radius:0px;border-bottom-right-radius:0px;border-bottom-left-radius:0px;}.kadence-column13418_084066-e6 > .kt-inside-inner-col{column-gap:var(--global-kb-gap-sm, 1rem);}.kadence-column13418_084066-e6 > .kt-inside-inner-col{flex-direction:column;}.kadence-column13418_084066-e6 > .kt-inside-inner-col > .aligncenter{width:100%;}.kadence-column13418_084066-e6 > .kt-inside-inner-col:before{opacity:0.3;}.kadence-column13418_084066-e6{position:relative;}@media all and (max-width: 1024px){.kadence-column13418_084066-e6 > .kt-inside-inner-col{flex-direction:column;justify-content:center;}}@media all and (max-width: 767px){.kadence-column13418_084066-e6 > .kt-inside-inner-col{flex-direction:column;justify-content:center;}}<\/style>\n<div class=\"wp-block-kadence-column kadence-column13418_084066-e6\"><div class=\"kt-inside-inner-col\">\n<figure class=\"wp-block-image size-full\"><img loading=\"lazy\" decoding=\"async\" width=\"1004\" height=\"753\" src=\"https:\/\/snowwhitemuseum.com\/wp-content\/uploads\/2024\/12\/Frank-Churchill-at-the-piano.jpg\" alt=\"\" class=\"wp-image-13742\" srcset=\"https:\/\/snowwhitemuseum.com\/wp-content\/uploads\/2024\/12\/Frank-Churchill-at-the-piano.jpg 1004w, https:\/\/snowwhitemuseum.com\/wp-content\/uploads\/2024\/12\/Frank-Churchill-at-the-piano-300x225.jpg 300w, https:\/\/snowwhitemuseum.com\/wp-content\/uploads\/2024\/12\/Frank-Churchill-at-the-piano-768x576.jpg 768w, https:\/\/snowwhitemuseum.com\/wp-content\/uploads\/2024\/12\/Frank-Churchill-at-the-piano-16x12.jpg 16w\" sizes=\"auto, (max-width: 1004px) 100vw, 1004px\" \/><figcaption class=\"wp-element-caption\">Frank Churchill au piano<\/figcaption><\/figure>\n<\/div><\/div>\n\n<\/div><\/div>\n\n<div class=\"wp-block-image\">\n<figure class=\"aligncenter size-large\"><img loading=\"lazy\" decoding=\"async\" width=\"1024\" height=\"425\" src=\"https:\/\/snowwhitemuseum.com\/wp-content\/uploads\/2024\/12\/Frank-Churchill-conducting-1024x425.jpg\" alt=\"\" class=\"wp-image-13743\" srcset=\"https:\/\/snowwhitemuseum.com\/wp-content\/uploads\/2024\/12\/Frank-Churchill-conducting-1024x425.jpg 1024w, https:\/\/snowwhitemuseum.com\/wp-content\/uploads\/2024\/12\/Frank-Churchill-conducting-300x124.jpg 300w, https:\/\/snowwhitemuseum.com\/wp-content\/uploads\/2024\/12\/Frank-Churchill-conducting-768x318.jpg 768w, https:\/\/snowwhitemuseum.com\/wp-content\/uploads\/2024\/12\/Frank-Churchill-conducting-18x7.jpg 18w, https:\/\/snowwhitemuseum.com\/wp-content\/uploads\/2024\/12\/Frank-Churchill-conducting.jpg 1500w\" sizes=\"auto, (max-width: 1024px) 100vw, 1024px\" \/><figcaption class=\"wp-element-caption\">Frank Churchill, chef d'orchestre<\/figcaption><\/figure>\n<\/div>\n\n\n<figure class=\"wp-block-pullquote\"><blockquote><p>Frank \u00e9tait tout simplement une personne avec laquelle il \u00e9tait agr\u00e9able de travailler. Il a fait ce qu'il a fait avec une telle facilit\u00e9 apparente.<\/p><cite>Wilfred Jackson<\/cite><\/blockquote><\/figure>","protected":false},"excerpt":{"rendered":"<p>In his book Disney from A to Z: the official encyclopedia, archivist Dave Smith sums up Frank Churchill&#8217;s life in a few lines about his work on Three Little Pigs, Snow White and the Seven Dwarfs and Bambi. His life and contribution to these Walt Disney classics are infinitely more complex. Frank Churchill was not&#8230;<\/p>","protected":false},"author":1,"featured_media":13740,"parent":1655,"menu_order":0,"comment_status":"closed","ping_status":"closed","template":"","meta":{"_kadence_starter_templates_imported_post":false,"_kad_post_transparent":"","_kad_post_title":"","_kad_post_layout":"","_kad_post_sidebar_id":"","_kad_post_content_style":"","_kad_post_vertical_padding":"","_kad_post_feature":"","_kad_post_feature_position":"","_kad_post_header":false,"_kad_post_footer":false,"_kad_post_classname":"","footnotes":""},"class_list":["post-13418","page","type-page","status-publish","has-post-thumbnail","hentry"],"aioseo_notices":[],"_links":{"self":[{"href":"https:\/\/snowwhitemuseum.com\/fr\/wp-json\/wp\/v2\/pages\/13418","targetHints":{"allow":["GET"]}}],"collection":[{"href":"https:\/\/snowwhitemuseum.com\/fr\/wp-json\/wp\/v2\/pages"}],"about":[{"href":"https:\/\/snowwhitemuseum.com\/fr\/wp-json\/wp\/v2\/types\/page"}],"author":[{"embeddable":true,"href":"https:\/\/snowwhitemuseum.com\/fr\/wp-json\/wp\/v2\/users\/1"}],"replies":[{"embeddable":true,"href":"https:\/\/snowwhitemuseum.com\/fr\/wp-json\/wp\/v2\/comments?post=13418"}],"version-history":[{"count":11,"href":"https:\/\/snowwhitemuseum.com\/fr\/wp-json\/wp\/v2\/pages\/13418\/revisions"}],"predecessor-version":[{"id":17582,"href":"https:\/\/snowwhitemuseum.com\/fr\/wp-json\/wp\/v2\/pages\/13418\/revisions\/17582"}],"up":[{"embeddable":true,"href":"https:\/\/snowwhitemuseum.com\/fr\/wp-json\/wp\/v2\/pages\/1655"}],"wp:featuredmedia":[{"embeddable":true,"href":"https:\/\/snowwhitemuseum.com\/fr\/wp-json\/wp\/v2\/media\/13740"}],"wp:attachment":[{"href":"https:\/\/snowwhitemuseum.com\/fr\/wp-json\/wp\/v2\/media?parent=13418"}],"curies":[{"name":"wp","href":"https:\/\/api.w.org\/{rel}","templated":true}]}}