{"id":13921,"date":"2025-03-01T19:27:59","date_gmt":"2025-03-01T18:27:59","guid":{"rendered":"https:\/\/snowwhitemuseum.com\/?page_id=13921"},"modified":"2025-03-01T19:28:00","modified_gmt":"2025-03-01T18:28:00","slug":"martin-klebba","status":"publish","type":"page","link":"https:\/\/snowwhitemuseum.com\/fr\/about-the-film\/main-titles\/martin-klebba\/","title":{"rendered":"Martin Klebba"},"content":{"rendered":"<style>.wp-block-kadence-column.kb-section-dir-horizontal > .kt-inside-inner-col > .kt-info-box13921_f209b3-00 .kt-blocks-info-box-link-wrap{max-width:unset;}.kt-info-box13921_f209b3-00 .kt-blocks-info-box-link-wrap{padding-top:var(--global-kb-spacing-xs, 1rem);padding-right:var(--global-kb-spacing-xs, 1rem);padding-bottom:var(--global-kb-spacing-xs, 1rem);padding-left:var(--global-kb-spacing-xs, 1rem);}.kt-info-box13921_f209b3-00 .kadence-info-box-icon-container .kt-info-svg-icon, .kt-info-box13921_f209b3-00 .kt-info-svg-icon-flip, .kt-info-box13921_f209b3-00 .kt-blocks-info-box-number{font-size:50px;}.kt-info-box13921_f209b3-00 .kt-blocks-info-box-media{border-top-width:0px;border-right-width:0px;border-bottom-width:0px;border-left-width:0px;padding-top:10px;padding-right:10px;padding-bottom:10px;padding-left:10px;}.kt-info-box13921_f209b3-00 .kt-blocks-info-box-media-container{margin-top:0px;margin-right:15px;margin-bottom:0px;margin-left:15px;}.kt-info-box13921_f209b3-00 .kt-blocks-info-box-learnmore{background:transparent;border-width:0px 0px 0px 0px;padding-top:4px;padding-right:8px;padding-bottom:4px;padding-left:8px;margin-top:10px;margin-right:0px;margin-bottom:10px;margin-left:0px;}<\/style>\n<div class=\"wp-block-kadence-infobox kt-info-box13921_f209b3-00\"><div class=\"kt-blocks-info-box-link-wrap kt-blocks-info-box-media-align-top kt-info-halign-center\"><div class=\"kt-blocks-info-box-media-container\"><div class=\"kt-blocks-info-box-media kt-info-media-animate-none\"><div class=\"kadence-info-box-icon-container kt-info-icon-animate-none\"><div class=\"kadence-info-box-icon-inner-container\"><span class=\"kb-svg-icon-wrap kb-svg-icon-fe_clipboard kt-info-svg-icon\"><svg viewbox=\"0 0 24 24\"  fill=\"none\" stroke=\"currentColor\" stroke-width=\"2\" stroke-linecap=\"round\" stroke-linejoin=\"round\" xmlns=\"http:\/\/www.w3.org\/2000\/svg\"  aria-hidden=\"true\"><path d=\"M16 4h2a2 2 0 0 1 2 2v14a2 2 0 0 1-2 2H6a2 2 0 0 1-2-2V6a2 2 0 0 1 2-2h2\"\/><rect x=\"8\" y=\"2\" width=\"8\" height=\"4\" rx=\"1\" ry=\"1\"\/><\/svg><\/span><\/div><\/div><\/div><\/div><div class=\"kt-infobox-textcontent\"><h2 class=\"kt-blocks-info-box-title\">Information<\/h2><p class=\"kt-blocks-info-box-text\"><strong>Nom complet :<\/strong> Martin Klebba<br><strong>Naissance :<\/strong> 23 juin 1969 \u00e0 Troy, Michigan<br><br>Travail sur Blanche Neige :<br><a href=\"https:\/\/snowwhitemuseum.com\/fr\/about-the-film\/the-cast\/grumpy\/\" title=\"Grincheux\">Grincheux<\/a> dans le remake de 2025<br><br><a href=\"https:\/\/snowwhitemuseum.com\/fr\/about-the-film\/sequels\/snow-white-2025-disney-remake\/\" title=\"Blanche Neige (Remake Disney de 2025)\">Retour au Remake de 2025<\/a><\/p><\/div><\/div><\/div>\n\n\n<style>.kb-row-layout-id13921_709610-01 > .kt-row-column-wrap{align-content:start;}:where(.kb-row-layout-id13921_709610-01 > .kt-row-column-wrap) > .wp-block-kadence-column{justify-content:start;}.kb-row-layout-id13921_709610-01 > .kt-row-column-wrap{column-gap:var(--global-kb-gap-md, 2rem);row-gap:var(--global-kb-gap-md, 2rem);padding-top:var(--global-kb-spacing-sm, 1.5rem);padding-bottom:var(--global-kb-spacing-sm, 1.5rem);grid-template-columns:minmax(0, 1fr) minmax(0, 2fr);}.kb-row-layout-id13921_709610-01 > .kt-row-layout-overlay{opacity:0.30;}@media all and (max-width: 1024px){.kb-row-layout-id13921_709610-01 > .kt-row-column-wrap{grid-template-columns:minmax(0, 1fr) minmax(0, 2fr);}}@media all and (max-width: 767px){.kb-row-layout-id13921_709610-01 > .kt-row-column-wrap{grid-template-columns:minmax(0, 1fr);}}<\/style><div class=\"kb-row-layout-wrap kb-row-layout-id13921_709610-01 alignnone wp-block-kadence-rowlayout\"><div class=\"kt-row-column-wrap kt-has-2-columns kt-row-layout-right-golden kt-tab-layout-inherit kt-mobile-layout-row kt-row-valign-top\">\n<style>.kadence-column13921_2fc4b6-b9 > .kt-inside-inner-col,.kadence-column13921_2fc4b6-b9 > .kt-inside-inner-col:before{border-top-left-radius:0px;border-top-right-radius:0px;border-bottom-right-radius:0px;border-bottom-left-radius:0px;}.kadence-column13921_2fc4b6-b9 > .kt-inside-inner-col{column-gap:var(--global-kb-gap-sm, 1rem);}.kadence-column13921_2fc4b6-b9 > .kt-inside-inner-col{flex-direction:column;}.kadence-column13921_2fc4b6-b9 > .kt-inside-inner-col > .aligncenter{width:100%;}.kadence-column13921_2fc4b6-b9 > .kt-inside-inner-col:before{opacity:0.3;}.kadence-column13921_2fc4b6-b9{position:relative;}@media all and (max-width: 1024px){.kadence-column13921_2fc4b6-b9 > .kt-inside-inner-col{flex-direction:column;justify-content:center;}}@media all and (max-width: 767px){.kadence-column13921_2fc4b6-b9 > .kt-inside-inner-col{flex-direction:column;justify-content:center;}}<\/style>\n<div class=\"wp-block-kadence-column kadence-column13921_2fc4b6-b9\"><div class=\"kt-inside-inner-col\">\n<figure class=\"wp-block-image size-large\"><img loading=\"lazy\" decoding=\"async\" width=\"1024\" height=\"1022\" src=\"https:\/\/snowwhitemuseum.com\/wp-content\/uploads\/2023\/06\/Martin-Klebba-01-1024x1022.jpg\" alt=\"\" class=\"wp-image-3973\" srcset=\"https:\/\/snowwhitemuseum.com\/wp-content\/uploads\/2023\/06\/Martin-Klebba-01-1024x1022.jpg 1024w, https:\/\/snowwhitemuseum.com\/wp-content\/uploads\/2023\/06\/Martin-Klebba-01-300x300.jpg 300w, https:\/\/snowwhitemuseum.com\/wp-content\/uploads\/2023\/06\/Martin-Klebba-01-150x150.jpg 150w, https:\/\/snowwhitemuseum.com\/wp-content\/uploads\/2023\/06\/Martin-Klebba-01-768x767.jpg 768w, https:\/\/snowwhitemuseum.com\/wp-content\/uploads\/2023\/06\/Martin-Klebba-01-12x12.jpg 12w, https:\/\/snowwhitemuseum.com\/wp-content\/uploads\/2023\/06\/Martin-Klebba-01.jpg 1115w\" sizes=\"auto, (max-width: 1024px) 100vw, 1024px\" \/><figcaption class=\"wp-element-caption\">Martin Klebba<\/figcaption><\/figure>\n<\/div><\/div>\n\n\n<style>.kadence-column13921_074033-5f > .kt-inside-inner-col,.kadence-column13921_074033-5f > .kt-inside-inner-col:before{border-top-left-radius:0px;border-top-right-radius:0px;border-bottom-right-radius:0px;border-bottom-left-radius:0px;}.kadence-column13921_074033-5f > .kt-inside-inner-col{column-gap:var(--global-kb-gap-sm, 1rem);}.kadence-column13921_074033-5f > .kt-inside-inner-col{flex-direction:column;}.kadence-column13921_074033-5f > .kt-inside-inner-col > .aligncenter{width:100%;}.kadence-column13921_074033-5f > .kt-inside-inner-col:before{opacity:0.3;}.kadence-column13921_074033-5f{position:relative;}@media all and (max-width: 1024px){.kadence-column13921_074033-5f > .kt-inside-inner-col{flex-direction:column;justify-content:center;}}@media all and (max-width: 767px){.kadence-column13921_074033-5f > .kt-inside-inner-col{flex-direction:column;justify-content:center;}}<\/style>\n<div class=\"wp-block-kadence-column kadence-column13921_074033-5f\"><div class=\"kt-inside-inner-col\">\n<p>Martin Klebba, n\u00e9 le 23 juin 1969 \u00e0 Troy, dans le Michigan, est un acteur et cascadeur am\u00e9ricain reconnu pour ses r\u00f4les dynamiques au cin\u00e9ma et \u00e0 la t\u00e9l\u00e9vision. Le parcours de Klebba dans le monde du cin\u00e9ma commence avec une apparition dans <em>La plan\u00e8te des singes<\/em> (2001) de Tim Burton, marquant ainsi le d\u00e9but d\u2019une carri\u00e8re prolifique. Il acquiert une grande notori\u00e9t\u00e9 en incarnant Marty, un pirate intr\u00e9pide et fid\u00e8le membre d\u2019\u00e9quipage du capitaine Jack Sparrow, dans la saga <em>Pirates des Cara\u00efbes<\/em> . Son personnage appara\u00eet dans <em>Pirates des Cara\u00efbes : La Mal\u00e9diction du Black Pearl<\/em> (2003), <em>Pirates des Cara\u00efbes : Le Secret du coffre maudit<\/em> (2006), <em>Pirates des Cara\u00efbes : Jusqu'au bout du monde<\/em> (2007) et <em>Pirates des Cara\u00efbes : La Vengeance de Salazar<\/em> (2017), contribuant au succ\u00e8s mondial de la franchise.<\/p>\n\n\n\n<p>Au-del\u00e0 de ses r\u00f4les de pirate, Klebba s\u2019est distingu\u00e9 dans plusieurs adaptations de l\u2019histoire de Blanche Neige, incarnant diff\u00e9rents nains \u00e0 travers diverses productions. En 2001, il joue le r\u00f4le de Vendredi, le nain bleu, dans le t\u00e9l\u00e9film <em>Blanche Neige<\/em>, d\u00e9montrant sa capacit\u00e9 \u00e0 donner vie \u00e0 des personnages attachants et profonds.<\/p>\n\n\n\n<p>Son lien avec l\u2019univers de Blanche Neige se poursuit en 2012 avec sa participation au film fantastique <em>Blanche Neige<\/em>, o\u00f9 il interpr\u00e8te Boucher, l\u2019un des sept nains qui aident Blanche Neige dans sa qu\u00eate contre la Reine. Son interpr\u00e9tation apporte une touche unique \u00e0 ce conte revisit\u00e9 avec fantaisie.<\/p>\n\n\n\n<p>Consolidant encore plus son association avec les adaptations de Blanche Neige, Klebba a \u00e9t\u00e9 choisi pour incarner Grincheux dans <a href=\"https:\/\/snowwhitemuseum.com\/fr\/about-the-film\/sequels\/snow-white-2025-disney-remake\/\" title=\"Blanche Neige (Remake Disney de 2025)\">le remake en prises de vues r\u00e9elles de Blanche Neige et les Sept Nains produit par Disney<\/a>, dont la sortie est pr\u00e9vue en 2025. Ce r\u00f4le souligne sa place incontournable dans la r\u00e9interpr\u00e9tation des contes classiques et son exp\u00e9rience dans ce type de personnages.<\/p>\n\n\n\n<p>Ses apparitions \u00e0 la t\u00e9l\u00e9vision sont \u00e9galement remarquables. Klebba a jou\u00e9 un r\u00f4le r\u00e9current dans la s\u00e9rie m\u00e9dicale comique <em>Scrubs<\/em>, o\u00f9 son personnage Randall Winston ajoute une dimension humoristique au programme. Il a aussi fait des apparitions dans des s\u00e9ries populaires comme <em>Les Experts<\/em>, <em>Les Experts : Manhattan<\/em>, et <em>Bones<\/em>, t\u00e9moignant de sa capacit\u00e9 \u00e0 s\u2019adapter \u00e0 diff\u00e9rents genres.<\/p>\n\n\n\n<p>En tant que cascadeur, Klebba a contribu\u00e9 \u00e0 de nombreux films \u00e0 succ\u00e8s tels que <em>Hancock<\/em>, <em>Bienvenue \u00e0 Zombieland<\/em>, <em>Histoires enchant\u00e9es<\/em>, <em>Evan tout-puissant<\/em>, <em>Spartatouille<\/em>, <em>Big Movie<\/em>, et <em>Van Helsing<\/em>, mettant en avant son impressionnante ma\u00eetrise physique et son d\u00e9vouement au m\u00e9tier.<\/p>\n\n\n\n<p>En dehors de l\u2019\u00e9cran, Klebba s\u2019investit dans des causes humanitaires. Il a fond\u00e9 la Coalition pour la d\u00e9fense des nains, une organisation \u00e0 but non lucratif visant \u00e0 soutenir les personnes atteintes de nanisme, illustrant ainsi son engagement \u00e0 avoir un impact positif au-del\u00e0 de l\u2019industrie du divertissement.<\/p>\n\n\n\n<p>Tout au long de sa carri\u00e8re, Martin Klebba a bris\u00e9 les barri\u00e8res et d\u00e9fi\u00e9 les st\u00e9r\u00e9otypes, livrant des performances marquantes et m\u00e9morables. Son r\u00f4le r\u00e9current dans les adaptations de Blanche Neige, ainsi que son impressionnante filmographie, font de lui une figure importante du cin\u00e9ma et de la t\u00e9l\u00e9vision, \u00e0 la fois dans le domaine artistique et humanitaire.<\/p>\n<\/div><\/div>\n\n<\/div><\/div>","protected":false},"excerpt":{"rendered":"<p>Martin Klebba is a distinguished American actor and stunt performer renowned for his dynamic roles in film and television. Klebba&#8217;s journey into acting began with a cameo in Tim Burton&#8217;s Planet of the Apes (2001), marking the onset of a prolific career. He gained significant recognition for his portrayal of Marty, a spirited pirate and&#8230;<\/p>","protected":false},"author":1,"featured_media":3973,"parent":1655,"menu_order":0,"comment_status":"closed","ping_status":"closed","template":"","meta":{"_kadence_starter_templates_imported_post":false,"_kad_post_transparent":"","_kad_post_title":"","_kad_post_layout":"","_kad_post_sidebar_id":"","_kad_post_content_style":"","_kad_post_vertical_padding":"","_kad_post_feature":"","_kad_post_feature_position":"","_kad_post_header":false,"_kad_post_footer":false,"_kad_post_classname":"","footnotes":""},"class_list":["post-13921","page","type-page","status-publish","has-post-thumbnail","hentry"],"aioseo_notices":[],"_links":{"self":[{"href":"https:\/\/snowwhitemuseum.com\/fr\/wp-json\/wp\/v2\/pages\/13921","targetHints":{"allow":["GET"]}}],"collection":[{"href":"https:\/\/snowwhitemuseum.com\/fr\/wp-json\/wp\/v2\/pages"}],"about":[{"href":"https:\/\/snowwhitemuseum.com\/fr\/wp-json\/wp\/v2\/types\/page"}],"author":[{"embeddable":true,"href":"https:\/\/snowwhitemuseum.com\/fr\/wp-json\/wp\/v2\/users\/1"}],"replies":[{"embeddable":true,"href":"https:\/\/snowwhitemuseum.com\/fr\/wp-json\/wp\/v2\/comments?post=13921"}],"version-history":[{"count":5,"href":"https:\/\/snowwhitemuseum.com\/fr\/wp-json\/wp\/v2\/pages\/13921\/revisions"}],"predecessor-version":[{"id":14582,"href":"https:\/\/snowwhitemuseum.com\/fr\/wp-json\/wp\/v2\/pages\/13921\/revisions\/14582"}],"up":[{"embeddable":true,"href":"https:\/\/snowwhitemuseum.com\/fr\/wp-json\/wp\/v2\/pages\/1655"}],"wp:featuredmedia":[{"embeddable":true,"href":"https:\/\/snowwhitemuseum.com\/fr\/wp-json\/wp\/v2\/media\/3973"}],"wp:attachment":[{"href":"https:\/\/snowwhitemuseum.com\/fr\/wp-json\/wp\/v2\/media?parent=13921"}],"curies":[{"name":"wp","href":"https:\/\/api.w.org\/{rel}","templated":true}]}}