{"id":13994,"date":"2025-01-15T13:43:57","date_gmt":"2025-01-15T12:43:57","guid":{"rendered":"https:\/\/snowwhitemuseum.com\/?page_id=13994"},"modified":"2025-01-15T13:44:17","modified_gmt":"2025-01-15T12:44:17","slug":"swansea-snow-white-souvenir-program","status":"publish","type":"page","link":"https:\/\/snowwhitemuseum.com\/fr\/images\/programs\/australian-programs\/swansea-snow-white-souvenir-program\/","title":{"rendered":"Programme souvenir de Blanche Neige \u00e0 Swansea"},"content":{"rendered":"<style>.wp-block-kadence-advancedbtn.kb-btns13994_eda793-3e{gap:var(--global-kb-gap-xs, 0.5rem );justify-content:center;align-items:center;}.kt-btns13994_eda793-3e .kt-button{font-weight:normal;font-style:normal;}.kt-btns13994_eda793-3e .kt-btn-wrap-0{margin-right:5px;}.wp-block-kadence-advancedbtn.kt-btns13994_eda793-3e .kt-btn-wrap-0 .kt-button{color:#555555;border-color:#555555;}.wp-block-kadence-advancedbtn.kt-btns13994_eda793-3e .kt-btn-wrap-0 .kt-button:hover, .wp-block-kadence-advancedbtn.kt-btns13994_eda793-3e .kt-btn-wrap-0 .kt-button:focus{color:#ffffff;border-color:#444444;}.wp-block-kadence-advancedbtn.kt-btns13994_eda793-3e .kt-btn-wrap-0 .kt-button::before{display:none;}.wp-block-kadence-advancedbtn.kt-btns13994_eda793-3e .kt-btn-wrap-0 .kt-button:hover, .wp-block-kadence-advancedbtn.kt-btns13994_eda793-3e .kt-btn-wrap-0 .kt-button:focus{background:#444444;}<\/style>\n<div class=\"wp-block-kadence-advancedbtn kb-buttons-wrap kb-btns13994_eda793-3e\"><style>ul.menu .wp-block-kadence-advancedbtn .kb-btn13994_c523e6-84.kb-button{width:initial;}<\/style><a class=\"kb-button kt-button button kb-btn13994_c523e6-84 kt-btn-size-standard kt-btn-width-type-auto kb-btn-global-fill  kt-btn-has-text-true kt-btn-has-svg-false  wp-block-kadence-singlebtn\" href=\"https:\/\/snowwhitemuseum.com\/fr\/images\/programs\/australian-programs\/\"><span class=\"kt-btn-inner-text\">Retours aux programmes australiens<\/span><\/a><\/div>\n\n\n\n<p>Ce programme a \u00e9t\u00e9 r\u00e9alis\u00e9 \u00e0 l'occasion de la premi\u00e8re en Tasmanie du film <em>Blanche Neige<\/em> le 23 d\u00e9cembre 1938 dans la ville de Swansea, en Australie. Le cin\u00e9ma projetait <em>Blanche Neige et les sept nains<\/em> trois fois par jour \u00e0 10h30, 14h15 et 19h55.<\/p>\n\n\n\n<p>Outre les publicit\u00e9s habituelles, des chapitres sont consacr\u00e9s au \u00ab mobilier pittoresque \u00bb du film, plus pr\u00e9cis\u00e9ment \u00e0 la chaumi\u00e8re des nains, aux \u00ab chansons \u00e0 succ\u00e8s \u00bb, aux statistiques, \u00e0 la mode (et aux bracelets Cartier), \u00e0 Blanche Neige elle-m\u00eame (\u00ab l'\u00e9toile myst\u00e9rieuse de l'\u00e9cran \u00bb) et, bien s\u00fbr, au programme de la soir\u00e9e :<\/p>\n\n\n\n<ul class=\"wp-block-list\">\n<li>Film d'actualit\u00e9s australien Cinesound<\/li>\n\n\n\n<li><em>Le jeune mari\u00e9 s'en va<\/em>, r\u00e9alis\u00e9 par Joseph Santley<\/li>\n\n\n\n<li>Une gazette Universal International<\/li>\n\n\n\n<li>Un aper\u00e7u de <em>C'est dans l'air<\/em> avec George Formby<\/li>\n\n\n\n<li>Blanche Neige et les sept nains<\/li>\n<\/ul>\n\n\n<style>.kb-row-layout-id13994_c27f1d-9a > .kt-row-column-wrap{align-content:start;}:where(.kb-row-layout-id13994_c27f1d-9a > .kt-row-column-wrap) > .wp-block-kadence-column{justify-content:start;}.kb-row-layout-id13994_c27f1d-9a > .kt-row-column-wrap{column-gap:var(--global-kb-gap-md, 2rem);row-gap:var(--global-kb-gap-md, 2rem);padding-top:var(--global-kb-spacing-sm, 1.5rem);padding-bottom:var(--global-kb-spacing-sm, 1.5rem);}.kb-row-layout-id13994_c27f1d-9a > .kt-row-column-wrap > div:not(.added-for-specificity){grid-column:initial;}.kb-row-layout-id13994_c27f1d-9a > .kt-row-column-wrap{grid-template-columns:minmax(0, 1fr) minmax(0, 6fr) minmax(0, 1fr);}.kb-row-layout-id13994_c27f1d-9a > .kt-row-layout-overlay{opacity:0.30;}@media all and (max-width: 1024px){.kb-row-layout-id13994_c27f1d-9a > .kt-row-column-wrap > div:not(.added-for-specificity){grid-column:initial;}}@media all and (max-width: 1024px){.kb-row-layout-id13994_c27f1d-9a > .kt-row-column-wrap{grid-template-columns:minmax(0, 1fr) minmax(0, 6fr) minmax(0, 1fr);}}@media all and (max-width: 767px){.kb-row-layout-id13994_c27f1d-9a > .kt-row-column-wrap > div:not(.added-for-specificity){grid-column:initial;}.kb-row-layout-id13994_c27f1d-9a > .kt-row-column-wrap{grid-template-columns:minmax(0, 1fr);}}<\/style><div class=\"kb-row-layout-wrap kb-row-layout-id13994_c27f1d-9a alignnone wp-block-kadence-rowlayout\"><div class=\"kt-row-column-wrap kt-has-3-columns kt-row-layout-center-exwide kt-tab-layout-inherit kt-mobile-layout-row kt-row-valign-top\">\n<style>.kadence-column13994_5f990c-b4 > .kt-inside-inner-col,.kadence-column13994_5f990c-b4 > .kt-inside-inner-col:before{border-top-left-radius:0px;border-top-right-radius:0px;border-bottom-right-radius:0px;border-bottom-left-radius:0px;}.kadence-column13994_5f990c-b4 > .kt-inside-inner-col{column-gap:var(--global-kb-gap-sm, 1rem);}.kadence-column13994_5f990c-b4 > .kt-inside-inner-col{flex-direction:column;}.kadence-column13994_5f990c-b4 > .kt-inside-inner-col > .aligncenter{width:100%;}.kadence-column13994_5f990c-b4 > .kt-inside-inner-col:before{opacity:0.3;}.kadence-column13994_5f990c-b4{position:relative;}@media all and (max-width: 1024px){.kadence-column13994_5f990c-b4 > .kt-inside-inner-col{flex-direction:column;justify-content:center;}}@media all and (max-width: 767px){.kadence-column13994_5f990c-b4 > .kt-inside-inner-col{flex-direction:column;justify-content:center;}}<\/style>\n<div class=\"wp-block-kadence-column kadence-column13994_5f990c-b4\"><div class=\"kt-inside-inner-col\"><\/div><\/div>\n\n\n<style>.kadence-column13994_bd3839-9c > .kt-inside-inner-col,.kadence-column13994_bd3839-9c > .kt-inside-inner-col:before{border-top-left-radius:0px;border-top-right-radius:0px;border-bottom-right-radius:0px;border-bottom-left-radius:0px;}.kadence-column13994_bd3839-9c > .kt-inside-inner-col{column-gap:var(--global-kb-gap-sm, 1rem);}.kadence-column13994_bd3839-9c > .kt-inside-inner-col{flex-direction:column;}.kadence-column13994_bd3839-9c > .kt-inside-inner-col > .aligncenter{width:100%;}.kadence-column13994_bd3839-9c > .kt-inside-inner-col:before{opacity:0.3;}.kadence-column13994_bd3839-9c{position:relative;}@media all and (max-width: 1024px){.kadence-column13994_bd3839-9c > .kt-inside-inner-col{flex-direction:column;justify-content:center;}}@media all and (max-width: 767px){.kadence-column13994_bd3839-9c > .kt-inside-inner-col{flex-direction:column;justify-content:center;}}<\/style>\n<div class=\"wp-block-kadence-column kadence-column13994_bd3839-9c\"><div class=\"kt-inside-inner-col\"><style>.kb-gallery-id-13994_9386f3-a5 .kadence-blocks-gallery-item .kb-gal-image-radius, .kb-gallery-id-13994_9386f3-a5 .kb-slide-item .kb-gal-image-radius img{border-radius:0px 0px 0px 0px;;}.kb-gallery-wrap-id-13994_9386f3-a5.wp-block-kadence-advancedgallery{overflow:visible;}.kb-gallery-wrap-id-13994_9386f3-a5.wp-block-kadence-advancedgallery .kt-blocks-carousel{overflow:visible;}.kb-gallery-id-13994_9386f3-a5 .splide.kt-carousel-dotstyle-light .splide__pagination__page, .kb-gallery-id-13994_9386f3-a5 .splide.kt-carousel-dotstyle-light .splide__pagination__page.is-active{background-color:#fff;}<\/style><div class=\"kb-gallery-wrap-id-13994_9386f3-a5 alignnone wp-block-kadence-advancedgallery\"><div class=\"kb-gallery-ul kb-gallery-non-static kb-gallery-type-slider kb-gallery-id-13994_9386f3-a5 kb-gallery-caption-style-bottom-hover kb-gallery-filter-none kb-gallery-magnific-init\" data-image-filter=\"none\" data-lightbox-caption=\"false\"><div class=\"kt-blocks-carousel splide kt-carousel-container-dotstyle-light kt-carousel-arrowstyle-whiteondark kt-carousel-dotstyle-light kb-slider-group-arrow kb-slider-arrow-position-center\" data-slider-anim-speed=\"400\" data-slider-scroll=\"1\" data-slider-arrows=\"true\" data-slider-fade=\"true\" data-slider-dots=\"true\" data-slider-type=\"slider\" data-slider-hover-pause=\"false\" data-slider-auto=\"1\" data-slider-speed=\"7000\" data-show-pause-button=\"false\"><div class=\"splide__track\"><ul class=\"kt-blocks-carousel-init kb-blocks-slider splide__list\"><li class=\"kb-slide-item kb-gallery-slide-item splide__slide\"><div class=\"kadence-blocks-gallery-item\"><div class=\"kadence-blocks-gallery-item-inner\"><figure class=\"kb-gallery-figure kb-gallery-item-has-link kadence-blocks-gallery-item-hide-caption\"><a href=\"https:\/\/snowwhitemuseum.com\/wp-content\/uploads\/2025\/01\/1938-12-23-Swansea-program-cover.jpg\" class=\"kb-gallery-item-link\"   role=\"button\" aria-haspopup=\"dialog\"><div class=\"kb-gal-image-radius\"><div class=\"kb-gallery-image-contain kadence-blocks-gallery-intrinsic kb-gallery-image-ratio-inherit kb-has-image-ratio-inherit\" ><img loading=\"lazy\" decoding=\"async\" src=\"http:\/\/snowwhitemuseum.com\/wp-content\/uploads\/2023\/05\/page1-fr.png\"  data-splide-lazy=\"https:\/\/snowwhitemuseum.com\/wp-content\/uploads\/2025\/01\/1938-12-23-Swansea-program-cover.jpg\" width=\"496\" height=\"753\" alt=\"\" data-full-image=\"https:\/\/snowwhitemuseum.com\/wp-content\/uploads\/2025\/01\/1938-12-23-Swansea-program-cover.jpg\" data-light-image=\"https:\/\/snowwhitemuseum.com\/wp-content\/uploads\/2025\/01\/1938-12-23-Swansea-program-cover.jpg\" data-splide-lazy-srcset=\"https:\/\/snowwhitemuseum.com\/wp-content\/uploads\/2025\/01\/1938-12-23-Swansea-program-cover.jpg 496w, https:\/\/snowwhitemuseum.com\/wp-content\/uploads\/2025\/01\/1938-12-23-Swansea-program-cover-198x300.jpg 198w, https:\/\/snowwhitemuseum.com\/wp-content\/uploads\/2025\/01\/1938-12-23-Swansea-program-cover-8x12.jpg 8w\" sizes=\"auto, (max-width: 496px) 100vw, 496px\"data-id=\"13991\" class=\"wp-image-13991 skip-lazy\"\/><\/div><\/div><\/a><\/figure><\/div><\/div><\/li><li class=\"kb-slide-item kb-gallery-slide-item splide__slide\"><div class=\"kadence-blocks-gallery-item\"><div class=\"kadence-blocks-gallery-item-inner\"><figure class=\"kb-gallery-figure kb-gallery-item-has-link kadence-blocks-gallery-item-hide-caption\"><a href=\"https:\/\/snowwhitemuseum.com\/wp-content\/uploads\/2025\/01\/1938-12-23-Swansea-program-02.jpg\" class=\"kb-gallery-item-link\"   role=\"button\" aria-haspopup=\"dialog\"><div class=\"kb-gal-image-radius\"><div class=\"kb-gallery-image-contain kadence-blocks-gallery-intrinsic kb-gallery-image-ratio-inherit kb-has-image-ratio-inherit\" ><img loading=\"lazy\" decoding=\"async\" src=\"http:\/\/snowwhitemuseum.com\/wp-content\/uploads\/2023\/05\/page1-fr.png\"  data-splide-lazy=\"https:\/\/snowwhitemuseum.com\/wp-content\/uploads\/2025\/01\/1938-12-23-Swansea-program-02.jpg\" width=\"996\" height=\"753\" alt=\"\" data-full-image=\"https:\/\/snowwhitemuseum.com\/wp-content\/uploads\/2025\/01\/1938-12-23-Swansea-program-02.jpg\" data-light-image=\"https:\/\/snowwhitemuseum.com\/wp-content\/uploads\/2025\/01\/1938-12-23-Swansea-program-02.jpg\" data-splide-lazy-srcset=\"https:\/\/snowwhitemuseum.com\/wp-content\/uploads\/2025\/01\/1938-12-23-Swansea-program-02.jpg 996w, https:\/\/snowwhitemuseum.com\/wp-content\/uploads\/2025\/01\/1938-12-23-Swansea-program-02-300x227.jpg 300w, https:\/\/snowwhitemuseum.com\/wp-content\/uploads\/2025\/01\/1938-12-23-Swansea-program-02-768x581.jpg 768w, https:\/\/snowwhitemuseum.com\/wp-content\/uploads\/2025\/01\/1938-12-23-Swansea-program-02-16x12.jpg 16w\" sizes=\"auto, (max-width: 996px) 100vw, 996px\"data-id=\"13997\" class=\"wp-image-13997 skip-lazy\"\/><\/div><\/div><\/a><\/figure><\/div><\/div><\/li><li class=\"kb-slide-item kb-gallery-slide-item splide__slide\"><div class=\"kadence-blocks-gallery-item\"><div class=\"kadence-blocks-gallery-item-inner\"><figure class=\"kb-gallery-figure kb-gallery-item-has-link kadence-blocks-gallery-item-hide-caption\"><a href=\"https:\/\/snowwhitemuseum.com\/wp-content\/uploads\/2025\/01\/1938-12-23-Swansea-program-03.jpg\" class=\"kb-gallery-item-link\"   role=\"button\" aria-haspopup=\"dialog\"><div class=\"kb-gal-image-radius\"><div class=\"kb-gallery-image-contain kadence-blocks-gallery-intrinsic kb-gallery-image-ratio-inherit kb-has-image-ratio-inherit\" ><img loading=\"lazy\" decoding=\"async\" src=\"http:\/\/snowwhitemuseum.com\/wp-content\/uploads\/2023\/05\/page1-fr.png\"  data-splide-lazy=\"https:\/\/snowwhitemuseum.com\/wp-content\/uploads\/2025\/01\/1938-12-23-Swansea-program-03.jpg\" width=\"1002\" height=\"753\" alt=\"\" data-full-image=\"https:\/\/snowwhitemuseum.com\/wp-content\/uploads\/2025\/01\/1938-12-23-Swansea-program-03.jpg\" data-light-image=\"https:\/\/snowwhitemuseum.com\/wp-content\/uploads\/2025\/01\/1938-12-23-Swansea-program-03.jpg\" data-splide-lazy-srcset=\"https:\/\/snowwhitemuseum.com\/wp-content\/uploads\/2025\/01\/1938-12-23-Swansea-program-03.jpg 1002w, https:\/\/snowwhitemuseum.com\/wp-content\/uploads\/2025\/01\/1938-12-23-Swansea-program-03-300x225.jpg 300w, https:\/\/snowwhitemuseum.com\/wp-content\/uploads\/2025\/01\/1938-12-23-Swansea-program-03-768x577.jpg 768w, https:\/\/snowwhitemuseum.com\/wp-content\/uploads\/2025\/01\/1938-12-23-Swansea-program-03-16x12.jpg 16w\" sizes=\"auto, (max-width: 1002px) 100vw, 1002px\"data-id=\"13998\" class=\"wp-image-13998 skip-lazy\"\/><\/div><\/div><\/a><\/figure><\/div><\/div><\/li><li class=\"kb-slide-item kb-gallery-slide-item splide__slide\"><div class=\"kadence-blocks-gallery-item\"><div class=\"kadence-blocks-gallery-item-inner\"><figure class=\"kb-gallery-figure kb-gallery-item-has-link kadence-blocks-gallery-item-hide-caption\"><a href=\"https:\/\/snowwhitemuseum.com\/wp-content\/uploads\/2025\/01\/1938-12-23-Swansea-program-04.jpg\" class=\"kb-gallery-item-link\"   role=\"button\" aria-haspopup=\"dialog\"><div class=\"kb-gal-image-radius\"><div class=\"kb-gallery-image-contain kadence-blocks-gallery-intrinsic kb-gallery-image-ratio-inherit kb-has-image-ratio-inherit\" ><img loading=\"lazy\" decoding=\"async\" src=\"http:\/\/snowwhitemuseum.com\/wp-content\/uploads\/2023\/05\/page1-fr.png\"  data-splide-lazy=\"https:\/\/snowwhitemuseum.com\/wp-content\/uploads\/2025\/01\/1938-12-23-Swansea-program-04.jpg\" width=\"1003\" height=\"753\" alt=\"\" data-full-image=\"https:\/\/snowwhitemuseum.com\/wp-content\/uploads\/2025\/01\/1938-12-23-Swansea-program-04.jpg\" data-light-image=\"https:\/\/snowwhitemuseum.com\/wp-content\/uploads\/2025\/01\/1938-12-23-Swansea-program-04.jpg\" data-splide-lazy-srcset=\"https:\/\/snowwhitemuseum.com\/wp-content\/uploads\/2025\/01\/1938-12-23-Swansea-program-04.jpg 1003w, https:\/\/snowwhitemuseum.com\/wp-content\/uploads\/2025\/01\/1938-12-23-Swansea-program-04-300x225.jpg 300w, https:\/\/snowwhitemuseum.com\/wp-content\/uploads\/2025\/01\/1938-12-23-Swansea-program-04-768x577.jpg 768w, https:\/\/snowwhitemuseum.com\/wp-content\/uploads\/2025\/01\/1938-12-23-Swansea-program-04-16x12.jpg 16w\" sizes=\"auto, (max-width: 1003px) 100vw, 1003px\"data-id=\"13999\" class=\"wp-image-13999 skip-lazy\"\/><\/div><\/div><\/a><\/figure><\/div><\/div><\/li><li class=\"kb-slide-item kb-gallery-slide-item splide__slide\"><div class=\"kadence-blocks-gallery-item\"><div class=\"kadence-blocks-gallery-item-inner\"><figure class=\"kb-gallery-figure kb-gallery-item-has-link kadence-blocks-gallery-item-hide-caption\"><a href=\"https:\/\/snowwhitemuseum.com\/wp-content\/uploads\/2025\/01\/1938-12-23-Swansea-program-05.jpg\" class=\"kb-gallery-item-link\"   role=\"button\" aria-haspopup=\"dialog\"><div class=\"kb-gal-image-radius\"><div class=\"kb-gallery-image-contain kadence-blocks-gallery-intrinsic kb-gallery-image-ratio-inherit kb-has-image-ratio-inherit\" ><img loading=\"lazy\" decoding=\"async\" src=\"http:\/\/snowwhitemuseum.com\/wp-content\/uploads\/2023\/05\/page1-fr.png\"  data-splide-lazy=\"https:\/\/snowwhitemuseum.com\/wp-content\/uploads\/2025\/01\/1938-12-23-Swansea-program-05.jpg\" width=\"1003\" height=\"753\" alt=\"\" data-full-image=\"https:\/\/snowwhitemuseum.com\/wp-content\/uploads\/2025\/01\/1938-12-23-Swansea-program-05.jpg\" data-light-image=\"https:\/\/snowwhitemuseum.com\/wp-content\/uploads\/2025\/01\/1938-12-23-Swansea-program-05.jpg\" data-splide-lazy-srcset=\"https:\/\/snowwhitemuseum.com\/wp-content\/uploads\/2025\/01\/1938-12-23-Swansea-program-05.jpg 1003w, https:\/\/snowwhitemuseum.com\/wp-content\/uploads\/2025\/01\/1938-12-23-Swansea-program-05-300x225.jpg 300w, https:\/\/snowwhitemuseum.com\/wp-content\/uploads\/2025\/01\/1938-12-23-Swansea-program-05-768x577.jpg 768w, https:\/\/snowwhitemuseum.com\/wp-content\/uploads\/2025\/01\/1938-12-23-Swansea-program-05-16x12.jpg 16w\" sizes=\"auto, (max-width: 1003px) 100vw, 1003px\"data-id=\"14000\" class=\"wp-image-14000 skip-lazy\"\/><\/div><\/div><\/a><\/figure><\/div><\/div><\/li><li class=\"kb-slide-item kb-gallery-slide-item splide__slide\"><div class=\"kadence-blocks-gallery-item\"><div class=\"kadence-blocks-gallery-item-inner\"><figure class=\"kb-gallery-figure kb-gallery-item-has-link kadence-blocks-gallery-item-hide-caption\"><a href=\"https:\/\/snowwhitemuseum.com\/wp-content\/uploads\/2025\/01\/1938-12-23-Swansea-program-06.jpg\" class=\"kb-gallery-item-link\"   role=\"button\" aria-haspopup=\"dialog\"><div class=\"kb-gal-image-radius\"><div class=\"kb-gallery-image-contain kadence-blocks-gallery-intrinsic kb-gallery-image-ratio-inherit kb-has-image-ratio-inherit\" ><img loading=\"lazy\" decoding=\"async\" src=\"http:\/\/snowwhitemuseum.com\/wp-content\/uploads\/2023\/05\/page1-fr.png\"  data-splide-lazy=\"https:\/\/snowwhitemuseum.com\/wp-content\/uploads\/2025\/01\/1938-12-23-Swansea-program-06.jpg\" width=\"1008\" height=\"753\" alt=\"\" data-full-image=\"https:\/\/snowwhitemuseum.com\/wp-content\/uploads\/2025\/01\/1938-12-23-Swansea-program-06.jpg\" data-light-image=\"https:\/\/snowwhitemuseum.com\/wp-content\/uploads\/2025\/01\/1938-12-23-Swansea-program-06.jpg\" data-splide-lazy-srcset=\"https:\/\/snowwhitemuseum.com\/wp-content\/uploads\/2025\/01\/1938-12-23-Swansea-program-06.jpg 1008w, https:\/\/snowwhitemuseum.com\/wp-content\/uploads\/2025\/01\/1938-12-23-Swansea-program-06-300x224.jpg 300w, https:\/\/snowwhitemuseum.com\/wp-content\/uploads\/2025\/01\/1938-12-23-Swansea-program-06-768x574.jpg 768w, https:\/\/snowwhitemuseum.com\/wp-content\/uploads\/2025\/01\/1938-12-23-Swansea-program-06-16x12.jpg 16w\" sizes=\"auto, (max-width: 1008px) 100vw, 1008px\"data-id=\"13995\" class=\"wp-image-13995 skip-lazy\"\/><\/div><\/div><\/a><\/figure><\/div><\/div><\/li><li class=\"kb-slide-item kb-gallery-slide-item splide__slide\"><div class=\"kadence-blocks-gallery-item\"><div class=\"kadence-blocks-gallery-item-inner\"><figure class=\"kb-gallery-figure kb-gallery-item-has-link kadence-blocks-gallery-item-hide-caption\"><a href=\"https:\/\/snowwhitemuseum.com\/wp-content\/uploads\/2025\/01\/1938-12-23-Swansea-program-07.jpg\" class=\"kb-gallery-item-link\"   role=\"button\" aria-haspopup=\"dialog\"><div class=\"kb-gal-image-radius\"><div class=\"kb-gallery-image-contain kadence-blocks-gallery-intrinsic kb-gallery-image-ratio-inherit kb-has-image-ratio-inherit\" ><img loading=\"lazy\" decoding=\"async\" src=\"http:\/\/snowwhitemuseum.com\/wp-content\/uploads\/2023\/05\/page1-fr.png\"  data-splide-lazy=\"https:\/\/snowwhitemuseum.com\/wp-content\/uploads\/2025\/01\/1938-12-23-Swansea-program-07.jpg\" width=\"753\" height=\"491\" alt=\"\" data-full-image=\"https:\/\/snowwhitemuseum.com\/wp-content\/uploads\/2025\/01\/1938-12-23-Swansea-program-07.jpg\" data-light-image=\"https:\/\/snowwhitemuseum.com\/wp-content\/uploads\/2025\/01\/1938-12-23-Swansea-program-07.jpg\" data-splide-lazy-srcset=\"https:\/\/snowwhitemuseum.com\/wp-content\/uploads\/2025\/01\/1938-12-23-Swansea-program-07.jpg 753w, https:\/\/snowwhitemuseum.com\/wp-content\/uploads\/2025\/01\/1938-12-23-Swansea-program-07-300x196.jpg 300w, https:\/\/snowwhitemuseum.com\/wp-content\/uploads\/2025\/01\/1938-12-23-Swansea-program-07-18x12.jpg 18w\" sizes=\"auto, (max-width: 753px) 100vw, 753px\"data-id=\"13996\" class=\"wp-image-13996 skip-lazy\"\/><\/div><\/div><\/a><\/figure><\/div><\/div><\/li><\/ul><\/div><\/div><\/div><\/div><\/div><\/div>\n\n\n<style>.kadence-column13994_936830-e5 > .kt-inside-inner-col,.kadence-column13994_936830-e5 > .kt-inside-inner-col:before{border-top-left-radius:0px;border-top-right-radius:0px;border-bottom-right-radius:0px;border-bottom-left-radius:0px;}.kadence-column13994_936830-e5 > .kt-inside-inner-col{column-gap:var(--global-kb-gap-sm, 1rem);}.kadence-column13994_936830-e5 > .kt-inside-inner-col{flex-direction:column;}.kadence-column13994_936830-e5 > .kt-inside-inner-col > .aligncenter{width:100%;}.kadence-column13994_936830-e5 > .kt-inside-inner-col:before{opacity:0.3;}.kadence-column13994_936830-e5{position:relative;}@media all and (max-width: 1024px){.kadence-column13994_936830-e5 > .kt-inside-inner-col{flex-direction:column;justify-content:center;}}@media all and (max-width: 767px){.kadence-column13994_936830-e5 > .kt-inside-inner-col{flex-direction:column;justify-content:center;}}<\/style>\n<div class=\"wp-block-kadence-column kadence-column13994_936830-e5\"><div class=\"kt-inside-inner-col\"><\/div><\/div>\n\n<\/div><\/div>","protected":false},"excerpt":{"rendered":"<p>This program was made for the Tasmanian premiere of Snow White on December 23, 1938 showing in the town of Swansea, Australia. The theater showed Snow White and the Seven Dwarfs three times a day at 10.30 a.m., 2.15 and 7.55 p.m. Aside from the usual advertisements, there are chapters focusing on the film&#8217;s &#8220;quaint&#8230;<\/p>","protected":false},"author":1,"featured_media":13991,"parent":13990,"menu_order":0,"comment_status":"closed","ping_status":"closed","template":"","meta":{"_kadence_starter_templates_imported_post":false,"_kad_post_transparent":"","_kad_post_title":"","_kad_post_layout":"","_kad_post_sidebar_id":"","_kad_post_content_style":"","_kad_post_vertical_padding":"","_kad_post_feature":"","_kad_post_feature_position":"","_kad_post_header":false,"_kad_post_footer":false,"_kad_post_classname":"","footnotes":""},"class_list":["post-13994","page","type-page","status-publish","has-post-thumbnail","hentry"],"aioseo_notices":[],"_links":{"self":[{"href":"https:\/\/snowwhitemuseum.com\/fr\/wp-json\/wp\/v2\/pages\/13994","targetHints":{"allow":["GET"]}}],"collection":[{"href":"https:\/\/snowwhitemuseum.com\/fr\/wp-json\/wp\/v2\/pages"}],"about":[{"href":"https:\/\/snowwhitemuseum.com\/fr\/wp-json\/wp\/v2\/types\/page"}],"author":[{"embeddable":true,"href":"https:\/\/snowwhitemuseum.com\/fr\/wp-json\/wp\/v2\/users\/1"}],"replies":[{"embeddable":true,"href":"https:\/\/snowwhitemuseum.com\/fr\/wp-json\/wp\/v2\/comments?post=13994"}],"version-history":[{"count":5,"href":"https:\/\/snowwhitemuseum.com\/fr\/wp-json\/wp\/v2\/pages\/13994\/revisions"}],"predecessor-version":[{"id":14005,"href":"https:\/\/snowwhitemuseum.com\/fr\/wp-json\/wp\/v2\/pages\/13994\/revisions\/14005"}],"up":[{"embeddable":true,"href":"https:\/\/snowwhitemuseum.com\/fr\/wp-json\/wp\/v2\/pages\/13990"}],"wp:featuredmedia":[{"embeddable":true,"href":"https:\/\/snowwhitemuseum.com\/fr\/wp-json\/wp\/v2\/media\/13991"}],"wp:attachment":[{"href":"https:\/\/snowwhitemuseum.com\/fr\/wp-json\/wp\/v2\/media?parent=13994"}],"curies":[{"name":"wp","href":"https:\/\/api.w.org\/{rel}","templated":true}]}}