{"id":14011,"date":"2025-01-27T13:05:11","date_gmt":"2025-01-27T12:05:11","guid":{"rendered":"https:\/\/snowwhitemuseum.com\/?page_id=14011"},"modified":"2025-03-04T18:51:04","modified_gmt":"2025-03-04T17:51:04","slug":"marc-webb","status":"publish","type":"page","link":"https:\/\/snowwhitemuseum.com\/fr\/about-the-film\/sequels\/snow-white-2025-disney-remake\/marc-webb\/","title":{"rendered":"Marc Webb"},"content":{"rendered":"<style>.wp-block-kadence-column.kb-section-dir-horizontal > .kt-inside-inner-col > .kt-info-box14011_5cc03e-33 .kt-blocks-info-box-link-wrap{max-width:unset;}.kt-info-box14011_5cc03e-33 .kt-blocks-info-box-link-wrap{padding-top:var(--global-kb-spacing-xs, 1rem);padding-right:var(--global-kb-spacing-xs, 1rem);padding-bottom:var(--global-kb-spacing-xs, 1rem);padding-left:var(--global-kb-spacing-xs, 1rem);}.kt-info-box14011_5cc03e-33 .kadence-info-box-icon-container .kt-info-svg-icon, .kt-info-box14011_5cc03e-33 .kt-info-svg-icon-flip, .kt-info-box14011_5cc03e-33 .kt-blocks-info-box-number{font-size:50px;}.kt-info-box14011_5cc03e-33 .kt-blocks-info-box-media{border-top-width:0px;border-right-width:0px;border-bottom-width:0px;border-left-width:0px;padding-top:10px;padding-right:10px;padding-bottom:10px;padding-left:10px;}.kt-info-box14011_5cc03e-33 .kt-blocks-info-box-media-container{margin-top:0px;margin-right:15px;margin-bottom:0px;margin-left:15px;}.kt-info-box14011_5cc03e-33 .kt-blocks-info-box-learnmore{background:transparent;border-width:0px 0px 0px 0px;padding-top:4px;padding-right:8px;padding-bottom:4px;padding-left:8px;margin-top:10px;margin-right:0px;margin-bottom:10px;margin-left:0px;}<\/style>\n<div class=\"wp-block-kadence-infobox kt-info-box14011_5cc03e-33\"><div class=\"kt-blocks-info-box-link-wrap kt-blocks-info-box-media-align-top kt-info-halign-center\"><div class=\"kt-blocks-info-box-media-container\"><div class=\"kt-blocks-info-box-media kt-info-media-animate-none\"><div class=\"kadence-info-box-icon-container kt-info-icon-animate-none\"><div class=\"kadence-info-box-icon-inner-container\"><span class=\"kb-svg-icon-wrap kb-svg-icon-fe_clipboard kt-info-svg-icon\"><svg viewbox=\"0 0 24 24\"  fill=\"none\" stroke=\"currentColor\" stroke-width=\"2\" stroke-linecap=\"round\" stroke-linejoin=\"round\" xmlns=\"http:\/\/www.w3.org\/2000\/svg\"  aria-hidden=\"true\"><path d=\"M16 4h2a2 2 0 0 1 2 2v14a2 2 0 0 1-2 2H6a2 2 0 0 1-2-2V6a2 2 0 0 1 2-2h2\"\/><rect x=\"8\" y=\"2\" width=\"8\" height=\"4\" rx=\"1\" ry=\"1\"\/><\/svg><\/span><\/div><\/div><\/div><\/div><div class=\"kt-infobox-textcontent\"><h2 class=\"kt-blocks-info-box-title\">Information<\/h2><p class=\"kt-blocks-info-box-text\"><strong>Nom complet :<\/strong> Marc Webb<br><strong>Naissance :<\/strong> 31 ao\u00fbt 1974<br><br><strong>Mariage :<\/strong><br>Jane P. Herman (4 octobre 2019 \u2013 Pr\u00e9sent)<br><br><strong>Travail sur Blanche Neige :<\/strong><br>R\u00e9alisateur du remake de 2025<br><br><a href=\"https:\/\/snowwhitemuseum.com\/fr\/about-the-film\/sequels\/snow-white-2025-disney-remake\/\" title=\"Blanche Neige (Remake Disney de 2025)\">Retour au Remake de 2025<\/a><\/p><\/div><\/div><\/div>\n\n\n<style>.kb-row-layout-id14011_a5ec64-85 > .kt-row-column-wrap{align-content:start;}:where(.kb-row-layout-id14011_a5ec64-85 > .kt-row-column-wrap) > .wp-block-kadence-column{justify-content:start;}.kb-row-layout-id14011_a5ec64-85 > .kt-row-column-wrap{column-gap:var(--global-kb-gap-md, 2rem);row-gap:var(--global-kb-gap-md, 2rem);padding-top:var(--global-kb-spacing-sm, 1.5rem);padding-bottom:var(--global-kb-spacing-sm, 1.5rem);grid-template-columns:minmax(0, 1fr) minmax(0, 2fr);}.kb-row-layout-id14011_a5ec64-85 > .kt-row-layout-overlay{opacity:0.30;}@media all and (max-width: 1024px){.kb-row-layout-id14011_a5ec64-85 > .kt-row-column-wrap{grid-template-columns:minmax(0, 1fr) minmax(0, 2fr);}}@media all and (max-width: 767px){.kb-row-layout-id14011_a5ec64-85 > .kt-row-column-wrap{grid-template-columns:minmax(0, 1fr);}}<\/style><div class=\"kb-row-layout-wrap kb-row-layout-id14011_a5ec64-85 alignnone wp-block-kadence-rowlayout\"><div class=\"kt-row-column-wrap kt-has-2-columns kt-row-layout-right-golden kt-tab-layout-inherit kt-mobile-layout-row kt-row-valign-top\">\n<style>.kadence-column14011_f94995-ad > .kt-inside-inner-col,.kadence-column14011_f94995-ad > .kt-inside-inner-col:before{border-top-left-radius:0px;border-top-right-radius:0px;border-bottom-right-radius:0px;border-bottom-left-radius:0px;}.kadence-column14011_f94995-ad > .kt-inside-inner-col{column-gap:var(--global-kb-gap-sm, 1rem);}.kadence-column14011_f94995-ad > .kt-inside-inner-col{flex-direction:column;}.kadence-column14011_f94995-ad > .kt-inside-inner-col > .aligncenter{width:100%;}.kadence-column14011_f94995-ad > .kt-inside-inner-col:before{opacity:0.3;}.kadence-column14011_f94995-ad{position:relative;}@media all and (max-width: 1024px){.kadence-column14011_f94995-ad > .kt-inside-inner-col{flex-direction:column;justify-content:center;}}@media all and (max-width: 767px){.kadence-column14011_f94995-ad > .kt-inside-inner-col{flex-direction:column;justify-content:center;}}<\/style>\n<div class=\"wp-block-kadence-column kadence-column14011_f94995-ad\"><div class=\"kt-inside-inner-col\">\n<figure class=\"wp-block-image size-full\"><img loading=\"lazy\" decoding=\"async\" width=\"780\" height=\"439\" src=\"https:\/\/snowwhitemuseum.com\/wp-content\/uploads\/2025\/01\/Marc-Webb-vignette.jpg\" alt=\"\" class=\"wp-image-14013\" srcset=\"https:\/\/snowwhitemuseum.com\/wp-content\/uploads\/2025\/01\/Marc-Webb-vignette.jpg 780w, https:\/\/snowwhitemuseum.com\/wp-content\/uploads\/2025\/01\/Marc-Webb-vignette-300x169.jpg 300w, https:\/\/snowwhitemuseum.com\/wp-content\/uploads\/2025\/01\/Marc-Webb-vignette-768x432.jpg 768w, https:\/\/snowwhitemuseum.com\/wp-content\/uploads\/2025\/01\/Marc-Webb-vignette-18x10.jpg 18w\" sizes=\"auto, (max-width: 780px) 100vw, 780px\" \/><\/figure>\n<\/div><\/div>\n\n\n<style>.kadence-column14011_9e2fd8-2b > .kt-inside-inner-col,.kadence-column14011_9e2fd8-2b > .kt-inside-inner-col:before{border-top-left-radius:0px;border-top-right-radius:0px;border-bottom-right-radius:0px;border-bottom-left-radius:0px;}.kadence-column14011_9e2fd8-2b > .kt-inside-inner-col{column-gap:var(--global-kb-gap-sm, 1rem);}.kadence-column14011_9e2fd8-2b > .kt-inside-inner-col{flex-direction:column;}.kadence-column14011_9e2fd8-2b > .kt-inside-inner-col > .aligncenter{width:100%;}.kadence-column14011_9e2fd8-2b > .kt-inside-inner-col:before{opacity:0.3;}.kadence-column14011_9e2fd8-2b{position:relative;}@media all and (max-width: 1024px){.kadence-column14011_9e2fd8-2b > .kt-inside-inner-col{flex-direction:column;justify-content:center;}}@media all and (max-width: 767px){.kadence-column14011_9e2fd8-2b > .kt-inside-inner-col{flex-direction:column;justify-content:center;}}<\/style>\n<div class=\"wp-block-kadence-column kadence-column14011_9e2fd8-2b\"><div class=\"kt-inside-inner-col\">\n<h2 class=\"wp-block-heading\">Un visionnaire du cin\u00e9ma<\/h2>\n\n\n\n<p>Marc Webb est un r\u00e9alisateur am\u00e9ricain connu pour sa narration novatrice et sa capacit\u00e9 \u00e0 cr\u00e9er des films \u00e9motionnellement captivants. N\u00e9 le 31 ao\u00fbt 1974 \u00e0 Bloomington, dans l\u2019Indiana, Webb s\u2019est d\u2019abord fait conna\u00eetre dans l\u2019industrie du divertissement gr\u00e2ce \u00e0 ses clips musicaux. En collaborant avec des artistes majeurs tels que Green Day, My Chemical Romance et Maroon 5, il est devenu une figure embl\u00e9matique du monde musical, r\u00e9put\u00e9 pour ses r\u00e9cits visuellement saisissants et empreints d\u2019\u00e9motion.<\/p>\n\n\n\n<p>Webb a fait la transition vers le cin\u00e9ma avec la com\u00e9die dramatique romantique <em>(500) jours ensemble<\/em> (2009). Ce film, mettant en vedette Joseph Gordon-Levitt et Zooey Deschanel, est devenu un ph\u00e9nom\u00e8ne culturel gr\u00e2ce \u00e0 sa structure narrative innovante et son exploration poignante de l\u2019amour et du d\u00e9senchantement. Ce premier long-m\u00e9trage a \u00e9tabli Webb comme un r\u00e9alisateur dot\u00e9 d\u2019une voix unique et d\u2019un talent pour capturer les complexit\u00e9s des relations humaines.<\/p>\n\n\n\n<p>Apr\u00e8s le succ\u00e8s de <em>(500) jours ensemble<\/em>s\u2019est attaqu\u00e9 \u00e0 la r\u00e9alisation de deux blockbusters de super-h\u00e9ros : <em>The Amazing Spider-Man<\/em> (2012) et <em>The Amazing Spider-Man : Le Destin d\u2019un h\u00e9ros<\/em> (2014), avec Andrew Garfield et Emma Stone. Bien que ces films aient divis\u00e9 la critique, ils ont mis en lumi\u00e8re l\u2019aptitude de Webb \u00e0 m\u00ealer des sc\u00e8nes d\u2019action spectaculaires \u00e0 des arcs narratifs profond\u00e9ment humains.<\/p>\n\n\n\n<p>La carri\u00e8re de Webb apr\u00e8s Spider-Man s\u2019est orient\u00e9e vers des projets plus modestes et ax\u00e9s sur les personnages, tels que <em>Mary<\/em> (2017), avec Chris Evans, et <em>Liaisons \u00e0 New York<\/em> (2017). Ces films ont confirm\u00e9 son affinit\u00e9 pour les r\u00e9cits intimistes, explorant des th\u00e8mes comme la famille, l\u2019identit\u00e9 et les relations humaines.<\/p>\n<\/div><\/div>\n\n<\/div><\/div>\n\n<style>.kb-row-layout-id14011_0d8db3-4c > .kt-row-column-wrap{align-content:start;}:where(.kb-row-layout-id14011_0d8db3-4c > .kt-row-column-wrap) > .wp-block-kadence-column{justify-content:start;}.kb-row-layout-id14011_0d8db3-4c > .kt-row-column-wrap{column-gap:var(--global-kb-gap-md, 2rem);row-gap:var(--global-kb-gap-md, 2rem);padding-top:var(--global-kb-spacing-sm, 1.5rem);padding-bottom:var(--global-kb-spacing-sm, 1.5rem);grid-template-columns:minmax(0, 2fr) minmax(0, 1fr);}.kb-row-layout-id14011_0d8db3-4c > .kt-row-layout-overlay{opacity:0.30;}@media all and (max-width: 1024px){.kb-row-layout-id14011_0d8db3-4c > .kt-row-column-wrap{grid-template-columns:minmax(0, 2fr) minmax(0, 1fr);}}@media all and (max-width: 767px){.kb-row-layout-id14011_0d8db3-4c > .kt-row-column-wrap{grid-template-columns:minmax(0, 1fr);}.kb-row-layout-id14011_0d8db3-4c > .kt-row-column-wrap > .wp-block-kadence-column:nth-child(1 of *:not(style)){order:2;}.kb-row-layout-id14011_0d8db3-4c > .kt-row-column-wrap > .wp-block-kadence-column:nth-child(2 of *:not(style)){order:1;}.kb-row-layout-id14011_0d8db3-4c > .kt-row-column-wrap > .wp-block-kadence-column:nth-child(3 of *:not(style)){order:12;}.kb-row-layout-id14011_0d8db3-4c > .kt-row-column-wrap > .wp-block-kadence-column:nth-child(4 of *:not(style)){order:11;}.kb-row-layout-id14011_0d8db3-4c > .kt-row-column-wrap > .wp-block-kadence-column:nth-child(5 of *:not(style)){order:22;}.kb-row-layout-id14011_0d8db3-4c > .kt-row-column-wrap > .wp-block-kadence-column:nth-child(6 of *:not(style)){order:21;}.kb-row-layout-id14011_0d8db3-4c > .kt-row-column-wrap > .wp-block-kadence-column:nth-child(7 of *:not(style)){order:32;}.kb-row-layout-id14011_0d8db3-4c > .kt-row-column-wrap > .wp-block-kadence-column:nth-child(8 of *:not(style)){order:31;}}<\/style><div class=\"kb-row-layout-wrap kb-row-layout-id14011_0d8db3-4c alignnone wp-block-kadence-rowlayout\"><div class=\"kt-row-column-wrap kt-has-2-columns kt-row-layout-left-golden kt-tab-layout-inherit kt-mobile-layout-row kt-row-valign-top\">\n<style>.kadence-column14011_1afdcd-3f > .kt-inside-inner-col,.kadence-column14011_1afdcd-3f > .kt-inside-inner-col:before{border-top-left-radius:0px;border-top-right-radius:0px;border-bottom-right-radius:0px;border-bottom-left-radius:0px;}.kadence-column14011_1afdcd-3f > .kt-inside-inner-col{column-gap:var(--global-kb-gap-sm, 1rem);}.kadence-column14011_1afdcd-3f > .kt-inside-inner-col{flex-direction:column;}.kadence-column14011_1afdcd-3f > .kt-inside-inner-col > .aligncenter{width:100%;}.kadence-column14011_1afdcd-3f > .kt-inside-inner-col:before{opacity:0.3;}.kadence-column14011_1afdcd-3f{position:relative;}@media all and (max-width: 1024px){.kadence-column14011_1afdcd-3f > .kt-inside-inner-col{flex-direction:column;justify-content:center;}}@media all and (max-width: 767px){.kadence-column14011_1afdcd-3f > .kt-inside-inner-col{flex-direction:column;justify-content:center;}}<\/style>\n<div class=\"wp-block-kadence-column kadence-column14011_1afdcd-3f\"><div class=\"kt-inside-inner-col\">\n<h2 class=\"wp-block-heading\">Une nouvelle <em>Blanche Neige<\/em><\/h2>\n\n\n\n<p>Marc Webb s\u2019appr\u00eate maintenant \u00e0 d\u00e9voiler sa vision cr\u00e9ative avec l\u2019adaptation en prise de vue r\u00e9elle de <em>Blanche Neige<\/em>pour Disney. Cette r\u00e9invention du classique anim\u00e9 de 1937, premier long-m\u00e9trage d\u2019animation de l\u2019histoire du cin\u00e9ma, est l\u2019un des projets les plus attendus de sa carri\u00e8re. Le film met en vedette Rachel Zegler dans le r\u00f4le de Blanche Neige et Gal Gadot dans celui de la m\u00e9chante Reine, promettant une interpr\u00e9tation moderne du conte bien-aim\u00e9.<\/p>\n\n\n\n<p>Dans cette adaptation, Webb a mis l\u2019accent sur l\u2019\u00e9volution et l\u2019\u00e9mancipation du personnage, s\u2019\u00e9loignant des repr\u00e9sentations souvent associ\u00e9es aux premi\u00e8res princesses Disney.<\/p>\n\n\n\n<p>La collaboration de Webb avec une distribution talentueuse et une \u00e9quipe cr\u00e9ative vise \u00e0 pr\u00e9server la magie de l\u2019original tout en actualisant ses th\u00e8mes pour les sensibilit\u00e9s modernes. La musique joue \u00e9galement un r\u00f4le cl\u00e9, avec de nouvelles chansons compos\u00e9es par Benj Pasek et Justin Paul (<em>La La Land<\/em>, <em>The Greatest Showman<\/em>), garantissant que le film ravisse \u00e0 la fois les yeux et les oreilles des spectateurs.<\/p>\n\n\n\n<p>out au long de sa carri\u00e8re, Marc Webb a d\u00e9montr\u00e9 sa capacit\u00e9 \u00e0 concilier int\u00e9grit\u00e9 artistique et attrait grand public. Son \u0153uvre cr\u00e9e un pont entre des r\u00e9cits introspectifs et des exp\u00e9riences cin\u00e9matographiques \u00e0 grande \u00e9chelle. Avec <em>Blanche Neige<\/em>, Webb a l\u2019opportunit\u00e9 de laisser une empreinte ind\u00e9l\u00e9bile sur l\u2019un des r\u00e9cits les plus embl\u00e9matiques de Disney, en apportant sa profondeur \u00e9motionnelle caract\u00e9ristique et sa cr\u00e9ativit\u00e9 visuelle \u00e0 une nouvelle g\u00e9n\u00e9ration de spectateurs.<\/p>\n<\/div><\/div>\n\n\n<style>.kadence-column14011_1bfc54-e8 > .kt-inside-inner-col,.kadence-column14011_1bfc54-e8 > .kt-inside-inner-col:before{border-top-left-radius:0px;border-top-right-radius:0px;border-bottom-right-radius:0px;border-bottom-left-radius:0px;}.kadence-column14011_1bfc54-e8 > .kt-inside-inner-col{column-gap:var(--global-kb-gap-sm, 1rem);}.kadence-column14011_1bfc54-e8 > .kt-inside-inner-col{flex-direction:column;}.kadence-column14011_1bfc54-e8 > .kt-inside-inner-col > .aligncenter{width:100%;}.kadence-column14011_1bfc54-e8 > .kt-inside-inner-col:before{opacity:0.3;}.kadence-column14011_1bfc54-e8{position:relative;}@media all and (max-width: 1024px){.kadence-column14011_1bfc54-e8 > .kt-inside-inner-col{flex-direction:column;justify-content:center;}}@media all and (max-width: 767px){.kadence-column14011_1bfc54-e8 > .kt-inside-inner-col{flex-direction:column;justify-content:center;}}<\/style>\n<div class=\"wp-block-kadence-column kadence-column14011_1bfc54-e8\"><div class=\"kt-inside-inner-col\">\n<figure class=\"wp-block-image size-full\"><img loading=\"lazy\" decoding=\"async\" width=\"350\" height=\"233\" src=\"https:\/\/snowwhitemuseum.com\/wp-content\/uploads\/2025\/01\/Marc-Webb-hand.jpg\" alt=\"\" class=\"wp-image-14014\" srcset=\"https:\/\/snowwhitemuseum.com\/wp-content\/uploads\/2025\/01\/Marc-Webb-hand.jpg 350w, https:\/\/snowwhitemuseum.com\/wp-content\/uploads\/2025\/01\/Marc-Webb-hand-300x200.jpg 300w, https:\/\/snowwhitemuseum.com\/wp-content\/uploads\/2025\/01\/Marc-Webb-hand-18x12.jpg 18w\" sizes=\"auto, (max-width: 350px) 100vw, 350px\" \/><\/figure>\n<\/div><\/div>\n\n<\/div><\/div>\n\n\n<figure class=\"wp-block-pullquote\"><blockquote><p>D'une certaine mani\u00e8re, Walt Disney touche quelque chose en nous. Une sorte d'\u00e9merveillement et d'optimisme enfantins.<\/p><cite>Marc Webb<\/cite><\/blockquote><\/figure>","protected":false},"excerpt":{"rendered":"<p>A Cinematic Visionary Marc Webb is an American filmmaker and director, best known for his innovative storytelling and ability to craft emotionally resonant films. Born on August 31, 1974, in Bloomington, Indiana, Webb first gained prominence in the entertainment industry through his work directing music videos. Collaborating with major artists like Green Day, My Chemical&#8230;<\/p>","protected":false},"author":1,"featured_media":14013,"parent":3630,"menu_order":0,"comment_status":"closed","ping_status":"closed","template":"","meta":{"_kadence_starter_templates_imported_post":false,"_kad_post_transparent":"","_kad_post_title":"","_kad_post_layout":"","_kad_post_sidebar_id":"","_kad_post_content_style":"","_kad_post_vertical_padding":"","_kad_post_feature":"","_kad_post_feature_position":"","_kad_post_header":false,"_kad_post_footer":false,"_kad_post_classname":"","footnotes":""},"class_list":["post-14011","page","type-page","status-publish","has-post-thumbnail","hentry"],"aioseo_notices":[],"_links":{"self":[{"href":"https:\/\/snowwhitemuseum.com\/fr\/wp-json\/wp\/v2\/pages\/14011","targetHints":{"allow":["GET"]}}],"collection":[{"href":"https:\/\/snowwhitemuseum.com\/fr\/wp-json\/wp\/v2\/pages"}],"about":[{"href":"https:\/\/snowwhitemuseum.com\/fr\/wp-json\/wp\/v2\/types\/page"}],"author":[{"embeddable":true,"href":"https:\/\/snowwhitemuseum.com\/fr\/wp-json\/wp\/v2\/users\/1"}],"replies":[{"embeddable":true,"href":"https:\/\/snowwhitemuseum.com\/fr\/wp-json\/wp\/v2\/comments?post=14011"}],"version-history":[{"count":3,"href":"https:\/\/snowwhitemuseum.com\/fr\/wp-json\/wp\/v2\/pages\/14011\/revisions"}],"predecessor-version":[{"id":14636,"href":"https:\/\/snowwhitemuseum.com\/fr\/wp-json\/wp\/v2\/pages\/14011\/revisions\/14636"}],"up":[{"embeddable":true,"href":"https:\/\/snowwhitemuseum.com\/fr\/wp-json\/wp\/v2\/pages\/3630"}],"wp:featuredmedia":[{"embeddable":true,"href":"https:\/\/snowwhitemuseum.com\/fr\/wp-json\/wp\/v2\/media\/14013"}],"wp:attachment":[{"href":"https:\/\/snowwhitemuseum.com\/fr\/wp-json\/wp\/v2\/media?parent=14011"}],"curies":[{"name":"wp","href":"https:\/\/api.w.org\/{rel}","templated":true}]}}