{"id":14056,"date":"2025-02-02T13:36:02","date_gmt":"2025-02-02T12:36:02","guid":{"rendered":"https:\/\/snowwhitemuseum.com\/?page_id=14056"},"modified":"2025-02-02T15:13:46","modified_gmt":"2025-02-02T14:13:46","slug":"finnish-books","status":"publish","type":"page","link":"https:\/\/snowwhitemuseum.com\/fr\/merchandising\/books\/finnish-books\/","title":{"rendered":"Livres finlandais"},"content":{"rendered":"<style>.wp-block-kadence-advancedbtn.kb-btns14056_90ff47-83{gap:var(--global-kb-gap-xs, 0.5rem );justify-content:center;align-items:center;}.kt-btns14056_90ff47-83 .kt-button{font-weight:normal;font-style:normal;}.kt-btns14056_90ff47-83 .kt-btn-wrap-0{margin-right:5px;}.wp-block-kadence-advancedbtn.kt-btns14056_90ff47-83 .kt-btn-wrap-0 .kt-button{color:#555555;border-color:#555555;}.wp-block-kadence-advancedbtn.kt-btns14056_90ff47-83 .kt-btn-wrap-0 .kt-button:hover, .wp-block-kadence-advancedbtn.kt-btns14056_90ff47-83 .kt-btn-wrap-0 .kt-button:focus{color:#ffffff;border-color:#444444;}.wp-block-kadence-advancedbtn.kt-btns14056_90ff47-83 .kt-btn-wrap-0 .kt-button::before{display:none;}.wp-block-kadence-advancedbtn.kt-btns14056_90ff47-83 .kt-btn-wrap-0 .kt-button:hover, .wp-block-kadence-advancedbtn.kt-btns14056_90ff47-83 .kt-btn-wrap-0 .kt-button:focus{background:#444444;}<\/style>\n<div class=\"wp-block-kadence-advancedbtn kb-buttons-wrap kb-btns14056_90ff47-83\"><style>ul.menu .wp-block-kadence-advancedbtn .kb-btn14056_e32621-68.kb-button{width:initial;}<\/style><a class=\"kb-button kt-button button kb-btn14056_e32621-68 kt-btn-size-standard kt-btn-width-type-auto kb-btn-global-fill  kt-btn-has-text-true kt-btn-has-svg-false  wp-block-kadence-singlebtn\" href=\"https:\/\/snowwhitemuseum.com\/merchandising\/books\/\"><span class=\"kt-btn-inner-text\">Back to Books<\/span><\/a><\/div>\n\n\n<style>.wp-block-kadence-advancedheading.kt-adv-heading14056_b7a717-ef, .wp-block-kadence-advancedheading.kt-adv-heading14056_b7a717-ef[data-kb-block=\"kb-adv-heading14056_b7a717-ef\"]{font-style:normal;}.wp-block-kadence-advancedheading.kt-adv-heading14056_b7a717-ef mark.kt-highlight, .wp-block-kadence-advancedheading.kt-adv-heading14056_b7a717-ef[data-kb-block=\"kb-adv-heading14056_b7a717-ef\"] mark.kt-highlight{font-style:normal;color:#f76a0c;-webkit-box-decoration-break:clone;box-decoration-break:clone;padding-top:0px;padding-right:0px;padding-bottom:0px;padding-left:0px;}.wp-block-kadence-advancedheading.kt-adv-heading14056_b7a717-ef img.kb-inline-image, .wp-block-kadence-advancedheading.kt-adv-heading14056_b7a717-ef[data-kb-block=\"kb-adv-heading14056_b7a717-ef\"] img.kb-inline-image{width:150px;vertical-align:baseline;}<\/style>\n<h2 class=\"kt-adv-heading14056_b7a717-ef wp-block-kadence-advancedheading\" data-kb-block=\"kb-adv-heading14056_b7a717-ef\">Storybooks<\/h2>\n\n\n\n<p>Here are some of the books published in Finland that tell the story of <em>Snow White and the Seven Dwarfs<\/em>.<\/p>\n\n\n<style>.wp-block-kadence-advancedgallery .kb-gallery-type-grid.kb-gallery-id-14056_bdefad-e7{margin:-5px;}.kb-gallery-type-grid.kb-gallery-id-14056_bdefad-e7 .kadence-blocks-gallery-item{padding:5px;}.kb-gallery-id-14056_bdefad-e7 .kadence-blocks-gallery-item .kb-gal-image-radius, .kb-gallery-id-14056_bdefad-e7 .kb-slide-item .kb-gal-image-radius img{border-radius:0px 0px 0px 0px;;}.kb-gallery-caption-style-cover-hover.kb-gallery-id-14056_bdefad-e7 .kadence-blocks-gallery-item .kadence-blocks-gallery-item-inner .kadence-blocks-gallery-item__caption, .kb-gallery-caption-style-below.kb-gallery-id-14056_bdefad-e7 .kadence-blocks-gallery-item .kadence-blocks-gallery-item-inner .kadence-blocks-gallery-item__caption{background:rgba(0, 0, 0, 0.8);}<\/style><div class=\"kb-gallery-wrap-id-14056_bdefad-e7 alignnone wp-block-kadence-advancedgallery\" id=\"sequencesart\"><ul class=\"kb-gallery-ul kb-gallery-non-static kb-gallery-type-grid kb-gallery-id-14056_bdefad-e7 kb-gallery-caption-style-below kb-gallery-filter-none\" data-image-filter=\"none\" data-item-selector=\".kadence-blocks-gallery-item\" data-lightbox-caption=\"true\" data-columns-xxl=\"5\" data-columns-xl=\"5\" data-columns-md=\"5\" data-columns-sm=\"4\" data-columns-xs=\"4\" data-columns-ss=\"3\"><li class=\"kadence-blocks-gallery-item\"><div class=\"kadence-blocks-gallery-item-inner\"><figure class=\"kb-gallery-figure kb-gallery-item-has-link kadence-blocks-gallery-item-has-caption\" style=\"max-width:599px;\"><a href=\"https:\/\/snowwhitemuseum.com\/merchandising\/books\/finnish-books\/lumikki-ja-seitseman-kaapiota-kuvataide\/\" class=\"kb-gallery-item-link\"  ><div class=\"kb-gal-image-radius\" style=\"max-width:599px;\"><div class=\"kb-gallery-image-contain kadence-blocks-gallery-intrinsic kb-gallery-image-ratio-inherit kb-has-image-ratio-inherit\" style=\"padding-bottom:125%;\"><img loading=\"lazy\" decoding=\"async\" src=\"https:\/\/snowwhitemuseum.com\/wp-content\/uploads\/2025\/02\/1946-Lumikki-ja-seitseman-kaapiota-Kuvataide-01.jpg\" width=\"599\" height=\"753\" alt=\"\" data-full-image=\"https:\/\/snowwhitemuseum.com\/wp-content\/uploads\/2025\/02\/1946-Lumikki-ja-seitseman-kaapiota-Kuvataide-01.jpg\" data-light-image=\"https:\/\/snowwhitemuseum.com\/wp-content\/uploads\/2025\/02\/1946-Lumikki-ja-seitseman-kaapiota-Kuvataide-01.jpg\" data-id=\"14057\" class=\"wp-image-14057\" srcset=\"https:\/\/snowwhitemuseum.com\/wp-content\/uploads\/2025\/02\/1946-Lumikki-ja-seitseman-kaapiota-Kuvataide-01.jpg 599w, https:\/\/snowwhitemuseum.com\/wp-content\/uploads\/2025\/02\/1946-Lumikki-ja-seitseman-kaapiota-Kuvataide-01-239x300.jpg 239w, https:\/\/snowwhitemuseum.com\/wp-content\/uploads\/2025\/02\/1946-Lumikki-ja-seitseman-kaapiota-Kuvataide-01-10x12.jpg 10w\" sizes=\"auto, (max-width: 599px) 100vw, 599px\" \/><\/div><\/div><div class=\"kadence-blocks-gallery-item__caption\">Lumikki ja seitsem\u00e4n k\u00e4\u00e4pi\u00f6t\u00e4 (Kuvataide)<\/div><\/a><\/figure><\/div><\/li><\/ul><\/div>","protected":false},"excerpt":{"rendered":"<p>Storybooks Here are some of the books published in Finland that tell the story of Snow White and the Seven Dwarfs.<\/p>","protected":false},"author":1,"featured_media":14057,"parent":1915,"menu_order":0,"comment_status":"closed","ping_status":"closed","template":"","meta":{"_kadence_starter_templates_imported_post":false,"_kad_post_transparent":"","_kad_post_title":"","_kad_post_layout":"","_kad_post_sidebar_id":"","_kad_post_content_style":"","_kad_post_vertical_padding":"","_kad_post_feature":"","_kad_post_feature_position":"","_kad_post_header":false,"_kad_post_footer":false,"_kad_post_classname":"","footnotes":""},"class_list":["post-14056","page","type-page","status-publish","has-post-thumbnail","hentry"],"aioseo_notices":[],"_links":{"self":[{"href":"https:\/\/snowwhitemuseum.com\/fr\/wp-json\/wp\/v2\/pages\/14056","targetHints":{"allow":["GET"]}}],"collection":[{"href":"https:\/\/snowwhitemuseum.com\/fr\/wp-json\/wp\/v2\/pages"}],"about":[{"href":"https:\/\/snowwhitemuseum.com\/fr\/wp-json\/wp\/v2\/types\/page"}],"author":[{"embeddable":true,"href":"https:\/\/snowwhitemuseum.com\/fr\/wp-json\/wp\/v2\/users\/1"}],"replies":[{"embeddable":true,"href":"https:\/\/snowwhitemuseum.com\/fr\/wp-json\/wp\/v2\/comments?post=14056"}],"version-history":[{"count":3,"href":"https:\/\/snowwhitemuseum.com\/fr\/wp-json\/wp\/v2\/pages\/14056\/revisions"}],"predecessor-version":[{"id":14092,"href":"https:\/\/snowwhitemuseum.com\/fr\/wp-json\/wp\/v2\/pages\/14056\/revisions\/14092"}],"up":[{"embeddable":true,"href":"https:\/\/snowwhitemuseum.com\/fr\/wp-json\/wp\/v2\/pages\/1915"}],"wp:featuredmedia":[{"embeddable":true,"href":"https:\/\/snowwhitemuseum.com\/fr\/wp-json\/wp\/v2\/media\/14057"}],"wp:attachment":[{"href":"https:\/\/snowwhitemuseum.com\/fr\/wp-json\/wp\/v2\/media?parent=14056"}],"curies":[{"name":"wp","href":"https:\/\/api.w.org\/{rel}","templated":true}]}}