{"id":14186,"date":"2025-02-12T21:11:15","date_gmt":"2025-02-12T20:11:15","guid":{"rendered":"https:\/\/snowwhitemuseum.com\/?page_id=14186"},"modified":"2025-02-12T21:12:01","modified_gmt":"2025-02-12T20:12:01","slug":"icelandic-records","status":"publish","type":"page","link":"https:\/\/snowwhitemuseum.com\/fr\/merchandising\/records\/icelandic-records\/","title":{"rendered":"Disques islandais"},"content":{"rendered":"<style>.wp-block-kadence-advancedbtn.kb-btns14186_0fffda-8a{gap:var(--global-kb-gap-xs, 0.5rem );justify-content:center;align-items:center;}.kt-btns14186_0fffda-8a .kt-button{font-weight:normal;font-style:normal;}.kt-btns14186_0fffda-8a .kt-btn-wrap-0{margin-right:5px;}.wp-block-kadence-advancedbtn.kt-btns14186_0fffda-8a .kt-btn-wrap-0 .kt-button{color:#555555;border-color:#555555;}.wp-block-kadence-advancedbtn.kt-btns14186_0fffda-8a .kt-btn-wrap-0 .kt-button:hover, .wp-block-kadence-advancedbtn.kt-btns14186_0fffda-8a .kt-btn-wrap-0 .kt-button:focus{color:#ffffff;border-color:#444444;}.wp-block-kadence-advancedbtn.kt-btns14186_0fffda-8a .kt-btn-wrap-0 .kt-button::before{display:none;}.wp-block-kadence-advancedbtn.kt-btns14186_0fffda-8a .kt-btn-wrap-0 .kt-button:hover, .wp-block-kadence-advancedbtn.kt-btns14186_0fffda-8a .kt-btn-wrap-0 .kt-button:focus{background:#444444;}<\/style>\n<div class=\"wp-block-kadence-advancedbtn kb-buttons-wrap kb-btns14186_0fffda-8a\"><style>ul.menu .wp-block-kadence-advancedbtn .kb-btn14186_9aeff8-a6.kb-button{width:initial;}<\/style><a class=\"kb-button kt-button button kb-btn14186_9aeff8-a6 kt-btn-size-standard kt-btn-width-type-auto kb-btn-global-fill  kt-btn-has-text-true kt-btn-has-svg-false  wp-block-kadence-singlebtn\" href=\"https:\/\/snowwhitemuseum.com\/merchandising\/records\/\"><span class=\"kt-btn-inner-text\">Back to Records<\/span><\/a><\/div>\n\n\n\n<p>Here are the various Icelandic records, tapes, CDs with the soundtrack, or stories or songs of <em>Snow White and the Seven Dwarfs.<\/em><\/p>\n\n\n<style>.wp-block-kadence-advancedheading.kt-adv-heading14186_a89d3d-87, .wp-block-kadence-advancedheading.kt-adv-heading14186_a89d3d-87[data-kb-block=\"kb-adv-heading14186_a89d3d-87\"]{font-style:normal;}.wp-block-kadence-advancedheading.kt-adv-heading14186_a89d3d-87 mark.kt-highlight, .wp-block-kadence-advancedheading.kt-adv-heading14186_a89d3d-87[data-kb-block=\"kb-adv-heading14186_a89d3d-87\"] mark.kt-highlight{font-style:normal;color:#f76a0c;-webkit-box-decoration-break:clone;box-decoration-break:clone;padding-top:0px;padding-right:0px;padding-bottom:0px;padding-left:0px;}.wp-block-kadence-advancedheading.kt-adv-heading14186_a89d3d-87 img.kb-inline-image, .wp-block-kadence-advancedheading.kt-adv-heading14186_a89d3d-87[data-kb-block=\"kb-adv-heading14186_a89d3d-87\"] img.kb-inline-image{width:150px;vertical-align:baseline;}<\/style>\n<h2 class=\"kt-adv-heading14186_a89d3d-87 wp-block-kadence-advancedheading\" data-kb-block=\"kb-adv-heading14186_a89d3d-87\">Stories<\/h2>\n\n\n<style>.wp-block-kadence-advancedgallery .kb-gallery-type-grid.kb-gallery-id-14186_7ded92-5f{margin:-5px;}.kb-gallery-type-grid.kb-gallery-id-14186_7ded92-5f .kadence-blocks-gallery-item{padding:5px;}.kb-gallery-id-14186_7ded92-5f .kadence-blocks-gallery-item .kb-gal-image-radius, .kb-gallery-id-14186_7ded92-5f .kb-slide-item .kb-gal-image-radius img{border-radius:0px 0px 0px 0px;;}.kb-gallery-caption-style-cover-hover.kb-gallery-id-14186_7ded92-5f .kadence-blocks-gallery-item .kadence-blocks-gallery-item-inner .kadence-blocks-gallery-item__caption, .kb-gallery-caption-style-below.kb-gallery-id-14186_7ded92-5f .kadence-blocks-gallery-item .kadence-blocks-gallery-item-inner .kadence-blocks-gallery-item__caption{background:rgba(0, 0, 0, 0.8);}<\/style><div class=\"kb-gallery-wrap-id-14186_7ded92-5f alignnone wp-block-kadence-advancedgallery\" id=\"sequencesart\"><ul class=\"kb-gallery-ul kb-gallery-non-static kb-gallery-type-grid kb-gallery-id-14186_7ded92-5f kb-gallery-caption-style-below kb-gallery-filter-none\" data-image-filter=\"none\" data-item-selector=\".kadence-blocks-gallery-item\" data-lightbox-caption=\"true\" data-columns-xxl=\"5\" data-columns-xl=\"5\" data-columns-md=\"5\" data-columns-sm=\"4\" data-columns-xs=\"4\" data-columns-ss=\"3\"><li class=\"kadence-blocks-gallery-item\"><div class=\"kadence-blocks-gallery-item-inner\"><figure class=\"kb-gallery-figure kb-gallery-item-has-link kadence-blocks-gallery-item-has-caption\" style=\"max-width:753px;\"><a href=\"https:\/\/snowwhitemuseum.com\/merchandising\/records\/icelandic-records\/mjallhvit-og-dvergarnir-sjo-icelandic-lp-d-301-sg-hljomplotur\/\" class=\"kb-gallery-item-link\"  ><div class=\"kb-gal-image-radius\" style=\"max-width:753px;\"><div class=\"kb-gallery-image-contain kadence-blocks-gallery-intrinsic kb-gallery-image-ratio-inherit kb-has-image-ratio-inherit\" style=\"padding-bottom:100%;\"><img loading=\"lazy\" decoding=\"async\" src=\"https:\/\/snowwhitemuseum.com\/wp-content\/uploads\/2025\/02\/Mjallhvit-Og-Dvergarnir-Sjo-Icelandic-LP-D-301-01.jpg\" width=\"753\" height=\"753\" alt=\"\" data-full-image=\"https:\/\/snowwhitemuseum.com\/wp-content\/uploads\/2025\/02\/Mjallhvit-Og-Dvergarnir-Sjo-Icelandic-LP-D-301-01.jpg\" data-light-image=\"https:\/\/snowwhitemuseum.com\/wp-content\/uploads\/2025\/02\/Mjallhvit-Og-Dvergarnir-Sjo-Icelandic-LP-D-301-01.jpg\" data-id=\"14164\" class=\"wp-image-14164\" srcset=\"https:\/\/snowwhitemuseum.com\/wp-content\/uploads\/2025\/02\/Mjallhvit-Og-Dvergarnir-Sjo-Icelandic-LP-D-301-01.jpg 753w, https:\/\/snowwhitemuseum.com\/wp-content\/uploads\/2025\/02\/Mjallhvit-Og-Dvergarnir-Sjo-Icelandic-LP-D-301-01-300x300.jpg 300w, https:\/\/snowwhitemuseum.com\/wp-content\/uploads\/2025\/02\/Mjallhvit-Og-Dvergarnir-Sjo-Icelandic-LP-D-301-01-150x150.jpg 150w, https:\/\/snowwhitemuseum.com\/wp-content\/uploads\/2025\/02\/Mjallhvit-Og-Dvergarnir-Sjo-Icelandic-LP-D-301-01-12x12.jpg 12w\" sizes=\"auto, (max-width: 753px) 100vw, 753px\" \/><\/div><\/div><div class=\"kadence-blocks-gallery-item__caption\">Mjallhv\u00edt Og Dvergarnir Sj\u00f6 (D-301 SG-Hlj\u00f3mpl\u00f6tur) &#8211; 1978<\/div><\/a><\/figure><\/div><\/li><\/ul><\/div>","protected":false},"excerpt":{"rendered":"<p>Here are the various Icelandic records, tapes, CDs with the soundtrack, or stories or songs of Snow White and the Seven Dwarfs. Stories<\/p>","protected":false},"author":1,"featured_media":14164,"parent":1921,"menu_order":0,"comment_status":"closed","ping_status":"closed","template":"","meta":{"_kadence_starter_templates_imported_post":false,"_kad_post_transparent":"","_kad_post_title":"","_kad_post_layout":"","_kad_post_sidebar_id":"","_kad_post_content_style":"","_kad_post_vertical_padding":"","_kad_post_feature":"","_kad_post_feature_position":"","_kad_post_header":false,"_kad_post_footer":false,"_kad_post_classname":"","footnotes":""},"class_list":["post-14186","page","type-page","status-publish","has-post-thumbnail","hentry"],"aioseo_notices":[],"_links":{"self":[{"href":"https:\/\/snowwhitemuseum.com\/fr\/wp-json\/wp\/v2\/pages\/14186","targetHints":{"allow":["GET"]}}],"collection":[{"href":"https:\/\/snowwhitemuseum.com\/fr\/wp-json\/wp\/v2\/pages"}],"about":[{"href":"https:\/\/snowwhitemuseum.com\/fr\/wp-json\/wp\/v2\/types\/page"}],"author":[{"embeddable":true,"href":"https:\/\/snowwhitemuseum.com\/fr\/wp-json\/wp\/v2\/users\/1"}],"replies":[{"embeddable":true,"href":"https:\/\/snowwhitemuseum.com\/fr\/wp-json\/wp\/v2\/comments?post=14186"}],"version-history":[{"count":2,"href":"https:\/\/snowwhitemuseum.com\/fr\/wp-json\/wp\/v2\/pages\/14186\/revisions"}],"predecessor-version":[{"id":14189,"href":"https:\/\/snowwhitemuseum.com\/fr\/wp-json\/wp\/v2\/pages\/14186\/revisions\/14189"}],"up":[{"embeddable":true,"href":"https:\/\/snowwhitemuseum.com\/fr\/wp-json\/wp\/v2\/pages\/1921"}],"wp:featuredmedia":[{"embeddable":true,"href":"https:\/\/snowwhitemuseum.com\/fr\/wp-json\/wp\/v2\/media\/14164"}],"wp:attachment":[{"href":"https:\/\/snowwhitemuseum.com\/fr\/wp-json\/wp\/v2\/media?parent=14186"}],"curies":[{"name":"wp","href":"https:\/\/api.w.org\/{rel}","templated":true}]}}