{"id":14431,"date":"2025-02-24T17:20:31","date_gmt":"2025-02-24T16:20:31","guid":{"rendered":"https:\/\/snowwhitemuseum.com\/?page_id=14431"},"modified":"2025-04-29T13:49:20","modified_gmt":"2025-04-29T11:49:20","slug":"branca-de-neve-e-os-sete-anoes-continental-30-103-4","status":"publish","type":"page","link":"https:\/\/snowwhitemuseum.com\/fr\/merchandising\/records\/brazilian-records\/branca-de-neve-e-os-sete-anoes-continental-30-103-4\/","title":{"rendered":"Branca de Neve e os sete an\u00f5es (Continental 30.103-4)"},"content":{"rendered":"<style>.wp-block-kadence-column.kb-section-dir-horizontal > .kt-inside-inner-col > .kt-info-box14431_fb94bc-56 .kt-blocks-info-box-link-wrap{max-width:unset;}.kt-info-box14431_fb94bc-56 .kt-blocks-info-box-link-wrap{border-top:0px solid transparent;border-right:0px solid transparent;border-bottom:0px solid transparent;border-left:0px solid transparent;padding-top:var(--global-kb-spacing-xs, 1rem);padding-right:var(--global-kb-spacing-xs, 1rem);padding-bottom:var(--global-kb-spacing-xs, 1rem);padding-left:var(--global-kb-spacing-xs, 1rem);}.kt-info-box14431_fb94bc-56 .kadence-info-box-icon-container .kt-info-svg-icon, .kt-info-box14431_fb94bc-56 .kt-info-svg-icon-flip, .kt-info-box14431_fb94bc-56 .kt-blocks-info-box-number{font-size:50px;}.kt-info-box14431_fb94bc-56 .kt-blocks-info-box-media{border-color:var(--global-palette7, #eeeeee);border-top-width:0px;border-right-width:0px;border-bottom-width:0px;border-left-width:0px;padding-top:10px;padding-right:10px;padding-bottom:10px;padding-left:10px;}.kt-info-box14431_fb94bc-56 .kt-blocks-info-box-media-container{margin-top:0px;margin-right:15px;margin-bottom:0px;margin-left:15px;}.kt-info-box14431_fb94bc-56 .kt-infobox-textcontent h2.kt-blocks-info-box-title{padding-top:0px;padding-right:0px;padding-bottom:0px;padding-left:0px;margin-top:5px;margin-right:0px;margin-bottom:10px;margin-left:0px;}.kt-info-box14431_fb94bc-56 .kt-blocks-info-box-learnmore{background:transparent;border-width:0px 0px 0px 0px;padding-top:4px;padding-right:8px;padding-bottom:4px;padding-left:8px;margin-top:10px;margin-right:0px;margin-bottom:10px;margin-left:0px;}@media all and (max-width: 1024px){.kt-info-box14431_fb94bc-56 .kt-blocks-info-box-link-wrap{border-top:0px solid transparent;border-right:0px solid transparent;border-bottom:0px solid transparent;border-left:0px solid transparent;}}@media all and (max-width: 767px){.kt-info-box14431_fb94bc-56 .kt-blocks-info-box-link-wrap{border-top:0px solid transparent;border-right:0px solid transparent;border-bottom:0px solid transparent;border-left:0px solid transparent;}}<\/style>\n<div class=\"wp-block-kadence-infobox kt-info-box14431_fb94bc-56\"><div class=\"kt-blocks-info-box-link-wrap kt-blocks-info-box-media-align-top kt-info-halign-center\"><div class=\"kt-blocks-info-box-media-container\"><div class=\"kt-blocks-info-box-media kt-info-media-animate-none\"><div class=\"kadence-info-box-icon-container kt-info-icon-animate-none\"><div class=\"kadence-info-box-icon-inner-container\"><span class=\"kb-svg-icon-wrap kb-svg-icon-fe_music kt-info-svg-icon\"><svg viewBox=\"0 0 24 24\"  fill=\"none\" stroke=\"currentColor\" stroke-width=\"2\" stroke-linecap=\"round\" stroke-linejoin=\"round\" xmlns=\"http:\/\/www.w3.org\/2000\/svg\"  aria-hidden=\"true\"><path d=\"M9 17H5a2 2 0 0 0-2 2 2 2 0 0 0 2 2h2a2 2 0 0 0 2-2zm12-2h-4a2 2 0 0 0-2 2 2 2 0 0 0 2 2h2a2 2 0 0 0 2-2z\"\/><polyline points=\"9 17 9 5 21 3 21 15\"\/><\/svg><\/span><\/div><\/div><\/div><\/div><div class=\"kt-infobox-textcontent\"><h2 class=\"kt-blocks-info-box-title\">Production information<\/h2><p class=\"kt-blocks-info-box-text\"><strong>Produced by<\/strong> Grava\u00e7\u00f5es El\u00e9tricas Ltda.<br><strong>Manufacturer:<\/strong> Byington &amp; Co.<br><strong>Record production number:<\/strong> Continental 30.103 &amp; 30.104<br><strong>Release date:<\/strong> December 1948<br><strong>Country of production:<\/strong> Brazil<br><strong>Format:<\/strong> monophonic<br><strong>Duration:<\/strong> 18 minutes 20 seconds<br><strong>Text adaptation:<\/strong> Jo\u00e3o De Barro<br><strong>Orchestra and chorus conductor:<\/strong> Guerra Peixe (Os Trovadores Choir)<br><strong>Composed by<\/strong> <a href=\"https:\/\/snowwhitemuseum.com\/about-the-film\/main-titles\/frank-churchill\/\" title=\"Frank Churchill\">Frank Churchill<\/a>, <a href=\"https:\/\/snowwhitemuseum.com\/about-the-film\/main-titles\/leigh-harline\/\" title=\"Leigh Harline\">Leigh Harline<\/a>, <a href=\"https:\/\/snowwhitemuseum.com\/about-the-film\/main-titles\/larry-morey\/\" title=\"Larry Morey\">Larry Morey<\/a>, and <a href=\"https:\/\/snowwhitemuseum.com\/about-the-film\/main-titles\/paul-j-smith\/\">Paul J. Smith<\/a><br><br><strong>Cast<\/strong><br><strong>Narrator:<\/strong> Olga Nobre<br><strong>Branca de Neve (Snow White):<\/strong> Dalva De Oliveira<br><strong>Prince:<\/strong> Carlos Galhardo<br><strong>Queen:<\/strong> Sarah Nobre<br><strong>Magic Mirror:<\/strong> Saint-Clair Lopes<br><strong>Huntsman:<\/strong> Arnaldo Amaral<br><strong>Dwarfs:<\/strong> Ant\u00f4nio Nobre, Chocolate, Jos\u00e9 Vasconcellos, Oscar Nobre, Jos\u00e9 Trindade, Dilmar Thompson &amp; Nelson Nobre<br><br><a href=\"https:\/\/snowwhitemuseum.com\/merchandising\/records\/brazilian-records\/\" title=\"Brazilian Records\">Back to Brazilian Records<\/a><\/p><\/div><\/div><\/div>\n\n\n<style>.kb-row-layout-id14431_5d189f-f9 > .kt-row-column-wrap{align-content:start;}:where(.kb-row-layout-id14431_5d189f-f9 > .kt-row-column-wrap) > .wp-block-kadence-column{justify-content:start;}.kb-row-layout-id14431_5d189f-f9 > .kt-row-column-wrap{column-gap:var(--global-kb-gap-md, 2rem);row-gap:var(--global-kb-gap-md, 2rem);padding-top:var(--global-kb-spacing-sm, 1.5rem);padding-bottom:var(--global-kb-spacing-sm, 1.5rem);grid-template-columns:minmax(0, 1fr) minmax(0, 2fr);}.kb-row-layout-id14431_5d189f-f9 > .kt-row-layout-overlay{opacity:0.30;}@media all and (max-width: 1024px){.kb-row-layout-id14431_5d189f-f9 > .kt-row-column-wrap{grid-template-columns:minmax(0, 1fr) minmax(0, 2fr);}}@media all and (max-width: 767px){.kb-row-layout-id14431_5d189f-f9 > .kt-row-column-wrap{grid-template-columns:minmax(0, 1fr);}}<\/style><div class=\"kb-row-layout-wrap kb-row-layout-id14431_5d189f-f9 alignnone wp-block-kadence-rowlayout\"><div class=\"kt-row-column-wrap kt-has-2-columns kt-row-layout-right-golden kt-tab-layout-inherit kt-mobile-layout-row kt-row-valign-top\">\n<style>.kadence-column14431_e856a1-fa > .kt-inside-inner-col,.kadence-column14431_e856a1-fa > .kt-inside-inner-col:before{border-top-left-radius:0px;border-top-right-radius:0px;border-bottom-right-radius:0px;border-bottom-left-radius:0px;}.kadence-column14431_e856a1-fa > .kt-inside-inner-col{column-gap:var(--global-kb-gap-sm, 1rem);}.kadence-column14431_e856a1-fa > .kt-inside-inner-col{flex-direction:column;}.kadence-column14431_e856a1-fa > .kt-inside-inner-col > .aligncenter{width:100%;}.kadence-column14431_e856a1-fa > .kt-inside-inner-col:before{opacity:0.3;}.kadence-column14431_e856a1-fa{position:relative;}@media all and (max-width: 1024px){.kadence-column14431_e856a1-fa > .kt-inside-inner-col{flex-direction:column;justify-content:center;}}@media all and (max-width: 767px){.kadence-column14431_e856a1-fa > .kt-inside-inner-col{flex-direction:column;justify-content:center;}}<\/style>\n<div class=\"wp-block-kadence-column kadence-column14431_e856a1-fa\"><div class=\"kt-inside-inner-col\">\n<figure class=\"wp-block-image size-full\"><img loading=\"lazy\" decoding=\"async\" width=\"781\" height=\"781\" src=\"https:\/\/snowwhitemuseum.com\/wp-content\/uploads\/2025\/02\/1945-12-Branca-De-Neve-Continental-30.104-cover.jpg\" alt=\"\" class=\"wp-image-14427\" srcset=\"https:\/\/snowwhitemuseum.com\/wp-content\/uploads\/2025\/02\/1945-12-Branca-De-Neve-Continental-30.104-cover.jpg 781w, https:\/\/snowwhitemuseum.com\/wp-content\/uploads\/2025\/02\/1945-12-Branca-De-Neve-Continental-30.104-cover-300x300.jpg 300w, https:\/\/snowwhitemuseum.com\/wp-content\/uploads\/2025\/02\/1945-12-Branca-De-Neve-Continental-30.104-cover-150x150.jpg 150w, https:\/\/snowwhitemuseum.com\/wp-content\/uploads\/2025\/02\/1945-12-Branca-De-Neve-Continental-30.104-cover-768x768.jpg 768w, https:\/\/snowwhitemuseum.com\/wp-content\/uploads\/2025\/02\/1945-12-Branca-De-Neve-Continental-30.104-cover-12x12.jpg 12w\" sizes=\"auto, (max-width: 781px) 100vw, 781px\" \/><figcaption class=\"wp-element-caption\">Branca de Neve e os sete an\u00f5es  (Continental 30.103-4)<\/figcaption><\/figure>\n<\/div><\/div>\n\n\n<style>.kadence-column14431_63b09f-05 > .kt-inside-inner-col,.kadence-column14431_63b09f-05 > .kt-inside-inner-col:before{border-top-left-radius:0px;border-top-right-radius:0px;border-bottom-right-radius:0px;border-bottom-left-radius:0px;}.kadence-column14431_63b09f-05 > .kt-inside-inner-col{column-gap:var(--global-kb-gap-sm, 1rem);}.kadence-column14431_63b09f-05 > .kt-inside-inner-col{flex-direction:column;}.kadence-column14431_63b09f-05 > .kt-inside-inner-col > .aligncenter{width:100%;}.kadence-column14431_63b09f-05 > .kt-inside-inner-col:before{opacity:0.3;}.kadence-column14431_63b09f-05{position:relative;}@media all and (max-width: 1024px){.kadence-column14431_63b09f-05 > .kt-inside-inner-col{flex-direction:column;justify-content:center;}}@media all and (max-width: 767px){.kadence-column14431_63b09f-05 > .kt-inside-inner-col{flex-direction:column;justify-content:center;}}<\/style>\n<div class=\"wp-block-kadence-column kadence-column14431_63b09f-05\"><div class=\"kt-inside-inner-col\"><style>.wp-block-kadence-advancedheading.kt-adv-heading14431_75e416-ae, .wp-block-kadence-advancedheading.kt-adv-heading14431_75e416-ae[data-kb-block=\"kb-adv-heading14431_75e416-ae\"]{font-style:normal;}.wp-block-kadence-advancedheading.kt-adv-heading14431_75e416-ae mark.kt-highlight, .wp-block-kadence-advancedheading.kt-adv-heading14431_75e416-ae[data-kb-block=\"kb-adv-heading14431_75e416-ae\"] mark.kt-highlight{font-style:normal;color:#f76a0c;-webkit-box-decoration-break:clone;box-decoration-break:clone;padding-top:0px;padding-right:0px;padding-bottom:0px;padding-left:0px;}.wp-block-kadence-advancedheading.kt-adv-heading14431_75e416-ae img.kb-inline-image, .wp-block-kadence-advancedheading.kt-adv-heading14431_75e416-ae[data-kb-block=\"kb-adv-heading14431_75e416-ae\"] img.kb-inline-image{width:150px;vertical-align:baseline;}<\/style>\n<h2 class=\"kt-adv-heading14431_75e416-ae wp-block-kadence-advancedheading\" data-kb-block=\"kb-adv-heading14431_75e416-ae\">Continental presents Branca de Neve<\/h2>\n\n\n\n<p>This album of two 78 rpm shellac discs contains the story of <em>Snow White and the Seven Dwarfs<\/em>, told in four parts by Olga Nobre.. The discs are housed in a blue sleeve featuring the heads of the title characters in a circle reminiscent of the shape of discs, at the center of which are two bells surrounded by holly. This record seems to have been released in December 1948, just in time to become the ideal Christmas gift.<\/p>\n\n\n\n<p>The story was re-recorded a few years later with a partially different cast and a color cover.<\/p>\n<\/div><\/div>\n\n<\/div><\/div>\n\n<style>.kb-row-layout-id14431_4b5137-07 > .kt-row-column-wrap{align-content:start;}:where(.kb-row-layout-id14431_4b5137-07 > .kt-row-column-wrap) > .wp-block-kadence-column{justify-content:start;}.kb-row-layout-id14431_4b5137-07 > .kt-row-column-wrap{column-gap:var(--global-kb-gap-md, 2rem);row-gap:var(--global-kb-gap-md, 2rem);padding-top:var(--global-kb-spacing-sm, 1.5rem);padding-bottom:var(--global-kb-spacing-sm, 1.5rem);grid-template-columns:minmax(0, 2fr) minmax(0, 1fr);}.kb-row-layout-id14431_4b5137-07 > .kt-row-layout-overlay{opacity:0.30;}@media all and (max-width: 1024px){.kb-row-layout-id14431_4b5137-07 > .kt-row-column-wrap{grid-template-columns:minmax(0, 2fr) minmax(0, 1fr);}}@media all and (max-width: 767px){.kb-row-layout-id14431_4b5137-07 > .kt-row-column-wrap{grid-template-columns:minmax(0, 1fr);}.kb-row-layout-id14431_4b5137-07 > .kt-row-column-wrap > .wp-block-kadence-column:nth-child(1 of *:not(style)){order:2;}.kb-row-layout-id14431_4b5137-07 > .kt-row-column-wrap > .wp-block-kadence-column:nth-child(2 of *:not(style)){order:1;}.kb-row-layout-id14431_4b5137-07 > .kt-row-column-wrap > .wp-block-kadence-column:nth-child(3 of *:not(style)){order:12;}.kb-row-layout-id14431_4b5137-07 > .kt-row-column-wrap > .wp-block-kadence-column:nth-child(4 of *:not(style)){order:11;}.kb-row-layout-id14431_4b5137-07 > .kt-row-column-wrap > .wp-block-kadence-column:nth-child(5 of *:not(style)){order:22;}.kb-row-layout-id14431_4b5137-07 > .kt-row-column-wrap > .wp-block-kadence-column:nth-child(6 of *:not(style)){order:21;}.kb-row-layout-id14431_4b5137-07 > .kt-row-column-wrap > .wp-block-kadence-column:nth-child(7 of *:not(style)){order:32;}.kb-row-layout-id14431_4b5137-07 > .kt-row-column-wrap > .wp-block-kadence-column:nth-child(8 of *:not(style)){order:31;}}<\/style><div class=\"kb-row-layout-wrap kb-row-layout-id14431_4b5137-07 alignnone wp-block-kadence-rowlayout\"><div class=\"kt-row-column-wrap kt-has-2-columns kt-row-layout-left-golden kt-tab-layout-inherit kt-mobile-layout-row kt-row-valign-top\">\n<style>.kadence-column14431_dc17dd-18 > .kt-inside-inner-col,.kadence-column14431_dc17dd-18 > .kt-inside-inner-col:before{border-top-left-radius:0px;border-top-right-radius:0px;border-bottom-right-radius:0px;border-bottom-left-radius:0px;}.kadence-column14431_dc17dd-18 > .kt-inside-inner-col{column-gap:var(--global-kb-gap-sm, 1rem);}.kadence-column14431_dc17dd-18 > .kt-inside-inner-col{flex-direction:column;}.kadence-column14431_dc17dd-18 > .kt-inside-inner-col > .aligncenter{width:100%;}.kadence-column14431_dc17dd-18 > .kt-inside-inner-col:before{opacity:0.3;}.kadence-column14431_dc17dd-18{position:relative;}@media all and (max-width: 1024px){.kadence-column14431_dc17dd-18 > .kt-inside-inner-col{flex-direction:column;justify-content:center;}}@media all and (max-width: 767px){.kadence-column14431_dc17dd-18 > .kt-inside-inner-col{flex-direction:column;justify-content:center;}}<\/style>\n<div class=\"wp-block-kadence-column kadence-column14431_dc17dd-18\"><div class=\"kt-inside-inner-col\">\n<p>The cast is listed on the back cover, along with the name of the adapter and conductor. Below this list are the lyrics of the songs heard on the recording: Com um sorriso e uma can\u00e7ao (With a Smile and a Song), Uma can\u00e7ao (One Song), Eu quero&#8230; (I\u2019m Wishing), Eu vou, eu vou (Heigh-Ho, Heigh-Ho).<\/p>\n<\/div><\/div>\n\n\n<style>.kadence-column14431_8892b0-a7 > .kt-inside-inner-col,.kadence-column14431_8892b0-a7 > .kt-inside-inner-col:before{border-top-left-radius:0px;border-top-right-radius:0px;border-bottom-right-radius:0px;border-bottom-left-radius:0px;}.kadence-column14431_8892b0-a7 > .kt-inside-inner-col{column-gap:var(--global-kb-gap-sm, 1rem);}.kadence-column14431_8892b0-a7 > .kt-inside-inner-col{flex-direction:column;}.kadence-column14431_8892b0-a7 > .kt-inside-inner-col > .aligncenter{width:100%;}.kadence-column14431_8892b0-a7 > .kt-inside-inner-col:before{opacity:0.3;}.kadence-column14431_8892b0-a7{position:relative;}@media all and (max-width: 1024px){.kadence-column14431_8892b0-a7 > .kt-inside-inner-col{flex-direction:column;justify-content:center;}}@media all and (max-width: 767px){.kadence-column14431_8892b0-a7 > .kt-inside-inner-col{flex-direction:column;justify-content:center;}}<\/style>\n<div class=\"wp-block-kadence-column kadence-column14431_8892b0-a7\"><div class=\"kt-inside-inner-col\">\n<figure class=\"wp-block-image size-full\"><img loading=\"lazy\" decoding=\"async\" width=\"782\" height=\"753\" src=\"https:\/\/snowwhitemuseum.com\/wp-content\/uploads\/2025\/02\/Branca-de-Neve-e-os-sete-anoes-Continental-30.103-4-back.jpg\" alt=\"\" class=\"wp-image-14438\" srcset=\"https:\/\/snowwhitemuseum.com\/wp-content\/uploads\/2025\/02\/Branca-de-Neve-e-os-sete-anoes-Continental-30.103-4-back.jpg 782w, https:\/\/snowwhitemuseum.com\/wp-content\/uploads\/2025\/02\/Branca-de-Neve-e-os-sete-anoes-Continental-30.103-4-back-300x289.jpg 300w, https:\/\/snowwhitemuseum.com\/wp-content\/uploads\/2025\/02\/Branca-de-Neve-e-os-sete-anoes-Continental-30.103-4-back-768x740.jpg 768w, https:\/\/snowwhitemuseum.com\/wp-content\/uploads\/2025\/02\/Branca-de-Neve-e-os-sete-anoes-Continental-30.103-4-back-12x12.jpg 12w\" sizes=\"auto, (max-width: 782px) 100vw, 782px\" \/><\/figure>\n<\/div><\/div>\n\n<\/div><\/div>\n\n<style>.wp-block-kadence-advancedheading.kt-adv-heading14431_60cd4a-69, .wp-block-kadence-advancedheading.kt-adv-heading14431_60cd4a-69[data-kb-block=\"kb-adv-heading14431_60cd4a-69\"]{font-style:normal;}.wp-block-kadence-advancedheading.kt-adv-heading14431_60cd4a-69 mark.kt-highlight, .wp-block-kadence-advancedheading.kt-adv-heading14431_60cd4a-69[data-kb-block=\"kb-adv-heading14431_60cd4a-69\"] mark.kt-highlight{font-style:normal;color:#f76a0c;-webkit-box-decoration-break:clone;box-decoration-break:clone;padding-top:0px;padding-right:0px;padding-bottom:0px;padding-left:0px;}.wp-block-kadence-advancedheading.kt-adv-heading14431_60cd4a-69 img.kb-inline-image, .wp-block-kadence-advancedheading.kt-adv-heading14431_60cd4a-69[data-kb-block=\"kb-adv-heading14431_60cd4a-69\"] img.kb-inline-image{width:150px;vertical-align:baseline;}<\/style>\n<h2 class=\"kt-adv-heading14431_60cd4a-69 wp-block-kadence-advancedheading\" data-kb-block=\"kb-adv-heading14431_60cd4a-69\">Track listing<\/h2>\n\n\n\n<figure class=\"wp-block-audio\"><audio controls src=\"https:\/\/snowwhitemuseum.com\/wp-content\/uploads\/2025\/02\/01-Parte-1.mp3\"><\/audio><figcaption class=\"wp-element-caption\">Parte 1 (1.371)<\/figcaption><\/figure>\n\n\n\n<figure class=\"wp-block-audio\"><audio controls src=\"https:\/\/snowwhitemuseum.com\/wp-content\/uploads\/2025\/02\/02-Parte-2.mp3\"><\/audio><figcaption class=\"wp-element-caption\">Parte 2 (1.372)<\/figcaption><\/figure>\n\n\n\n<figure class=\"wp-block-audio\"><audio controls src=\"https:\/\/snowwhitemuseum.com\/wp-content\/uploads\/2025\/02\/03-Parte-3.mp3\"><\/audio><figcaption class=\"wp-element-caption\">Parte 3 (1.373)<\/figcaption><\/figure>\n\n\n\n<figure class=\"wp-block-audio\"><audio controls src=\"https:\/\/snowwhitemuseum.com\/wp-content\/uploads\/2025\/02\/04-Parte-4.mp3\"><\/audio><figcaption class=\"wp-element-caption\">Parte 4 (1.374)<\/figcaption><\/figure>\n","protected":false},"excerpt":{"rendered":"<p>Continental presents Branca de Neve This album of two 78 rpm shellac discs contains the story of Snow White and the Seven Dwarfs, told in four parts by Olga Nobre.. The discs are housed in a blue sleeve featuring the heads of the title characters in a circle reminiscent of the shape of discs, at&#8230;<\/p>","protected":false},"author":1,"featured_media":14427,"parent":14426,"menu_order":0,"comment_status":"closed","ping_status":"closed","template":"","meta":{"_kadence_starter_templates_imported_post":false,"_kad_post_transparent":"","_kad_post_title":"","_kad_post_layout":"","_kad_post_sidebar_id":"","_kad_post_content_style":"","_kad_post_vertical_padding":"","_kad_post_feature":"","_kad_post_feature_position":"","_kad_post_header":false,"_kad_post_footer":false,"_kad_post_classname":"","footnotes":""},"class_list":["post-14431","page","type-page","status-publish","has-post-thumbnail","hentry"],"aioseo_notices":[],"_links":{"self":[{"href":"https:\/\/snowwhitemuseum.com\/fr\/wp-json\/wp\/v2\/pages\/14431","targetHints":{"allow":["GET"]}}],"collection":[{"href":"https:\/\/snowwhitemuseum.com\/fr\/wp-json\/wp\/v2\/pages"}],"about":[{"href":"https:\/\/snowwhitemuseum.com\/fr\/wp-json\/wp\/v2\/types\/page"}],"author":[{"embeddable":true,"href":"https:\/\/snowwhitemuseum.com\/fr\/wp-json\/wp\/v2\/users\/1"}],"replies":[{"embeddable":true,"href":"https:\/\/snowwhitemuseum.com\/fr\/wp-json\/wp\/v2\/comments?post=14431"}],"version-history":[{"count":8,"href":"https:\/\/snowwhitemuseum.com\/fr\/wp-json\/wp\/v2\/pages\/14431\/revisions"}],"predecessor-version":[{"id":15327,"href":"https:\/\/snowwhitemuseum.com\/fr\/wp-json\/wp\/v2\/pages\/14431\/revisions\/15327"}],"up":[{"embeddable":true,"href":"https:\/\/snowwhitemuseum.com\/fr\/wp-json\/wp\/v2\/pages\/14426"}],"wp:featuredmedia":[{"embeddable":true,"href":"https:\/\/snowwhitemuseum.com\/fr\/wp-json\/wp\/v2\/media\/14427"}],"wp:attachment":[{"href":"https:\/\/snowwhitemuseum.com\/fr\/wp-json\/wp\/v2\/media?parent=14431"}],"curies":[{"name":"wp","href":"https:\/\/api.w.org\/{rel}","templated":true}]}}