{"id":14556,"date":"2025-03-01T18:38:47","date_gmt":"2025-03-01T17:38:47","guid":{"rendered":"https:\/\/snowwhitemuseum.com\/?page_id=14556"},"modified":"2025-03-01T18:38:48","modified_gmt":"2025-03-01T17:38:48","slug":"cy-young","status":"publish","type":"page","link":"https:\/\/snowwhitemuseum.com\/fr\/about-the-film\/main-titles\/cy-young\/","title":{"rendered":"Cy Young"},"content":{"rendered":"<style>.wp-block-kadence-column.kb-section-dir-horizontal > .kt-inside-inner-col > .kt-info-box14556_e4fe14-a8 .kt-blocks-info-box-link-wrap{max-width:unset;}.kt-info-box14556_e4fe14-a8 .kt-blocks-info-box-link-wrap{padding-top:var(--global-kb-spacing-xs, 1rem);padding-right:var(--global-kb-spacing-xs, 1rem);padding-bottom:var(--global-kb-spacing-xs, 1rem);padding-left:var(--global-kb-spacing-xs, 1rem);}.kt-info-box14556_e4fe14-a8 .kadence-info-box-icon-container .kt-info-svg-icon, .kt-info-box14556_e4fe14-a8 .kt-info-svg-icon-flip, .kt-info-box14556_e4fe14-a8 .kt-blocks-info-box-number{font-size:50px;}.kt-info-box14556_e4fe14-a8 .kt-blocks-info-box-media{border-top-width:0px;border-right-width:0px;border-bottom-width:0px;border-left-width:0px;padding-top:10px;padding-right:10px;padding-bottom:10px;padding-left:10px;}.kt-info-box14556_e4fe14-a8 .kt-blocks-info-box-media-container{margin-top:0px;margin-right:15px;margin-bottom:0px;margin-left:15px;}.kt-info-box14556_e4fe14-a8 .kt-blocks-info-box-learnmore{background:transparent;border-width:0px 0px 0px 0px;padding-top:4px;padding-right:8px;padding-bottom:4px;padding-left:8px;margin-top:10px;margin-right:0px;margin-bottom:10px;margin-left:0px;}<\/style>\n<div class=\"wp-block-kadence-infobox kt-info-box14556_e4fe14-a8\"><div class=\"kt-blocks-info-box-link-wrap kt-blocks-info-box-media-align-top kt-info-halign-center\"><div class=\"kt-blocks-info-box-media-container\"><div class=\"kt-blocks-info-box-media kt-info-media-animate-none\"><div class=\"kadence-info-box-icon-container kt-info-icon-animate-none\"><div class=\"kadence-info-box-icon-inner-container\"><span class=\"kb-svg-icon-wrap kb-svg-icon-fe_clipboard kt-info-svg-icon\"><svg viewbox=\"0 0 24 24\"  fill=\"none\" stroke=\"currentColor\" stroke-width=\"2\" stroke-linecap=\"round\" stroke-linejoin=\"round\" xmlns=\"http:\/\/www.w3.org\/2000\/svg\"  aria-hidden=\"true\"><path d=\"M16 4h2a2 2 0 0 1 2 2v14a2 2 0 0 1-2 2H6a2 2 0 0 1-2-2V6a2 2 0 0 1 2-2h2\"\/><rect x=\"8\" y=\"2\" width=\"8\" height=\"4\" rx=\"1\" ry=\"1\"\/><\/svg><\/span><\/div><\/div><\/div><\/div><div class=\"kt-infobox-textcontent\"><h2 class=\"kt-blocks-info-box-title\">Information<\/h2><p class=\"kt-blocks-info-box-text\"><strong>Nom complet :<\/strong> Cyrus Young (\u694a\u932b\u51b6)<br><strong>Naissance :<\/strong> 7 mars 1897 \u00e0 Suzhou, Chine<br><strong>Mort :<\/strong> 16 janvier 1964 \u00e0 Los Angeles, Californie<br><br><strong>Mariages :<\/strong><br>Dorolees (1934 &#8211; 1935)<br>Roberta Cole (1935 &#8211; ?)<br><br><strong>Travail sur <em>Blanche Neige :<\/em><\/strong><br>Animateur d'effets<br>A travaill\u00e9 sur toutes les s\u00e9quences<br><br><a href=\"https:\/\/snowwhitemuseum.com\/fr\/about-the-film\/main-titles\/\">Retour au G\u00e9n\u00e9rique<\/a><\/p><\/div><\/div><\/div>\n\n\n<style>.kb-row-layout-id14556_d66702-53 > .kt-row-column-wrap{align-content:start;}:where(.kb-row-layout-id14556_d66702-53 > .kt-row-column-wrap) > .wp-block-kadence-column{justify-content:start;}.kb-row-layout-id14556_d66702-53 > .kt-row-column-wrap{column-gap:var(--global-kb-gap-md, 2rem);row-gap:var(--global-kb-gap-md, 2rem);padding-top:var(--global-kb-spacing-sm, 1.5rem);padding-bottom:var(--global-kb-spacing-sm, 1.5rem);grid-template-columns:minmax(0, 1fr) minmax(0, 2fr);}.kb-row-layout-id14556_d66702-53 > .kt-row-layout-overlay{opacity:0.30;}@media all and (max-width: 1024px){.kb-row-layout-id14556_d66702-53 > .kt-row-column-wrap{grid-template-columns:minmax(0, 1fr) minmax(0, 2fr);}}@media all and (max-width: 767px){.kb-row-layout-id14556_d66702-53 > .kt-row-column-wrap{grid-template-columns:minmax(0, 1fr);}}<\/style><div class=\"kb-row-layout-wrap kb-row-layout-id14556_d66702-53 alignnone wp-block-kadence-rowlayout\"><div class=\"kt-row-column-wrap kt-has-2-columns kt-row-layout-right-golden kt-tab-layout-inherit kt-mobile-layout-row kt-row-valign-top\">\n<style>.kadence-column14556_4cf05d-d6 > .kt-inside-inner-col,.kadence-column14556_4cf05d-d6 > .kt-inside-inner-col:before{border-top-left-radius:0px;border-top-right-radius:0px;border-bottom-right-radius:0px;border-bottom-left-radius:0px;}.kadence-column14556_4cf05d-d6 > .kt-inside-inner-col{column-gap:var(--global-kb-gap-sm, 1rem);}.kadence-column14556_4cf05d-d6 > .kt-inside-inner-col{flex-direction:column;}.kadence-column14556_4cf05d-d6 > .kt-inside-inner-col > .aligncenter{width:100%;}.kadence-column14556_4cf05d-d6 > .kt-inside-inner-col:before{opacity:0.3;}.kadence-column14556_4cf05d-d6{position:relative;}@media all and (max-width: 1024px){.kadence-column14556_4cf05d-d6 > .kt-inside-inner-col{flex-direction:column;justify-content:center;}}@media all and (max-width: 767px){.kadence-column14556_4cf05d-d6 > .kt-inside-inner-col{flex-direction:column;justify-content:center;}}<\/style>\n<div class=\"wp-block-kadence-column kadence-column14556_4cf05d-d6\"><div class=\"kt-inside-inner-col\">\n<figure class=\"wp-block-image size-full\"><img loading=\"lazy\" decoding=\"async\" width=\"565\" height=\"753\" src=\"https:\/\/snowwhitemuseum.com\/wp-content\/uploads\/2025\/03\/Cy-Young-portrait.jpg\" alt=\"\" class=\"wp-image-14558\" srcset=\"https:\/\/snowwhitemuseum.com\/wp-content\/uploads\/2025\/03\/Cy-Young-portrait.jpg 565w, https:\/\/snowwhitemuseum.com\/wp-content\/uploads\/2025\/03\/Cy-Young-portrait-225x300.jpg 225w, https:\/\/snowwhitemuseum.com\/wp-content\/uploads\/2025\/03\/Cy-Young-portrait-9x12.jpg 9w\" sizes=\"auto, (max-width: 565px) 100vw, 565px\" \/><figcaption class=\"wp-element-caption\">Cy Young<\/figcaption><\/figure>\n<\/div><\/div>\n\n\n<style>.kadence-column14556_5b098d-ef > .kt-inside-inner-col,.kadence-column14556_5b098d-ef > .kt-inside-inner-col:before{border-top-left-radius:0px;border-top-right-radius:0px;border-bottom-right-radius:0px;border-bottom-left-radius:0px;}.kadence-column14556_5b098d-ef > .kt-inside-inner-col{column-gap:var(--global-kb-gap-sm, 1rem);}.kadence-column14556_5b098d-ef > .kt-inside-inner-col{flex-direction:column;}.kadence-column14556_5b098d-ef > .kt-inside-inner-col > .aligncenter{width:100%;}.kadence-column14556_5b098d-ef > .kt-inside-inner-col:before{opacity:0.3;}.kadence-column14556_5b098d-ef{position:relative;}@media all and (max-width: 1024px){.kadence-column14556_5b098d-ef > .kt-inside-inner-col{flex-direction:column;justify-content:center;}}@media all and (max-width: 767px){.kadence-column14556_5b098d-ef > .kt-inside-inner-col{flex-direction:column;justify-content:center;}}<\/style>\n<div class=\"wp-block-kadence-column kadence-column14556_5b098d-ef\"><div class=\"kt-inside-inner-col\">\n<p>Le premier travail de Cy Young aux \u00c9tats-Unis fut un court m\u00e9trage d'animation Brewster Color intitul\u00e9 <em>Le chant du printemps de Mendelssohn<\/em> en 1931, que Walt Disney admirait au point de le catapulter responsable des effets avec Ugo D'Orsi.<\/p>\n<\/div><\/div>\n\n<\/div><\/div>\n\n<style>.kb-row-layout-id14556_8d9cfd-56 > .kt-row-column-wrap{align-content:start;}:where(.kb-row-layout-id14556_8d9cfd-56 > .kt-row-column-wrap) > .wp-block-kadence-column{justify-content:start;}.kb-row-layout-id14556_8d9cfd-56 > .kt-row-column-wrap{column-gap:var(--global-kb-gap-md, 2rem);row-gap:var(--global-kb-gap-md, 2rem);padding-top:var(--global-kb-spacing-sm, 1.5rem);padding-bottom:var(--global-kb-spacing-sm, 1.5rem);}.kb-row-layout-id14556_8d9cfd-56 > .kt-row-column-wrap > div:not(.added-for-specificity){grid-column:initial;}.kb-row-layout-id14556_8d9cfd-56 > .kt-row-column-wrap{grid-template-columns:minmax(0, 1fr) minmax(0, 6fr) minmax(0, 1fr);}.kb-row-layout-id14556_8d9cfd-56 > .kt-row-layout-overlay{opacity:0.30;}@media all and (max-width: 1024px){.kb-row-layout-id14556_8d9cfd-56 > .kt-row-column-wrap > div:not(.added-for-specificity){grid-column:initial;}}@media all and (max-width: 1024px){.kb-row-layout-id14556_8d9cfd-56 > .kt-row-column-wrap{grid-template-columns:minmax(0, 1fr) minmax(0, 6fr) minmax(0, 1fr);}}@media all and (max-width: 767px){.kb-row-layout-id14556_8d9cfd-56 > .kt-row-column-wrap > div:not(.added-for-specificity){grid-column:initial;}.kb-row-layout-id14556_8d9cfd-56 > .kt-row-column-wrap{grid-template-columns:minmax(0, 1fr);}}<\/style><div class=\"kb-row-layout-wrap kb-row-layout-id14556_8d9cfd-56 alignnone wp-block-kadence-rowlayout\"><div class=\"kt-row-column-wrap kt-has-3-columns kt-row-layout-center-exwide kt-tab-layout-inherit kt-mobile-layout-row kt-row-valign-top\">\n<style>.kadence-column14556_8f70c3-ad > .kt-inside-inner-col,.kadence-column14556_8f70c3-ad > .kt-inside-inner-col:before{border-top-left-radius:0px;border-top-right-radius:0px;border-bottom-right-radius:0px;border-bottom-left-radius:0px;}.kadence-column14556_8f70c3-ad > .kt-inside-inner-col{column-gap:var(--global-kb-gap-sm, 1rem);}.kadence-column14556_8f70c3-ad > .kt-inside-inner-col{flex-direction:column;}.kadence-column14556_8f70c3-ad > .kt-inside-inner-col > .aligncenter{width:100%;}.kadence-column14556_8f70c3-ad > .kt-inside-inner-col:before{opacity:0.3;}.kadence-column14556_8f70c3-ad{position:relative;}@media all and (max-width: 1024px){.kadence-column14556_8f70c3-ad > .kt-inside-inner-col{flex-direction:column;justify-content:center;}}@media all and (max-width: 767px){.kadence-column14556_8f70c3-ad > .kt-inside-inner-col{flex-direction:column;justify-content:center;}}<\/style>\n<div class=\"wp-block-kadence-column kadence-column14556_8f70c3-ad\"><div class=\"kt-inside-inner-col\"><\/div><\/div>\n\n\n<style>.kadence-column14556_8c4163-02 > .kt-inside-inner-col,.kadence-column14556_8c4163-02 > .kt-inside-inner-col:before{border-top-left-radius:0px;border-top-right-radius:0px;border-bottom-right-radius:0px;border-bottom-left-radius:0px;}.kadence-column14556_8c4163-02 > .kt-inside-inner-col{column-gap:var(--global-kb-gap-sm, 1rem);}.kadence-column14556_8c4163-02 > .kt-inside-inner-col{flex-direction:column;}.kadence-column14556_8c4163-02 > .kt-inside-inner-col > .aligncenter{width:100%;}.kadence-column14556_8c4163-02 > .kt-inside-inner-col:before{opacity:0.3;}.kadence-column14556_8c4163-02{position:relative;}@media all and (max-width: 1024px){.kadence-column14556_8c4163-02 > .kt-inside-inner-col{flex-direction:column;justify-content:center;}}@media all and (max-width: 767px){.kadence-column14556_8c4163-02 > .kt-inside-inner-col{flex-direction:column;justify-content:center;}}<\/style>\n<div class=\"wp-block-kadence-column kadence-column14556_8c4163-02\"><div class=\"kt-inside-inner-col\">\n<figure class=\"wp-block-embed is-type-video is-provider-youtube wp-block-embed-youtube wp-embed-aspect-4-3 wp-has-aspect-ratio\"><div class=\"wp-block-embed__wrapper\">\n<iframe loading=\"lazy\" title=\"Cy Young - Mendelssohn&#039;s Spring Song (1931)\" width=\"720\" height=\"540\" src=\"https:\/\/www.youtube.com\/embed\/tuslNKB4Ixg?feature=oembed\" frameborder=\"0\" allow=\"accelerometer; autoplay; clipboard-write; encrypted-media; gyroscope; picture-in-picture; web-share\" referrerpolicy=\"strict-origin-when-cross-origin\" allowfullscreen><\/iframe>\n<\/div><\/figure>\n<\/div><\/div>\n\n\n<style>.kadence-column14556_1961e9-07 > .kt-inside-inner-col,.kadence-column14556_1961e9-07 > .kt-inside-inner-col:before{border-top-left-radius:0px;border-top-right-radius:0px;border-bottom-right-radius:0px;border-bottom-left-radius:0px;}.kadence-column14556_1961e9-07 > .kt-inside-inner-col{column-gap:var(--global-kb-gap-sm, 1rem);}.kadence-column14556_1961e9-07 > .kt-inside-inner-col{flex-direction:column;}.kadence-column14556_1961e9-07 > .kt-inside-inner-col > .aligncenter{width:100%;}.kadence-column14556_1961e9-07 > .kt-inside-inner-col:before{opacity:0.3;}.kadence-column14556_1961e9-07{position:relative;}@media all and (max-width: 1024px){.kadence-column14556_1961e9-07 > .kt-inside-inner-col{flex-direction:column;justify-content:center;}}@media all and (max-width: 767px){.kadence-column14556_1961e9-07 > .kt-inside-inner-col{flex-direction:column;justify-content:center;}}<\/style>\n<div class=\"wp-block-kadence-column kadence-column14556_1961e9-07\"><div class=\"kt-inside-inner-col\"><\/div><\/div>\n\n<\/div><\/div>","protected":false},"excerpt":{"rendered":"<p>Cy Young&#8217;s first work in the USA was a Brewster Color animated short film called Mendelssohn&#8217;s Spring Song in 1931, which Walt Disney admired so that he catapulted Young as responsible of effects with Ugo D&#8217;Orsi.<\/p>","protected":false},"author":1,"featured_media":14559,"parent":1655,"menu_order":0,"comment_status":"closed","ping_status":"closed","template":"","meta":{"_kadence_starter_templates_imported_post":false,"_kad_post_transparent":"","_kad_post_title":"","_kad_post_layout":"","_kad_post_sidebar_id":"","_kad_post_content_style":"","_kad_post_vertical_padding":"","_kad_post_feature":"","_kad_post_feature_position":"","_kad_post_header":false,"_kad_post_footer":false,"_kad_post_classname":"","footnotes":""},"class_list":["post-14556","page","type-page","status-publish","has-post-thumbnail","hentry"],"aioseo_notices":[],"_links":{"self":[{"href":"https:\/\/snowwhitemuseum.com\/fr\/wp-json\/wp\/v2\/pages\/14556","targetHints":{"allow":["GET"]}}],"collection":[{"href":"https:\/\/snowwhitemuseum.com\/fr\/wp-json\/wp\/v2\/pages"}],"about":[{"href":"https:\/\/snowwhitemuseum.com\/fr\/wp-json\/wp\/v2\/types\/page"}],"author":[{"embeddable":true,"href":"https:\/\/snowwhitemuseum.com\/fr\/wp-json\/wp\/v2\/users\/1"}],"replies":[{"embeddable":true,"href":"https:\/\/snowwhitemuseum.com\/fr\/wp-json\/wp\/v2\/comments?post=14556"}],"version-history":[{"count":2,"href":"https:\/\/snowwhitemuseum.com\/fr\/wp-json\/wp\/v2\/pages\/14556\/revisions"}],"predecessor-version":[{"id":14560,"href":"https:\/\/snowwhitemuseum.com\/fr\/wp-json\/wp\/v2\/pages\/14556\/revisions\/14560"}],"up":[{"embeddable":true,"href":"https:\/\/snowwhitemuseum.com\/fr\/wp-json\/wp\/v2\/pages\/1655"}],"wp:featuredmedia":[{"embeddable":true,"href":"https:\/\/snowwhitemuseum.com\/fr\/wp-json\/wp\/v2\/media\/14559"}],"wp:attachment":[{"href":"https:\/\/snowwhitemuseum.com\/fr\/wp-json\/wp\/v2\/media?parent=14556"}],"curies":[{"name":"wp","href":"https:\/\/api.w.org\/{rel}","templated":true}]}}