{"id":14758,"date":"2025-03-31T19:49:30","date_gmt":"2025-03-31T17:49:30","guid":{"rendered":"https:\/\/snowwhitemuseum.com\/?page_id=14758"},"modified":"2025-03-31T19:49:31","modified_gmt":"2025-03-31T17:49:31","slug":"john-lounsbery","status":"publish","type":"page","link":"https:\/\/snowwhitemuseum.com\/fr\/about-the-film\/main-titles\/john-lounsbery\/","title":{"rendered":"John Lounsbery"},"content":{"rendered":"<style>.wp-block-kadence-column.kb-section-dir-horizontal > .kt-inside-inner-col > .kt-info-box14758_29c74c-fa .kt-blocks-info-box-link-wrap{max-width:unset;}.kt-info-box14758_29c74c-fa .kt-blocks-info-box-link-wrap{padding-top:var(--global-kb-spacing-xs, 1rem);padding-right:var(--global-kb-spacing-xs, 1rem);padding-bottom:var(--global-kb-spacing-xs, 1rem);padding-left:var(--global-kb-spacing-xs, 1rem);}.kt-info-box14758_29c74c-fa .kadence-info-box-icon-container .kt-info-svg-icon, .kt-info-box14758_29c74c-fa .kt-info-svg-icon-flip, .kt-info-box14758_29c74c-fa .kt-blocks-info-box-number{font-size:50px;}.kt-info-box14758_29c74c-fa .kt-blocks-info-box-media{border-top-width:0px;border-right-width:0px;border-bottom-width:0px;border-left-width:0px;padding-top:10px;padding-right:10px;padding-bottom:10px;padding-left:10px;}.kt-info-box14758_29c74c-fa .kt-blocks-info-box-media-container{margin-top:0px;margin-right:15px;margin-bottom:0px;margin-left:15px;}.kt-info-box14758_29c74c-fa .kt-blocks-info-box-learnmore{background:transparent;border-width:0px 0px 0px 0px;padding-top:4px;padding-right:8px;padding-bottom:4px;padding-left:8px;margin-top:10px;margin-right:0px;margin-bottom:10px;margin-left:0px;}<\/style>\n<div class=\"wp-block-kadence-infobox kt-info-box14758_29c74c-fa\"><div class=\"kt-blocks-info-box-link-wrap kt-blocks-info-box-media-align-top kt-info-halign-center\"><div class=\"kt-blocks-info-box-media-container\"><div class=\"kt-blocks-info-box-media kt-info-media-animate-none\"><div class=\"kadence-info-box-icon-container kt-info-icon-animate-none\"><div class=\"kadence-info-box-icon-inner-container\"><span class=\"kb-svg-icon-wrap kb-svg-icon-fe_clipboard kt-info-svg-icon\"><svg viewbox=\"0 0 24 24\"  fill=\"none\" stroke=\"currentColor\" stroke-width=\"2\" stroke-linecap=\"round\" stroke-linejoin=\"round\" xmlns=\"http:\/\/www.w3.org\/2000\/svg\"  aria-hidden=\"true\"><path d=\"M16 4h2a2 2 0 0 1 2 2v14a2 2 0 0 1-2 2H6a2 2 0 0 1-2-2V6a2 2 0 0 1 2-2h2\"\/><rect x=\"8\" y=\"2\" width=\"8\" height=\"4\" rx=\"1\" ry=\"1\"\/><\/svg><\/span><\/div><\/div><\/div><\/div><div class=\"kt-infobox-textcontent\"><h2 class=\"kt-blocks-info-box-title\">Information<\/h2><p class=\"kt-blocks-info-box-text\"><strong>Nom complet :<\/strong> John Mitchell Lounsbery<br><strong>Naissance :<\/strong> 9 mars 1911 \u00e0 Cincinnati, Ohio<br><strong>Mort :<\/strong> 13 f\u00e9vrier 1976 \u00e0 Los Angeles, Californie<br><br><strong>Mariages :<\/strong><br>Florence Louise Hurd (7 d\u00e9cembre 1935 - 13 f\u00e9vrier 1976)<br><br><strong>A travaill\u00e9 au studio Disney entre :<\/strong><br>2 juillet 1935 - 13 f\u00e9vrier 1976<br><br><strong>Travail sur <em>Blanche Neige :<\/em><\/strong><br>Assistant r\u00e9alisateur de <a href=\"https:\/\/snowwhitemuseum.com\/fr\/about-the-film\/main-titles\/norman-ferguson\/\" title=\"Norman Ferguson\">Norman Ferguson<\/a> sur la s\u00e9quence <a href=\"https:\/\/snowwhitemuseum.com\/fr\/images\/production-art\/sequence-7a-queen-leaves-mirror-prepares-disguise\/\" title=\"Sequence 7A \u2013 Queen Leaves Mirror \u2013 Prepares Disguise\">7A<\/a> (et tr\u00e8s probablement sur d'autres s\u00e9quences mettant en sc\u00e8ne la sorci\u00e8re)<br>Animateur de <a href=\"https:\/\/snowwhitemuseum.com\/fr\/about-the-film\/the-cast\/the-queen\/\" title=\"La Reine\">la sorci\u00e8re<\/a> sur les s\u00e9quences <a href=\"https:\/\/snowwhitemuseum.com\/fr\/images\/production-art\/sequence-9a-witch-at-cauldron-prepares-apple\/\" title=\"Sequence 9A \u2013 Witch at Cauldron \u2013 Prepares Apple\">9A<\/a>, <a href=\"https:\/\/snowwhitemuseum.com\/fr\/images\/production-art\/sequence-14j-dwarfs-chase-the-queen\/\" title=\"Sequence 14J \u2013 Dwarfs Chase the Queen\">14J<\/a><br><br><a href=\"https:\/\/snowwhitemuseum.com\/fr\/about-the-film\/main-titles\/\">Retour au G\u00e9n\u00e9rique<\/a><\/p><\/div><\/div><\/div>\n\n\n<style>.kb-row-layout-id14758_07e024-00 > .kt-row-column-wrap{align-content:start;}:where(.kb-row-layout-id14758_07e024-00 > .kt-row-column-wrap) > .wp-block-kadence-column{justify-content:start;}.kb-row-layout-id14758_07e024-00 > .kt-row-column-wrap{column-gap:var(--global-kb-gap-md, 2rem);row-gap:var(--global-kb-gap-md, 2rem);padding-top:var(--global-kb-spacing-sm, 1.5rem);padding-bottom:var(--global-kb-spacing-sm, 1.5rem);grid-template-columns:minmax(0, 1fr) minmax(0, 2fr);}.kb-row-layout-id14758_07e024-00 > .kt-row-layout-overlay{opacity:0.30;}@media all and (max-width: 1024px){.kb-row-layout-id14758_07e024-00 > .kt-row-column-wrap{grid-template-columns:minmax(0, 1fr) minmax(0, 2fr);}}@media all and (max-width: 767px){.kb-row-layout-id14758_07e024-00 > .kt-row-column-wrap{grid-template-columns:minmax(0, 1fr);}}<\/style><div class=\"kb-row-layout-wrap kb-row-layout-id14758_07e024-00 alignnone wp-block-kadence-rowlayout\"><div class=\"kt-row-column-wrap kt-has-2-columns kt-row-layout-right-golden kt-tab-layout-inherit kt-mobile-layout-row kt-row-valign-top\">\n<style>.kadence-column14758_688a00-1b > .kt-inside-inner-col,.kadence-column14758_688a00-1b > .kt-inside-inner-col:before{border-top-left-radius:0px;border-top-right-radius:0px;border-bottom-right-radius:0px;border-bottom-left-radius:0px;}.kadence-column14758_688a00-1b > .kt-inside-inner-col{column-gap:var(--global-kb-gap-sm, 1rem);}.kadence-column14758_688a00-1b > .kt-inside-inner-col{flex-direction:column;}.kadence-column14758_688a00-1b > .kt-inside-inner-col > .aligncenter{width:100%;}.kadence-column14758_688a00-1b > .kt-inside-inner-col:before{opacity:0.3;}.kadence-column14758_688a00-1b{position:relative;}@media all and (max-width: 1024px){.kadence-column14758_688a00-1b > .kt-inside-inner-col{flex-direction:column;justify-content:center;}}@media all and (max-width: 767px){.kadence-column14758_688a00-1b > .kt-inside-inner-col{flex-direction:column;justify-content:center;}}<\/style>\n<div class=\"wp-block-kadence-column kadence-column14758_688a00-1b\"><div class=\"kt-inside-inner-col\">\n<figure class=\"wp-block-image size-full\"><img loading=\"lazy\" decoding=\"async\" width=\"641\" height=\"872\" src=\"https:\/\/snowwhitemuseum.com\/wp-content\/uploads\/2025\/03\/John-Lounsbery.jpg\" alt=\"\" class=\"wp-image-14962\" srcset=\"https:\/\/snowwhitemuseum.com\/wp-content\/uploads\/2025\/03\/John-Lounsbery.jpg 641w, https:\/\/snowwhitemuseum.com\/wp-content\/uploads\/2025\/03\/John-Lounsbery-221x300.jpg 221w, https:\/\/snowwhitemuseum.com\/wp-content\/uploads\/2025\/03\/John-Lounsbery-9x12.jpg 9w\" sizes=\"auto, (max-width: 641px) 100vw, 641px\" \/><figcaption class=\"wp-element-caption\">John Lounsbery<\/figcaption><\/figure>\n<\/div><\/div>\n\n\n<style>.kadence-column14758_7a7582-0a > .kt-inside-inner-col,.kadence-column14758_7a7582-0a > .kt-inside-inner-col:before{border-top-left-radius:0px;border-top-right-radius:0px;border-bottom-right-radius:0px;border-bottom-left-radius:0px;}.kadence-column14758_7a7582-0a > .kt-inside-inner-col{column-gap:var(--global-kb-gap-sm, 1rem);}.kadence-column14758_7a7582-0a > .kt-inside-inner-col{flex-direction:column;}.kadence-column14758_7a7582-0a > .kt-inside-inner-col > .aligncenter{width:100%;}.kadence-column14758_7a7582-0a > .kt-inside-inner-col:before{opacity:0.3;}.kadence-column14758_7a7582-0a{position:relative;}@media all and (max-width: 1024px){.kadence-column14758_7a7582-0a > .kt-inside-inner-col{flex-direction:column;justify-content:center;}}@media all and (max-width: 767px){.kadence-column14758_7a7582-0a > .kt-inside-inner-col{flex-direction:column;justify-content:center;}}<\/style>\n<div class=\"wp-block-kadence-column kadence-column14758_7a7582-0a\"><div class=\"kt-inside-inner-col\">\n<p>John Lounsbery (1911\u20131976) fut l\u2019un des c\u00e9l\u00e8bres \u00ab Neuf Sages \u00bb de Disney, ce groupe d\u2019animateurs pionniers qui ont fa\u00e7onn\u00e9 l\u2019\u00e2ge d\u2019or du studio. N\u00e9 \u00e0 Cincinnati, dans l\u2019Ohio, il \u00e9tudia \u00e0 l\u2019Art Institute de Denver avant de rejoindre les studios Walt Disney en 1935. Sa carri\u00e8re d\u00e9buta v\u00e9ritablement avec son travail sur <em>Blanche Neige et les sept nains<\/em>.<\/p>\n\n\n\n<p>Pendant la production de <em>Blanche Neige<\/em>, Lounsbery travailla sous la supervision de <a href=\"https:\/\/snowwhitemuseum.com\/fr\/about-the-film\/main-titles\/norman-ferguson\/\" title=\"Norman Ferguson\">Norman Ferguson<\/a>, contribuant \u00e0 l\u2019animation de <a href=\"https:\/\/snowwhitemuseum.com\/fr\/about-the-film\/the-cast\/the-queen\/\" title=\"La Reine\">la m\u00e9chante Reine<\/a> lors de sa terrifiante transformation en vieille sorci\u00e8re. Ferguson, r\u00e9put\u00e9 pour sa ma\u00eetrise du mouvement expressif et dynamique, influen\u00e7a profond\u00e9ment la d\u00e9marche artistique de Lounsbery. Ensemble, ils insuffl\u00e8rent \u00e0 la Sorci\u00e8re une troublante sensation de r\u00e9alisme : ses mains noueuses, sa silhouette vo\u00fbt\u00e9e et ses expressions malveillantes en font l\u2019une des m\u00e9chantes les plus marquantes de l\u2019histoire de l\u2019animation.<\/p>\n\n\n\n<p>Apr\u00e8s <em>Blanche Neige<\/em>, Lounsbery devint un animateur cl\u00e9 sur de nombreux classiques Disney, avant d\u2019\u00e9voluer vers des r\u00f4les de chef animateur puis de co-r\u00e9alisateur. Il contribua \u00e0 des films tels que <em>Dumbo, l\u2019\u00e9l\u00e9phant volant<\/em> (1941), <em>Cendrillon<\/em> (1950), et <em>Le livre de la jungle<\/em> (1967), insufflant personnalit\u00e9 et chaleur \u00e0 de nombreux personnages inoubliables. Son h\u00e9ritage demeure essentiel dans l\u2019histoire de l\u2019animation.<\/p>\n<\/div><\/div>\n\n<\/div><\/div>\n\n\n<figure class=\"wp-block-pullquote\"><blockquote><p>John \u00e9tait un dessinateur hors pair, capable d'imiter le style de n'importe qui.<\/p><cite>Ken Peterson<\/cite><\/blockquote><\/figure>","protected":false},"excerpt":{"rendered":"<p>John Lounsbery (1911\u20131976) was one of Disney\u2019s esteemed &#8220;Nine Old Men,&#8221; a group of pioneering animators who shaped the studio\u2019s golden age. Born in Cincinnati, Ohio, he studied at the Art Institute of Denver before joining Walt Disney Studios in 1935. His early career was defined by his work on Snow White and the Seven&#8230;<\/p>","protected":false},"author":1,"featured_media":14963,"parent":1655,"menu_order":0,"comment_status":"closed","ping_status":"closed","template":"","meta":{"_kadence_starter_templates_imported_post":false,"_kad_post_transparent":"","_kad_post_title":"","_kad_post_layout":"","_kad_post_sidebar_id":"","_kad_post_content_style":"","_kad_post_vertical_padding":"","_kad_post_feature":"","_kad_post_feature_position":"","_kad_post_header":false,"_kad_post_footer":false,"_kad_post_classname":"","footnotes":""},"class_list":["post-14758","page","type-page","status-publish","has-post-thumbnail","hentry"],"aioseo_notices":[],"_links":{"self":[{"href":"https:\/\/snowwhitemuseum.com\/fr\/wp-json\/wp\/v2\/pages\/14758","targetHints":{"allow":["GET"]}}],"collection":[{"href":"https:\/\/snowwhitemuseum.com\/fr\/wp-json\/wp\/v2\/pages"}],"about":[{"href":"https:\/\/snowwhitemuseum.com\/fr\/wp-json\/wp\/v2\/types\/page"}],"author":[{"embeddable":true,"href":"https:\/\/snowwhitemuseum.com\/fr\/wp-json\/wp\/v2\/users\/1"}],"replies":[{"embeddable":true,"href":"https:\/\/snowwhitemuseum.com\/fr\/wp-json\/wp\/v2\/comments?post=14758"}],"version-history":[{"count":6,"href":"https:\/\/snowwhitemuseum.com\/fr\/wp-json\/wp\/v2\/pages\/14758\/revisions"}],"predecessor-version":[{"id":14970,"href":"https:\/\/snowwhitemuseum.com\/fr\/wp-json\/wp\/v2\/pages\/14758\/revisions\/14970"}],"up":[{"embeddable":true,"href":"https:\/\/snowwhitemuseum.com\/fr\/wp-json\/wp\/v2\/pages\/1655"}],"wp:featuredmedia":[{"embeddable":true,"href":"https:\/\/snowwhitemuseum.com\/fr\/wp-json\/wp\/v2\/media\/14963"}],"wp:attachment":[{"href":"https:\/\/snowwhitemuseum.com\/fr\/wp-json\/wp\/v2\/media?parent=14758"}],"curies":[{"name":"wp","href":"https:\/\/api.w.org\/{rel}","templated":true}]}}