{"id":14921,"date":"2025-03-28T21:48:26","date_gmt":"2025-03-28T20:48:26","guid":{"rendered":"https:\/\/snowwhitemuseum.com\/?page_id=14921"},"modified":"2025-03-28T21:48:26","modified_gmt":"2025-03-28T20:48:26","slug":"story-conference-of-10-30-1934-suggestions-and-notes-on-snow-white","status":"publish","type":"page","link":"https:\/\/snowwhitemuseum.com\/fr\/about-the-film\/the-story\/production-documents\/story-conference-of-10-30-1934-suggestions-and-notes-on-snow-white\/","title":{"rendered":"R\u00e9union de sc\u00e9narisation du 30\/10\/1934 : Suggestions et notes sur Blanche Neige"},"content":{"rendered":"<style>.wp-block-kadence-advancedbtn.kb-btns14921_bf9831-50{gap:var(--global-kb-gap-xs, 0.5rem );justify-content:center;align-items:center;}.kt-btns14921_bf9831-50 .kt-button{font-weight:normal;font-style:normal;}.kt-btns14921_bf9831-50 .kt-btn-wrap-0{margin-right:5px;}.wp-block-kadence-advancedbtn.kt-btns14921_bf9831-50 .kt-btn-wrap-0 .kt-button{color:#555555;border-color:#555555;}.wp-block-kadence-advancedbtn.kt-btns14921_bf9831-50 .kt-btn-wrap-0 .kt-button:hover, .wp-block-kadence-advancedbtn.kt-btns14921_bf9831-50 .kt-btn-wrap-0 .kt-button:focus{color:#ffffff;border-color:#444444;}.wp-block-kadence-advancedbtn.kt-btns14921_bf9831-50 .kt-btn-wrap-0 .kt-button::before{display:none;}.wp-block-kadence-advancedbtn.kt-btns14921_bf9831-50 .kt-btn-wrap-0 .kt-button:hover, .wp-block-kadence-advancedbtn.kt-btns14921_bf9831-50 .kt-btn-wrap-0 .kt-button:focus{background:#444444;}<\/style>\n<div class=\"wp-block-kadence-advancedbtn kb-buttons-wrap kb-btns14921_bf9831-50\"><style>ul.menu .wp-block-kadence-advancedbtn .kb-btn14921_e483c8-8e.kb-button{width:initial;}<\/style><a class=\"kb-button kt-button button kb-btn14921_e483c8-8e kt-btn-size-standard kt-btn-width-type-auto kb-btn-global-fill  kt-btn-has-text-true kt-btn-has-svg-false  wp-block-kadence-singlebtn\" href=\"https:\/\/snowwhitemuseum.com\/fr\/about-the-film\/the-story\/production-documents\/\"><span class=\"kt-btn-inner-text\">Retour aux Documents de production<\/span><\/a><\/div>\n\n\n<style>.wp-block-kadence-column.kb-section-dir-horizontal > .kt-inside-inner-col > .kt-info-box14921_437cf9-06 .kt-blocks-info-box-link-wrap{max-width:unset;}.kt-info-box14921_437cf9-06 .kt-blocks-info-box-link-wrap{border-top:0px solid transparent;border-right:0px solid transparent;border-bottom:0px solid transparent;border-left:0px solid transparent;padding-top:var(--global-kb-spacing-xs, 1rem);padding-right:var(--global-kb-spacing-xs, 1rem);padding-bottom:var(--global-kb-spacing-xs, 1rem);padding-left:var(--global-kb-spacing-xs, 1rem);}.kt-info-box14921_437cf9-06 .kadence-info-box-icon-container .kt-info-svg-icon, .kt-info-box14921_437cf9-06 .kt-info-svg-icon-flip, .kt-info-box14921_437cf9-06 .kt-blocks-info-box-number{font-size:50px;}.kt-info-box14921_437cf9-06 .kt-blocks-info-box-media{border-color:var(--global-palette7, #eeeeee);border-top-width:0px;border-right-width:0px;border-bottom-width:0px;border-left-width:0px;padding-top:10px;padding-right:10px;padding-bottom:10px;padding-left:10px;}.kt-info-box14921_437cf9-06 .kt-blocks-info-box-media-container{margin-top:0px;margin-right:15px;margin-bottom:0px;margin-left:15px;}.kt-info-box14921_437cf9-06 .kt-infobox-textcontent h2.kt-blocks-info-box-title{padding-top:0px;padding-right:0px;padding-bottom:0px;padding-left:0px;margin-top:5px;margin-right:0px;margin-bottom:10px;margin-left:0px;}.kt-info-box14921_437cf9-06 .kt-blocks-info-box-learnmore{background:transparent;border-width:0px 0px 0px 0px;padding-top:4px;padding-right:8px;padding-bottom:4px;padding-left:8px;margin-top:10px;margin-right:0px;margin-bottom:10px;margin-left:0px;}@media all and (max-width: 1024px){.kt-info-box14921_437cf9-06 .kt-blocks-info-box-link-wrap{border-top:0px solid transparent;border-right:0px solid transparent;border-bottom:0px solid transparent;border-left:0px solid transparent;}}@media all and (max-width: 767px){.kt-info-box14921_437cf9-06 .kt-blocks-info-box-link-wrap{border-top:0px solid transparent;border-right:0px solid transparent;border-bottom:0px solid transparent;border-left:0px solid transparent;}}<\/style>\n<div class=\"wp-block-kadence-infobox kt-info-box14921_437cf9-06\"><div class=\"kt-blocks-info-box-link-wrap kt-blocks-info-box-media-align-top kt-info-halign-center\"><div class=\"kt-blocks-info-box-media-container\"><div class=\"kt-blocks-info-box-media kt-info-media-animate-none\"><div class=\"kadence-info-box-icon-container kt-info-icon-animate-none\"><div class=\"kadence-info-box-icon-inner-container\"><span class=\"kb-svg-icon-wrap kb-svg-icon-fe_fileText kt-info-svg-icon\"><svg viewbox=\"0 0 24 24\"  fill=\"none\" stroke=\"currentColor\" stroke-width=\"2\" stroke-linecap=\"round\" stroke-linejoin=\"round\" xmlns=\"http:\/\/www.w3.org\/2000\/svg\"  aria-hidden=\"true\"><path d=\"M14 2H6a2 2 0 0 0-2 2v16a2 2 0 0 0 2 2h12a2 2 0 0 0 2-2V8z\"\/><polyline points=\"14 2 14 8 20 8\"\/><line x1=\"16\" y1=\"13\" x2=\"8\" y2=\"13\"\/><line x1=\"16\" y1=\"17\" x2=\"8\" y2=\"17\"\/><polyline points=\"10 9 9 9 8 9\"\/><\/svg><\/span><\/div><\/div><\/div><\/div><div class=\"kt-infobox-textcontent\"><h2 class=\"kt-blocks-info-box-title\">Information<\/h2><p class=\"kt-blocks-info-box-text\"><strong>Num\u00e9ro de s\u00e9quence :<\/strong> <a href=\"https:\/\/snowwhitemuseum.com\/fr\/images\/production-art\/sequence-3a-snow-white-and-huntsman-snow-white-into-woods\/\" title=\"Sequence 3A \u2013 Snow White and Huntsman \u2013 Snow White into Woods\">3A<\/a>, <a href=\"https:\/\/snowwhitemuseum.com\/fr\/images\/production-art\/sequence-8a-entertainment\/\" title=\"Sequence 8A \u2013 Entertainment\">8A<\/a><br><strong>Date du document :<\/strong> 2 novembre 1934<br><strong>Date de la r\u00e9union :<\/strong> 30 octobre 1934<br><strong>Sujets abord\u00e9s :<\/strong> Conception, <a href=\"https:\/\/snowwhitemuseum.com\/fr\/about-the-film\/the-cast\/the-queen\/\" title=\"La Reine\">Reine<\/a>, Divertissement, <a href=\"https:\/\/snowwhitemuseum.com\/fr\/about-the-film\/the-cast\/the-huntsman\/\" title=\"Le chasseur\">Chasseur<\/a><br><strong>Participants \u00e0 la r\u00e9union :<\/strong> Non divulgu\u00e9s (\u00ab au studio d'enregistrement \u00bb)<br><strong>R\u00e9daction du compte-rendu :<\/strong> Harry Bailey<br><br>Cette r\u00e9union s'est concentr\u00e9e sur la conception des personnages d'apparence r\u00e9aliste, en particulier la Reine. Pour cette derni\u00e8re, il n'a pas encore \u00e9t\u00e9 d\u00e9cid\u00e9 si elle devait \u00eatre un personnage comique ou s\u00e9rieux. Une id\u00e9e de gag finalement abandonn\u00e9e pour la s\u00e9quence de divertissement a \u00e9t\u00e9 discut\u00e9e, ainsi qu'une suggestion de mise en sc\u00e8ne pour la s\u00e9quence du chasseur, qui a \u00e9t\u00e9 utilis\u00e9e cette fois-ci.<\/p><\/div><\/div><\/div>\n\n\n<style>.kb-row-layout-id14921_6b0c5f-62 > .kt-row-column-wrap{align-content:start;}:where(.kb-row-layout-id14921_6b0c5f-62 > .kt-row-column-wrap) > .wp-block-kadence-column{justify-content:start;}.kb-row-layout-id14921_6b0c5f-62 > .kt-row-column-wrap{column-gap:var(--global-kb-gap-md, 2rem);row-gap:var(--global-kb-gap-md, 2rem);padding-top:var(--global-kb-spacing-sm, 1.5rem);padding-bottom:var(--global-kb-spacing-sm, 1.5rem);grid-template-columns:minmax(0, 1fr) minmax(0, 2fr);}.kb-row-layout-id14921_6b0c5f-62 > .kt-row-layout-overlay{opacity:0.30;}@media all and (max-width: 1024px){.kb-row-layout-id14921_6b0c5f-62 > .kt-row-column-wrap{grid-template-columns:minmax(0, 1fr) minmax(0, 2fr);}}@media all and (max-width: 767px){.kb-row-layout-id14921_6b0c5f-62 > .kt-row-column-wrap{grid-template-columns:minmax(0, 1fr);}}<\/style><div class=\"kb-row-layout-wrap kb-row-layout-id14921_6b0c5f-62 alignnone wp-block-kadence-rowlayout\"><div class=\"kt-row-column-wrap kt-has-2-columns kt-row-layout-right-golden kt-tab-layout-inherit kt-mobile-layout-row kt-row-valign-top\">\n<style>.kadence-column14921_7e8ffe-d9 > .kt-inside-inner-col,.kadence-column14921_7e8ffe-d9 > .kt-inside-inner-col:before{border-top-left-radius:0px;border-top-right-radius:0px;border-bottom-right-radius:0px;border-bottom-left-radius:0px;}.kadence-column14921_7e8ffe-d9 > .kt-inside-inner-col{column-gap:var(--global-kb-gap-sm, 1rem);}.kadence-column14921_7e8ffe-d9 > .kt-inside-inner-col{flex-direction:column;}.kadence-column14921_7e8ffe-d9 > .kt-inside-inner-col > .aligncenter{width:100%;}.kadence-column14921_7e8ffe-d9 > .kt-inside-inner-col:before{opacity:0.3;}.kadence-column14921_7e8ffe-d9{position:relative;}@media all and (max-width: 1024px){.kadence-column14921_7e8ffe-d9 > .kt-inside-inner-col{flex-direction:column;justify-content:center;}}@media all and (max-width: 767px){.kadence-column14921_7e8ffe-d9 > .kt-inside-inner-col{flex-direction:column;justify-content:center;}}<\/style>\n<div class=\"wp-block-kadence-column kadence-column14921_7e8ffe-d9\"><div class=\"kt-inside-inner-col\">\n<figure class=\"wp-block-image size-full\"><img loading=\"lazy\" decoding=\"async\" width=\"992\" height=\"753\" src=\"https:\/\/snowwhitemuseum.com\/wp-content\/uploads\/2023\/07\/queen-04-1.jpg\" alt=\"\" class=\"wp-image-6011\" srcset=\"https:\/\/snowwhitemuseum.com\/wp-content\/uploads\/2023\/07\/queen-04-1.jpg 992w, https:\/\/snowwhitemuseum.com\/wp-content\/uploads\/2023\/07\/queen-04-1-300x228.jpg 300w, https:\/\/snowwhitemuseum.com\/wp-content\/uploads\/2023\/07\/queen-04-1-768x583.jpg 768w, https:\/\/snowwhitemuseum.com\/wp-content\/uploads\/2023\/07\/queen-04-1-16x12.jpg 16w\" sizes=\"auto, (max-width: 992px) 100vw, 992px\" \/><\/figure>\n<\/div><\/div>\n\n\n<style>.kadence-column14921_99d84c-6d > .kt-inside-inner-col,.kadence-column14921_99d84c-6d > .kt-inside-inner-col:before{border-top-left-radius:0px;border-top-right-radius:0px;border-bottom-right-radius:0px;border-bottom-left-radius:0px;}.kadence-column14921_99d84c-6d > .kt-inside-inner-col{column-gap:var(--global-kb-gap-sm, 1rem);}.kadence-column14921_99d84c-6d > .kt-inside-inner-col{flex-direction:column;}.kadence-column14921_99d84c-6d > .kt-inside-inner-col > .aligncenter{width:100%;}.kadence-column14921_99d84c-6d > .kt-inside-inner-col:before{opacity:0.3;}.kadence-column14921_99d84c-6d{position:relative;}@media all and (max-width: 1024px){.kadence-column14921_99d84c-6d > .kt-inside-inner-col{flex-direction:column;justify-content:center;}}@media all and (max-width: 767px){.kadence-column14921_99d84c-6d > .kt-inside-inner-col{flex-direction:column;justify-content:center;}}<\/style>\n<div class=\"wp-block-kadence-column kadence-column14921_99d84c-6d\"><div class=\"kt-inside-inner-col\">\n<p><em>Notes prises \u00e0 la r\u00e9union dans le studio d'enregistrement du 30 octobre 1934, de sept heures et demie \u00e0 dix heures et demie.<\/em><\/p>\n\n\n\n<p>Il a \u00e9t\u00e9 sugg\u00e9r\u00e9 que la \u00ab Reine \u00bb soit dessin\u00e9e selon les lignes du type des masques de Benda (W\u0142adys\u0142aw Teodor Benda). Se procurer des coupures de presse et des dessins de types et de personnages.<\/p>\n\n\n\n<p>Test d'animation Reine - BlancheNeige et Prince \u00e0 r\u00e9aliser avant le d\u00e9but de l'animation proprement dite.<\/p>\n\n\n\n<p>Des photocopies des personnages de la Reine, de BlancheNeige et du Prince seront distribu\u00e9es aux artistes pour qu'ils puissent les redessiner selon leur propre interpr\u00e9tation. (Pour discussion et d\u00e9cision lors d'une r\u00e9union ult\u00e9rieure).<\/p>\n\n\n\n<p>Il a \u00e9t\u00e9 sugg\u00e9r\u00e9 de maintenir les personnages dans l'action autant que possible, afin d'\u00e9liminer les d\u00e9fauts de caract\u00e9risation.<\/p>\n\n\n\n<p>La reine doit \u00eatre test\u00e9e en tant que gros personnage de dessin anim\u00e9, en tant que personnage comique vaniteux, fou et satisfait de lui-m\u00eame, et \u00e9galement en tant que personnage \u00e0 col haut et beau. Des esquisses doivent \u00eatre soumises et l'histoire doit \u00eatre construite pour chaque angle.<\/p>\n\n\n\n<p>Pendant la chanson des nains, l'un d'eux met un \u0153uf dans la main de Dormeur, qui est toujours en train d'\u00e9craser une mouche g\u00eanante, et l'\u0153uf se brise sur son cr\u00e2ne chauve avec un bruit \u00e9touff\u00e9 ! Au grand amusement des autres nains qui assistent \u00e0 la sc\u00e8ne.<\/p>\n\n\n\n<p>Il a \u00e9t\u00e9 sugg\u00e9r\u00e9 que la tentative de meurtre de BlancheNeige par le Chasseur soit trait\u00e9e en ombre chinoise, contre un gros rocher ou au pied d'une falaise lisse.<\/p>\n<\/div><\/div>\n\n<\/div><\/div>","protected":false},"excerpt":{"rendered":"<p>Taken at Sound Stage Meeting on October thirtieth, 1934, from seven-thirty to ten-thirty P.M. Suggestion was made that &#8220;Queen&#8221; be drawn along the lines of the Benda Mask type. Procure clippings and drawings of types and characters. Animation test Queen \u2013 SnowWhite and Prince to be made before actual animation begins. Photostat copies of Queen,&#8230;<\/p>","protected":false},"author":1,"featured_media":6011,"parent":12471,"menu_order":0,"comment_status":"closed","ping_status":"closed","template":"","meta":{"_kadence_starter_templates_imported_post":false,"_kad_post_transparent":"","_kad_post_title":"","_kad_post_layout":"","_kad_post_sidebar_id":"","_kad_post_content_style":"","_kad_post_vertical_padding":"","_kad_post_feature":"","_kad_post_feature_position":"","_kad_post_header":false,"_kad_post_footer":false,"_kad_post_classname":"","footnotes":""},"class_list":["post-14921","page","type-page","status-publish","has-post-thumbnail","hentry"],"aioseo_notices":[],"_links":{"self":[{"href":"https:\/\/snowwhitemuseum.com\/fr\/wp-json\/wp\/v2\/pages\/14921","targetHints":{"allow":["GET"]}}],"collection":[{"href":"https:\/\/snowwhitemuseum.com\/fr\/wp-json\/wp\/v2\/pages"}],"about":[{"href":"https:\/\/snowwhitemuseum.com\/fr\/wp-json\/wp\/v2\/types\/page"}],"author":[{"embeddable":true,"href":"https:\/\/snowwhitemuseum.com\/fr\/wp-json\/wp\/v2\/users\/1"}],"replies":[{"embeddable":true,"href":"https:\/\/snowwhitemuseum.com\/fr\/wp-json\/wp\/v2\/comments?post=14921"}],"version-history":[{"count":1,"href":"https:\/\/snowwhitemuseum.com\/fr\/wp-json\/wp\/v2\/pages\/14921\/revisions"}],"predecessor-version":[{"id":14922,"href":"https:\/\/snowwhitemuseum.com\/fr\/wp-json\/wp\/v2\/pages\/14921\/revisions\/14922"}],"up":[{"embeddable":true,"href":"https:\/\/snowwhitemuseum.com\/fr\/wp-json\/wp\/v2\/pages\/12471"}],"wp:featuredmedia":[{"embeddable":true,"href":"https:\/\/snowwhitemuseum.com\/fr\/wp-json\/wp\/v2\/media\/6011"}],"wp:attachment":[{"href":"https:\/\/snowwhitemuseum.com\/fr\/wp-json\/wp\/v2\/media?parent=14921"}],"curies":[{"name":"wp","href":"https:\/\/api.w.org\/{rel}","templated":true}]}}