{"id":14927,"date":"2025-03-29T12:06:25","date_gmt":"2025-03-29T11:06:25","guid":{"rendered":"https:\/\/snowwhitemuseum.com\/?page_id=14927"},"modified":"2025-03-29T12:06:26","modified_gmt":"2025-03-29T11:06:26","slug":"story-conference-of-11-16-1934-suggestions-and-notes-on-snow-white","status":"publish","type":"page","link":"https:\/\/snowwhitemuseum.com\/fr\/about-the-film\/the-story\/production-documents\/story-conference-of-11-16-1934-suggestions-and-notes-on-snow-white\/","title":{"rendered":"R\u00e9union de sc\u00e9narisation du 16\/11\/1934 : Suggestions et notes sur Blanche Neige"},"content":{"rendered":"<style>.wp-block-kadence-advancedbtn.kb-btns14927_cfd51d-91{gap:var(--global-kb-gap-xs, 0.5rem );justify-content:center;align-items:center;}.kt-btns14927_cfd51d-91 .kt-button{font-weight:normal;font-style:normal;}.kt-btns14927_cfd51d-91 .kt-btn-wrap-0{margin-right:5px;}.wp-block-kadence-advancedbtn.kt-btns14927_cfd51d-91 .kt-btn-wrap-0 .kt-button{color:#555555;border-color:#555555;}.wp-block-kadence-advancedbtn.kt-btns14927_cfd51d-91 .kt-btn-wrap-0 .kt-button:hover, .wp-block-kadence-advancedbtn.kt-btns14927_cfd51d-91 .kt-btn-wrap-0 .kt-button:focus{color:#ffffff;border-color:#444444;}.wp-block-kadence-advancedbtn.kt-btns14927_cfd51d-91 .kt-btn-wrap-0 .kt-button::before{display:none;}.wp-block-kadence-advancedbtn.kt-btns14927_cfd51d-91 .kt-btn-wrap-0 .kt-button:hover, .wp-block-kadence-advancedbtn.kt-btns14927_cfd51d-91 .kt-btn-wrap-0 .kt-button:focus{background:#444444;}<\/style>\n<div class=\"wp-block-kadence-advancedbtn kb-buttons-wrap kb-btns14927_cfd51d-91\"><style>ul.menu .wp-block-kadence-advancedbtn .kb-btn14927_e298fe-51.kb-button{width:initial;}<\/style><a class=\"kb-button kt-button button kb-btn14927_e298fe-51 kt-btn-size-standard kt-btn-width-type-auto kb-btn-global-fill  kt-btn-has-text-true kt-btn-has-svg-false  wp-block-kadence-singlebtn\" href=\"https:\/\/snowwhitemuseum.com\/fr\/about-the-film\/the-story\/production-documents\/\"><span class=\"kt-btn-inner-text\">Retour aux Documents de production<\/span><\/a><\/div>\n\n\n<style>.wp-block-kadence-column.kb-section-dir-horizontal > .kt-inside-inner-col > .kt-info-box14927_13577e-1f .kt-blocks-info-box-link-wrap{max-width:unset;}.kt-info-box14927_13577e-1f .kt-blocks-info-box-link-wrap{border-top:0px solid transparent;border-right:0px solid transparent;border-bottom:0px solid transparent;border-left:0px solid transparent;padding-top:var(--global-kb-spacing-xs, 1rem);padding-right:var(--global-kb-spacing-xs, 1rem);padding-bottom:var(--global-kb-spacing-xs, 1rem);padding-left:var(--global-kb-spacing-xs, 1rem);}.kt-info-box14927_13577e-1f .kadence-info-box-icon-container .kt-info-svg-icon, .kt-info-box14927_13577e-1f .kt-info-svg-icon-flip, .kt-info-box14927_13577e-1f .kt-blocks-info-box-number{font-size:50px;}.kt-info-box14927_13577e-1f .kt-blocks-info-box-media{border-color:var(--global-palette7, #eeeeee);border-top-width:0px;border-right-width:0px;border-bottom-width:0px;border-left-width:0px;padding-top:10px;padding-right:10px;padding-bottom:10px;padding-left:10px;}.kt-info-box14927_13577e-1f .kt-blocks-info-box-media-container{margin-top:0px;margin-right:15px;margin-bottom:0px;margin-left:15px;}.kt-info-box14927_13577e-1f .kt-infobox-textcontent h2.kt-blocks-info-box-title{padding-top:0px;padding-right:0px;padding-bottom:0px;padding-left:0px;margin-top:5px;margin-right:0px;margin-bottom:10px;margin-left:0px;}.kt-info-box14927_13577e-1f .kt-blocks-info-box-learnmore{background:transparent;border-width:0px 0px 0px 0px;padding-top:4px;padding-right:8px;padding-bottom:4px;padding-left:8px;margin-top:10px;margin-right:0px;margin-bottom:10px;margin-left:0px;}@media all and (max-width: 1024px){.kt-info-box14927_13577e-1f .kt-blocks-info-box-link-wrap{border-top:0px solid transparent;border-right:0px solid transparent;border-bottom:0px solid transparent;border-left:0px solid transparent;}}@media all and (max-width: 767px){.kt-info-box14927_13577e-1f .kt-blocks-info-box-link-wrap{border-top:0px solid transparent;border-right:0px solid transparent;border-bottom:0px solid transparent;border-left:0px solid transparent;}}<\/style>\n<div class=\"wp-block-kadence-infobox kt-info-box14927_13577e-1f\"><div class=\"kt-blocks-info-box-link-wrap kt-blocks-info-box-media-align-top kt-info-halign-center\"><div class=\"kt-blocks-info-box-media-container\"><div class=\"kt-blocks-info-box-media kt-info-media-animate-none\"><div class=\"kadence-info-box-icon-container kt-info-icon-animate-none\"><div class=\"kadence-info-box-icon-inner-container\"><span class=\"kb-svg-icon-wrap kb-svg-icon-fe_fileText kt-info-svg-icon\"><svg viewbox=\"0 0 24 24\"  fill=\"none\" stroke=\"currentColor\" stroke-width=\"2\" stroke-linecap=\"round\" stroke-linejoin=\"round\" xmlns=\"http:\/\/www.w3.org\/2000\/svg\"  aria-hidden=\"true\"><path d=\"M14 2H6a2 2 0 0 0-2 2v16a2 2 0 0 0 2 2h12a2 2 0 0 0 2-2V8z\"\/><polyline points=\"14 2 14 8 20 8\"\/><line x1=\"16\" y1=\"13\" x2=\"8\" y2=\"13\"\/><line x1=\"16\" y1=\"17\" x2=\"8\" y2=\"17\"\/><polyline points=\"10 9 9 9 8 9\"\/><\/svg><\/span><\/div><\/div><\/div><\/div><div class=\"kt-infobox-textcontent\"><h2 class=\"kt-blocks-info-box-title\">Information<\/h2><p class=\"kt-blocks-info-box-text\"><strong>Num\u00e9ro de s\u00e9quence :<\/strong> <a href=\"https:\/\/snowwhitemuseum.com\/fr\/images\/production-art\/sequence-4d-spooks\/\" title=\"Sequence 4D \u2013 Spooks\">4D<\/a>, <a href=\"https:\/\/snowwhitemuseum.com\/fr\/images\/production-art\/sequence-5a-bedroom\/\" title=\"la s\u00e9quence 5A\">5A<\/a>, <a href=\"https:\/\/snowwhitemuseum.com\/fr\/images\/production-art\/sequence-8a-entertainment\/\" title=\"Sequence 8A \u2013 Entertainment\">8A<\/a>, <a href=\"https:\/\/snowwhitemuseum.com\/fr\/images\/production-art\/sequence-11b-bed-building\/\" title=\"S\u00e9quence 11B - Construction du lit\">11B<\/a><br><strong>Date du document :<\/strong> 19 novembre 1934<br><strong>Date de la r\u00e9union :<\/strong> 16 novembre 1934<br><strong>Sujets abord\u00e9s :<\/strong> \u00ab Eeny Meeny Miny Moe \u00bb, gags, noms des nains.<br><strong>Participants \u00e0 la r\u00e9union :<\/strong> Non divulgu\u00e9s (\u00ab au studio d'enregistrement \u00bb)<br><strong>R\u00e9daction du compte-rendu :<\/strong> Harry Bailey<br><br>Cette r\u00e9union est consacr\u00e9e aux nains. Le nom de Timide est remplac\u00e9 par Chauve et un nouveau nain, Citrouille, fait son apparition. De br\u00e8ves suggestions sont faites \u00e0 propos des s\u00e9quences des fant\u00f4mes, de la chambre \u00e0 coucher, des divertissements et de la  construction du lit.<\/p><\/div><\/div><\/div>\n\n\n<style>.kb-row-layout-id14927_339465-75 > .kt-row-column-wrap{align-content:start;}:where(.kb-row-layout-id14927_339465-75 > .kt-row-column-wrap) > .wp-block-kadence-column{justify-content:start;}.kb-row-layout-id14927_339465-75 > .kt-row-column-wrap{column-gap:var(--global-kb-gap-md, 2rem);row-gap:var(--global-kb-gap-md, 2rem);padding-top:var(--global-kb-spacing-sm, 1.5rem);padding-bottom:var(--global-kb-spacing-sm, 1.5rem);grid-template-columns:minmax(0, 1fr) minmax(0, 2fr);}.kb-row-layout-id14927_339465-75 > .kt-row-layout-overlay{opacity:0.30;}@media all and (max-width: 1024px){.kb-row-layout-id14927_339465-75 > .kt-row-column-wrap{grid-template-columns:minmax(0, 1fr) minmax(0, 2fr);}}@media all and (max-width: 767px){.kb-row-layout-id14927_339465-75 > .kt-row-column-wrap{grid-template-columns:minmax(0, 1fr);}}<\/style><div class=\"kb-row-layout-wrap kb-row-layout-id14927_339465-75 alignnone wp-block-kadence-rowlayout\"><div class=\"kt-row-column-wrap kt-has-2-columns kt-row-layout-right-golden kt-tab-layout-inherit kt-mobile-layout-row kt-row-valign-top\">\n<style>.kadence-column14927_be6973-1c > .kt-inside-inner-col,.kadence-column14927_be6973-1c > .kt-inside-inner-col:before{border-top-left-radius:0px;border-top-right-radius:0px;border-bottom-right-radius:0px;border-bottom-left-radius:0px;}.kadence-column14927_be6973-1c > .kt-inside-inner-col{column-gap:var(--global-kb-gap-sm, 1rem);}.kadence-column14927_be6973-1c > .kt-inside-inner-col{flex-direction:column;}.kadence-column14927_be6973-1c > .kt-inside-inner-col > .aligncenter{width:100%;}.kadence-column14927_be6973-1c > .kt-inside-inner-col:before{opacity:0.3;}.kadence-column14927_be6973-1c{position:relative;}@media all and (max-width: 1024px){.kadence-column14927_be6973-1c > .kt-inside-inner-col{flex-direction:column;justify-content:center;}}@media all and (max-width: 767px){.kadence-column14927_be6973-1c > .kt-inside-inner-col{flex-direction:column;justify-content:center;}}<\/style>\n<div class=\"wp-block-kadence-column kadence-column14927_be6973-1c\"><div class=\"kt-inside-inner-col\">\n<figure class=\"wp-block-image size-large\"><img loading=\"lazy\" decoding=\"async\" width=\"1024\" height=\"613\" src=\"https:\/\/snowwhitemuseum.com\/wp-content\/uploads\/2024\/01\/Earl-Hurd-gags-1-1024x613.jpg\" alt=\"\" class=\"wp-image-8835\" srcset=\"https:\/\/snowwhitemuseum.com\/wp-content\/uploads\/2024\/01\/Earl-Hurd-gags-1-1024x613.jpg 1024w, https:\/\/snowwhitemuseum.com\/wp-content\/uploads\/2024\/01\/Earl-Hurd-gags-1-300x180.jpg 300w, https:\/\/snowwhitemuseum.com\/wp-content\/uploads\/2024\/01\/Earl-Hurd-gags-1-768x460.jpg 768w, https:\/\/snowwhitemuseum.com\/wp-content\/uploads\/2024\/01\/Earl-Hurd-gags-1-18x12.jpg 18w, https:\/\/snowwhitemuseum.com\/wp-content\/uploads\/2024\/01\/Earl-Hurd-gags-1.jpg 1258w\" sizes=\"auto, (max-width: 1024px) 100vw, 1024px\" \/><figcaption class=\"wp-element-caption\">Gags de Earl Hurd<\/figcaption><\/figure>\n<\/div><\/div>\n\n\n<style>.kadence-column14927_bbfca6-7e > .kt-inside-inner-col,.kadence-column14927_bbfca6-7e > .kt-inside-inner-col:before{border-top-left-radius:0px;border-top-right-radius:0px;border-bottom-right-radius:0px;border-bottom-left-radius:0px;}.kadence-column14927_bbfca6-7e > .kt-inside-inner-col{column-gap:var(--global-kb-gap-sm, 1rem);}.kadence-column14927_bbfca6-7e > .kt-inside-inner-col{flex-direction:column;}.kadence-column14927_bbfca6-7e > .kt-inside-inner-col > .aligncenter{width:100%;}.kadence-column14927_bbfca6-7e > .kt-inside-inner-col:before{opacity:0.3;}.kadence-column14927_bbfca6-7e{position:relative;}@media all and (max-width: 1024px){.kadence-column14927_bbfca6-7e > .kt-inside-inner-col{flex-direction:column;justify-content:center;}}@media all and (max-width: 767px){.kadence-column14927_bbfca6-7e > .kt-inside-inner-col{flex-direction:column;justify-content:center;}}<\/style>\n<div class=\"wp-block-kadence-column kadence-column14927_bbfca6-7e\"><div class=\"kt-inside-inner-col\">\n<p><strong>SUGGESTIONS ET NOTES DE LA R\u00c9UNION Du STUDIO D'ENREGISTREMENT - VENDREDI 16 NOVEMBRE 1934<\/strong><\/p>\n\n\n\n<p>Il est sugg\u00e9r\u00e9 que les nains s'enfuient rapidement lorsqu'ils sont effray\u00e9s (comme le lapin dans <em>Le li\u00e8vre et la tortue<\/em>). Ils sortent alors de l'ombre.<\/p>\n\n\n\n<p>Quand PROF parle - parler comme W.C. Fields parlerait.<\/p>\n\n\n\n<p>Le bonnet de SIMPLET pourrait monter lorsqu'il est effray\u00e9 - la flamme de la bougie pourrait aussi monter sur la m\u00e8che, puis redescendre.<\/p>\n\n\n\n<p>CITROUILLE pourrait \u00e9craser le pied de SIMPLET lorsqu'il tombe \u00e0 la renverse alors que les nains tiennent la porte et qu'ils la l\u00e2chent soudainement \u00e0 l'ext\u00e9rieur.<\/p>\n\n\n\n<p>GRINCHEUX et JOYEUX ont des arguments oppos\u00e9s en tant que pessimiste et optimiste.<\/p>\n\n\n\n<p>Noms approuv\u00e9s pour les nains : CHAUVE pour Timide ; PROF, GRINCHEUX, DORMEUR, JOYEUX.<\/p>\n\n\n\n<p>Tout le monde dans le studio est invit\u00e9 \u00e0 proposer des couplets pour la chanson des nains, \u00ab Eeny Meeny Miny Moe \u00bb.<\/p>\n\n\n\n<p>Un nain pourrait \u00eatre en train de r\u00e9p\u00e9ter un discours de pr\u00e9sentation pendant la s\u00e9quence de construction du lit.<\/p>\n\n\n\n<p>Supprimer l'action de vote de la s\u00e9quence des nains et de BlancheNeige dans la chambre. L'ext\u00e9rieur de la maison est \u00e9clair\u00e9 (lorsque nous y revenons apr\u00e8s la s\u00e9quence de la Reine). Fondu encha\u00een\u00e9 sur le spectacle qui bat son plein.<\/p>\n<\/div><\/div>\n\n<\/div><\/div>","protected":false},"excerpt":{"rendered":"<p>SUGGESTIONS AND NOTES AT SOUND STAGE MEETING \u2013 FRIDAY, NOVEMBER 16, 1934 Suggestion made that dwarfs make fast getaway when scared (like rabbit in the Tortoise and the Hare). They then peek out. When DOC speaks \u2013 to talk as W.C. Fields would speak. DOPEY&#8217;S hat could go up on scare \u2013 candle could go&#8230;<\/p>","protected":false},"author":1,"featured_media":8835,"parent":12471,"menu_order":0,"comment_status":"closed","ping_status":"closed","template":"","meta":{"_kadence_starter_templates_imported_post":false,"_kad_post_transparent":"","_kad_post_title":"","_kad_post_layout":"","_kad_post_sidebar_id":"","_kad_post_content_style":"","_kad_post_vertical_padding":"","_kad_post_feature":"","_kad_post_feature_position":"","_kad_post_header":false,"_kad_post_footer":false,"_kad_post_classname":"","footnotes":""},"class_list":["post-14927","page","type-page","status-publish","has-post-thumbnail","hentry"],"aioseo_notices":[],"_links":{"self":[{"href":"https:\/\/snowwhitemuseum.com\/fr\/wp-json\/wp\/v2\/pages\/14927","targetHints":{"allow":["GET"]}}],"collection":[{"href":"https:\/\/snowwhitemuseum.com\/fr\/wp-json\/wp\/v2\/pages"}],"about":[{"href":"https:\/\/snowwhitemuseum.com\/fr\/wp-json\/wp\/v2\/types\/page"}],"author":[{"embeddable":true,"href":"https:\/\/snowwhitemuseum.com\/fr\/wp-json\/wp\/v2\/users\/1"}],"replies":[{"embeddable":true,"href":"https:\/\/snowwhitemuseum.com\/fr\/wp-json\/wp\/v2\/comments?post=14927"}],"version-history":[{"count":2,"href":"https:\/\/snowwhitemuseum.com\/fr\/wp-json\/wp\/v2\/pages\/14927\/revisions"}],"predecessor-version":[{"id":14929,"href":"https:\/\/snowwhitemuseum.com\/fr\/wp-json\/wp\/v2\/pages\/14927\/revisions\/14929"}],"up":[{"embeddable":true,"href":"https:\/\/snowwhitemuseum.com\/fr\/wp-json\/wp\/v2\/pages\/12471"}],"wp:featuredmedia":[{"embeddable":true,"href":"https:\/\/snowwhitemuseum.com\/fr\/wp-json\/wp\/v2\/media\/8835"}],"wp:attachment":[{"href":"https:\/\/snowwhitemuseum.com\/fr\/wp-json\/wp\/v2\/media?parent=14927"}],"curies":[{"name":"wp","href":"https:\/\/api.w.org\/{rel}","templated":true}]}}