{"id":14931,"date":"2025-03-29T12:35:58","date_gmt":"2025-03-29T11:35:58","guid":{"rendered":"https:\/\/snowwhitemuseum.com\/?page_id=14931"},"modified":"2025-03-29T12:35:58","modified_gmt":"2025-03-29T11:35:58","slug":"snow-white-dwarfs-personalities-12-03-1934","status":"publish","type":"page","link":"https:\/\/snowwhitemuseum.com\/fr\/about-the-film\/the-story\/production-documents\/snow-white-dwarfs-personalities-12-03-1934\/","title":{"rendered":"Les personnalit\u00e9s des nains de Blanche Neige (03\/12\/1934)"},"content":{"rendered":"<style>.wp-block-kadence-advancedbtn.kb-btns14931_be764e-30{gap:var(--global-kb-gap-xs, 0.5rem );justify-content:center;align-items:center;}.kt-btns14931_be764e-30 .kt-button{font-weight:normal;font-style:normal;}.kt-btns14931_be764e-30 .kt-btn-wrap-0{margin-right:5px;}.wp-block-kadence-advancedbtn.kt-btns14931_be764e-30 .kt-btn-wrap-0 .kt-button{color:#555555;border-color:#555555;}.wp-block-kadence-advancedbtn.kt-btns14931_be764e-30 .kt-btn-wrap-0 .kt-button:hover, .wp-block-kadence-advancedbtn.kt-btns14931_be764e-30 .kt-btn-wrap-0 .kt-button:focus{color:#ffffff;border-color:#444444;}.wp-block-kadence-advancedbtn.kt-btns14931_be764e-30 .kt-btn-wrap-0 .kt-button::before{display:none;}.wp-block-kadence-advancedbtn.kt-btns14931_be764e-30 .kt-btn-wrap-0 .kt-button:hover, .wp-block-kadence-advancedbtn.kt-btns14931_be764e-30 .kt-btn-wrap-0 .kt-button:focus{background:#444444;}<\/style>\n<div class=\"wp-block-kadence-advancedbtn kb-buttons-wrap kb-btns14931_be764e-30\"><style>ul.menu .wp-block-kadence-advancedbtn .kb-btn14931_bf2da1-cf.kb-button{width:initial;}<\/style><a class=\"kb-button kt-button button kb-btn14931_bf2da1-cf kt-btn-size-standard kt-btn-width-type-auto kb-btn-global-fill  kt-btn-has-text-true kt-btn-has-svg-false  wp-block-kadence-singlebtn\" href=\"https:\/\/snowwhitemuseum.com\/fr\/about-the-film\/the-story\/production-documents\/\"><span class=\"kt-btn-inner-text\">Retour aux Documents de production<\/span><\/a><\/div>\n\n\n<style>.wp-block-kadence-column.kb-section-dir-horizontal > .kt-inside-inner-col > .kt-info-box14931_6b536a-00 .kt-blocks-info-box-link-wrap{max-width:unset;}.kt-info-box14931_6b536a-00 .kt-blocks-info-box-link-wrap{border-top:0px solid transparent;border-right:0px solid transparent;border-bottom:0px solid transparent;border-left:0px solid transparent;padding-top:var(--global-kb-spacing-xs, 1rem);padding-right:var(--global-kb-spacing-xs, 1rem);padding-bottom:var(--global-kb-spacing-xs, 1rem);padding-left:var(--global-kb-spacing-xs, 1rem);}.kt-info-box14931_6b536a-00 .kadence-info-box-icon-container .kt-info-svg-icon, .kt-info-box14931_6b536a-00 .kt-info-svg-icon-flip, .kt-info-box14931_6b536a-00 .kt-blocks-info-box-number{font-size:50px;}.kt-info-box14931_6b536a-00 .kt-blocks-info-box-media{border-color:var(--global-palette7, #eeeeee);border-top-width:0px;border-right-width:0px;border-bottom-width:0px;border-left-width:0px;padding-top:10px;padding-right:10px;padding-bottom:10px;padding-left:10px;}.kt-info-box14931_6b536a-00 .kt-blocks-info-box-media-container{margin-top:0px;margin-right:15px;margin-bottom:0px;margin-left:15px;}.kt-info-box14931_6b536a-00 .kt-infobox-textcontent h2.kt-blocks-info-box-title{padding-top:0px;padding-right:0px;padding-bottom:0px;padding-left:0px;margin-top:5px;margin-right:0px;margin-bottom:10px;margin-left:0px;}.kt-info-box14931_6b536a-00 .kt-blocks-info-box-learnmore{background:transparent;border-width:0px 0px 0px 0px;padding-top:4px;padding-right:8px;padding-bottom:4px;padding-left:8px;margin-top:10px;margin-right:0px;margin-bottom:10px;margin-left:0px;}@media all and (max-width: 1024px){.kt-info-box14931_6b536a-00 .kt-blocks-info-box-link-wrap{border-top:0px solid transparent;border-right:0px solid transparent;border-bottom:0px solid transparent;border-left:0px solid transparent;}}@media all and (max-width: 767px){.kt-info-box14931_6b536a-00 .kt-blocks-info-box-link-wrap{border-top:0px solid transparent;border-right:0px solid transparent;border-bottom:0px solid transparent;border-left:0px solid transparent;}}<\/style>\n<div class=\"wp-block-kadence-infobox kt-info-box14931_6b536a-00\"><div class=\"kt-blocks-info-box-link-wrap kt-blocks-info-box-media-align-top kt-info-halign-center\"><div class=\"kt-blocks-info-box-media-container\"><div class=\"kt-blocks-info-box-media kt-info-media-animate-none\"><div class=\"kadence-info-box-icon-container kt-info-icon-animate-none\"><div class=\"kadence-info-box-icon-inner-container\"><span class=\"kb-svg-icon-wrap kb-svg-icon-fe_fileText kt-info-svg-icon\"><svg viewbox=\"0 0 24 24\"  fill=\"none\" stroke=\"currentColor\" stroke-width=\"2\" stroke-linecap=\"round\" stroke-linejoin=\"round\" xmlns=\"http:\/\/www.w3.org\/2000\/svg\"  aria-hidden=\"true\"><path d=\"M14 2H6a2 2 0 0 0-2 2v16a2 2 0 0 0 2 2h12a2 2 0 0 0 2-2V8z\"\/><polyline points=\"14 2 14 8 20 8\"\/><line x1=\"16\" y1=\"13\" x2=\"8\" y2=\"13\"\/><line x1=\"16\" y1=\"17\" x2=\"8\" y2=\"17\"\/><polyline points=\"10 9 9 9 8 9\"\/><\/svg><\/span><\/div><\/div><\/div><\/div><div class=\"kt-infobox-textcontent\"><h2 class=\"kt-blocks-info-box-title\">Information<\/h2><p class=\"kt-blocks-info-box-text\"><strong>Num\u00e9ro de s\u00e9quence :<\/strong> histoire enti\u00e8re<br><strong>Date du document :<\/strong> December 3, 1934<br><strong>Auteur du document :<\/strong> Walt Disney<br><br>Le m\u00e9mo de 5 pages r\u00e9dig\u00e9 par Walt Disney lui-m\u00eame est une description des nains qui ont \u00e9t\u00e9 retenus \u00e0 ce stade de la production. Tous les noms des nains qui seront finalement port\u00e9s \u00e0 l'\u00e9cran y figurent, \u00e0 l'exception d'Atchoum, car Sourdine fait encore partie du tableau.<br>Simplet a apparemment \u00e9t\u00e9 invent\u00e9 quelque temps entre <a href=\"https:\/\/snowwhitemuseum.com\/fr\/about-the-film\/the-story\/production-documents\/story-conference-of-11-16-1934-suggestions-and-notes-on-snow-white\/\" title=\"R\u00e9union de sc\u00e9narisation du 16\/11\/1934 : Suggestions et notes sur Blanche Neige\">la derni\u00e8re r\u00e9union du 16 novembre<\/a> et cette note et il est d\u00e9j\u00e0 d\u00e9fini comme \u00ab celui sur lequel nous comptons pour porter la plupart des rires \u00bb. Sa personnalit\u00e9 a \u00e9t\u00e9 influenc\u00e9e par les comiques du cin\u00e9ma muet, et lui-m\u00eame est d\u00e9j\u00e0 muet, mais ses actions canines sont d\u00e9j\u00e0 \u00e9voqu\u00e9es puisque Walt Disney \u00e9voque une ressemblance avec Pluto. <br>Le nom de Blanche Neige, dans ce document, est maintenant \u00e9crit avec un espace clair, alors qu'il \u00e9tait encore \u00e9crit \u00ab BlancheNeige \u00bb deux semaines plus t\u00f4t.<\/p><\/div><\/div><\/div>\n\n\n<style>.kb-row-layout-id14931_ddf9d2-89 > .kt-row-column-wrap{align-content:start;}:where(.kb-row-layout-id14931_ddf9d2-89 > .kt-row-column-wrap) > .wp-block-kadence-column{justify-content:start;}.kb-row-layout-id14931_ddf9d2-89 > .kt-row-column-wrap{column-gap:var(--global-kb-gap-md, 2rem);row-gap:var(--global-kb-gap-md, 2rem);padding-top:var(--global-kb-spacing-sm, 1.5rem);padding-bottom:var(--global-kb-spacing-sm, 1.5rem);grid-template-columns:minmax(0, 1fr) minmax(0, 2fr);}.kb-row-layout-id14931_ddf9d2-89 > .kt-row-layout-overlay{opacity:0.30;}@media all and (max-width: 1024px){.kb-row-layout-id14931_ddf9d2-89 > .kt-row-column-wrap{grid-template-columns:minmax(0, 1fr) minmax(0, 2fr);}}@media all and (max-width: 767px){.kb-row-layout-id14931_ddf9d2-89 > .kt-row-column-wrap{grid-template-columns:minmax(0, 1fr);}}<\/style><div class=\"kb-row-layout-wrap kb-row-layout-id14931_ddf9d2-89 alignnone wp-block-kadence-rowlayout\"><div class=\"kt-row-column-wrap kt-has-2-columns kt-row-layout-right-golden kt-tab-layout-inherit kt-mobile-layout-row kt-row-valign-top\">\n<style>.kadence-column14931_d6077a-dc > .kt-inside-inner-col,.kadence-column14931_d6077a-dc > .kt-inside-inner-col:before{border-top-left-radius:0px;border-top-right-radius:0px;border-bottom-right-radius:0px;border-bottom-left-radius:0px;}.kadence-column14931_d6077a-dc > .kt-inside-inner-col{column-gap:var(--global-kb-gap-sm, 1rem);}.kadence-column14931_d6077a-dc > .kt-inside-inner-col{flex-direction:column;}.kadence-column14931_d6077a-dc > .kt-inside-inner-col > .aligncenter{width:100%;}.kadence-column14931_d6077a-dc > .kt-inside-inner-col:before{opacity:0.3;}.kadence-column14931_d6077a-dc{position:relative;}@media all and (max-width: 1024px){.kadence-column14931_d6077a-dc > .kt-inside-inner-col{flex-direction:column;justify-content:center;}}@media all and (max-width: 767px){.kadence-column14931_d6077a-dc > .kt-inside-inner-col{flex-direction:column;justify-content:center;}}<\/style>\n<div class=\"wp-block-kadence-column kadence-column14931_d6077a-dc\"><div class=\"kt-inside-inner-col\">\n<figure data-wp-context=\"{&quot;imageId&quot;:&quot;69e763572d487&quot;}\" data-wp-interactive=\"core\/image\" data-wp-key=\"69e763572d487\" class=\"wp-block-image size-full wp-lightbox-container\"><img loading=\"lazy\" decoding=\"async\" width=\"750\" height=\"557\" data-wp-class--hide=\"state.isContentHidden\" data-wp-class--show=\"state.isContentVisible\" data-wp-init=\"callbacks.setButtonStyles\" data-wp-on--click=\"actions.showLightbox\" data-wp-on--load=\"callbacks.setButtonStyles\" data-wp-on-window--resize=\"callbacks.setButtonStyles\" src=\"https:\/\/snowwhitemuseum.com\/wp-content\/uploads\/2024\/03\/dwarfs-washing-gags.jpg\" alt=\"\" class=\"wp-image-10049\" srcset=\"https:\/\/snowwhitemuseum.com\/wp-content\/uploads\/2024\/03\/dwarfs-washing-gags.jpg 750w, https:\/\/snowwhitemuseum.com\/wp-content\/uploads\/2024\/03\/dwarfs-washing-gags-300x223.jpg 300w, https:\/\/snowwhitemuseum.com\/wp-content\/uploads\/2024\/03\/dwarfs-washing-gags-16x12.jpg 16w\" sizes=\"auto, (max-width: 750px) 100vw, 750px\" \/><button\n\t\t\tclass=\"lightbox-trigger\"\n\t\t\ttype=\"button\"\n\t\t\taria-haspopup=\"dialog\"\n\t\t\taria-label=\"Agrandir\"\n\t\t\tdata-wp-init=\"callbacks.initTriggerButton\"\n\t\t\tdata-wp-on--click=\"actions.showLightbox\"\n\t\t\tdata-wp-style--right=\"state.imageButtonRight\"\n\t\t\tdata-wp-style--top=\"state.imageButtonTop\"\n\t\t>\n\t\t\t<svg xmlns=\"http:\/\/www.w3.org\/2000\/svg\" width=\"12\" height=\"12\" fill=\"none\" viewbox=\"0 0 12 12\">\n\t\t\t\t<path fill=\"#fff\" d=\"M2 0a2 2 0 0 0-2 2v2h1.5V2a.5.5 0 0 1 .5-.5h2V0H2Zm2 10.5H2a.5.5 0 0 1-.5-.5V8H0v2a2 2 0 0 0 2 2h2v-1.5ZM8 12v-1.5h2a.5.5 0 0 0 .5-.5V8H12v2a2 2 0 0 1-2 2H8Zm2-12a2 2 0 0 1 2 2v2h-1.5V2a.5.5 0 0 0-.5-.5H8V0h2Z\" \/>\n\t\t\t<\/svg>\n\t\t<\/button><\/figure>\n<\/div><\/div>\n\n\n<style>.kadence-column14931_b35120-35 > .kt-inside-inner-col,.kadence-column14931_b35120-35 > .kt-inside-inner-col:before{border-top-left-radius:0px;border-top-right-radius:0px;border-bottom-right-radius:0px;border-bottom-left-radius:0px;}.kadence-column14931_b35120-35 > .kt-inside-inner-col{column-gap:var(--global-kb-gap-sm, 1rem);}.kadence-column14931_b35120-35 > .kt-inside-inner-col{flex-direction:column;}.kadence-column14931_b35120-35 > .kt-inside-inner-col > .aligncenter{width:100%;}.kadence-column14931_b35120-35 > .kt-inside-inner-col:before{opacity:0.3;}.kadence-column14931_b35120-35{position:relative;}@media all and (max-width: 1024px){.kadence-column14931_b35120-35 > .kt-inside-inner-col{flex-direction:column;justify-content:center;}}@media all and (max-width: 767px){.kadence-column14931_b35120-35 > .kt-inside-inner-col{flex-direction:column;justify-content:center;}}<\/style>\n<div class=\"wp-block-kadence-column kadence-column14931_b35120-35\"><div class=\"kt-inside-inner-col\">\n<p><strong>DESCRIPTION DES SEPT NAINS TELS QUE JE LES VOIS ACTUELLEMENT<\/strong><\/p>\n\n\n\n<p><strong>PROF<\/strong> est un personnage gros, pompeux et s\u00e9rieux. C\u2019est le chef du groupe \u2013 ou du moins, il ressent la responsabilit\u00e9, et les autres comptent sur lui pour les diriger. Cependant, Grincheux est secr\u00e8tement le v\u00e9ritable cerveau, et Prof est plus ou moins son porte-parole. Prof n\u2019est jamais tout \u00e0 fait s\u00fbr de ses d\u00e9cisions, ni de ce qu\u2019il va dire \u2013 Grincheux doit le pousser et lui dire quoi faire. Lorsqu\u2019il parle, Prof cherche continuellement ses mots et a l\u2019habitude de b\u00e9gayer et de t\u00e2tonner pour trouver l\u2019expression juste. Les autres, voulant l\u2019aider, lui sugg\u00e8rent des mots compl\u00e8tement \u00e0 c\u00f4t\u00e9 de la plaque, mais Prof reprend l\u2019id\u00e9e, la r\u00e9p\u00e8te, puis r\u00e9alise apr\u00e8s coup que ce n\u2019\u00e9tait pas le bon mot, et se corrige. De ce point de vue, il est un peu comparable \u00e0 Frank Morgan. Parfois, lorsqu\u2019il fait quelque chose, il marmonne pour lui-m\u00eame et bafouille comme W.C. Fields. Il est plut\u00f4t agit\u00e9 et nerveux, et il s\u2019agite parfois dans tous les sens sans rien accomplir.<\/p>\n\n\n\n<p><strong>Simplet<\/strong>, parfois, est une source d\u2019irritation pour Prof car il fait des choses alors que ce dernier essaie d\u2019avoir l\u2019air important, ce qui d\u00e9tourne son attention. Prof est toujours en train de le faire taire ou de lui taper sur les mains, comme on le ferait avec un enfant. Simplet r\u00e9agit comme un petit enfant.<\/p>\n\n\n\n<p><strong>Grincheux<\/strong> est le vieux ronchon \u2013 il croit tout savoir et est farouchement oppos\u00e9 aux femmes. Pour lui, tout ou presque est un signe de danger imminent. C\u2019est lui qui pousse les autres nains \u00e0 s\u2019inqui\u00e9ter lorsqu\u2019ils d\u00e9couvrent de la lumi\u00e8re dans leur maison. Il est t\u00eatu, et on joue sur ce trait tout au long de l\u2019histoire, notamment par le fait qu\u2019il ne c\u00e8de pas au charme de Blanche Neige en apparence, alors qu\u2019en r\u00e9alit\u00e9, il tombe amoureux d\u2019elle d\u00e8s la premi\u00e8re nuit pendant la sc\u00e8ne de divertissement. Les remarques de Grincheux sont une grande source d\u2019irritation pour Prof. Prof peut \u00eatre de tr\u00e8s bonne humeur, mais un simple regard de Grincheux le transforme compl\u00e8tement et r\u00e9veille chez lui une volont\u00e9 soudaine d\u2019affirmer son autorit\u00e9.<\/p>\n\n\n\n<p><strong>Sourdingue<\/strong>, le personnage suivant, est un type joyeux \u2013 il essaie toujours de faire des blagues, mais il interpr\u00e8te mal les r\u00e9actions des autres. Il croit souvent qu\u2019ils parlent de lui ou qu\u2019ils ont fait une remarque \u00e0 son sujet, ce qui est rarement le cas \u2013 il se vexe pour les choses les plus absurdes. Tout au long du film, Sourdine et Grincheux se disputent constamment. Sourdine va retenir un mot d\u2019une conversation au d\u00e9but, et m\u00eame si le sujet change compl\u00e8tement, il reste bloqu\u00e9 sur ce premier mot, ce qui devrait permettre de cr\u00e9er des situations comiques.<\/p>\n\n\n\n<p><strong>Joyeux<\/strong> est un petit bonhomme tr\u00e8s vif et enjou\u00e9, toujours plein d\u2019\u00e9nergie. Il pense que tout ce qu\u2019il dit est dr\u00f4le, et il rebondit tr\u00e8s vite sur n\u2019importe quelle conversation pour en tirer une blague. Il aime jouer des tours aux autres nains \u2013 en particulier \u00e0 Grincheux, Sourdine et Simplet. Il parle d\u2019un ton rapide et termine toujours ses phrases par un petit rire ou gloussement, comme s\u2019il trouvait tout ce qu\u2019il disait amusant ou malin.<\/p>\n\n\n\n<p><strong>Timide<\/strong> ne parle pas beaucoup \u2013 il reste en retrait et laisse les autres parler. De temps en temps, il pose une question ou fait une remarque, puis retourne dans un silence prolong\u00e9. Il a un esprit tr\u00e8s simple et peu d\u00e9velopp\u00e9. Il tombe amoureux de Blanche Neige d\u00e8s le d\u00e9but de l\u2019histoire et reste profond\u00e9ment \u00e9pris d\u2019elle tout au long du r\u00e9cit. Quand ils la d\u00e9couvrent pour la premi\u00e8re fois, il croit qu\u2019elle est un ange. Cette id\u00e9e ne le quitte plus. Quand Blanche Neige le regarde, il se tortille et rougit de la t\u00eate aux pieds \u2013 il a un tic nerveux qui le pousse \u00e0 tordre son manteau, son chapeau, et il s\u2019emm\u00eale la barbe. Quand elle l\u2019embrasse, il rougit jusqu\u2019aux oreilles et, s\u2019il essaie de parler, il glousse et bredouille tellement qu\u2019il n\u2019arrive presque pas \u00e0 sortir un mot.<\/p>\n\n\n\n<p><strong>Dormeur<\/strong> est peut-\u00eatre le plus sage des personnages, mais il est rarement assez r\u00e9veill\u00e9 pour participer aux discussions. Cependant, quand il dit quelque chose, cela a du poids. Les autres nains peuvent \u00eatre plong\u00e9s dans un probl\u00e8me compliqu\u00e9, et Dormeur peut se r\u00e9veiller d\u2019un profond sommeil et r\u00e9soudre la situation d\u2019un coup. Il ne dit presque jamais rien sans ponctuer ses paroles d\u2019un b\u00e2illement ou d\u2019un ton endormi. Tout au long du film, il est emb\u00eat\u00e9 par une mouche qui le suit partout et essaie de se poser sur son nez.<\/p>\n\n\n\n<p><strong>Simplet<\/strong> est le plus sous-d\u00e9velopp\u00e9 des nains \u2013 tant mentalement que physiquement. Il est incapable de parler \u2013 sans qu\u2019on en donne une raison, si ce n\u2019est qu\u2019il n\u2019a jamais essay\u00e9. Il a l\u2019esprit d\u2019un b\u00e9b\u00e9 de deux ans. Il est tr\u00e8s actif et veut toujours s\u2019amuser. Tel que je le vois, c\u2019est une combinaison de Harry Langdon, Stan Laurel, Buster Keaton et Harpo Marx. Il commence des choses, mais \u00e7a finit toujours en catastrophe. Il a une personnalit\u00e9 un peu \u00ab idiote \u00bb \u2013 un peu comme Pluto. Il est facilement distrait. M\u00eame au milieu d\u2019une r\u00e9union importante, un papillon peut passer devant lui et il abandonnera tout pour le suivre. Les autres nains l\u2019ignorent un peu. Quand il les agace, ils lui donnent une tape ou lui claquent les mains \u2013 comme on gronderait un enfant. Simplet s\u2019attend toujours \u00e0 ces tapes : quand il fait une b\u00eatise, il le sait, et un simple regard suffit pour qu\u2019il se baisse. M\u00eame si tous les nains ont des possibilit\u00e9s de gags li\u00e9s \u00e0 leur personnalit\u00e9, <strong>Simplet<\/strong> est celui sur lequel nous comptons le plus pour provoquer les grands \u00e9clats de rire.<\/p>\n<\/div><\/div>\n\n<\/div><\/div>","protected":false},"excerpt":{"rendered":"<p>DESCRIPTION OF THE SEVEN DWARFS AS I SEE THEM AT THE PRESENT TIME DOC is a fat, pompous, serious-minded personality. He is the leader of the group, or rather he feels the responsibility and the others look to him for leadership. However, Grumpy is secretly the master mind and Doc is more or less the&#8230;<\/p>","protected":false},"author":1,"featured_media":10049,"parent":12471,"menu_order":0,"comment_status":"closed","ping_status":"closed","template":"","meta":{"_kadence_starter_templates_imported_post":false,"_kad_post_transparent":"","_kad_post_title":"","_kad_post_layout":"","_kad_post_sidebar_id":"","_kad_post_content_style":"","_kad_post_vertical_padding":"","_kad_post_feature":"","_kad_post_feature_position":"","_kad_post_header":false,"_kad_post_footer":false,"_kad_post_classname":"","footnotes":""},"class_list":["post-14931","page","type-page","status-publish","has-post-thumbnail","hentry"],"aioseo_notices":[],"_links":{"self":[{"href":"https:\/\/snowwhitemuseum.com\/fr\/wp-json\/wp\/v2\/pages\/14931","targetHints":{"allow":["GET"]}}],"collection":[{"href":"https:\/\/snowwhitemuseum.com\/fr\/wp-json\/wp\/v2\/pages"}],"about":[{"href":"https:\/\/snowwhitemuseum.com\/fr\/wp-json\/wp\/v2\/types\/page"}],"author":[{"embeddable":true,"href":"https:\/\/snowwhitemuseum.com\/fr\/wp-json\/wp\/v2\/users\/1"}],"replies":[{"embeddable":true,"href":"https:\/\/snowwhitemuseum.com\/fr\/wp-json\/wp\/v2\/comments?post=14931"}],"version-history":[{"count":3,"href":"https:\/\/snowwhitemuseum.com\/fr\/wp-json\/wp\/v2\/pages\/14931\/revisions"}],"predecessor-version":[{"id":14934,"href":"https:\/\/snowwhitemuseum.com\/fr\/wp-json\/wp\/v2\/pages\/14931\/revisions\/14934"}],"up":[{"embeddable":true,"href":"https:\/\/snowwhitemuseum.com\/fr\/wp-json\/wp\/v2\/pages\/12471"}],"wp:featuredmedia":[{"embeddable":true,"href":"https:\/\/snowwhitemuseum.com\/fr\/wp-json\/wp\/v2\/media\/10049"}],"wp:attachment":[{"href":"https:\/\/snowwhitemuseum.com\/fr\/wp-json\/wp\/v2\/media?parent=14931"}],"curies":[{"name":"wp","href":"https:\/\/api.w.org\/{rel}","templated":true}]}}