{"id":15051,"date":"2025-04-07T12:37:30","date_gmt":"2025-04-07T10:37:30","guid":{"rendered":"https:\/\/snowwhitemuseum.com\/?page_id=15051"},"modified":"2025-04-07T12:37:30","modified_gmt":"2025-04-07T10:37:30","slug":"bill-kanady","status":"publish","type":"page","link":"https:\/\/snowwhitemuseum.com\/fr\/merchandising\/records\/american-records\/camarata-conducts-a-modern-musical-interpretation-of-walt-disneys-greatest-score-snow-white-bv4023-1963\/bill-kanady\/","title":{"rendered":"Bill Kanady"},"content":{"rendered":"<style>.wp-block-kadence-column.kb-section-dir-horizontal > .kt-inside-inner-col > .kt-info-box15051_db78e5-fd .kt-blocks-info-box-link-wrap{max-width:unset;}.kt-info-box15051_db78e5-fd .kt-blocks-info-box-link-wrap{padding-top:var(--global-kb-spacing-xs, 1rem);padding-right:var(--global-kb-spacing-xs, 1rem);padding-bottom:var(--global-kb-spacing-xs, 1rem);padding-left:var(--global-kb-spacing-xs, 1rem);}.kt-info-box15051_db78e5-fd .kadence-info-box-icon-container .kt-info-svg-icon, .kt-info-box15051_db78e5-fd .kt-info-svg-icon-flip, .kt-info-box15051_db78e5-fd .kt-blocks-info-box-number{font-size:50px;}.kt-info-box15051_db78e5-fd .kt-blocks-info-box-media{border-top-width:0px;border-right-width:0px;border-bottom-width:0px;border-left-width:0px;padding-top:10px;padding-right:10px;padding-bottom:10px;padding-left:10px;}.kt-info-box15051_db78e5-fd .kt-blocks-info-box-media-container{margin-top:0px;margin-right:15px;margin-bottom:0px;margin-left:15px;}.kt-info-box15051_db78e5-fd .kt-blocks-info-box-learnmore{background:transparent;border-width:0px 0px 0px 0px;padding-top:4px;padding-right:8px;padding-bottom:4px;padding-left:8px;margin-top:10px;margin-right:0px;margin-bottom:10px;margin-left:0px;}<\/style>\n<div class=\"wp-block-kadence-infobox kt-info-box15051_db78e5-fd\"><div class=\"kt-blocks-info-box-link-wrap kt-blocks-info-box-media-align-top kt-info-halign-center\"><div class=\"kt-blocks-info-box-media-container\"><div class=\"kt-blocks-info-box-media kt-info-media-animate-none\"><div class=\"kadence-info-box-icon-container kt-info-icon-animate-none\"><div class=\"kadence-info-box-icon-inner-container\"><span class=\"kb-svg-icon-wrap kb-svg-icon-fe_clipboard kt-info-svg-icon\"><svg viewbox=\"0 0 24 24\"  fill=\"none\" stroke=\"currentColor\" stroke-width=\"2\" stroke-linecap=\"round\" stroke-linejoin=\"round\" xmlns=\"http:\/\/www.w3.org\/2000\/svg\"  aria-hidden=\"true\"><path d=\"M16 4h2a2 2 0 0 1 2 2v14a2 2 0 0 1-2 2H6a2 2 0 0 1-2-2V6a2 2 0 0 1 2-2h2\"\/><rect x=\"8\" y=\"2\" width=\"8\" height=\"4\" rx=\"1\" ry=\"1\"\/><\/svg><\/span><\/div><\/div><\/div><\/div><div class=\"kt-infobox-textcontent\"><h2 class=\"kt-blocks-info-box-title\">Information<\/h2><p class=\"kt-blocks-info-box-text\"><strong>Nom complet :<\/strong> William Kanady<br><br><strong>A travaill\u00e9 au studio Disney entre :<\/strong><br>Occasionally between 1963 and 1967<br><br><strong>Travail sur <em>Blanche Neige :<\/em><\/strong><br>Chanteur dans <a href=\"https:\/\/snowwhitemuseum.com\/fr\/merchandising\/records\/american-records\/camarata-conducts-a-modern-musical-interpretation-of-walt-disneys-greatest-score-snow-white-bv4023-1963\/\" title=\"Camarata dirige une interpr\u00e9tation musicale moderne de la plus grande partition de Walt Disney, Blanche Neige (BV4023) 1963\">L'album de Camarata BV4023<\/a><br><br><a href=\"https:\/\/snowwhitemuseum.com\/fr\/merchandising\/records\/american-records\/camarata-conducts-a-modern-musical-interpretation-of-walt-disneys-greatest-score-snow-white-bv4023-1963\/\" title=\"Camarata dirige une interpr\u00e9tation musicale moderne de la plus grande partition de Walt Disney, Blanche Neige (BV4023) 1963\">Retour \u00e0 L'album de Camarata BV4023<\/a><\/p><\/div><\/div><\/div>\n\n\n<style>.kb-row-layout-id15051_0cfdb2-a0 > .kt-row-column-wrap{align-content:start;}:where(.kb-row-layout-id15051_0cfdb2-a0 > .kt-row-column-wrap) > .wp-block-kadence-column{justify-content:start;}.kb-row-layout-id15051_0cfdb2-a0 > .kt-row-column-wrap{column-gap:var(--global-kb-gap-md, 2rem);row-gap:var(--global-kb-gap-md, 2rem);padding-top:var(--global-kb-spacing-sm, 1.5rem);padding-bottom:var(--global-kb-spacing-sm, 1.5rem);grid-template-columns:minmax(0, 1fr) minmax(0, 2fr);}.kb-row-layout-id15051_0cfdb2-a0 > .kt-row-layout-overlay{opacity:0.30;}@media all and (max-width: 1024px){.kb-row-layout-id15051_0cfdb2-a0 > .kt-row-column-wrap{grid-template-columns:minmax(0, 1fr) minmax(0, 2fr);}}@media all and (max-width: 767px){.kb-row-layout-id15051_0cfdb2-a0 > .kt-row-column-wrap{grid-template-columns:minmax(0, 1fr);}}<\/style><div class=\"kb-row-layout-wrap kb-row-layout-id15051_0cfdb2-a0 alignnone wp-block-kadence-rowlayout\"><div class=\"kt-row-column-wrap kt-has-2-columns kt-row-layout-right-golden kt-tab-layout-inherit kt-mobile-layout-row kt-row-valign-top\">\n<style>.kadence-column15051_c318bc-8b > .kt-inside-inner-col,.kadence-column15051_c318bc-8b > .kt-inside-inner-col:before{border-top-left-radius:0px;border-top-right-radius:0px;border-bottom-right-radius:0px;border-bottom-left-radius:0px;}.kadence-column15051_c318bc-8b > .kt-inside-inner-col{column-gap:var(--global-kb-gap-sm, 1rem);}.kadence-column15051_c318bc-8b > .kt-inside-inner-col{flex-direction:column;}.kadence-column15051_c318bc-8b > .kt-inside-inner-col > .aligncenter{width:100%;}.kadence-column15051_c318bc-8b > .kt-inside-inner-col:before{opacity:0.3;}.kadence-column15051_c318bc-8b{position:relative;}@media all and (max-width: 1024px){.kadence-column15051_c318bc-8b > .kt-inside-inner-col{flex-direction:column;justify-content:center;}}@media all and (max-width: 767px){.kadence-column15051_c318bc-8b > .kt-inside-inner-col{flex-direction:column;justify-content:center;}}<\/style>\n<div class=\"wp-block-kadence-column kadence-column15051_c318bc-8b\"><div class=\"kt-inside-inner-col\">\n<figure class=\"wp-block-image size-full\"><img loading=\"lazy\" decoding=\"async\" width=\"621\" height=\"660\" src=\"https:\/\/snowwhitemuseum.com\/wp-content\/uploads\/2025\/04\/Bill-Kanady-portrait2.jpg\" alt=\"\" class=\"wp-image-15053\" srcset=\"https:\/\/snowwhitemuseum.com\/wp-content\/uploads\/2025\/04\/Bill-Kanady-portrait2.jpg 621w, https:\/\/snowwhitemuseum.com\/wp-content\/uploads\/2025\/04\/Bill-Kanady-portrait2-282x300.jpg 282w, https:\/\/snowwhitemuseum.com\/wp-content\/uploads\/2025\/04\/Bill-Kanady-portrait2-11x12.jpg 11w\" sizes=\"auto, (max-width: 621px) 100vw, 621px\" \/><figcaption class=\"wp-element-caption\">Bill Kanady<\/figcaption><\/figure>\n<\/div><\/div>\n\n\n<style>.kadence-column15051_bb7117-ea > .kt-inside-inner-col,.kadence-column15051_bb7117-ea > .kt-inside-inner-col:before{border-top-left-radius:0px;border-top-right-radius:0px;border-bottom-right-radius:0px;border-bottom-left-radius:0px;}.kadence-column15051_bb7117-ea > .kt-inside-inner-col{column-gap:var(--global-kb-gap-sm, 1rem);}.kadence-column15051_bb7117-ea > .kt-inside-inner-col{flex-direction:column;}.kadence-column15051_bb7117-ea > .kt-inside-inner-col > .aligncenter{width:100%;}.kadence-column15051_bb7117-ea > .kt-inside-inner-col:before{opacity:0.3;}.kadence-column15051_bb7117-ea{position:relative;}@media all and (max-width: 1024px){.kadence-column15051_bb7117-ea > .kt-inside-inner-col{flex-direction:column;justify-content:center;}}@media all and (max-width: 767px){.kadence-column15051_bb7117-ea > .kt-inside-inner-col{flex-direction:column;justify-content:center;}}<\/style>\n<div class=\"wp-block-kadence-column kadence-column15051_bb7117-ea\"><div class=\"kt-inside-inner-col\">\n<p>Bill Kanady \u00e9tait un vocaliste am\u00e9ricain distingu\u00e9, reconnu pour ses contributions polyvalentes \u00e0 la musique du milieu du 20e si\u00e8cle, notamment gr\u00e2ce \u00e0 ses collaborations avec le studio Disney. En tant que chanteur de studio tr\u00e8s recherch\u00e9, la voix claire de t\u00e9nor de Kanady a accompagn\u00e9 de nombreux enregistrements et projets, faisant de lui une figure reconnaissable dans les genres musicaux pour enfants et populaires.<\/p>\n\n\n\n<p>En 1963, Kanady participa \u00e0 <a href=\"https:\/\/snowwhitemuseum.com\/fr\/merchandising\/records\/american-records\/camarata-conducts-a-modern-musical-interpretation-of-walt-disneys-greatest-score-snow-white-bv4023-1963\/\" title=\"Camarata dirige une interpr\u00e9tation musicale moderne de la plus grande partition de Walt Disney, Blanche Neige (BV4023) 1963\">une interpr\u00e9tation musicale moderne de Blanche Neige et les Sept Nains, dirig\u00e9e par Tutti Camarata<\/a>. Ce projet visait \u00e0 r\u00e9imaginer la partition classique avec des arrangements contemporains, et les performances vocales de Kanady furent essentielles pour capturer le charme intemporel des compositions originales.<\/p>\n\n\n\n<p>En 1967, il fut l'un des chanteurs de l'album \"Les Sept Nains et la Mine de Diamants\", o\u00f9 des chansons coup\u00e9es du film original furent utilis\u00e9es.<\/p>\n\n\n\n<p>Il chanta \u00e9galement sur des albums d\u00e9riv\u00e9s des films en prises de vues r\u00e9elles de Disney, tels que <em>20 000 Lieues sous les Mers<\/em>, <em>La L\u00e9gende de Lobo<\/em> ou <em>Le Plus Heureux des Millionnaires<\/em>.<\/p>\n\n\n\n<p>En 1969, Kanady pr\u00eata ses talents vocaux pour la sortie du disque Disneyland intitul\u00e9 \"Le petit train bleu\". En collaborant avec la narratrice Laura Olsher, les performances de Kanady ont donn\u00e9 vie \u00e0 des histoires et chansons pour enfants, renfor\u00e7ant ainsi son association avec les projets musicaux de Disney.<\/p>\n\n\n\n<p>Au-del\u00e0 de son travail avec Disney, Kanady \u00e9tait membre des Jack Halloran Singers, un groupe choral connu pour ses harmonies riches et ses contributions \u00e0 divers enregistrements et performances. Son implication avec cet ensemble mettait en valeur son adaptabilit\u00e9 et son talent \u00e0 s'int\u00e9grer dans une dynamique de groupe. <\/p>\n\n\n\n<p>Les collaborations de Kanady s'\u00e9tendaient \u00e9galement \u00e0 des artistes notables comme Cliff Edwards, \u00e9galement connu sous le nom de \"Ukulele Ike\". Leur duo The Latin Eskimo, extrait de l'album de 1965<strong>Multiplication et division par Walt Disney<\/strong>, illustre la capacit\u00e9 de Kanady \u00e0 fusionner parfaitement sa voix avec celle des autres, cr\u00e9ant des pi\u00e8ces musicales m\u00e9morables.<\/p>\n\n\n\n<p>Tout au long de sa carri\u00e8re, les contributions de Bill Kanady aux projets Disney et ses collaborations avec divers artistes soulignent sa polyvalence et son impact durable sur le paysage musical de son \u00e9poque.<\/p>\n<\/div><\/div>\n\n<\/div><\/div>","protected":false},"excerpt":{"rendered":"<p>Bill Kanady was a distinguished American vocalist renowned for his versatile contributions to mid-20th-century music, particularly through his collaborations with the Disney studio. As a sought-after studio singer, Kanady&#8217;s clear tenor voice graced numerous recordings and projects, making him a recognizable figure in both children&#8217;s and popular music genres. In 1963, Kanady participated in a&#8230;<\/p>","protected":false},"author":1,"featured_media":15052,"parent":15007,"menu_order":0,"comment_status":"closed","ping_status":"closed","template":"","meta":{"_kadence_starter_templates_imported_post":false,"_kad_post_transparent":"","_kad_post_title":"","_kad_post_layout":"","_kad_post_sidebar_id":"","_kad_post_content_style":"","_kad_post_vertical_padding":"","_kad_post_feature":"","_kad_post_feature_position":"","_kad_post_header":false,"_kad_post_footer":false,"_kad_post_classname":"","footnotes":""},"class_list":["post-15051","page","type-page","status-publish","has-post-thumbnail","hentry"],"aioseo_notices":[],"_links":{"self":[{"href":"https:\/\/snowwhitemuseum.com\/fr\/wp-json\/wp\/v2\/pages\/15051","targetHints":{"allow":["GET"]}}],"collection":[{"href":"https:\/\/snowwhitemuseum.com\/fr\/wp-json\/wp\/v2\/pages"}],"about":[{"href":"https:\/\/snowwhitemuseum.com\/fr\/wp-json\/wp\/v2\/types\/page"}],"author":[{"embeddable":true,"href":"https:\/\/snowwhitemuseum.com\/fr\/wp-json\/wp\/v2\/users\/1"}],"replies":[{"embeddable":true,"href":"https:\/\/snowwhitemuseum.com\/fr\/wp-json\/wp\/v2\/comments?post=15051"}],"version-history":[{"count":3,"href":"https:\/\/snowwhitemuseum.com\/fr\/wp-json\/wp\/v2\/pages\/15051\/revisions"}],"predecessor-version":[{"id":15056,"href":"https:\/\/snowwhitemuseum.com\/fr\/wp-json\/wp\/v2\/pages\/15051\/revisions\/15056"}],"up":[{"embeddable":true,"href":"https:\/\/snowwhitemuseum.com\/fr\/wp-json\/wp\/v2\/pages\/15007"}],"wp:featuredmedia":[{"embeddable":true,"href":"https:\/\/snowwhitemuseum.com\/fr\/wp-json\/wp\/v2\/media\/15052"}],"wp:attachment":[{"href":"https:\/\/snowwhitemuseum.com\/fr\/wp-json\/wp\/v2\/media?parent=15051"}],"curies":[{"name":"wp","href":"https:\/\/api.w.org\/{rel}","templated":true}]}}