{"id":15235,"date":"2025-04-17T13:18:06","date_gmt":"2025-04-17T11:18:06","guid":{"rendered":"https:\/\/snowwhitemuseum.com\/?page_id=15235"},"modified":"2025-04-17T13:18:06","modified_gmt":"2025-04-17T11:18:06","slug":"adrien-lamy","status":"publish","type":"page","link":"https:\/\/snowwhitemuseum.com\/fr\/merchandising\/records\/french-records\/adrien-lamy\/","title":{"rendered":"Adrien Lamy"},"content":{"rendered":"<style>.wp-block-kadence-column.kb-section-dir-horizontal > .kt-inside-inner-col > .kt-info-box15235_5c77f6-65 .kt-blocks-info-box-link-wrap{max-width:unset;}.kt-info-box15235_5c77f6-65 .kt-blocks-info-box-link-wrap{padding-top:var(--global-kb-spacing-xs, 1rem);padding-right:var(--global-kb-spacing-xs, 1rem);padding-bottom:var(--global-kb-spacing-xs, 1rem);padding-left:var(--global-kb-spacing-xs, 1rem);}.kt-info-box15235_5c77f6-65 .kadence-info-box-icon-container .kt-info-svg-icon, .kt-info-box15235_5c77f6-65 .kt-info-svg-icon-flip, .kt-info-box15235_5c77f6-65 .kt-blocks-info-box-number{font-size:50px;}.kt-info-box15235_5c77f6-65 .kt-blocks-info-box-media{border-top-width:0px;border-right-width:0px;border-bottom-width:0px;border-left-width:0px;padding-top:10px;padding-right:10px;padding-bottom:10px;padding-left:10px;}.kt-info-box15235_5c77f6-65 .kt-blocks-info-box-media-container{margin-top:0px;margin-right:15px;margin-bottom:0px;margin-left:15px;}.kt-info-box15235_5c77f6-65 .kt-blocks-info-box-learnmore{background:transparent;border-width:0px 0px 0px 0px;padding-top:4px;padding-right:8px;padding-bottom:4px;padding-left:8px;margin-top:10px;margin-right:0px;margin-bottom:10px;margin-left:0px;}<\/style>\n<div class=\"wp-block-kadence-infobox kt-info-box15235_5c77f6-65\"><div class=\"kt-blocks-info-box-link-wrap kt-blocks-info-box-media-align-top kt-info-halign-center\"><div class=\"kt-blocks-info-box-media-container\"><div class=\"kt-blocks-info-box-media kt-info-media-animate-none\"><div class=\"kadence-info-box-icon-container kt-info-icon-animate-none\"><div class=\"kadence-info-box-icon-inner-container\"><span class=\"kb-svg-icon-wrap kb-svg-icon-fe_clipboard kt-info-svg-icon\"><svg viewBox=\"0 0 24 24\"  fill=\"none\" stroke=\"currentColor\" stroke-width=\"2\" stroke-linecap=\"round\" stroke-linejoin=\"round\" xmlns=\"http:\/\/www.w3.org\/2000\/svg\"  aria-hidden=\"true\"><path d=\"M16 4h2a2 2 0 0 1 2 2v14a2 2 0 0 1-2 2H6a2 2 0 0 1-2-2V6a2 2 0 0 1 2-2h2\"\/><rect x=\"8\" y=\"2\" width=\"8\" height=\"4\" rx=\"1\" ry=\"1\"\/><\/svg><\/span><\/div><\/div><\/div><\/div><div class=\"kt-infobox-textcontent\"><h2 class=\"kt-blocks-info-box-title\">Information<\/h2><p class=\"kt-blocks-info-box-text\"><strong>Full name:<\/strong> Adrien Maurice \u00c9douard Castar\u00e8de<br><strong>Birth:<\/strong> May 17, 1884 in Paris, France<br><strong>Death:<\/strong> June 15, 1940 in Orl\u00e9ans, France<br><br><strong>Marriage:<\/strong><br>Suzanne \u00c9milienne Blanchet (April 8, 1924 &#8211; ?)<br>\u00c9milienne Raymonde Vautier (April 3, 1937 &#8211; June 15, 1940)<br><br><strong>Job on <em>Snow White:<\/em><\/strong><br>Singer on the Snow White record <strong>Columbia DF2409 MC 3215<\/strong><br>Narrator on <a href=\"https:\/\/snowwhitemuseum.com\/merchandising\/records\/french-records\/the-story-of-snow-white-and-the-seven-dwarfs-from-walt-disneys-film-told-and-sung-on-two-gramophone-his-masters-voice-discs\/\" title=\"The story of Snow White and the Seven Dwarfs from Walt Disney\u2019s film told and sung on two Gramophone His Master\u2019s Voice discs\">the record set SP1 &amp; SP2<\/a><\/p><\/div><\/div><\/div>\n\n\n<style>.kb-row-layout-id15235_f1e879-5c > .kt-row-column-wrap{align-content:start;}:where(.kb-row-layout-id15235_f1e879-5c > .kt-row-column-wrap) > .wp-block-kadence-column{justify-content:start;}.kb-row-layout-id15235_f1e879-5c > .kt-row-column-wrap{column-gap:var(--global-kb-gap-md, 2rem);row-gap:var(--global-kb-gap-md, 2rem);padding-top:var(--global-kb-spacing-sm, 1.5rem);padding-bottom:var(--global-kb-spacing-sm, 1.5rem);grid-template-columns:minmax(0, 1fr) minmax(0, 2fr);}.kb-row-layout-id15235_f1e879-5c > .kt-row-layout-overlay{opacity:0.30;}@media all and (max-width: 1024px){.kb-row-layout-id15235_f1e879-5c > .kt-row-column-wrap{grid-template-columns:minmax(0, 1fr) minmax(0, 2fr);}}@media all and (max-width: 767px){.kb-row-layout-id15235_f1e879-5c > .kt-row-column-wrap{grid-template-columns:minmax(0, 1fr);}}<\/style><div class=\"kb-row-layout-wrap kb-row-layout-id15235_f1e879-5c alignnone wp-block-kadence-rowlayout\"><div class=\"kt-row-column-wrap kt-has-2-columns kt-row-layout-right-golden kt-tab-layout-inherit kt-mobile-layout-row kt-row-valign-top\">\n<style>.kadence-column15235_2212bb-19 > .kt-inside-inner-col,.kadence-column15235_2212bb-19 > .kt-inside-inner-col:before{border-top-left-radius:0px;border-top-right-radius:0px;border-bottom-right-radius:0px;border-bottom-left-radius:0px;}.kadence-column15235_2212bb-19 > .kt-inside-inner-col{column-gap:var(--global-kb-gap-sm, 1rem);}.kadence-column15235_2212bb-19 > .kt-inside-inner-col{flex-direction:column;}.kadence-column15235_2212bb-19 > .kt-inside-inner-col > .aligncenter{width:100%;}.kadence-column15235_2212bb-19 > .kt-inside-inner-col:before{opacity:0.3;}.kadence-column15235_2212bb-19{position:relative;}@media all and (max-width: 1024px){.kadence-column15235_2212bb-19 > .kt-inside-inner-col{flex-direction:column;justify-content:center;}}@media all and (max-width: 767px){.kadence-column15235_2212bb-19 > .kt-inside-inner-col{flex-direction:column;justify-content:center;}}<\/style>\n<div class=\"wp-block-kadence-column kadence-column15235_2212bb-19\"><div class=\"kt-inside-inner-col\">\n<figure class=\"wp-block-image size-full\"><img loading=\"lazy\" decoding=\"async\" width=\"525\" height=\"753\" src=\"https:\/\/snowwhitemuseum.com\/wp-content\/uploads\/2025\/04\/Adrien-Lamy-portrait.jpg\" alt=\"\" class=\"wp-image-15239\" srcset=\"https:\/\/snowwhitemuseum.com\/wp-content\/uploads\/2025\/04\/Adrien-Lamy-portrait.jpg 525w, https:\/\/snowwhitemuseum.com\/wp-content\/uploads\/2025\/04\/Adrien-Lamy-portrait-209x300.jpg 209w, https:\/\/snowwhitemuseum.com\/wp-content\/uploads\/2025\/04\/Adrien-Lamy-portrait-8x12.jpg 8w\" sizes=\"auto, (max-width: 525px) 100vw, 525px\" \/><figcaption class=\"wp-element-caption\">Adrien Lamy<\/figcaption><\/figure>\n<\/div><\/div>\n\n\n<style>.kadence-column15235_16ebc2-85 > .kt-inside-inner-col,.kadence-column15235_16ebc2-85 > .kt-inside-inner-col:before{border-top-left-radius:0px;border-top-right-radius:0px;border-bottom-right-radius:0px;border-bottom-left-radius:0px;}.kadence-column15235_16ebc2-85 > .kt-inside-inner-col{column-gap:var(--global-kb-gap-sm, 1rem);}.kadence-column15235_16ebc2-85 > .kt-inside-inner-col{flex-direction:column;}.kadence-column15235_16ebc2-85 > .kt-inside-inner-col > .aligncenter{width:100%;}.kadence-column15235_16ebc2-85 > .kt-inside-inner-col:before{opacity:0.3;}.kadence-column15235_16ebc2-85{position:relative;}@media all and (max-width: 1024px){.kadence-column15235_16ebc2-85 > .kt-inside-inner-col{flex-direction:column;justify-content:center;}}@media all and (max-width: 767px){.kadence-column15235_16ebc2-85 > .kt-inside-inner-col{flex-direction:column;justify-content:center;}}<\/style>\n<div class=\"wp-block-kadence-column kadence-column15235_16ebc2-85\"><div class=\"kt-inside-inner-col\"><style>.wp-block-kadence-advancedheading.kt-adv-heading15235_d2ba52-53, .wp-block-kadence-advancedheading.kt-adv-heading15235_d2ba52-53[data-kb-block=\"kb-adv-heading15235_d2ba52-53\"]{font-style:normal;}.wp-block-kadence-advancedheading.kt-adv-heading15235_d2ba52-53 mark.kt-highlight, .wp-block-kadence-advancedheading.kt-adv-heading15235_d2ba52-53[data-kb-block=\"kb-adv-heading15235_d2ba52-53\"] mark.kt-highlight{font-style:normal;color:#f76a0c;-webkit-box-decoration-break:clone;box-decoration-break:clone;padding-top:0px;padding-right:0px;padding-bottom:0px;padding-left:0px;}.wp-block-kadence-advancedheading.kt-adv-heading15235_d2ba52-53 img.kb-inline-image, .wp-block-kadence-advancedheading.kt-adv-heading15235_d2ba52-53[data-kb-block=\"kb-adv-heading15235_d2ba52-53\"] img.kb-inline-image{width:150px;vertical-align:baseline;}<\/style>\n<h2 class=\"kt-adv-heading15235_d2ba52-53 wp-block-kadence-advancedheading\" data-kb-block=\"kb-adv-heading15235_d2ba52-53\">A famous voice<\/h2>\n\n\n\n<p>Adrien Lamy, born on May 17, 1894, in Paris, was a versatile French artist, recognized as an actor, singer, and pioneer of radio. Coming from a family of artists\u2014his grandfather was a theater director in Lyon and his father, Charles Lamy, was a lyric artist\u2014he began his career in Parisian revues and operettas as early as 1915. Between 1923 and 1940, Lamy recorded more than 200 tracks for labels such as Columbia, Path\u00e9, and Od\u00e9on. He stood out for his duets with artists like Jos\u00e9phine Baker, particularly in the famous songs <em>J&#8217;ai deux amours<\/em> and <em>Voulez-vous de la canne \u00e0 sucre?<\/em> His varied repertoire included operetta airs, popular songs, and children&#8217;s records. He is also known for being the narrator of the record telling the story of <em>Snow White and the Seven Dwarfs<\/em>, a significant recording of the time, and he himself recorded a disc of songs from the film, contributing to the spread of this Disney masterpiece.<\/p>\n\n\n\n<p>In parallel, Lamy had a career in cinema, appearing in films such as <em>Les S\u0153urs Hortensias<\/em> (1935), <em>Prince des Six Jours<\/em> (1936), and <em>Le Petit Chose<\/em> (1938). He was also one of the first actors to appear in <em>Chiqu\u00e9<\/em> (1930), the first talking film shot in France, where he played an American character, marking an important milestone in the history of French cinema. His screen presence was defined by his warm voice and natural charisma. He was the French voice of Fred Astaire in <em>The Gay Divorcee<\/em>.<\/p>\n\n\n\n<p>Passionate about radio, he became a radio amateur under the call sign F8IL in 1925 and played an active role in the founding of the French Broadcasting Network (R\u00e9seau des \u00c9metteurs Fran\u00e7ais, REF), of which he became the general secretary. He was also one of the first to build a transmitter at home, contributing to the development of broadcasting in France.<\/p>\n\n\n\n<p>On June 15, 1940, during World War II, Adrien Lamy was killed in Orl\u00e9ans in a German bombing raid. His body was found on July 2, 1940. His premature death deprived the French artistic scene of a precious talent.<\/p>\n<\/div><\/div>\n\n<\/div><\/div>","protected":false},"excerpt":{"rendered":"<p>A famous voice Adrien Lamy, born on May 17, 1894, in Paris, was a versatile French artist, recognized as an actor, singer, and pioneer of radio. Coming from a family of artists\u2014his grandfather was a theater director in Lyon and his father, Charles Lamy, was a lyric artist\u2014he began his career in Parisian revues and&#8230;<\/p>","protected":false},"author":1,"featured_media":15238,"parent":5735,"menu_order":0,"comment_status":"closed","ping_status":"closed","template":"","meta":{"_kadence_starter_templates_imported_post":false,"_kad_post_transparent":"","_kad_post_title":"","_kad_post_layout":"","_kad_post_sidebar_id":"","_kad_post_content_style":"","_kad_post_vertical_padding":"","_kad_post_feature":"","_kad_post_feature_position":"","_kad_post_header":false,"_kad_post_footer":false,"_kad_post_classname":"","footnotes":""},"class_list":["post-15235","page","type-page","status-publish","has-post-thumbnail","hentry"],"aioseo_notices":[],"_links":{"self":[{"href":"https:\/\/snowwhitemuseum.com\/fr\/wp-json\/wp\/v2\/pages\/15235","targetHints":{"allow":["GET"]}}],"collection":[{"href":"https:\/\/snowwhitemuseum.com\/fr\/wp-json\/wp\/v2\/pages"}],"about":[{"href":"https:\/\/snowwhitemuseum.com\/fr\/wp-json\/wp\/v2\/types\/page"}],"author":[{"embeddable":true,"href":"https:\/\/snowwhitemuseum.com\/fr\/wp-json\/wp\/v2\/users\/1"}],"replies":[{"embeddable":true,"href":"https:\/\/snowwhitemuseum.com\/fr\/wp-json\/wp\/v2\/comments?post=15235"}],"version-history":[{"count":3,"href":"https:\/\/snowwhitemuseum.com\/fr\/wp-json\/wp\/v2\/pages\/15235\/revisions"}],"predecessor-version":[{"id":15240,"href":"https:\/\/snowwhitemuseum.com\/fr\/wp-json\/wp\/v2\/pages\/15235\/revisions\/15240"}],"up":[{"embeddable":true,"href":"https:\/\/snowwhitemuseum.com\/fr\/wp-json\/wp\/v2\/pages\/5735"}],"wp:featuredmedia":[{"embeddable":true,"href":"https:\/\/snowwhitemuseum.com\/fr\/wp-json\/wp\/v2\/media\/15238"}],"wp:attachment":[{"href":"https:\/\/snowwhitemuseum.com\/fr\/wp-json\/wp\/v2\/media?parent=15235"}],"curies":[{"name":"wp","href":"https:\/\/api.w.org\/{rel}","templated":true}]}}