{"id":15336,"date":"2025-05-09T10:32:26","date_gmt":"2025-05-09T08:32:26","guid":{"rendered":"https:\/\/snowwhitemuseum.com\/?page_id=15336"},"modified":"2025-05-09T10:32:26","modified_gmt":"2025-05-09T08:32:26","slug":"maurice-vamby","status":"publish","type":"page","link":"https:\/\/snowwhitemuseum.com\/fr\/merchandising\/records\/french-records\/maurice-vamby\/","title":{"rendered":"Maurice Vamby"},"content":{"rendered":"<style>.wp-block-kadence-column.kb-section-dir-horizontal > .kt-inside-inner-col > .kt-info-box15336_f213e4-68 .kt-blocks-info-box-link-wrap{max-width:unset;}.kt-info-box15336_f213e4-68 .kt-blocks-info-box-link-wrap{padding-top:var(--global-kb-spacing-xs, 1rem);padding-right:var(--global-kb-spacing-xs, 1rem);padding-bottom:var(--global-kb-spacing-xs, 1rem);padding-left:var(--global-kb-spacing-xs, 1rem);}.kt-info-box15336_f213e4-68 .kadence-info-box-icon-container .kt-info-svg-icon, .kt-info-box15336_f213e4-68 .kt-info-svg-icon-flip, .kt-info-box15336_f213e4-68 .kt-blocks-info-box-number{font-size:50px;}.kt-info-box15336_f213e4-68 .kt-blocks-info-box-media{border-top-width:0px;border-right-width:0px;border-bottom-width:0px;border-left-width:0px;padding-top:10px;padding-right:10px;padding-bottom:10px;padding-left:10px;}.kt-info-box15336_f213e4-68 .kt-blocks-info-box-media-container{margin-top:0px;margin-right:15px;margin-bottom:0px;margin-left:15px;}.kt-info-box15336_f213e4-68 .kt-blocks-info-box-learnmore{background:transparent;border-width:0px 0px 0px 0px;padding-top:4px;padding-right:8px;padding-bottom:4px;padding-left:8px;margin-top:10px;margin-right:0px;margin-bottom:10px;margin-left:0px;}<\/style>\n<div class=\"wp-block-kadence-infobox kt-info-box15336_f213e4-68\"><div class=\"kt-blocks-info-box-link-wrap kt-blocks-info-box-media-align-top kt-info-halign-center\"><div class=\"kt-blocks-info-box-media-container\"><div class=\"kt-blocks-info-box-media kt-info-media-animate-none\"><div class=\"kadence-info-box-icon-container kt-info-icon-animate-none\"><div class=\"kadence-info-box-icon-inner-container\"><span class=\"kb-svg-icon-wrap kb-svg-icon-fe_clipboard kt-info-svg-icon\"><svg viewbox=\"0 0 24 24\"  fill=\"none\" stroke=\"currentColor\" stroke-width=\"2\" stroke-linecap=\"round\" stroke-linejoin=\"round\" xmlns=\"http:\/\/www.w3.org\/2000\/svg\"  aria-hidden=\"true\"><path d=\"M16 4h2a2 2 0 0 1 2 2v14a2 2 0 0 1-2 2H6a2 2 0 0 1-2-2V6a2 2 0 0 1 2-2h2\"\/><rect x=\"8\" y=\"2\" width=\"8\" height=\"4\" rx=\"1\" ry=\"1\"\/><\/svg><\/span><\/div><\/div><\/div><\/div><div class=\"kt-infobox-textcontent\"><h2 class=\"kt-blocks-info-box-title\">Information<\/h2><p class=\"kt-blocks-info-box-text\"><strong>Nom complet :<\/strong> Maurice Vanbiguin<br><strong>Naissance :<\/strong> 21 d\u00e9cembre 1927 \u00e0 Paris, France<br><strong>Mort :<\/strong> 13 mai 2014 \u00e0 Couilly-Pont-aux-Dames, France<br><br><strong>Travail sur <em>Blanche Neige :<\/em><\/strong><br>Les nains sur le disque de Blanche Neige <strong>Blanche Neige apprend l'heure aux sept nains<\/strong><br>Les nains sur le disque de Blanche Neige <strong>Blanche Neige et les sept gourmands<\/strong><br>Les nains et la narration sur le disque de Blanche Neige <strong>Prof apprend l'alphabet \u00e0 ses copains les nains<\/strong><br>Les nains et la narration sur le disque de Blanche Neige <strong>Les 7 nains deviennent savants<\/strong><\/p><\/div><\/div><\/div>\n\n\n<style>.kb-row-layout-id15336_fb23fb-18 > .kt-row-column-wrap{align-content:start;}:where(.kb-row-layout-id15336_fb23fb-18 > .kt-row-column-wrap) > .wp-block-kadence-column{justify-content:start;}.kb-row-layout-id15336_fb23fb-18 > .kt-row-column-wrap{column-gap:var(--global-kb-gap-md, 2rem);row-gap:var(--global-kb-gap-md, 2rem);padding-top:var(--global-kb-spacing-sm, 1.5rem);padding-bottom:var(--global-kb-spacing-sm, 1.5rem);grid-template-columns:minmax(0, 1fr) minmax(0, 2fr);}.kb-row-layout-id15336_fb23fb-18 > .kt-row-layout-overlay{opacity:0.30;}@media all and (max-width: 1024px){.kb-row-layout-id15336_fb23fb-18 > .kt-row-column-wrap{grid-template-columns:minmax(0, 1fr) minmax(0, 2fr);}}@media all and (max-width: 767px){.kb-row-layout-id15336_fb23fb-18 > .kt-row-column-wrap{grid-template-columns:minmax(0, 1fr);}}<\/style><div class=\"kb-row-layout-wrap kb-row-layout-id15336_fb23fb-18 alignnone wp-block-kadence-rowlayout\"><div class=\"kt-row-column-wrap kt-has-2-columns kt-row-layout-right-golden kt-tab-layout-inherit kt-mobile-layout-row kt-row-valign-top\">\n<style>.kadence-column15336_f386d8-e9 > .kt-inside-inner-col,.kadence-column15336_f386d8-e9 > .kt-inside-inner-col:before{border-top-left-radius:0px;border-top-right-radius:0px;border-bottom-right-radius:0px;border-bottom-left-radius:0px;}.kadence-column15336_f386d8-e9 > .kt-inside-inner-col{column-gap:var(--global-kb-gap-sm, 1rem);}.kadence-column15336_f386d8-e9 > .kt-inside-inner-col{flex-direction:column;}.kadence-column15336_f386d8-e9 > .kt-inside-inner-col > .aligncenter{width:100%;}.kadence-column15336_f386d8-e9 > .kt-inside-inner-col:before{opacity:0.3;}.kadence-column15336_f386d8-e9{position:relative;}@media all and (max-width: 1024px){.kadence-column15336_f386d8-e9 > .kt-inside-inner-col{flex-direction:column;justify-content:center;}}@media all and (max-width: 767px){.kadence-column15336_f386d8-e9 > .kt-inside-inner-col{flex-direction:column;justify-content:center;}}<\/style>\n<div class=\"wp-block-kadence-column kadence-column15336_f386d8-e9\"><div class=\"kt-inside-inner-col\">\n<figure data-wp-context=\"{&quot;imageId&quot;:&quot;69f9dd2672ecc&quot;}\" data-wp-interactive=\"core\/image\" data-wp-key=\"69f9dd2672ecc\" class=\"wp-block-image size-large wp-lightbox-container\"><img loading=\"lazy\" decoding=\"async\" width=\"1024\" height=\"576\" data-wp-class--hide=\"state.isContentHidden\" data-wp-class--show=\"state.isContentVisible\" data-wp-init=\"callbacks.setButtonStyles\" data-wp-on--click=\"actions.showLightbox\" data-wp-on--load=\"callbacks.setButtonStyles\" data-wp-on-window--resize=\"callbacks.setButtonStyles\" src=\"https:\/\/snowwhitemuseum.com\/wp-content\/uploads\/2025\/05\/Maurice-Vamby-in-Moi-yena-vouloir-des-sous-1973-1024x576.jpg\" alt=\"\" class=\"wp-image-15357\" srcset=\"https:\/\/snowwhitemuseum.com\/wp-content\/uploads\/2025\/05\/Maurice-Vamby-in-Moi-yena-vouloir-des-sous-1973-1024x576.jpg 1024w, https:\/\/snowwhitemuseum.com\/wp-content\/uploads\/2025\/05\/Maurice-Vamby-in-Moi-yena-vouloir-des-sous-1973-300x169.jpg 300w, https:\/\/snowwhitemuseum.com\/wp-content\/uploads\/2025\/05\/Maurice-Vamby-in-Moi-yena-vouloir-des-sous-1973-768x432.jpg 768w, https:\/\/snowwhitemuseum.com\/wp-content\/uploads\/2025\/05\/Maurice-Vamby-in-Moi-yena-vouloir-des-sous-1973-18x10.jpg 18w, https:\/\/snowwhitemuseum.com\/wp-content\/uploads\/2025\/05\/Maurice-Vamby-in-Moi-yena-vouloir-des-sous-1973.jpg 1339w\" sizes=\"auto, (max-width: 1024px) 100vw, 1024px\" \/><button\n\t\t\tclass=\"lightbox-trigger\"\n\t\t\ttype=\"button\"\n\t\t\taria-haspopup=\"dialog\"\n\t\t\taria-label=\"Agrandir\"\n\t\t\tdata-wp-init=\"callbacks.initTriggerButton\"\n\t\t\tdata-wp-on--click=\"actions.showLightbox\"\n\t\t\tdata-wp-style--right=\"state.imageButtonRight\"\n\t\t\tdata-wp-style--top=\"state.imageButtonTop\"\n\t\t>\n\t\t\t<svg xmlns=\"http:\/\/www.w3.org\/2000\/svg\" width=\"12\" height=\"12\" fill=\"none\" viewbox=\"0 0 12 12\">\n\t\t\t\t<path fill=\"#fff\" d=\"M2 0a2 2 0 0 0-2 2v2h1.5V2a.5.5 0 0 1 .5-.5h2V0H2Zm2 10.5H2a.5.5 0 0 1-.5-.5V8H0v2a2 2 0 0 0 2 2h2v-1.5ZM8 12v-1.5h2a.5.5 0 0 0 .5-.5V8H12v2a2 2 0 0 1-2 2H8Zm2-12a2 2 0 0 1 2 2v2h-1.5V2a.5.5 0 0 0-.5-.5H8V0h2Z\" \/>\n\t\t\t<\/svg>\n\t\t<\/button><figcaption class=\"wp-element-caption\">Maurice Vamby dans Moi y'en a vouloir des sous (1973)<\/figcaption><\/figure>\n<\/div><\/div>\n\n\n<style>.kadence-column15336_1a14b8-88 > .kt-inside-inner-col,.kadence-column15336_1a14b8-88 > .kt-inside-inner-col:before{border-top-left-radius:0px;border-top-right-radius:0px;border-bottom-right-radius:0px;border-bottom-left-radius:0px;}.kadence-column15336_1a14b8-88 > .kt-inside-inner-col{column-gap:var(--global-kb-gap-sm, 1rem);}.kadence-column15336_1a14b8-88 > .kt-inside-inner-col{flex-direction:column;}.kadence-column15336_1a14b8-88 > .kt-inside-inner-col > .aligncenter{width:100%;}.kadence-column15336_1a14b8-88 > .kt-inside-inner-col:before{opacity:0.3;}.kadence-column15336_1a14b8-88{position:relative;}@media all and (max-width: 1024px){.kadence-column15336_1a14b8-88 > .kt-inside-inner-col{flex-direction:column;justify-content:center;}}@media all and (max-width: 767px){.kadence-column15336_1a14b8-88 > .kt-inside-inner-col{flex-direction:column;justify-content:center;}}<\/style>\n<div class=\"wp-block-kadence-column kadence-column15336_1a14b8-88\"><div class=\"kt-inside-inner-col\">\n<p>Maurice Vamby \u00e9tait un acteur et humoriste fran\u00e7ais, connu pour ses collaborations avec le r\u00e9alisateur et humoriste Jean Yanne. D'origine modeste, il commence sa carri\u00e8re dans le cabaret et la radio, puis la t\u00e9l\u00e9vision avant de se tourner vers le cin\u00e9ma dans les ann\u00e9es 1970. Son physique singulier et son jeu d\u00e9cal\u00e9 lui permettent de se faire une place dans le cin\u00e9ma comique et de caract\u00e8re. Il a notamment jou\u00e9 dans plusieurs films aux c\u00f4t\u00e9s de Jean Yanne, comme <em>Moi y'en a vouloir des sous<\/em> (1973) et <em>Les Chinois \u00e0 Paris<\/em> (1974), o\u00f9 son humour d\u00e9cal\u00e9 et son sens du timing apportaient une touche particuli\u00e8re \u00e0 ses r\u00f4les.<\/p>\n\n\n\n<p>Pour les enfants, Maurice Vamby enregistra plusieurs livres-disques \u00e9ducatifs (<em>Arago X-001<\/em> pour Jean Image, <em>Mickey et le haricot magique<\/em>, etc.), dont trois avec les personnages de <em>Blanche Neige et les sept nains<\/em>. Les deux premiers, o\u00f9 il jouait principalement les nains, furent enregistr\u00e9s avec Rosy Varte : <em>Blanche Neige apprend l'heure aux sept nains<\/em> et <em>Blanche Neige et les sept gourmands<\/em>. Il reprend seul le r\u00f4le de narrateur dans <em>Prof apprend l'alphabet \u00e0 ses copains les nains<\/em>. Les trois histoires furent ensuite rassembl\u00e9es dans un grand disque intitul\u00e9 <em>Les 7 nains deviennent savants<\/em>.<\/p>\n\n\n\n<p>Pour Walt Disney, on retrouve sa voix sur le personnage de Fr\u00e8re Tuck dans l'histoire de <em>Robin des bois<\/em> sur disque.<\/p>\n<\/div><\/div>\n\n<\/div><\/div>","protected":false},"excerpt":{"rendered":"<p>Maurice Vamby was a French actor and comedian, known for his collaborations with director and comedian Jean Yanne. Coming from modest beginnings, he started his career in cabaret and radio, then television, before turning to film in the 1970s. His distinctive appearance and offbeat acting style helped him carve out a place in comedy and&#8230;<\/p>","protected":false},"author":1,"featured_media":15357,"parent":5735,"menu_order":0,"comment_status":"closed","ping_status":"closed","template":"","meta":{"_kadence_starter_templates_imported_post":false,"_kad_post_transparent":"","_kad_post_title":"","_kad_post_layout":"","_kad_post_sidebar_id":"","_kad_post_content_style":"","_kad_post_vertical_padding":"","_kad_post_feature":"","_kad_post_feature_position":"","_kad_post_header":false,"_kad_post_footer":false,"_kad_post_classname":"","footnotes":""},"class_list":["post-15336","page","type-page","status-publish","has-post-thumbnail","hentry"],"aioseo_notices":[],"_links":{"self":[{"href":"https:\/\/snowwhitemuseum.com\/fr\/wp-json\/wp\/v2\/pages\/15336","targetHints":{"allow":["GET"]}}],"collection":[{"href":"https:\/\/snowwhitemuseum.com\/fr\/wp-json\/wp\/v2\/pages"}],"about":[{"href":"https:\/\/snowwhitemuseum.com\/fr\/wp-json\/wp\/v2\/types\/page"}],"author":[{"embeddable":true,"href":"https:\/\/snowwhitemuseum.com\/fr\/wp-json\/wp\/v2\/users\/1"}],"replies":[{"embeddable":true,"href":"https:\/\/snowwhitemuseum.com\/fr\/wp-json\/wp\/v2\/comments?post=15336"}],"version-history":[{"count":5,"href":"https:\/\/snowwhitemuseum.com\/fr\/wp-json\/wp\/v2\/pages\/15336\/revisions"}],"predecessor-version":[{"id":15358,"href":"https:\/\/snowwhitemuseum.com\/fr\/wp-json\/wp\/v2\/pages\/15336\/revisions\/15358"}],"up":[{"embeddable":true,"href":"https:\/\/snowwhitemuseum.com\/fr\/wp-json\/wp\/v2\/pages\/5735"}],"wp:featuredmedia":[{"embeddable":true,"href":"https:\/\/snowwhitemuseum.com\/fr\/wp-json\/wp\/v2\/media\/15357"}],"wp:attachment":[{"href":"https:\/\/snowwhitemuseum.com\/fr\/wp-json\/wp\/v2\/media?parent=15336"}],"curies":[{"name":"wp","href":"https:\/\/api.w.org\/{rel}","templated":true}]}}