{"id":15346,"date":"2025-05-08T15:29:50","date_gmt":"2025-05-08T13:29:50","guid":{"rendered":"https:\/\/snowwhitemuseum.com\/?page_id=15346"},"modified":"2025-05-08T15:29:50","modified_gmt":"2025-05-08T13:29:50","slug":"walt-disneys-snow-white-and-the-seven-dwarfs-96-page-story-book-whitman-w714-1938","status":"publish","type":"page","link":"https:\/\/snowwhitemuseum.com\/fr\/merchandising\/books\/american-books\/walt-disneys-snow-white-and-the-seven-dwarfs-96-page-story-book-whitman-w714-1938\/","title":{"rendered":"Blanche Neige et les sept nains de Walt Disney - livre de 96 pages (Whitman W714) \u2013 1938"},"content":{"rendered":"<style>.wp-block-kadence-column.kb-section-dir-horizontal > .kt-inside-inner-col > .kt-info-box15346_848dd1-d0 .kt-blocks-info-box-link-wrap{max-width:unset;}.kt-info-box15346_848dd1-d0 .kt-blocks-info-box-link-wrap{padding-top:var(--global-kb-spacing-xs, 1rem);padding-right:var(--global-kb-spacing-xs, 1rem);padding-bottom:var(--global-kb-spacing-xs, 1rem);padding-left:var(--global-kb-spacing-xs, 1rem);}.kt-info-box15346_848dd1-d0 .kadence-info-box-icon-container .kt-info-svg-icon, .kt-info-box15346_848dd1-d0 .kt-info-svg-icon-flip, .kt-info-box15346_848dd1-d0 .kt-blocks-info-box-number{font-size:50px;}.kt-info-box15346_848dd1-d0 .kt-blocks-info-box-media{border-top-width:0px;border-right-width:0px;border-bottom-width:0px;border-left-width:0px;padding-top:10px;padding-right:10px;padding-bottom:10px;padding-left:10px;}.kt-info-box15346_848dd1-d0 .kt-blocks-info-box-media-container{margin-top:0px;margin-right:15px;margin-bottom:0px;margin-left:15px;}.kt-info-box15346_848dd1-d0 .kt-blocks-info-box-learnmore{background:transparent;border-width:0px 0px 0px 0px;padding-top:4px;padding-right:8px;padding-bottom:4px;padding-left:8px;margin-top:10px;margin-right:0px;margin-bottom:10px;margin-left:0px;}<\/style>\n<div class=\"wp-block-kadence-infobox kt-info-box15346_848dd1-d0\"><div class=\"kt-blocks-info-box-link-wrap kt-blocks-info-box-media-align-top kt-info-halign-center\"><div class=\"kt-blocks-info-box-media-container\"><div class=\"kt-blocks-info-box-media kt-info-media-animate-none\"><div class=\"kadence-info-box-icon-container kt-info-icon-animate-none\"><div class=\"kadence-info-box-icon-inner-container\"><span class=\"kb-svg-icon-wrap kb-svg-icon-fe_book kt-info-svg-icon\"><svg viewbox=\"0 0 24 24\"  fill=\"none\" stroke=\"currentColor\" stroke-width=\"2\" stroke-linecap=\"round\" stroke-linejoin=\"round\" xmlns=\"http:\/\/www.w3.org\/2000\/svg\"  aria-hidden=\"true\"><path d=\"M4 19.5A2.5 2.5 0 0 1 6.5 17H20\"\/><path d=\"M6.5 2H20v20H6.5A2.5 2.5 0 0 1 4 19.5v-15A2.5 2.5 0 0 1 6.5 2z\"\/><\/svg><\/span><\/div><\/div><\/div><\/div><div class=\"kt-infobox-textcontent\"><h2 class=\"kt-blocks-info-box-title\">Information<\/h2><p class=\"kt-blocks-info-box-text\"><strong>Titre complet :<\/strong> Blanche Neige et les sept nains de Walt Disney<br><strong>Auteur :<\/strong> inconnu<br><strong>Illustrations :<\/strong> Tom Wood (non cr\u00e9dit\u00e9)<br><strong>Date de publication :<\/strong> 1938<br><strong>\u00c9diteurs :<\/strong> Whitman Publishing Company, Racine, Wisconsin<br><strong>Num\u00e9ro de r\u00e9f\u00e9rence :<\/strong> W714<br><strong>Pays :<\/strong> \u00c9tats-Unis<br><strong>Prix de vente :<\/strong> 10 cents<br><strong>Dimensions :<\/strong> 21.6 cm x 29.2 cm<br><strong>Nombre de pages :<\/strong> 96<br><br><a href=\"https:\/\/snowwhitemuseum.com\/fr\/merchandising\/books\/american-books\/\" title=\"Livres am\u00e9ricains\">Retour aux Livres am\u00e9ricains<\/a><\/p><\/div><\/div><\/div>\n\n\n<style>.kb-row-layout-id15346_8491d0-ef > .kt-row-column-wrap{align-content:start;}:where(.kb-row-layout-id15346_8491d0-ef > .kt-row-column-wrap) > .wp-block-kadence-column{justify-content:start;}.kb-row-layout-id15346_8491d0-ef > .kt-row-column-wrap{column-gap:var(--global-kb-gap-md, 2rem);row-gap:var(--global-kb-gap-md, 2rem);padding-top:var(--global-kb-spacing-sm, 1.5rem);padding-bottom:var(--global-kb-spacing-sm, 1.5rem);grid-template-columns:minmax(0, 1fr) minmax(0, 2fr);}.kb-row-layout-id15346_8491d0-ef > .kt-row-layout-overlay{opacity:0.30;}@media all and (max-width: 1024px){.kb-row-layout-id15346_8491d0-ef > .kt-row-column-wrap{grid-template-columns:minmax(0, 1fr) minmax(0, 2fr);}}@media all and (max-width: 767px){.kb-row-layout-id15346_8491d0-ef > .kt-row-column-wrap{grid-template-columns:minmax(0, 1fr);}}<\/style><div class=\"kb-row-layout-wrap kb-row-layout-id15346_8491d0-ef alignnone wp-block-kadence-rowlayout\"><div class=\"kt-row-column-wrap kt-has-2-columns kt-row-layout-right-golden kt-tab-layout-inherit kt-mobile-layout-row kt-row-valign-top\">\n<style>.kadence-column15346_c4c80a-e6 > .kt-inside-inner-col,.kadence-column15346_c4c80a-e6 > .kt-inside-inner-col:before{border-top-left-radius:0px;border-top-right-radius:0px;border-bottom-right-radius:0px;border-bottom-left-radius:0px;}.kadence-column15346_c4c80a-e6 > .kt-inside-inner-col{column-gap:var(--global-kb-gap-sm, 1rem);}.kadence-column15346_c4c80a-e6 > .kt-inside-inner-col{flex-direction:column;}.kadence-column15346_c4c80a-e6 > .kt-inside-inner-col > .aligncenter{width:100%;}.kadence-column15346_c4c80a-e6 > .kt-inside-inner-col:before{opacity:0.3;}.kadence-column15346_c4c80a-e6{position:relative;}@media all and (max-width: 1024px){.kadence-column15346_c4c80a-e6 > .kt-inside-inner-col{flex-direction:column;justify-content:center;}}@media all and (max-width: 767px){.kadence-column15346_c4c80a-e6 > .kt-inside-inner-col{flex-direction:column;justify-content:center;}}<\/style>\n<div class=\"wp-block-kadence-column kadence-column15346_c4c80a-e6\"><div class=\"kt-inside-inner-col\">\n<figure data-wp-context=\"{&quot;imageId&quot;:&quot;69e7767bb3ecf&quot;}\" data-wp-interactive=\"core\/image\" data-wp-key=\"69e7767bb3ecf\" class=\"wp-block-image size-full wp-lightbox-container\"><img loading=\"lazy\" decoding=\"async\" width=\"563\" height=\"753\" data-wp-class--hide=\"state.isContentHidden\" data-wp-class--show=\"state.isContentVisible\" data-wp-init=\"callbacks.setButtonStyles\" data-wp-on--click=\"actions.showLightbox\" data-wp-on--load=\"callbacks.setButtonStyles\" data-wp-on-window--resize=\"callbacks.setButtonStyles\" src=\"https:\/\/snowwhitemuseum.com\/wp-content\/uploads\/2025\/02\/1938-96-page-story-book-Whitman-W714-01.jpg\" alt=\"\" class=\"wp-image-14156\" srcset=\"https:\/\/snowwhitemuseum.com\/wp-content\/uploads\/2025\/02\/1938-96-page-story-book-Whitman-W714-01.jpg 563w, https:\/\/snowwhitemuseum.com\/wp-content\/uploads\/2025\/02\/1938-96-page-story-book-Whitman-W714-01-224x300.jpg 224w, https:\/\/snowwhitemuseum.com\/wp-content\/uploads\/2025\/02\/1938-96-page-story-book-Whitman-W714-01-9x12.jpg 9w\" sizes=\"auto, (max-width: 563px) 100vw, 563px\" \/><button\n\t\t\tclass=\"lightbox-trigger\"\n\t\t\ttype=\"button\"\n\t\t\taria-haspopup=\"dialog\"\n\t\t\taria-label=\"Agrandir\"\n\t\t\tdata-wp-init=\"callbacks.initTriggerButton\"\n\t\t\tdata-wp-on--click=\"actions.showLightbox\"\n\t\t\tdata-wp-style--right=\"state.imageButtonRight\"\n\t\t\tdata-wp-style--top=\"state.imageButtonTop\"\n\t\t>\n\t\t\t<svg xmlns=\"http:\/\/www.w3.org\/2000\/svg\" width=\"12\" height=\"12\" fill=\"none\" viewbox=\"0 0 12 12\">\n\t\t\t\t<path fill=\"#fff\" d=\"M2 0a2 2 0 0 0-2 2v2h1.5V2a.5.5 0 0 1 .5-.5h2V0H2Zm2 10.5H2a.5.5 0 0 1-.5-.5V8H0v2a2 2 0 0 0 2 2h2v-1.5ZM8 12v-1.5h2a.5.5 0 0 0 .5-.5V8H12v2a2 2 0 0 1-2 2H8Zm2-12a2 2 0 0 1 2 2v2h-1.5V2a.5.5 0 0 0-.5-.5H8V0h2Z\" \/>\n\t\t\t<\/svg>\n\t\t<\/button><figcaption class=\"wp-element-caption\">Blanche Neige et les sept nains de Walt Disney - livre de 96 pages (Whitman W714) \u2013 1938<\/figcaption><\/figure>\n<\/div><\/div>\n\n\n<style>.kadence-column15346_ef7b2e-8a > .kt-inside-inner-col,.kadence-column15346_ef7b2e-8a > .kt-inside-inner-col:before{border-top-left-radius:0px;border-top-right-radius:0px;border-bottom-right-radius:0px;border-bottom-left-radius:0px;}.kadence-column15346_ef7b2e-8a > .kt-inside-inner-col{column-gap:var(--global-kb-gap-sm, 1rem);}.kadence-column15346_ef7b2e-8a > .kt-inside-inner-col{flex-direction:column;}.kadence-column15346_ef7b2e-8a > .kt-inside-inner-col > .aligncenter{width:100%;}.kadence-column15346_ef7b2e-8a > .kt-inside-inner-col:before{opacity:0.3;}.kadence-column15346_ef7b2e-8a{position:relative;}@media all and (max-width: 1024px){.kadence-column15346_ef7b2e-8a > .kt-inside-inner-col{flex-direction:column;justify-content:center;}}@media all and (max-width: 767px){.kadence-column15346_ef7b2e-8a > .kt-inside-inner-col{flex-direction:column;justify-content:center;}}<\/style>\n<div class=\"wp-block-kadence-column kadence-column15346_ef7b2e-8a\"><div class=\"kt-inside-inner-col\">\n<p>Ce livre de 96 pages est l'un des quatre livres mentionn\u00e9s dans le manuel d'exploitation original du film, ce qui signifie qu'il a \u00e9t\u00e9 publi\u00e9 au plus tard pour la sortie g\u00e9n\u00e9rale du film.<\/p>\n<\/div><\/div>\n\n<\/div><\/div>","protected":false},"excerpt":{"rendered":"<p>Ce livre de 96 pages est l'un des quatre livres mentionn\u00e9s dans le manuel d'exploitation original du film, ce qui signifie qu'il a \u00e9t\u00e9 publi\u00e9 au plus tard pour la sortie g\u00e9n\u00e9rale du film.<\/p>","protected":false},"author":1,"featured_media":14156,"parent":2978,"menu_order":0,"comment_status":"closed","ping_status":"closed","template":"","meta":{"_kadence_starter_templates_imported_post":false,"_kad_post_transparent":"","_kad_post_title":"","_kad_post_layout":"","_kad_post_sidebar_id":"","_kad_post_content_style":"","_kad_post_vertical_padding":"","_kad_post_feature":"","_kad_post_feature_position":"","_kad_post_header":false,"_kad_post_footer":false,"_kad_post_classname":"","footnotes":""},"class_list":["post-15346","page","type-page","status-publish","has-post-thumbnail","hentry"],"aioseo_notices":[],"_links":{"self":[{"href":"https:\/\/snowwhitemuseum.com\/fr\/wp-json\/wp\/v2\/pages\/15346","targetHints":{"allow":["GET"]}}],"collection":[{"href":"https:\/\/snowwhitemuseum.com\/fr\/wp-json\/wp\/v2\/pages"}],"about":[{"href":"https:\/\/snowwhitemuseum.com\/fr\/wp-json\/wp\/v2\/types\/page"}],"author":[{"embeddable":true,"href":"https:\/\/snowwhitemuseum.com\/fr\/wp-json\/wp\/v2\/users\/1"}],"replies":[{"embeddable":true,"href":"https:\/\/snowwhitemuseum.com\/fr\/wp-json\/wp\/v2\/comments?post=15346"}],"version-history":[{"count":1,"href":"https:\/\/snowwhitemuseum.com\/fr\/wp-json\/wp\/v2\/pages\/15346\/revisions"}],"predecessor-version":[{"id":15347,"href":"https:\/\/snowwhitemuseum.com\/fr\/wp-json\/wp\/v2\/pages\/15346\/revisions\/15347"}],"up":[{"embeddable":true,"href":"https:\/\/snowwhitemuseum.com\/fr\/wp-json\/wp\/v2\/pages\/2978"}],"wp:featuredmedia":[{"embeddable":true,"href":"https:\/\/snowwhitemuseum.com\/fr\/wp-json\/wp\/v2\/media\/14156"}],"wp:attachment":[{"href":"https:\/\/snowwhitemuseum.com\/fr\/wp-json\/wp\/v2\/media?parent=15346"}],"curies":[{"name":"wp","href":"https:\/\/api.w.org\/{rel}","templated":true}]}}