{"id":15366,"date":"2025-05-09T14:37:25","date_gmt":"2025-05-09T12:37:25","guid":{"rendered":"https:\/\/snowwhitemuseum.com\/?page_id=15366"},"modified":"2026-02-02T14:44:23","modified_gmt":"2026-02-02T13:44:23","slug":"jack-campbell","status":"publish","type":"page","link":"https:\/\/snowwhitemuseum.com\/fr\/about-the-film\/main-titles\/jack-campbell\/","title":{"rendered":"Jack Campbell"},"content":{"rendered":"<style>.wp-block-kadence-column.kb-section-dir-horizontal > .kt-inside-inner-col > .kt-info-box15366_56cca8-c7 .kt-blocks-info-box-link-wrap{max-width:unset;}.kt-info-box15366_56cca8-c7 .kt-blocks-info-box-link-wrap{padding-top:var(--global-kb-spacing-xs, 1rem);padding-right:var(--global-kb-spacing-xs, 1rem);padding-bottom:var(--global-kb-spacing-xs, 1rem);padding-left:var(--global-kb-spacing-xs, 1rem);}.kt-info-box15366_56cca8-c7 .kadence-info-box-icon-container .kt-info-svg-icon, .kt-info-box15366_56cca8-c7 .kt-info-svg-icon-flip, .kt-info-box15366_56cca8-c7 .kt-blocks-info-box-number{font-size:50px;}.kt-info-box15366_56cca8-c7 .kt-blocks-info-box-media{border-top-width:0px;border-right-width:0px;border-bottom-width:0px;border-left-width:0px;padding-top:10px;padding-right:10px;padding-bottom:10px;padding-left:10px;}.kt-info-box15366_56cca8-c7 .kt-blocks-info-box-media-container{margin-top:0px;margin-right:15px;margin-bottom:0px;margin-left:15px;}.kt-info-box15366_56cca8-c7 .kt-blocks-info-box-learnmore{background:transparent;border-width:0px 0px 0px 0px;padding-top:4px;padding-right:8px;padding-bottom:4px;padding-left:8px;margin-top:10px;margin-right:0px;margin-bottom:10px;margin-left:0px;}<\/style>\n<div class=\"wp-block-kadence-infobox kt-info-box15366_56cca8-c7\"><div class=\"kt-blocks-info-box-link-wrap kt-blocks-info-box-media-align-top kt-info-halign-center\"><div class=\"kt-blocks-info-box-media-container\"><div class=\"kt-blocks-info-box-media kt-info-media-animate-none\"><div class=\"kadence-info-box-icon-container kt-info-icon-animate-none\"><div class=\"kadence-info-box-icon-inner-container\"><span class=\"kb-svg-icon-wrap kb-svg-icon-fe_clipboard kt-info-svg-icon\"><svg viewbox=\"0 0 24 24\"  fill=\"none\" stroke=\"currentColor\" stroke-width=\"2\" stroke-linecap=\"round\" stroke-linejoin=\"round\" xmlns=\"http:\/\/www.w3.org\/2000\/svg\"  aria-hidden=\"true\"><path d=\"M16 4h2a2 2 0 0 1 2 2v14a2 2 0 0 1-2 2H6a2 2 0 0 1-2-2V6a2 2 0 0 1 2-2h2\"\/><rect x=\"8\" y=\"2\" width=\"8\" height=\"4\" rx=\"1\" ry=\"1\"\/><\/svg><\/span><\/div><\/div><\/div><\/div><div class=\"kt-infobox-textcontent\"><h2 class=\"kt-blocks-info-box-title\">Information<\/h2><p class=\"kt-blocks-info-box-text\"><strong>Nom complet :<\/strong> Jack Campbell<br><strong>Naissance :<\/strong> 17 ao\u00fbt 1893 en Illinois<br><strong>Mort :<\/strong> 15 mars 1961 \u00e0 Toluca Lake, Californie<br><br><strong>A travaill\u00e9 au studio Disney entre :<\/strong><br>1936 &#8211; 1958<br><br><strong>Travail sur <em>Blanche Neige :<\/em><\/strong><br>Animateur de Blanche Neige sur les s\u00e9quences <a href=\"https:\/\/snowwhitemuseum.com\/fr\/images\/production-art\/sequence-2a-snow-white-and-the-prince-in-the-garden\/\" title=\"S\u00e9quence 2A - Blanche Neige et le Prince au jardin\">2A<\/a>, <a href=\"https:\/\/snowwhitemuseum.com\/fr\/images\/production-art\/sequence-3a-snow-white-and-huntsman-snow-white-into-woods\/\" title=\"Sequence 3A \u2013 Snow White and Huntsman \u2013 Snow White into Woods\">3A<\/a>, <a href=\"https:\/\/snowwhitemuseum.com\/fr\/images\/production-art\/sequence-3b-snow-white-meets-animals\/\" title=\"S\u00e9quence 3B - Blanche-Neige rencontre les animaux\">3B<\/a>, <a href=\"https:\/\/snowwhitemuseum.com\/fr\/images\/production-art\/sequence-3c-snow-white-discovers-dwarfs-house\/\" title=\"Sequence 3C \u2013 Snow White Discovers Dwarfs\u2019 House\">3C<\/a>, <a href=\"https:\/\/snowwhitemuseum.com\/fr\/images\/production-art\/sequence-3d-snow-white-and-animals-clean-house\/\" title=\"Sequence 3D \u2013 Snow White and Animals Clean House\">3D<\/a>, <a href=\"https:\/\/snowwhitemuseum.com\/fr\/images\/production-art\/sequence-4c-snow-white-discovers-bedroom\/\" title=\"Sequence 4C \u2013 Snow White Discovers Bedroom\">4C<\/a>, <a href=\"https:\/\/snowwhitemuseum.com\/fr\/images\/production-art\/sequence-4d-spooks\/\" title=\"Sequence 4D \u2013 Spooks\">4D<\/a>, <a href=\"https:\/\/snowwhitemuseum.com\/fr\/images\/production-art\/sequence-5a-bedroom\/\" title=\"la s\u00e9quence 5A\">5A<\/a>, <a href=\"https:\/\/snowwhitemuseum.com\/fr\/images\/production-art\/sequence-5b-snow-white-tells-dwarfs-to-wash\/\" title=\"Sequence 5B \u2013 Snow White Tells Dwarfs to Wash\">5B<\/a>, <a href=\"https:\/\/snowwhitemuseum.com\/fr\/images\/production-art\/sequence-8b-story-telling\/\" title=\"Sequence 8B \u2013 Story Telling\">8B<\/a>, <a href=\"https:\/\/snowwhitemuseum.com\/fr\/images\/production-art\/sequence-10a-dwarfs-leave-for-mine\/\" title=\"Sequence 10A \u2013 Dwarfs Leave for Mine\">10A<\/a>, <a href=\"https:\/\/snowwhitemuseum.com\/fr\/images\/production-art\/sequence-14h-snow-white-dies\/\" title=\"Sequence 14H \u2013 Snow White Dies\">14H<\/a>, <a href=\"https:\/\/snowwhitemuseum.com\/fr\/images\/production-art\/sequence-16a-snow-white-in-coffin-back-to-life-away-with-prince\/\" title=\"Sequence 16A \u2013 Snow White in Coffin \u2013 Back to Life \u2013 Away with Prince\">16A<\/a>.<br>Animateur du Prince sur la s\u00e9quence <a href=\"https:\/\/snowwhitemuseum.com\/fr\/images\/production-art\/sequence-2a-snow-white-and-the-prince-in-the-garden\/\" title=\"S\u00e9quence 2A - Blanche Neige et le Prince au jardin\">2A<\/a><br>Assistant animateur de <a href=\"https:\/\/snowwhitemuseum.com\/fr\/about-the-film\/main-titles\/grim-natwick\/\" title=\"Grim Natwick\">Grim Natwick<\/a> sur les s\u00e9quences <a href=\"https:\/\/snowwhitemuseum.com\/fr\/images\/production-art\/sequence-3d-snow-white-and-animals-clean-house\/\" title=\"Sequence 3D \u2013 Snow White and Animals Clean House\">3D<\/a>, <a href=\"https:\/\/snowwhitemuseum.com\/fr\/images\/production-art\/sequence-4c-snow-white-discovers-bedroom\/\" title=\"Sequence 4C \u2013 Snow White Discovers Bedroom\">4C<\/a>, <a href=\"https:\/\/snowwhitemuseum.com\/fr\/images\/production-art\/sequence-5a-bedroom\/\" title=\"la s\u00e9quence 5A\">5A<\/a><br>Assistant animateur de <a href=\"https:\/\/snowwhitemuseum.com\/fr\/about-the-film\/main-titles\/hamilton-luske\/\" title=\"Hamilton Luske\">Hamilton Luske<\/a> sur la s\u00e9quence <a href=\"https:\/\/snowwhitemuseum.com\/fr\/images\/production-art\/sequence-4c-snow-white-discovers-bedroom\/\" title=\"Sequence 4C \u2013 Snow White Discovers Bedroom\">4C<\/a><br><br><a href=\"https:\/\/snowwhitemuseum.com\/fr\/about-the-film\/main-titles\/\">Retour au G\u00e9n\u00e9rique<\/a><\/p><\/div><\/div><\/div>\n\n\n<style>.kb-row-layout-id15366_bd0d30-43 > .kt-row-column-wrap{align-content:start;}:where(.kb-row-layout-id15366_bd0d30-43 > .kt-row-column-wrap) > .wp-block-kadence-column{justify-content:start;}.kb-row-layout-id15366_bd0d30-43 > .kt-row-column-wrap{column-gap:var(--global-kb-gap-md, 2rem);row-gap:var(--global-kb-gap-md, 2rem);padding-top:var(--global-kb-spacing-sm, 1.5rem);padding-bottom:var(--global-kb-spacing-sm, 1.5rem);grid-template-columns:minmax(0, 1fr) minmax(0, 2fr);}.kb-row-layout-id15366_bd0d30-43 > .kt-row-layout-overlay{opacity:0.30;}@media all and (max-width: 1024px){.kb-row-layout-id15366_bd0d30-43 > .kt-row-column-wrap{grid-template-columns:minmax(0, 1fr) minmax(0, 2fr);}}@media all and (max-width: 767px){.kb-row-layout-id15366_bd0d30-43 > .kt-row-column-wrap{grid-template-columns:minmax(0, 1fr);}}<\/style><div class=\"kb-row-layout-wrap kb-row-layout-id15366_bd0d30-43 alignnone wp-block-kadence-rowlayout\"><div class=\"kt-row-column-wrap kt-has-2-columns kt-row-layout-right-golden kt-tab-layout-inherit kt-mobile-layout-row kt-row-valign-top\">\n<style>.kadence-column15366_493d12-61 > .kt-inside-inner-col,.kadence-column15366_493d12-61 > .kt-inside-inner-col:before{border-top-left-radius:0px;border-top-right-radius:0px;border-bottom-right-radius:0px;border-bottom-left-radius:0px;}.kadence-column15366_493d12-61 > .kt-inside-inner-col{column-gap:var(--global-kb-gap-sm, 1rem);}.kadence-column15366_493d12-61 > .kt-inside-inner-col{flex-direction:column;}.kadence-column15366_493d12-61 > .kt-inside-inner-col > .aligncenter{width:100%;}.kadence-column15366_493d12-61 > .kt-inside-inner-col:before{opacity:0.3;}.kadence-column15366_493d12-61{position:relative;}@media all and (max-width: 1024px){.kadence-column15366_493d12-61 > .kt-inside-inner-col{flex-direction:column;justify-content:center;}}@media all and (max-width: 767px){.kadence-column15366_493d12-61 > .kt-inside-inner-col{flex-direction:column;justify-content:center;}}<\/style>\n<div class=\"wp-block-kadence-column kadence-column15366_493d12-61\"><div class=\"kt-inside-inner-col\">\n<figure data-wp-context=\"{&quot;imageId&quot;:&quot;69f4b5d542edc&quot;}\" data-wp-interactive=\"core\/image\" data-wp-key=\"69f4b5d542edc\" class=\"wp-block-image size-full wp-lightbox-container\"><img loading=\"lazy\" decoding=\"async\" width=\"671\" height=\"671\" data-wp-class--hide=\"state.isContentHidden\" data-wp-class--show=\"state.isContentVisible\" data-wp-init=\"callbacks.setButtonStyles\" data-wp-on--click=\"actions.showLightbox\" data-wp-on--load=\"callbacks.setButtonStyles\" data-wp-on-window--resize=\"callbacks.setButtonStyles\" src=\"https:\/\/snowwhitemuseum.com\/wp-content\/uploads\/2025\/05\/Jack-Campbell-portrait.jpg\" alt=\"\" class=\"wp-image-15368\" srcset=\"https:\/\/snowwhitemuseum.com\/wp-content\/uploads\/2025\/05\/Jack-Campbell-portrait.jpg 671w, https:\/\/snowwhitemuseum.com\/wp-content\/uploads\/2025\/05\/Jack-Campbell-portrait-300x300.jpg 300w, https:\/\/snowwhitemuseum.com\/wp-content\/uploads\/2025\/05\/Jack-Campbell-portrait-150x150.jpg 150w, https:\/\/snowwhitemuseum.com\/wp-content\/uploads\/2025\/05\/Jack-Campbell-portrait-12x12.jpg 12w\" sizes=\"auto, (max-width: 671px) 100vw, 671px\" \/><button\n\t\t\tclass=\"lightbox-trigger\"\n\t\t\ttype=\"button\"\n\t\t\taria-haspopup=\"dialog\"\n\t\t\taria-label=\"Agrandir\"\n\t\t\tdata-wp-init=\"callbacks.initTriggerButton\"\n\t\t\tdata-wp-on--click=\"actions.showLightbox\"\n\t\t\tdata-wp-style--right=\"state.imageButtonRight\"\n\t\t\tdata-wp-style--top=\"state.imageButtonTop\"\n\t\t>\n\t\t\t<svg xmlns=\"http:\/\/www.w3.org\/2000\/svg\" width=\"12\" height=\"12\" fill=\"none\" viewbox=\"0 0 12 12\">\n\t\t\t\t<path fill=\"#fff\" d=\"M2 0a2 2 0 0 0-2 2v2h1.5V2a.5.5 0 0 1 .5-.5h2V0H2Zm2 10.5H2a.5.5 0 0 1-.5-.5V8H0v2a2 2 0 0 0 2 2h2v-1.5ZM8 12v-1.5h2a.5.5 0 0 0 .5-.5V8H12v2a2 2 0 0 1-2 2H8Zm2-12a2 2 0 0 1 2 2v2h-1.5V2a.5.5 0 0 0-.5-.5H8V0h2Z\" \/>\n\t\t\t<\/svg>\n\t\t<\/button><figcaption class=\"wp-element-caption\">Jack Campbell<\/figcaption><\/figure>\n<\/div><\/div>\n\n\n<style>.kadence-column15366_3573b2-ca > .kt-inside-inner-col,.kadence-column15366_3573b2-ca > .kt-inside-inner-col:before{border-top-left-radius:0px;border-top-right-radius:0px;border-bottom-right-radius:0px;border-bottom-left-radius:0px;}.kadence-column15366_3573b2-ca > .kt-inside-inner-col{column-gap:var(--global-kb-gap-sm, 1rem);}.kadence-column15366_3573b2-ca > .kt-inside-inner-col{flex-direction:column;}.kadence-column15366_3573b2-ca > .kt-inside-inner-col > .aligncenter{width:100%;}.kadence-column15366_3573b2-ca > .kt-inside-inner-col:before{opacity:0.3;}.kadence-column15366_3573b2-ca{position:relative;}@media all and (max-width: 1024px){.kadence-column15366_3573b2-ca > .kt-inside-inner-col{flex-direction:column;justify-content:center;}}@media all and (max-width: 767px){.kadence-column15366_3573b2-ca > .kt-inside-inner-col{flex-direction:column;justify-content:center;}}<\/style>\n<div class=\"wp-block-kadence-column kadence-column15366_3573b2-ca\"><div class=\"kt-inside-inner-col\">\n<p>Avant la production de <em>Blanche Neige<\/em>, <a href=\"https:\/\/snowwhitemuseum.com\/fr\/about-the-film\/main-titles\/grim-natwick\/\" title=\"Grim Natwick\">Grim Natwick<\/a> se souvenait que Jack Campbell avait \u00e9t\u00e9 son assistant. Sur <em>Blanche Neige<\/em>, Campbell a anim\u00e9 Blanche Neige, travaillant \u00e0 la fois dans les \u00e9quipes de Hamilton Luske et de Grim Natwick. Certaines de ses sc\u00e8nes figurent parmi les plus beaux gros plans de la Princesse.<\/p>\n\n\n\n<p>Selon l'historien Didier Ghez, Jack Campbell a con\u00e7u des affiches de propagande pendant la Seconde Guerre mondiale chez Douglas Aircraft et a cr\u00e9\u00e9 Tokyo Kid. Cela sugg\u00e8re qu'il a probablement \u00e9t\u00e9 lib\u00e9r\u00e9 de son contrat avec le studio Disney, du moins temporairement, probablement entre 1942 et 1945. Par la suite, il a travaill\u00e9 sur de nombreuses productions Disney pendant environ dix ans (<em>Les aventures de Peter Pan<\/em>, <em>La Belle et le Clochard<\/em>, <em>La belle au bois dormant<\/em>) et a termin\u00e9 sa carri\u00e8re chez UPA sur le film d'animation <em>Les aventures d'aladin<\/em>. <\/p>\n<\/div><\/div>\n\n<\/div><\/div>\n\n\n<figure class=\"wp-block-pullquote\"><blockquote><p>Il \u00e9tait mon assistant. Il voulait faire de l'animation et je n'essayais pas de l'en emp\u00eacher. Jack et moi jouions au bowling ensemble et faisions tout le reste ensemble. Nous \u00e9tions des amis tr\u00e8s proches.<\/p><cite>Grim Natwick<\/cite><\/blockquote><\/figure>","protected":false},"excerpt":{"rendered":"<p>Before the production of Snow White, Grim Natwick remembered that Jack Campbell was his assistant. On Snow White, Campbell animated Snow White, working in both Hamilton Luske&#8217;s and Grim Natwick&#8217;s teams. Some of his scenes are among the most beautiful close-ups of the Princess According to historian Didier Ghez, Jack Campbell designed propaganda posters during&#8230;<\/p>","protected":false},"author":1,"featured_media":15367,"parent":1655,"menu_order":0,"comment_status":"closed","ping_status":"closed","template":"","meta":{"_kadence_starter_templates_imported_post":false,"_kad_post_transparent":"","_kad_post_title":"","_kad_post_layout":"","_kad_post_sidebar_id":"","_kad_post_content_style":"","_kad_post_vertical_padding":"","_kad_post_feature":"","_kad_post_feature_position":"","_kad_post_header":false,"_kad_post_footer":false,"_kad_post_classname":"","footnotes":""},"class_list":["post-15366","page","type-page","status-publish","has-post-thumbnail","hentry"],"aioseo_notices":[],"_links":{"self":[{"href":"https:\/\/snowwhitemuseum.com\/fr\/wp-json\/wp\/v2\/pages\/15366","targetHints":{"allow":["GET"]}}],"collection":[{"href":"https:\/\/snowwhitemuseum.com\/fr\/wp-json\/wp\/v2\/pages"}],"about":[{"href":"https:\/\/snowwhitemuseum.com\/fr\/wp-json\/wp\/v2\/types\/page"}],"author":[{"embeddable":true,"href":"https:\/\/snowwhitemuseum.com\/fr\/wp-json\/wp\/v2\/users\/1"}],"replies":[{"embeddable":true,"href":"https:\/\/snowwhitemuseum.com\/fr\/wp-json\/wp\/v2\/comments?post=15366"}],"version-history":[{"count":5,"href":"https:\/\/snowwhitemuseum.com\/fr\/wp-json\/wp\/v2\/pages\/15366\/revisions"}],"predecessor-version":[{"id":17474,"href":"https:\/\/snowwhitemuseum.com\/fr\/wp-json\/wp\/v2\/pages\/15366\/revisions\/17474"}],"up":[{"embeddable":true,"href":"https:\/\/snowwhitemuseum.com\/fr\/wp-json\/wp\/v2\/pages\/1655"}],"wp:featuredmedia":[{"embeddable":true,"href":"https:\/\/snowwhitemuseum.com\/fr\/wp-json\/wp\/v2\/media\/15367"}],"wp:attachment":[{"href":"https:\/\/snowwhitemuseum.com\/fr\/wp-json\/wp\/v2\/media?parent=15366"}],"curies":[{"name":"wp","href":"https:\/\/api.w.org\/{rel}","templated":true}]}}