{"id":15833,"date":"2025-07-15T12:57:36","date_gmt":"2025-07-15T10:57:36","guid":{"rendered":"https:\/\/snowwhitemuseum.com\/?page_id=15833"},"modified":"2025-07-15T21:55:05","modified_gmt":"2025-07-15T19:55:05","slug":"snow-white-in-good-housekeeping","status":"publish","type":"page","link":"https:\/\/snowwhitemuseum.com\/fr\/merchandising\/press\/american-press\/snow-white-in-good-housekeeping\/","title":{"rendered":"Blanche Neige dans Good Housekeeping"},"content":{"rendered":"<style>.wp-block-kadence-advancedbtn.kb-btns15833_7167b9-0d{gap:var(--global-kb-gap-xs, 0.5rem );justify-content:center;align-items:center;}.kt-btns15833_7167b9-0d .kt-button{font-weight:normal;font-style:normal;}.kt-btns15833_7167b9-0d .kt-btn-wrap-0{margin-right:5px;}.wp-block-kadence-advancedbtn.kt-btns15833_7167b9-0d .kt-btn-wrap-0 .kt-button{color:#555555;border-color:#555555;}.wp-block-kadence-advancedbtn.kt-btns15833_7167b9-0d .kt-btn-wrap-0 .kt-button:hover, .wp-block-kadence-advancedbtn.kt-btns15833_7167b9-0d .kt-btn-wrap-0 .kt-button:focus{color:#ffffff;border-color:#444444;}.wp-block-kadence-advancedbtn.kt-btns15833_7167b9-0d .kt-btn-wrap-0 .kt-button::before{display:none;}.wp-block-kadence-advancedbtn.kt-btns15833_7167b9-0d .kt-btn-wrap-0 .kt-button:hover, .wp-block-kadence-advancedbtn.kt-btns15833_7167b9-0d .kt-btn-wrap-0 .kt-button:focus{background:#444444;}<\/style>\n<div class=\"wp-block-kadence-advancedbtn kb-buttons-wrap kb-btns15833_7167b9-0d\"><style>ul.menu .wp-block-kadence-advancedbtn .kb-btn15833_02ae1b-f2.kb-button{width:initial;}<\/style><a class=\"kb-button kt-button button kb-btn15833_02ae1b-f2 kt-btn-size-standard kt-btn-width-type-auto kb-btn-global-fill  kt-btn-has-text-true kt-btn-has-svg-false  wp-block-kadence-singlebtn\" href=\"https:\/\/snowwhitemuseum.com\/fr\/merchandising\/press\/american-press\/\"><span class=\"kt-btn-inner-text\">Retour \u00e0 la presse am\u00e9ricaine<\/span><\/a><\/div>\n\n\n<style>.kb-row-layout-id15833_c5a63c-c7 > .kt-row-column-wrap{align-content:start;}:where(.kb-row-layout-id15833_c5a63c-c7 > .kt-row-column-wrap) > .wp-block-kadence-column{justify-content:start;}.kb-row-layout-id15833_c5a63c-c7 > .kt-row-column-wrap{column-gap:var(--global-kb-gap-md, 2rem);row-gap:var(--global-kb-gap-md, 2rem);padding-top:var(--global-kb-spacing-sm, 1.5rem);padding-bottom:var(--global-kb-spacing-sm, 1.5rem);grid-template-columns:minmax(0, 1fr) minmax(0, 2fr);}.kb-row-layout-id15833_c5a63c-c7 > .kt-row-layout-overlay{opacity:0.30;}@media all and (max-width: 1024px){.kb-row-layout-id15833_c5a63c-c7 > .kt-row-column-wrap{grid-template-columns:minmax(0, 1fr) minmax(0, 2fr);}}@media all and (max-width: 767px){.kb-row-layout-id15833_c5a63c-c7 > .kt-row-column-wrap{grid-template-columns:minmax(0, 1fr);}}<\/style><div class=\"kb-row-layout-wrap kb-row-layout-id15833_c5a63c-c7 alignnone wp-block-kadence-rowlayout\"><div class=\"kt-row-column-wrap kt-has-2-columns kt-row-layout-right-golden kt-tab-layout-inherit kt-mobile-layout-row kt-row-valign-top\">\n<style>.kadence-column15833_1d1cb0-06 > .kt-inside-inner-col,.kadence-column15833_1d1cb0-06 > .kt-inside-inner-col:before{border-top-left-radius:0px;border-top-right-radius:0px;border-bottom-right-radius:0px;border-bottom-left-radius:0px;}.kadence-column15833_1d1cb0-06 > .kt-inside-inner-col{column-gap:var(--global-kb-gap-sm, 1rem);}.kadence-column15833_1d1cb0-06 > .kt-inside-inner-col{flex-direction:column;}.kadence-column15833_1d1cb0-06 > .kt-inside-inner-col > .aligncenter{width:100%;}.kadence-column15833_1d1cb0-06 > .kt-inside-inner-col:before{opacity:0.3;}.kadence-column15833_1d1cb0-06{position:relative;}@media all and (max-width: 1024px){.kadence-column15833_1d1cb0-06 > .kt-inside-inner-col{flex-direction:column;justify-content:center;}}@media all and (max-width: 767px){.kadence-column15833_1d1cb0-06 > .kt-inside-inner-col{flex-direction:column;justify-content:center;}}<\/style>\n<div class=\"wp-block-kadence-column kadence-column15833_1d1cb0-06\"><div class=\"kt-inside-inner-col\">\n<figure data-wp-context=\"{&quot;imageId&quot;:&quot;69e734fd9106e&quot;}\" data-wp-interactive=\"core\/image\" data-wp-key=\"69e734fd9106e\" class=\"wp-block-image size-large wp-lightbox-container\"><img loading=\"lazy\" decoding=\"async\" width=\"1024\" height=\"696\" data-wp-class--hide=\"state.isContentHidden\" data-wp-class--show=\"state.isContentVisible\" data-wp-init=\"callbacks.setButtonStyles\" data-wp-on--click=\"actions.showLightbox\" data-wp-on--load=\"callbacks.setButtonStyles\" data-wp-on-window--resize=\"callbacks.setButtonStyles\" src=\"https:\/\/snowwhitemuseum.com\/wp-content\/uploads\/2025\/07\/1937-11-and-12-Good-Housekeeping-both-1024x696.jpg\" alt=\"\" class=\"wp-image-15888\" srcset=\"https:\/\/snowwhitemuseum.com\/wp-content\/uploads\/2025\/07\/1937-11-and-12-Good-Housekeeping-both-1024x696.jpg 1024w, https:\/\/snowwhitemuseum.com\/wp-content\/uploads\/2025\/07\/1937-11-and-12-Good-Housekeeping-both-300x204.jpg 300w, https:\/\/snowwhitemuseum.com\/wp-content\/uploads\/2025\/07\/1937-11-and-12-Good-Housekeeping-both-768x522.jpg 768w, https:\/\/snowwhitemuseum.com\/wp-content\/uploads\/2025\/07\/1937-11-and-12-Good-Housekeeping-both-18x12.jpg 18w, https:\/\/snowwhitemuseum.com\/wp-content\/uploads\/2025\/07\/1937-11-and-12-Good-Housekeeping-both.jpg 1080w\" sizes=\"auto, (max-width: 1024px) 100vw, 1024px\" \/><button\n\t\t\tclass=\"lightbox-trigger\"\n\t\t\ttype=\"button\"\n\t\t\taria-haspopup=\"dialog\"\n\t\t\taria-label=\"Agrandir\"\n\t\t\tdata-wp-init=\"callbacks.initTriggerButton\"\n\t\t\tdata-wp-on--click=\"actions.showLightbox\"\n\t\t\tdata-wp-style--right=\"state.imageButtonRight\"\n\t\t\tdata-wp-style--top=\"state.imageButtonTop\"\n\t\t>\n\t\t\t<svg xmlns=\"http:\/\/www.w3.org\/2000\/svg\" width=\"12\" height=\"12\" fill=\"none\" viewbox=\"0 0 12 12\">\n\t\t\t\t<path fill=\"#fff\" d=\"M2 0a2 2 0 0 0-2 2v2h1.5V2a.5.5 0 0 1 .5-.5h2V0H2Zm2 10.5H2a.5.5 0 0 1-.5-.5V8H0v2a2 2 0 0 0 2 2h2v-1.5ZM8 12v-1.5h2a.5.5 0 0 0 .5-.5V8H12v2a2 2 0 0 1-2 2H8Zm2-12a2 2 0 0 1 2 2v2h-1.5V2a.5.5 0 0 0-.5-.5H8V0h2Z\" \/>\n\t\t\t<\/svg>\n\t\t<\/button><figcaption class=\"wp-element-caption\">Good Housekeeping<\/figcaption><\/figure>\n<\/div><\/div>\n\n\n<style>.kadence-column15833_bb23da-a9 > .kt-inside-inner-col,.kadence-column15833_bb23da-a9 > .kt-inside-inner-col:before{border-top-left-radius:0px;border-top-right-radius:0px;border-bottom-right-radius:0px;border-bottom-left-radius:0px;}.kadence-column15833_bb23da-a9 > .kt-inside-inner-col{column-gap:var(--global-kb-gap-sm, 1rem);}.kadence-column15833_bb23da-a9 > .kt-inside-inner-col{flex-direction:column;}.kadence-column15833_bb23da-a9 > .kt-inside-inner-col > .aligncenter{width:100%;}.kadence-column15833_bb23da-a9 > .kt-inside-inner-col:before{opacity:0.3;}.kadence-column15833_bb23da-a9{position:relative;}@media all and (max-width: 1024px){.kadence-column15833_bb23da-a9 > .kt-inside-inner-col{flex-direction:column;justify-content:center;}}@media all and (max-width: 767px){.kadence-column15833_bb23da-a9 > .kt-inside-inner-col{flex-direction:column;justify-content:center;}}<\/style>\n<div class=\"wp-block-kadence-column kadence-column15833_bb23da-a9\"><div class=\"kt-inside-inner-col\">\n<p>Le 9 juillet 1937, Phil Dike \u00e9crivit \u00e0 Walt Disney pour recommander l'artiste <a href=\"https:\/\/snowwhitemuseum.com\/fr\/about-the-film\/main-titles\/gustaf-tenggren\/\" title=\"Gustaf Tenggren\">Gustaf Tenggren<\/a> pour illustrer le projet de publication de l'histoire de <em>Blanche Neige<\/em> dans le magazine Good Housekeeping. <a href=\"https:\/\/snowwhitemuseum.com\/fr\/about-the-film\/main-titles\/dorothy-ann-blank\/\" title=\"Dorothy Ann Blank\">Dorothy Ann Blank<\/a>, sc\u00e9nariste du film, fut charg\u00e9e de r\u00e9diger le texte.<\/p>\n\n\n\n<p>'histoire fut publi\u00e9e en deux parties dans les num\u00e9ros de novembre et d\u00e9cembre 1937. Par la suite, Hearst Magazines Inc. la r\u00e9imprima sous la forme d'un livret de 16 pages, avec une couverture jaune ressemblant \u00e0 celle de <a href=\"https:\/\/snowwhitemuseum.com\/fr\/merchandising\/records\/american-records\/j-8-victor-soundtrack\/\" title=\"Bande originale Victor J-8\">la bande originale J-8.<\/a>.<\/p>\n<\/div><\/div>\n\n<\/div><\/div>","protected":false},"excerpt":{"rendered":"<p>On July 9, 1937, Phil Dike wrote to Walt Disney to recommend artist Gustaf Tenggren for illustrating the project of publishing the Snow White story in Good Housekeeping magazine. Dorothy Ann Blank, a scriptwriter for the film, was assigned to write the text. The story was published in two parts in the November and December&#8230;<\/p>","protected":false},"author":1,"featured_media":15896,"parent":3268,"menu_order":0,"comment_status":"closed","ping_status":"closed","template":"","meta":{"_kadence_starter_templates_imported_post":false,"_kad_post_transparent":"","_kad_post_title":"","_kad_post_layout":"","_kad_post_sidebar_id":"","_kad_post_content_style":"","_kad_post_vertical_padding":"","_kad_post_feature":"","_kad_post_feature_position":"","_kad_post_header":false,"_kad_post_footer":false,"_kad_post_classname":"","footnotes":""},"class_list":["post-15833","page","type-page","status-publish","has-post-thumbnail","hentry"],"aioseo_notices":[],"_links":{"self":[{"href":"https:\/\/snowwhitemuseum.com\/fr\/wp-json\/wp\/v2\/pages\/15833","targetHints":{"allow":["GET"]}}],"collection":[{"href":"https:\/\/snowwhitemuseum.com\/fr\/wp-json\/wp\/v2\/pages"}],"about":[{"href":"https:\/\/snowwhitemuseum.com\/fr\/wp-json\/wp\/v2\/types\/page"}],"author":[{"embeddable":true,"href":"https:\/\/snowwhitemuseum.com\/fr\/wp-json\/wp\/v2\/users\/1"}],"replies":[{"embeddable":true,"href":"https:\/\/snowwhitemuseum.com\/fr\/wp-json\/wp\/v2\/comments?post=15833"}],"version-history":[{"count":5,"href":"https:\/\/snowwhitemuseum.com\/fr\/wp-json\/wp\/v2\/pages\/15833\/revisions"}],"predecessor-version":[{"id":15892,"href":"https:\/\/snowwhitemuseum.com\/fr\/wp-json\/wp\/v2\/pages\/15833\/revisions\/15892"}],"up":[{"embeddable":true,"href":"https:\/\/snowwhitemuseum.com\/fr\/wp-json\/wp\/v2\/pages\/3268"}],"wp:featuredmedia":[{"embeddable":true,"href":"https:\/\/snowwhitemuseum.com\/fr\/wp-json\/wp\/v2\/media\/15896"}],"wp:attachment":[{"href":"https:\/\/snowwhitemuseum.com\/fr\/wp-json\/wp\/v2\/media?parent=15833"}],"curies":[{"name":"wp","href":"https:\/\/api.w.org\/{rel}","templated":true}]}}