{"id":15926,"date":"2025-07-17T15:52:01","date_gmt":"2025-07-17T13:52:01","guid":{"rendered":"https:\/\/snowwhitemuseum.com\/?page_id=15926"},"modified":"2025-07-17T15:52:46","modified_gmt":"2025-07-17T13:52:46","slug":"special-screening-of-snow-white-at-the-palais-de-lelysee-for-the-1938-christmas-tree","status":"publish","type":"page","link":"https:\/\/snowwhitemuseum.com\/fr\/about-the-film\/events\/premieres-of-snow-white-and-the-seven-dwarfs\/special-screening-of-snow-white-at-the-palais-de-lelysee-for-the-1938-christmas-tree\/","title":{"rendered":"Projection sp\u00e9ciale de Blanche Neige au Palais de l'\u00c9lys\u00e9e pour l'arbre de No\u00ebl 1938"},"content":{"rendered":"<style>.wp-block-kadence-advancedbtn.kb-btns15926_d5f444-37{gap:var(--global-kb-gap-xs, 0.5rem );justify-content:center;align-items:center;}.kt-btns15926_d5f444-37 .kt-button{font-weight:normal;font-style:normal;}.kt-btns15926_d5f444-37 .kt-btn-wrap-0{margin-right:5px;}.wp-block-kadence-advancedbtn.kt-btns15926_d5f444-37 .kt-btn-wrap-0 .kt-button{color:#555555;border-color:#555555;}.wp-block-kadence-advancedbtn.kt-btns15926_d5f444-37 .kt-btn-wrap-0 .kt-button:hover, .wp-block-kadence-advancedbtn.kt-btns15926_d5f444-37 .kt-btn-wrap-0 .kt-button:focus{color:#ffffff;border-color:#444444;}.wp-block-kadence-advancedbtn.kt-btns15926_d5f444-37 .kt-btn-wrap-0 .kt-button::before{display:none;}.wp-block-kadence-advancedbtn.kt-btns15926_d5f444-37 .kt-btn-wrap-0 .kt-button:hover, .wp-block-kadence-advancedbtn.kt-btns15926_d5f444-37 .kt-btn-wrap-0 .kt-button:focus{background:#444444;}<\/style>\n<div class=\"wp-block-kadence-advancedbtn kb-buttons-wrap kb-btns15926_d5f444-37\"><style>ul.menu .wp-block-kadence-advancedbtn .kb-btn15926_c78712-d9.kb-button{width:initial;}<\/style><a class=\"kb-button kt-button button kb-btn15926_c78712-d9 kt-btn-size-standard kt-btn-width-type-auto kb-btn-global-fill  kt-btn-has-text-true kt-btn-has-svg-false  wp-block-kadence-singlebtn\" href=\"https:\/\/snowwhitemuseum.com\/about-the-film\/events\/premieres-of-snow-white-and-the-seven-dwarfs\/\"><span class=\"kt-btn-inner-text\">Back to Premieres<\/span><\/a><\/div>\n\n\n<style>.kb-row-layout-id15926_c8c968-ee > .kt-row-column-wrap{align-content:start;}:where(.kb-row-layout-id15926_c8c968-ee > .kt-row-column-wrap) > .wp-block-kadence-column{justify-content:start;}.kb-row-layout-id15926_c8c968-ee > .kt-row-column-wrap{column-gap:var(--global-kb-gap-md, 2rem);row-gap:var(--global-kb-gap-md, 2rem);padding-top:var(--global-kb-spacing-sm, 1.5rem);padding-bottom:var(--global-kb-spacing-sm, 1.5rem);grid-template-columns:minmax(0, 1fr) minmax(0, 2fr);}.kb-row-layout-id15926_c8c968-ee > .kt-row-layout-overlay{opacity:0.30;}@media all and (max-width: 1024px){.kb-row-layout-id15926_c8c968-ee > .kt-row-column-wrap{grid-template-columns:minmax(0, 1fr) minmax(0, 2fr);}}@media all and (max-width: 767px){.kb-row-layout-id15926_c8c968-ee > .kt-row-column-wrap{grid-template-columns:minmax(0, 1fr);}}<\/style><div class=\"kb-row-layout-wrap kb-row-layout-id15926_c8c968-ee alignnone wp-block-kadence-rowlayout\"><div class=\"kt-row-column-wrap kt-has-2-columns kt-row-layout-right-golden kt-tab-layout-inherit kt-mobile-layout-row kt-row-valign-top\">\n<style>.kadence-column15926_f6aae1-95 > .kt-inside-inner-col,.kadence-column15926_f6aae1-95 > .kt-inside-inner-col:before{border-top-left-radius:0px;border-top-right-radius:0px;border-bottom-right-radius:0px;border-bottom-left-radius:0px;}.kadence-column15926_f6aae1-95 > .kt-inside-inner-col{column-gap:var(--global-kb-gap-sm, 1rem);}.kadence-column15926_f6aae1-95 > .kt-inside-inner-col{flex-direction:column;}.kadence-column15926_f6aae1-95 > .kt-inside-inner-col > .aligncenter{width:100%;}.kadence-column15926_f6aae1-95 > .kt-inside-inner-col:before{opacity:0.3;}.kadence-column15926_f6aae1-95{position:relative;}@media all and (max-width: 1024px){.kadence-column15926_f6aae1-95 > .kt-inside-inner-col{flex-direction:column;justify-content:center;}}@media all and (max-width: 767px){.kadence-column15926_f6aae1-95 > .kt-inside-inner-col{flex-direction:column;justify-content:center;}}<\/style>\n<div class=\"wp-block-kadence-column kadence-column15926_f6aae1-95\"><div class=\"kt-inside-inner-col\">\n<figure class=\"wp-block-image size-large\"><img loading=\"lazy\" decoding=\"async\" width=\"1024\" height=\"683\" src=\"https:\/\/snowwhitemuseum.com\/wp-content\/uploads\/2025\/07\/Arbre-de-noel-1938-Lebrunbw-1024x683.jpg\" alt=\"\" class=\"wp-image-15928\" srcset=\"https:\/\/snowwhitemuseum.com\/wp-content\/uploads\/2025\/07\/Arbre-de-noel-1938-Lebrunbw-1024x683.jpg 1024w, https:\/\/snowwhitemuseum.com\/wp-content\/uploads\/2025\/07\/Arbre-de-noel-1938-Lebrunbw-300x200.jpg 300w, https:\/\/snowwhitemuseum.com\/wp-content\/uploads\/2025\/07\/Arbre-de-noel-1938-Lebrunbw-768x512.jpg 768w, https:\/\/snowwhitemuseum.com\/wp-content\/uploads\/2025\/07\/Arbre-de-noel-1938-Lebrunbw-18x12.jpg 18w, https:\/\/snowwhitemuseum.com\/wp-content\/uploads\/2025\/07\/Arbre-de-noel-1938-Lebrunbw.jpg 1080w\" sizes=\"auto, (max-width: 1024px) 100vw, 1024px\" \/><figcaption class=\"wp-element-caption\">President of France Albert Lebrun and his wife give out gifts<\/figcaption><\/figure>\n<\/div><\/div>\n\n\n<style>.kadence-column15926_534698-ee > .kt-inside-inner-col,.kadence-column15926_534698-ee > .kt-inside-inner-col:before{border-top-left-radius:0px;border-top-right-radius:0px;border-bottom-right-radius:0px;border-bottom-left-radius:0px;}.kadence-column15926_534698-ee > .kt-inside-inner-col{column-gap:var(--global-kb-gap-sm, 1rem);}.kadence-column15926_534698-ee > .kt-inside-inner-col{flex-direction:column;}.kadence-column15926_534698-ee > .kt-inside-inner-col > .aligncenter{width:100%;}.kadence-column15926_534698-ee > .kt-inside-inner-col:before{opacity:0.3;}.kadence-column15926_534698-ee{position:relative;}@media all and (max-width: 1024px){.kadence-column15926_534698-ee > .kt-inside-inner-col{flex-direction:column;justify-content:center;}}@media all and (max-width: 767px){.kadence-column15926_534698-ee > .kt-inside-inner-col{flex-direction:column;justify-content:center;}}<\/style>\n<div class=\"wp-block-kadence-column kadence-column15926_534698-ee\"><div class=\"kt-inside-inner-col\"><style>.wp-block-kadence-advancedheading.kt-adv-heading15926_6063d1-10, .wp-block-kadence-advancedheading.kt-adv-heading15926_6063d1-10[data-kb-block=\"kb-adv-heading15926_6063d1-10\"]{font-style:normal;}.wp-block-kadence-advancedheading.kt-adv-heading15926_6063d1-10 mark.kt-highlight, .wp-block-kadence-advancedheading.kt-adv-heading15926_6063d1-10[data-kb-block=\"kb-adv-heading15926_6063d1-10\"] mark.kt-highlight{font-style:normal;color:#f76a0c;-webkit-box-decoration-break:clone;box-decoration-break:clone;padding-top:0px;padding-right:0px;padding-bottom:0px;padding-left:0px;}.wp-block-kadence-advancedheading.kt-adv-heading15926_6063d1-10 img.kb-inline-image, .wp-block-kadence-advancedheading.kt-adv-heading15926_6063d1-10[data-kb-block=\"kb-adv-heading15926_6063d1-10\"] img.kb-inline-image{width:150px;vertical-align:baseline;}<\/style>\n<h2 class=\"kt-adv-heading15926_6063d1-10 wp-block-kadence-advancedheading\" data-kb-block=\"kb-adv-heading15926_6063d1-10\">The Princess and the President<\/h2>\n\n\n\n<p>On December 18, 1938, <strong>Wally Feignoux<\/strong> managed to organize a special screening of <em>Snow White and the Seven Dwarfs<\/em> in the presidential palace of Elys\u00e9e in Paris, France. In doing so, he took advantage of a tradition in which the President of the French Republic organizes a Christmas party for Parisian schoolchildren at the palace.<\/p>\n\n\n\n<p>The event was described in several newspapers the next day, such as &#8220;L&#8217;\u00e8re nouvelle&#8221;: &#8220;200 children were the guests of President and Mrs. Albert Lebrun. As in previous years at Christmastime, President Lebrun hosted a holiday event for schoolchildren from large or particularly deserving families in Paris. Selected by the mayors of the city\u2019s various districts, 200 boys and girls, accompanied by their teachers, arrived at the \u00c9lys\u00e9e Palace at 3 p.m.<\/p>\n\n\n\n<p>In the grand ceremonial hall, they enjoyed a film screening of <em>Snow White<\/em>, which greatly entertained them. Afterward, they were treated to a festive snack, and then President and Mrs. Lebrun oversaw the distribution of Christmas tree gifts. Delighted, the children each left with a personal souvenir\u2014made even more special by an additional gift personally chosen by the president.<\/p>\n\n\n\n<p>The mayors of all 20 Paris districts were also invited to this celebration dedicated to the youth of the city&#8217;s schools.&#8221;<\/p>\n<\/div><\/div>\n\n<\/div><\/div>","protected":false},"excerpt":{"rendered":"<p>The Princess and the President On December 18, 1938, Wally Feignoux managed to organize a special screening of Snow White and the Seven Dwarfs in the presidential palace of Elys\u00e9e in Paris, France. In doing so, he took advantage of a tradition in which the President of the French Republic organizes a Christmas party for&#8230;<\/p>","protected":false},"author":1,"featured_media":15927,"parent":2151,"menu_order":0,"comment_status":"closed","ping_status":"closed","template":"","meta":{"_kadence_starter_templates_imported_post":false,"_kad_post_transparent":"","_kad_post_title":"","_kad_post_layout":"","_kad_post_sidebar_id":"","_kad_post_content_style":"","_kad_post_vertical_padding":"","_kad_post_feature":"","_kad_post_feature_position":"","_kad_post_header":false,"_kad_post_footer":false,"_kad_post_classname":"","footnotes":""},"class_list":["post-15926","page","type-page","status-publish","has-post-thumbnail","hentry"],"aioseo_notices":[],"_links":{"self":[{"href":"https:\/\/snowwhitemuseum.com\/fr\/wp-json\/wp\/v2\/pages\/15926","targetHints":{"allow":["GET"]}}],"collection":[{"href":"https:\/\/snowwhitemuseum.com\/fr\/wp-json\/wp\/v2\/pages"}],"about":[{"href":"https:\/\/snowwhitemuseum.com\/fr\/wp-json\/wp\/v2\/types\/page"}],"author":[{"embeddable":true,"href":"https:\/\/snowwhitemuseum.com\/fr\/wp-json\/wp\/v2\/users\/1"}],"replies":[{"embeddable":true,"href":"https:\/\/snowwhitemuseum.com\/fr\/wp-json\/wp\/v2\/comments?post=15926"}],"version-history":[{"count":2,"href":"https:\/\/snowwhitemuseum.com\/fr\/wp-json\/wp\/v2\/pages\/15926\/revisions"}],"predecessor-version":[{"id":15930,"href":"https:\/\/snowwhitemuseum.com\/fr\/wp-json\/wp\/v2\/pages\/15926\/revisions\/15930"}],"up":[{"embeddable":true,"href":"https:\/\/snowwhitemuseum.com\/fr\/wp-json\/wp\/v2\/pages\/2151"}],"wp:featuredmedia":[{"embeddable":true,"href":"https:\/\/snowwhitemuseum.com\/fr\/wp-json\/wp\/v2\/media\/15927"}],"wp:attachment":[{"href":"https:\/\/snowwhitemuseum.com\/fr\/wp-json\/wp\/v2\/media?parent=15926"}],"curies":[{"name":"wp","href":"https:\/\/api.w.org\/{rel}","templated":true}]}}