{"id":16532,"date":"2025-08-07T21:18:56","date_gmt":"2025-08-07T19:18:56","guid":{"rendered":"https:\/\/snowwhitemuseum.com\/?page_id=16532"},"modified":"2025-08-09T10:30:48","modified_gmt":"2025-08-09T08:30:48","slug":"portuguese-programs","status":"publish","type":"page","link":"https:\/\/snowwhitemuseum.com\/fr\/images\/programs\/portuguese-programs\/","title":{"rendered":"Programmes portugais"},"content":{"rendered":"<style>.wp-block-kadence-advancedbtn.kb-btns16532_21a895-8d{gap:var(--global-kb-gap-xs, 0.5rem );justify-content:center;align-items:center;}.kt-btns16532_21a895-8d .kt-button{font-weight:normal;font-style:normal;}.kt-btns16532_21a895-8d .kt-btn-wrap-0{margin-right:5px;}.wp-block-kadence-advancedbtn.kt-btns16532_21a895-8d .kt-btn-wrap-0 .kt-button{color:#555555;border-color:#555555;}.wp-block-kadence-advancedbtn.kt-btns16532_21a895-8d .kt-btn-wrap-0 .kt-button:hover, .wp-block-kadence-advancedbtn.kt-btns16532_21a895-8d .kt-btn-wrap-0 .kt-button:focus{color:#ffffff;border-color:#444444;}.wp-block-kadence-advancedbtn.kt-btns16532_21a895-8d .kt-btn-wrap-0 .kt-button::before{display:none;}.wp-block-kadence-advancedbtn.kt-btns16532_21a895-8d .kt-btn-wrap-0 .kt-button:hover, .wp-block-kadence-advancedbtn.kt-btns16532_21a895-8d .kt-btn-wrap-0 .kt-button:focus{background:#444444;}<\/style>\n<div class=\"wp-block-kadence-advancedbtn kb-buttons-wrap kb-btns16532_21a895-8d\"><style>ul.menu .wp-block-kadence-advancedbtn .kb-btn16532_d663c6-b1.kb-button{width:initial;}<\/style><a class=\"kb-button kt-button button kb-btn16532_d663c6-b1 kt-btn-size-standard kt-btn-width-type-auto kb-btn-global-fill  kt-btn-has-text-true kt-btn-has-svg-false  wp-block-kadence-singlebtn\" href=\"https:\/\/snowwhitemuseum.com\/fr\/images\/programs\/\"><span class=\"kt-btn-inner-text\">Retour aux programmes<\/span><\/a><\/div>\n\n\n\n<p>Retrouvez sur cette page les programmes des cin\u00e9mas des diff\u00e9rentes villes \u00e0 travers au Portugal.<\/p>\n\n\n<style>.wp-block-kadence-advancedgallery .kb-gallery-type-grid.kb-gallery-id-16532_7b67a1-d4{margin:-5px;}.kb-gallery-type-grid.kb-gallery-id-16532_7b67a1-d4 .kadence-blocks-gallery-item{padding:5px;}.kb-gallery-id-16532_7b67a1-d4 .kadence-blocks-gallery-item .kb-gal-image-radius, .kb-gallery-id-16532_7b67a1-d4 .kb-slide-item .kb-gal-image-radius img{border-radius:0px 0px 0px 0px;;}.kb-gallery-caption-style-cover-hover.kb-gallery-id-16532_7b67a1-d4 .kadence-blocks-gallery-item .kadence-blocks-gallery-item-inner .kadence-blocks-gallery-item__caption, .kb-gallery-caption-style-below.kb-gallery-id-16532_7b67a1-d4 .kadence-blocks-gallery-item .kadence-blocks-gallery-item-inner .kadence-blocks-gallery-item__caption{background:rgba(0, 0, 0, 0.8);}<\/style><div class=\"kb-gallery-wrap-id-16532_7b67a1-d4 alignnone wp-block-kadence-advancedgallery\" id=\"sequencesart\"><ul class=\"kb-gallery-ul kb-gallery-non-static kb-gallery-type-grid kb-gallery-id-16532_7b67a1-d4 kb-gallery-caption-style-below kb-gallery-filter-none\" data-image-filter=\"none\" data-item-selector=\".kadence-blocks-gallery-item\" data-lightbox-caption=\"true\" data-columns-xxl=\"4\" data-columns-xl=\"4\" data-columns-md=\"4\" data-columns-sm=\"3\" data-columns-xs=\"2\" data-columns-ss=\"2\"><li class=\"kadence-blocks-gallery-item\"><div class=\"kadence-blocks-gallery-item-inner\"><figure class=\"kb-gallery-figure kb-gallery-item-has-link kadence-blocks-gallery-item-has-caption\" style=\"max-width:563px;\"><a href=\"https:\/\/snowwhitemuseum.com\/fr\/images\/programs\/portuguese-programs\/porto-rivoli-theater-program-1938\/\" class=\"kb-gallery-item-link\"  ><div class=\"kb-gal-image-radius\" style=\"max-width:563px;\"><div class=\"kb-gallery-image-contain kadence-blocks-gallery-intrinsic kb-gallery-image-ratio-inherit kb-has-image-ratio-inherit\" style=\"padding-bottom:133%;\"><img loading=\"lazy\" decoding=\"async\" src=\"https:\/\/snowwhitemuseum.com\/wp-content\/uploads\/2025\/08\/1938-Porto-Rivoli-program-cover.jpg\" width=\"563\" height=\"753\" alt=\"\" data-full-image=\"https:\/\/snowwhitemuseum.com\/wp-content\/uploads\/2025\/08\/1938-Porto-Rivoli-program-cover.jpg\" data-light-image=\"https:\/\/snowwhitemuseum.com\/wp-content\/uploads\/2025\/08\/1938-Porto-Rivoli-program-cover.jpg\" data-id=\"16533\" class=\"wp-image-16533\" srcset=\"https:\/\/snowwhitemuseum.com\/wp-content\/uploads\/2025\/08\/1938-Porto-Rivoli-program-cover.jpg 563w, https:\/\/snowwhitemuseum.com\/wp-content\/uploads\/2025\/08\/1938-Porto-Rivoli-program-cover-224x300.jpg 224w, https:\/\/snowwhitemuseum.com\/wp-content\/uploads\/2025\/08\/1938-Porto-Rivoli-program-cover-9x12.jpg 9w\" sizes=\"auto, (max-width: 563px) 100vw, 563px\" \/><\/div><\/div><div class=\"kadence-blocks-gallery-item__caption\">Programme du cin\u00e9ma de Porto Rivoli - 1938<\/div><\/a><\/figure><\/div><\/li><\/ul><\/div>","protected":false},"excerpt":{"rendered":"<p>Retrouvez sur cette page les programmes des cin\u00e9mas des diff\u00e9rentes villes \u00e0 travers au Portugal.<\/p>","protected":false},"author":1,"featured_media":0,"parent":1879,"menu_order":0,"comment_status":"closed","ping_status":"closed","template":"","meta":{"_kadence_starter_templates_imported_post":false,"_kad_post_transparent":"","_kad_post_title":"","_kad_post_layout":"","_kad_post_sidebar_id":"","_kad_post_content_style":"","_kad_post_vertical_padding":"","_kad_post_feature":"","_kad_post_feature_position":"","_kad_post_header":false,"_kad_post_footer":false,"_kad_post_classname":"","footnotes":""},"class_list":["post-16532","page","type-page","status-publish","hentry"],"aioseo_notices":[],"_links":{"self":[{"href":"https:\/\/snowwhitemuseum.com\/fr\/wp-json\/wp\/v2\/pages\/16532","targetHints":{"allow":["GET"]}}],"collection":[{"href":"https:\/\/snowwhitemuseum.com\/fr\/wp-json\/wp\/v2\/pages"}],"about":[{"href":"https:\/\/snowwhitemuseum.com\/fr\/wp-json\/wp\/v2\/types\/page"}],"author":[{"embeddable":true,"href":"https:\/\/snowwhitemuseum.com\/fr\/wp-json\/wp\/v2\/users\/1"}],"replies":[{"embeddable":true,"href":"https:\/\/snowwhitemuseum.com\/fr\/wp-json\/wp\/v2\/comments?post=16532"}],"version-history":[{"count":2,"href":"https:\/\/snowwhitemuseum.com\/fr\/wp-json\/wp\/v2\/pages\/16532\/revisions"}],"predecessor-version":[{"id":16573,"href":"https:\/\/snowwhitemuseum.com\/fr\/wp-json\/wp\/v2\/pages\/16532\/revisions\/16573"}],"up":[{"embeddable":true,"href":"https:\/\/snowwhitemuseum.com\/fr\/wp-json\/wp\/v2\/pages\/1879"}],"wp:attachment":[{"href":"https:\/\/snowwhitemuseum.com\/fr\/wp-json\/wp\/v2\/media?parent=16532"}],"curies":[{"name":"wp","href":"https:\/\/api.w.org\/{rel}","templated":true}]}}