{"id":1698,"date":"2023-05-06T18:04:43","date_gmt":"2023-05-06T16:04:43","guid":{"rendered":"https:\/\/snowwhitemuseum.com\/?page_id=1698"},"modified":"2025-04-07T13:18:09","modified_gmt":"2025-04-07T11:18:09","slug":"the-music","status":"publish","type":"page","link":"https:\/\/snowwhitemuseum.com\/fr\/about-the-film\/the-music\/","title":{"rendered":"La musique"},"content":{"rendered":"<style>.wp-block-kadence-advancedbtn.kb-btns1698_a37753-c2{gap:var(--global-kb-gap-xs, 0.5rem );justify-content:center;align-items:center;}.kt-btns1698_a37753-c2 .kt-button{font-weight:normal;font-style:normal;}.kt-btns1698_a37753-c2 .kt-btn-wrap-0{margin-right:5px;}.wp-block-kadence-advancedbtn.kt-btns1698_a37753-c2 .kt-btn-wrap-0 .kt-button{color:#555555;border-color:#555555;}.wp-block-kadence-advancedbtn.kt-btns1698_a37753-c2 .kt-btn-wrap-0 .kt-button:hover, .wp-block-kadence-advancedbtn.kt-btns1698_a37753-c2 .kt-btn-wrap-0 .kt-button:focus{color:#ffffff;border-color:#444444;}.wp-block-kadence-advancedbtn.kt-btns1698_a37753-c2 .kt-btn-wrap-0 .kt-button::before{display:none;}.wp-block-kadence-advancedbtn.kt-btns1698_a37753-c2 .kt-btn-wrap-0 .kt-button:hover, .wp-block-kadence-advancedbtn.kt-btns1698_a37753-c2 .kt-btn-wrap-0 .kt-button:focus{background:#444444;}<\/style>\n<div class=\"wp-block-kadence-advancedbtn kb-buttons-wrap kb-btns1698_a37753-c2\"><style>ul.menu .wp-block-kadence-advancedbtn .kb-btn1698_01b528-fd.kb-button{width:initial;}<\/style><a class=\"kb-button kt-button button kb-btn1698_01b528-fd kt-btn-size-standard kt-btn-width-type-auto kb-btn-global-fill  kt-btn-has-text-true kt-btn-has-svg-false  wp-block-kadence-singlebtn\" href=\"https:\/\/snowwhitemuseum.com\/fr\/about-the-film\/\"><span class=\"kt-btn-inner-text\">Retour au film<\/span><\/a><\/div>\n\n\n<style>.kb-row-layout-id1698_d8086f-a0 > .kt-row-column-wrap{align-content:start;}:where(.kb-row-layout-id1698_d8086f-a0 > .kt-row-column-wrap) > .wp-block-kadence-column{justify-content:start;}.kb-row-layout-id1698_d8086f-a0 > .kt-row-column-wrap{column-gap:var(--global-kb-gap-md, 2rem);row-gap:var(--global-kb-gap-md, 2rem);padding-top:var(--global-kb-spacing-sm, 1.5rem);padding-bottom:var(--global-kb-spacing-sm, 1.5rem);grid-template-columns:minmax(0, 1fr) minmax(0, 2fr);}.kb-row-layout-id1698_d8086f-a0 > .kt-row-layout-overlay{opacity:0.30;}@media all and (max-width: 1024px){.kb-row-layout-id1698_d8086f-a0 > .kt-row-column-wrap{grid-template-columns:minmax(0, 1fr) minmax(0, 2fr);}}@media all and (max-width: 767px){.kb-row-layout-id1698_d8086f-a0 > .kt-row-column-wrap{grid-template-columns:minmax(0, 1fr);}}<\/style><div class=\"kb-row-layout-wrap kb-row-layout-id1698_d8086f-a0 alignnone wp-block-kadence-rowlayout\"><div class=\"kt-row-column-wrap kt-has-2-columns kt-row-layout-right-golden kt-tab-layout-inherit kt-mobile-layout-row kt-row-valign-top\">\n<style>.kadence-column1698_f0de59-33 > .kt-inside-inner-col,.kadence-column1698_f0de59-33 > .kt-inside-inner-col:before{border-top-left-radius:0px;border-top-right-radius:0px;border-bottom-right-radius:0px;border-bottom-left-radius:0px;}.kadence-column1698_f0de59-33 > .kt-inside-inner-col{column-gap:var(--global-kb-gap-sm, 1rem);}.kadence-column1698_f0de59-33 > .kt-inside-inner-col{flex-direction:column;}.kadence-column1698_f0de59-33 > .kt-inside-inner-col > .aligncenter{width:100%;}.kadence-column1698_f0de59-33 > .kt-inside-inner-col:before{opacity:0.3;}.kadence-column1698_f0de59-33{position:relative;}@media all and (max-width: 1024px){.kadence-column1698_f0de59-33 > .kt-inside-inner-col{flex-direction:column;justify-content:center;}}@media all and (max-width: 767px){.kadence-column1698_f0de59-33 > .kt-inside-inner-col{flex-direction:column;justify-content:center;}}<\/style>\n<div class=\"wp-block-kadence-column kadence-column1698_f0de59-33\"><div class=\"kt-inside-inner-col\">\n<figure data-wp-context=\"{&quot;imageId&quot;:&quot;69dc4e933e922&quot;}\" data-wp-interactive=\"core\/image\" data-wp-key=\"69dc4e933e922\" class=\"wp-block-image size-full wp-lightbox-container\"><img loading=\"lazy\" decoding=\"async\" width=\"819\" height=\"581\" data-wp-class--hide=\"state.isContentHidden\" data-wp-class--show=\"state.isContentVisible\" data-wp-init=\"callbacks.setButtonStyles\" data-wp-on--click=\"actions.showLightbox\" data-wp-on--load=\"callbacks.setButtonStyles\" data-wp-on-window--resize=\"callbacks.setButtonStyles\" src=\"https:\/\/snowwhitemuseum.com\/wp-content\/uploads\/2024\/03\/Frank-Churchill-and-Larry-Morey.jpg\" alt=\"\" class=\"wp-image-10114\" srcset=\"https:\/\/snowwhitemuseum.com\/wp-content\/uploads\/2024\/03\/Frank-Churchill-and-Larry-Morey.jpg 819w, https:\/\/snowwhitemuseum.com\/wp-content\/uploads\/2024\/03\/Frank-Churchill-and-Larry-Morey-300x213.jpg 300w, https:\/\/snowwhitemuseum.com\/wp-content\/uploads\/2024\/03\/Frank-Churchill-and-Larry-Morey-768x545.jpg 768w, https:\/\/snowwhitemuseum.com\/wp-content\/uploads\/2024\/03\/Frank-Churchill-and-Larry-Morey-18x12.jpg 18w\" sizes=\"auto, (max-width: 819px) 100vw, 819px\" \/><button\n\t\t\tclass=\"lightbox-trigger\"\n\t\t\ttype=\"button\"\n\t\t\taria-haspopup=\"dialog\"\n\t\t\taria-label=\"Agrandir\"\n\t\t\tdata-wp-init=\"callbacks.initTriggerButton\"\n\t\t\tdata-wp-on--click=\"actions.showLightbox\"\n\t\t\tdata-wp-style--right=\"state.imageButtonRight\"\n\t\t\tdata-wp-style--top=\"state.imageButtonTop\"\n\t\t>\n\t\t\t<svg xmlns=\"http:\/\/www.w3.org\/2000\/svg\" width=\"12\" height=\"12\" fill=\"none\" viewbox=\"0 0 12 12\">\n\t\t\t\t<path fill=\"#fff\" d=\"M2 0a2 2 0 0 0-2 2v2h1.5V2a.5.5 0 0 1 .5-.5h2V0H2Zm2 10.5H2a.5.5 0 0 1-.5-.5V8H0v2a2 2 0 0 0 2 2h2v-1.5ZM8 12v-1.5h2a.5.5 0 0 0 .5-.5V8H12v2a2 2 0 0 1-2 2H8Zm2-12a2 2 0 0 1 2 2v2h-1.5V2a.5.5 0 0 0-.5-.5H8V0h2Z\" \/>\n\t\t\t<\/svg>\n\t\t<\/button><figcaption class=\"wp-element-caption\">Frank Churchill et Larry Morey<\/figcaption><\/figure>\n<\/div><\/div>\n\n\n<style>.kadence-column1698_089850-d1 > .kt-inside-inner-col,.kadence-column1698_089850-d1 > .kt-inside-inner-col:before{border-top-left-radius:0px;border-top-right-radius:0px;border-bottom-right-radius:0px;border-bottom-left-radius:0px;}.kadence-column1698_089850-d1 > .kt-inside-inner-col{column-gap:var(--global-kb-gap-sm, 1rem);}.kadence-column1698_089850-d1 > .kt-inside-inner-col{flex-direction:column;}.kadence-column1698_089850-d1 > .kt-inside-inner-col > .aligncenter{width:100%;}.kadence-column1698_089850-d1 > .kt-inside-inner-col:before{opacity:0.3;}.kadence-column1698_089850-d1{position:relative;}@media all and (max-width: 1024px){.kadence-column1698_089850-d1 > .kt-inside-inner-col{flex-direction:column;justify-content:center;}}@media all and (max-width: 767px){.kadence-column1698_089850-d1 > .kt-inside-inner-col{flex-direction:column;justify-content:center;}}<\/style>\n<div class=\"wp-block-kadence-column kadence-column1698_089850-d1\"><div class=\"kt-inside-inner-col\">\n<p>L'inoubliable musique du film a \u00e9t\u00e9 largement compos\u00e9e par <a href=\"https:\/\/snowwhitemuseum.com\/fr\/about-the-film\/main-titles\/frank-churchill\/\" title=\"Frank Churchill\">Frank Churchill<\/a> pour les chansons, <a href=\"https:\/\/snowwhitemuseum.com\/fr\/about-the-film\/main-titles\/larry-morey\/\" title=\"Larry Morey\">Larry Morey<\/a> pour les paroles, tandis que <a href=\"https:\/\/snowwhitemuseum.com\/fr\/about-the-film\/main-titles\/leigh-harline\/\" title=\"Leigh Harline\">Leigh Harline<\/a> et <a href=\"https:\/\/snowwhitemuseum.com\/fr\/about-the-film\/main-titles\/paul-j-smith\/\" title=\"Paul J. Smith\">Paul J. Smith<\/a> ont compos\u00e9 la majeure partie de la musique d'ambiance, parfois \u00e0 partir de th\u00e8mes de Churchill. Les paroles fran\u00e7aises sont de Marcel Ventura &amp; Alfred A. Fatio.<\/p>\n\n\n\n<p>Dans son livre, Karl Derisson nous apprend que c'est Max Terr, le directeur musical de la Paramount \u00e0 l'\u00e9poque, qui s'est charg\u00e9 de la magistrale orchestration du g\u00e9n\u00e9rique et de la sc\u00e8ne finale.<\/p>\n\n\n\n<p>Aux arrangements, on retrouve \u00e9galement Freeman High et les ch\u0153urs ont \u00e9t\u00e9 ex\u00e9cut\u00e9s par le Hall Johnson Choir.<\/p>\n<\/div><\/div>\n\n<\/div><\/div>\n\n<style>.kb-row-layout-id1698_6a4bd3-69 > .kt-row-column-wrap{align-content:start;}:where(.kb-row-layout-id1698_6a4bd3-69 > .kt-row-column-wrap) > .wp-block-kadence-column{justify-content:start;}.kb-row-layout-id1698_6a4bd3-69 > .kt-row-column-wrap{column-gap:var(--global-kb-gap-md, 2rem);row-gap:var(--global-kb-gap-md, 2rem);padding-top:var(--global-kb-spacing-sm, 1.5rem);padding-bottom:var(--global-kb-spacing-sm, 1.5rem);grid-template-columns:minmax(0, 2fr) minmax(0, 1fr);}.kb-row-layout-id1698_6a4bd3-69 > .kt-row-layout-overlay{opacity:0.30;}@media all and (max-width: 1024px){.kb-row-layout-id1698_6a4bd3-69 > .kt-row-column-wrap{grid-template-columns:minmax(0, 2fr) minmax(0, 1fr);}}@media all and (max-width: 767px){.kb-row-layout-id1698_6a4bd3-69 > .kt-row-column-wrap{grid-template-columns:minmax(0, 1fr);}.kb-row-layout-id1698_6a4bd3-69 > .kt-row-column-wrap > .wp-block-kadence-column:nth-child(1 of *:not(style)){order:2;}.kb-row-layout-id1698_6a4bd3-69 > .kt-row-column-wrap > .wp-block-kadence-column:nth-child(2 of *:not(style)){order:1;}.kb-row-layout-id1698_6a4bd3-69 > .kt-row-column-wrap > .wp-block-kadence-column:nth-child(3 of *:not(style)){order:12;}.kb-row-layout-id1698_6a4bd3-69 > .kt-row-column-wrap > .wp-block-kadence-column:nth-child(4 of *:not(style)){order:11;}.kb-row-layout-id1698_6a4bd3-69 > .kt-row-column-wrap > .wp-block-kadence-column:nth-child(5 of *:not(style)){order:22;}.kb-row-layout-id1698_6a4bd3-69 > .kt-row-column-wrap > .wp-block-kadence-column:nth-child(6 of *:not(style)){order:21;}.kb-row-layout-id1698_6a4bd3-69 > .kt-row-column-wrap > .wp-block-kadence-column:nth-child(7 of *:not(style)){order:32;}.kb-row-layout-id1698_6a4bd3-69 > .kt-row-column-wrap > .wp-block-kadence-column:nth-child(8 of *:not(style)){order:31;}}<\/style><div class=\"kb-row-layout-wrap kb-row-layout-id1698_6a4bd3-69 alignnone wp-block-kadence-rowlayout\"><div class=\"kt-row-column-wrap kt-has-2-columns kt-row-layout-left-golden kt-tab-layout-inherit kt-mobile-layout-row kt-row-valign-top\">\n<style>.kadence-column1698_3a9425-76 > .kt-inside-inner-col,.kadence-column1698_3a9425-76 > .kt-inside-inner-col:before{border-top-left-radius:0px;border-top-right-radius:0px;border-bottom-right-radius:0px;border-bottom-left-radius:0px;}.kadence-column1698_3a9425-76 > .kt-inside-inner-col{column-gap:var(--global-kb-gap-sm, 1rem);}.kadence-column1698_3a9425-76 > .kt-inside-inner-col{flex-direction:column;}.kadence-column1698_3a9425-76 > .kt-inside-inner-col > .aligncenter{width:100%;}.kadence-column1698_3a9425-76 > .kt-inside-inner-col:before{opacity:0.3;}.kadence-column1698_3a9425-76{position:relative;}@media all and (max-width: 1024px){.kadence-column1698_3a9425-76 > .kt-inside-inner-col{flex-direction:column;justify-content:center;}}@media all and (max-width: 767px){.kadence-column1698_3a9425-76 > .kt-inside-inner-col{flex-direction:column;justify-content:center;}}<\/style>\n<div class=\"wp-block-kadence-column kadence-column1698_3a9425-76\"><div class=\"kt-inside-inner-col\">\n<p>\u00c0 en croire les informations fournies dans certains CD de la bande originale, c'est <a href=\"https:\/\/snowwhitemuseum.com\/fr\/about-the-film\/main-titles\/frank-churchill\/\" title=\"Frank Churchill\">Frank Churchill<\/a> qui a dirig\u00e9 l'orchestre.<\/p>\n\n\n\n<p>Pour les musicologues parmi vous, <a href=\"https:\/\/snowwhitemuseum.com\/fr\/merchandising\/sheet-music\/american-sheet-music\/master-score\/\" title=\"Partition principale\">la totalit\u00e9 de la partition<\/a> a \u00e9t\u00e9 \u00e9dit\u00e9e en fac-simil\u00e9.<\/p>\n\n\n\n<p>Depuis la sortie originale du film, comme c'\u00e9tait l'usage \u00e0 l'\u00e9poque, des partitions des versions \"pop\" des chansons ont \u00e9t\u00e9 distribu\u00e9es dans tous les pays avec des couvertures diff\u00e9rentes, des arrangements divers (pour enfants, adultes), chanson par chanson ou en recueil. La France ne fait pas exception et ses partitions resteront \u00e9dit\u00e9es sous diverses formes jusqu'\u00e0 nos jours.<\/p>\n\n\n\n<p>Ce qui est en revanche une nouveaut\u00e9, est que la bande originale du film, ou en tout cas, une version temporaire de celle-ci, soit <a href=\"https:\/\/snowwhitemuseum.com\/fr\/merchandising\/records\/american-records\/j-8-victor-soundtrack\/\" title=\"Bande originale Victor J-8\">vendue sur disque<\/a>. L'usage jusqu'alors, \u00e9tait de sortir les tubes musicaux du dernier film \u00e0 succ\u00e8s interpr\u00e9t\u00e9s par les chanteurs et orchestres en vogue, ce \u00e0 quoi Blanche Neige n'\u00e9chappe pas. Mais publier directement la bande son du film est une innovation dont le succ\u00e8s lancera la mode.\nSur ce chapitre, en revanche, la France ne suivra qu'en proposant \u00e0 l'achat la version am\u00e9ricaine du film. En effet, la version fran\u00e7aise d'origine ne sera jamais disponible sur support discographique et ce sont de nouveaux enregistrements sous forme d'histoire ou de r\u00e9interpr\u00e9tations qui feront les beaux jours des disquaires.<\/p>\n<\/div><\/div>\n\n\n<style>.kadence-column1698_853b87-10 > .kt-inside-inner-col,.kadence-column1698_853b87-10 > .kt-inside-inner-col:before{border-top-left-radius:0px;border-top-right-radius:0px;border-bottom-right-radius:0px;border-bottom-left-radius:0px;}.kadence-column1698_853b87-10 > .kt-inside-inner-col{column-gap:var(--global-kb-gap-sm, 1rem);}.kadence-column1698_853b87-10 > .kt-inside-inner-col{flex-direction:column;}.kadence-column1698_853b87-10 > .kt-inside-inner-col > .aligncenter{width:100%;}.kadence-column1698_853b87-10 > .kt-inside-inner-col:before{opacity:0.3;}.kadence-column1698_853b87-10{position:relative;}@media all and (max-width: 1024px){.kadence-column1698_853b87-10 > .kt-inside-inner-col{flex-direction:column;justify-content:center;}}@media all and (max-width: 767px){.kadence-column1698_853b87-10 > .kt-inside-inner-col{flex-direction:column;justify-content:center;}}<\/style>\n<div class=\"wp-block-kadence-column kadence-column1698_853b87-10\"><div class=\"kt-inside-inner-col\">\n<figure data-wp-context=\"{&quot;imageId&quot;:&quot;69dc4e933f1fd&quot;}\" data-wp-interactive=\"core\/image\" data-wp-key=\"69dc4e933f1fd\" class=\"wp-block-image size-large wp-lightbox-container\"><img loading=\"lazy\" decoding=\"async\" width=\"1024\" height=\"425\" data-wp-class--hide=\"state.isContentHidden\" data-wp-class--show=\"state.isContentVisible\" data-wp-init=\"callbacks.setButtonStyles\" data-wp-on--click=\"actions.showLightbox\" data-wp-on--load=\"callbacks.setButtonStyles\" data-wp-on-window--resize=\"callbacks.setButtonStyles\" src=\"https:\/\/snowwhitemuseum.com\/wp-content\/uploads\/2024\/12\/Frank-Churchill-conducting-1024x425.jpg\" alt=\"\" class=\"wp-image-13743\" srcset=\"https:\/\/snowwhitemuseum.com\/wp-content\/uploads\/2024\/12\/Frank-Churchill-conducting-1024x425.jpg 1024w, https:\/\/snowwhitemuseum.com\/wp-content\/uploads\/2024\/12\/Frank-Churchill-conducting-300x124.jpg 300w, https:\/\/snowwhitemuseum.com\/wp-content\/uploads\/2024\/12\/Frank-Churchill-conducting-768x318.jpg 768w, https:\/\/snowwhitemuseum.com\/wp-content\/uploads\/2024\/12\/Frank-Churchill-conducting-18x7.jpg 18w, https:\/\/snowwhitemuseum.com\/wp-content\/uploads\/2024\/12\/Frank-Churchill-conducting.jpg 1500w\" sizes=\"auto, (max-width: 1024px) 100vw, 1024px\" \/><button\n\t\t\tclass=\"lightbox-trigger\"\n\t\t\ttype=\"button\"\n\t\t\taria-haspopup=\"dialog\"\n\t\t\taria-label=\"Agrandir\"\n\t\t\tdata-wp-init=\"callbacks.initTriggerButton\"\n\t\t\tdata-wp-on--click=\"actions.showLightbox\"\n\t\t\tdata-wp-style--right=\"state.imageButtonRight\"\n\t\t\tdata-wp-style--top=\"state.imageButtonTop\"\n\t\t>\n\t\t\t<svg xmlns=\"http:\/\/www.w3.org\/2000\/svg\" width=\"12\" height=\"12\" fill=\"none\" viewbox=\"0 0 12 12\">\n\t\t\t\t<path fill=\"#fff\" d=\"M2 0a2 2 0 0 0-2 2v2h1.5V2a.5.5 0 0 1 .5-.5h2V0H2Zm2 10.5H2a.5.5 0 0 1-.5-.5V8H0v2a2 2 0 0 0 2 2h2v-1.5ZM8 12v-1.5h2a.5.5 0 0 0 .5-.5V8H12v2a2 2 0 0 1-2 2H8Zm2-12a2 2 0 0 1 2 2v2h-1.5V2a.5.5 0 0 0-.5-.5H8V0h2Z\" \/>\n\t\t\t<\/svg>\n\t\t<\/button><figcaption class=\"wp-element-caption\">Frank Churchill, chef d'orchestre<\/figcaption><\/figure>\n<\/div><\/div>\n\n<\/div><\/div>\n\n\n<figure class=\"wp-block-pullquote\"><blockquote><p>La musique a toujours eu une place pr\u00e9pond\u00e9rante dans tous nos produits, depuis les premiers dessins anim\u00e9s. \u00c0 tel point que je ne peux pas penser \u00e0 l'histoire en images sans penser \u00e0 la musique compl\u00e9mentaire qui la compl\u00e9tera.<\/p><cite>Walt Disney<\/cite><\/blockquote><\/figure>","protected":false},"excerpt":{"rendered":"<p>The unforgettable music of the film was largely composed by Frank Churchill for the songs, Larry Morey for the lyrics, while Leigh Harline and Paul J. Smith composed most of the background music, sometimes using Churchill&#8217;s themes. In his book, Karl Derisson tells us that Max Terr, Paramount&#8217;s music director at the time, was responsible&#8230;<\/p>","protected":false},"author":1,"featured_media":13742,"parent":8,"menu_order":0,"comment_status":"closed","ping_status":"closed","template":"","meta":{"_kadence_starter_templates_imported_post":false,"_kad_post_transparent":"","_kad_post_title":"","_kad_post_layout":"","_kad_post_sidebar_id":"","_kad_post_content_style":"","_kad_post_vertical_padding":"","_kad_post_feature":"","_kad_post_feature_position":"","_kad_post_header":false,"_kad_post_footer":false,"_kad_post_classname":"","footnotes":""},"class_list":["post-1698","page","type-page","status-publish","has-post-thumbnail","hentry"],"aioseo_notices":[],"_links":{"self":[{"href":"https:\/\/snowwhitemuseum.com\/fr\/wp-json\/wp\/v2\/pages\/1698","targetHints":{"allow":["GET"]}}],"collection":[{"href":"https:\/\/snowwhitemuseum.com\/fr\/wp-json\/wp\/v2\/pages"}],"about":[{"href":"https:\/\/snowwhitemuseum.com\/fr\/wp-json\/wp\/v2\/types\/page"}],"author":[{"embeddable":true,"href":"https:\/\/snowwhitemuseum.com\/fr\/wp-json\/wp\/v2\/users\/1"}],"replies":[{"embeddable":true,"href":"https:\/\/snowwhitemuseum.com\/fr\/wp-json\/wp\/v2\/comments?post=1698"}],"version-history":[{"count":9,"href":"https:\/\/snowwhitemuseum.com\/fr\/wp-json\/wp\/v2\/pages\/1698\/revisions"}],"predecessor-version":[{"id":15065,"href":"https:\/\/snowwhitemuseum.com\/fr\/wp-json\/wp\/v2\/pages\/1698\/revisions\/15065"}],"up":[{"embeddable":true,"href":"https:\/\/snowwhitemuseum.com\/fr\/wp-json\/wp\/v2\/pages\/8"}],"wp:featuredmedia":[{"embeddable":true,"href":"https:\/\/snowwhitemuseum.com\/fr\/wp-json\/wp\/v2\/media\/13742"}],"wp:attachment":[{"href":"https:\/\/snowwhitemuseum.com\/fr\/wp-json\/wp\/v2\/media?parent=1698"}],"curies":[{"name":"wp","href":"https:\/\/api.w.org\/{rel}","templated":true}]}}