{"id":17137,"date":"2025-11-13T13:09:28","date_gmt":"2025-11-13T12:09:28","guid":{"rendered":"https:\/\/snowwhitemuseum.com\/?page_id=17137"},"modified":"2025-11-13T13:09:29","modified_gmt":"2025-11-13T12:09:29","slug":"letter-from-wally-feignoux-to-walt-disney-dated-december-30-1938","status":"publish","type":"page","link":"https:\/\/snowwhitemuseum.com\/fr\/about-the-film\/the-story\/production-documents\/letter-from-wally-feignoux-to-walt-disney-dated-december-30-1938\/","title":{"rendered":"Lettre de Wally Feignoux \u00e0 Walt Disney dat\u00e9e du 30 d\u00e9cembre 1938"},"content":{"rendered":"<style>.wp-block-kadence-advancedbtn.kb-btns17137_8d045f-f3{gap:var(--global-kb-gap-xs, 0.5rem );justify-content:center;align-items:center;}.kt-btns17137_8d045f-f3 .kt-button{font-weight:normal;font-style:normal;}.kt-btns17137_8d045f-f3 .kt-btn-wrap-0{margin-right:5px;}.wp-block-kadence-advancedbtn.kt-btns17137_8d045f-f3 .kt-btn-wrap-0 .kt-button{color:#555555;border-color:#555555;}.wp-block-kadence-advancedbtn.kt-btns17137_8d045f-f3 .kt-btn-wrap-0 .kt-button:hover, .wp-block-kadence-advancedbtn.kt-btns17137_8d045f-f3 .kt-btn-wrap-0 .kt-button:focus{color:#ffffff;border-color:#444444;}.wp-block-kadence-advancedbtn.kt-btns17137_8d045f-f3 .kt-btn-wrap-0 .kt-button::before{display:none;}.wp-block-kadence-advancedbtn.kt-btns17137_8d045f-f3 .kt-btn-wrap-0 .kt-button:hover, .wp-block-kadence-advancedbtn.kt-btns17137_8d045f-f3 .kt-btn-wrap-0 .kt-button:focus{background:#444444;}<\/style>\n<div class=\"wp-block-kadence-advancedbtn kb-buttons-wrap kb-btns17137_8d045f-f3\"><style>ul.menu .wp-block-kadence-advancedbtn .kb-btn17137_e11e82-78.kb-button{width:initial;}<\/style><a class=\"kb-button kt-button button kb-btn17137_e11e82-78 kt-btn-size-standard kt-btn-width-type-auto kb-btn-global-fill  kt-btn-has-text-true kt-btn-has-svg-false  wp-block-kadence-singlebtn\" href=\"https:\/\/snowwhitemuseum.com\/fr\/about-the-film\/the-story\/production-documents\/\"><span class=\"kt-btn-inner-text\">Retour aux Documents de production<\/span><\/a><\/div>\n\n\n<style>.wp-block-kadence-column.kb-section-dir-horizontal > .kt-inside-inner-col > .kt-info-box17137_3fabb5-d9 .kt-blocks-info-box-link-wrap{max-width:unset;}.kt-info-box17137_3fabb5-d9 .kt-blocks-info-box-link-wrap{border-top:0px solid transparent;border-right:0px solid transparent;border-bottom:0px solid transparent;border-left:0px solid transparent;padding-top:var(--global-kb-spacing-xs, 1rem);padding-right:var(--global-kb-spacing-xs, 1rem);padding-bottom:var(--global-kb-spacing-xs, 1rem);padding-left:var(--global-kb-spacing-xs, 1rem);}.kt-info-box17137_3fabb5-d9 .kadence-info-box-icon-container .kt-info-svg-icon, .kt-info-box17137_3fabb5-d9 .kt-info-svg-icon-flip, .kt-info-box17137_3fabb5-d9 .kt-blocks-info-box-number{font-size:50px;}.kt-info-box17137_3fabb5-d9 .kt-blocks-info-box-media{border-color:var(--global-palette7, #eeeeee);border-top-width:0px;border-right-width:0px;border-bottom-width:0px;border-left-width:0px;padding-top:10px;padding-right:10px;padding-bottom:10px;padding-left:10px;}.kt-info-box17137_3fabb5-d9 .kt-blocks-info-box-media-container{margin-top:0px;margin-right:15px;margin-bottom:0px;margin-left:15px;}.kt-info-box17137_3fabb5-d9 .kt-infobox-textcontent h2.kt-blocks-info-box-title{padding-top:0px;padding-right:0px;padding-bottom:0px;padding-left:0px;margin-top:5px;margin-right:0px;margin-bottom:10px;margin-left:0px;}.kt-info-box17137_3fabb5-d9 .kt-blocks-info-box-learnmore{background:transparent;border-width:0px 0px 0px 0px;padding-top:4px;padding-right:8px;padding-bottom:4px;padding-left:8px;margin-top:10px;margin-right:0px;margin-bottom:10px;margin-left:0px;}@media all and (max-width: 1024px){.kt-info-box17137_3fabb5-d9 .kt-blocks-info-box-link-wrap{border-top:0px solid transparent;border-right:0px solid transparent;border-bottom:0px solid transparent;border-left:0px solid transparent;}}@media all and (max-width: 767px){.kt-info-box17137_3fabb5-d9 .kt-blocks-info-box-link-wrap{border-top:0px solid transparent;border-right:0px solid transparent;border-bottom:0px solid transparent;border-left:0px solid transparent;}}<\/style>\n<div class=\"wp-block-kadence-infobox kt-info-box17137_3fabb5-d9\"><div class=\"kt-blocks-info-box-link-wrap kt-blocks-info-box-media-align-top kt-info-halign-center\"><div class=\"kt-blocks-info-box-media-container\"><div class=\"kt-blocks-info-box-media kt-info-media-animate-none\"><div class=\"kadence-info-box-icon-container kt-info-icon-animate-none\"><div class=\"kadence-info-box-icon-inner-container\"><span class=\"kb-svg-icon-wrap kb-svg-icon-fe_fileText kt-info-svg-icon\"><svg viewbox=\"0 0 24 24\"  fill=\"none\" stroke=\"currentColor\" stroke-width=\"2\" stroke-linecap=\"round\" stroke-linejoin=\"round\" xmlns=\"http:\/\/www.w3.org\/2000\/svg\"  aria-hidden=\"true\"><path d=\"M14 2H6a2 2 0 0 0-2 2v16a2 2 0 0 0 2 2h12a2 2 0 0 0 2-2V8z\"\/><polyline points=\"14 2 14 8 20 8\"\/><line x1=\"16\" y1=\"13\" x2=\"8\" y2=\"13\"\/><line x1=\"16\" y1=\"17\" x2=\"8\" y2=\"17\"\/><polyline points=\"10 9 9 9 8 9\"\/><\/svg><\/span><\/div><\/div><\/div><\/div><div class=\"kt-infobox-textcontent\"><h2 class=\"kt-blocks-info-box-title\">Information<\/h2><p class=\"kt-blocks-info-box-text\"><strong>Date du document :<\/strong> 30 d\u00e9cembre 1938<br><strong>Auteur du document :<\/strong> Wally Feignoux<br><strong>Source :<\/strong> \"Le grand tour de Disney : Les vacances europ\u00e9ennes de Walt et Roy, \u00e9t\u00e9 1935\" par Didier Ghez<br><br>Cette lettre adress\u00e9e \u00e0 Walt Disney par Wally Feignoux, repr\u00e9sentant europ\u00e9en de la soci\u00e9t\u00e9, d\u00e9crit l'organisation <a href=\"https:\/\/snowwhitemuseum.com\/fr\/about-the-film\/events\/premieres-of-snow-white-and-the-seven-dwarfs\/special-screening-of-snow-white-at-the-palais-de-lelysee-for-the-1938-christmas-tree\/\" title=\"Special screening of Snow White at the Palais de l\u2019\u00c9lys\u00e9e for the 1938 Christmas tree\">d'une projection sp\u00e9ciale<\/a> de <em>Blanche Neige et les sept nains<\/em> au Palais de l\u2019\u00c9lys\u00e9e pour la Pr\u00e9sidence fran\u00e7aise, un \u00e9v\u00e9nement prestigieux pour les enfants. William Banks Levy, mentionn\u00e9 dans la lettre, est le directeur des ventes europ\u00e9ennes des produits d\u00e9riv\u00e9s Walt Disney.<\/p><\/div><\/div><\/div>\n\n\n<style>.kb-row-layout-id17137_e36151-45 > .kt-row-column-wrap{align-content:start;}:where(.kb-row-layout-id17137_e36151-45 > .kt-row-column-wrap) > .wp-block-kadence-column{justify-content:start;}.kb-row-layout-id17137_e36151-45 > .kt-row-column-wrap{column-gap:var(--global-kb-gap-md, 2rem);row-gap:var(--global-kb-gap-md, 2rem);padding-top:var(--global-kb-spacing-sm, 1.5rem);padding-bottom:var(--global-kb-spacing-sm, 1.5rem);grid-template-columns:minmax(0, 1fr) minmax(0, 2fr);}.kb-row-layout-id17137_e36151-45 > .kt-row-layout-overlay{opacity:0.30;}@media all and (max-width: 1024px){.kb-row-layout-id17137_e36151-45 > .kt-row-column-wrap{grid-template-columns:minmax(0, 1fr) minmax(0, 2fr);}}@media all and (max-width: 767px){.kb-row-layout-id17137_e36151-45 > .kt-row-column-wrap{grid-template-columns:minmax(0, 1fr);}}<\/style><div class=\"kb-row-layout-wrap kb-row-layout-id17137_e36151-45 alignnone wp-block-kadence-rowlayout\"><div class=\"kt-row-column-wrap kt-has-2-columns kt-row-layout-right-golden kt-tab-layout-inherit kt-mobile-layout-row kt-row-valign-top\">\n<style>.kadence-column17137_835e11-f2 > .kt-inside-inner-col,.kadence-column17137_835e11-f2 > .kt-inside-inner-col:before{border-top-left-radius:0px;border-top-right-radius:0px;border-bottom-right-radius:0px;border-bottom-left-radius:0px;}.kadence-column17137_835e11-f2 > .kt-inside-inner-col{column-gap:var(--global-kb-gap-sm, 1rem);}.kadence-column17137_835e11-f2 > .kt-inside-inner-col{flex-direction:column;}.kadence-column17137_835e11-f2 > .kt-inside-inner-col > .aligncenter{width:100%;}.kadence-column17137_835e11-f2 > .kt-inside-inner-col:before{opacity:0.3;}.kadence-column17137_835e11-f2{position:relative;}@media all and (max-width: 1024px){.kadence-column17137_835e11-f2 > .kt-inside-inner-col{flex-direction:column;justify-content:center;}}@media all and (max-width: 767px){.kadence-column17137_835e11-f2 > .kt-inside-inner-col{flex-direction:column;justify-content:center;}}<\/style>\n<div class=\"wp-block-kadence-column kadence-column17137_835e11-f2\"><div class=\"kt-inside-inner-col\">\n<figure data-wp-context=\"{&quot;imageId&quot;:&quot;69e74dadc5475&quot;}\" data-wp-interactive=\"core\/image\" data-wp-key=\"69e74dadc5475\" class=\"wp-block-image size-full wp-lightbox-container\"><img loading=\"lazy\" decoding=\"async\" width=\"768\" height=\"753\" data-wp-class--hide=\"state.isContentHidden\" data-wp-class--show=\"state.isContentVisible\" data-wp-init=\"callbacks.setButtonStyles\" data-wp-on--click=\"actions.showLightbox\" data-wp-on--load=\"callbacks.setButtonStyles\" data-wp-on-window--resize=\"callbacks.setButtonStyles\" src=\"https:\/\/snowwhitemuseum.com\/wp-content\/uploads\/2025\/11\/Wally-Feignoux.jpg\" alt=\"\" class=\"wp-image-17143\" srcset=\"https:\/\/snowwhitemuseum.com\/wp-content\/uploads\/2025\/11\/Wally-Feignoux.jpg 768w, https:\/\/snowwhitemuseum.com\/wp-content\/uploads\/2025\/11\/Wally-Feignoux-300x294.jpg 300w, https:\/\/snowwhitemuseum.com\/wp-content\/uploads\/2025\/11\/Wally-Feignoux-12x12.jpg 12w\" sizes=\"auto, (max-width: 768px) 100vw, 768px\" \/><button\n\t\t\tclass=\"lightbox-trigger\"\n\t\t\ttype=\"button\"\n\t\t\taria-haspopup=\"dialog\"\n\t\t\taria-label=\"Agrandir\"\n\t\t\tdata-wp-init=\"callbacks.initTriggerButton\"\n\t\t\tdata-wp-on--click=\"actions.showLightbox\"\n\t\t\tdata-wp-style--right=\"state.imageButtonRight\"\n\t\t\tdata-wp-style--top=\"state.imageButtonTop\"\n\t\t>\n\t\t\t<svg xmlns=\"http:\/\/www.w3.org\/2000\/svg\" width=\"12\" height=\"12\" fill=\"none\" viewbox=\"0 0 12 12\">\n\t\t\t\t<path fill=\"#fff\" d=\"M2 0a2 2 0 0 0-2 2v2h1.5V2a.5.5 0 0 1 .5-.5h2V0H2Zm2 10.5H2a.5.5 0 0 1-.5-.5V8H0v2a2 2 0 0 0 2 2h2v-1.5ZM8 12v-1.5h2a.5.5 0 0 0 .5-.5V8H12v2a2 2 0 0 1-2 2H8Zm2-12a2 2 0 0 1 2 2v2h-1.5V2a.5.5 0 0 0-.5-.5H8V0h2Z\" \/>\n\t\t\t<\/svg>\n\t\t<\/button><figcaption class=\"wp-element-caption\">Wally Feignoux<\/figcaption><\/figure>\n<\/div><\/div>\n\n\n<style>.kadence-column17137_6d7aa9-dd > .kt-inside-inner-col,.kadence-column17137_6d7aa9-dd > .kt-inside-inner-col:before{border-top-left-radius:0px;border-top-right-radius:0px;border-bottom-right-radius:0px;border-bottom-left-radius:0px;}.kadence-column17137_6d7aa9-dd > .kt-inside-inner-col{column-gap:var(--global-kb-gap-sm, 1rem);}.kadence-column17137_6d7aa9-dd > .kt-inside-inner-col{flex-direction:column;}.kadence-column17137_6d7aa9-dd > .kt-inside-inner-col > .aligncenter{width:100%;}.kadence-column17137_6d7aa9-dd > .kt-inside-inner-col:before{opacity:0.3;}.kadence-column17137_6d7aa9-dd{position:relative;}@media all and (max-width: 1024px){.kadence-column17137_6d7aa9-dd > .kt-inside-inner-col{flex-direction:column;justify-content:center;}}@media all and (max-width: 767px){.kadence-column17137_6d7aa9-dd > .kt-inside-inner-col{flex-direction:column;justify-content:center;}}<\/style>\n<div class=\"wp-block-kadence-column kadence-column17137_6d7aa9-dd\"><div class=\"kt-inside-inner-col\">\n<p>Cher M. Disney,<\/p>\n\n\n\n<p>J'ai le grand plaisir de vous envoyer ci-joint un programme de <em>Blanche Neige et les sept nains<\/em>, d\u00e9dicac\u00e9 par M. Albert Lebrun, Pr\u00e9sident de la R\u00e9publique fran\u00e7aise, en t\u00e9moignage de son admiration et de son appr\u00e9ciation personnelle de <em>Blanche Neige<\/em>, et donc de votre art. Avec la permission de M. <strong>William B. Levy<\/strong> , j'ai eu la chance d'organiser une repr\u00e9sentation sp\u00e9ciale au Palais de l\u2019\u00c9lys\u00e9e \u00e0 l'occasion de l'arbre de No\u00ebl et des festivit\u00e9s de No\u00ebl que M. Lebrun a l'habitude d'offrir \u00e0 trois cents enfants pauvres de Paris.<\/p>\n\n\n\n<p>Si vous aviez \u00e9t\u00e9 l\u00e0, je suis s\u00fbr que vous auriez \u00e9t\u00e9 heureux de voir les visages de tous ces enfants. Et ils garderont <em>Blanche Neige<\/em> dans leur c\u0153ur. Des programmes sp\u00e9cialement imprim\u00e9s ont \u00e9t\u00e9 remis \u00e0 M. Lebrun et \u00e0 sa famille, mais aussi aux membres du gouvernement et \u00e0 chacun de ces enfants.<\/p>\n\n\n\n<p>Le lendemain de la repr\u00e9sentation, tous les journaux en ont parl\u00e9. Outre l'aspect caritatif, ce n'est pas \u00e0 n\u00e9gliger, d'autant que c'est la toute premi\u00e8re fois qu'un film \u00e9tranger est projet\u00e9 au Palais de l\u2019\u00c9lys\u00e9e dans le cadre d'un tel \u00e9v\u00e9nement.<\/p>\n<\/div><\/div>\n\n<\/div><\/div>","protected":false},"excerpt":{"rendered":"<p>Dear Mr. Disney, I take much pleasure in sending you herewith a program of Snow White and the Seven Dwarfs, which has been autographed by Mr. Albert Lebrun, President of the Republic of France, as an expression of his admiration and of his personal appreciation of Snow White, therefore of your art. With Mr. William&#8230;<\/p>","protected":false},"author":1,"featured_media":17142,"parent":12471,"menu_order":0,"comment_status":"closed","ping_status":"closed","template":"","meta":{"_kadence_starter_templates_imported_post":false,"_kad_post_transparent":"","_kad_post_title":"","_kad_post_layout":"","_kad_post_sidebar_id":"","_kad_post_content_style":"","_kad_post_vertical_padding":"","_kad_post_feature":"","_kad_post_feature_position":"","_kad_post_header":false,"_kad_post_footer":false,"_kad_post_classname":"","footnotes":""},"class_list":["post-17137","page","type-page","status-publish","has-post-thumbnail","hentry"],"aioseo_notices":[],"_links":{"self":[{"href":"https:\/\/snowwhitemuseum.com\/fr\/wp-json\/wp\/v2\/pages\/17137","targetHints":{"allow":["GET"]}}],"collection":[{"href":"https:\/\/snowwhitemuseum.com\/fr\/wp-json\/wp\/v2\/pages"}],"about":[{"href":"https:\/\/snowwhitemuseum.com\/fr\/wp-json\/wp\/v2\/types\/page"}],"author":[{"embeddable":true,"href":"https:\/\/snowwhitemuseum.com\/fr\/wp-json\/wp\/v2\/users\/1"}],"replies":[{"embeddable":true,"href":"https:\/\/snowwhitemuseum.com\/fr\/wp-json\/wp\/v2\/comments?post=17137"}],"version-history":[{"count":5,"href":"https:\/\/snowwhitemuseum.com\/fr\/wp-json\/wp\/v2\/pages\/17137\/revisions"}],"predecessor-version":[{"id":17144,"href":"https:\/\/snowwhitemuseum.com\/fr\/wp-json\/wp\/v2\/pages\/17137\/revisions\/17144"}],"up":[{"embeddable":true,"href":"https:\/\/snowwhitemuseum.com\/fr\/wp-json\/wp\/v2\/pages\/12471"}],"wp:featuredmedia":[{"embeddable":true,"href":"https:\/\/snowwhitemuseum.com\/fr\/wp-json\/wp\/v2\/media\/17142"}],"wp:attachment":[{"href":"https:\/\/snowwhitemuseum.com\/fr\/wp-json\/wp\/v2\/media?parent=17137"}],"curies":[{"name":"wp","href":"https:\/\/api.w.org\/{rel}","templated":true}]}}