{"id":17148,"date":"2025-11-13T17:03:50","date_gmt":"2025-11-13T16:03:50","guid":{"rendered":"https:\/\/snowwhitemuseum.com\/?page_id=17148"},"modified":"2025-11-13T17:03:52","modified_gmt":"2025-11-13T16:03:52","slug":"letter-from-bill-garity-to-roy-o-disney-dated-july-12-1935","status":"publish","type":"page","link":"https:\/\/snowwhitemuseum.com\/fr\/about-the-film\/the-story\/production-documents\/letter-from-bill-garity-to-roy-o-disney-dated-july-12-1935\/","title":{"rendered":"Lettre de Bill Garity \u00e0 Roy O. Disney dat\u00e9e du 12 juillet 1935"},"content":{"rendered":"<style>.wp-block-kadence-advancedbtn.kb-btns17148_593122-1d{gap:var(--global-kb-gap-xs, 0.5rem );justify-content:center;align-items:center;}.kt-btns17148_593122-1d .kt-button{font-weight:normal;font-style:normal;}.kt-btns17148_593122-1d .kt-btn-wrap-0{margin-right:5px;}.wp-block-kadence-advancedbtn.kt-btns17148_593122-1d .kt-btn-wrap-0 .kt-button{color:#555555;border-color:#555555;}.wp-block-kadence-advancedbtn.kt-btns17148_593122-1d .kt-btn-wrap-0 .kt-button:hover, .wp-block-kadence-advancedbtn.kt-btns17148_593122-1d .kt-btn-wrap-0 .kt-button:focus{color:#ffffff;border-color:#444444;}.wp-block-kadence-advancedbtn.kt-btns17148_593122-1d .kt-btn-wrap-0 .kt-button::before{display:none;}.wp-block-kadence-advancedbtn.kt-btns17148_593122-1d .kt-btn-wrap-0 .kt-button:hover, .wp-block-kadence-advancedbtn.kt-btns17148_593122-1d .kt-btn-wrap-0 .kt-button:focus{background:#444444;}<\/style>\n<div class=\"wp-block-kadence-advancedbtn kb-buttons-wrap kb-btns17148_593122-1d\"><style>ul.menu .wp-block-kadence-advancedbtn .kb-btn17148_f33e92-f7.kb-button{width:initial;}<\/style><a class=\"kb-button kt-button button kb-btn17148_f33e92-f7 kt-btn-size-standard kt-btn-width-type-auto kb-btn-global-fill  kt-btn-has-text-true kt-btn-has-svg-false  wp-block-kadence-singlebtn\" href=\"https:\/\/snowwhitemuseum.com\/fr\/about-the-film\/the-story\/production-documents\/\"><span class=\"kt-btn-inner-text\">Retour aux Documents de production<\/span><\/a><\/div>\n\n\n<style>.wp-block-kadence-column.kb-section-dir-horizontal > .kt-inside-inner-col > .kt-info-box17148_445b9b-5c .kt-blocks-info-box-link-wrap{max-width:unset;}.kt-info-box17148_445b9b-5c .kt-blocks-info-box-link-wrap{border-top:0px solid transparent;border-right:0px solid transparent;border-bottom:0px solid transparent;border-left:0px solid transparent;padding-top:var(--global-kb-spacing-xs, 1rem);padding-right:var(--global-kb-spacing-xs, 1rem);padding-bottom:var(--global-kb-spacing-xs, 1rem);padding-left:var(--global-kb-spacing-xs, 1rem);}.kt-info-box17148_445b9b-5c .kadence-info-box-icon-container .kt-info-svg-icon, .kt-info-box17148_445b9b-5c .kt-info-svg-icon-flip, .kt-info-box17148_445b9b-5c .kt-blocks-info-box-number{font-size:50px;}.kt-info-box17148_445b9b-5c .kt-blocks-info-box-media{border-color:var(--global-palette7, #eeeeee);border-top-width:0px;border-right-width:0px;border-bottom-width:0px;border-left-width:0px;padding-top:10px;padding-right:10px;padding-bottom:10px;padding-left:10px;}.kt-info-box17148_445b9b-5c .kt-blocks-info-box-media-container{margin-top:0px;margin-right:15px;margin-bottom:0px;margin-left:15px;}.kt-info-box17148_445b9b-5c .kt-infobox-textcontent h2.kt-blocks-info-box-title{padding-top:0px;padding-right:0px;padding-bottom:0px;padding-left:0px;margin-top:5px;margin-right:0px;margin-bottom:10px;margin-left:0px;}.kt-info-box17148_445b9b-5c .kt-blocks-info-box-learnmore{background:transparent;border-width:0px 0px 0px 0px;padding-top:4px;padding-right:8px;padding-bottom:4px;padding-left:8px;margin-top:10px;margin-right:0px;margin-bottom:10px;margin-left:0px;}@media all and (max-width: 1024px){.kt-info-box17148_445b9b-5c .kt-blocks-info-box-link-wrap{border-top:0px solid transparent;border-right:0px solid transparent;border-bottom:0px solid transparent;border-left:0px solid transparent;}}@media all and (max-width: 767px){.kt-info-box17148_445b9b-5c .kt-blocks-info-box-link-wrap{border-top:0px solid transparent;border-right:0px solid transparent;border-bottom:0px solid transparent;border-left:0px solid transparent;}}<\/style>\n<div class=\"wp-block-kadence-infobox kt-info-box17148_445b9b-5c\"><div class=\"kt-blocks-info-box-link-wrap kt-blocks-info-box-media-align-top kt-info-halign-center\"><div class=\"kt-blocks-info-box-media-container\"><div class=\"kt-blocks-info-box-media kt-info-media-animate-none\"><div class=\"kadence-info-box-icon-container kt-info-icon-animate-none\"><div class=\"kadence-info-box-icon-inner-container\"><span class=\"kb-svg-icon-wrap kb-svg-icon-fe_fileText kt-info-svg-icon\"><svg viewbox=\"0 0 24 24\"  fill=\"none\" stroke=\"currentColor\" stroke-width=\"2\" stroke-linecap=\"round\" stroke-linejoin=\"round\" xmlns=\"http:\/\/www.w3.org\/2000\/svg\"  aria-hidden=\"true\"><path d=\"M14 2H6a2 2 0 0 0-2 2v16a2 2 0 0 0 2 2h12a2 2 0 0 0 2-2V8z\"\/><polyline points=\"14 2 14 8 20 8\"\/><line x1=\"16\" y1=\"13\" x2=\"8\" y2=\"13\"\/><line x1=\"16\" y1=\"17\" x2=\"8\" y2=\"17\"\/><polyline points=\"10 9 9 9 8 9\"\/><\/svg><\/span><\/div><\/div><\/div><\/div><div class=\"kt-infobox-textcontent\"><h2 class=\"kt-blocks-info-box-title\">Information<\/h2><p class=\"kt-blocks-info-box-text\"><strong>Date du document :<\/strong> 12 juillet 1935<br><strong>Auteur du document :<\/strong> William Garity<br><strong>Source :<\/strong> Les archives Disney (A2995), reproduites dans \"Le grand tour de Disney : Les vacances europ\u00e9ennes de Walt et Roy, \u00e9t\u00e9 1935\" par Didier Ghez<br><br>Cette lettre adress\u00e9e \u00e0 <strong>Roy Disney<\/strong> de <strong>William Garity<\/strong>, le directeur du studio, lui donne quelques nouvelles du studio pendant son absence lors d'un voyage en Europe. <em>Blanche Neige et les sept nains<\/em> est bien s\u00fbr mentionn\u00e9 comme le grand projet auquel Walt s'attaquera \u00e0 son retour. Il est \u00e9vident que l'absence de Walt se fait sentir, bien le travail sur deux courts m\u00e9trages au moins, <em>Jazz Band contre Symphony Land<\/em> et <em>Mickey patine<\/em> progresse.<\/p><\/div><\/div><\/div>\n\n\n<style>.kb-row-layout-id17148_c84143-4d > .kt-row-column-wrap{align-content:start;}:where(.kb-row-layout-id17148_c84143-4d > .kt-row-column-wrap) > .wp-block-kadence-column{justify-content:start;}.kb-row-layout-id17148_c84143-4d > .kt-row-column-wrap{column-gap:var(--global-kb-gap-md, 2rem);row-gap:var(--global-kb-gap-md, 2rem);padding-top:var(--global-kb-spacing-sm, 1.5rem);padding-bottom:var(--global-kb-spacing-sm, 1.5rem);grid-template-columns:minmax(0, 1fr) minmax(0, 2fr);}.kb-row-layout-id17148_c84143-4d > .kt-row-layout-overlay{opacity:0.30;}@media all and (max-width: 1024px){.kb-row-layout-id17148_c84143-4d > .kt-row-column-wrap{grid-template-columns:minmax(0, 1fr) minmax(0, 2fr);}}@media all and (max-width: 767px){.kb-row-layout-id17148_c84143-4d > .kt-row-column-wrap{grid-template-columns:minmax(0, 1fr);}}<\/style><div class=\"kb-row-layout-wrap kb-row-layout-id17148_c84143-4d alignnone wp-block-kadence-rowlayout\"><div class=\"kt-row-column-wrap kt-has-2-columns kt-row-layout-right-golden kt-tab-layout-inherit kt-mobile-layout-row kt-row-valign-top\">\n<style>.kadence-column17148_dc4891-12 > .kt-inside-inner-col,.kadence-column17148_dc4891-12 > .kt-inside-inner-col:before{border-top-left-radius:0px;border-top-right-radius:0px;border-bottom-right-radius:0px;border-bottom-left-radius:0px;}.kadence-column17148_dc4891-12 > .kt-inside-inner-col{column-gap:var(--global-kb-gap-sm, 1rem);}.kadence-column17148_dc4891-12 > .kt-inside-inner-col{flex-direction:column;}.kadence-column17148_dc4891-12 > .kt-inside-inner-col > .aligncenter{width:100%;}.kadence-column17148_dc4891-12 > .kt-inside-inner-col:before{opacity:0.3;}.kadence-column17148_dc4891-12{position:relative;}@media all and (max-width: 1024px){.kadence-column17148_dc4891-12 > .kt-inside-inner-col{flex-direction:column;justify-content:center;}}@media all and (max-width: 767px){.kadence-column17148_dc4891-12 > .kt-inside-inner-col{flex-direction:column;justify-content:center;}}<\/style>\n<div class=\"wp-block-kadence-column kadence-column17148_dc4891-12\"><div class=\"kt-inside-inner-col\"><\/div><\/div>\n\n\n<style>.kadence-column17148_2f0dc7-d7 > .kt-inside-inner-col,.kadence-column17148_2f0dc7-d7 > .kt-inside-inner-col:before{border-top-left-radius:0px;border-top-right-radius:0px;border-bottom-right-radius:0px;border-bottom-left-radius:0px;}.kadence-column17148_2f0dc7-d7 > .kt-inside-inner-col{column-gap:var(--global-kb-gap-sm, 1rem);}.kadence-column17148_2f0dc7-d7 > .kt-inside-inner-col{flex-direction:column;}.kadence-column17148_2f0dc7-d7 > .kt-inside-inner-col > .aligncenter{width:100%;}.kadence-column17148_2f0dc7-d7 > .kt-inside-inner-col:before{opacity:0.3;}.kadence-column17148_2f0dc7-d7{position:relative;}@media all and (max-width: 1024px){.kadence-column17148_2f0dc7-d7 > .kt-inside-inner-col{flex-direction:column;justify-content:center;}}@media all and (max-width: 767px){.kadence-column17148_2f0dc7-d7 > .kt-inside-inner-col{flex-direction:column;justify-content:center;}}<\/style>\n<div class=\"wp-block-kadence-column kadence-column17148_2f0dc7-d7\"><div class=\"kt-inside-inner-col\">\n<p>D'une mani\u00e8re g\u00e9n\u00e9rale, j'ai \u00e9t\u00e9 satisfait du fonctionnement de l'usine pendant l'absence de Walt. Il n'y a eu absolument aucune friction dans aucun trimestre et la production, bien que l\u00e9g\u00e8rement retard\u00e9e mais pas s\u00e9rieusement, progresse bien. Le ralentissement de la production est probablement d\u00fb au fait que les r\u00e9alisateurs sont un peu trop prudents parce qu'ils ressentent n\u00e9cessairement le manque d'assistance et de conseils de Walt.<\/p>\n\n\n\n<p>Nous enregistrons <em>Jazz Band contre Symphony Land<\/em> aujourd'hui et nous enregistrerons le film de patinage sur glace au d\u00e9but de la semaine prochaine. Je crois vraiment que cette absence de Walt facilitera grandement le travail de Walt sur le long m\u00e9trage s'il d\u00e9cide de s'y mettre \u00e0 son retour, car chacun assume sa propre responsabilit\u00e9 et tous sont oblig\u00e9s de prendre eux-m\u00eames des d\u00e9cisions qu'ils auraient autrement transmises \u00e0 Walt.<\/p>\n<\/div><\/div>\n\n<\/div><\/div>","protected":false},"excerpt":{"rendered":"<p>In general, I have been gratified with the operation of the plant during Walt\u2019s absence. There has been absolutely no friction in any quarter and production, while retarded slightly but not seriously, is progressing nicely. The retarding of production is probably due to the fact that the Directors are being a little over-cautious due to&#8230;<\/p>","protected":false},"author":1,"featured_media":0,"parent":12471,"menu_order":0,"comment_status":"closed","ping_status":"closed","template":"","meta":{"_kadence_starter_templates_imported_post":false,"_kad_post_transparent":"","_kad_post_title":"","_kad_post_layout":"","_kad_post_sidebar_id":"","_kad_post_content_style":"","_kad_post_vertical_padding":"","_kad_post_feature":"","_kad_post_feature_position":"","_kad_post_header":false,"_kad_post_footer":false,"_kad_post_classname":"","footnotes":""},"class_list":["post-17148","page","type-page","status-publish","hentry"],"aioseo_notices":[],"_links":{"self":[{"href":"https:\/\/snowwhitemuseum.com\/fr\/wp-json\/wp\/v2\/pages\/17148","targetHints":{"allow":["GET"]}}],"collection":[{"href":"https:\/\/snowwhitemuseum.com\/fr\/wp-json\/wp\/v2\/pages"}],"about":[{"href":"https:\/\/snowwhitemuseum.com\/fr\/wp-json\/wp\/v2\/types\/page"}],"author":[{"embeddable":true,"href":"https:\/\/snowwhitemuseum.com\/fr\/wp-json\/wp\/v2\/users\/1"}],"replies":[{"embeddable":true,"href":"https:\/\/snowwhitemuseum.com\/fr\/wp-json\/wp\/v2\/comments?post=17148"}],"version-history":[{"count":2,"href":"https:\/\/snowwhitemuseum.com\/fr\/wp-json\/wp\/v2\/pages\/17148\/revisions"}],"predecessor-version":[{"id":17150,"href":"https:\/\/snowwhitemuseum.com\/fr\/wp-json\/wp\/v2\/pages\/17148\/revisions\/17150"}],"up":[{"embeddable":true,"href":"https:\/\/snowwhitemuseum.com\/fr\/wp-json\/wp\/v2\/pages\/12471"}],"wp:attachment":[{"href":"https:\/\/snowwhitemuseum.com\/fr\/wp-json\/wp\/v2\/media?parent=17148"}],"curies":[{"name":"wp","href":"https:\/\/api.w.org\/{rel}","templated":true}]}}