{"id":1879,"date":"2023-05-09T20:43:50","date_gmt":"2023-05-09T18:43:50","guid":{"rendered":"https:\/\/snowwhitemuseum.com\/?page_id=1879"},"modified":"2025-08-07T21:19:33","modified_gmt":"2025-08-07T19:19:33","slug":"programs","status":"publish","type":"page","link":"https:\/\/snowwhitemuseum.com\/fr\/images\/programs\/","title":{"rendered":"Programmes"},"content":{"rendered":"<style>.wp-block-kadence-advancedbtn.kb-btns1879_114baa-98{gap:var(--global-kb-gap-xs, 0.5rem );justify-content:center;align-items:center;}.kt-btns1879_114baa-98 .kt-button{font-weight:normal;font-style:normal;}.kt-btns1879_114baa-98 .kt-btn-wrap-0{margin-right:5px;}.wp-block-kadence-advancedbtn.kt-btns1879_114baa-98 .kt-btn-wrap-0 .kt-button{color:#555555;border-color:#555555;}.wp-block-kadence-advancedbtn.kt-btns1879_114baa-98 .kt-btn-wrap-0 .kt-button:hover, .wp-block-kadence-advancedbtn.kt-btns1879_114baa-98 .kt-btn-wrap-0 .kt-button:focus{color:#ffffff;border-color:#444444;}.wp-block-kadence-advancedbtn.kt-btns1879_114baa-98 .kt-btn-wrap-0 .kt-button::before{display:none;}.wp-block-kadence-advancedbtn.kt-btns1879_114baa-98 .kt-btn-wrap-0 .kt-button:hover, .wp-block-kadence-advancedbtn.kt-btns1879_114baa-98 .kt-btn-wrap-0 .kt-button:focus{background:#444444;}<\/style>\n<div class=\"wp-block-kadence-advancedbtn kb-buttons-wrap kb-btns1879_114baa-98\"><style>ul.menu .wp-block-kadence-advancedbtn .kb-btn1879_c00777-34.kb-button{width:initial;}<\/style><a class=\"kb-button kt-button button kb-btn1879_c00777-34 kt-btn-size-standard kt-btn-width-type-auto kb-btn-global-fill  kt-btn-has-text-true kt-btn-has-svg-false  wp-block-kadence-singlebtn\" href=\"https:\/\/snowwhitemuseum.com\/fr\/images\/\"><span class=\"kt-btn-inner-text\">Retour aux images<\/span><\/a><\/div>\n\n\n\n<p>Lors des premi\u00e8res et sorties successives de Blanche Neige et les sept nains, des programmes sp\u00e9cifiques \u00e9taient con\u00e7us \u00e0 destination des spectateurs privil\u00e9gi\u00e9s qui assistaient \u00e0 la s\u00e9ance. Parfois informatifs, ou richement illustr\u00e9s, ils vous sont pr\u00e9sent\u00e9s ici.<\/p>\n\n\n<style>.kb-row-layout-id1879_57fbb2-aa > .kt-row-column-wrap{align-content:start;}:where(.kb-row-layout-id1879_57fbb2-aa > .kt-row-column-wrap) > .wp-block-kadence-column{justify-content:start;}.kb-row-layout-id1879_57fbb2-aa > .kt-row-column-wrap{column-gap:var(--global-kb-gap-md, 2rem);row-gap:var(--global-kb-gap-md, 2rem);padding-top:var(--global-kb-spacing-sm, 1.5rem);padding-bottom:var(--global-kb-spacing-sm, 1.5rem);grid-template-columns:repeat(6, minmax(0, 1fr));}.kb-row-layout-id1879_57fbb2-aa > .kt-row-layout-overlay{opacity:0.30;}@media all and (max-width: 1024px){.kb-row-layout-id1879_57fbb2-aa > .kt-row-column-wrap{grid-template-columns:repeat(6, minmax(0, 1fr));}}@media all and (max-width: 767px){.kb-row-layout-id1879_57fbb2-aa > .kt-row-column-wrap{grid-template-columns:minmax(0, 1fr);}}<\/style><div class=\"kb-row-layout-wrap kb-row-layout-id1879_57fbb2-aa alignnone wp-block-kadence-rowlayout\"><div class=\"kt-row-column-wrap kt-has-6-columns kt-row-layout-equal kt-tab-layout-inherit kt-mobile-layout-row kt-row-valign-top\">\n<style>.kadence-column1879_f05b51-db > .kt-inside-inner-col,.kadence-column1879_f05b51-db > .kt-inside-inner-col:before{border-top-left-radius:0px;border-top-right-radius:0px;border-bottom-right-radius:0px;border-bottom-left-radius:0px;}.kadence-column1879_f05b51-db > .kt-inside-inner-col{column-gap:var(--global-kb-gap-sm, 1rem);}.kadence-column1879_f05b51-db > .kt-inside-inner-col{flex-direction:column;}.kadence-column1879_f05b51-db > .kt-inside-inner-col > .aligncenter{width:100%;}.kadence-column1879_f05b51-db > .kt-inside-inner-col:before{opacity:0.3;}.kadence-column1879_f05b51-db{position:relative;}@media all and (max-width: 1024px){.kadence-column1879_f05b51-db > .kt-inside-inner-col{flex-direction:column;justify-content:center;}}@media all and (max-width: 767px){.kadence-column1879_f05b51-db > .kt-inside-inner-col{flex-direction:column;justify-content:center;}}<\/style>\n<div class=\"wp-block-kadence-column kadence-column1879_f05b51-db\"><div class=\"kt-inside-inner-col\"><style>.wp-block-kadence-advancedbtn.kb-btns1879_878cb6-f9{gap:var(--global-kb-gap-xs, 0.5rem );justify-content:center;align-items:center;}.kt-btns1879_878cb6-f9 .kt-button{font-weight:normal;font-style:normal;}.kt-btns1879_878cb6-f9 .kt-btn-wrap-0{margin-right:5px;}.wp-block-kadence-advancedbtn.kt-btns1879_878cb6-f9 .kt-btn-wrap-0 .kt-button{color:#555555;border-color:#555555;}.wp-block-kadence-advancedbtn.kt-btns1879_878cb6-f9 .kt-btn-wrap-0 .kt-button:hover, .wp-block-kadence-advancedbtn.kt-btns1879_878cb6-f9 .kt-btn-wrap-0 .kt-button:focus{color:#ffffff;border-color:#444444;}.wp-block-kadence-advancedbtn.kt-btns1879_878cb6-f9 .kt-btn-wrap-0 .kt-button::before{display:none;}.wp-block-kadence-advancedbtn.kt-btns1879_878cb6-f9 .kt-btn-wrap-0 .kt-button:hover, .wp-block-kadence-advancedbtn.kt-btns1879_878cb6-f9 .kt-btn-wrap-0 .kt-button:focus{background:#444444;}<\/style>\n<div class=\"wp-block-kadence-advancedbtn kb-buttons-wrap kb-btns1879_878cb6-f9\"><style>ul.menu .wp-block-kadence-advancedbtn .kb-btn1879_fcf6a4-74.kb-button{width:initial;}<\/style><a class=\"kb-button kt-button button kb-btn1879_fcf6a4-74 kt-btn-size-standard kt-btn-width-type-auto kb-btn-global-fill  kt-btn-has-text-true kt-btn-has-svg-false  wp-block-kadence-singlebtn\" href=\"https:\/\/snowwhitemuseum.com\/fr\/images\/programs\/american-programs\/\"><span class=\"kt-btn-inner-text\">\u00c9tats-Unis<\/span><\/a><\/div>\n<\/div><\/div>\n\n\n<style>.kadence-column1879_5a91e7-7c > .kt-inside-inner-col,.kadence-column1879_5a91e7-7c > .kt-inside-inner-col:before{border-top-left-radius:0px;border-top-right-radius:0px;border-bottom-right-radius:0px;border-bottom-left-radius:0px;}.kadence-column1879_5a91e7-7c > .kt-inside-inner-col{column-gap:var(--global-kb-gap-sm, 1rem);}.kadence-column1879_5a91e7-7c > .kt-inside-inner-col{flex-direction:column;}.kadence-column1879_5a91e7-7c > .kt-inside-inner-col > .aligncenter{width:100%;}.kadence-column1879_5a91e7-7c > .kt-inside-inner-col:before{opacity:0.3;}.kadence-column1879_5a91e7-7c{position:relative;}@media all and (max-width: 1024px){.kadence-column1879_5a91e7-7c > .kt-inside-inner-col{flex-direction:column;justify-content:center;}}@media all and (max-width: 767px){.kadence-column1879_5a91e7-7c > .kt-inside-inner-col{flex-direction:column;justify-content:center;}}<\/style>\n<div class=\"wp-block-kadence-column kadence-column1879_5a91e7-7c\"><div class=\"kt-inside-inner-col\"><style>.wp-block-kadence-advancedbtn.kb-btns1879_922778-55{gap:var(--global-kb-gap-xs, 0.5rem );justify-content:center;align-items:center;}.kt-btns1879_922778-55 .kt-button{font-weight:normal;font-style:normal;}.kt-btns1879_922778-55 .kt-btn-wrap-0{margin-right:5px;}.wp-block-kadence-advancedbtn.kt-btns1879_922778-55 .kt-btn-wrap-0 .kt-button{color:#555555;border-color:#555555;}.wp-block-kadence-advancedbtn.kt-btns1879_922778-55 .kt-btn-wrap-0 .kt-button:hover, .wp-block-kadence-advancedbtn.kt-btns1879_922778-55 .kt-btn-wrap-0 .kt-button:focus{color:#ffffff;border-color:#444444;}.wp-block-kadence-advancedbtn.kt-btns1879_922778-55 .kt-btn-wrap-0 .kt-button::before{display:none;}.wp-block-kadence-advancedbtn.kt-btns1879_922778-55 .kt-btn-wrap-0 .kt-button:hover, .wp-block-kadence-advancedbtn.kt-btns1879_922778-55 .kt-btn-wrap-0 .kt-button:focus{background:#444444;}<\/style>\n<div class=\"wp-block-kadence-advancedbtn kb-buttons-wrap kb-btns1879_922778-55\"><style>ul.menu .wp-block-kadence-advancedbtn .kb-btn1879_c07f55-b6.kb-button{width:initial;}<\/style><a class=\"kb-button kt-button button kb-btn1879_c07f55-b6 kt-btn-size-standard kt-btn-width-type-auto kb-btn-global-fill  kt-btn-has-text-true kt-btn-has-svg-false  wp-block-kadence-singlebtn\" href=\"https:\/\/snowwhitemuseum.com\/fr\/about-the-film\/events\/premieres-of-snow-white-and-the-seven-dwarfs\/london-premiere\/\"><span class=\"kt-btn-inner-text\">Grande Bretagne<\/span><\/a><\/div>\n<\/div><\/div>\n\n\n<style>.kadence-column1879_d7e145-76 > .kt-inside-inner-col,.kadence-column1879_d7e145-76 > .kt-inside-inner-col:before{border-top-left-radius:0px;border-top-right-radius:0px;border-bottom-right-radius:0px;border-bottom-left-radius:0px;}.kadence-column1879_d7e145-76 > .kt-inside-inner-col{column-gap:var(--global-kb-gap-sm, 1rem);}.kadence-column1879_d7e145-76 > .kt-inside-inner-col{flex-direction:column;}.kadence-column1879_d7e145-76 > .kt-inside-inner-col > .aligncenter{width:100%;}.kadence-column1879_d7e145-76 > .kt-inside-inner-col:before{opacity:0.3;}.kadence-column1879_d7e145-76{position:relative;}@media all and (max-width: 1024px){.kadence-column1879_d7e145-76 > .kt-inside-inner-col{flex-direction:column;justify-content:center;}}@media all and (max-width: 767px){.kadence-column1879_d7e145-76 > .kt-inside-inner-col{flex-direction:column;justify-content:center;}}<\/style>\n<div class=\"wp-block-kadence-column kadence-column1879_d7e145-76\"><div class=\"kt-inside-inner-col\"><style>.wp-block-kadence-advancedbtn.kb-btns1879_c44ea4-42{gap:var(--global-kb-gap-xs, 0.5rem );justify-content:center;align-items:center;}.kt-btns1879_c44ea4-42 .kt-button{font-weight:normal;font-style:normal;}.kt-btns1879_c44ea4-42 .kt-btn-wrap-0{margin-right:5px;}.wp-block-kadence-advancedbtn.kt-btns1879_c44ea4-42 .kt-btn-wrap-0 .kt-button{color:#555555;border-color:#555555;}.wp-block-kadence-advancedbtn.kt-btns1879_c44ea4-42 .kt-btn-wrap-0 .kt-button:hover, .wp-block-kadence-advancedbtn.kt-btns1879_c44ea4-42 .kt-btn-wrap-0 .kt-button:focus{color:#ffffff;border-color:#444444;}.wp-block-kadence-advancedbtn.kt-btns1879_c44ea4-42 .kt-btn-wrap-0 .kt-button::before{display:none;}.wp-block-kadence-advancedbtn.kt-btns1879_c44ea4-42 .kt-btn-wrap-0 .kt-button:hover, .wp-block-kadence-advancedbtn.kt-btns1879_c44ea4-42 .kt-btn-wrap-0 .kt-button:focus{background:#444444;}<\/style>\n<div class=\"wp-block-kadence-advancedbtn kb-buttons-wrap kb-btns1879_c44ea4-42\"><style>ul.menu .wp-block-kadence-advancedbtn .kb-btn1879_10212a-bf.kb-button{width:initial;}<\/style><a class=\"kb-button kt-button button kb-btn1879_10212a-bf kt-btn-size-standard kt-btn-width-type-auto kb-btn-global-fill  kt-btn-has-text-true kt-btn-has-svg-false  wp-block-kadence-singlebtn\" href=\"https:\/\/snowwhitemuseum.com\/fr\/images\/programs\/french-programs\/\"><span class=\"kt-btn-inner-text\">France<\/span><\/a><\/div>\n<\/div><\/div>\n\n\n<style>.kadence-column1879_9cb7ba-66 > .kt-inside-inner-col,.kadence-column1879_9cb7ba-66 > .kt-inside-inner-col:before{border-top-left-radius:0px;border-top-right-radius:0px;border-bottom-right-radius:0px;border-bottom-left-radius:0px;}.kadence-column1879_9cb7ba-66 > .kt-inside-inner-col{column-gap:var(--global-kb-gap-sm, 1rem);}.kadence-column1879_9cb7ba-66 > .kt-inside-inner-col{flex-direction:column;}.kadence-column1879_9cb7ba-66 > .kt-inside-inner-col > .aligncenter{width:100%;}.kadence-column1879_9cb7ba-66 > .kt-inside-inner-col:before{opacity:0.3;}.kadence-column1879_9cb7ba-66{position:relative;}@media all and (max-width: 1024px){.kadence-column1879_9cb7ba-66 > .kt-inside-inner-col{flex-direction:column;justify-content:center;}}@media all and (max-width: 767px){.kadence-column1879_9cb7ba-66 > .kt-inside-inner-col{flex-direction:column;justify-content:center;}}<\/style>\n<div class=\"wp-block-kadence-column kadence-column1879_9cb7ba-66\"><div class=\"kt-inside-inner-col\"><style>.wp-block-kadence-advancedbtn.kb-btns1879_962282-e1{gap:var(--global-kb-gap-xs, 0.5rem );justify-content:center;align-items:center;}.kt-btns1879_962282-e1 .kt-button{font-weight:normal;font-style:normal;}.kt-btns1879_962282-e1 .kt-btn-wrap-0{margin-right:5px;}.wp-block-kadence-advancedbtn.kt-btns1879_962282-e1 .kt-btn-wrap-0 .kt-button{color:#555555;border-color:#555555;}.wp-block-kadence-advancedbtn.kt-btns1879_962282-e1 .kt-btn-wrap-0 .kt-button:hover, .wp-block-kadence-advancedbtn.kt-btns1879_962282-e1 .kt-btn-wrap-0 .kt-button:focus{color:#ffffff;border-color:#444444;}.wp-block-kadence-advancedbtn.kt-btns1879_962282-e1 .kt-btn-wrap-0 .kt-button::before{display:none;}.wp-block-kadence-advancedbtn.kt-btns1879_962282-e1 .kt-btn-wrap-0 .kt-button:hover, .wp-block-kadence-advancedbtn.kt-btns1879_962282-e1 .kt-btn-wrap-0 .kt-button:focus{background:#444444;}<\/style>\n<div class=\"wp-block-kadence-advancedbtn kb-buttons-wrap kb-btns1879_962282-e1\"><style>ul.menu .wp-block-kadence-advancedbtn .kb-btn1879_0c74db-01.kb-button{width:initial;}<\/style><a class=\"kb-button kt-button button kb-btn1879_0c74db-01 kt-btn-size-standard kt-btn-width-type-auto kb-btn-global-fill  kt-btn-has-text-true kt-btn-has-svg-false  wp-block-kadence-singlebtn\" href=\"https:\/\/snowwhitemuseum.com\/fr\/images\/programs\/belgian-programs\/\"><span class=\"kt-btn-inner-text\">Belgique<\/span><\/a><\/div>\n<\/div><\/div>\n\n\n<style>.kadence-column1879_c0e37b-1d > .kt-inside-inner-col,.kadence-column1879_c0e37b-1d > .kt-inside-inner-col:before{border-top-left-radius:0px;border-top-right-radius:0px;border-bottom-right-radius:0px;border-bottom-left-radius:0px;}.kadence-column1879_c0e37b-1d > .kt-inside-inner-col{column-gap:var(--global-kb-gap-sm, 1rem);}.kadence-column1879_c0e37b-1d > .kt-inside-inner-col{flex-direction:column;}.kadence-column1879_c0e37b-1d > .kt-inside-inner-col > .aligncenter{width:100%;}.kadence-column1879_c0e37b-1d > .kt-inside-inner-col:before{opacity:0.3;}.kadence-column1879_c0e37b-1d{position:relative;}@media all and (max-width: 1024px){.kadence-column1879_c0e37b-1d > .kt-inside-inner-col{flex-direction:column;justify-content:center;}}@media all and (max-width: 767px){.kadence-column1879_c0e37b-1d > .kt-inside-inner-col{flex-direction:column;justify-content:center;}}<\/style>\n<div class=\"wp-block-kadence-column kadence-column1879_c0e37b-1d\"><div class=\"kt-inside-inner-col\"><style>.wp-block-kadence-advancedbtn.kb-btns1879_81eb81-92{gap:var(--global-kb-gap-xs, 0.5rem );justify-content:center;align-items:center;}.kt-btns1879_81eb81-92 .kt-button{font-weight:normal;font-style:normal;}.kt-btns1879_81eb81-92 .kt-btn-wrap-0{margin-right:5px;}.wp-block-kadence-advancedbtn.kt-btns1879_81eb81-92 .kt-btn-wrap-0 .kt-button{color:#555555;border-color:#555555;}.wp-block-kadence-advancedbtn.kt-btns1879_81eb81-92 .kt-btn-wrap-0 .kt-button:hover, .wp-block-kadence-advancedbtn.kt-btns1879_81eb81-92 .kt-btn-wrap-0 .kt-button:focus{color:#ffffff;border-color:#444444;}.wp-block-kadence-advancedbtn.kt-btns1879_81eb81-92 .kt-btn-wrap-0 .kt-button::before{display:none;}.wp-block-kadence-advancedbtn.kt-btns1879_81eb81-92 .kt-btn-wrap-0 .kt-button:hover, .wp-block-kadence-advancedbtn.kt-btns1879_81eb81-92 .kt-btn-wrap-0 .kt-button:focus{background:#444444;}<\/style>\n<div class=\"wp-block-kadence-advancedbtn kb-buttons-wrap kb-btns1879_81eb81-92\"><style>ul.menu .wp-block-kadence-advancedbtn .kb-btn1879_49358f-65.kb-button{width:initial;}<\/style><a class=\"kb-button kt-button button kb-btn1879_49358f-65 kt-btn-size-standard kt-btn-width-type-auto kb-btn-global-fill  kt-btn-has-text-true kt-btn-has-svg-false  wp-block-kadence-singlebtn\" href=\"https:\/\/snowwhitemuseum.com\/fr\/images\/programs\/australian-programs\/\"><span class=\"kt-btn-inner-text\">Australie<\/span><\/a><\/div>\n<\/div><\/div>\n\n\n<style>.kadence-column1879_11e5b1-3c > .kt-inside-inner-col,.kadence-column1879_11e5b1-3c > .kt-inside-inner-col:before{border-top-left-radius:0px;border-top-right-radius:0px;border-bottom-right-radius:0px;border-bottom-left-radius:0px;}.kadence-column1879_11e5b1-3c > .kt-inside-inner-col{column-gap:var(--global-kb-gap-sm, 1rem);}.kadence-column1879_11e5b1-3c > .kt-inside-inner-col{flex-direction:column;}.kadence-column1879_11e5b1-3c > .kt-inside-inner-col > .aligncenter{width:100%;}.kadence-column1879_11e5b1-3c > .kt-inside-inner-col:before{opacity:0.3;}.kadence-column1879_11e5b1-3c{position:relative;}@media all and (max-width: 1024px){.kadence-column1879_11e5b1-3c > .kt-inside-inner-col{flex-direction:column;justify-content:center;}}@media all and (max-width: 767px){.kadence-column1879_11e5b1-3c > .kt-inside-inner-col{flex-direction:column;justify-content:center;}}<\/style>\n<div class=\"wp-block-kadence-column kadence-column1879_11e5b1-3c\"><div class=\"kt-inside-inner-col\"><style>.wp-block-kadence-advancedbtn.kb-btns1879_c29a90-0c{gap:var(--global-kb-gap-xs, 0.5rem );justify-content:center;align-items:center;}.kt-btns1879_c29a90-0c .kt-button{font-weight:normal;font-style:normal;}.kt-btns1879_c29a90-0c .kt-btn-wrap-0{margin-right:5px;}.wp-block-kadence-advancedbtn.kt-btns1879_c29a90-0c .kt-btn-wrap-0 .kt-button{color:#555555;border-color:#555555;}.wp-block-kadence-advancedbtn.kt-btns1879_c29a90-0c .kt-btn-wrap-0 .kt-button:hover, .wp-block-kadence-advancedbtn.kt-btns1879_c29a90-0c .kt-btn-wrap-0 .kt-button:focus{color:#ffffff;border-color:#444444;}.wp-block-kadence-advancedbtn.kt-btns1879_c29a90-0c .kt-btn-wrap-0 .kt-button::before{display:none;}.wp-block-kadence-advancedbtn.kt-btns1879_c29a90-0c .kt-btn-wrap-0 .kt-button:hover, .wp-block-kadence-advancedbtn.kt-btns1879_c29a90-0c .kt-btn-wrap-0 .kt-button:focus{background:#444444;}<\/style>\n<div class=\"wp-block-kadence-advancedbtn kb-buttons-wrap kb-btns1879_c29a90-0c\"><style>ul.menu .wp-block-kadence-advancedbtn .kb-btn1879_239602-c3.kb-button{width:initial;}<\/style><a class=\"kb-button kt-button button kb-btn1879_239602-c3 kt-btn-size-standard kt-btn-width-type-auto kb-btn-global-fill  kt-btn-has-text-true kt-btn-has-svg-false  wp-block-kadence-singlebtn\" href=\"https:\/\/snowwhitemuseum.com\/fr\/images\/programs\/portuguese-programs\/\"><span class=\"kt-btn-inner-text\">Portugal<\/span><\/a><\/div>\n<\/div><\/div>\n\n<\/div><\/div>","protected":false},"excerpt":{"rendered":"<p>Lors des premi\u00e8res et sorties successives de Blanche Neige et les sept nains, des programmes sp\u00e9cifiques \u00e9taient con\u00e7us \u00e0 destination des spectateurs privil\u00e9gi\u00e9s qui assistaient \u00e0 la s\u00e9ance. Parfois informatifs, ou richement illustr\u00e9s, ils vous sont pr\u00e9sent\u00e9s ici.<\/p>","protected":false},"author":1,"featured_media":43,"parent":10,"menu_order":0,"comment_status":"closed","ping_status":"closed","template":"","meta":{"_kadence_starter_templates_imported_post":false,"_kad_post_transparent":"","_kad_post_title":"","_kad_post_layout":"","_kad_post_sidebar_id":"","_kad_post_content_style":"","_kad_post_vertical_padding":"","_kad_post_feature":"","_kad_post_feature_position":"","_kad_post_header":false,"_kad_post_footer":false,"_kad_post_classname":"","footnotes":""},"class_list":["post-1879","page","type-page","status-publish","has-post-thumbnail","hentry"],"aioseo_notices":[],"_links":{"self":[{"href":"https:\/\/snowwhitemuseum.com\/fr\/wp-json\/wp\/v2\/pages\/1879","targetHints":{"allow":["GET"]}}],"collection":[{"href":"https:\/\/snowwhitemuseum.com\/fr\/wp-json\/wp\/v2\/pages"}],"about":[{"href":"https:\/\/snowwhitemuseum.com\/fr\/wp-json\/wp\/v2\/types\/page"}],"author":[{"embeddable":true,"href":"https:\/\/snowwhitemuseum.com\/fr\/wp-json\/wp\/v2\/users\/1"}],"replies":[{"embeddable":true,"href":"https:\/\/snowwhitemuseum.com\/fr\/wp-json\/wp\/v2\/comments?post=1879"}],"version-history":[{"count":12,"href":"https:\/\/snowwhitemuseum.com\/fr\/wp-json\/wp\/v2\/pages\/1879\/revisions"}],"predecessor-version":[{"id":16535,"href":"https:\/\/snowwhitemuseum.com\/fr\/wp-json\/wp\/v2\/pages\/1879\/revisions\/16535"}],"up":[{"embeddable":true,"href":"https:\/\/snowwhitemuseum.com\/fr\/wp-json\/wp\/v2\/pages\/10"}],"wp:featuredmedia":[{"embeddable":true,"href":"https:\/\/snowwhitemuseum.com\/fr\/wp-json\/wp\/v2\/media\/43"}],"wp:attachment":[{"href":"https:\/\/snowwhitemuseum.com\/fr\/wp-json\/wp\/v2\/media?parent=1879"}],"curies":[{"name":"wp","href":"https:\/\/api.w.org\/{rel}","templated":true}]}}