{"id":1918,"date":"2023-05-09T22:55:40","date_gmt":"2023-05-09T20:55:40","guid":{"rendered":"https:\/\/snowwhitemuseum.com\/?page_id=1918"},"modified":"2024-12-30T11:43:46","modified_gmt":"2024-12-30T10:43:46","slug":"press","status":"publish","type":"page","link":"https:\/\/snowwhitemuseum.com\/fr\/merchandising\/press\/","title":{"rendered":"La presse"},"content":{"rendered":"<style>.wp-block-kadence-advancedbtn.kb-btns1918_d0c880-30{gap:var(--global-kb-gap-xs, 0.5rem );justify-content:center;align-items:center;}.kt-btns1918_d0c880-30 .kt-button{font-weight:normal;font-style:normal;}.kt-btns1918_d0c880-30 .kt-btn-wrap-0{margin-right:5px;}.wp-block-kadence-advancedbtn.kt-btns1918_d0c880-30 .kt-btn-wrap-0 .kt-button{color:#555555;border-color:#555555;}.wp-block-kadence-advancedbtn.kt-btns1918_d0c880-30 .kt-btn-wrap-0 .kt-button:hover, .wp-block-kadence-advancedbtn.kt-btns1918_d0c880-30 .kt-btn-wrap-0 .kt-button:focus{color:#ffffff;border-color:#444444;}.wp-block-kadence-advancedbtn.kt-btns1918_d0c880-30 .kt-btn-wrap-0 .kt-button::before{display:none;}.wp-block-kadence-advancedbtn.kt-btns1918_d0c880-30 .kt-btn-wrap-0 .kt-button:hover, .wp-block-kadence-advancedbtn.kt-btns1918_d0c880-30 .kt-btn-wrap-0 .kt-button:focus{background:#444444;}<\/style>\n<div class=\"wp-block-kadence-advancedbtn kb-buttons-wrap kb-btns1918_d0c880-30\"><style>ul.menu .wp-block-kadence-advancedbtn .kb-btn1918_304eb3-13.kb-button{width:initial;}<\/style><a class=\"kb-button kt-button button kb-btn1918_304eb3-13 kt-btn-size-standard kt-btn-width-type-auto kb-btn-global-fill  kt-btn-has-text-true kt-btn-has-svg-false  wp-block-kadence-singlebtn\" href=\"https:\/\/snowwhitemuseum.com\/fr\/merchandising\/\"><span class=\"kt-btn-inner-text\">Retour aux Produits d\u00e9riv\u00e9s<\/span><\/a><\/div>\n\n\n\n<p>De l'engouement journalistique lors de la sortie du film, au constant int\u00e9r\u00eat au fil des ann\u00e9es, Blanche Neige est rest\u00e9 un film r\u00e9guli\u00e8rement chroniqu\u00e9 dans nombre de magazines et journaux du monde entier. Voici un aper\u00e7u des articles publi\u00e9s sur Blanche Neige \u00e0 travers les fronti\u00e8res et les d\u00e9cennies.<\/p>\n\n\n<style>.kb-row-layout-id1918_747397-16 > .kt-row-column-wrap{align-content:start;}:where(.kb-row-layout-id1918_747397-16 > .kt-row-column-wrap) > .wp-block-kadence-column{justify-content:start;}.kb-row-layout-id1918_747397-16 > .kt-row-column-wrap{column-gap:var(--global-kb-gap-md, 2rem);row-gap:var(--global-kb-gap-md, 2rem);padding-top:var(--global-kb-spacing-sm, 1.5rem);padding-bottom:var(--global-kb-spacing-sm, 1.5rem);grid-template-columns:repeat(6, minmax(0, 1fr));}.kb-row-layout-id1918_747397-16 > .kt-row-layout-overlay{opacity:0.30;}@media all and (max-width: 1024px){.kb-row-layout-id1918_747397-16 > .kt-row-column-wrap{grid-template-columns:repeat(6, minmax(0, 1fr));}}@media all and (max-width: 767px){.kb-row-layout-id1918_747397-16 > .kt-row-column-wrap{grid-template-columns:repeat(2, minmax(0, 1fr));}}<\/style><div class=\"kb-row-layout-wrap kb-row-layout-id1918_747397-16 alignnone wp-block-kadence-rowlayout\"><div class=\"kt-row-column-wrap kt-has-6-columns kt-row-layout-equal kt-tab-layout-inherit kt-mobile-layout-two-grid kt-row-valign-top\">\n<style>.kadence-column1918_a37cc0-08 > .kt-inside-inner-col,.kadence-column1918_a37cc0-08 > .kt-inside-inner-col:before{border-top-left-radius:0px;border-top-right-radius:0px;border-bottom-right-radius:0px;border-bottom-left-radius:0px;}.kadence-column1918_a37cc0-08 > .kt-inside-inner-col{column-gap:var(--global-kb-gap-sm, 1rem);}.kadence-column1918_a37cc0-08 > .kt-inside-inner-col{flex-direction:column;}.kadence-column1918_a37cc0-08 > .kt-inside-inner-col > .aligncenter{width:100%;}.kadence-column1918_a37cc0-08 > .kt-inside-inner-col:before{opacity:0.3;}.kadence-column1918_a37cc0-08{position:relative;}@media all and (max-width: 1024px){.kadence-column1918_a37cc0-08 > .kt-inside-inner-col{flex-direction:column;justify-content:center;}}@media all and (max-width: 767px){.kadence-column1918_a37cc0-08 > .kt-inside-inner-col{flex-direction:column;justify-content:center;}}<\/style>\n<div class=\"wp-block-kadence-column kadence-column1918_a37cc0-08\"><div class=\"kt-inside-inner-col\"><style>.wp-block-kadence-advancedbtn.kb-btns1918_aa3302-ce{gap:var(--global-kb-gap-xs, 0.5rem );justify-content:center;align-items:center;}.kt-btns1918_aa3302-ce .kt-button{font-weight:normal;font-style:normal;}.kt-btns1918_aa3302-ce .kt-btn-wrap-0{margin-right:5px;}.wp-block-kadence-advancedbtn.kt-btns1918_aa3302-ce .kt-btn-wrap-0 .kt-button{color:#555555;border-color:#555555;}.wp-block-kadence-advancedbtn.kt-btns1918_aa3302-ce .kt-btn-wrap-0 .kt-button:hover, .wp-block-kadence-advancedbtn.kt-btns1918_aa3302-ce .kt-btn-wrap-0 .kt-button:focus{color:#ffffff;border-color:#444444;}.wp-block-kadence-advancedbtn.kt-btns1918_aa3302-ce .kt-btn-wrap-0 .kt-button::before{display:none;}.wp-block-kadence-advancedbtn.kt-btns1918_aa3302-ce .kt-btn-wrap-0 .kt-button:hover, .wp-block-kadence-advancedbtn.kt-btns1918_aa3302-ce .kt-btn-wrap-0 .kt-button:focus{background:#444444;}<\/style>\n<div class=\"wp-block-kadence-advancedbtn kb-buttons-wrap kb-btns1918_aa3302-ce\"><style>ul.menu .wp-block-kadence-advancedbtn .kb-btn1918_56abd2-f5.kb-button{width:initial;}<\/style><a class=\"kb-button kt-button button kb-btn1918_56abd2-f5 kt-btn-size-standard kt-btn-width-type-auto kb-btn-global-fill  kt-btn-has-text-true kt-btn-has-svg-false  wp-block-kadence-singlebtn\" href=\"https:\/\/snowwhitemuseum.com\/fr\/merchandising\/press\/american-press\/\"><span class=\"kt-btn-inner-text\">\u00c9tats-Unis<\/span><\/a><\/div>\n<\/div><\/div>\n\n\n<style>.kadence-column1918_50f55c-21 > .kt-inside-inner-col,.kadence-column1918_50f55c-21 > .kt-inside-inner-col:before{border-top-left-radius:0px;border-top-right-radius:0px;border-bottom-right-radius:0px;border-bottom-left-radius:0px;}.kadence-column1918_50f55c-21 > .kt-inside-inner-col{column-gap:var(--global-kb-gap-sm, 1rem);}.kadence-column1918_50f55c-21 > .kt-inside-inner-col{flex-direction:column;}.kadence-column1918_50f55c-21 > .kt-inside-inner-col > .aligncenter{width:100%;}.kadence-column1918_50f55c-21 > .kt-inside-inner-col:before{opacity:0.3;}.kadence-column1918_50f55c-21{position:relative;}@media all and (max-width: 1024px){.kadence-column1918_50f55c-21 > .kt-inside-inner-col{flex-direction:column;justify-content:center;}}@media all and (max-width: 767px){.kadence-column1918_50f55c-21 > .kt-inside-inner-col{flex-direction:column;justify-content:center;}}<\/style>\n<div class=\"wp-block-kadence-column kadence-column1918_50f55c-21\"><div class=\"kt-inside-inner-col\"><style>.wp-block-kadence-advancedbtn.kb-btns1918_839195-88{gap:var(--global-kb-gap-xs, 0.5rem );justify-content:center;align-items:center;}.kt-btns1918_839195-88 .kt-button{font-weight:normal;font-style:normal;}.kt-btns1918_839195-88 .kt-btn-wrap-0{margin-right:5px;}.wp-block-kadence-advancedbtn.kt-btns1918_839195-88 .kt-btn-wrap-0 .kt-button{color:#555555;border-color:#555555;}.wp-block-kadence-advancedbtn.kt-btns1918_839195-88 .kt-btn-wrap-0 .kt-button:hover, .wp-block-kadence-advancedbtn.kt-btns1918_839195-88 .kt-btn-wrap-0 .kt-button:focus{color:#ffffff;border-color:#444444;}.wp-block-kadence-advancedbtn.kt-btns1918_839195-88 .kt-btn-wrap-0 .kt-button::before{display:none;}.wp-block-kadence-advancedbtn.kt-btns1918_839195-88 .kt-btn-wrap-0 .kt-button:hover, .wp-block-kadence-advancedbtn.kt-btns1918_839195-88 .kt-btn-wrap-0 .kt-button:focus{background:#444444;}<\/style>\n<div class=\"wp-block-kadence-advancedbtn kb-buttons-wrap kb-btns1918_839195-88\"><style>ul.menu .wp-block-kadence-advancedbtn .kb-btn1918_be40da-3d.kb-button{width:initial;}<\/style><a class=\"kb-button kt-button button kb-btn1918_be40da-3d kt-btn-size-standard kt-btn-width-type-auto kb-btn-global-fill  kt-btn-has-text-true kt-btn-has-svg-false  wp-block-kadence-singlebtn\" href=\"https:\/\/snowwhitemuseum.com\/fr\/merchandising\/press\/british-press\/\"><span class=\"kt-btn-inner-text\">Grande Bretagne<\/span><\/a><\/div>\n<\/div><\/div>\n\n\n<style>.kadence-column1918_6aa846-17 > .kt-inside-inner-col,.kadence-column1918_6aa846-17 > .kt-inside-inner-col:before{border-top-left-radius:0px;border-top-right-radius:0px;border-bottom-right-radius:0px;border-bottom-left-radius:0px;}.kadence-column1918_6aa846-17 > .kt-inside-inner-col{column-gap:var(--global-kb-gap-sm, 1rem);}.kadence-column1918_6aa846-17 > .kt-inside-inner-col{flex-direction:column;}.kadence-column1918_6aa846-17 > .kt-inside-inner-col > .aligncenter{width:100%;}.kadence-column1918_6aa846-17 > .kt-inside-inner-col:before{opacity:0.3;}.kadence-column1918_6aa846-17{position:relative;}@media all and (max-width: 1024px){.kadence-column1918_6aa846-17 > .kt-inside-inner-col{flex-direction:column;justify-content:center;}}@media all and (max-width: 767px){.kadence-column1918_6aa846-17 > .kt-inside-inner-col{flex-direction:column;justify-content:center;}}<\/style>\n<div class=\"wp-block-kadence-column kadence-column1918_6aa846-17\"><div class=\"kt-inside-inner-col\"><style>.wp-block-kadence-advancedbtn.kb-btns1918_ab5c9c-38{gap:var(--global-kb-gap-xs, 0.5rem );justify-content:center;align-items:center;}.kt-btns1918_ab5c9c-38 .kt-button{font-weight:normal;font-style:normal;}.kt-btns1918_ab5c9c-38 .kt-btn-wrap-0{margin-right:5px;}.wp-block-kadence-advancedbtn.kt-btns1918_ab5c9c-38 .kt-btn-wrap-0 .kt-button{color:#555555;border-color:#555555;}.wp-block-kadence-advancedbtn.kt-btns1918_ab5c9c-38 .kt-btn-wrap-0 .kt-button:hover, .wp-block-kadence-advancedbtn.kt-btns1918_ab5c9c-38 .kt-btn-wrap-0 .kt-button:focus{color:#ffffff;border-color:#444444;}.wp-block-kadence-advancedbtn.kt-btns1918_ab5c9c-38 .kt-btn-wrap-0 .kt-button::before{display:none;}.wp-block-kadence-advancedbtn.kt-btns1918_ab5c9c-38 .kt-btn-wrap-0 .kt-button:hover, .wp-block-kadence-advancedbtn.kt-btns1918_ab5c9c-38 .kt-btn-wrap-0 .kt-button:focus{background:#444444;}<\/style>\n<div class=\"wp-block-kadence-advancedbtn kb-buttons-wrap kb-btns1918_ab5c9c-38\"><style>ul.menu .wp-block-kadence-advancedbtn .kb-btn1918_17cc19-6c.kb-button{width:initial;}<\/style><a class=\"kb-button kt-button button kb-btn1918_17cc19-6c kt-btn-size-standard kt-btn-width-type-auto kb-btn-global-fill  kt-btn-has-text-true kt-btn-has-svg-false  wp-block-kadence-singlebtn\" href=\"https:\/\/snowwhitemuseum.com\/fr\/merchandising\/press\/french-press\/\"><span class=\"kt-btn-inner-text\">France<\/span><\/a><\/div>\n<\/div><\/div>\n\n\n<style>.kadence-column1918_1fb0aa-69 > .kt-inside-inner-col,.kadence-column1918_1fb0aa-69 > .kt-inside-inner-col:before{border-top-left-radius:0px;border-top-right-radius:0px;border-bottom-right-radius:0px;border-bottom-left-radius:0px;}.kadence-column1918_1fb0aa-69 > .kt-inside-inner-col{column-gap:var(--global-kb-gap-sm, 1rem);}.kadence-column1918_1fb0aa-69 > .kt-inside-inner-col{flex-direction:column;}.kadence-column1918_1fb0aa-69 > .kt-inside-inner-col > .aligncenter{width:100%;}.kadence-column1918_1fb0aa-69 > .kt-inside-inner-col:before{opacity:0.3;}.kadence-column1918_1fb0aa-69{position:relative;}@media all and (max-width: 1024px){.kadence-column1918_1fb0aa-69 > .kt-inside-inner-col{flex-direction:column;justify-content:center;}}@media all and (max-width: 767px){.kadence-column1918_1fb0aa-69 > .kt-inside-inner-col{flex-direction:column;justify-content:center;}}<\/style>\n<div class=\"wp-block-kadence-column kadence-column1918_1fb0aa-69\"><div class=\"kt-inside-inner-col\"><style>.wp-block-kadence-advancedbtn.kb-btns1918_a2e0a6-7e{gap:var(--global-kb-gap-xs, 0.5rem );justify-content:center;align-items:center;}.kt-btns1918_a2e0a6-7e .kt-button{font-weight:normal;font-style:normal;}.kt-btns1918_a2e0a6-7e .kt-btn-wrap-0{margin-right:5px;}.wp-block-kadence-advancedbtn.kt-btns1918_a2e0a6-7e .kt-btn-wrap-0 .kt-button{color:#555555;border-color:#555555;}.wp-block-kadence-advancedbtn.kt-btns1918_a2e0a6-7e .kt-btn-wrap-0 .kt-button:hover, .wp-block-kadence-advancedbtn.kt-btns1918_a2e0a6-7e .kt-btn-wrap-0 .kt-button:focus{color:#ffffff;border-color:#444444;}.wp-block-kadence-advancedbtn.kt-btns1918_a2e0a6-7e .kt-btn-wrap-0 .kt-button::before{display:none;}.wp-block-kadence-advancedbtn.kt-btns1918_a2e0a6-7e .kt-btn-wrap-0 .kt-button:hover, .wp-block-kadence-advancedbtn.kt-btns1918_a2e0a6-7e .kt-btn-wrap-0 .kt-button:focus{background:#444444;}<\/style>\n<div class=\"wp-block-kadence-advancedbtn kb-buttons-wrap kb-btns1918_a2e0a6-7e\"><style>ul.menu .wp-block-kadence-advancedbtn .kb-btn1918_e67adc-5b.kb-button{width:initial;}<\/style><a class=\"kb-button kt-button button kb-btn1918_e67adc-5b kt-btn-size-standard kt-btn-width-type-auto kb-btn-global-fill  kt-btn-has-text-true kt-btn-has-svg-false  wp-block-kadence-singlebtn\" href=\"https:\/\/snowwhitemuseum.com\/fr\/merchandising\/press\/italian-press\/\"><span class=\"kt-btn-inner-text\">Italie<\/span><\/a><\/div>\n<\/div><\/div>\n\n\n<style>.kadence-column1918_a6f4fa-e4 > .kt-inside-inner-col,.kadence-column1918_a6f4fa-e4 > .kt-inside-inner-col:before{border-top-left-radius:0px;border-top-right-radius:0px;border-bottom-right-radius:0px;border-bottom-left-radius:0px;}.kadence-column1918_a6f4fa-e4 > .kt-inside-inner-col{column-gap:var(--global-kb-gap-sm, 1rem);}.kadence-column1918_a6f4fa-e4 > .kt-inside-inner-col{flex-direction:column;}.kadence-column1918_a6f4fa-e4 > .kt-inside-inner-col > .aligncenter{width:100%;}.kadence-column1918_a6f4fa-e4 > .kt-inside-inner-col:before{opacity:0.3;}.kadence-column1918_a6f4fa-e4{position:relative;}@media all and (max-width: 1024px){.kadence-column1918_a6f4fa-e4 > .kt-inside-inner-col{flex-direction:column;justify-content:center;}}@media all and (max-width: 767px){.kadence-column1918_a6f4fa-e4 > .kt-inside-inner-col{flex-direction:column;justify-content:center;}}<\/style>\n<div class=\"wp-block-kadence-column kadence-column1918_a6f4fa-e4\"><div class=\"kt-inside-inner-col\"><style>.wp-block-kadence-advancedbtn.kb-btns1918_798c46-14{gap:var(--global-kb-gap-xs, 0.5rem );justify-content:center;align-items:center;}.kt-btns1918_798c46-14 .kt-button{font-weight:normal;font-style:normal;}.kt-btns1918_798c46-14 .kt-btn-wrap-0{margin-right:5px;}.wp-block-kadence-advancedbtn.kt-btns1918_798c46-14 .kt-btn-wrap-0 .kt-button{color:#555555;border-color:#555555;}.wp-block-kadence-advancedbtn.kt-btns1918_798c46-14 .kt-btn-wrap-0 .kt-button:hover, .wp-block-kadence-advancedbtn.kt-btns1918_798c46-14 .kt-btn-wrap-0 .kt-button:focus{color:#ffffff;border-color:#444444;}.wp-block-kadence-advancedbtn.kt-btns1918_798c46-14 .kt-btn-wrap-0 .kt-button::before{display:none;}.wp-block-kadence-advancedbtn.kt-btns1918_798c46-14 .kt-btn-wrap-0 .kt-button:hover, .wp-block-kadence-advancedbtn.kt-btns1918_798c46-14 .kt-btn-wrap-0 .kt-button:focus{background:#444444;}<\/style>\n<div class=\"wp-block-kadence-advancedbtn kb-buttons-wrap kb-btns1918_798c46-14\"><style>ul.menu .wp-block-kadence-advancedbtn .kb-btn1918_0baaef-d5.kb-button{width:initial;}<\/style><a class=\"kb-button kt-button button kb-btn1918_0baaef-d5 kt-btn-size-standard kt-btn-width-type-auto kb-btn-global-fill  kt-btn-has-text-true kt-btn-has-svg-false  wp-block-kadence-singlebtn\" href=\"https:\/\/snowwhitemuseum.com\/fr\/merchandising\/press\/german-press\/\"><span class=\"kt-btn-inner-text\">Allemagne<\/span><\/a><\/div>\n<\/div><\/div>\n\n\n<style>.kadence-column1918_c24f61-45 > .kt-inside-inner-col,.kadence-column1918_c24f61-45 > .kt-inside-inner-col:before{border-top-left-radius:0px;border-top-right-radius:0px;border-bottom-right-radius:0px;border-bottom-left-radius:0px;}.kadence-column1918_c24f61-45 > .kt-inside-inner-col{column-gap:var(--global-kb-gap-sm, 1rem);}.kadence-column1918_c24f61-45 > .kt-inside-inner-col{flex-direction:column;}.kadence-column1918_c24f61-45 > .kt-inside-inner-col > .aligncenter{width:100%;}.kadence-column1918_c24f61-45 > .kt-inside-inner-col:before{opacity:0.3;}.kadence-column1918_c24f61-45{position:relative;}@media all and (max-width: 1024px){.kadence-column1918_c24f61-45 > .kt-inside-inner-col{flex-direction:column;justify-content:center;}}@media all and (max-width: 767px){.kadence-column1918_c24f61-45 > .kt-inside-inner-col{flex-direction:column;justify-content:center;}}<\/style>\n<div class=\"wp-block-kadence-column kadence-column1918_c24f61-45\"><div class=\"kt-inside-inner-col\"><style>.wp-block-kadence-advancedbtn.kb-btns1918_62f7f7-1f{gap:var(--global-kb-gap-xs, 0.5rem );justify-content:center;align-items:center;}.kt-btns1918_62f7f7-1f .kt-button{font-weight:normal;font-style:normal;}.kt-btns1918_62f7f7-1f .kt-btn-wrap-0{margin-right:5px;}.wp-block-kadence-advancedbtn.kt-btns1918_62f7f7-1f .kt-btn-wrap-0 .kt-button{color:#555555;border-color:#555555;}.wp-block-kadence-advancedbtn.kt-btns1918_62f7f7-1f .kt-btn-wrap-0 .kt-button:hover, .wp-block-kadence-advancedbtn.kt-btns1918_62f7f7-1f .kt-btn-wrap-0 .kt-button:focus{color:#ffffff;border-color:#444444;}.wp-block-kadence-advancedbtn.kt-btns1918_62f7f7-1f .kt-btn-wrap-0 .kt-button::before{display:none;}.wp-block-kadence-advancedbtn.kt-btns1918_62f7f7-1f .kt-btn-wrap-0 .kt-button:hover, .wp-block-kadence-advancedbtn.kt-btns1918_62f7f7-1f .kt-btn-wrap-0 .kt-button:focus{background:#444444;}<\/style>\n<div class=\"wp-block-kadence-advancedbtn kb-buttons-wrap kb-btns1918_62f7f7-1f\"><style>ul.menu .wp-block-kadence-advancedbtn .kb-btn1918_af85c4-98.kb-button{width:initial;}<\/style><a class=\"kb-button kt-button button kb-btn1918_af85c4-98 kt-btn-size-standard kt-btn-width-type-auto kb-btn-global-fill  kt-btn-has-text-true kt-btn-has-svg-false  wp-block-kadence-singlebtn\" href=\"https:\/\/snowwhitemuseum.com\/fr\/merchandising\/press\/belgian-press\/\"><span class=\"kt-btn-inner-text\">Belgique<\/span><\/a><\/div>\n<\/div><\/div>\n\n<\/div><\/div>","protected":false},"excerpt":{"rendered":"<p>De l'engouement journalistique lors de la sortie du film, au constant int\u00e9r\u00eat au fil des ann\u00e9es, Blanche Neige est rest\u00e9 un film r\u00e9guli\u00e8rement chroniqu\u00e9 dans nombre de magazines et journaux du monde entier. Voici un aper\u00e7u des articles publi\u00e9s sur Blanche Neige \u00e0 travers les fronti\u00e8res et les d\u00e9cennies.<\/p>","protected":false},"author":1,"featured_media":1614,"parent":14,"menu_order":0,"comment_status":"closed","ping_status":"closed","template":"","meta":{"_kadence_starter_templates_imported_post":false,"_kad_post_transparent":"","_kad_post_title":"","_kad_post_layout":"","_kad_post_sidebar_id":"","_kad_post_content_style":"","_kad_post_vertical_padding":"","_kad_post_feature":"","_kad_post_feature_position":"","_kad_post_header":false,"_kad_post_footer":false,"_kad_post_classname":"","footnotes":""},"class_list":["post-1918","page","type-page","status-publish","has-post-thumbnail","hentry"],"aioseo_notices":[],"_links":{"self":[{"href":"https:\/\/snowwhitemuseum.com\/fr\/wp-json\/wp\/v2\/pages\/1918","targetHints":{"allow":["GET"]}}],"collection":[{"href":"https:\/\/snowwhitemuseum.com\/fr\/wp-json\/wp\/v2\/pages"}],"about":[{"href":"https:\/\/snowwhitemuseum.com\/fr\/wp-json\/wp\/v2\/types\/page"}],"author":[{"embeddable":true,"href":"https:\/\/snowwhitemuseum.com\/fr\/wp-json\/wp\/v2\/users\/1"}],"replies":[{"embeddable":true,"href":"https:\/\/snowwhitemuseum.com\/fr\/wp-json\/wp\/v2\/comments?post=1918"}],"version-history":[{"count":10,"href":"https:\/\/snowwhitemuseum.com\/fr\/wp-json\/wp\/v2\/pages\/1918\/revisions"}],"predecessor-version":[{"id":13814,"href":"https:\/\/snowwhitemuseum.com\/fr\/wp-json\/wp\/v2\/pages\/1918\/revisions\/13814"}],"up":[{"embeddable":true,"href":"https:\/\/snowwhitemuseum.com\/fr\/wp-json\/wp\/v2\/pages\/14"}],"wp:featuredmedia":[{"embeddable":true,"href":"https:\/\/snowwhitemuseum.com\/fr\/wp-json\/wp\/v2\/media\/1614"}],"wp:attachment":[{"href":"https:\/\/snowwhitemuseum.com\/fr\/wp-json\/wp\/v2\/media?parent=1918"}],"curies":[{"name":"wp","href":"https:\/\/api.w.org\/{rel}","templated":true}]}}