{"id":1924,"date":"2023-05-09T23:07:40","date_gmt":"2023-05-09T21:07:40","guid":{"rendered":"https:\/\/snowwhitemuseum.com\/?page_id=1924"},"modified":"2024-12-30T11:44:10","modified_gmt":"2024-12-30T10:44:10","slug":"sheet-music","status":"publish","type":"page","link":"https:\/\/snowwhitemuseum.com\/fr\/merchandising\/sheet-music\/","title":{"rendered":"Les partitions"},"content":{"rendered":"<style>.wp-block-kadence-advancedbtn.kb-btns1924_30fe69-c7{gap:var(--global-kb-gap-xs, 0.5rem );justify-content:center;align-items:center;}.kt-btns1924_30fe69-c7 .kt-button{font-weight:normal;font-style:normal;}.kt-btns1924_30fe69-c7 .kt-btn-wrap-0{margin-right:5px;}.wp-block-kadence-advancedbtn.kt-btns1924_30fe69-c7 .kt-btn-wrap-0 .kt-button{color:#555555;border-color:#555555;}.wp-block-kadence-advancedbtn.kt-btns1924_30fe69-c7 .kt-btn-wrap-0 .kt-button:hover, .wp-block-kadence-advancedbtn.kt-btns1924_30fe69-c7 .kt-btn-wrap-0 .kt-button:focus{color:#ffffff;border-color:#444444;}.wp-block-kadence-advancedbtn.kt-btns1924_30fe69-c7 .kt-btn-wrap-0 .kt-button::before{display:none;}.wp-block-kadence-advancedbtn.kt-btns1924_30fe69-c7 .kt-btn-wrap-0 .kt-button:hover, .wp-block-kadence-advancedbtn.kt-btns1924_30fe69-c7 .kt-btn-wrap-0 .kt-button:focus{background:#444444;}<\/style>\n<div class=\"wp-block-kadence-advancedbtn kb-buttons-wrap kb-btns1924_30fe69-c7\"><style>ul.menu .wp-block-kadence-advancedbtn .kb-btn1924_d87f98-1d.kb-button{width:initial;}<\/style><a class=\"kb-button kt-button button kb-btn1924_d87f98-1d kt-btn-size-standard kt-btn-width-type-auto kb-btn-global-fill  kt-btn-has-text-true kt-btn-has-svg-false  wp-block-kadence-singlebtn\" href=\"https:\/\/snowwhitemuseum.com\/fr\/merchandising\/\"><span class=\"kt-btn-inner-text\">Retour aux Produits d\u00e9riv\u00e9s<\/span><\/a><\/div>\n\n\n\n<p>On se l'imagine peut-\u00eatre difficilement aujourd'hui, mais l'\u00e9ducation musicale de nos a\u00efeux \u00e9tait souvent meilleure que la n\u00f4tre. Ainsi, la vente de partitions des succ\u00e8s du jour est bien plus ancienne, et jusqu'\u00e0 relativement r\u00e9cemment \u00e9tait plus populaire, que la vente de disque. D'arrangements simplifi\u00e9s pour le chant ou les enfants, \u00e0 des versions plus complexes pour piano, guitare, etc., retrouvez ici les partitions commercialis\u00e9es des chansons et musiques du film.<\/p>\n\n\n<style>.kb-row-layout-id1924_2e2df2-38 > .kt-row-column-wrap{align-content:start;}:where(.kb-row-layout-id1924_2e2df2-38 > .kt-row-column-wrap) > .wp-block-kadence-column{justify-content:start;}.kb-row-layout-id1924_2e2df2-38 > .kt-row-column-wrap{column-gap:var(--global-kb-gap-md, 2rem);row-gap:var(--global-kb-gap-md, 2rem);padding-top:var(--global-kb-spacing-sm, 1.5rem);padding-bottom:var(--global-kb-spacing-sm, 1.5rem);}.kb-row-layout-id1924_2e2df2-38 > .kt-row-column-wrap > div:not(.added-for-specificity){grid-column:initial;}.kb-row-layout-id1924_2e2df2-38 > .kt-row-column-wrap{grid-template-columns:repeat(5, minmax(0, 1fr));}.kb-row-layout-id1924_2e2df2-38 > .kt-row-layout-overlay{opacity:0.30;}@media all and (max-width: 1024px){.kb-row-layout-id1924_2e2df2-38 > .kt-row-column-wrap > div:not(.added-for-specificity){grid-column:initial;}}@media all and (max-width: 1024px){.kb-row-layout-id1924_2e2df2-38 > .kt-row-column-wrap{grid-template-columns:repeat(5, minmax(0, 1fr));}}@media all and (max-width: 767px){.kb-row-layout-id1924_2e2df2-38 > .kt-row-column-wrap > div:not(.added-for-specificity){grid-column:initial;}.kb-row-layout-id1924_2e2df2-38 > .kt-row-column-wrap{grid-template-columns:minmax(0, 1fr);}}<\/style><div class=\"kb-row-layout-wrap kb-row-layout-id1924_2e2df2-38 alignnone wp-block-kadence-rowlayout\"><div class=\"kt-row-column-wrap kt-has-5-columns kt-row-layout-equal kt-tab-layout-inherit kt-mobile-layout-row kt-row-valign-top\">\n<style>.kadence-column1924_de55fa-30 > .kt-inside-inner-col,.kadence-column1924_de55fa-30 > .kt-inside-inner-col:before{border-top-left-radius:0px;border-top-right-radius:0px;border-bottom-right-radius:0px;border-bottom-left-radius:0px;}.kadence-column1924_de55fa-30 > .kt-inside-inner-col{column-gap:var(--global-kb-gap-sm, 1rem);}.kadence-column1924_de55fa-30 > .kt-inside-inner-col{flex-direction:column;}.kadence-column1924_de55fa-30 > .kt-inside-inner-col > .aligncenter{width:100%;}.kadence-column1924_de55fa-30 > .kt-inside-inner-col:before{opacity:0.3;}.kadence-column1924_de55fa-30{position:relative;}@media all and (max-width: 1024px){.kadence-column1924_de55fa-30 > .kt-inside-inner-col{flex-direction:column;justify-content:center;}}@media all and (max-width: 767px){.kadence-column1924_de55fa-30 > .kt-inside-inner-col{flex-direction:column;justify-content:center;}}<\/style>\n<div class=\"wp-block-kadence-column kadence-column1924_de55fa-30\"><div class=\"kt-inside-inner-col\"><style>.wp-block-kadence-advancedbtn.kb-btns1924_05b9ee-88{gap:var(--global-kb-gap-xs, 0.5rem );justify-content:center;align-items:center;}.kt-btns1924_05b9ee-88 .kt-button{font-weight:normal;font-style:normal;}.kt-btns1924_05b9ee-88 .kt-btn-wrap-0{margin-right:5px;}.wp-block-kadence-advancedbtn.kt-btns1924_05b9ee-88 .kt-btn-wrap-0 .kt-button{color:#555555;border-color:#555555;}.wp-block-kadence-advancedbtn.kt-btns1924_05b9ee-88 .kt-btn-wrap-0 .kt-button:hover, .wp-block-kadence-advancedbtn.kt-btns1924_05b9ee-88 .kt-btn-wrap-0 .kt-button:focus{color:#ffffff;border-color:#444444;}.wp-block-kadence-advancedbtn.kt-btns1924_05b9ee-88 .kt-btn-wrap-0 .kt-button::before{display:none;}.wp-block-kadence-advancedbtn.kt-btns1924_05b9ee-88 .kt-btn-wrap-0 .kt-button:hover, .wp-block-kadence-advancedbtn.kt-btns1924_05b9ee-88 .kt-btn-wrap-0 .kt-button:focus{background:#444444;}<\/style>\n<div class=\"wp-block-kadence-advancedbtn kb-buttons-wrap kb-btns1924_05b9ee-88\"><style>ul.menu .wp-block-kadence-advancedbtn .kb-btn1924_6a28ca-39.kb-button{width:initial;}<\/style><a class=\"kb-button kt-button button kb-btn1924_6a28ca-39 kt-btn-size-standard kt-btn-width-type-auto kb-btn-global-fill  kt-btn-has-text-true kt-btn-has-svg-false  wp-block-kadence-singlebtn\" href=\"https:\/\/snowwhitemuseum.com\/fr\/merchandising\/sheet-music\/american-sheet-music\/\"><span class=\"kt-btn-inner-text\">\u00c9tats-Unis<\/span><\/a><\/div>\n<\/div><\/div>\n\n\n<style>.kadence-column1924_c11422-71 > .kt-inside-inner-col,.kadence-column1924_c11422-71 > .kt-inside-inner-col:before{border-top-left-radius:0px;border-top-right-radius:0px;border-bottom-right-radius:0px;border-bottom-left-radius:0px;}.kadence-column1924_c11422-71 > .kt-inside-inner-col{column-gap:var(--global-kb-gap-sm, 1rem);}.kadence-column1924_c11422-71 > .kt-inside-inner-col{flex-direction:column;}.kadence-column1924_c11422-71 > .kt-inside-inner-col > .aligncenter{width:100%;}.kadence-column1924_c11422-71 > .kt-inside-inner-col:before{opacity:0.3;}.kadence-column1924_c11422-71{position:relative;}@media all and (max-width: 1024px){.kadence-column1924_c11422-71 > .kt-inside-inner-col{flex-direction:column;justify-content:center;}}@media all and (max-width: 767px){.kadence-column1924_c11422-71 > .kt-inside-inner-col{flex-direction:column;justify-content:center;}}<\/style>\n<div class=\"wp-block-kadence-column kadence-column1924_c11422-71\"><div class=\"kt-inside-inner-col\"><style>.wp-block-kadence-advancedbtn.kb-btns1924_3a8302-89{gap:var(--global-kb-gap-xs, 0.5rem );justify-content:center;align-items:center;}.kt-btns1924_3a8302-89 .kt-button{font-weight:normal;font-style:normal;}.kt-btns1924_3a8302-89 .kt-btn-wrap-0{margin-right:5px;}.wp-block-kadence-advancedbtn.kt-btns1924_3a8302-89 .kt-btn-wrap-0 .kt-button{color:#555555;border-color:#555555;}.wp-block-kadence-advancedbtn.kt-btns1924_3a8302-89 .kt-btn-wrap-0 .kt-button:hover, .wp-block-kadence-advancedbtn.kt-btns1924_3a8302-89 .kt-btn-wrap-0 .kt-button:focus{color:#ffffff;border-color:#444444;}.wp-block-kadence-advancedbtn.kt-btns1924_3a8302-89 .kt-btn-wrap-0 .kt-button::before{display:none;}.wp-block-kadence-advancedbtn.kt-btns1924_3a8302-89 .kt-btn-wrap-0 .kt-button:hover, .wp-block-kadence-advancedbtn.kt-btns1924_3a8302-89 .kt-btn-wrap-0 .kt-button:focus{background:#444444;}<\/style>\n<div class=\"wp-block-kadence-advancedbtn kb-buttons-wrap kb-btns1924_3a8302-89\"><style>ul.menu .wp-block-kadence-advancedbtn .kb-btn1924_6663da-72.kb-button{width:initial;}<\/style><a class=\"kb-button kt-button button kb-btn1924_6663da-72 kt-btn-size-standard kt-btn-width-type-auto kb-btn-global-fill  kt-btn-has-text-true kt-btn-has-svg-false  wp-block-kadence-singlebtn\" href=\"https:\/\/snowwhitemuseum.com\/fr\/merchandising\/sheet-music\/british-sheet-music\/\"><span class=\"kt-btn-inner-text\">Grande Bretagne<\/span><\/a><\/div>\n<\/div><\/div>\n\n\n<style>.kadence-column1924_ef41b3-4a > .kt-inside-inner-col,.kadence-column1924_ef41b3-4a > .kt-inside-inner-col:before{border-top-left-radius:0px;border-top-right-radius:0px;border-bottom-right-radius:0px;border-bottom-left-radius:0px;}.kadence-column1924_ef41b3-4a > .kt-inside-inner-col{column-gap:var(--global-kb-gap-sm, 1rem);}.kadence-column1924_ef41b3-4a > .kt-inside-inner-col{flex-direction:column;}.kadence-column1924_ef41b3-4a > .kt-inside-inner-col > .aligncenter{width:100%;}.kadence-column1924_ef41b3-4a > .kt-inside-inner-col:before{opacity:0.3;}.kadence-column1924_ef41b3-4a{position:relative;}@media all and (max-width: 1024px){.kadence-column1924_ef41b3-4a > .kt-inside-inner-col{flex-direction:column;justify-content:center;}}@media all and (max-width: 767px){.kadence-column1924_ef41b3-4a > .kt-inside-inner-col{flex-direction:column;justify-content:center;}}<\/style>\n<div class=\"wp-block-kadence-column kadence-column1924_ef41b3-4a\"><div class=\"kt-inside-inner-col\"><style>.wp-block-kadence-advancedbtn.kb-btns1924_8a6bf1-21{gap:var(--global-kb-gap-xs, 0.5rem );justify-content:center;align-items:center;}.kt-btns1924_8a6bf1-21 .kt-button{font-weight:normal;font-style:normal;}.kt-btns1924_8a6bf1-21 .kt-btn-wrap-0{margin-right:5px;}.wp-block-kadence-advancedbtn.kt-btns1924_8a6bf1-21 .kt-btn-wrap-0 .kt-button{color:#555555;border-color:#555555;}.wp-block-kadence-advancedbtn.kt-btns1924_8a6bf1-21 .kt-btn-wrap-0 .kt-button:hover, .wp-block-kadence-advancedbtn.kt-btns1924_8a6bf1-21 .kt-btn-wrap-0 .kt-button:focus{color:#ffffff;border-color:#444444;}.wp-block-kadence-advancedbtn.kt-btns1924_8a6bf1-21 .kt-btn-wrap-0 .kt-button::before{display:none;}.wp-block-kadence-advancedbtn.kt-btns1924_8a6bf1-21 .kt-btn-wrap-0 .kt-button:hover, .wp-block-kadence-advancedbtn.kt-btns1924_8a6bf1-21 .kt-btn-wrap-0 .kt-button:focus{background:#444444;}<\/style>\n<div class=\"wp-block-kadence-advancedbtn kb-buttons-wrap kb-btns1924_8a6bf1-21\"><style>ul.menu .wp-block-kadence-advancedbtn .kb-btn1924_602954-24.kb-button{width:initial;}<\/style><a class=\"kb-button kt-button button kb-btn1924_602954-24 kt-btn-size-standard kt-btn-width-type-auto kb-btn-global-fill  kt-btn-has-text-true kt-btn-has-svg-false  wp-block-kadence-singlebtn\" href=\"https:\/\/snowwhitemuseum.com\/fr\/merchandising\/sheet-music\/french-sheet-music\/\"><span class=\"kt-btn-inner-text\">France<\/span><\/a><\/div>\n<\/div><\/div>\n\n\n<style>.kadence-column1924_3be0d9-15 > .kt-inside-inner-col,.kadence-column1924_3be0d9-15 > .kt-inside-inner-col:before{border-top-left-radius:0px;border-top-right-radius:0px;border-bottom-right-radius:0px;border-bottom-left-radius:0px;}.kadence-column1924_3be0d9-15 > .kt-inside-inner-col{column-gap:var(--global-kb-gap-sm, 1rem);}.kadence-column1924_3be0d9-15 > .kt-inside-inner-col{flex-direction:column;}.kadence-column1924_3be0d9-15 > .kt-inside-inner-col > .aligncenter{width:100%;}.kadence-column1924_3be0d9-15 > .kt-inside-inner-col:before{opacity:0.3;}.kadence-column1924_3be0d9-15{position:relative;}@media all and (max-width: 1024px){.kadence-column1924_3be0d9-15 > .kt-inside-inner-col{flex-direction:column;justify-content:center;}}@media all and (max-width: 767px){.kadence-column1924_3be0d9-15 > .kt-inside-inner-col{flex-direction:column;justify-content:center;}}<\/style>\n<div class=\"wp-block-kadence-column kadence-column1924_3be0d9-15\"><div class=\"kt-inside-inner-col\"><style>.wp-block-kadence-advancedbtn.kb-btns1924_ada8e0-cb{gap:var(--global-kb-gap-xs, 0.5rem );justify-content:center;align-items:center;}.kt-btns1924_ada8e0-cb .kt-button{font-weight:normal;font-style:normal;}.kt-btns1924_ada8e0-cb .kt-btn-wrap-0{margin-right:5px;}.wp-block-kadence-advancedbtn.kt-btns1924_ada8e0-cb .kt-btn-wrap-0 .kt-button{color:#555555;border-color:#555555;}.wp-block-kadence-advancedbtn.kt-btns1924_ada8e0-cb .kt-btn-wrap-0 .kt-button:hover, .wp-block-kadence-advancedbtn.kt-btns1924_ada8e0-cb .kt-btn-wrap-0 .kt-button:focus{color:#ffffff;border-color:#444444;}.wp-block-kadence-advancedbtn.kt-btns1924_ada8e0-cb .kt-btn-wrap-0 .kt-button::before{display:none;}.wp-block-kadence-advancedbtn.kt-btns1924_ada8e0-cb .kt-btn-wrap-0 .kt-button:hover, .wp-block-kadence-advancedbtn.kt-btns1924_ada8e0-cb .kt-btn-wrap-0 .kt-button:focus{background:#444444;}<\/style>\n<div class=\"wp-block-kadence-advancedbtn kb-buttons-wrap kb-btns1924_ada8e0-cb\"><style>ul.menu .wp-block-kadence-advancedbtn .kb-btn1924_711a08-99.kb-button{width:initial;}<\/style><a class=\"kb-button kt-button button kb-btn1924_711a08-99 kt-btn-size-standard kt-btn-width-type-auto kb-btn-global-fill  kt-btn-has-text-true kt-btn-has-svg-false  wp-block-kadence-singlebtn\" href=\"https:\/\/snowwhitemuseum.com\/fr\/merchandising\/sheet-music\/german-sheet-music\/\"><span class=\"kt-btn-inner-text\">Allemagne<\/span><\/a><\/div>\n<\/div><\/div>\n\n\n<style>.kadence-column1924_c1a578-a9 > .kt-inside-inner-col,.kadence-column1924_c1a578-a9 > .kt-inside-inner-col:before{border-top-left-radius:0px;border-top-right-radius:0px;border-bottom-right-radius:0px;border-bottom-left-radius:0px;}.kadence-column1924_c1a578-a9 > .kt-inside-inner-col{column-gap:var(--global-kb-gap-sm, 1rem);}.kadence-column1924_c1a578-a9 > .kt-inside-inner-col{flex-direction:column;}.kadence-column1924_c1a578-a9 > .kt-inside-inner-col > .aligncenter{width:100%;}.kadence-column1924_c1a578-a9 > .kt-inside-inner-col:before{opacity:0.3;}.kadence-column1924_c1a578-a9{position:relative;}@media all and (max-width: 1024px){.kadence-column1924_c1a578-a9 > .kt-inside-inner-col{flex-direction:column;justify-content:center;}}@media all and (max-width: 767px){.kadence-column1924_c1a578-a9 > .kt-inside-inner-col{flex-direction:column;justify-content:center;}}<\/style>\n<div class=\"wp-block-kadence-column kadence-column1924_c1a578-a9\"><div class=\"kt-inside-inner-col\"><style>.wp-block-kadence-advancedbtn.kb-btns1924_745043-67{gap:var(--global-kb-gap-xs, 0.5rem );justify-content:center;align-items:center;}.kt-btns1924_745043-67 .kt-button{font-weight:normal;font-style:normal;}.kt-btns1924_745043-67 .kt-btn-wrap-0{margin-right:5px;}.wp-block-kadence-advancedbtn.kt-btns1924_745043-67 .kt-btn-wrap-0 .kt-button{color:#555555;border-color:#555555;}.wp-block-kadence-advancedbtn.kt-btns1924_745043-67 .kt-btn-wrap-0 .kt-button:hover, .wp-block-kadence-advancedbtn.kt-btns1924_745043-67 .kt-btn-wrap-0 .kt-button:focus{color:#ffffff;border-color:#444444;}.wp-block-kadence-advancedbtn.kt-btns1924_745043-67 .kt-btn-wrap-0 .kt-button::before{display:none;}.wp-block-kadence-advancedbtn.kt-btns1924_745043-67 .kt-btn-wrap-0 .kt-button:hover, .wp-block-kadence-advancedbtn.kt-btns1924_745043-67 .kt-btn-wrap-0 .kt-button:focus{background:#444444;}<\/style>\n<div class=\"wp-block-kadence-advancedbtn kb-buttons-wrap kb-btns1924_745043-67\"><style>ul.menu .wp-block-kadence-advancedbtn .kb-btn1924_267a8b-1f.kb-button{width:initial;}<\/style><a class=\"kb-button kt-button button kb-btn1924_267a8b-1f kt-btn-size-standard kt-btn-width-type-auto kb-btn-global-fill  kt-btn-has-text-true kt-btn-has-svg-false  wp-block-kadence-singlebtn\" href=\"https:\/\/snowwhitemuseum.com\/fr\/merchandising\/sheet-music\/italian-sheet-music\/\"><span class=\"kt-btn-inner-text\">Italie<\/span><\/a><\/div>\n<\/div><\/div>\n\n<\/div><\/div>","protected":false},"excerpt":{"rendered":"<p>It may be hard to imagine today, but the musical education of our ancestors was often better than ours. For example, the sale of sheet music for the hits of the day is much older, and until relatively recently was more popular, than the sale of records. From simplified arrangements for singing or children, to&#8230;<\/p>","protected":false},"author":1,"featured_media":1601,"parent":14,"menu_order":0,"comment_status":"closed","ping_status":"closed","template":"","meta":{"_kadence_starter_templates_imported_post":false,"_kad_post_transparent":"","_kad_post_title":"","_kad_post_layout":"","_kad_post_sidebar_id":"","_kad_post_content_style":"","_kad_post_vertical_padding":"","_kad_post_feature":"","_kad_post_feature_position":"","_kad_post_header":false,"_kad_post_footer":false,"_kad_post_classname":"","footnotes":""},"class_list":["post-1924","page","type-page","status-publish","has-post-thumbnail","hentry"],"aioseo_notices":[],"_links":{"self":[{"href":"https:\/\/snowwhitemuseum.com\/fr\/wp-json\/wp\/v2\/pages\/1924","targetHints":{"allow":["GET"]}}],"collection":[{"href":"https:\/\/snowwhitemuseum.com\/fr\/wp-json\/wp\/v2\/pages"}],"about":[{"href":"https:\/\/snowwhitemuseum.com\/fr\/wp-json\/wp\/v2\/types\/page"}],"author":[{"embeddable":true,"href":"https:\/\/snowwhitemuseum.com\/fr\/wp-json\/wp\/v2\/users\/1"}],"replies":[{"embeddable":true,"href":"https:\/\/snowwhitemuseum.com\/fr\/wp-json\/wp\/v2\/comments?post=1924"}],"version-history":[{"count":12,"href":"https:\/\/snowwhitemuseum.com\/fr\/wp-json\/wp\/v2\/pages\/1924\/revisions"}],"predecessor-version":[{"id":13816,"href":"https:\/\/snowwhitemuseum.com\/fr\/wp-json\/wp\/v2\/pages\/1924\/revisions\/13816"}],"up":[{"embeddable":true,"href":"https:\/\/snowwhitemuseum.com\/fr\/wp-json\/wp\/v2\/pages\/14"}],"wp:featuredmedia":[{"embeddable":true,"href":"https:\/\/snowwhitemuseum.com\/fr\/wp-json\/wp\/v2\/media\/1601"}],"wp:attachment":[{"href":"https:\/\/snowwhitemuseum.com\/fr\/wp-json\/wp\/v2\/media?parent=1924"}],"curies":[{"name":"wp","href":"https:\/\/api.w.org\/{rel}","templated":true}]}}