{"id":2008,"date":"2023-05-11T18:08:27","date_gmt":"2023-05-11T16:08:27","guid":{"rendered":"https:\/\/snowwhitemuseum.com\/?page_id=2008"},"modified":"2024-03-09T10:31:39","modified_gmt":"2024-03-09T09:31:39","slug":"betty-kimball","status":"publish","type":"page","link":"https:\/\/snowwhitemuseum.com\/fr\/about-the-film\/live-models\/snow-white-live-models\/betty-kimball\/","title":{"rendered":"Betty Kimball"},"content":{"rendered":"<style>.wp-block-kadence-column.kb-section-dir-horizontal > .kt-inside-inner-col > .kt-info-box2008_92f324-49 .kt-blocks-info-box-link-wrap{max-width:unset;}.kt-info-box2008_92f324-49 .kt-blocks-info-box-link-wrap{padding-top:var(--global-kb-spacing-xs, 1rem);padding-right:var(--global-kb-spacing-xs, 1rem);padding-bottom:var(--global-kb-spacing-xs, 1rem);padding-left:var(--global-kb-spacing-xs, 1rem);}.kt-info-box2008_92f324-49 .kadence-info-box-icon-container .kt-info-svg-icon, .kt-info-box2008_92f324-49 .kt-info-svg-icon-flip, .kt-info-box2008_92f324-49 .kt-blocks-info-box-number{font-size:50px;}.kt-info-box2008_92f324-49 .kt-blocks-info-box-media{border-top-width:0px;border-right-width:0px;border-bottom-width:0px;border-left-width:0px;padding-top:10px;padding-right:10px;padding-bottom:10px;padding-left:10px;}.kt-info-box2008_92f324-49 .kt-blocks-info-box-media-container{margin-top:0px;margin-right:15px;margin-bottom:0px;margin-left:15px;}.kt-info-box2008_92f324-49 .kt-blocks-info-box-learnmore{background:transparent;border-width:0px 0px 0px 0px;padding-top:4px;padding-right:8px;padding-bottom:4px;padding-left:8px;margin-top:10px;margin-right:0px;margin-bottom:10px;margin-left:0px;}<\/style>\n<div class=\"wp-block-kadence-infobox kt-info-box2008_92f324-49\"><div class=\"kt-blocks-info-box-link-wrap kt-blocks-info-box-media-align-top kt-info-halign-center\"><div class=\"kt-blocks-info-box-media-container\"><div class=\"kt-blocks-info-box-media kt-info-media-animate-none\"><div class=\"kadence-info-box-icon-container kt-info-icon-animate-none\"><div class=\"kadence-info-box-icon-inner-container\"><span class=\"kb-svg-icon-wrap kb-svg-icon-fe_clipboard kt-info-svg-icon\"><svg viewbox=\"0 0 24 24\"  fill=\"none\" stroke=\"currentColor\" stroke-width=\"2\" stroke-linecap=\"round\" stroke-linejoin=\"round\" xmlns=\"http:\/\/www.w3.org\/2000\/svg\"  aria-hidden=\"true\"><path d=\"M16 4h2a2 2 0 0 1 2 2v14a2 2 0 0 1-2 2H6a2 2 0 0 1-2-2V6a2 2 0 0 1 2-2h2\"\/><rect x=\"8\" y=\"2\" width=\"8\" height=\"4\" rx=\"1\" ry=\"1\"\/><\/svg><\/span><\/div><\/div><\/div><\/div><div class=\"kt-infobox-textcontent\"><h2 class=\"kt-blocks-info-box-title\">Information<\/h2><p class=\"kt-blocks-info-box-text\"><strong>Nom complet :<\/strong> Mary Elizabeth Lawyer<br\/><strong>Naissance :<\/strong> 14 octobre 1912 \u00e0 Alhambra, Californie<br\/><strong>Mort :<\/strong> 1er juillet 2010 \u00e0 Los Angeles, Californie<br\/><br\/><strong>Mariage :<\/strong><br\/><a href=\"https:\/\/snowwhitemuseum.com\/fr\/about-the-film\/main-titles\/ward-kimball\/\" title=\"Ward Kimball\">Ward Walrath Kimball<\/a> (15 ao\u00fbt 1936 - 8 juillet 2002)<br\/><br\/><strong>A travaill\u00e9 au studio Disney entre :<\/strong><br\/>1935 &#8211; 1939<br\/><br\/><strong>Travail sur <em>Blanche Neige :<\/em><\/strong><br\/>Mod\u00e8le pour Blanche Neige<br\/>A travaill\u00e9 dans le d\u00e9partement encrage et peintures<br\/><br\/><a href=\"https:\/\/snowwhitemuseum.com\/fr\/about-the-film\/live-models\/snow-white-live-models\/\">Retour aux mod\u00e8les de Blanche Neige<\/a><\/p><\/div><\/div><\/div>\n\n\n<style>.kb-row-layout-id2008_fec8bd-01 > .kt-row-column-wrap{align-content:start;}:where(.kb-row-layout-id2008_fec8bd-01 > .kt-row-column-wrap) > .wp-block-kadence-column{justify-content:start;}.kb-row-layout-id2008_fec8bd-01 > .kt-row-column-wrap{column-gap:var(--global-kb-gap-md, 2rem);row-gap:var(--global-kb-gap-md, 2rem);padding-top:var(--global-kb-spacing-sm, 1.5rem);padding-bottom:var(--global-kb-spacing-sm, 1.5rem);grid-template-columns:minmax(0, 1fr) minmax(0, 2fr);}.kb-row-layout-id2008_fec8bd-01 > .kt-row-layout-overlay{opacity:0.30;}@media all and (max-width: 1024px){.kb-row-layout-id2008_fec8bd-01 > .kt-row-column-wrap{grid-template-columns:minmax(0, 1fr) minmax(0, 2fr);}}@media all and (max-width: 767px){.kb-row-layout-id2008_fec8bd-01 > .kt-row-column-wrap{grid-template-columns:minmax(0, 1fr);}}<\/style><div class=\"kb-row-layout-wrap kb-row-layout-id2008_fec8bd-01 alignnone wp-block-kadence-rowlayout\"><div class=\"kt-row-column-wrap kt-has-2-columns kt-row-layout-right-golden kt-tab-layout-inherit kt-mobile-layout-row kt-row-valign-top\">\n<style>.kadence-column2008_c79b6b-76 > .kt-inside-inner-col,.kadence-column2008_c79b6b-76 > .kt-inside-inner-col:before{border-top-left-radius:0px;border-top-right-radius:0px;border-bottom-right-radius:0px;border-bottom-left-radius:0px;}.kadence-column2008_c79b6b-76 > .kt-inside-inner-col{column-gap:var(--global-kb-gap-sm, 1rem);}.kadence-column2008_c79b6b-76 > .kt-inside-inner-col{flex-direction:column;}.kadence-column2008_c79b6b-76 > .kt-inside-inner-col > .aligncenter{width:100%;}.kadence-column2008_c79b6b-76 > .kt-inside-inner-col:before{opacity:0.3;}.kadence-column2008_c79b6b-76{position:relative;}@media all and (max-width: 1024px){.kadence-column2008_c79b6b-76 > .kt-inside-inner-col{flex-direction:column;justify-content:center;}}@media all and (max-width: 767px){.kadence-column2008_c79b6b-76 > .kt-inside-inner-col{flex-direction:column;justify-content:center;}}<\/style>\n<div class=\"wp-block-kadence-column kadence-column2008_c79b6b-76\"><div class=\"kt-inside-inner-col\">\n<figure class=\"wp-block-image size-full\"><img loading=\"lazy\" decoding=\"async\" width=\"657\" height=\"1022\" src=\"http:\/\/snowwhitemuseum.com\/wp-content\/uploads\/2023\/05\/betty-kimball-thumb.jpg\" alt=\"\" class=\"wp-image-2009\" srcset=\"https:\/\/snowwhitemuseum.com\/wp-content\/uploads\/2023\/05\/betty-kimball-thumb.jpg 657w, https:\/\/snowwhitemuseum.com\/wp-content\/uploads\/2023\/05\/betty-kimball-thumb-193x300.jpg 193w, https:\/\/snowwhitemuseum.com\/wp-content\/uploads\/2023\/05\/betty-kimball-thumb-8x12.jpg 8w\" sizes=\"auto, (max-width: 657px) 100vw, 657px\" \/><\/figure>\n<\/div><\/div>\n\n\n<style>.kadence-column2008_384a1b-e0 > .kt-inside-inner-col,.kadence-column2008_384a1b-e0 > .kt-inside-inner-col:before{border-top-left-radius:0px;border-top-right-radius:0px;border-bottom-right-radius:0px;border-bottom-left-radius:0px;}.kadence-column2008_384a1b-e0 > .kt-inside-inner-col{column-gap:var(--global-kb-gap-sm, 1rem);}.kadence-column2008_384a1b-e0 > .kt-inside-inner-col{flex-direction:column;}.kadence-column2008_384a1b-e0 > .kt-inside-inner-col > .aligncenter{width:100%;}.kadence-column2008_384a1b-e0 > .kt-inside-inner-col:before{opacity:0.3;}.kadence-column2008_384a1b-e0{position:relative;}@media all and (max-width: 1024px){.kadence-column2008_384a1b-e0 > .kt-inside-inner-col{flex-direction:column;justify-content:center;}}@media all and (max-width: 767px){.kadence-column2008_384a1b-e0 > .kt-inside-inner-col{flex-direction:column;justify-content:center;}}<\/style>\n<div class=\"wp-block-kadence-column kadence-column2008_384a1b-e0\"><div class=\"kt-inside-inner-col\">\n<p>Bien que <a href=\"https:\/\/snowwhitemuseum.com\/fr\/marge-belcher\/\" title=\"Marge Belcher\">Marge Belcher<\/a> ait \u00e9t\u00e9 indiscutablement le mod\u00e8le principal de Blanche Neige, plusieurs autres jeunes filles ont apparemment tourn\u00e9 des sc\u00e8nes similaires pour le rotoscope. L'Histoire ne dit pas si leur travail a \u00e9t\u00e9 utilis\u00e9 dans le rendu final mais il a contribu\u00e9 \u00e0 l'\u00e9laboration de certaines sc\u00e8nes.<\/p>\n\n\n\n<p>Ainsi, <a href=\"https:\/\/snowwhitemuseum.com\/fr\/about-the-film\/main-titles\/ward-kimball\/\" title=\"Ward Kimball\">Ward Kimball<\/a> nous apprend <a href=\"https:\/\/amzn.to\/2CGMPRo\" target=\"_blank\" rel=\"noopener sponsored\" title=\"Les gens de Blanche Neige sur Amazon (en anglais)\">dans une interview de David Johnson,<\/a> que sa femme Betty, qui travaillait alors au d\u00e9partement de peinture et encrage, a tourn\u00e9 une sc\u00e8ne cens\u00e9e figurer Blanche Neige courant par-dessus un petit pont (vraisemblablement sc\u00e8nes 2AX et 2BX, s\u00e9quence 3C).<\/p>\n\n\n\n<p>Dans une autre interview entendue dans un <a href=\"https:\/\/www.waltdisney.org\/featured-videos\/wd-fm-podcast-snow-white-and-seven-dwarfs\" target=\"_blank\" rel=\"noopener nofollow\" title=\"Podcast du Walt Disney Family Museum\">Podcast du Walt Disney Family Museum<\/a>, elle confirme m\u00eame qu'une s\u00e9quence ayant \u00e9t\u00e9 anim\u00e9e par rapport \u00e0 sa diction et ses mouvements, Adriana Caselotti lui avait dit avoir eu du mal \u00e0 d\u00e9livrer la r\u00e9plique pour coller \u00e0 son rythme, diff\u00e9rent du sien.<\/p>\n<\/div><\/div>\n\n<\/div><\/div>\n\n<style>.kb-row-layout-id2008_36c751-16 > .kt-row-column-wrap{align-content:start;}:where(.kb-row-layout-id2008_36c751-16 > .kt-row-column-wrap) > .wp-block-kadence-column{justify-content:start;}.kb-row-layout-id2008_36c751-16 > .kt-row-column-wrap{column-gap:var(--global-kb-gap-md, 2rem);row-gap:var(--global-kb-gap-md, 2rem);padding-top:var(--global-kb-spacing-sm, 1.5rem);padding-bottom:var(--global-kb-spacing-sm, 1.5rem);}.kb-row-layout-id2008_36c751-16 > .kt-row-column-wrap > div:not(.added-for-specificity){grid-column:initial;}.kb-row-layout-id2008_36c751-16 > .kt-row-column-wrap{grid-template-columns:minmax(0, 1fr) minmax(0, 3fr) minmax(0, 1fr);}.kb-row-layout-id2008_36c751-16 > .kt-row-layout-overlay{opacity:0.30;}@media all and (max-width: 1024px){.kb-row-layout-id2008_36c751-16 > .kt-row-column-wrap > div:not(.added-for-specificity){grid-column:initial;}}@media all and (max-width: 1024px){.kb-row-layout-id2008_36c751-16 > .kt-row-column-wrap{grid-template-columns:minmax(0, 1fr) minmax(0, 3fr) minmax(0, 1fr);}}@media all and (max-width: 767px){.kb-row-layout-id2008_36c751-16 > .kt-row-column-wrap > div:not(.added-for-specificity){grid-column:initial;}.kb-row-layout-id2008_36c751-16 > .kt-row-column-wrap{grid-template-columns:minmax(0, 1fr);}}<\/style><div class=\"kb-row-layout-wrap kb-row-layout-id2008_36c751-16 alignnone wp-block-kadence-rowlayout\"><div class=\"kt-row-column-wrap kt-has-3-columns kt-row-layout-center-wide kt-tab-layout-inherit kt-mobile-layout-row kt-row-valign-top\">\n<style>.kadence-column2008_e0a7a4-73 > .kt-inside-inner-col,.kadence-column2008_e0a7a4-73 > .kt-inside-inner-col:before{border-top-left-radius:0px;border-top-right-radius:0px;border-bottom-right-radius:0px;border-bottom-left-radius:0px;}.kadence-column2008_e0a7a4-73 > .kt-inside-inner-col{column-gap:var(--global-kb-gap-sm, 1rem);}.kadence-column2008_e0a7a4-73 > .kt-inside-inner-col{flex-direction:column;}.kadence-column2008_e0a7a4-73 > .kt-inside-inner-col > .aligncenter{width:100%;}.kadence-column2008_e0a7a4-73 > .kt-inside-inner-col:before{opacity:0.3;}.kadence-column2008_e0a7a4-73{position:relative;}@media all and (max-width: 1024px){.kadence-column2008_e0a7a4-73 > .kt-inside-inner-col{flex-direction:column;justify-content:center;}}@media all and (max-width: 767px){.kadence-column2008_e0a7a4-73 > .kt-inside-inner-col{flex-direction:column;justify-content:center;}}<\/style>\n<div class=\"wp-block-kadence-column kadence-column2008_e0a7a4-73\"><div class=\"kt-inside-inner-col\"><\/div><\/div>\n\n\n<style>.kadence-column2008_23ba7a-bc > .kt-inside-inner-col,.kadence-column2008_23ba7a-bc > .kt-inside-inner-col:before{border-top-left-radius:0px;border-top-right-radius:0px;border-bottom-right-radius:0px;border-bottom-left-radius:0px;}.kadence-column2008_23ba7a-bc > .kt-inside-inner-col{column-gap:var(--global-kb-gap-sm, 1rem);}.kadence-column2008_23ba7a-bc > .kt-inside-inner-col{flex-direction:column;}.kadence-column2008_23ba7a-bc > .kt-inside-inner-col > .aligncenter{width:100%;}.kadence-column2008_23ba7a-bc > .kt-inside-inner-col:before{opacity:0.3;}.kadence-column2008_23ba7a-bc{position:relative;}@media all and (max-width: 1024px){.kadence-column2008_23ba7a-bc > .kt-inside-inner-col{flex-direction:column;justify-content:center;}}@media all and (max-width: 767px){.kadence-column2008_23ba7a-bc > .kt-inside-inner-col{flex-direction:column;justify-content:center;}}<\/style>\n<div class=\"wp-block-kadence-column kadence-column2008_23ba7a-bc\"><div class=\"kt-inside-inner-col\">\n<figure class=\"wp-block-embed is-type-video is-provider-youtube wp-block-embed-youtube wp-embed-aspect-16-9 wp-has-aspect-ratio\"><div class=\"wp-block-embed__wrapper\">\n<iframe loading=\"lazy\" title=\"WD-FM Podcast: Snow White and the Seven Dwarfs\" width=\"720\" height=\"405\" src=\"https:\/\/www.youtube.com\/embed\/cH0L5A90TUI?start=1339&#038;feature=oembed\" frameborder=\"0\" allow=\"accelerometer; autoplay; clipboard-write; encrypted-media; gyroscope; picture-in-picture; web-share\" allowfullscreen><\/iframe>\n<\/div><\/figure>\n<\/div><\/div>\n\n\n<style>.kadence-column2008_da5cdb-e3 > .kt-inside-inner-col,.kadence-column2008_da5cdb-e3 > .kt-inside-inner-col:before{border-top-left-radius:0px;border-top-right-radius:0px;border-bottom-right-radius:0px;border-bottom-left-radius:0px;}.kadence-column2008_da5cdb-e3 > .kt-inside-inner-col{column-gap:var(--global-kb-gap-sm, 1rem);}.kadence-column2008_da5cdb-e3 > .kt-inside-inner-col{flex-direction:column;}.kadence-column2008_da5cdb-e3 > .kt-inside-inner-col > .aligncenter{width:100%;}.kadence-column2008_da5cdb-e3 > .kt-inside-inner-col:before{opacity:0.3;}.kadence-column2008_da5cdb-e3{position:relative;}@media all and (max-width: 1024px){.kadence-column2008_da5cdb-e3 > .kt-inside-inner-col{flex-direction:column;justify-content:center;}}@media all and (max-width: 767px){.kadence-column2008_da5cdb-e3 > .kt-inside-inner-col{flex-direction:column;justify-content:center;}}<\/style>\n<div class=\"wp-block-kadence-column kadence-column2008_da5cdb-e3\"><div class=\"kt-inside-inner-col\"><\/div><\/div>\n\n<\/div><\/div>","protected":false},"excerpt":{"rendered":"<p>Although Marge Belcher was unquestionably the main model for Snow White, several other girls apparently shot similar scenes for the rotoscope. History does not say whether their work was used in the final rendering, but it contributed to the development of some scenes. For example, Ward Kimball tells us in an interview with David Johnson&#8230;<\/p>","protected":false},"author":1,"featured_media":2009,"parent":2019,"menu_order":0,"comment_status":"closed","ping_status":"closed","template":"","meta":{"_kadence_starter_templates_imported_post":false,"_kad_post_transparent":"","_kad_post_title":"","_kad_post_layout":"","_kad_post_sidebar_id":"","_kad_post_content_style":"","_kad_post_vertical_padding":"","_kad_post_feature":"","_kad_post_feature_position":"","_kad_post_header":false,"_kad_post_footer":false,"_kad_post_classname":"","footnotes":""},"class_list":["post-2008","page","type-page","status-publish","has-post-thumbnail","hentry"],"aioseo_notices":[],"_links":{"self":[{"href":"https:\/\/snowwhitemuseum.com\/fr\/wp-json\/wp\/v2\/pages\/2008","targetHints":{"allow":["GET"]}}],"collection":[{"href":"https:\/\/snowwhitemuseum.com\/fr\/wp-json\/wp\/v2\/pages"}],"about":[{"href":"https:\/\/snowwhitemuseum.com\/fr\/wp-json\/wp\/v2\/types\/page"}],"author":[{"embeddable":true,"href":"https:\/\/snowwhitemuseum.com\/fr\/wp-json\/wp\/v2\/users\/1"}],"replies":[{"embeddable":true,"href":"https:\/\/snowwhitemuseum.com\/fr\/wp-json\/wp\/v2\/comments?post=2008"}],"version-history":[{"count":10,"href":"https:\/\/snowwhitemuseum.com\/fr\/wp-json\/wp\/v2\/pages\/2008\/revisions"}],"predecessor-version":[{"id":9814,"href":"https:\/\/snowwhitemuseum.com\/fr\/wp-json\/wp\/v2\/pages\/2008\/revisions\/9814"}],"up":[{"embeddable":true,"href":"https:\/\/snowwhitemuseum.com\/fr\/wp-json\/wp\/v2\/pages\/2019"}],"wp:featuredmedia":[{"embeddable":true,"href":"https:\/\/snowwhitemuseum.com\/fr\/wp-json\/wp\/v2\/media\/2009"}],"wp:attachment":[{"href":"https:\/\/snowwhitemuseum.com\/fr\/wp-json\/wp\/v2\/media?parent=2008"}],"curies":[{"name":"wp","href":"https:\/\/api.w.org\/{rel}","templated":true}]}}