{"id":2045,"date":"2023-05-13T10:11:28","date_gmt":"2023-05-13T08:11:28","guid":{"rendered":"https:\/\/snowwhitemuseum.com\/?page_id=2045"},"modified":"2024-02-12T12:32:43","modified_gmt":"2024-02-12T11:32:43","slug":"don-brodie","status":"publish","type":"page","link":"https:\/\/snowwhitemuseum.com\/fr\/about-the-film\/live-models\/hag-live-models\/don-brodie\/","title":{"rendered":"Don Brodie"},"content":{"rendered":"<p>Don Brodie, acteur \u00e9tonnement prolifique, nous raconte dans son <a href=\"https:\/\/amzn.to\/2CGMPRo\" target=\"_blank\" rel=\"noopener nofollow sponsored\" title=\"interview de David Johnson\">interview de David Johnson<\/a> , son exp\u00e9rience sur le film o\u00f9, affubl\u00e9 d'un faux nez et d'une grande cape, il a pr\u00eat\u00e9 sa silhouette \u00e0 la sorci\u00e8re du film. On avait pu auparavant entendre sa voix sur des personnages secondaires de courts m\u00e9trages du studio.<\/p>\n\n\n\n<p>se souvient que sa premi\u00e8re sc\u00e8ne est celle du chaudron, <a href=\"https:\/\/snowwhitemuseum.com\/fr\/about-the-film\/deleted-scenes\/\" title=\"Sc\u00e8nes coup\u00e9es\">qui sera coup\u00e9e par la suite<\/a>, bien qu'anim\u00e9e enti\u00e8rement.<\/p>\n\n\n\n<p>On le voit ci-dessous grimper sur une installation en bois qui figure la falaise qui sera fatale au personnage. Il s'agit d'une action qu'il a d\u00fb r\u00e9p\u00e9ter une vingtaine de fois pour satisfaire <a href=\"https:\/\/snowwhitemuseum.com\/fr\/about-the-film\/main-titles\/david-hand\/\" title=\"David Hand\">David Hand<\/a> qui dirigeait ses s\u00e9quences.<\/p>\n\n\n\n<p>Pour l'anecdote, dans son costume, il croisera un jour aux toilettes le fr\u00e8re de Walt, Roy Disney, qui lui demandera alors de quitter les lieux pour aller chez les dames !<\/p>\n\n\n\n<p>On le retrouve plus tard dans Pinocchio dans le r\u00f4le de Gepetto alors que celui-ci se fait avaler par la baleine.<\/p>\n\n\n<style>.wp-block-kadence-advancedgallery .kb-gallery-type-masonry.kb-gallery-id-2045_57cc43-a3{margin:-5px;}.kb-gallery-type-masonry.kb-gallery-id-2045_57cc43-a3 .kadence-blocks-gallery-item{padding:5px;}.kb-gallery-id-2045_57cc43-a3 .kadence-blocks-gallery-item .kb-gal-image-radius, .kb-gallery-id-2045_57cc43-a3 .kb-slide-item .kb-gal-image-radius img{border-radius:0px 0px 0px 0px;;}<\/style><div class=\"kb-gallery-wrap-id-2045_57cc43-a3 alignnone wp-block-kadence-advancedgallery\"><ul class=\"kb-gallery-ul kb-gallery-non-static kb-gallery-type-masonry kb-masonry-init kb-gallery-id-2045_57cc43-a3 kb-gallery-caption-style-bottom-hover kb-gallery-filter-none\" data-image-filter=\"none\" data-item-selector=\".kadence-blocks-gallery-item\" data-lightbox-caption=\"true\" data-columns-xxl=\"3\" data-columns-xl=\"3\" data-columns-md=\"3\" data-columns-sm=\"2\" data-columns-xs=\"1\" data-columns-ss=\"1\"><li class=\"kadence-blocks-gallery-item\" tabindex=\"0\"><div class=\"kadence-blocks-gallery-item-inner\"><figure class=\"kb-gallery-figure kadence-blocks-gallery-item-hide-caption\"><div class=\"kb-gal-image-radius\" style=\"max-width:807px;\"><div class=\"kb-gallery-image-contain kadence-blocks-gallery-intrinsic\" style=\"padding-bottom:126%;\"><img loading=\"lazy\" decoding=\"async\" src=\"http:\/\/snowwhitemuseum.com\/wp-content\/uploads\/2023\/05\/don-brodie-1-807x1024.jpg\" width=\"807\" height=\"1024\" alt=\"\" data-full-image=\"http:\/\/snowwhitemuseum.com\/wp-content\/uploads\/2023\/05\/don-brodie-1.jpg\" data-light-image=\"http:\/\/snowwhitemuseum.com\/wp-content\/uploads\/2023\/05\/don-brodie-1.jpg\" data-id=\"2048\" class=\"wp-image-2048\" srcset=\"https:\/\/snowwhitemuseum.com\/wp-content\/uploads\/2023\/05\/don-brodie-1-807x1024.jpg 807w, https:\/\/snowwhitemuseum.com\/wp-content\/uploads\/2023\/05\/don-brodie-1-236x300.jpg 236w, https:\/\/snowwhitemuseum.com\/wp-content\/uploads\/2023\/05\/don-brodie-1-768x974.jpg 768w, https:\/\/snowwhitemuseum.com\/wp-content\/uploads\/2023\/05\/don-brodie-1-9x12.jpg 9w, https:\/\/snowwhitemuseum.com\/wp-content\/uploads\/2023\/05\/don-brodie-1.jpg 1135w\" sizes=\"auto, (max-width: 807px) 100vw, 807px\" \/><\/div><\/div><\/figure><\/div><\/li><li class=\"kadence-blocks-gallery-item\" tabindex=\"0\"><div class=\"kadence-blocks-gallery-item-inner\"><figure class=\"kb-gallery-figure kadence-blocks-gallery-item-hide-caption\"><div class=\"kb-gal-image-radius\" style=\"max-width:803px;\"><div class=\"kb-gallery-image-contain kadence-blocks-gallery-intrinsic\" style=\"padding-bottom:127%;\"><img loading=\"lazy\" decoding=\"async\" src=\"http:\/\/snowwhitemuseum.com\/wp-content\/uploads\/2023\/05\/don-brodie-2-803x1024.jpg\" width=\"803\" height=\"1024\" alt=\"\" data-full-image=\"http:\/\/snowwhitemuseum.com\/wp-content\/uploads\/2023\/05\/don-brodie-2.jpg\" data-light-image=\"http:\/\/snowwhitemuseum.com\/wp-content\/uploads\/2023\/05\/don-brodie-2.jpg\" data-id=\"2046\" class=\"wp-image-2046\" srcset=\"https:\/\/snowwhitemuseum.com\/wp-content\/uploads\/2023\/05\/don-brodie-2-803x1024.jpg 803w, https:\/\/snowwhitemuseum.com\/wp-content\/uploads\/2023\/05\/don-brodie-2-235x300.jpg 235w, https:\/\/snowwhitemuseum.com\/wp-content\/uploads\/2023\/05\/don-brodie-2-768x979.jpg 768w, https:\/\/snowwhitemuseum.com\/wp-content\/uploads\/2023\/05\/don-brodie-2-9x12.jpg 9w, https:\/\/snowwhitemuseum.com\/wp-content\/uploads\/2023\/05\/don-brodie-2.jpg 1125w\" sizes=\"auto, (max-width: 803px) 100vw, 803px\" \/><\/div><\/div><\/figure><\/div><\/li><li class=\"kadence-blocks-gallery-item\" tabindex=\"0\"><div class=\"kadence-blocks-gallery-item-inner\"><figure class=\"kb-gallery-figure kadence-blocks-gallery-item-hide-caption\"><div class=\"kb-gal-image-radius\" style=\"max-width:771px;\"><div class=\"kb-gallery-image-contain kadence-blocks-gallery-intrinsic\" style=\"padding-bottom:132%;\"><img loading=\"lazy\" decoding=\"async\" src=\"http:\/\/snowwhitemuseum.com\/wp-content\/uploads\/2023\/05\/don-brodie-3-771x1024.jpg\" width=\"771\" height=\"1024\" alt=\"\" data-full-image=\"http:\/\/snowwhitemuseum.com\/wp-content\/uploads\/2023\/05\/don-brodie-3.jpg\" data-light-image=\"http:\/\/snowwhitemuseum.com\/wp-content\/uploads\/2023\/05\/don-brodie-3.jpg\" data-id=\"2047\" class=\"wp-image-2047\" srcset=\"https:\/\/snowwhitemuseum.com\/wp-content\/uploads\/2023\/05\/don-brodie-3-771x1024.jpg 771w, https:\/\/snowwhitemuseum.com\/wp-content\/uploads\/2023\/05\/don-brodie-3-226x300.jpg 226w, https:\/\/snowwhitemuseum.com\/wp-content\/uploads\/2023\/05\/don-brodie-3-768x1020.jpg 768w, https:\/\/snowwhitemuseum.com\/wp-content\/uploads\/2023\/05\/don-brodie-3-9x12.jpg 9w, https:\/\/snowwhitemuseum.com\/wp-content\/uploads\/2023\/05\/don-brodie-3.jpg 1084w\" sizes=\"auto, (max-width: 771px) 100vw, 771px\" \/><\/div><\/div><\/figure><\/div><\/li><\/ul><\/div>","protected":false},"excerpt":{"rendered":"<p>Don Brodie, a surprisingly prolific actor, tells us in his interview with David Johnson about his experience on the film where, wearing a fake nose and a big cape, he lent his silhouette to the witch of the film. His voice had previously been heard on secondary characters in the studio&#8217;s short films. He remembers&#8230;<\/p>","protected":false},"author":1,"featured_media":1731,"parent":2038,"menu_order":0,"comment_status":"closed","ping_status":"closed","template":"","meta":{"_kadence_starter_templates_imported_post":false,"_kad_post_transparent":"","_kad_post_title":"","_kad_post_layout":"","_kad_post_sidebar_id":"","_kad_post_content_style":"","_kad_post_vertical_padding":"","_kad_post_feature":"","_kad_post_feature_position":"","_kad_post_header":false,"_kad_post_footer":false,"_kad_post_classname":"","footnotes":""},"class_list":["post-2045","page","type-page","status-publish","has-post-thumbnail","hentry"],"aioseo_notices":[],"_links":{"self":[{"href":"https:\/\/snowwhitemuseum.com\/fr\/wp-json\/wp\/v2\/pages\/2045","targetHints":{"allow":["GET"]}}],"collection":[{"href":"https:\/\/snowwhitemuseum.com\/fr\/wp-json\/wp\/v2\/pages"}],"about":[{"href":"https:\/\/snowwhitemuseum.com\/fr\/wp-json\/wp\/v2\/types\/page"}],"author":[{"embeddable":true,"href":"https:\/\/snowwhitemuseum.com\/fr\/wp-json\/wp\/v2\/users\/1"}],"replies":[{"embeddable":true,"href":"https:\/\/snowwhitemuseum.com\/fr\/wp-json\/wp\/v2\/comments?post=2045"}],"version-history":[{"count":3,"href":"https:\/\/snowwhitemuseum.com\/fr\/wp-json\/wp\/v2\/pages\/2045\/revisions"}],"predecessor-version":[{"id":9145,"href":"https:\/\/snowwhitemuseum.com\/fr\/wp-json\/wp\/v2\/pages\/2045\/revisions\/9145"}],"up":[{"embeddable":true,"href":"https:\/\/snowwhitemuseum.com\/fr\/wp-json\/wp\/v2\/pages\/2038"}],"wp:featuredmedia":[{"embeddable":true,"href":"https:\/\/snowwhitemuseum.com\/fr\/wp-json\/wp\/v2\/media\/1731"}],"wp:attachment":[{"href":"https:\/\/snowwhitemuseum.com\/fr\/wp-json\/wp\/v2\/media?parent=2045"}],"curies":[{"name":"wp","href":"https:\/\/api.w.org\/{rel}","templated":true}]}}