{"id":2051,"date":"2023-05-13T10:22:06","date_gmt":"2023-05-13T08:22:06","guid":{"rendered":"https:\/\/snowwhitemuseum.com\/?page_id=2051"},"modified":"2024-02-17T16:45:57","modified_gmt":"2024-02-17T15:45:57","slug":"nestor-paiva","status":"publish","type":"page","link":"https:\/\/snowwhitemuseum.com\/fr\/about-the-film\/live-models\/hag-live-models\/nestor-paiva\/","title":{"rendered":"Nestor Paiva"},"content":{"rendered":"<style>.wp-block-kadence-column.kb-section-dir-horizontal > .kt-inside-inner-col > .kt-info-box2051_bc900d-af .kt-blocks-info-box-link-wrap{max-width:unset;}.kt-info-box2051_bc900d-af .kt-blocks-info-box-link-wrap{padding-top:var(--global-kb-spacing-xs, 1rem);padding-right:var(--global-kb-spacing-xs, 1rem);padding-bottom:var(--global-kb-spacing-xs, 1rem);padding-left:var(--global-kb-spacing-xs, 1rem);}.kt-info-box2051_bc900d-af .kadence-info-box-icon-container .kt-info-svg-icon, .kt-info-box2051_bc900d-af .kt-info-svg-icon-flip, .kt-info-box2051_bc900d-af .kt-blocks-info-box-number{font-size:50px;}.kt-info-box2051_bc900d-af .kt-blocks-info-box-media{border-top-width:0px;border-right-width:0px;border-bottom-width:0px;border-left-width:0px;padding-top:10px;padding-right:10px;padding-bottom:10px;padding-left:10px;}.kt-info-box2051_bc900d-af .kt-blocks-info-box-media-container{margin-top:0px;margin-right:15px;margin-bottom:0px;margin-left:15px;}.kt-info-box2051_bc900d-af .kt-blocks-info-box-learnmore{background:transparent;border-width:0px 0px 0px 0px;padding-top:4px;padding-right:8px;padding-bottom:4px;padding-left:8px;margin-top:10px;margin-right:0px;margin-bottom:10px;margin-left:0px;}<\/style>\n<div class=\"wp-block-kadence-infobox kt-info-box2051_bc900d-af\"><div class=\"kt-blocks-info-box-link-wrap kt-blocks-info-box-media-align-top kt-info-halign-center\"><div class=\"kt-blocks-info-box-media-container\"><div class=\"kt-blocks-info-box-media kt-info-media-animate-none\"><div class=\"kadence-info-box-icon-container kt-info-icon-animate-none\"><div class=\"kadence-info-box-icon-inner-container\"><span class=\"kb-svg-icon-wrap kb-svg-icon-fe_clipboard kt-info-svg-icon\"><svg viewbox=\"0 0 24 24\"  fill=\"none\" stroke=\"currentColor\" stroke-width=\"2\" stroke-linecap=\"round\" stroke-linejoin=\"round\" xmlns=\"http:\/\/www.w3.org\/2000\/svg\"  aria-hidden=\"true\"><path d=\"M16 4h2a2 2 0 0 1 2 2v14a2 2 0 0 1-2 2H6a2 2 0 0 1-2-2V6a2 2 0 0 1 2-2h2\"\/><rect x=\"8\" y=\"2\" width=\"8\" height=\"4\" rx=\"1\" ry=\"1\"\/><\/svg><\/span><\/div><\/div><\/div><\/div><div class=\"kt-infobox-textcontent\"><h2 class=\"kt-blocks-info-box-title\">Information<\/h2><p class=\"kt-blocks-info-box-text\"><strong>Nom complet :<\/strong> Nestor Caetano Paiva<br\/><strong>Naissance :<\/strong> 30 juin 1905 \u00e0 Fresno, Californie<br\/><strong>Mort :<\/strong> 9 septembre 1966 \u00e0 Hollywood, Californie (cancer)<br\/><br\/><strong>A travaill\u00e9 au studio Disney entre :<\/strong><br\/>vers 1935-1937<br\/><br\/><strong>Travail sur <em>Blanche Neige :<\/em><\/strong><br\/>Mod\u00e8le pour la sorci\u00e8re<br\/><br\/><a href=\"https:\/\/snowwhitemuseum.com\/fr\/about-the-film\/main-titles\/\">Retour au G\u00e9n\u00e9rique<\/a><\/p><\/div><\/div><\/div>\n\n\n<style>.kb-row-layout-id2051_392271-b9 > .kt-row-column-wrap{align-content:start;}:where(.kb-row-layout-id2051_392271-b9 > .kt-row-column-wrap) > .wp-block-kadence-column{justify-content:start;}.kb-row-layout-id2051_392271-b9 > .kt-row-column-wrap{column-gap:var(--global-kb-gap-md, 2rem);row-gap:var(--global-kb-gap-md, 2rem);padding-top:var(--global-kb-spacing-sm, 1.5rem);padding-bottom:var(--global-kb-spacing-sm, 1.5rem);grid-template-columns:minmax(0, 1fr) minmax(0, 2fr);}.kb-row-layout-id2051_392271-b9 > .kt-row-layout-overlay{opacity:0.30;}@media all and (max-width: 1024px){.kb-row-layout-id2051_392271-b9 > .kt-row-column-wrap{grid-template-columns:minmax(0, 1fr) minmax(0, 2fr);}}@media all and (max-width: 767px){.kb-row-layout-id2051_392271-b9 > .kt-row-column-wrap{grid-template-columns:minmax(0, 1fr);}}<\/style><div class=\"kb-row-layout-wrap kb-row-layout-id2051_392271-b9 alignnone wp-block-kadence-rowlayout\"><div class=\"kt-row-column-wrap kt-has-2-columns kt-row-layout-right-golden kt-tab-layout-inherit kt-mobile-layout-row kt-row-valign-top\">\n<style>.kadence-column2051_f6dcc7-30 > .kt-inside-inner-col,.kadence-column2051_f6dcc7-30 > .kt-inside-inner-col:before{border-top-left-radius:0px;border-top-right-radius:0px;border-bottom-right-radius:0px;border-bottom-left-radius:0px;}.kadence-column2051_f6dcc7-30 > .kt-inside-inner-col{column-gap:var(--global-kb-gap-sm, 1rem);}.kadence-column2051_f6dcc7-30 > .kt-inside-inner-col{flex-direction:column;}.kadence-column2051_f6dcc7-30 > .kt-inside-inner-col > .aligncenter{width:100%;}.kadence-column2051_f6dcc7-30 > .kt-inside-inner-col:before{opacity:0.3;}.kadence-column2051_f6dcc7-30{position:relative;}@media all and (max-width: 1024px){.kadence-column2051_f6dcc7-30 > .kt-inside-inner-col{flex-direction:column;justify-content:center;}}@media all and (max-width: 767px){.kadence-column2051_f6dcc7-30 > .kt-inside-inner-col{flex-direction:column;justify-content:center;}}<\/style>\n<div class=\"wp-block-kadence-column kadence-column2051_f6dcc7-30\"><div class=\"kt-inside-inner-col\">\n<figure class=\"wp-block-image size-full\"><img loading=\"lazy\" decoding=\"async\" width=\"271\" height=\"349\" src=\"http:\/\/snowwhitemuseum.com\/wp-content\/uploads\/2023\/05\/Nestor-Paiva.jpg\" alt=\"\" class=\"wp-image-2052\" srcset=\"https:\/\/snowwhitemuseum.com\/wp-content\/uploads\/2023\/05\/Nestor-Paiva.jpg 271w, https:\/\/snowwhitemuseum.com\/wp-content\/uploads\/2023\/05\/Nestor-Paiva-233x300.jpg 233w, https:\/\/snowwhitemuseum.com\/wp-content\/uploads\/2023\/05\/Nestor-Paiva-9x12.jpg 9w\" sizes=\"auto, (max-width: 271px) 100vw, 271px\" \/><\/figure>\n<\/div><\/div>\n\n\n<style>.kadence-column2051_002b88-a5 > .kt-inside-inner-col,.kadence-column2051_002b88-a5 > .kt-inside-inner-col:before{border-top-left-radius:0px;border-top-right-radius:0px;border-bottom-right-radius:0px;border-bottom-left-radius:0px;}.kadence-column2051_002b88-a5 > .kt-inside-inner-col{column-gap:var(--global-kb-gap-sm, 1rem);}.kadence-column2051_002b88-a5 > .kt-inside-inner-col{flex-direction:column;}.kadence-column2051_002b88-a5 > .kt-inside-inner-col > .aligncenter{width:100%;}.kadence-column2051_002b88-a5 > .kt-inside-inner-col:before{opacity:0.3;}.kadence-column2051_002b88-a5{position:relative;}@media all and (max-width: 1024px){.kadence-column2051_002b88-a5 > .kt-inside-inner-col{flex-direction:column;justify-content:center;}}@media all and (max-width: 767px){.kadence-column2051_002b88-a5 > .kt-inside-inner-col{flex-direction:column;justify-content:center;}}<\/style>\n<div class=\"wp-block-kadence-column kadence-column2051_002b88-a5\"><div class=\"kt-inside-inner-col\">\n<p>Si l'on en croit Ward Kimball <a href=\"https:\/\/amzn.to\/2CGMPRo\" target=\"_blank\" rel=\"noopener nofollow sponsored\" title=\"Les gens de Banche Neige volume 2 sur amazon\">dans une interview de David Johnson,<\/a>, l'acteur Nestor Paiva qui jouait alors le m\u00e9chant de la pi\u00e8ce \"The Drunkard\" \u00e0 Los Angeles a \u00e9t\u00e9 choisi (peut-\u00eatre en premier d'apr\u00e8s le contexte) pour jouer la sorci\u00e8re devant la cam\u00e9ra. Kimball assure avoir vu les rotoscopes.<\/p>\n<\/div><\/div>\n\n<\/div><\/div>","protected":false},"excerpt":{"rendered":"<p>According to Ward Kimball in an interview with David Johnson, actor Nestor Paiva, who played the villain in the Los Angeles play &#8220;The Drunkard&#8221; at the time, was chosen (perhaps first by context) to play the witch on camera. Kimball assures that he saw the rotoscopes.<\/p>","protected":false},"author":1,"featured_media":2039,"parent":2038,"menu_order":0,"comment_status":"closed","ping_status":"closed","template":"","meta":{"_kadence_starter_templates_imported_post":false,"_kad_post_transparent":"","_kad_post_title":"","_kad_post_layout":"","_kad_post_sidebar_id":"","_kad_post_content_style":"","_kad_post_vertical_padding":"","_kad_post_feature":"","_kad_post_feature_position":"","_kad_post_header":false,"_kad_post_footer":false,"_kad_post_classname":"","footnotes":""},"class_list":["post-2051","page","type-page","status-publish","has-post-thumbnail","hentry"],"aioseo_notices":[],"_links":{"self":[{"href":"https:\/\/snowwhitemuseum.com\/fr\/wp-json\/wp\/v2\/pages\/2051","targetHints":{"allow":["GET"]}}],"collection":[{"href":"https:\/\/snowwhitemuseum.com\/fr\/wp-json\/wp\/v2\/pages"}],"about":[{"href":"https:\/\/snowwhitemuseum.com\/fr\/wp-json\/wp\/v2\/types\/page"}],"author":[{"embeddable":true,"href":"https:\/\/snowwhitemuseum.com\/fr\/wp-json\/wp\/v2\/users\/1"}],"replies":[{"embeddable":true,"href":"https:\/\/snowwhitemuseum.com\/fr\/wp-json\/wp\/v2\/comments?post=2051"}],"version-history":[{"count":2,"href":"https:\/\/snowwhitemuseum.com\/fr\/wp-json\/wp\/v2\/pages\/2051\/revisions"}],"predecessor-version":[{"id":9219,"href":"https:\/\/snowwhitemuseum.com\/fr\/wp-json\/wp\/v2\/pages\/2051\/revisions\/9219"}],"up":[{"embeddable":true,"href":"https:\/\/snowwhitemuseum.com\/fr\/wp-json\/wp\/v2\/pages\/2038"}],"wp:featuredmedia":[{"embeddable":true,"href":"https:\/\/snowwhitemuseum.com\/fr\/wp-json\/wp\/v2\/media\/2039"}],"wp:attachment":[{"href":"https:\/\/snowwhitemuseum.com\/fr\/wp-json\/wp\/v2\/media?parent=2051"}],"curies":[{"name":"wp","href":"https:\/\/api.w.org\/{rel}","templated":true}]}}