{"id":2079,"date":"2023-05-14T22:54:36","date_gmt":"2023-05-14T20:54:36","guid":{"rendered":"https:\/\/snowwhitemuseum.com\/?page_id=2079"},"modified":"2024-08-19T13:08:21","modified_gmt":"2024-08-19T11:08:21","slug":"louis-hightower","status":"publish","type":"page","link":"https:\/\/snowwhitemuseum.com\/fr\/about-the-film\/live-models\/louis-hightower\/","title":{"rendered":"Louis Hightower"},"content":{"rendered":"<style>.wp-block-kadence-column.kb-section-dir-horizontal > .kt-inside-inner-col > .kt-info-box2079_bbb7d3-dd .kt-blocks-info-box-link-wrap{max-width:unset;}.kt-info-box2079_bbb7d3-dd .kt-blocks-info-box-link-wrap{padding-top:var(--global-kb-spacing-xs, 1rem);padding-right:var(--global-kb-spacing-xs, 1rem);padding-bottom:var(--global-kb-spacing-xs, 1rem);padding-left:var(--global-kb-spacing-xs, 1rem);}.kt-info-box2079_bbb7d3-dd .kadence-info-box-icon-container .kt-info-svg-icon, .kt-info-box2079_bbb7d3-dd .kt-info-svg-icon-flip, .kt-info-box2079_bbb7d3-dd .kt-blocks-info-box-number{font-size:50px;}.kt-info-box2079_bbb7d3-dd .kt-blocks-info-box-media{border-top-width:0px;border-right-width:0px;border-bottom-width:0px;border-left-width:0px;padding-top:10px;padding-right:10px;padding-bottom:10px;padding-left:10px;}.kt-info-box2079_bbb7d3-dd .kt-blocks-info-box-media-container{margin-top:0px;margin-right:15px;margin-bottom:0px;margin-left:15px;}.kt-info-box2079_bbb7d3-dd .kt-blocks-info-box-learnmore{background:transparent;border-width:0px 0px 0px 0px;padding-top:4px;padding-right:8px;padding-bottom:4px;padding-left:8px;margin-top:10px;margin-right:0px;margin-bottom:10px;margin-left:0px;}<\/style>\n<div class=\"wp-block-kadence-infobox kt-info-box2079_bbb7d3-dd\"><div class=\"kt-blocks-info-box-link-wrap kt-blocks-info-box-media-align-top kt-info-halign-center\"><div class=\"kt-blocks-info-box-media-container\"><div class=\"kt-blocks-info-box-media kt-info-media-animate-none\"><div class=\"kadence-info-box-icon-container kt-info-icon-animate-none\"><div class=\"kadence-info-box-icon-inner-container\"><span class=\"kb-svg-icon-wrap kb-svg-icon-fe_clipboard kt-info-svg-icon\"><svg viewbox=\"0 0 24 24\"  fill=\"none\" stroke=\"currentColor\" stroke-width=\"2\" stroke-linecap=\"round\" stroke-linejoin=\"round\" xmlns=\"http:\/\/www.w3.org\/2000\/svg\"  aria-hidden=\"true\"><path d=\"M16 4h2a2 2 0 0 1 2 2v14a2 2 0 0 1-2 2H6a2 2 0 0 1-2-2V6a2 2 0 0 1 2-2h2\"\/><rect x=\"8\" y=\"2\" width=\"8\" height=\"4\" rx=\"1\" ry=\"1\"\/><\/svg><\/span><\/div><\/div><\/div><\/div><div class=\"kt-infobox-textcontent\"><h2 class=\"kt-blocks-info-box-title\">Information<\/h2><p class=\"kt-blocks-info-box-text\"><strong>Nom complet :<\/strong> Louis Hightower<br><strong>Naissance :<\/strong> 19 juillet 1917 en Floride<br><strong>Mort :<\/strong> 2 septembre 1943 en Sicile, Italie<br><br><strong>Travail sur <em>Blanche Neige :<\/em><\/strong><br>Mod\u00e8le pour le Prince (pas au g\u00e9n\u00e9rique)<br><br><a href=\"https:\/\/snowwhitemuseum.com\/fr\/about-the-film\/live-models\/\" title=\"Les mod\u00e8les\">Back to Models<\/a><\/p><\/div><\/div><\/div>\n\n\n\n<p>Tout comme la Reine, le Prince dans <em>Blanche Neige et les sept nains<\/em> est un personnage ultra r\u00e9aliste. Cela n'a pas toujours \u00e9t\u00e9 une \u00e9vidence pour les artistes du studio. En effet, le probl\u00e8me majeur du personnage \u00e9tait qu'il devait \u00eatre gracieux et masculin \u00e0 la fois. Pour contourner le probl\u00e8me, les animateurs ont un temps imagin\u00e9 lui faire des cabrioles \u00e0 la mani\u00e8re des personnages loufoques des courts-m\u00e9trages pass\u00e9s. Une fois d\u00e9cid\u00e9 que cette approche n'\u00e9tait pas appropri\u00e9e pour le film, le rotoscope s'imposait, et avec lui les multiples probl\u00e8mes li\u00e9s au fait que notre \u0153il \u00e9tant habitu\u00e9 aux mouvements humains, nous sommes moins tol\u00e9rants lorsqu\u2019un personnage cens\u00e9 \u00eatre r\u00e9aliste bouge de fa\u00e7on irr\u00e9aliste.<\/p>\n\n\n<style>.kb-row-layout-id2079_a625f3-a4 > .kt-row-column-wrap{align-content:start;}:where(.kb-row-layout-id2079_a625f3-a4 > .kt-row-column-wrap) > .wp-block-kadence-column{justify-content:start;}.kb-row-layout-id2079_a625f3-a4 > .kt-row-column-wrap{column-gap:var(--global-kb-gap-md, 2rem);row-gap:var(--global-kb-gap-md, 2rem);padding-top:var(--global-kb-spacing-sm, 1.5rem);padding-bottom:var(--global-kb-spacing-sm, 1.5rem);grid-template-columns:minmax(0, 1fr) minmax(0, 2fr);}.kb-row-layout-id2079_a625f3-a4 > .kt-row-layout-overlay{opacity:0.30;}@media all and (max-width: 1024px){.kb-row-layout-id2079_a625f3-a4 > .kt-row-column-wrap{grid-template-columns:minmax(0, 1fr) minmax(0, 2fr);}}@media all and (max-width: 767px){.kb-row-layout-id2079_a625f3-a4 > .kt-row-column-wrap{grid-template-columns:minmax(0, 1fr);}}<\/style><div class=\"kb-row-layout-wrap kb-row-layout-id2079_a625f3-a4 alignnone wp-block-kadence-rowlayout\"><div class=\"kt-row-column-wrap kt-has-2-columns kt-row-layout-right-golden kt-tab-layout-inherit kt-mobile-layout-row kt-row-valign-top\">\n<style>.kadence-column2079_2e9031-29 > .kt-inside-inner-col,.kadence-column2079_2e9031-29 > .kt-inside-inner-col:before{border-top-left-radius:0px;border-top-right-radius:0px;border-bottom-right-radius:0px;border-bottom-left-radius:0px;}.kadence-column2079_2e9031-29 > .kt-inside-inner-col{column-gap:var(--global-kb-gap-sm, 1rem);}.kadence-column2079_2e9031-29 > .kt-inside-inner-col{flex-direction:column;}.kadence-column2079_2e9031-29 > .kt-inside-inner-col > .aligncenter{width:100%;}.kadence-column2079_2e9031-29 > .kt-inside-inner-col:before{opacity:0.3;}.kadence-column2079_2e9031-29{position:relative;}@media all and (max-width: 1024px){.kadence-column2079_2e9031-29 > .kt-inside-inner-col{flex-direction:column;justify-content:center;}}@media all and (max-width: 767px){.kadence-column2079_2e9031-29 > .kt-inside-inner-col{flex-direction:column;justify-content:center;}}<\/style>\n<div class=\"wp-block-kadence-column kadence-column2079_2e9031-29\"><div class=\"kt-inside-inner-col\">\n<figure class=\"wp-block-image size-full\"><img loading=\"lazy\" decoding=\"async\" width=\"987\" height=\"896\" src=\"http:\/\/snowwhitemuseum.com\/wp-content\/uploads\/2023\/05\/marge-louis-hightower-horse.jpg\" alt=\"\" class=\"wp-image-2080\" srcset=\"https:\/\/snowwhitemuseum.com\/wp-content\/uploads\/2023\/05\/marge-louis-hightower-horse.jpg 987w, https:\/\/snowwhitemuseum.com\/wp-content\/uploads\/2023\/05\/marge-louis-hightower-horse-300x272.jpg 300w, https:\/\/snowwhitemuseum.com\/wp-content\/uploads\/2023\/05\/marge-louis-hightower-horse-768x697.jpg 768w, https:\/\/snowwhitemuseum.com\/wp-content\/uploads\/2023\/05\/marge-louis-hightower-horse-13x12.jpg 13w\" sizes=\"auto, (max-width: 987px) 100vw, 987px\" \/><figcaption class=\"wp-element-caption\">Marge Belcher &amp; Louis Hightower<\/figcaption><\/figure>\n<\/div><\/div>\n\n\n<style>.kadence-column2079_7261f2-64 > .kt-inside-inner-col,.kadence-column2079_7261f2-64 > .kt-inside-inner-col:before{border-top-left-radius:0px;border-top-right-radius:0px;border-bottom-right-radius:0px;border-bottom-left-radius:0px;}.kadence-column2079_7261f2-64 > .kt-inside-inner-col{column-gap:var(--global-kb-gap-sm, 1rem);}.kadence-column2079_7261f2-64 > .kt-inside-inner-col{flex-direction:column;}.kadence-column2079_7261f2-64 > .kt-inside-inner-col > .aligncenter{width:100%;}.kadence-column2079_7261f2-64 > .kt-inside-inner-col:before{opacity:0.3;}.kadence-column2079_7261f2-64{position:relative;}@media all and (max-width: 1024px){.kadence-column2079_7261f2-64 > .kt-inside-inner-col{flex-direction:column;justify-content:center;}}@media all and (max-width: 767px){.kadence-column2079_7261f2-64 > .kt-inside-inner-col{flex-direction:column;justify-content:center;}}<\/style>\n<div class=\"wp-block-kadence-column kadence-column2079_7261f2-64\"><div class=\"kt-inside-inner-col\">\n<p><\/p>\n\n\n\n<p>C'est encore le cours d'Ernest Belcher, p\u00e8re de <a href=\"https:\/\/snowwhitemuseum.com\/fr\/about-the-film\/live-models\/snow-white-live-models\/marge-belcher\/\" title=\"Marge Belcher\">Marge Belcher<\/a>, qui a fourni la nouvelle recrue qui servira de mod\u00e8le principal au Prince. Son nom est Louis Hightower, un danseur choisi parce que sa stature \u00e9tait particuli\u00e8rement masculine et qu'il avait des jambes muscl\u00e9es.<\/p>\n<\/div><\/div>\n\n<\/div><\/div>\n\n<style>.kb-row-layout-id2079_c2b94e-c3 > .kt-row-column-wrap{align-content:start;}:where(.kb-row-layout-id2079_c2b94e-c3 > .kt-row-column-wrap) > .wp-block-kadence-column{justify-content:start;}.kb-row-layout-id2079_c2b94e-c3 > .kt-row-column-wrap{column-gap:var(--global-kb-gap-md, 2rem);row-gap:var(--global-kb-gap-md, 2rem);padding-top:var(--global-kb-spacing-sm, 1.5rem);padding-bottom:var(--global-kb-spacing-sm, 1.5rem);grid-template-columns:minmax(0, 2fr) minmax(0, 1fr);}.kb-row-layout-id2079_c2b94e-c3 > .kt-row-layout-overlay{opacity:0.30;}@media all and (max-width: 1024px){.kb-row-layout-id2079_c2b94e-c3 > .kt-row-column-wrap{grid-template-columns:minmax(0, 2fr) minmax(0, 1fr);}}@media all and (max-width: 767px){.kb-row-layout-id2079_c2b94e-c3 > .kt-row-column-wrap{grid-template-columns:minmax(0, 1fr);}}<\/style><div class=\"kb-row-layout-wrap kb-row-layout-id2079_c2b94e-c3 alignnone wp-block-kadence-rowlayout\"><div class=\"kt-row-column-wrap kt-has-2-columns kt-row-layout-left-golden kt-tab-layout-inherit kt-mobile-layout-row kt-row-valign-top\">\n<style>.kadence-column2079_06dda1-26 > .kt-inside-inner-col,.kadence-column2079_06dda1-26 > .kt-inside-inner-col:before{border-top-left-radius:0px;border-top-right-radius:0px;border-bottom-right-radius:0px;border-bottom-left-radius:0px;}.kadence-column2079_06dda1-26 > .kt-inside-inner-col{column-gap:var(--global-kb-gap-sm, 1rem);}.kadence-column2079_06dda1-26 > .kt-inside-inner-col{flex-direction:column;}.kadence-column2079_06dda1-26 > .kt-inside-inner-col > .aligncenter{width:100%;}.kadence-column2079_06dda1-26 > .kt-inside-inner-col:before{opacity:0.3;}.kadence-column2079_06dda1-26{position:relative;}@media all and (max-width: 1024px){.kadence-column2079_06dda1-26 > .kt-inside-inner-col{flex-direction:column;justify-content:center;}}@media all and (max-width: 767px){.kadence-column2079_06dda1-26 > .kt-inside-inner-col{flex-direction:column;justify-content:center;}}<\/style>\n<div class=\"wp-block-kadence-column kadence-column2079_06dda1-26\"><div class=\"kt-inside-inner-col\">\n<p>Avec Marge, il figure dans un article de Time magazine, o\u00f9 un reportage photographique organis\u00e9 apr\u00e8s la sortie du film les montre recr\u00e9ant les mouvements des personnages afin d'illustrer l'article. On retrouve les deux danseurs dans le court m\u00e9trage MGM <em>Dimanche soir au Trocad\u00e9ro<\/em> (<a href=\"https:\/\/amzn.to\/2NtvL5q\" target=\"_blank\" rel=\"noopener nofollow sponsored\" title=\"\">disponible sur les bonus de ce DVD<\/a>) o\u00f9 ils d\u00e9montrent leur alchimie et leur talent.<\/p>\n\n\n\n<p>Apr\u00e8s ce r\u00f4le, Louis retrouvera le chemin des studios pour pr\u00eater sa silhouette \u00e0 l'alligator de la s\u00e9quence de la danse des heures dans <em>Fantasia<\/em>.<\/p>\n\n\n\n<p>Malheureusement, il est envoy\u00e9 \u00e0 la guerre et meurt en 1942, quelque part en Italie.<\/p>\n<\/div><\/div>\n\n\n<style>.kadence-column2079_d83b2e-f3 > .kt-inside-inner-col,.kadence-column2079_d83b2e-f3 > .kt-inside-inner-col:before{border-top-left-radius:0px;border-top-right-radius:0px;border-bottom-right-radius:0px;border-bottom-left-radius:0px;}.kadence-column2079_d83b2e-f3 > .kt-inside-inner-col{column-gap:var(--global-kb-gap-sm, 1rem);}.kadence-column2079_d83b2e-f3 > .kt-inside-inner-col{flex-direction:column;}.kadence-column2079_d83b2e-f3 > .kt-inside-inner-col > .aligncenter{width:100%;}.kadence-column2079_d83b2e-f3 > .kt-inside-inner-col:before{opacity:0.3;}.kadence-column2079_d83b2e-f3{position:relative;}@media all and (max-width: 1024px){.kadence-column2079_d83b2e-f3 > .kt-inside-inner-col{flex-direction:column;justify-content:center;}}@media all and (max-width: 767px){.kadence-column2079_d83b2e-f3 > .kt-inside-inner-col{flex-direction:column;justify-content:center;}}<\/style>\n<div class=\"wp-block-kadence-column kadence-column2079_d83b2e-f3\"><div class=\"kt-inside-inner-col\">\n<figure class=\"wp-block-image size-full\"><img loading=\"lazy\" decoding=\"async\" width=\"1000\" height=\"765\" src=\"http:\/\/snowwhitemuseum.com\/wp-content\/uploads\/2023\/05\/hightower-belcher.jpg\" alt=\"\" class=\"wp-image-2081\" srcset=\"https:\/\/snowwhitemuseum.com\/wp-content\/uploads\/2023\/05\/hightower-belcher.jpg 1000w, https:\/\/snowwhitemuseum.com\/wp-content\/uploads\/2023\/05\/hightower-belcher-300x230.jpg 300w, https:\/\/snowwhitemuseum.com\/wp-content\/uploads\/2023\/05\/hightower-belcher-768x588.jpg 768w, https:\/\/snowwhitemuseum.com\/wp-content\/uploads\/2023\/05\/hightower-belcher-16x12.jpg 16w\" sizes=\"auto, (max-width: 1000px) 100vw, 1000px\" \/><figcaption class=\"wp-element-caption\">Dimanche soir au Trocad\u00e9ro<\/figcaption><\/figure>\n<\/div><\/div>\n\n<\/div><\/div>","protected":false},"excerpt":{"rendered":"<p>Like the Queen, the Prince in Snow White and the Seven Dwarfs is an ultra-realistic character. This was not always a given for the studio artists. Indeed, the major problem with the character was that he had to be graceful and masculine at the same time. To get around this problem, the animators at one&#8230;<\/p>","protected":false},"author":1,"featured_media":2082,"parent":1727,"menu_order":0,"comment_status":"closed","ping_status":"closed","template":"","meta":{"_kadence_starter_templates_imported_post":false,"_kad_post_transparent":"","_kad_post_title":"","_kad_post_layout":"","_kad_post_sidebar_id":"","_kad_post_content_style":"","_kad_post_vertical_padding":"","_kad_post_feature":"","_kad_post_feature_position":"","_kad_post_header":false,"_kad_post_footer":false,"_kad_post_classname":"","footnotes":""},"class_list":["post-2079","page","type-page","status-publish","has-post-thumbnail","hentry"],"aioseo_notices":[],"_links":{"self":[{"href":"https:\/\/snowwhitemuseum.com\/fr\/wp-json\/wp\/v2\/pages\/2079","targetHints":{"allow":["GET"]}}],"collection":[{"href":"https:\/\/snowwhitemuseum.com\/fr\/wp-json\/wp\/v2\/pages"}],"about":[{"href":"https:\/\/snowwhitemuseum.com\/fr\/wp-json\/wp\/v2\/types\/page"}],"author":[{"embeddable":true,"href":"https:\/\/snowwhitemuseum.com\/fr\/wp-json\/wp\/v2\/users\/1"}],"replies":[{"embeddable":true,"href":"https:\/\/snowwhitemuseum.com\/fr\/wp-json\/wp\/v2\/comments?post=2079"}],"version-history":[{"count":7,"href":"https:\/\/snowwhitemuseum.com\/fr\/wp-json\/wp\/v2\/pages\/2079\/revisions"}],"predecessor-version":[{"id":12032,"href":"https:\/\/snowwhitemuseum.com\/fr\/wp-json\/wp\/v2\/pages\/2079\/revisions\/12032"}],"up":[{"embeddable":true,"href":"https:\/\/snowwhitemuseum.com\/fr\/wp-json\/wp\/v2\/pages\/1727"}],"wp:featuredmedia":[{"embeddable":true,"href":"https:\/\/snowwhitemuseum.com\/fr\/wp-json\/wp\/v2\/media\/2082"}],"wp:attachment":[{"href":"https:\/\/snowwhitemuseum.com\/fr\/wp-json\/wp\/v2\/media?parent=2079"}],"curies":[{"name":"wp","href":"https:\/\/api.w.org\/{rel}","templated":true}]}}