{"id":2088,"date":"2023-05-15T22:38:59","date_gmt":"2023-05-15T20:38:59","guid":{"rendered":"https:\/\/snowwhitemuseum.com\/?page_id=2088"},"modified":"2024-10-27T10:27:54","modified_gmt":"2024-10-27T09:27:54","slug":"magic-mirror-live-models","status":"publish","type":"page","link":"https:\/\/snowwhitemuseum.com\/fr\/about-the-film\/live-models\/magic-mirror-live-models\/","title":{"rendered":"Mod\u00e8les du miroir magique"},"content":{"rendered":"<style>.kb-row-layout-id2088_30fab5-31 > .kt-row-column-wrap{align-content:start;}:where(.kb-row-layout-id2088_30fab5-31 > .kt-row-column-wrap) > .wp-block-kadence-column{justify-content:start;}.kb-row-layout-id2088_30fab5-31 > .kt-row-column-wrap{column-gap:var(--global-kb-gap-md, 2rem);row-gap:var(--global-kb-gap-md, 2rem);padding-top:var(--global-kb-spacing-sm, 1.5rem);padding-bottom:var(--global-kb-spacing-sm, 1.5rem);grid-template-columns:minmax(0, 1fr) minmax(0, 2fr);}.kb-row-layout-id2088_30fab5-31 > .kt-row-layout-overlay{opacity:0.30;}@media all and (max-width: 1024px){.kb-row-layout-id2088_30fab5-31 > .kt-row-column-wrap{grid-template-columns:minmax(0, 1fr) minmax(0, 2fr);}}@media all and (max-width: 767px){.kb-row-layout-id2088_30fab5-31 > .kt-row-column-wrap{grid-template-columns:minmax(0, 1fr);}}<\/style><div class=\"kb-row-layout-wrap kb-row-layout-id2088_30fab5-31 alignnone wp-block-kadence-rowlayout\"><div class=\"kt-row-column-wrap kt-has-2-columns kt-row-layout-right-golden kt-tab-layout-inherit kt-mobile-layout-row kt-row-valign-top\">\n<style>.kadence-column2088_a11a1d-2b > .kt-inside-inner-col,.kadence-column2088_a11a1d-2b > .kt-inside-inner-col:before{border-top-left-radius:0px;border-top-right-radius:0px;border-bottom-right-radius:0px;border-bottom-left-radius:0px;}.kadence-column2088_a11a1d-2b > .kt-inside-inner-col{column-gap:var(--global-kb-gap-sm, 1rem);}.kadence-column2088_a11a1d-2b > .kt-inside-inner-col{flex-direction:column;}.kadence-column2088_a11a1d-2b > .kt-inside-inner-col > .aligncenter{width:100%;}.kadence-column2088_a11a1d-2b > .kt-inside-inner-col:before{opacity:0.3;}.kadence-column2088_a11a1d-2b{position:relative;}@media all and (max-width: 1024px){.kadence-column2088_a11a1d-2b > .kt-inside-inner-col{flex-direction:column;justify-content:center;}}@media all and (max-width: 767px){.kadence-column2088_a11a1d-2b > .kt-inside-inner-col{flex-direction:column;justify-content:center;}}<\/style>\n<div class=\"wp-block-kadence-column kadence-column2088_a11a1d-2b\"><div class=\"kt-inside-inner-col\"><style>.kb-gallery-id-2088_ffd81a-47 .kadence-blocks-gallery-item .kb-gal-image-radius, .kb-gallery-id-2088_ffd81a-47 .kb-slide-item .kb-gal-image-radius img{border-radius:0px 0px 0px 0px;;}.kb-gallery-caption-style-bottom.kb-gallery-id-2088_ffd81a-47 .kadence-blocks-gallery-item .kadence-blocks-gallery-item-inner .kadence-blocks-gallery-item__caption, .kb-gallery-caption-style-bottom-hover.kb-gallery-id-2088_ffd81a-47 .kadence-blocks-gallery-item .kadence-blocks-gallery-item-inner .kadence-blocks-gallery-item__caption{background:linear-gradient(0deg, rgba(0, 0, 0, 0.8) 0, rgba(0, 0, 0, 0) 100%);}.kb-gallery-wrap-id-2088_ffd81a-47.wp-block-kadence-advancedgallery{overflow:visible;}.kb-gallery-wrap-id-2088_ffd81a-47.wp-block-kadence-advancedgallery .kt-blocks-carousel{overflow:visible;}.kb-gallery-id-2088_ffd81a-47 .splide.kt-carousel-dotstyle-light .splide__pagination__page, .kb-gallery-id-2088_ffd81a-47 .splide.kt-carousel-dotstyle-light .splide__pagination__page.is-active{background-color:#fff;}<\/style><div class=\"kb-gallery-wrap-id-2088_ffd81a-47 alignnone wp-block-kadence-advancedgallery\"><div class=\"kb-gallery-ul kb-gallery-non-static kb-gallery-type-slider kb-gallery-id-2088_ffd81a-47 kb-gallery-caption-style-bottom-hover kb-gallery-filter-none kb-gallery-magnific-init\" data-image-filter=\"none\" data-lightbox-caption=\"true\"><div class=\"kt-blocks-carousel splide kt-carousel-container-dotstyle-light kt-carousel-arrowstyle-whiteondark kt-carousel-dotstyle-light kb-slider-group-arrow kb-slider-arrow-position-center\" data-slider-anim-speed=\"400\" data-slider-scroll=\"1\" data-slider-arrows=\"true\" data-slider-fade=\"true\" data-slider-dots=\"true\" data-slider-type=\"slider\" data-slider-hover-pause=\"false\" data-slider-auto=\"1\" data-slider-speed=\"7000\" data-show-pause-button=\"false\"><div class=\"splide__track\"><ul class=\"kt-blocks-carousel-init kb-blocks-slider splide__list\"><li class=\"kb-slide-item kb-gallery-slide-item splide__slide\"><div class=\"kadence-blocks-gallery-item\"><div class=\"kadence-blocks-gallery-item-inner\"><figure class=\"kb-gallery-figure kb-gallery-item-has-link kadence-blocks-gallery-item-has-caption\"><a href=\"https:\/\/snowwhitemuseum.com\/wp-content\/uploads\/2023\/05\/hugh-henessy.jpg\" data-description=\"Hugh Henesy (model &amp; layout artist)\" class=\"kb-gallery-item-link\"   role=\"button\" aria-haspopup=\"dialog\"><div class=\"kb-gal-image-radius\"><div class=\"kb-gallery-image-contain kadence-blocks-gallery-intrinsic kb-gallery-image-ratio-port34 kb-has-image-ratio-port34\" ><img loading=\"lazy\" decoding=\"async\" src=\"http:\/\/snowwhitemuseum.com\/wp-content\/uploads\/2023\/05\/page1-fr.png\"  data-splide-lazy=\"https:\/\/snowwhitemuseum.com\/wp-content\/uploads\/2023\/05\/hugh-henessy.jpg\" width=\"632\" height=\"922\" alt=\"\" data-full-image=\"https:\/\/snowwhitemuseum.com\/wp-content\/uploads\/2023\/05\/hugh-henessy.jpg\" data-light-image=\"https:\/\/snowwhitemuseum.com\/wp-content\/uploads\/2023\/05\/hugh-henessy.jpg\" data-splide-lazy-srcset=\"https:\/\/snowwhitemuseum.com\/wp-content\/uploads\/2023\/05\/hugh-henessy.jpg 632w, https:\/\/snowwhitemuseum.com\/wp-content\/uploads\/2023\/05\/hugh-henessy-206x300.jpg 206w, https:\/\/snowwhitemuseum.com\/wp-content\/uploads\/2023\/05\/hugh-henessy-8x12.jpg 8w\" sizes=\"auto, (max-width: 632px) 100vw, 632px\"data-id=\"2469\" class=\"wp-image-2469 skip-lazy\"\/><\/div><div class=\"kadence-blocks-gallery-item__caption\">Hugh Henesy (model &amp; layout artist)<\/div><\/div><\/a><\/figure><\/div><\/div><\/li><li class=\"kb-slide-item kb-gallery-slide-item splide__slide\"><div class=\"kadence-blocks-gallery-item\"><div class=\"kadence-blocks-gallery-item-inner\"><figure class=\"kb-gallery-figure kb-gallery-item-has-link kadence-blocks-gallery-item-has-caption\"><a href=\"https:\/\/snowwhitemuseum.com\/wp-content\/uploads\/2023\/05\/wolfgang-reitherman.jpg\" data-description=\"Wolfgang Reitherman (animator)\" class=\"kb-gallery-item-link\"   role=\"button\" aria-haspopup=\"dialog\"><div class=\"kb-gal-image-radius\"><div class=\"kb-gallery-image-contain kadence-blocks-gallery-intrinsic kb-gallery-image-ratio-port34 kb-has-image-ratio-port34\" ><img loading=\"lazy\" decoding=\"async\" src=\"http:\/\/snowwhitemuseum.com\/wp-content\/uploads\/2023\/05\/page1-fr.png\"  data-splide-lazy=\"https:\/\/snowwhitemuseum.com\/wp-content\/uploads\/2023\/05\/wolfgang-reitherman-710x1024.jpg\" width=\"710\" height=\"1024\" alt=\"\" data-full-image=\"https:\/\/snowwhitemuseum.com\/wp-content\/uploads\/2023\/05\/wolfgang-reitherman.jpg\" data-light-image=\"https:\/\/snowwhitemuseum.com\/wp-content\/uploads\/2023\/05\/wolfgang-reitherman.jpg\" data-splide-lazy-srcset=\"https:\/\/snowwhitemuseum.com\/wp-content\/uploads\/2023\/05\/wolfgang-reitherman-710x1024.jpg 710w, https:\/\/snowwhitemuseum.com\/wp-content\/uploads\/2023\/05\/wolfgang-reitherman-208x300.jpg 208w, https:\/\/snowwhitemuseum.com\/wp-content\/uploads\/2023\/05\/wolfgang-reitherman-768x1108.jpg 768w, https:\/\/snowwhitemuseum.com\/wp-content\/uploads\/2023\/05\/wolfgang-reitherman-8x12.jpg 8w, https:\/\/snowwhitemuseum.com\/wp-content\/uploads\/2023\/05\/wolfgang-reitherman.jpg 1000w\" sizes=\"auto, (max-width: 710px) 100vw, 710px\"data-id=\"2468\" class=\"wp-image-2468 skip-lazy\"\/><\/div><div class=\"kadence-blocks-gallery-item__caption\">Wolfgang Reitherman (animateur)<\/div><\/div><\/a><\/figure><\/div><\/div><\/li><\/ul><\/div><\/div><\/div><\/div><\/div><\/div>\n\n\n<style>.kadence-column2088_a2be80-ab > .kt-inside-inner-col,.kadence-column2088_a2be80-ab > .kt-inside-inner-col:before{border-top-left-radius:0px;border-top-right-radius:0px;border-bottom-right-radius:0px;border-bottom-left-radius:0px;}.kadence-column2088_a2be80-ab > .kt-inside-inner-col{column-gap:var(--global-kb-gap-sm, 1rem);}.kadence-column2088_a2be80-ab > .kt-inside-inner-col{flex-direction:column;}.kadence-column2088_a2be80-ab > .kt-inside-inner-col > .aligncenter{width:100%;}.kadence-column2088_a2be80-ab > .kt-inside-inner-col:before{opacity:0.3;}.kadence-column2088_a2be80-ab{position:relative;}@media all and (max-width: 1024px){.kadence-column2088_a2be80-ab > .kt-inside-inner-col{flex-direction:column;justify-content:center;}}@media all and (max-width: 767px){.kadence-column2088_a2be80-ab > .kt-inside-inner-col{flex-direction:column;justify-content:center;}}<\/style>\n<div class=\"wp-block-kadence-column kadence-column2088_a2be80-ab\"><div class=\"kt-inside-inner-col\">\n<p>L'esclave du miroir magique de la Reine dans Blanche Neige et les sept nains pr\u00e9sente naturellement un d\u00e9fi de taille : seuls les traits de son visage sont visibles. Pas de corps, pas d'yeux, ni de cheveux. Rien qui puisse a priori trahir une personnalit\u00e9. De plus, son visage est partiellement cach\u00e9 par les distorsions du miroir (obtenues gr\u00e2ce la technique du verre d\u00e9poli).<\/p>\n\n\n\n<p>C'est le jeune animateur et futur r\u00e9alisateur Woolie Reitherman qui l'anime, et obtient une sym\u00e9trie parfaite en pliant sa feuille de papier en son milieu. Mais <a href=\"https:\/\/snowwhitemuseum.com\/fr\/about-the-film\/main-titles\/thor-putnam\/\" title=\"Thor Putnam\">Thor Putnam<\/a> nous apprend, dans son interview par David Johnson, que c'est Hugh Hennesy, le cr\u00e9ateur de l'apparence du personnage qui a servi de mod\u00e8le au rotoscope en se maquillant et en \u00e9clairant son visage par en bas.<\/p>\n<\/div><\/div>\n\n<\/div><\/div>","protected":false},"excerpt":{"rendered":"<p>The Queen&#8217;s slave in the magic mirror in Snow White and the Seven Dwarfs naturally presented a major challenge: only its facial features are visible. No body, no eyes, no hair. Nothing that could potentially betray a personality. Moreover, its face is partially hidden by the distortions of the mirror (obtained through the technique of&#8230;<\/p>","protected":false},"author":1,"featured_media":1730,"parent":1727,"menu_order":0,"comment_status":"closed","ping_status":"closed","template":"","meta":{"_kadence_starter_templates_imported_post":false,"_kad_post_transparent":"","_kad_post_title":"","_kad_post_layout":"","_kad_post_sidebar_id":"","_kad_post_content_style":"","_kad_post_vertical_padding":"","_kad_post_feature":"","_kad_post_feature_position":"","_kad_post_header":false,"_kad_post_footer":false,"_kad_post_classname":"","footnotes":""},"class_list":["post-2088","page","type-page","status-publish","has-post-thumbnail","hentry"],"aioseo_notices":[],"_links":{"self":[{"href":"https:\/\/snowwhitemuseum.com\/fr\/wp-json\/wp\/v2\/pages\/2088","targetHints":{"allow":["GET"]}}],"collection":[{"href":"https:\/\/snowwhitemuseum.com\/fr\/wp-json\/wp\/v2\/pages"}],"about":[{"href":"https:\/\/snowwhitemuseum.com\/fr\/wp-json\/wp\/v2\/types\/page"}],"author":[{"embeddable":true,"href":"https:\/\/snowwhitemuseum.com\/fr\/wp-json\/wp\/v2\/users\/1"}],"replies":[{"embeddable":true,"href":"https:\/\/snowwhitemuseum.com\/fr\/wp-json\/wp\/v2\/comments?post=2088"}],"version-history":[{"count":5,"href":"https:\/\/snowwhitemuseum.com\/fr\/wp-json\/wp\/v2\/pages\/2088\/revisions"}],"predecessor-version":[{"id":12546,"href":"https:\/\/snowwhitemuseum.com\/fr\/wp-json\/wp\/v2\/pages\/2088\/revisions\/12546"}],"up":[{"embeddable":true,"href":"https:\/\/snowwhitemuseum.com\/fr\/wp-json\/wp\/v2\/pages\/1727"}],"wp:featuredmedia":[{"embeddable":true,"href":"https:\/\/snowwhitemuseum.com\/fr\/wp-json\/wp\/v2\/media\/1730"}],"wp:attachment":[{"href":"https:\/\/snowwhitemuseum.com\/fr\/wp-json\/wp\/v2\/media?parent=2088"}],"curies":[{"name":"wp","href":"https:\/\/api.w.org\/{rel}","templated":true}]}}