{"id":2151,"date":"2023-05-16T14:14:35","date_gmt":"2023-05-16T12:14:35","guid":{"rendered":"https:\/\/snowwhitemuseum.com\/?page_id=2151"},"modified":"2025-11-13T13:16:14","modified_gmt":"2025-11-13T12:16:14","slug":"premieres-of-snow-white-and-the-seven-dwarfs","status":"publish","type":"page","link":"https:\/\/snowwhitemuseum.com\/fr\/about-the-film\/events\/premieres-of-snow-white-and-the-seven-dwarfs\/","title":{"rendered":"Premi\u00e8res de Blanche Neige et les sept nains"},"content":{"rendered":"<style>.kb-row-layout-id2151_4cfe4b-c8 > .kt-row-column-wrap{align-content:start;}:where(.kb-row-layout-id2151_4cfe4b-c8 > .kt-row-column-wrap) > .wp-block-kadence-column{justify-content:start;}.kb-row-layout-id2151_4cfe4b-c8 > .kt-row-column-wrap{column-gap:var(--global-kb-gap-md, 2rem);row-gap:var(--global-kb-gap-md, 2rem);padding-top:var(--global-kb-spacing-sm, 1.5rem);padding-bottom:var(--global-kb-spacing-sm, 1.5rem);}.kb-row-layout-id2151_4cfe4b-c8 > .kt-row-column-wrap > div:not(.added-for-specificity){grid-column:initial;}.kb-row-layout-id2151_4cfe4b-c8 > .kt-row-column-wrap{grid-template-columns:minmax(0, 1fr) minmax(0, 2fr) minmax(0, 1fr);}.kb-row-layout-id2151_4cfe4b-c8 > .kt-row-layout-overlay{opacity:0.30;}@media all and (max-width: 1024px){.kb-row-layout-id2151_4cfe4b-c8 > .kt-row-column-wrap > div:not(.added-for-specificity){grid-column:initial;}}@media all and (max-width: 1024px){.kb-row-layout-id2151_4cfe4b-c8 > .kt-row-column-wrap{grid-template-columns:minmax(0, 1fr) minmax(0, 2fr) minmax(0, 1fr);}}@media all and (max-width: 767px){.kb-row-layout-id2151_4cfe4b-c8 > .kt-row-column-wrap > div:not(.added-for-specificity){grid-column:initial;}.kb-row-layout-id2151_4cfe4b-c8 > .kt-row-column-wrap{grid-template-columns:minmax(0, 1fr);}}<\/style><div class=\"kb-row-layout-wrap kb-row-layout-id2151_4cfe4b-c8 alignnone wp-block-kadence-rowlayout\"><div class=\"kt-row-column-wrap kt-has-3-columns kt-row-layout-center-half kt-tab-layout-inherit kt-mobile-layout-row kt-row-valign-top\">\n<style>.kadence-column2151_9a2571-9b > .kt-inside-inner-col,.kadence-column2151_9a2571-9b > .kt-inside-inner-col:before{border-top-left-radius:0px;border-top-right-radius:0px;border-bottom-right-radius:0px;border-bottom-left-radius:0px;}.kadence-column2151_9a2571-9b > .kt-inside-inner-col{column-gap:var(--global-kb-gap-sm, 1rem);}.kadence-column2151_9a2571-9b > .kt-inside-inner-col{flex-direction:column;}.kadence-column2151_9a2571-9b > .kt-inside-inner-col > .aligncenter{width:100%;}.kadence-column2151_9a2571-9b > .kt-inside-inner-col:before{opacity:0.3;}.kadence-column2151_9a2571-9b{position:relative;}@media all and (max-width: 1024px){.kadence-column2151_9a2571-9b > .kt-inside-inner-col{flex-direction:column;justify-content:center;}}@media all and (max-width: 767px){.kadence-column2151_9a2571-9b > .kt-inside-inner-col{flex-direction:column;justify-content:center;}}<\/style>\n<div class=\"wp-block-kadence-column kadence-column2151_9a2571-9b\"><div class=\"kt-inside-inner-col\"><\/div><\/div>\n\n\n<style>.kadence-column2151_b7c337-0d > .kt-inside-inner-col,.kadence-column2151_b7c337-0d > .kt-inside-inner-col:before{border-top-left-radius:0px;border-top-right-radius:0px;border-bottom-right-radius:0px;border-bottom-left-radius:0px;}.kadence-column2151_b7c337-0d > .kt-inside-inner-col{column-gap:var(--global-kb-gap-sm, 1rem);}.kadence-column2151_b7c337-0d > .kt-inside-inner-col{flex-direction:column;}.kadence-column2151_b7c337-0d > .kt-inside-inner-col > .aligncenter{width:100%;}.kadence-column2151_b7c337-0d > .kt-inside-inner-col:before{opacity:0.3;}.kadence-column2151_b7c337-0d{position:relative;}@media all and (max-width: 1024px){.kadence-column2151_b7c337-0d > .kt-inside-inner-col{flex-direction:column;justify-content:center;}}@media all and (max-width: 767px){.kadence-column2151_b7c337-0d > .kt-inside-inner-col{flex-direction:column;justify-content:center;}}<\/style>\n<div class=\"wp-block-kadence-column kadence-column2151_b7c337-0d\"><div class=\"kt-inside-inner-col\"><style>.wp-block-kadence-advancedbtn.kb-btns2151_24fccf-00{gap:var(--global-kb-gap-xs, 0.5rem );justify-content:center;align-items:center;}.kt-btns2151_24fccf-00 .kt-button{font-weight:normal;font-style:normal;}.kt-btns2151_24fccf-00 .kt-btn-wrap-0{margin-right:5px;}.wp-block-kadence-advancedbtn.kt-btns2151_24fccf-00 .kt-btn-wrap-0 .kt-button{color:#555555;border-color:#555555;}.wp-block-kadence-advancedbtn.kt-btns2151_24fccf-00 .kt-btn-wrap-0 .kt-button:hover, .wp-block-kadence-advancedbtn.kt-btns2151_24fccf-00 .kt-btn-wrap-0 .kt-button:focus{color:#ffffff;border-color:#444444;}.wp-block-kadence-advancedbtn.kt-btns2151_24fccf-00 .kt-btn-wrap-0 .kt-button::before{display:none;}.wp-block-kadence-advancedbtn.kt-btns2151_24fccf-00 .kt-btn-wrap-0 .kt-button:hover, .wp-block-kadence-advancedbtn.kt-btns2151_24fccf-00 .kt-btn-wrap-0 .kt-button:focus{background:#444444;}<\/style>\n<div class=\"wp-block-kadence-advancedbtn kb-buttons-wrap kb-btns2151_24fccf-00\"><style>ul.menu .wp-block-kadence-advancedbtn .kb-btn2151_189a90-4a.kb-button{width:initial;}<\/style><a class=\"kb-button kt-button button kb-btn2151_189a90-4a kt-btn-size-standard kt-btn-width-type-auto kb-btn-global-fill  kt-btn-has-text-true kt-btn-has-svg-false  wp-block-kadence-singlebtn\" href=\"https:\/\/snowwhitemuseum.com\/fr\/about-the-film\/events\/\"><span class=\"kt-btn-inner-text\">Retour aux \u00c9v\u00e9nements<\/span><\/a><\/div>\n<\/div><\/div>\n\n\n<style>.kadence-column2151_7e4ea8-1b > .kt-inside-inner-col,.kadence-column2151_7e4ea8-1b > .kt-inside-inner-col:before{border-top-left-radius:0px;border-top-right-radius:0px;border-bottom-right-radius:0px;border-bottom-left-radius:0px;}.kadence-column2151_7e4ea8-1b > .kt-inside-inner-col{column-gap:var(--global-kb-gap-sm, 1rem);}.kadence-column2151_7e4ea8-1b > .kt-inside-inner-col{flex-direction:column;}.kadence-column2151_7e4ea8-1b > .kt-inside-inner-col > .aligncenter{width:100%;}.kadence-column2151_7e4ea8-1b > .kt-inside-inner-col:before{opacity:0.3;}.kadence-column2151_7e4ea8-1b{position:relative;}@media all and (max-width: 1024px){.kadence-column2151_7e4ea8-1b > .kt-inside-inner-col{flex-direction:column;justify-content:center;}}@media all and (max-width: 767px){.kadence-column2151_7e4ea8-1b > .kt-inside-inner-col{flex-direction:column;justify-content:center;}}<\/style>\n<div class=\"wp-block-kadence-column kadence-column2151_7e4ea8-1b\"><div class=\"kt-inside-inner-col\"><\/div><\/div>\n\n<\/div><\/div>\n\n\n<p>Retrouvez ici des informations, des photos, des \u00e9missions de radio, des films d'actualit\u00e9 sur les premi\u00e8res soir\u00e9es de gala organis\u00e9es dans le monde entier pour pr\u00e9senter Blanche Neige et les sept nains.<\/p>\n\n\n<style>.wp-block-kadence-advancedgallery .kb-gallery-type-grid.kb-gallery-id-2151_2ebc19-5a{margin:-5px;}.kb-gallery-type-grid.kb-gallery-id-2151_2ebc19-5a .kadence-blocks-gallery-item{padding:5px;}.kb-gallery-id-2151_2ebc19-5a .kadence-blocks-gallery-item .kb-gal-image-radius, .kb-gallery-id-2151_2ebc19-5a .kb-slide-item .kb-gal-image-radius img{border-radius:0px 0px 0px 0px;;}.kb-gallery-caption-style-cover-hover.kb-gallery-id-2151_2ebc19-5a .kadence-blocks-gallery-item .kadence-blocks-gallery-item-inner .kadence-blocks-gallery-item__caption, .kb-gallery-caption-style-below.kb-gallery-id-2151_2ebc19-5a .kadence-blocks-gallery-item .kadence-blocks-gallery-item-inner .kadence-blocks-gallery-item__caption{background:rgba(0, 0, 0, 0.8);}<\/style><div class=\"kb-gallery-wrap-id-2151_2ebc19-5a alignnone wp-block-kadence-advancedgallery\" id=\"sequencesart\"><ul class=\"kb-gallery-ul kb-gallery-non-static kb-gallery-type-grid kb-gallery-id-2151_2ebc19-5a kb-gallery-caption-style-below kb-gallery-filter-none\" data-image-filter=\"none\" data-item-selector=\".kadence-blocks-gallery-item\" data-lightbox-caption=\"true\" data-columns-xxl=\"5\" data-columns-xl=\"5\" data-columns-md=\"5\" data-columns-sm=\"4\" data-columns-xs=\"4\" data-columns-ss=\"3\"><li class=\"kadence-blocks-gallery-item\"><div class=\"kadence-blocks-gallery-item-inner\"><figure class=\"kb-gallery-figure kb-gallery-item-has-link kadence-blocks-gallery-item-has-caption\"><a href=\"https:\/\/snowwhitemuseum.com\/fr\/about-the-film\/events\/premieres-of-snow-white-and-the-seven-dwarfs\/world-premiere-at-the-carthay-circle-theater\/\" class=\"kb-gallery-item-link\"  ><div class=\"kb-gal-image-radius\"><div class=\"kb-gallery-image-contain kadence-blocks-gallery-intrinsic kb-gallery-image-ratio-land32 kb-has-image-ratio-land32\" ><img loading=\"lazy\" decoding=\"async\" src=\"https:\/\/snowwhitemuseum.com\/wp-content\/uploads\/2023\/05\/events-thumb.jpg\" width=\"500\" height=\"279\" alt=\"\" data-full-image=\"https:\/\/snowwhitemuseum.com\/wp-content\/uploads\/2023\/05\/events-thumb.jpg\" data-light-image=\"https:\/\/snowwhitemuseum.com\/wp-content\/uploads\/2023\/05\/events-thumb.jpg\" data-id=\"1625\" class=\"wp-image-1625\" srcset=\"https:\/\/snowwhitemuseum.com\/wp-content\/uploads\/2023\/05\/events-thumb.jpg 500w, https:\/\/snowwhitemuseum.com\/wp-content\/uploads\/2023\/05\/events-thumb-300x167.jpg 300w, https:\/\/snowwhitemuseum.com\/wp-content\/uploads\/2023\/05\/events-thumb-18x10.jpg 18w\" sizes=\"auto, (max-width: 500px) 100vw, 500px\" \/><\/div><\/div><div class=\"kadence-blocks-gallery-item__caption\">Premi\u00e8re mondiale\n\nCin\u00e9ma Carthay Circle \u00e0 Hollywood (21\/12\/1937)<\/div><\/a><\/figure><\/div><\/li><li class=\"kadence-blocks-gallery-item\"><div class=\"kadence-blocks-gallery-item-inner\"><figure class=\"kb-gallery-figure kb-gallery-item-has-link kadence-blocks-gallery-item-has-caption\"><a href=\"https:\/\/snowwhitemuseum.com\/fr\/about-the-film\/events\/premieres-of-snow-white-and-the-seven-dwarfs\/london-premiere\/\" class=\"kb-gallery-item-link\"  ><div class=\"kb-gal-image-radius\"><div class=\"kb-gallery-image-contain kadence-blocks-gallery-intrinsic kb-gallery-image-ratio-land32 kb-has-image-ratio-land32\" ><img loading=\"lazy\" decoding=\"async\" src=\"https:\/\/snowwhitemuseum.com\/wp-content\/uploads\/2023\/05\/new-gallery-1925.jpg\" width=\"640\" height=\"493\" alt=\"\" data-full-image=\"https:\/\/snowwhitemuseum.com\/wp-content\/uploads\/2023\/05\/new-gallery-1925.jpg\" data-light-image=\"https:\/\/snowwhitemuseum.com\/wp-content\/uploads\/2023\/05\/new-gallery-1925.jpg\" data-id=\"2828\" class=\"wp-image-2828\" srcset=\"https:\/\/snowwhitemuseum.com\/wp-content\/uploads\/2023\/05\/new-gallery-1925.jpg 640w, https:\/\/snowwhitemuseum.com\/wp-content\/uploads\/2023\/05\/new-gallery-1925-300x231.jpg 300w, https:\/\/snowwhitemuseum.com\/wp-content\/uploads\/2023\/05\/new-gallery-1925-16x12.jpg 16w\" sizes=\"auto, (max-width: 640px) 100vw, 640px\" \/><\/div><\/div><div class=\"kadence-blocks-gallery-item__caption\">Premi\u00e8re britannique\n\nNew Gallery \u00e0 Londres (24\/02\/1938)<\/div><\/a><\/figure><\/div><\/li><li class=\"kadence-blocks-gallery-item\"><div class=\"kadence-blocks-gallery-item-inner\"><figure class=\"kb-gallery-figure kb-gallery-item-has-link kadence-blocks-gallery-item-has-caption\"><a href=\"https:\/\/snowwhitemuseum.com\/fr\/about-the-film\/events\/premieres-of-snow-white-and-the-seven-dwarfs\/french-premiere-in-paris\/\" class=\"kb-gallery-item-link\"  ><div class=\"kb-gal-image-radius\"><div class=\"kb-gallery-image-contain kadence-blocks-gallery-intrinsic kb-gallery-image-ratio-land32 kb-has-image-ratio-land32\" ><img loading=\"lazy\" decoding=\"async\" src=\"https:\/\/snowwhitemuseum.com\/wp-content\/uploads\/2025\/07\/marignan1.jpg\" width=\"1000\" height=\"750\" alt=\"\" data-full-image=\"https:\/\/snowwhitemuseum.com\/wp-content\/uploads\/2025\/07\/marignan1.jpg\" data-light-image=\"https:\/\/snowwhitemuseum.com\/wp-content\/uploads\/2025\/07\/marignan1.jpg\" data-id=\"15932\" class=\"wp-image-15932\" srcset=\"https:\/\/snowwhitemuseum.com\/wp-content\/uploads\/2025\/07\/marignan1.jpg 1000w, https:\/\/snowwhitemuseum.com\/wp-content\/uploads\/2025\/07\/marignan1-300x225.jpg 300w, https:\/\/snowwhitemuseum.com\/wp-content\/uploads\/2025\/07\/marignan1-768x576.jpg 768w, https:\/\/snowwhitemuseum.com\/wp-content\/uploads\/2025\/07\/marignan1-16x12.jpg 16w\" sizes=\"auto, (max-width: 1000px) 100vw, 1000px\" \/><\/div><\/div><div class=\"kadence-blocks-gallery-item__caption\">Premi\u00e8re fran\u00e7aise\n\nCin\u00e9ma Marignan \u00e0 Paris (06\/05\/1938)<\/div><\/a><\/figure><\/div><\/li><li class=\"kadence-blocks-gallery-item\"><div class=\"kadence-blocks-gallery-item-inner\"><figure class=\"kb-gallery-figure kb-gallery-item-has-link kadence-blocks-gallery-item-has-caption\"><a href=\"https:\/\/snowwhitemuseum.com\/fr\/images\/programs\/belgian-programs\/brussels-eldorado-premier-program\/\" class=\"kb-gallery-item-link\"  ><div class=\"kb-gal-image-radius\"><div class=\"kb-gallery-image-contain kadence-blocks-gallery-intrinsic kb-gallery-image-ratio-land32 kb-has-image-ratio-land32\" ><img loading=\"lazy\" decoding=\"async\" src=\"https:\/\/snowwhitemuseum.com\/wp-content\/uploads\/2023\/09\/Bruxelles-cinema-Eldorado-Christian-1024x510.jpg\" width=\"1024\" height=\"510\" alt=\"\" data-full-image=\"https:\/\/snowwhitemuseum.com\/wp-content\/uploads\/2023\/09\/Bruxelles-cinema-Eldorado-Christian.jpg\" data-light-image=\"https:\/\/snowwhitemuseum.com\/wp-content\/uploads\/2023\/09\/Bruxelles-cinema-Eldorado-Christian.jpg\" data-id=\"7241\" class=\"wp-image-7241\" srcset=\"https:\/\/snowwhitemuseum.com\/wp-content\/uploads\/2023\/09\/Bruxelles-cinema-Eldorado-Christian-1024x510.jpg 1024w, https:\/\/snowwhitemuseum.com\/wp-content\/uploads\/2023\/09\/Bruxelles-cinema-Eldorado-Christian-300x149.jpg 300w, https:\/\/snowwhitemuseum.com\/wp-content\/uploads\/2023\/09\/Bruxelles-cinema-Eldorado-Christian-768x382.jpg 768w, https:\/\/snowwhitemuseum.com\/wp-content\/uploads\/2023\/09\/Bruxelles-cinema-Eldorado-Christian-18x9.jpg 18w, https:\/\/snowwhitemuseum.com\/wp-content\/uploads\/2023\/09\/Bruxelles-cinema-Eldorado-Christian.jpg 1500w\" sizes=\"auto, (max-width: 1024px) 100vw, 1024px\" \/><\/div><\/div><div class=\"kadence-blocks-gallery-item__caption\">Premi\u00e8re belge\n\nEldorado \u00e0 Bruxelles (19\/05\/1938)<\/div><\/a><\/figure><\/div><\/li><li class=\"kadence-blocks-gallery-item\"><div class=\"kadence-blocks-gallery-item-inner\"><figure class=\"kb-gallery-figure kb-gallery-item-has-link kadence-blocks-gallery-item-has-caption\"><a href=\"https:\/\/snowwhitemuseum.com\/fr\/about-the-film\/events\/premieres-of-snow-white-and-the-seven-dwarfs\/special-screening-of-snow-white-at-the-palais-de-lelysee-for-the-1938-christmas-tree\/\" class=\"kb-gallery-item-link\"  ><div class=\"kb-gal-image-radius\"><div class=\"kb-gallery-image-contain kadence-blocks-gallery-intrinsic kb-gallery-image-ratio-land32 kb-has-image-ratio-land32\" ><img loading=\"lazy\" decoding=\"async\" src=\"https:\/\/snowwhitemuseum.com\/wp-content\/uploads\/2025\/07\/Arbre-de-noel-1938-Lebrun-1024x683.jpg\" width=\"1024\" height=\"683\" alt=\"\" data-full-image=\"https:\/\/snowwhitemuseum.com\/wp-content\/uploads\/2025\/07\/Arbre-de-noel-1938-Lebrun.jpg\" data-light-image=\"https:\/\/snowwhitemuseum.com\/wp-content\/uploads\/2025\/07\/Arbre-de-noel-1938-Lebrun.jpg\" data-id=\"15927\" class=\"wp-image-15927\" srcset=\"https:\/\/snowwhitemuseum.com\/wp-content\/uploads\/2025\/07\/Arbre-de-noel-1938-Lebrun-1024x683.jpg 1024w, https:\/\/snowwhitemuseum.com\/wp-content\/uploads\/2025\/07\/Arbre-de-noel-1938-Lebrun-300x200.jpg 300w, https:\/\/snowwhitemuseum.com\/wp-content\/uploads\/2025\/07\/Arbre-de-noel-1938-Lebrun-768x512.jpg 768w, https:\/\/snowwhitemuseum.com\/wp-content\/uploads\/2025\/07\/Arbre-de-noel-1938-Lebrun-18x12.jpg 18w, https:\/\/snowwhitemuseum.com\/wp-content\/uploads\/2025\/07\/Arbre-de-noel-1938-Lebrun.jpg 1080w\" sizes=\"auto, (max-width: 1024px) 100vw, 1024px\" \/><\/div><\/div><div class=\"kadence-blocks-gallery-item__caption\">S\u00e9ance pr\u00e9sidentielle sp\u00e9ciale<br>Palais de l'\u00c9lys\u00e9e \u00e0 Paris<br>(12\/18\/1938)<\/div><\/a><\/figure><\/div><\/li><\/ul><\/div>","protected":false},"excerpt":{"rendered":"<p>Retrouvez ici des informations, des photos, des \u00e9missions de radio, des films d'actualit\u00e9 sur les premi\u00e8res soir\u00e9es de gala organis\u00e9es dans le monde entier pour pr\u00e9senter Blanche Neige et les sept nains.<\/p>","protected":false},"author":1,"featured_media":1625,"parent":1750,"menu_order":0,"comment_status":"closed","ping_status":"closed","template":"","meta":{"_kadence_starter_templates_imported_post":false,"_kad_post_transparent":"","_kad_post_title":"","_kad_post_layout":"","_kad_post_sidebar_id":"","_kad_post_content_style":"","_kad_post_vertical_padding":"","_kad_post_feature":"","_kad_post_feature_position":"","_kad_post_header":false,"_kad_post_footer":false,"_kad_post_classname":"","footnotes":""},"class_list":["post-2151","page","type-page","status-publish","has-post-thumbnail","hentry"],"aioseo_notices":[],"_links":{"self":[{"href":"https:\/\/snowwhitemuseum.com\/fr\/wp-json\/wp\/v2\/pages\/2151","targetHints":{"allow":["GET"]}}],"collection":[{"href":"https:\/\/snowwhitemuseum.com\/fr\/wp-json\/wp\/v2\/pages"}],"about":[{"href":"https:\/\/snowwhitemuseum.com\/fr\/wp-json\/wp\/v2\/types\/page"}],"author":[{"embeddable":true,"href":"https:\/\/snowwhitemuseum.com\/fr\/wp-json\/wp\/v2\/users\/1"}],"replies":[{"embeddable":true,"href":"https:\/\/snowwhitemuseum.com\/fr\/wp-json\/wp\/v2\/comments?post=2151"}],"version-history":[{"count":13,"href":"https:\/\/snowwhitemuseum.com\/fr\/wp-json\/wp\/v2\/pages\/2151\/revisions"}],"predecessor-version":[{"id":17147,"href":"https:\/\/snowwhitemuseum.com\/fr\/wp-json\/wp\/v2\/pages\/2151\/revisions\/17147"}],"up":[{"embeddable":true,"href":"https:\/\/snowwhitemuseum.com\/fr\/wp-json\/wp\/v2\/pages\/1750"}],"wp:featuredmedia":[{"embeddable":true,"href":"https:\/\/snowwhitemuseum.com\/fr\/wp-json\/wp\/v2\/media\/1625"}],"wp:attachment":[{"href":"https:\/\/snowwhitemuseum.com\/fr\/wp-json\/wp\/v2\/media?parent=2151"}],"curies":[{"name":"wp","href":"https:\/\/api.w.org\/{rel}","templated":true}]}}