{"id":2518,"date":"2023-05-18T11:19:06","date_gmt":"2023-05-18T09:19:06","guid":{"rendered":"https:\/\/snowwhitemuseum.com\/?page_id=2518"},"modified":"2024-06-07T16:44:19","modified_gmt":"2024-06-07T14:44:19","slug":"yugoslavian-posters","status":"publish","type":"page","link":"https:\/\/snowwhitemuseum.com\/fr\/images\/posters\/yugoslavian-posters\/","title":{"rendered":"Affiches yougoslaves"},"content":{"rendered":"<style>.wp-block-kadence-advancedbtn.kb-btns2518_f67836-df{gap:var(--global-kb-gap-xs, 0.5rem );justify-content:center;align-items:center;}.kt-btns2518_f67836-df .kt-button{font-weight:normal;font-style:normal;}.kt-btns2518_f67836-df .kt-btn-wrap-0{margin-right:5px;}.wp-block-kadence-advancedbtn.kt-btns2518_f67836-df .kt-btn-wrap-0 .kt-button{color:#555555;border-color:#555555;}.wp-block-kadence-advancedbtn.kt-btns2518_f67836-df .kt-btn-wrap-0 .kt-button:hover, .wp-block-kadence-advancedbtn.kt-btns2518_f67836-df .kt-btn-wrap-0 .kt-button:focus{color:#ffffff;border-color:#444444;}.wp-block-kadence-advancedbtn.kt-btns2518_f67836-df .kt-btn-wrap-0 .kt-button::before{display:none;}.wp-block-kadence-advancedbtn.kt-btns2518_f67836-df .kt-btn-wrap-0 .kt-button:hover, .wp-block-kadence-advancedbtn.kt-btns2518_f67836-df .kt-btn-wrap-0 .kt-button:focus{background:#444444;}<\/style>\n<div class=\"wp-block-kadence-advancedbtn kb-buttons-wrap kb-btns2518_f67836-df\"><style>ul.menu .wp-block-kadence-advancedbtn .kb-btn2518_e4db29-76.kb-button{width:initial;}<\/style><a class=\"kb-button kt-button button kb-btn2518_e4db29-76 kt-btn-size-standard kt-btn-width-type-auto kb-btn-global-fill  kt-btn-has-text-true kt-btn-has-svg-false  wp-block-kadence-singlebtn\" href=\"https:\/\/snowwhitemuseum.com\/fr\/images\/posters\/\"><span class=\"kt-btn-inner-text\">Retour aux Affiches<\/span><\/a><\/div>\n\n\n\n<p>Retrouvez sur cette page les affiches de diff\u00e9rentes tailles utilis\u00e9es pour promouvoir le film lors de ses sorties successives en Yougoslavie. Bien que ce pays n'existe plus aujourd'hui, il \u00e9tait une entit\u00e9 \u00e0 l'\u00e9poque o\u00f9 Blanche Neige est sorti en salle.<\/p>\n\n\n<style>.wp-block-kadence-advancedgallery .kb-gallery-type-masonry.kb-gallery-id-2518_5a8002-1b{margin:-5px;}.kb-gallery-type-masonry.kb-gallery-id-2518_5a8002-1b .kadence-blocks-gallery-item{padding:5px;}.kb-gallery-id-2518_5a8002-1b .kadence-blocks-gallery-item .kb-gal-image-radius, .kb-gallery-id-2518_5a8002-1b .kb-slide-item .kb-gal-image-radius img{border-radius:0px 0px 0px 0px;;}.kb-gallery-caption-style-bottom.kb-gallery-id-2518_5a8002-1b .kadence-blocks-gallery-item .kadence-blocks-gallery-item-inner .kadence-blocks-gallery-item__caption, .kb-gallery-caption-style-bottom-hover.kb-gallery-id-2518_5a8002-1b .kadence-blocks-gallery-item .kadence-blocks-gallery-item-inner .kadence-blocks-gallery-item__caption{background:linear-gradient(0deg, rgba(0, 0, 0, 0.8) 0, rgba(0, 0, 0, 0) 100%);}<\/style><div class=\"kb-gallery-wrap-id-2518_5a8002-1b alignnone wp-block-kadence-advancedgallery\"><ul class=\"kb-gallery-ul kb-gallery-non-static kb-gallery-type-masonry kb-masonry-init kb-gallery-id-2518_5a8002-1b kb-gallery-caption-style-bottom-hover kb-gallery-filter-none kb-gallery-magnific-init\" data-image-filter=\"none\" data-item-selector=\".kadence-blocks-gallery-item\" data-lightbox-caption=\"true\" data-columns-xxl=\"3\" data-columns-xl=\"3\" data-columns-md=\"3\" data-columns-sm=\"2\" data-columns-xs=\"1\" data-columns-ss=\"1\"><li class=\"kadence-blocks-gallery-item\"><div class=\"kadence-blocks-gallery-item-inner\"><figure class=\"kb-gallery-figure kb-gallery-item-has-link kadence-blocks-gallery-item-has-caption\"><a href=\"https:\/\/snowwhitemuseum.com\/wp-content\/uploads\/2023\/05\/yugoslavian-poster-1.jpg\" data-description=\"Poster (27&quot; x 19&quot; - 69 x 48 cm) Date unknown. It reads &quot;American cartoon in color&quot; &amp; &quot;Printed in Belgrade&quot;\" class=\"kb-gallery-item-link\"   role=\"button\" aria-haspopup=\"dialog\"><div class=\"kb-gal-image-radius\" style=\"max-width:602px;\"><div class=\"kb-gallery-image-contain kadence-blocks-gallery-intrinsic\" style=\"padding-bottom:140%;\"><img loading=\"lazy\" decoding=\"async\" src=\"https:\/\/snowwhitemuseum.com\/wp-content\/uploads\/2023\/05\/yugoslavian-poster-1.jpg\" width=\"602\" height=\"848\" alt=\"\" data-full-image=\"https:\/\/snowwhitemuseum.com\/wp-content\/uploads\/2023\/05\/yugoslavian-poster-1.jpg\" data-light-image=\"https:\/\/snowwhitemuseum.com\/wp-content\/uploads\/2023\/05\/yugoslavian-poster-1.jpg\" data-id=\"2519\" class=\"wp-image-2519\" srcset=\"https:\/\/snowwhitemuseum.com\/wp-content\/uploads\/2023\/05\/yugoslavian-poster-1.jpg 602w, https:\/\/snowwhitemuseum.com\/wp-content\/uploads\/2023\/05\/yugoslavian-poster-1-213x300.jpg 213w, https:\/\/snowwhitemuseum.com\/wp-content\/uploads\/2023\/05\/yugoslavian-poster-1-9x12.jpg 9w\" sizes=\"auto, (max-width: 602px) 100vw, 602px\" \/><\/div><div class=\"kadence-blocks-gallery-item__caption\">Poster (27&#8243; x 19&#8243; &#8211; 69 x 48 cm) Date unknown. It reads &#8220;American cartoon in color&#8221; &amp; &#8220;Printed in Belgrade&#8221;<\/div><\/div><\/a><\/figure><\/div><\/li><li class=\"kadence-blocks-gallery-item\"><div class=\"kadence-blocks-gallery-item-inner\"><figure class=\"kb-gallery-figure kb-gallery-item-has-link kadence-blocks-gallery-item-has-caption\"><a href=\"https:\/\/snowwhitemuseum.com\/wp-content\/uploads\/2023\/05\/yugoslavian-poster-2.jpg\" data-description=\"1970 Poster (&quot;Distributed by Macedonia Film - Skopje&quot;&amp; &quot;Stampa &#039;Glas&#039; Beograd, Vlajkovi\u0107eva 8&quot;)\" class=\"kb-gallery-item-link\"   role=\"button\" aria-haspopup=\"dialog\"><div class=\"kb-gal-image-radius\" style=\"max-width:1024px;\"><div class=\"kb-gallery-image-contain kadence-blocks-gallery-intrinsic\" style=\"padding-bottom:70%;\"><img loading=\"lazy\" decoding=\"async\" src=\"https:\/\/snowwhitemuseum.com\/wp-content\/uploads\/2023\/05\/yugoslavian-poster-2-1024x721.jpg\" width=\"1024\" height=\"721\" alt=\"\" data-full-image=\"https:\/\/snowwhitemuseum.com\/wp-content\/uploads\/2023\/05\/yugoslavian-poster-2.jpg\" data-light-image=\"https:\/\/snowwhitemuseum.com\/wp-content\/uploads\/2023\/05\/yugoslavian-poster-2.jpg\" data-id=\"2520\" class=\"wp-image-2520\" srcset=\"https:\/\/snowwhitemuseum.com\/wp-content\/uploads\/2023\/05\/yugoslavian-poster-2-1024x721.jpg 1024w, https:\/\/snowwhitemuseum.com\/wp-content\/uploads\/2023\/05\/yugoslavian-poster-2-300x211.jpg 300w, https:\/\/snowwhitemuseum.com\/wp-content\/uploads\/2023\/05\/yugoslavian-poster-2-768x541.jpg 768w, https:\/\/snowwhitemuseum.com\/wp-content\/uploads\/2023\/05\/yugoslavian-poster-2-1536x1081.jpg 1536w, https:\/\/snowwhitemuseum.com\/wp-content\/uploads\/2023\/05\/yugoslavian-poster-2-18x12.jpg 18w, https:\/\/snowwhitemuseum.com\/wp-content\/uploads\/2023\/05\/yugoslavian-poster-2.jpg 2000w\" sizes=\"auto, (max-width: 1024px) 100vw, 1024px\" \/><\/div><div class=\"kadence-blocks-gallery-item__caption\">1970 Poster (&#8220;Distributed by Macedonia Film &#8211; Skopje&#8221;&amp; &#8220;Stampa &#8216;Glas&#8217; Beograd, Vlajkovi\u0107eva 8&#8221;)<\/div><\/div><\/a><\/figure><\/div><\/li><li class=\"kadence-blocks-gallery-item\"><div class=\"kadence-blocks-gallery-item-inner\"><figure class=\"kb-gallery-figure kb-gallery-item-has-link kadence-blocks-gallery-item-has-caption\"><a href=\"https:\/\/snowwhitemuseum.com\/wp-content\/uploads\/2023\/05\/yugoslavian-poster-3.jpg\" data-description=\"1970 Poster (12&quot; x 17&quot; - 30 x 40cm)\" class=\"kb-gallery-item-link\"   role=\"button\" aria-haspopup=\"dialog\"><div class=\"kb-gal-image-radius\" style=\"max-width:732px;\"><div class=\"kb-gallery-image-contain kadence-blocks-gallery-intrinsic\" style=\"padding-bottom:139%;\"><img loading=\"lazy\" decoding=\"async\" src=\"https:\/\/snowwhitemuseum.com\/wp-content\/uploads\/2023\/05\/yugoslavian-poster-3-732x1024.jpg\" width=\"732\" height=\"1024\" alt=\"\" data-full-image=\"https:\/\/snowwhitemuseum.com\/wp-content\/uploads\/2023\/05\/yugoslavian-poster-3.jpg\" data-light-image=\"https:\/\/snowwhitemuseum.com\/wp-content\/uploads\/2023\/05\/yugoslavian-poster-3.jpg\" data-id=\"2521\" class=\"wp-image-2521\" srcset=\"https:\/\/snowwhitemuseum.com\/wp-content\/uploads\/2023\/05\/yugoslavian-poster-3-732x1024.jpg 732w, https:\/\/snowwhitemuseum.com\/wp-content\/uploads\/2023\/05\/yugoslavian-poster-3-214x300.jpg 214w, https:\/\/snowwhitemuseum.com\/wp-content\/uploads\/2023\/05\/yugoslavian-poster-3-768x1075.jpg 768w, https:\/\/snowwhitemuseum.com\/wp-content\/uploads\/2023\/05\/yugoslavian-poster-3-9x12.jpg 9w, https:\/\/snowwhitemuseum.com\/wp-content\/uploads\/2023\/05\/yugoslavian-poster-3.jpg 986w\" sizes=\"auto, (max-width: 732px) 100vw, 732px\" \/><\/div><div class=\"kadence-blocks-gallery-item__caption\">1970 affiche (12\u2033 x 17\u2033 \u2013 30 x 40cm)<\/div><\/div><\/a><\/figure><\/div><\/li><\/ul><\/div>","protected":false},"excerpt":{"rendered":"<p>Retrouvez sur cette page les affiches de diff\u00e9rentes tailles utilis\u00e9es pour promouvoir le film lors de ses sorties successives en Yougoslavie. Bien que ce pays n'existe plus aujourd'hui, il \u00e9tait une entit\u00e9 \u00e0 l'\u00e9poque o\u00f9 Blanche Neige est sorti en salle.<\/p>","protected":false},"author":1,"featured_media":2519,"parent":1775,"menu_order":0,"comment_status":"closed","ping_status":"closed","template":"","meta":{"_kadence_starter_templates_imported_post":false,"_kad_post_transparent":"","_kad_post_title":"","_kad_post_layout":"","_kad_post_sidebar_id":"","_kad_post_content_style":"","_kad_post_vertical_padding":"","_kad_post_feature":"","_kad_post_feature_position":"","_kad_post_header":false,"_kad_post_footer":false,"_kad_post_classname":"","footnotes":""},"class_list":["post-2518","page","type-page","status-publish","has-post-thumbnail","hentry"],"aioseo_notices":[],"_links":{"self":[{"href":"https:\/\/snowwhitemuseum.com\/fr\/wp-json\/wp\/v2\/pages\/2518","targetHints":{"allow":["GET"]}}],"collection":[{"href":"https:\/\/snowwhitemuseum.com\/fr\/wp-json\/wp\/v2\/pages"}],"about":[{"href":"https:\/\/snowwhitemuseum.com\/fr\/wp-json\/wp\/v2\/types\/page"}],"author":[{"embeddable":true,"href":"https:\/\/snowwhitemuseum.com\/fr\/wp-json\/wp\/v2\/users\/1"}],"replies":[{"embeddable":true,"href":"https:\/\/snowwhitemuseum.com\/fr\/wp-json\/wp\/v2\/comments?post=2518"}],"version-history":[{"count":2,"href":"https:\/\/snowwhitemuseum.com\/fr\/wp-json\/wp\/v2\/pages\/2518\/revisions"}],"predecessor-version":[{"id":11025,"href":"https:\/\/snowwhitemuseum.com\/fr\/wp-json\/wp\/v2\/pages\/2518\/revisions\/11025"}],"up":[{"embeddable":true,"href":"https:\/\/snowwhitemuseum.com\/fr\/wp-json\/wp\/v2\/pages\/1775"}],"wp:featuredmedia":[{"embeddable":true,"href":"https:\/\/snowwhitemuseum.com\/fr\/wp-json\/wp\/v2\/media\/2519"}],"wp:attachment":[{"href":"https:\/\/snowwhitemuseum.com\/fr\/wp-json\/wp\/v2\/media?parent=2518"}],"curies":[{"name":"wp","href":"https:\/\/api.w.org\/{rel}","templated":true}]}}