{"id":2524,"date":"2023-05-18T13:56:58","date_gmt":"2023-05-18T11:56:58","guid":{"rendered":"https:\/\/snowwhitemuseum.com\/?page_id=2524"},"modified":"2024-06-07T16:44:28","modified_gmt":"2024-06-07T14:44:28","slug":"czech-posters","status":"publish","type":"page","link":"https:\/\/snowwhitemuseum.com\/fr\/images\/posters\/czech-posters\/","title":{"rendered":"Affiches tch\u00e8ques"},"content":{"rendered":"<style>.wp-block-kadence-advancedbtn.kb-btns2524_e31d25-f4{gap:var(--global-kb-gap-xs, 0.5rem );justify-content:center;align-items:center;}.kt-btns2524_e31d25-f4 .kt-button{font-weight:normal;font-style:normal;}.kt-btns2524_e31d25-f4 .kt-btn-wrap-0{margin-right:5px;}.wp-block-kadence-advancedbtn.kt-btns2524_e31d25-f4 .kt-btn-wrap-0 .kt-button{color:#555555;border-color:#555555;}.wp-block-kadence-advancedbtn.kt-btns2524_e31d25-f4 .kt-btn-wrap-0 .kt-button:hover, .wp-block-kadence-advancedbtn.kt-btns2524_e31d25-f4 .kt-btn-wrap-0 .kt-button:focus{color:#ffffff;border-color:#444444;}.wp-block-kadence-advancedbtn.kt-btns2524_e31d25-f4 .kt-btn-wrap-0 .kt-button::before{display:none;}.wp-block-kadence-advancedbtn.kt-btns2524_e31d25-f4 .kt-btn-wrap-0 .kt-button:hover, .wp-block-kadence-advancedbtn.kt-btns2524_e31d25-f4 .kt-btn-wrap-0 .kt-button:focus{background:#444444;}<\/style>\n<div class=\"wp-block-kadence-advancedbtn kb-buttons-wrap kb-btns2524_e31d25-f4\"><style>ul.menu .wp-block-kadence-advancedbtn .kb-btn2524_946f8d-42.kb-button{width:initial;}<\/style><a class=\"kb-button kt-button button kb-btn2524_946f8d-42 kt-btn-size-standard kt-btn-width-type-auto kb-btn-global-fill  kt-btn-has-text-true kt-btn-has-svg-false  wp-block-kadence-singlebtn\" href=\"https:\/\/snowwhitemuseum.com\/fr\/images\/posters\/\"><span class=\"kt-btn-inner-text\">Retour aux Affiches<\/span><\/a><\/div>\n\n\n\n<p>Retrouvez sur cette page les affiches de diff\u00e9rentes tailles utilis\u00e9es pour promouvoir le film lors de ses sorties successives en R\u00e9publique tch\u00e8que et en Tch\u00e9coslovaquie.<\/p>\n\n\n<style>.wp-block-kadence-advancedgallery .kb-gallery-type-masonry.kb-gallery-id-2524_5ad783-1b{margin:-5px;}.kb-gallery-type-masonry.kb-gallery-id-2524_5ad783-1b .kadence-blocks-gallery-item{padding:5px;}.kb-gallery-id-2524_5ad783-1b .kadence-blocks-gallery-item .kb-gal-image-radius, .kb-gallery-id-2524_5ad783-1b .kb-slide-item .kb-gal-image-radius img{border-radius:0px 0px 0px 0px;;}.kb-gallery-caption-style-bottom.kb-gallery-id-2524_5ad783-1b .kadence-blocks-gallery-item .kadence-blocks-gallery-item-inner .kadence-blocks-gallery-item__caption, .kb-gallery-caption-style-bottom-hover.kb-gallery-id-2524_5ad783-1b .kadence-blocks-gallery-item .kadence-blocks-gallery-item-inner .kadence-blocks-gallery-item__caption{background:linear-gradient(0deg, rgba(0, 0, 0, 0.8) 0, rgba(0, 0, 0, 0) 100%);}<\/style><div class=\"kb-gallery-wrap-id-2524_5ad783-1b alignnone wp-block-kadence-advancedgallery\"><ul class=\"kb-gallery-ul kb-gallery-non-static kb-gallery-type-masonry kb-masonry-init kb-gallery-id-2524_5ad783-1b kb-gallery-caption-style-bottom-hover kb-gallery-filter-none kb-gallery-magnific-init\" data-image-filter=\"none\" data-item-selector=\".kadence-blocks-gallery-item\" data-lightbox-caption=\"true\" data-columns-xxl=\"3\" data-columns-xl=\"3\" data-columns-md=\"3\" data-columns-sm=\"2\" data-columns-xs=\"1\" data-columns-ss=\"1\"><li class=\"kadence-blocks-gallery-item\"><div class=\"kadence-blocks-gallery-item-inner\"><figure class=\"kb-gallery-figure kb-gallery-item-has-link kadence-blocks-gallery-item-has-caption\"><a href=\"https:\/\/snowwhitemuseum.com\/wp-content\/uploads\/2023\/05\/1938-czech-poster-1.jpg\" data-description=\"1938 Poster (28&quot; X 39&quot;) Above : &quot;A wonderful miracle of cinema&quot; below : &quot;The first color feature cartoon&quot; &amp; &quot;A Haase, Prague&quot;\" class=\"kb-gallery-item-link\"   role=\"button\" aria-haspopup=\"dialog\"><div class=\"kb-gal-image-radius\" style=\"max-width:723px;\"><div class=\"kb-gallery-image-contain kadence-blocks-gallery-intrinsic\" style=\"padding-bottom:141%;\"><img loading=\"lazy\" decoding=\"async\" src=\"https:\/\/snowwhitemuseum.com\/wp-content\/uploads\/2023\/05\/1938-czech-poster-1-723x1024.jpg\" width=\"723\" height=\"1024\" alt=\"\" data-full-image=\"https:\/\/snowwhitemuseum.com\/wp-content\/uploads\/2023\/05\/1938-czech-poster-1.jpg\" data-light-image=\"https:\/\/snowwhitemuseum.com\/wp-content\/uploads\/2023\/05\/1938-czech-poster-1.jpg\" data-id=\"2530\" class=\"wp-image-2530\" srcset=\"https:\/\/snowwhitemuseum.com\/wp-content\/uploads\/2023\/05\/1938-czech-poster-1-723x1024.jpg 723w, https:\/\/snowwhitemuseum.com\/wp-content\/uploads\/2023\/05\/1938-czech-poster-1-212x300.jpg 212w, https:\/\/snowwhitemuseum.com\/wp-content\/uploads\/2023\/05\/1938-czech-poster-1-768x1088.jpg 768w, https:\/\/snowwhitemuseum.com\/wp-content\/uploads\/2023\/05\/1938-czech-poster-1-8x12.jpg 8w, https:\/\/snowwhitemuseum.com\/wp-content\/uploads\/2023\/05\/1938-czech-poster-1.jpg 1000w\" sizes=\"auto, (max-width: 723px) 100vw, 723px\" \/><\/div><div class=\"kadence-blocks-gallery-item__caption\">1938 Poster (28&#8243; X 39&#8243;) Above : &#8220;A wonderful miracle of cinema&#8221; below : &#8220;The first color feature cartoon&#8221; &amp; &#8220;A Haase, Prague&#8221;<\/div><\/div><\/a><\/figure><\/div><\/li><li class=\"kadence-blocks-gallery-item\"><div class=\"kadence-blocks-gallery-item-inner\"><figure class=\"kb-gallery-figure kb-gallery-item-has-link kadence-blocks-gallery-item-has-caption\"><a href=\"https:\/\/snowwhitemuseum.com\/wp-content\/uploads\/2023\/05\/1938-czech-poster-2-scaled.jpg\" data-description=\"1938 Poster (x&quot; X x&quot;)&quot;A film? Certainly not!The unique event of this week!A unique revelation of a wondrous fairy tale!A unique indescribable beautiful experience!A unique work of art that captivated the entire world and that you wil also admire!&quot;Otto Sonnenfeld, Prague II, V\u00e1clavsk\u00e9 n\u00e1m\u011bst\u00ed 51&quot;\" class=\"kb-gallery-item-link\"   role=\"button\" aria-haspopup=\"dialog\"><div class=\"kb-gal-image-radius\" style=\"max-width:330px;\"><div class=\"kb-gallery-image-contain kadence-blocks-gallery-intrinsic\" style=\"padding-bottom:310%;\"><img loading=\"lazy\" decoding=\"async\" src=\"https:\/\/snowwhitemuseum.com\/wp-content\/uploads\/2023\/05\/1938-czech-poster-2-330x1024.jpg\" width=\"330\" height=\"1024\" alt=\"\" data-full-image=\"https:\/\/snowwhitemuseum.com\/wp-content\/uploads\/2023\/05\/1938-czech-poster-2-scaled.jpg\" data-light-image=\"https:\/\/snowwhitemuseum.com\/wp-content\/uploads\/2023\/05\/1938-czech-poster-2-scaled.jpg\" data-id=\"2525\" class=\"wp-image-2525\" srcset=\"https:\/\/snowwhitemuseum.com\/wp-content\/uploads\/2023\/05\/1938-czech-poster-2-330x1024.jpg 330w, https:\/\/snowwhitemuseum.com\/wp-content\/uploads\/2023\/05\/1938-czech-poster-2-97x300.jpg 97w, https:\/\/snowwhitemuseum.com\/wp-content\/uploads\/2023\/05\/1938-czech-poster-2-768x2385.jpg 768w, https:\/\/snowwhitemuseum.com\/wp-content\/uploads\/2023\/05\/1938-czech-poster-2-495x1536.jpg 495w, https:\/\/snowwhitemuseum.com\/wp-content\/uploads\/2023\/05\/1938-czech-poster-2-4x12.jpg 4w, https:\/\/snowwhitemuseum.com\/wp-content\/uploads\/2023\/05\/1938-czech-poster-2-scaled.jpg 824w\" sizes=\"auto, (max-width: 330px) 100vw, 330px\" \/><\/div><div class=\"kadence-blocks-gallery-item__caption\">Affiche de 1938\n\"Un film ? Certainement pas !\nL'\u00e9v\u00e9nement unique de cette semaine !\nLa r\u00e9v\u00e9lation unique d'un conte de f\u00e9es merveilleux !\nUne exp\u00e9rience unique et indescriptible !\nUne \u0153uvre d'art unique qui a captiv\u00e9 le monde entier et que vous admirerez vous aussi !\nOtto Sonnenfeld, Prague II, V\u00e1clavsk\u00e9 n\u00e1m\u011bst\u00ed 51\u2033.<\/div><\/div><\/a><\/figure><\/div><\/li><li class=\"kadence-blocks-gallery-item\"><div class=\"kadence-blocks-gallery-item-inner\"><figure class=\"kb-gallery-figure kb-gallery-item-has-link kadence-blocks-gallery-item-has-caption\"><a href=\"https:\/\/snowwhitemuseum.com\/wp-content\/uploads\/2023\/05\/1938-czech-poster-3-scaled.jpg\" data-description=\"1939 Same poster with added tag: &quot;Saturday April 22, 1939 and Sunday April 23, 1939. Both days at 2.30 et 5.30 pm, first animated Walt Disney sound feature in color and in the Czech language : Snow White and the Seven Dwarfs in Czech version.A unique work of art that you will admire as did the whole world. A film awarded the Grand Price at the Venice Bienale of 1938. Addendum: Czech language Newsreel and a comedy &quot;About Ivo and Mice&quot;, for children!Due to the wide release of this film, admission for non-school children is only 50 pennies extra.\" class=\"kb-gallery-item-link\"   role=\"button\" aria-haspopup=\"dialog\"><div class=\"kb-gal-image-radius\" style=\"max-width:295px;\"><div class=\"kb-gallery-image-contain kadence-blocks-gallery-intrinsic\" style=\"padding-bottom:347%;\"><img loading=\"lazy\" decoding=\"async\" src=\"https:\/\/snowwhitemuseum.com\/wp-content\/uploads\/2023\/05\/1938-czech-poster-3-295x1024.jpg\" width=\"295\" height=\"1024\" alt=\"\" data-full-image=\"https:\/\/snowwhitemuseum.com\/wp-content\/uploads\/2023\/05\/1938-czech-poster-3-scaled.jpg\" data-light-image=\"https:\/\/snowwhitemuseum.com\/wp-content\/uploads\/2023\/05\/1938-czech-poster-3-scaled.jpg\" data-id=\"2526\" class=\"wp-image-2526\" srcset=\"https:\/\/snowwhitemuseum.com\/wp-content\/uploads\/2023\/05\/1938-czech-poster-3-295x1024.jpg 295w, https:\/\/snowwhitemuseum.com\/wp-content\/uploads\/2023\/05\/1938-czech-poster-3-86x300.jpg 86w, https:\/\/snowwhitemuseum.com\/wp-content\/uploads\/2023\/05\/1938-czech-poster-3-768x2664.jpg 768w, https:\/\/snowwhitemuseum.com\/wp-content\/uploads\/2023\/05\/1938-czech-poster-3-443x1536.jpg 443w, https:\/\/snowwhitemuseum.com\/wp-content\/uploads\/2023\/05\/1938-czech-poster-3-590x2048.jpg 590w, https:\/\/snowwhitemuseum.com\/wp-content\/uploads\/2023\/05\/1938-czech-poster-3-scaled.jpg 738w\" sizes=\"auto, (max-width: 295px) 100vw, 295px\" \/><\/div><div class=\"kadence-blocks-gallery-item__caption\">1939 M\u00eame affiche avec ajout d'une \u00e9tiquette : \"Samedi 22 avril 1939 et dimanche 23 avril 1939. Les deux jours \u00e0 14h30 et 17h30, premier film d'animation sonore de Walt Disney en couleur et en langue tch\u00e8que : Blanche Neige et les Sept Nains en version tch\u00e8que.\nUne \u0153uvre d'art unique que vous admirerez comme le monde entier. Un film r\u00e9compens\u00e9 par le Grand Prix de la Biennale de Venise en 1938. Addendum : Des actualit\u00e9s en langue tch\u00e8que et une com\u00e9die \"\u00c0 propos d'Ivo et Mice\", pour les enfants !\nEn raison de la large diffusion de ce film, l'entr\u00e9e pour les enfants non scolaris\u00e9s n'est que de 50 pennies suppl\u00e9mentaires.<\/div><\/div><\/a><\/figure><\/div><\/li><li class=\"kadence-blocks-gallery-item\"><div class=\"kadence-blocks-gallery-item-inner\"><figure class=\"kb-gallery-figure kb-gallery-item-has-link kadence-blocks-gallery-item-has-caption\"><a href=\"https:\/\/snowwhitemuseum.com\/wp-content\/uploads\/2023\/05\/1938-czech-poster-4-scaled.jpg\" data-description=\"1939 Same poster with 2 added tags translating the original text in German.\" class=\"kb-gallery-item-link\"   role=\"button\" aria-haspopup=\"dialog\"><div class=\"kb-gal-image-radius\" style=\"max-width:330px;\"><div class=\"kb-gallery-image-contain kadence-blocks-gallery-intrinsic\" style=\"padding-bottom:310%;\"><img loading=\"lazy\" decoding=\"async\" src=\"https:\/\/snowwhitemuseum.com\/wp-content\/uploads\/2023\/05\/1938-czech-poster-4-330x1024.jpg\" width=\"330\" height=\"1024\" alt=\"\" data-full-image=\"https:\/\/snowwhitemuseum.com\/wp-content\/uploads\/2023\/05\/1938-czech-poster-4-scaled.jpg\" data-light-image=\"https:\/\/snowwhitemuseum.com\/wp-content\/uploads\/2023\/05\/1938-czech-poster-4-scaled.jpg\" data-id=\"2527\" class=\"wp-image-2527\" srcset=\"https:\/\/snowwhitemuseum.com\/wp-content\/uploads\/2023\/05\/1938-czech-poster-4-330x1024.jpg 330w, https:\/\/snowwhitemuseum.com\/wp-content\/uploads\/2023\/05\/1938-czech-poster-4-97x300.jpg 97w, https:\/\/snowwhitemuseum.com\/wp-content\/uploads\/2023\/05\/1938-czech-poster-4-768x2385.jpg 768w, https:\/\/snowwhitemuseum.com\/wp-content\/uploads\/2023\/05\/1938-czech-poster-4-495x1536.jpg 495w, https:\/\/snowwhitemuseum.com\/wp-content\/uploads\/2023\/05\/1938-czech-poster-4-4x12.jpg 4w, https:\/\/snowwhitemuseum.com\/wp-content\/uploads\/2023\/05\/1938-czech-poster-4-scaled.jpg 824w\" sizes=\"auto, (max-width: 330px) 100vw, 330px\" \/><\/div><div class=\"kadence-blocks-gallery-item__caption\">1939 M\u00eame affiche avec 2 affichettes suppl\u00e9mentaires traduisant le texte original en allemand.<\/div><\/div><\/a><\/figure><\/div><\/li><li class=\"kadence-blocks-gallery-item\"><div class=\"kadence-blocks-gallery-item-inner\"><figure class=\"kb-gallery-figure kb-gallery-item-has-link kadence-blocks-gallery-item-has-caption\"><a href=\"https:\/\/snowwhitemuseum.com\/wp-content\/uploads\/2023\/05\/19xx-czech-poster-1.jpg\" data-description=\"Undated Poster\" class=\"kb-gallery-item-link\"   role=\"button\" aria-haspopup=\"dialog\"><div class=\"kb-gal-image-radius\" style=\"max-width:703px;\"><div class=\"kb-gallery-image-contain kadence-blocks-gallery-intrinsic\" style=\"padding-bottom:145%;\"><img loading=\"lazy\" decoding=\"async\" src=\"https:\/\/snowwhitemuseum.com\/wp-content\/uploads\/2023\/05\/19xx-czech-poster-1-703x1024.jpg\" width=\"703\" height=\"1024\" alt=\"\" data-full-image=\"https:\/\/snowwhitemuseum.com\/wp-content\/uploads\/2023\/05\/19xx-czech-poster-1.jpg\" data-light-image=\"https:\/\/snowwhitemuseum.com\/wp-content\/uploads\/2023\/05\/19xx-czech-poster-1.jpg\" data-id=\"2529\" class=\"wp-image-2529\" srcset=\"https:\/\/snowwhitemuseum.com\/wp-content\/uploads\/2023\/05\/19xx-czech-poster-1-703x1024.jpg 703w, https:\/\/snowwhitemuseum.com\/wp-content\/uploads\/2023\/05\/19xx-czech-poster-1-206x300.jpg 206w, https:\/\/snowwhitemuseum.com\/wp-content\/uploads\/2023\/05\/19xx-czech-poster-1-768x1119.jpg 768w, https:\/\/snowwhitemuseum.com\/wp-content\/uploads\/2023\/05\/19xx-czech-poster-1-8x12.jpg 8w, https:\/\/snowwhitemuseum.com\/wp-content\/uploads\/2023\/05\/19xx-czech-poster-1.jpg 1000w\" sizes=\"auto, (max-width: 703px) 100vw, 703px\" \/><\/div><div class=\"kadence-blocks-gallery-item__caption\">Affiche - date inconnue<\/div><\/div><\/a><\/figure><\/div><\/li><li class=\"kadence-blocks-gallery-item\"><div class=\"kadence-blocks-gallery-item-inner\"><figure class=\"kb-gallery-figure kb-gallery-item-has-link kadence-blocks-gallery-item-has-caption\"><a href=\"https:\/\/snowwhitemuseum.com\/wp-content\/uploads\/2023\/05\/1992-czech-poster-1.jpg\" data-description=\"1992 Poster\" class=\"kb-gallery-item-link\"   role=\"button\" aria-haspopup=\"dialog\"><div class=\"kb-gal-image-radius\" style=\"max-width:721px;\"><div class=\"kb-gallery-image-contain kadence-blocks-gallery-intrinsic\" style=\"padding-bottom:142%;\"><img loading=\"lazy\" decoding=\"async\" src=\"https:\/\/snowwhitemuseum.com\/wp-content\/uploads\/2023\/05\/1992-czech-poster-1-721x1024.jpg\" width=\"721\" height=\"1024\" alt=\"\" data-full-image=\"https:\/\/snowwhitemuseum.com\/wp-content\/uploads\/2023\/05\/1992-czech-poster-1.jpg\" data-light-image=\"https:\/\/snowwhitemuseum.com\/wp-content\/uploads\/2023\/05\/1992-czech-poster-1.jpg\" data-id=\"2528\" class=\"wp-image-2528\" srcset=\"https:\/\/snowwhitemuseum.com\/wp-content\/uploads\/2023\/05\/1992-czech-poster-1-721x1024.jpg 721w, https:\/\/snowwhitemuseum.com\/wp-content\/uploads\/2023\/05\/1992-czech-poster-1-211x300.jpg 211w, https:\/\/snowwhitemuseum.com\/wp-content\/uploads\/2023\/05\/1992-czech-poster-1-768x1090.jpg 768w, https:\/\/snowwhitemuseum.com\/wp-content\/uploads\/2023\/05\/1992-czech-poster-1-1082x1536.jpg 1082w, https:\/\/snowwhitemuseum.com\/wp-content\/uploads\/2023\/05\/1992-czech-poster-1-8x12.jpg 8w, https:\/\/snowwhitemuseum.com\/wp-content\/uploads\/2023\/05\/1992-czech-poster-1.jpg 1127w\" sizes=\"auto, (max-width: 721px) 100vw, 721px\" \/><\/div><div class=\"kadence-blocks-gallery-item__caption\">1992 affiche<\/div><\/div><\/a><\/figure><\/div><\/li><\/ul><\/div>","protected":false},"excerpt":{"rendered":"<p>Retrouvez sur cette page les affiches de diff\u00e9rentes tailles utilis\u00e9es pour promouvoir le film lors de ses sorties successives en R\u00e9publique tch\u00e8que et en Tch\u00e9coslovaquie.<\/p>","protected":false},"author":1,"featured_media":2529,"parent":1775,"menu_order":0,"comment_status":"closed","ping_status":"closed","template":"","meta":{"_kadence_starter_templates_imported_post":false,"_kad_post_transparent":"","_kad_post_title":"","_kad_post_layout":"","_kad_post_sidebar_id":"","_kad_post_content_style":"","_kad_post_vertical_padding":"","_kad_post_feature":"","_kad_post_feature_position":"","_kad_post_header":false,"_kad_post_footer":false,"_kad_post_classname":"","footnotes":""},"class_list":["post-2524","page","type-page","status-publish","has-post-thumbnail","hentry"],"aioseo_notices":[],"_links":{"self":[{"href":"https:\/\/snowwhitemuseum.com\/fr\/wp-json\/wp\/v2\/pages\/2524","targetHints":{"allow":["GET"]}}],"collection":[{"href":"https:\/\/snowwhitemuseum.com\/fr\/wp-json\/wp\/v2\/pages"}],"about":[{"href":"https:\/\/snowwhitemuseum.com\/fr\/wp-json\/wp\/v2\/types\/page"}],"author":[{"embeddable":true,"href":"https:\/\/snowwhitemuseum.com\/fr\/wp-json\/wp\/v2\/users\/1"}],"replies":[{"embeddable":true,"href":"https:\/\/snowwhitemuseum.com\/fr\/wp-json\/wp\/v2\/comments?post=2524"}],"version-history":[{"count":2,"href":"https:\/\/snowwhitemuseum.com\/fr\/wp-json\/wp\/v2\/pages\/2524\/revisions"}],"predecessor-version":[{"id":11026,"href":"https:\/\/snowwhitemuseum.com\/fr\/wp-json\/wp\/v2\/pages\/2524\/revisions\/11026"}],"up":[{"embeddable":true,"href":"https:\/\/snowwhitemuseum.com\/fr\/wp-json\/wp\/v2\/pages\/1775"}],"wp:featuredmedia":[{"embeddable":true,"href":"https:\/\/snowwhitemuseum.com\/fr\/wp-json\/wp\/v2\/media\/2529"}],"wp:attachment":[{"href":"https:\/\/snowwhitemuseum.com\/fr\/wp-json\/wp\/v2\/media?parent=2524"}],"curies":[{"name":"wp","href":"https:\/\/api.w.org\/{rel}","templated":true}]}}