{"id":2662,"date":"2023-05-18T17:09:06","date_gmt":"2023-05-18T15:09:06","guid":{"rendered":"https:\/\/snowwhitemuseum.com\/?page_id=2662"},"modified":"2025-02-02T10:50:13","modified_gmt":"2025-02-02T09:50:13","slug":"american-programs","status":"publish","type":"page","link":"https:\/\/snowwhitemuseum.com\/fr\/images\/programs\/american-programs\/","title":{"rendered":"Programmes am\u00e9ricains"},"content":{"rendered":"<style>.wp-block-kadence-advancedbtn.kb-btns2662_3709cd-c5{gap:var(--global-kb-gap-xs, 0.5rem );justify-content:center;align-items:center;}.kt-btns2662_3709cd-c5 .kt-button{font-weight:normal;font-style:normal;}.kt-btns2662_3709cd-c5 .kt-btn-wrap-0{margin-right:5px;}.wp-block-kadence-advancedbtn.kt-btns2662_3709cd-c5 .kt-btn-wrap-0 .kt-button{color:#555555;border-color:#555555;}.wp-block-kadence-advancedbtn.kt-btns2662_3709cd-c5 .kt-btn-wrap-0 .kt-button:hover, .wp-block-kadence-advancedbtn.kt-btns2662_3709cd-c5 .kt-btn-wrap-0 .kt-button:focus{color:#ffffff;border-color:#444444;}.wp-block-kadence-advancedbtn.kt-btns2662_3709cd-c5 .kt-btn-wrap-0 .kt-button::before{display:none;}.wp-block-kadence-advancedbtn.kt-btns2662_3709cd-c5 .kt-btn-wrap-0 .kt-button:hover, .wp-block-kadence-advancedbtn.kt-btns2662_3709cd-c5 .kt-btn-wrap-0 .kt-button:focus{background:#444444;}<\/style>\n<div class=\"wp-block-kadence-advancedbtn kb-buttons-wrap kb-btns2662_3709cd-c5\"><style>ul.menu .wp-block-kadence-advancedbtn .kb-btn2662_0fa7f0-3d.kb-button{width:initial;}<\/style><a class=\"kb-button kt-button button kb-btn2662_0fa7f0-3d kt-btn-size-standard kt-btn-width-type-auto kb-btn-global-fill  kt-btn-has-text-true kt-btn-has-svg-false  wp-block-kadence-singlebtn\" href=\"https:\/\/snowwhitemuseum.com\/fr\/images\/programs\/\"><span class=\"kt-btn-inner-text\">Retour aux programmes<\/span><\/a><\/div>\n\n\n\n<p>Retrouvez sur cette page les programmes des cin\u00e9mas des diff\u00e9rentes villes \u00e0 travers les \u00c9tats-Unis.<\/p>\n\n\n<style>.wp-block-kadence-advancedgallery .kb-gallery-type-grid.kb-gallery-id-2662_e4627f-03{margin:-5px;}.kb-gallery-type-grid.kb-gallery-id-2662_e4627f-03 .kadence-blocks-gallery-item{padding:5px;}.kb-gallery-id-2662_e4627f-03 .kadence-blocks-gallery-item .kb-gal-image-radius, .kb-gallery-id-2662_e4627f-03 .kb-slide-item .kb-gal-image-radius img{border-radius:0px 0px 0px 0px;;}.kb-gallery-caption-style-cover-hover.kb-gallery-id-2662_e4627f-03 .kadence-blocks-gallery-item .kadence-blocks-gallery-item-inner .kadence-blocks-gallery-item__caption, .kb-gallery-caption-style-below.kb-gallery-id-2662_e4627f-03 .kadence-blocks-gallery-item .kadence-blocks-gallery-item-inner .kadence-blocks-gallery-item__caption{background:rgba(0, 0, 0, 0.8);}<\/style><div class=\"kb-gallery-wrap-id-2662_e4627f-03 alignnone wp-block-kadence-advancedgallery\" id=\"sequencesart\"><ul class=\"kb-gallery-ul kb-gallery-non-static kb-gallery-type-grid kb-gallery-id-2662_e4627f-03 kb-gallery-caption-style-below kb-gallery-filter-none\" data-image-filter=\"none\" data-item-selector=\".kadence-blocks-gallery-item\" data-lightbox-caption=\"true\" data-columns-xxl=\"5\" data-columns-xl=\"5\" data-columns-md=\"5\" data-columns-sm=\"4\" data-columns-xs=\"4\" data-columns-ss=\"3\"><li class=\"kadence-blocks-gallery-item\"><div class=\"kadence-blocks-gallery-item-inner\"><figure class=\"kb-gallery-figure kb-gallery-item-has-link kadence-blocks-gallery-item-has-caption\" style=\"max-width:551px;\"><a href=\"https:\/\/snowwhitemuseum.com\/fr\/images\/programs\/american-programs\/world-premiere-program\/\" class=\"kb-gallery-item-link\"  ><div class=\"kb-gal-image-radius\" style=\"max-width:551px;\"><div class=\"kb-gallery-image-contain kadence-blocks-gallery-intrinsic kb-gallery-image-ratio-inherit kb-has-image-ratio-inherit\" style=\"padding-bottom:129%;\"><img loading=\"lazy\" decoding=\"async\" src=\"https:\/\/snowwhitemuseum.com\/wp-content\/uploads\/2025\/02\/Snow-White-and-the-Seven-Dwarfs-world-Premiere-Program-Book-1.jpg\" width=\"551\" height=\"716\" alt=\"\" data-full-image=\"https:\/\/snowwhitemuseum.com\/wp-content\/uploads\/2025\/02\/Snow-White-and-the-Seven-Dwarfs-world-Premiere-Program-Book-1.jpg\" data-light-image=\"https:\/\/snowwhitemuseum.com\/wp-content\/uploads\/2025\/02\/Snow-White-and-the-Seven-Dwarfs-world-Premiere-Program-Book-1.jpg\" data-id=\"14053\" class=\"wp-image-14053\" srcset=\"https:\/\/snowwhitemuseum.com\/wp-content\/uploads\/2025\/02\/Snow-White-and-the-Seven-Dwarfs-world-Premiere-Program-Book-1.jpg 551w, https:\/\/snowwhitemuseum.com\/wp-content\/uploads\/2025\/02\/Snow-White-and-the-Seven-Dwarfs-world-Premiere-Program-Book-1-231x300.jpg 231w, https:\/\/snowwhitemuseum.com\/wp-content\/uploads\/2025\/02\/Snow-White-and-the-Seven-Dwarfs-world-Premiere-Program-Book-1-9x12.jpg 9w\" sizes=\"auto, (max-width: 551px) 100vw, 551px\" \/><\/div><\/div><div class=\"kadence-blocks-gallery-item__caption\">Premi\u00e8re mondiale - Cin\u00e9ma Carthay Circle<\/div><\/a><\/figure><\/div><\/li><li class=\"kadence-blocks-gallery-item\"><div class=\"kadence-blocks-gallery-item-inner\"><figure class=\"kb-gallery-figure kb-gallery-item-has-link kadence-blocks-gallery-item-has-caption\" style=\"max-width:489px;\"><a href=\"https:\/\/snowwhitemuseum.com\/fr\/images\/programs\/american-programs\/the-playgoer\/\" class=\"kb-gallery-item-link\"  ><div class=\"kb-gal-image-radius\" style=\"max-width:489px;\"><div class=\"kb-gallery-image-contain kadence-blocks-gallery-intrinsic kb-gallery-image-ratio-inherit kb-has-image-ratio-inherit\" style=\"padding-bottom:153%;\"><img loading=\"lazy\" decoding=\"async\" src=\"https:\/\/snowwhitemuseum.com\/wp-content\/uploads\/2025\/02\/Carthay-Circle-Theater-Playgoer-Program-01.jpg\" width=\"489\" height=\"753\" alt=\"\" data-full-image=\"https:\/\/snowwhitemuseum.com\/wp-content\/uploads\/2025\/02\/Carthay-Circle-Theater-Playgoer-Program-01.jpg\" data-light-image=\"https:\/\/snowwhitemuseum.com\/wp-content\/uploads\/2025\/02\/Carthay-Circle-Theater-Playgoer-Program-01.jpg\" data-id=\"14054\" class=\"wp-image-14054\" srcset=\"https:\/\/snowwhitemuseum.com\/wp-content\/uploads\/2025\/02\/Carthay-Circle-Theater-Playgoer-Program-01.jpg 489w, https:\/\/snowwhitemuseum.com\/wp-content\/uploads\/2025\/02\/Carthay-Circle-Theater-Playgoer-Program-01-195x300.jpg 195w, https:\/\/snowwhitemuseum.com\/wp-content\/uploads\/2025\/02\/Carthay-Circle-Theater-Playgoer-Program-01-8x12.jpg 8w\" sizes=\"auto, (max-width: 489px) 100vw, 489px\" \/><\/div><\/div><div class=\"kadence-blocks-gallery-item__caption\">The Playgoer - Magazine de la premi\u00e8re exclusivit\u00e9<\/div><\/a><\/figure><\/div><\/li><li class=\"kadence-blocks-gallery-item\"><div class=\"kadence-blocks-gallery-item-inner\"><figure class=\"kb-gallery-figure kb-gallery-item-has-link kadence-blocks-gallery-item-has-caption\" style=\"max-width:551px;\"><a href=\"https:\/\/snowwhitemuseum.com\/fr\/images\/programs\/american-programs\/showplace\/\" class=\"kb-gallery-item-link\"  ><div class=\"kb-gal-image-radius\" style=\"max-width:551px;\"><div class=\"kb-gallery-image-contain kadence-blocks-gallery-intrinsic kb-gallery-image-ratio-inherit kb-has-image-ratio-inherit\" style=\"padding-bottom:136%;\"><img loading=\"lazy\" decoding=\"async\" src=\"https:\/\/snowwhitemuseum.com\/wp-content\/uploads\/2023\/05\/showplace-magazine-1938-01-20-01.jpg\" width=\"551\" height=\"753\" alt=\"\" data-full-image=\"https:\/\/snowwhitemuseum.com\/wp-content\/uploads\/2023\/05\/showplace-magazine-1938-01-20-01.jpg\" data-light-image=\"https:\/\/snowwhitemuseum.com\/wp-content\/uploads\/2023\/05\/showplace-magazine-1938-01-20-01.jpg\" data-id=\"2739\" class=\"wp-image-2739\" srcset=\"https:\/\/snowwhitemuseum.com\/wp-content\/uploads\/2023\/05\/showplace-magazine-1938-01-20-01.jpg 551w, https:\/\/snowwhitemuseum.com\/wp-content\/uploads\/2023\/05\/showplace-magazine-1938-01-20-01-220x300.jpg 220w, https:\/\/snowwhitemuseum.com\/wp-content\/uploads\/2023\/05\/showplace-magazine-1938-01-20-01-9x12.jpg 9w\" sizes=\"auto, (max-width: 551px) 100vw, 551px\" \/><\/div><\/div><div class=\"kadence-blocks-gallery-item__caption\">Showplace - Magazine du Radio City Music Hall \u00e0 New York<\/div><\/a><\/figure><\/div><\/li><li class=\"kadence-blocks-gallery-item\"><div class=\"kadence-blocks-gallery-item-inner\"><figure class=\"kb-gallery-figure kb-gallery-item-has-link kadence-blocks-gallery-item-has-caption\" style=\"max-width:763px;\"><a href=\"https:\/\/snowwhitemuseum.com\/fr\/images\/programs\/american-programs\/buffalo-premiere\/\" class=\"kb-gallery-item-link\"  ><div class=\"kb-gal-image-radius\" style=\"max-width:763px;\"><div class=\"kb-gallery-image-contain kadence-blocks-gallery-intrinsic kb-gallery-image-ratio-inherit kb-has-image-ratio-inherit\" style=\"padding-bottom:134%;\"><img loading=\"lazy\" decoding=\"async\" src=\"https:\/\/snowwhitemuseum.com\/wp-content\/uploads\/2023\/05\/Buffalo-premiere-program-763x1024.jpg\" width=\"763\" height=\"1024\" alt=\"\" data-full-image=\"https:\/\/snowwhitemuseum.com\/wp-content\/uploads\/2023\/05\/Buffalo-premiere-program.jpg\" data-light-image=\"https:\/\/snowwhitemuseum.com\/wp-content\/uploads\/2023\/05\/Buffalo-premiere-program.jpg\" data-id=\"2786\" class=\"wp-image-2786\" srcset=\"https:\/\/snowwhitemuseum.com\/wp-content\/uploads\/2023\/05\/Buffalo-premiere-program-763x1024.jpg 763w, https:\/\/snowwhitemuseum.com\/wp-content\/uploads\/2023\/05\/Buffalo-premiere-program-223x300.jpg 223w, https:\/\/snowwhitemuseum.com\/wp-content\/uploads\/2023\/05\/Buffalo-premiere-program-768x1031.jpg 768w, https:\/\/snowwhitemuseum.com\/wp-content\/uploads\/2023\/05\/Buffalo-premiere-program-1144x1536.jpg 1144w, https:\/\/snowwhitemuseum.com\/wp-content\/uploads\/2023\/05\/Buffalo-premiere-program-9x12.jpg 9w, https:\/\/snowwhitemuseum.com\/wp-content\/uploads\/2023\/05\/Buffalo-premiere-program.jpg 1250w\" sizes=\"auto, (max-width: 763px) 100vw, 763px\" \/><\/div><\/div><div class=\"kadence-blocks-gallery-item__caption\">Programme de la premi\u00e8re \u00e0 Buffalo - Cin\u00e9ma Shea\u2019s Great Lakes<\/div><\/a><\/figure><\/div><\/li><\/ul><\/div>","protected":false},"excerpt":{"rendered":"<p>Retrouvez sur cette page les programmes des cin\u00e9mas des diff\u00e9rentes villes \u00e0 travers les \u00c9tats-Unis.<\/p>","protected":false},"author":1,"featured_media":40,"parent":1879,"menu_order":0,"comment_status":"closed","ping_status":"closed","template":"","meta":{"_kadence_starter_templates_imported_post":false,"_kad_post_transparent":"","_kad_post_title":"","_kad_post_layout":"","_kad_post_sidebar_id":"","_kad_post_content_style":"","_kad_post_vertical_padding":"","_kad_post_feature":"","_kad_post_feature_position":"","_kad_post_header":false,"_kad_post_footer":false,"_kad_post_classname":"","footnotes":""},"class_list":["post-2662","page","type-page","status-publish","has-post-thumbnail","hentry"],"aioseo_notices":[],"_links":{"self":[{"href":"https:\/\/snowwhitemuseum.com\/fr\/wp-json\/wp\/v2\/pages\/2662","targetHints":{"allow":["GET"]}}],"collection":[{"href":"https:\/\/snowwhitemuseum.com\/fr\/wp-json\/wp\/v2\/pages"}],"about":[{"href":"https:\/\/snowwhitemuseum.com\/fr\/wp-json\/wp\/v2\/types\/page"}],"author":[{"embeddable":true,"href":"https:\/\/snowwhitemuseum.com\/fr\/wp-json\/wp\/v2\/users\/1"}],"replies":[{"embeddable":true,"href":"https:\/\/snowwhitemuseum.com\/fr\/wp-json\/wp\/v2\/comments?post=2662"}],"version-history":[{"count":11,"href":"https:\/\/snowwhitemuseum.com\/fr\/wp-json\/wp\/v2\/pages\/2662\/revisions"}],"predecessor-version":[{"id":14055,"href":"https:\/\/snowwhitemuseum.com\/fr\/wp-json\/wp\/v2\/pages\/2662\/revisions\/14055"}],"up":[{"embeddable":true,"href":"https:\/\/snowwhitemuseum.com\/fr\/wp-json\/wp\/v2\/pages\/1879"}],"wp:featuredmedia":[{"embeddable":true,"href":"https:\/\/snowwhitemuseum.com\/fr\/wp-json\/wp\/v2\/media\/40"}],"wp:attachment":[{"href":"https:\/\/snowwhitemuseum.com\/fr\/wp-json\/wp\/v2\/media?parent=2662"}],"curies":[{"name":"wp","href":"https:\/\/api.w.org\/{rel}","templated":true}]}}