{"id":2785,"date":"2023-05-19T11:17:46","date_gmt":"2023-05-19T09:17:46","guid":{"rendered":"https:\/\/snowwhitemuseum.com\/?page_id=2785"},"modified":"2024-06-14T15:53:50","modified_gmt":"2024-06-14T13:53:50","slug":"buffalo-premiere","status":"publish","type":"page","link":"https:\/\/snowwhitemuseum.com\/fr\/images\/programs\/american-programs\/buffalo-premiere\/","title":{"rendered":"Premi\u00e8re de Buffalo"},"content":{"rendered":"<style>.wp-block-kadence-advancedbtn.kb-btns2785_3b32a1-a3{gap:var(--global-kb-gap-xs, 0.5rem );justify-content:center;align-items:center;}.kt-btns2785_3b32a1-a3 .kt-button{font-weight:normal;font-style:normal;}.kt-btns2785_3b32a1-a3 .kt-btn-wrap-0{margin-right:5px;}.wp-block-kadence-advancedbtn.kt-btns2785_3b32a1-a3 .kt-btn-wrap-0 .kt-button{color:#555555;border-color:#555555;}.wp-block-kadence-advancedbtn.kt-btns2785_3b32a1-a3 .kt-btn-wrap-0 .kt-button:hover, .wp-block-kadence-advancedbtn.kt-btns2785_3b32a1-a3 .kt-btn-wrap-0 .kt-button:focus{color:#ffffff;border-color:#444444;}.wp-block-kadence-advancedbtn.kt-btns2785_3b32a1-a3 .kt-btn-wrap-0 .kt-button::before{display:none;}.wp-block-kadence-advancedbtn.kt-btns2785_3b32a1-a3 .kt-btn-wrap-0 .kt-button:hover, .wp-block-kadence-advancedbtn.kt-btns2785_3b32a1-a3 .kt-btn-wrap-0 .kt-button:focus{background:#444444;}<\/style>\n<div class=\"wp-block-kadence-advancedbtn kb-buttons-wrap kb-btns2785_3b32a1-a3\"><style>ul.menu .wp-block-kadence-advancedbtn .kb-btn2785_3fbd01-0a.kb-button{width:initial;}<\/style><a class=\"kb-button kt-button button kb-btn2785_3fbd01-0a kt-btn-size-standard kt-btn-width-type-auto kb-btn-global-fill  kt-btn-has-text-true kt-btn-has-svg-false  wp-block-kadence-singlebtn\" href=\"https:\/\/snowwhitemuseum.com\/fr\/images\/programs\/american-programs\/\"><span class=\"kt-btn-inner-text\">Retour aux programmes am\u00e9ricains<\/span><\/a><\/div>\n\n\n<style>.kb-row-layout-id2785_d3f788-e0 > .kt-row-column-wrap{align-content:start;}:where(.kb-row-layout-id2785_d3f788-e0 > .kt-row-column-wrap) > .wp-block-kadence-column{justify-content:start;}.kb-row-layout-id2785_d3f788-e0 > .kt-row-column-wrap{column-gap:var(--global-kb-gap-md, 2rem);row-gap:var(--global-kb-gap-md, 2rem);padding-top:var(--global-kb-spacing-sm, 1.5rem);padding-bottom:var(--global-kb-spacing-sm, 1.5rem);grid-template-columns:minmax(0, 1fr) minmax(0, 2fr);}.kb-row-layout-id2785_d3f788-e0 > .kt-row-layout-overlay{opacity:0.30;}@media all and (max-width: 1024px){.kb-row-layout-id2785_d3f788-e0 > .kt-row-column-wrap{grid-template-columns:minmax(0, 1fr) minmax(0, 2fr);}}@media all and (max-width: 767px){.kb-row-layout-id2785_d3f788-e0 > .kt-row-column-wrap{grid-template-columns:minmax(0, 1fr);}}<\/style><div class=\"kb-row-layout-wrap kb-row-layout-id2785_d3f788-e0 alignnone wp-block-kadence-rowlayout\"><div class=\"kt-row-column-wrap kt-has-2-columns kt-row-layout-right-golden kt-tab-layout-inherit kt-mobile-layout-row kt-row-valign-top\">\n<style>.kadence-column2785_edf14f-b8 > .kt-inside-inner-col,.kadence-column2785_edf14f-b8 > .kt-inside-inner-col:before{border-top-left-radius:0px;border-top-right-radius:0px;border-bottom-right-radius:0px;border-bottom-left-radius:0px;}.kadence-column2785_edf14f-b8 > .kt-inside-inner-col{column-gap:var(--global-kb-gap-sm, 1rem);}.kadence-column2785_edf14f-b8 > .kt-inside-inner-col{flex-direction:column;}.kadence-column2785_edf14f-b8 > .kt-inside-inner-col > .aligncenter{width:100%;}.kadence-column2785_edf14f-b8 > .kt-inside-inner-col:before{opacity:0.3;}.kadence-column2785_edf14f-b8{position:relative;}@media all and (max-width: 1024px){.kadence-column2785_edf14f-b8 > .kt-inside-inner-col{flex-direction:column;justify-content:center;}}@media all and (max-width: 767px){.kadence-column2785_edf14f-b8 > .kt-inside-inner-col{flex-direction:column;justify-content:center;}}<\/style>\n<div class=\"wp-block-kadence-column kadence-column2785_edf14f-b8\"><div class=\"kt-inside-inner-col\">\n<figure class=\"wp-block-image size-large\"><img loading=\"lazy\" decoding=\"async\" width=\"763\" height=\"1024\" src=\"http:\/\/snowwhitemuseum.com\/wp-content\/uploads\/2023\/05\/Buffalo-premiere-program-763x1024.jpg\" alt=\"Buffalo Premiere Snow White and the Seven Dwarfs. Walt Disney's masterpiece, a full length picture in multiplane Technicolor. Shea's Great Lakes, Friday, March Fourth 1938.\" class=\"wp-image-2786\" srcset=\"https:\/\/snowwhitemuseum.com\/wp-content\/uploads\/2023\/05\/Buffalo-premiere-program-763x1024.jpg 763w, https:\/\/snowwhitemuseum.com\/wp-content\/uploads\/2023\/05\/Buffalo-premiere-program-223x300.jpg 223w, https:\/\/snowwhitemuseum.com\/wp-content\/uploads\/2023\/05\/Buffalo-premiere-program-768x1031.jpg 768w, https:\/\/snowwhitemuseum.com\/wp-content\/uploads\/2023\/05\/Buffalo-premiere-program-1144x1536.jpg 1144w, https:\/\/snowwhitemuseum.com\/wp-content\/uploads\/2023\/05\/Buffalo-premiere-program-9x12.jpg 9w, https:\/\/snowwhitemuseum.com\/wp-content\/uploads\/2023\/05\/Buffalo-premiere-program.jpg 1250w\" sizes=\"auto, (max-width: 763px) 100vw, 763px\" \/><\/figure>\n<\/div><\/div>\n\n\n<style>.kadence-column2785_d468c1-05 > .kt-inside-inner-col,.kadence-column2785_d468c1-05 > .kt-inside-inner-col:before{border-top-left-radius:0px;border-top-right-radius:0px;border-bottom-right-radius:0px;border-bottom-left-radius:0px;}.kadence-column2785_d468c1-05 > .kt-inside-inner-col{column-gap:var(--global-kb-gap-sm, 1rem);}.kadence-column2785_d468c1-05 > .kt-inside-inner-col{flex-direction:column;}.kadence-column2785_d468c1-05 > .kt-inside-inner-col > .aligncenter{width:100%;}.kadence-column2785_d468c1-05 > .kt-inside-inner-col:before{opacity:0.3;}.kadence-column2785_d468c1-05{position:relative;}@media all and (max-width: 1024px){.kadence-column2785_d468c1-05 > .kt-inside-inner-col{flex-direction:column;justify-content:center;}}@media all and (max-width: 767px){.kadence-column2785_d468c1-05 > .kt-inside-inner-col{flex-direction:column;justify-content:center;}}<\/style>\n<div class=\"wp-block-kadence-column kadence-column2785_d468c1-05\"><div class=\"kt-inside-inner-col\">\n<p>La premi\u00e8re \u00e0 Buffalo a eu lieu le vendredi 4 mars 1938 au Michael Shea's Great Lakes theater situ\u00e9 612 Main Street, Buffalo, NY 14202. Le th\u00e9\u00e2tre avait ouvert ses portes le 30 mai 1927 et ferm\u00e9 le 20 f\u00e9vrier 1965. L'auditorium a \u00e9t\u00e9 d\u00e9moli peu de temps apr\u00e8s.<\/p>\n<\/div><\/div>\n\n<\/div><\/div>","protected":false},"excerpt":{"rendered":"<p>La premi\u00e8re \u00e0 Buffalo a eu lieu le vendredi 4 mars 1938 au Michael Shea's Great Lakes theater situ\u00e9 612 Main Street, Buffalo, NY 14202. Le th\u00e9\u00e2tre avait ouvert ses portes le 30 mai 1927 et ferm\u00e9 le 20 f\u00e9vrier 1965. L'auditorium a \u00e9t\u00e9 d\u00e9moli peu de temps apr\u00e8s.<\/p>","protected":false},"author":1,"featured_media":2786,"parent":2662,"menu_order":0,"comment_status":"closed","ping_status":"closed","template":"","meta":{"_kadence_starter_templates_imported_post":false,"_kad_post_transparent":"","_kad_post_title":"","_kad_post_layout":"","_kad_post_sidebar_id":"","_kad_post_content_style":"","_kad_post_vertical_padding":"","_kad_post_feature":"","_kad_post_feature_position":"","_kad_post_header":false,"_kad_post_footer":false,"_kad_post_classname":"","footnotes":""},"class_list":["post-2785","page","type-page","status-publish","has-post-thumbnail","hentry"],"aioseo_notices":[],"_links":{"self":[{"href":"https:\/\/snowwhitemuseum.com\/fr\/wp-json\/wp\/v2\/pages\/2785","targetHints":{"allow":["GET"]}}],"collection":[{"href":"https:\/\/snowwhitemuseum.com\/fr\/wp-json\/wp\/v2\/pages"}],"about":[{"href":"https:\/\/snowwhitemuseum.com\/fr\/wp-json\/wp\/v2\/types\/page"}],"author":[{"embeddable":true,"href":"https:\/\/snowwhitemuseum.com\/fr\/wp-json\/wp\/v2\/users\/1"}],"replies":[{"embeddable":true,"href":"https:\/\/snowwhitemuseum.com\/fr\/wp-json\/wp\/v2\/comments?post=2785"}],"version-history":[{"count":2,"href":"https:\/\/snowwhitemuseum.com\/fr\/wp-json\/wp\/v2\/pages\/2785\/revisions"}],"predecessor-version":[{"id":11124,"href":"https:\/\/snowwhitemuseum.com\/fr\/wp-json\/wp\/v2\/pages\/2785\/revisions\/11124"}],"up":[{"embeddable":true,"href":"https:\/\/snowwhitemuseum.com\/fr\/wp-json\/wp\/v2\/pages\/2662"}],"wp:featuredmedia":[{"embeddable":true,"href":"https:\/\/snowwhitemuseum.com\/fr\/wp-json\/wp\/v2\/media\/2786"}],"wp:attachment":[{"href":"https:\/\/snowwhitemuseum.com\/fr\/wp-json\/wp\/v2\/media?parent=2785"}],"curies":[{"name":"wp","href":"https:\/\/api.w.org\/{rel}","templated":true}]}}