{"id":2930,"date":"2023-05-21T17:44:46","date_gmt":"2023-05-21T15:44:46","guid":{"rendered":"https:\/\/snowwhitemuseum.com\/?page_id=2930"},"modified":"2024-02-12T12:35:11","modified_gmt":"2024-02-12T11:35:11","slug":"walt-disney","status":"publish","type":"page","link":"https:\/\/snowwhitemuseum.com\/fr\/images\/production-photographs\/walt-disney\/","title":{"rendered":"Walt Disney"},"content":{"rendered":"<p>L'homme derri\u00e8re le chef-d'\u0153uvre est le producteur. C'est rarement le cas, le r\u00e9alisateur est consid\u00e9r\u00e9 comme l'artiste principal dans de nombreux cas de nos jours. Mais qui, dans le grand public, se souvient de <a href=\"https:\/\/snowwhitemuseum.com\/fr\/about-the-film\/main-titles\/david-hand\/\" title=\"David Hand\">David Hand<\/a>? Personne ne dit jamais \u00ab <em>Blanche Neige et les sept nains<\/em>, de David Hand \u00bb. Il se trouve que Walt Disney n'a jamais \u00e9t\u00e9 aussi omnipr\u00e9sent que sur la production de Blanche Neige. Chaque \u00e9tape de la production devait \u00eatre valid\u00e9e par Walt. Voici quelques photos de l'homme en studio.<\/p>\n\n\n<style>.wp-block-kadence-advancedgallery .kb-gallery-type-masonry.kb-gallery-id-2930_6c2ed9-a6{margin:-5px;}.kb-gallery-type-masonry.kb-gallery-id-2930_6c2ed9-a6 .kadence-blocks-gallery-item{padding:5px;}.kb-gallery-id-2930_6c2ed9-a6 .kadence-blocks-gallery-item .kb-gal-image-radius, .kb-gallery-id-2930_6c2ed9-a6 .kb-slide-item .kb-gal-image-radius img{border-radius:0px 0px 0px 0px;;}.kb-gallery-caption-style-bottom.kb-gallery-id-2930_6c2ed9-a6 .kadence-blocks-gallery-item .kadence-blocks-gallery-item-inner .kadence-blocks-gallery-item__caption, .kb-gallery-caption-style-bottom-hover.kb-gallery-id-2930_6c2ed9-a6 .kadence-blocks-gallery-item .kadence-blocks-gallery-item-inner .kadence-blocks-gallery-item__caption{background:linear-gradient(0deg, rgba(0, 0, 0, 0.8) 0, rgba(0, 0, 0, 0) 100%);}<\/style><div class=\"kb-gallery-wrap-id-2930_6c2ed9-a6 alignnone wp-block-kadence-advancedgallery\"><ul class=\"kb-gallery-ul kb-gallery-non-static kb-gallery-type-masonry kb-masonry-init kb-gallery-id-2930_6c2ed9-a6 kb-gallery-caption-style-bottom-hover kb-gallery-filter-none kb-gallery-magnific-init\" data-image-filter=\"none\" data-item-selector=\".kadence-blocks-gallery-item\" data-lightbox-caption=\"true\" data-columns-xxl=\"3\" data-columns-xl=\"3\" data-columns-md=\"3\" data-columns-sm=\"2\" data-columns-xs=\"1\" data-columns-ss=\"1\"><li class=\"kadence-blocks-gallery-item\"><div class=\"kadence-blocks-gallery-item-inner\"><figure class=\"kb-gallery-figure kb-gallery-item-has-link kadence-blocks-gallery-item-has-caption\"><a href=\"https:\/\/snowwhitemuseum.com\/wp-content\/uploads\/2023\/05\/walt-disney-cel.jpg\" data-description=\"Walt Disney and a cel of the dwarfs\" class=\"kb-gallery-item-link\"   role=\"button\" aria-haspopup=\"dialog\"><div class=\"kb-gal-image-radius\" style=\"max-width:797px;\"><div class=\"kb-gallery-image-contain kadence-blocks-gallery-intrinsic\" style=\"padding-bottom:128%;\"><img loading=\"lazy\" decoding=\"async\" src=\"https:\/\/snowwhitemuseum.com\/wp-content\/uploads\/2023\/05\/walt-disney-cel-797x1024.jpg\" width=\"797\" height=\"1024\" alt=\"\" data-full-image=\"https:\/\/snowwhitemuseum.com\/wp-content\/uploads\/2023\/05\/walt-disney-cel.jpg\" data-light-image=\"https:\/\/snowwhitemuseum.com\/wp-content\/uploads\/2023\/05\/walt-disney-cel.jpg\" data-id=\"2931\" class=\"wp-image-2931\" srcset=\"https:\/\/snowwhitemuseum.com\/wp-content\/uploads\/2023\/05\/walt-disney-cel-797x1024.jpg 797w, https:\/\/snowwhitemuseum.com\/wp-content\/uploads\/2023\/05\/walt-disney-cel-234x300.jpg 234w, https:\/\/snowwhitemuseum.com\/wp-content\/uploads\/2023\/05\/walt-disney-cel-768x986.jpg 768w, https:\/\/snowwhitemuseum.com\/wp-content\/uploads\/2023\/05\/walt-disney-cel-1196x1536.jpg 1196w, https:\/\/snowwhitemuseum.com\/wp-content\/uploads\/2023\/05\/walt-disney-cel-9x12.jpg 9w, https:\/\/snowwhitemuseum.com\/wp-content\/uploads\/2023\/05\/walt-disney-cel.jpg 1404w\" sizes=\"auto, (max-width: 797px) 100vw, 797px\" \/><\/div><div class=\"kadence-blocks-gallery-item__caption\">Walt Disney et un cellulo des nains<\/div><\/div><\/a><\/figure><\/div><\/li><li class=\"kadence-blocks-gallery-item\"><div class=\"kadence-blocks-gallery-item-inner\"><figure class=\"kb-gallery-figure kb-gallery-item-has-link kadence-blocks-gallery-item-has-caption\"><a href=\"https:\/\/snowwhitemuseum.com\/wp-content\/uploads\/2023\/05\/walt-disney-cel2.jpg\" data-description=\"Walt Disney and a cel of the dwarfs\" class=\"kb-gallery-item-link\"   role=\"button\" aria-haspopup=\"dialog\"><div class=\"kb-gal-image-radius\" style=\"max-width:462px;\"><div class=\"kb-gallery-image-contain kadence-blocks-gallery-intrinsic\" style=\"padding-bottom:74%;\"><img loading=\"lazy\" decoding=\"async\" src=\"https:\/\/snowwhitemuseum.com\/wp-content\/uploads\/2023\/05\/walt-disney-cel2.jpg\" width=\"462\" height=\"346\" alt=\"\" data-full-image=\"https:\/\/snowwhitemuseum.com\/wp-content\/uploads\/2023\/05\/walt-disney-cel2.jpg\" data-light-image=\"https:\/\/snowwhitemuseum.com\/wp-content\/uploads\/2023\/05\/walt-disney-cel2.jpg\" data-id=\"2938\" class=\"wp-image-2938\" srcset=\"https:\/\/snowwhitemuseum.com\/wp-content\/uploads\/2023\/05\/walt-disney-cel2.jpg 462w, https:\/\/snowwhitemuseum.com\/wp-content\/uploads\/2023\/05\/walt-disney-cel2-300x225.jpg 300w, https:\/\/snowwhitemuseum.com\/wp-content\/uploads\/2023\/05\/walt-disney-cel2-16x12.jpg 16w\" sizes=\"auto, (max-width: 462px) 100vw, 462px\" \/><\/div><div class=\"kadence-blocks-gallery-item__caption\">Walt Disney et un cellulo des nains<\/div><\/div><\/a><\/figure><\/div><\/li><li class=\"kadence-blocks-gallery-item\"><div class=\"kadence-blocks-gallery-item-inner\"><figure class=\"kb-gallery-figure kb-gallery-item-has-link kadence-blocks-gallery-item-has-caption\"><a href=\"https:\/\/snowwhitemuseum.com\/wp-content\/uploads\/2023\/05\/walt-disney-2.jpg\" data-description=\"Walt Disney and the animators\" class=\"kb-gallery-item-link\"   role=\"button\" aria-haspopup=\"dialog\"><div class=\"kb-gal-image-radius\" style=\"max-width:1024px;\"><div class=\"kb-gallery-image-contain kadence-blocks-gallery-intrinsic\" style=\"padding-bottom:75%;\"><img loading=\"lazy\" decoding=\"async\" src=\"https:\/\/snowwhitemuseum.com\/wp-content\/uploads\/2023\/05\/walt-disney-2-1024x768.jpg\" width=\"1024\" height=\"768\" alt=\"\" data-full-image=\"https:\/\/snowwhitemuseum.com\/wp-content\/uploads\/2023\/05\/walt-disney-2.jpg\" data-light-image=\"https:\/\/snowwhitemuseum.com\/wp-content\/uploads\/2023\/05\/walt-disney-2.jpg\" data-id=\"2932\" class=\"wp-image-2932\" srcset=\"https:\/\/snowwhitemuseum.com\/wp-content\/uploads\/2023\/05\/walt-disney-2-1024x768.jpg 1024w, https:\/\/snowwhitemuseum.com\/wp-content\/uploads\/2023\/05\/walt-disney-2-300x225.jpg 300w, https:\/\/snowwhitemuseum.com\/wp-content\/uploads\/2023\/05\/walt-disney-2-768x576.jpg 768w, https:\/\/snowwhitemuseum.com\/wp-content\/uploads\/2023\/05\/walt-disney-2-16x12.jpg 16w, https:\/\/snowwhitemuseum.com\/wp-content\/uploads\/2023\/05\/walt-disney-2.jpg 1440w\" sizes=\"auto, (max-width: 1024px) 100vw, 1024px\" \/><\/div><div class=\"kadence-blocks-gallery-item__caption\">Walt Disney et les animateurs<\/div><\/div><\/a><\/figure><\/div><\/li><li class=\"kadence-blocks-gallery-item\"><div class=\"kadence-blocks-gallery-item-inner\"><figure class=\"kb-gallery-figure kb-gallery-item-has-link kadence-blocks-gallery-item-has-caption\"><a href=\"https:\/\/snowwhitemuseum.com\/wp-content\/uploads\/2023\/05\/walt-disney-1.jpg\" data-description=\"Walt Disney and the animators\" class=\"kb-gallery-item-link\"   role=\"button\" aria-haspopup=\"dialog\"><div class=\"kb-gal-image-radius\" style=\"max-width:1024px;\"><div class=\"kb-gallery-image-contain kadence-blocks-gallery-intrinsic\" style=\"padding-bottom:75%;\"><img loading=\"lazy\" decoding=\"async\" src=\"https:\/\/snowwhitemuseum.com\/wp-content\/uploads\/2023\/05\/walt-disney-1-1024x768.jpg\" width=\"1024\" height=\"768\" alt=\"\" data-full-image=\"https:\/\/snowwhitemuseum.com\/wp-content\/uploads\/2023\/05\/walt-disney-1.jpg\" data-light-image=\"https:\/\/snowwhitemuseum.com\/wp-content\/uploads\/2023\/05\/walt-disney-1.jpg\" data-id=\"2933\" class=\"wp-image-2933\" srcset=\"https:\/\/snowwhitemuseum.com\/wp-content\/uploads\/2023\/05\/walt-disney-1-1024x768.jpg 1024w, https:\/\/snowwhitemuseum.com\/wp-content\/uploads\/2023\/05\/walt-disney-1-300x225.jpg 300w, https:\/\/snowwhitemuseum.com\/wp-content\/uploads\/2023\/05\/walt-disney-1-768x576.jpg 768w, https:\/\/snowwhitemuseum.com\/wp-content\/uploads\/2023\/05\/walt-disney-1-16x12.jpg 16w, https:\/\/snowwhitemuseum.com\/wp-content\/uploads\/2023\/05\/walt-disney-1.jpg 1440w\" sizes=\"auto, (max-width: 1024px) 100vw, 1024px\" \/><\/div><div class=\"kadence-blocks-gallery-item__caption\">Walt Disney et les animateurs<\/div><\/div><\/a><\/figure><\/div><\/li><li class=\"kadence-blocks-gallery-item\"><div class=\"kadence-blocks-gallery-item-inner\"><figure class=\"kb-gallery-figure kb-gallery-item-has-link kadence-blocks-gallery-item-has-caption\"><a href=\"https:\/\/snowwhitemuseum.com\/wp-content\/uploads\/2023\/05\/walt-disney-3.jpg\" data-description=\"Walt Disney and the animators\" class=\"kb-gallery-item-link\"   role=\"button\" aria-haspopup=\"dialog\"><div class=\"kb-gal-image-radius\" style=\"max-width:772px;\"><div class=\"kb-gallery-image-contain kadence-blocks-gallery-intrinsic\" style=\"padding-bottom:76%;\"><img loading=\"lazy\" decoding=\"async\" src=\"https:\/\/snowwhitemuseum.com\/wp-content\/uploads\/2023\/05\/walt-disney-3.jpg\" width=\"772\" height=\"594\" alt=\"\" data-full-image=\"https:\/\/snowwhitemuseum.com\/wp-content\/uploads\/2023\/05\/walt-disney-3.jpg\" data-light-image=\"https:\/\/snowwhitemuseum.com\/wp-content\/uploads\/2023\/05\/walt-disney-3.jpg\" data-id=\"2935\" class=\"wp-image-2935\" srcset=\"https:\/\/snowwhitemuseum.com\/wp-content\/uploads\/2023\/05\/walt-disney-3.jpg 772w, https:\/\/snowwhitemuseum.com\/wp-content\/uploads\/2023\/05\/walt-disney-3-300x231.jpg 300w, https:\/\/snowwhitemuseum.com\/wp-content\/uploads\/2023\/05\/walt-disney-3-768x591.jpg 768w, https:\/\/snowwhitemuseum.com\/wp-content\/uploads\/2023\/05\/walt-disney-3-16x12.jpg 16w\" sizes=\"auto, (max-width: 772px) 100vw, 772px\" \/><\/div><div class=\"kadence-blocks-gallery-item__caption\">Walt Disney et les animateurs<\/div><\/div><\/a><\/figure><\/div><\/li><li class=\"kadence-blocks-gallery-item\"><div class=\"kadence-blocks-gallery-item-inner\"><figure class=\"kb-gallery-figure kb-gallery-item-has-link kadence-blocks-gallery-item-has-caption\"><a href=\"https:\/\/snowwhitemuseum.com\/wp-content\/uploads\/2023\/05\/walt-disney-4.jpg\" data-description=\"Walt Disney and the storyboard\" class=\"kb-gallery-item-link\"   role=\"button\" aria-haspopup=\"dialog\"><div class=\"kb-gal-image-radius\" style=\"max-width:479px;\"><div class=\"kb-gallery-image-contain kadence-blocks-gallery-intrinsic\" style=\"padding-bottom:68%;\"><img loading=\"lazy\" decoding=\"async\" src=\"https:\/\/snowwhitemuseum.com\/wp-content\/uploads\/2023\/05\/walt-disney-4.jpg\" width=\"479\" height=\"327\" alt=\"\" data-full-image=\"https:\/\/snowwhitemuseum.com\/wp-content\/uploads\/2023\/05\/walt-disney-4.jpg\" data-light-image=\"https:\/\/snowwhitemuseum.com\/wp-content\/uploads\/2023\/05\/walt-disney-4.jpg\" data-id=\"2936\" class=\"wp-image-2936\" srcset=\"https:\/\/snowwhitemuseum.com\/wp-content\/uploads\/2023\/05\/walt-disney-4.jpg 479w, https:\/\/snowwhitemuseum.com\/wp-content\/uploads\/2023\/05\/walt-disney-4-300x205.jpg 300w, https:\/\/snowwhitemuseum.com\/wp-content\/uploads\/2023\/05\/walt-disney-4-18x12.jpg 18w\" sizes=\"auto, (max-width: 479px) 100vw, 479px\" \/><\/div><div class=\"kadence-blocks-gallery-item__caption\">Walt Disney et le storyboard<\/div><\/div><\/a><\/figure><\/div><\/li><li class=\"kadence-blocks-gallery-item\"><div class=\"kadence-blocks-gallery-item-inner\"><figure class=\"kb-gallery-figure kb-gallery-item-has-link kadence-blocks-gallery-item-has-caption\"><a href=\"https:\/\/snowwhitemuseum.com\/wp-content\/uploads\/2023\/05\/disney-and-Ham-luske.jpg\" data-description=\"Walt Disney &amp; Hamilton Luske\" class=\"kb-gallery-item-link\"   role=\"button\" aria-haspopup=\"dialog\"><div class=\"kb-gal-image-radius\" style=\"max-width:1024px;\"><div class=\"kb-gallery-image-contain kadence-blocks-gallery-intrinsic\" style=\"padding-bottom:67%;\"><img loading=\"lazy\" decoding=\"async\" src=\"https:\/\/snowwhitemuseum.com\/wp-content\/uploads\/2023\/05\/disney-and-Ham-luske-1024x693.jpg\" width=\"1024\" height=\"693\" alt=\"\" data-full-image=\"https:\/\/snowwhitemuseum.com\/wp-content\/uploads\/2023\/05\/disney-and-Ham-luske.jpg\" data-light-image=\"https:\/\/snowwhitemuseum.com\/wp-content\/uploads\/2023\/05\/disney-and-Ham-luske.jpg\" data-id=\"2934\" class=\"wp-image-2934\" srcset=\"https:\/\/snowwhitemuseum.com\/wp-content\/uploads\/2023\/05\/disney-and-Ham-luske-1024x693.jpg 1024w, https:\/\/snowwhitemuseum.com\/wp-content\/uploads\/2023\/05\/disney-and-Ham-luske-300x203.jpg 300w, https:\/\/snowwhitemuseum.com\/wp-content\/uploads\/2023\/05\/disney-and-Ham-luske-768x519.jpg 768w, https:\/\/snowwhitemuseum.com\/wp-content\/uploads\/2023\/05\/disney-and-Ham-luske-18x12.jpg 18w, https:\/\/snowwhitemuseum.com\/wp-content\/uploads\/2023\/05\/disney-and-Ham-luske.jpg 1440w\" sizes=\"auto, (max-width: 1024px) 100vw, 1024px\" \/><\/div><div class=\"kadence-blocks-gallery-item__caption\">Walt Disney &amp; Hamilton Luske<\/div><\/div><\/a><\/figure><\/div><\/li><li class=\"kadence-blocks-gallery-item\"><div class=\"kadence-blocks-gallery-item-inner\"><figure class=\"kb-gallery-figure kb-gallery-item-has-link kadence-blocks-gallery-item-has-caption\"><a href=\"https:\/\/snowwhitemuseum.com\/wp-content\/uploads\/2023\/05\/walt-disney-5.jpg\" data-description=\"Walt Disney\" class=\"kb-gallery-item-link\"   role=\"button\" aria-haspopup=\"dialog\"><div class=\"kb-gal-image-radius\" style=\"max-width:480px;\"><div class=\"kb-gallery-image-contain kadence-blocks-gallery-intrinsic\" style=\"padding-bottom:123%;\"><img loading=\"lazy\" decoding=\"async\" src=\"https:\/\/snowwhitemuseum.com\/wp-content\/uploads\/2023\/05\/walt-disney-5.jpg\" width=\"480\" height=\"594\" alt=\"\" data-full-image=\"https:\/\/snowwhitemuseum.com\/wp-content\/uploads\/2023\/05\/walt-disney-5.jpg\" data-light-image=\"https:\/\/snowwhitemuseum.com\/wp-content\/uploads\/2023\/05\/walt-disney-5.jpg\" data-id=\"2937\" class=\"wp-image-2937\" srcset=\"https:\/\/snowwhitemuseum.com\/wp-content\/uploads\/2023\/05\/walt-disney-5.jpg 480w, https:\/\/snowwhitemuseum.com\/wp-content\/uploads\/2023\/05\/walt-disney-5-242x300.jpg 242w, https:\/\/snowwhitemuseum.com\/wp-content\/uploads\/2023\/05\/walt-disney-5-10x12.jpg 10w\" sizes=\"auto, (max-width: 480px) 100vw, 480px\" \/><\/div><div class=\"kadence-blocks-gallery-item__caption\">Walt Disney<\/div><\/div><\/a><\/figure><\/div><\/li><li class=\"kadence-blocks-gallery-item\"><div class=\"kadence-blocks-gallery-item-inner\"><figure class=\"kb-gallery-figure kb-gallery-item-has-link kadence-blocks-gallery-item-has-caption\"><a href=\"https:\/\/snowwhitemuseum.com\/wp-content\/uploads\/2023\/05\/walt-disney-seiberling.jpg\" data-description=\"Walt Disney and the Seiberling figurines\" class=\"kb-gallery-item-link\"   role=\"button\" aria-haspopup=\"dialog\"><div class=\"kb-gal-image-radius\" style=\"max-width:996px;\"><div class=\"kb-gallery-image-contain kadence-blocks-gallery-intrinsic\" style=\"padding-bottom:80%;\"><img loading=\"lazy\" decoding=\"async\" src=\"https:\/\/snowwhitemuseum.com\/wp-content\/uploads\/2023\/05\/walt-disney-seiberling.jpg\" width=\"996\" height=\"805\" alt=\"\" data-full-image=\"https:\/\/snowwhitemuseum.com\/wp-content\/uploads\/2023\/05\/walt-disney-seiberling.jpg\" data-light-image=\"https:\/\/snowwhitemuseum.com\/wp-content\/uploads\/2023\/05\/walt-disney-seiberling.jpg\" data-id=\"2939\" class=\"wp-image-2939\" srcset=\"https:\/\/snowwhitemuseum.com\/wp-content\/uploads\/2023\/05\/walt-disney-seiberling.jpg 996w, https:\/\/snowwhitemuseum.com\/wp-content\/uploads\/2023\/05\/walt-disney-seiberling-300x242.jpg 300w, https:\/\/snowwhitemuseum.com\/wp-content\/uploads\/2023\/05\/walt-disney-seiberling-768x621.jpg 768w, https:\/\/snowwhitemuseum.com\/wp-content\/uploads\/2023\/05\/walt-disney-seiberling-15x12.jpg 15w\" sizes=\"auto, (max-width: 996px) 100vw, 996px\" \/><\/div><div class=\"kadence-blocks-gallery-item__caption\">Walt Disney et les figurines Seiberling<\/div><\/div><\/a><\/figure><\/div><\/li><li class=\"kadence-blocks-gallery-item\"><div class=\"kadence-blocks-gallery-item-inner\"><figure class=\"kb-gallery-figure kb-gallery-item-has-link kadence-blocks-gallery-item-has-caption\"><a href=\"http:\/\/snowwhitemuseum.com\/wp-content\/uploads\/2023\/05\/walt-disney-story-conference.jpg\" data-description=\"Walt Disney in a story conference\" class=\"kb-gallery-item-link\"   role=\"button\" aria-haspopup=\"dialog\"><div class=\"kb-gal-image-radius\" style=\"max-width:400px;\"><div class=\"kb-gallery-image-contain kadence-blocks-gallery-intrinsic\" style=\"padding-bottom:76%;\"><img loading=\"lazy\" decoding=\"async\" src=\"http:\/\/snowwhitemuseum.com\/wp-content\/uploads\/2023\/05\/walt-disney-story-conference.jpg\" width=\"400\" height=\"307\" alt=\"\" data-full-image=\"http:\/\/snowwhitemuseum.com\/wp-content\/uploads\/2023\/05\/walt-disney-story-conference.jpg\" data-light-image=\"http:\/\/snowwhitemuseum.com\/wp-content\/uploads\/2023\/05\/walt-disney-story-conference.jpg\" data-id=\"2970\" class=\"wp-image-2970\" srcset=\"https:\/\/snowwhitemuseum.com\/wp-content\/uploads\/2023\/05\/walt-disney-story-conference.jpg 400w, https:\/\/snowwhitemuseum.com\/wp-content\/uploads\/2023\/05\/walt-disney-story-conference-300x230.jpg 300w, https:\/\/snowwhitemuseum.com\/wp-content\/uploads\/2023\/05\/walt-disney-story-conference-16x12.jpg 16w\" sizes=\"auto, (max-width: 400px) 100vw, 400px\" \/><\/div><div class=\"kadence-blocks-gallery-item__caption\">Walt Disney dans une r\u00e9union de travail<\/div><\/div><\/a><\/figure><\/div><\/li><\/ul><\/div>","protected":false},"excerpt":{"rendered":"<p>The man behind the masterpiece is the producer. It seldom is the case, the director is considered the main artist in many cases nowadays. But who in the general public remembers David Hand? Nobody ever says &#8220;David Hand&#8217;s Snow White and the Seven Dwarfs&#8220;. It just so happens that Walt Disney was never so omnipresent&#8230;<\/p>","protected":false},"author":1,"featured_media":2938,"parent":1887,"menu_order":0,"comment_status":"closed","ping_status":"closed","template":"","meta":{"_kadence_starter_templates_imported_post":false,"_kad_post_transparent":"","_kad_post_title":"","_kad_post_layout":"","_kad_post_sidebar_id":"","_kad_post_content_style":"","_kad_post_vertical_padding":"","_kad_post_feature":"","_kad_post_feature_position":"","_kad_post_header":false,"_kad_post_footer":false,"_kad_post_classname":"","footnotes":""},"class_list":["post-2930","page","type-page","status-publish","has-post-thumbnail","hentry"],"aioseo_notices":[],"_links":{"self":[{"href":"https:\/\/snowwhitemuseum.com\/fr\/wp-json\/wp\/v2\/pages\/2930","targetHints":{"allow":["GET"]}}],"collection":[{"href":"https:\/\/snowwhitemuseum.com\/fr\/wp-json\/wp\/v2\/pages"}],"about":[{"href":"https:\/\/snowwhitemuseum.com\/fr\/wp-json\/wp\/v2\/types\/page"}],"author":[{"embeddable":true,"href":"https:\/\/snowwhitemuseum.com\/fr\/wp-json\/wp\/v2\/users\/1"}],"replies":[{"embeddable":true,"href":"https:\/\/snowwhitemuseum.com\/fr\/wp-json\/wp\/v2\/comments?post=2930"}],"version-history":[{"count":4,"href":"https:\/\/snowwhitemuseum.com\/fr\/wp-json\/wp\/v2\/pages\/2930\/revisions"}],"predecessor-version":[{"id":9147,"href":"https:\/\/snowwhitemuseum.com\/fr\/wp-json\/wp\/v2\/pages\/2930\/revisions\/9147"}],"up":[{"embeddable":true,"href":"https:\/\/snowwhitemuseum.com\/fr\/wp-json\/wp\/v2\/pages\/1887"}],"wp:featuredmedia":[{"embeddable":true,"href":"https:\/\/snowwhitemuseum.com\/fr\/wp-json\/wp\/v2\/media\/2938"}],"wp:attachment":[{"href":"https:\/\/snowwhitemuseum.com\/fr\/wp-json\/wp\/v2\/media?parent=2930"}],"curies":[{"name":"wp","href":"https:\/\/api.w.org\/{rel}","templated":true}]}}